{"id":11762,"date":"2025-04-07T03:38:14","date_gmt":"2025-04-07T03:38:14","guid":{"rendered":"https:\/\/solidscontrolworld.com\/?page_id=11762"},"modified":"2025-06-18T04:45:18","modified_gmt":"2025-06-18T04:45:18","slug":"tanque","status":"publish","type":"page","link":"https:\/\/solidscontrolworld.com\/es\/tanque\/","title":{"rendered":"Tanque"},"content":{"rendered":"<div data-elementor-type=\"wp-page\" data-elementor-id=\"11762\" class=\"elementor elementor-11762\">\n\t\t\t\t\t\t<section class=\"elementor-section elementor-top-section elementor-element elementor-element-d0e4e9b elementor-section-boxed elementor-section-height-default elementor-section-height-default\" data-id=\"d0e4e9b\" data-element_type=\"section\">\n\t\t\t\t\t\t<div class=\"elementor-container elementor-column-gap-default\">\n\t\t\t\t\t<div class=\"elementor-column elementor-col-100 elementor-top-column elementor-element elementor-element-bf85022\" data-id=\"bf85022\" data-element_type=\"column\">\n\t\t\t<div class=\"elementor-widget-wrap elementor-element-populated\">\n\t\t\t\t\t\t<div class=\"elementor-element elementor-element-620256b elementor-widget elementor-widget-heading\" data-id=\"620256b\" data-element_type=\"widget\" data-widget_type=\"heading.default\">\n\t\t\t\t<div class=\"elementor-widget-container\">\n\t\t\t\t\t<h1 class=\"elementor-heading-title elementor-size-default\">Tanque<\/h1>\t\t\t\t<\/div>\n\t\t\t\t<\/div>\n\t\t\t\t\t<\/div>\n\t\t<\/div>\n\t\t\t\t\t<\/div>\n\t\t<\/section>\n\t\t\t\t<section class=\"elementor-section elementor-top-section elementor-element elementor-element-6f82d25 elementor-section-boxed elementor-section-height-default elementor-section-height-default\" data-id=\"6f82d25\" data-element_type=\"section\">\n\t\t\t\t\t\t<div class=\"elementor-container elementor-column-gap-default\">\n\t\t\t\t\t<div class=\"elementor-column elementor-col-25 elementor-top-column elementor-element elementor-element-9b8b41a\" data-id=\"9b8b41a\" data-element_type=\"column\">\n\t\t\t<div class=\"elementor-widget-wrap elementor-element-populated\">\n\t\t\t\t\t\t<div class=\"elementor-element elementor-element-c6fe246 elementor-widget elementor-widget-image\" data-id=\"c6fe246\" data-element_type=\"widget\" data-widget_type=\"image.default\">\n\t\t\t\t<div class=\"elementor-widget-container\">\n\t\t\t\t\t\t\t\t\t\t\t\t\t\t\t\t<a href=\"https:\/\/solidscontrolworld.com\/es\/tanque-de-lodo\/\">\n\t\t\t\t\t\t\t<img fetchpriority=\"high\" decoding=\"async\" width=\"1024\" height=\"614\" src=\"https:\/\/solidscontrolworld.com\/wp-content\/uploads\/2025\/02\/Mud-Tank4.png\" class=\"attachment-large size-large wp-image-11620\" alt=\"\" srcset=\"https:\/\/solidscontrolworld.com\/wp-content\/uploads\/2025\/02\/Mud-Tank4.png 1024w, https:\/\/solidscontrolworld.com\/wp-content\/uploads\/2025\/02\/Mud-Tank4-300x180.png 300w, https:\/\/solidscontrolworld.com\/wp-content\/uploads\/2025\/02\/Mud-Tank4-768x461.png 768w, https:\/\/solidscontrolworld.com\/wp-content\/uploads\/2025\/02\/Mud-Tank4-600x360.png 600w\" sizes=\"(max-width: 1024px) 100vw, 1024px\" \/>\t\t\t\t\t\t\t\t<\/a>\n\t\t\t\t\t\t\t\t\t\t\t\t\t\t\t<\/div>\n\t\t\t\t<\/div>\n\t\t\t\t<div class=\"elementor-element elementor-element-6770807 elementor-widget elementor-widget-heading\" data-id=\"6770807\" data-element_type=\"widget\" data-widget_type=\"heading.default\">\n\t\t\t\t<div class=\"elementor-widget-container\">\n\t\t\t\t\t<h5 class=\"elementor-heading-title elementor-size-default\">Tanque de lodo<\/h5>\t\t\t\t<\/div>\n\t\t\t\t<\/div>\n\t\t\t\t<div class=\"elementor-element elementor-element-6a7bd19 elementor-align-center elementor-widget elementor-widget-button\" data-id=\"6a7bd19\" data-element_type=\"widget\" data-widget_type=\"button.default\">\n\t\t\t\t<div class=\"elementor-widget-container\">\n\t\t\t\t\t\t\t\t\t<div class=\"elementor-button-wrapper\">\n\t\t\t\t\t<a class=\"elementor-button elementor-button-link elementor-size-sm\" href=\"https:\/\/solidscontrolworld.com\/es\/tanque-de-lodo\/\">\n\t\t\t\t\t\t<span class=\"elementor-button-content-wrapper\">\n\t\t\t\t\t\t\t\t\t<span class=\"elementor-button-text\">Leer m\u00e1s<\/span>\n\t\t\t\t\t<\/span>\n\t\t\t\t\t<\/a>\n\t\t\t\t<\/div>\n\t\t\t\t\t\t\t\t<\/div>\n\t\t\t\t<\/div>\n\t\t\t\t\t<\/div>\n\t\t<\/div>\n\t\t\t\t<div class=\"elementor-column elementor-col-25 elementor-top-column elementor-element elementor-element-05f15c1\" data-id=\"05f15c1\" data-element_type=\"column\">\n\t\t\t<div class=\"elementor-widget-wrap elementor-element-populated\">\n\t\t\t\t\t\t<div class=\"elementor-element elementor-element-d2ab6f7 elementor-widget elementor-widget-image\" data-id=\"d2ab6f7\" data-element_type=\"widget\" data-widget_type=\"image.default\">\n\t\t\t\t<div class=\"elementor-widget-container\">\n\t\t\t\t\t\t\t\t\t\t\t\t\t\t\t\t<a href=\"https:\/\/solidscontrolworld.com\/es\/tanque-de-agua-industrial\/\">\n\t\t\t\t\t\t\t<img decoding=\"async\" width=\"770\" height=\"470\" src=\"https:\/\/solidscontrolworld.com\/wp-content\/uploads\/2025\/04\/industrial-water-tank-3-770x470.png\" class=\"attachment-kriate-post-detail size-kriate-post-detail wp-image-11769\" alt=\"\" \/>\t\t\t\t\t\t\t\t<\/a>\n\t\t\t\t\t\t\t\t\t\t\t\t\t\t\t<\/div>\n\t\t\t\t<\/div>\n\t\t\t\t<div class=\"elementor-element elementor-element-356b17c elementor-widget elementor-widget-heading\" data-id=\"356b17c\" data-element_type=\"widget\" data-widget_type=\"heading.default\">\n\t\t\t\t<div class=\"elementor-widget-container\">\n\t\t\t\t\t<h5 class=\"elementor-heading-title elementor-size-default\">Tanque de agua industrial<\/h5>\t\t\t\t<\/div>\n\t\t\t\t<\/div>\n\t\t\t\t<div class=\"elementor-element elementor-element-5ae5a77 elementor-align-center elementor-widget elementor-widget-button\" data-id=\"5ae5a77\" data-element_type=\"widget\" data-widget_type=\"button.default\">\n\t\t\t\t<div class=\"elementor-widget-container\">\n\t\t\t\t\t\t\t\t\t<div class=\"elementor-button-wrapper\">\n\t\t\t\t\t<a class=\"elementor-button elementor-button-link elementor-size-sm\" href=\"https:\/\/solidscontrolworld.com\/es\/tanque-de-agua-industrial\/\">\n\t\t\t\t\t\t<span class=\"elementor-button-content-wrapper\">\n\t\t\t\t\t\t\t\t\t<span class=\"elementor-button-text\">Leer m\u00e1s<\/span>\n\t\t\t\t\t<\/span>\n\t\t\t\t\t<\/a>\n\t\t\t\t<\/div>\n\t\t\t\t\t\t\t\t<\/div>\n\t\t\t\t<\/div>\n\t\t\t\t\t<\/div>\n\t\t<\/div>\n\t\t\t\t<div class=\"elementor-column elementor-col-25 elementor-top-column elementor-element elementor-element-da13cb6\" data-id=\"da13cb6\" data-element_type=\"column\">\n\t\t\t<div class=\"elementor-widget-wrap elementor-element-populated\">\n\t\t\t\t\t\t<div class=\"elementor-element elementor-element-92b9e22 elementor-widget elementor-widget-image\" data-id=\"92b9e22\" data-element_type=\"widget\" data-widget_type=\"image.default\">\n\t\t\t\t<div class=\"elementor-widget-container\">\n\t\t\t\t\t\t\t\t\t\t\t\t\t\t\t\t<a href=\"https:\/\/solidscontrolworld.com\/es\/tanque-de-salmuera\/\">\n\t\t\t\t\t\t\t<img decoding=\"async\" width=\"800\" height=\"500\" src=\"https:\/\/solidscontrolworld.com\/wp-content\/uploads\/2025\/04\/Brine-Tanks.png\" class=\"attachment-large size-large wp-image-11770\" alt=\"\" srcset=\"https:\/\/solidscontrolworld.com\/wp-content\/uploads\/2025\/04\/Brine-Tanks.png 800w, https:\/\/solidscontrolworld.com\/wp-content\/uploads\/2025\/04\/Brine-Tanks-300x188.png 300w, https:\/\/solidscontrolworld.com\/wp-content\/uploads\/2025\/04\/Brine-Tanks-768x480.png 768w, https:\/\/solidscontrolworld.com\/wp-content\/uploads\/2025\/04\/Brine-Tanks-600x375.png 600w\" sizes=\"(max-width: 800px) 100vw, 800px\" \/>\t\t\t\t\t\t\t\t<\/a>\n\t\t\t\t\t\t\t\t\t\t\t\t\t\t\t<\/div>\n\t\t\t\t<\/div>\n\t\t\t\t<div class=\"elementor-element elementor-element-0a13fc8 elementor-widget elementor-widget-heading\" data-id=\"0a13fc8\" data-element_type=\"widget\" data-widget_type=\"heading.default\">\n\t\t\t\t<div class=\"elementor-widget-container\">\n\t\t\t\t\t<h5 class=\"elementor-heading-title elementor-size-default\">Tanque de salmuera<\/h5>\t\t\t\t<\/div>\n\t\t\t\t<\/div>\n\t\t\t\t<div class=\"elementor-element elementor-element-0263af3 elementor-align-center elementor-widget elementor-widget-button\" data-id=\"0263af3\" data-element_type=\"widget\" data-widget_type=\"button.default\">\n\t\t\t\t<div class=\"elementor-widget-container\">\n\t\t\t\t\t\t\t\t\t<div class=\"elementor-button-wrapper\">\n\t\t\t\t\t<a class=\"elementor-button elementor-button-link elementor-size-sm\" href=\"https:\/\/solidscontrolworld.com\/es\/tanque-de-salmuera\/\">\n\t\t\t\t\t\t<span class=\"elementor-button-content-wrapper\">\n\t\t\t\t\t\t\t\t\t<span class=\"elementor-button-text\">Leer m\u00e1s<\/span>\n\t\t\t\t\t<\/span>\n\t\t\t\t\t<\/a>\n\t\t\t\t<\/div>\n\t\t\t\t\t\t\t\t<\/div>\n\t\t\t\t<\/div>\n\t\t\t\t\t<\/div>\n\t\t<\/div>\n\t\t\t\t<div class=\"elementor-column elementor-col-25 elementor-top-column elementor-element elementor-element-09300c0\" data-id=\"09300c0\" data-element_type=\"column\">\n\t\t\t<div class=\"elementor-widget-wrap elementor-element-populated\">\n\t\t\t\t\t\t<div class=\"elementor-element elementor-element-303d667 elementor-widget elementor-widget-image\" data-id=\"303d667\" data-element_type=\"widget\" data-widget_type=\"image.default\">\n\t\t\t\t<div class=\"elementor-widget-container\">\n\t\t\t\t\t\t\t\t\t\t\t\t\t\t\t\t<a href=\"https:\/\/solidscontrolworld.com\/es\/tanque-de-heno\/\">\n\t\t\t\t\t\t\t<img loading=\"lazy\" decoding=\"async\" width=\"768\" height=\"674\" src=\"https:\/\/solidscontrolworld.com\/wp-content\/uploads\/2025\/04\/\u9ad8\u67b6\u7f502-768x674.png\" class=\"attachment-medium_large size-medium_large wp-image-11833\" alt=\"\" srcset=\"https:\/\/solidscontrolworld.com\/wp-content\/uploads\/2025\/04\/\u9ad8\u67b6\u7f502-768x674.png 768w, https:\/\/solidscontrolworld.com\/wp-content\/uploads\/2025\/04\/\u9ad8\u67b6\u7f502-300x263.png 300w, https:\/\/solidscontrolworld.com\/wp-content\/uploads\/2025\/04\/\u9ad8\u67b6\u7f502-600x527.png 600w, https:\/\/solidscontrolworld.com\/wp-content\/uploads\/2025\/04\/\u9ad8\u67b6\u7f502.png 900w\" sizes=\"(max-width: 768px) 100vw, 768px\" \/>\t\t\t\t\t\t\t\t<\/a>\n\t\t\t\t\t\t\t\t\t\t\t\t\t\t\t<\/div>\n\t\t\t\t<\/div>\n\t\t\t\t<div class=\"elementor-element elementor-element-4c773ee elementor-widget elementor-widget-heading\" data-id=\"4c773ee\" data-element_type=\"widget\" data-widget_type=\"heading.default\">\n\t\t\t\t<div class=\"elementor-widget-container\">\n\t\t\t\t\t<h5 class=\"elementor-heading-title elementor-size-default\">Tanque de heno <\/h5>\t\t\t\t<\/div>\n\t\t\t\t<\/div>\n\t\t\t\t<div class=\"elementor-element elementor-element-f831a30 elementor-align-center elementor-widget elementor-widget-button\" data-id=\"f831a30\" data-element_type=\"widget\" data-widget_type=\"button.default\">\n\t\t\t\t<div class=\"elementor-widget-container\">\n\t\t\t\t\t\t\t\t\t<div class=\"elementor-button-wrapper\">\n\t\t\t\t\t<a class=\"elementor-button elementor-button-link elementor-size-sm\" href=\"https:\/\/solidscontrolworld.com\/es\/tanque-de-heno\/\">\n\t\t\t\t\t\t<span class=\"elementor-button-content-wrapper\">\n\t\t\t\t\t\t\t\t\t<span class=\"elementor-button-text\">Leer m\u00e1s<\/span>\n\t\t\t\t\t<\/span>\n\t\t\t\t\t<\/a>\n\t\t\t\t<\/div>\n\t\t\t\t\t\t\t\t<\/div>\n\t\t\t\t<\/div>\n\t\t\t\t\t<\/div>\n\t\t<\/div>\n\t\t\t\t\t<\/div>\n\t\t<\/section>\n\t\t\t\t<section class=\"elementor-section elementor-top-section elementor-element elementor-element-4919724 elementor-section-boxed elementor-section-height-default elementor-section-height-default\" data-id=\"4919724\" data-element_type=\"section\">\n\t\t\t\t\t\t<div class=\"elementor-container elementor-column-gap-default\">\n\t\t\t\t\t<div class=\"elementor-column elementor-col-25 elementor-top-column elementor-element elementor-element-670e78b\" data-id=\"670e78b\" data-element_type=\"column\">\n\t\t\t<div class=\"elementor-widget-wrap elementor-element-populated\">\n\t\t\t\t\t\t<div class=\"elementor-element elementor-element-e8e3e38 elementor-widget elementor-widget-image\" data-id=\"e8e3e38\" data-element_type=\"widget\" data-widget_type=\"image.default\">\n\t\t\t\t<div class=\"elementor-widget-container\">\n\t\t\t\t\t\t\t\t\t\t\t\t\t\t\t\t<a href=\"https:\/\/solidscontrolworld.com\/es\/tanque-de-diesel\/\">\n\t\t\t\t\t\t\t<img loading=\"lazy\" decoding=\"async\" width=\"640\" height=\"442\" src=\"https:\/\/solidscontrolworld.com\/wp-content\/uploads\/2025\/04\/\u67f4\u6cb9\u7f502-1.png\" class=\"attachment-medium_large size-medium_large wp-image-11778\" alt=\"\" srcset=\"https:\/\/solidscontrolworld.com\/wp-content\/uploads\/2025\/04\/\u67f4\u6cb9\u7f502-1.png 640w, https:\/\/solidscontrolworld.com\/wp-content\/uploads\/2025\/04\/\u67f4\u6cb9\u7f502-1-300x207.png 300w, https:\/\/solidscontrolworld.com\/wp-content\/uploads\/2025\/04\/\u67f4\u6cb9\u7f502-1-600x414.png 600w\" sizes=\"(max-width: 640px) 100vw, 640px\" \/>\t\t\t\t\t\t\t\t<\/a>\n\t\t\t\t\t\t\t\t\t\t\t\t\t\t\t<\/div>\n\t\t\t\t<\/div>\n\t\t\t\t<div class=\"elementor-element elementor-element-f902fee elementor-widget elementor-widget-heading\" data-id=\"f902fee\" data-element_type=\"widget\" data-widget_type=\"heading.default\">\n\t\t\t\t<div class=\"elementor-widget-container\">\n\t\t\t\t\t<h5 class=\"elementor-heading-title elementor-size-default\">Tanque de di\u00e9sel<\/h5>\t\t\t\t<\/div>\n\t\t\t\t<\/div>\n\t\t\t\t<div class=\"elementor-element elementor-element-c933fdb elementor-align-center elementor-widget elementor-widget-button\" data-id=\"c933fdb\" data-element_type=\"widget\" data-widget_type=\"button.default\">\n\t\t\t\t<div class=\"elementor-widget-container\">\n\t\t\t\t\t\t\t\t\t<div class=\"elementor-button-wrapper\">\n\t\t\t\t\t<a class=\"elementor-button elementor-button-link elementor-size-sm\" href=\"https:\/\/solidscontrolworld.com\/es\/tanque-de-diesel\/\">\n\t\t\t\t\t\t<span class=\"elementor-button-content-wrapper\">\n\t\t\t\t\t\t\t\t\t<span class=\"elementor-button-text\">Leer m\u00e1s<\/span>\n\t\t\t\t\t<\/span>\n\t\t\t\t\t<\/a>\n\t\t\t\t<\/div>\n\t\t\t\t\t\t\t\t<\/div>\n\t\t\t\t<\/div>\n\t\t\t\t\t<\/div>\n\t\t<\/div>\n\t\t\t\t<div class=\"elementor-column elementor-col-25 elementor-top-column elementor-element elementor-element-874cb36\" data-id=\"874cb36\" data-element_type=\"column\">\n\t\t\t<div class=\"elementor-widget-wrap elementor-element-populated\">\n\t\t\t\t\t\t<div class=\"elementor-element elementor-element-bca90fe elementor-widget elementor-widget-image\" data-id=\"bca90fe\" data-element_type=\"widget\" data-widget_type=\"image.default\">\n\t\t\t\t<div class=\"elementor-widget-container\">\n\t\t\t\t\t\t\t\t\t\t\t\t\t\t\t\t<a href=\"https:\/\/solidscontrolworld.com\/es\/gasoline-tank\/\">\n\t\t\t\t\t\t\t<img loading=\"lazy\" decoding=\"async\" width=\"768\" height=\"650\" src=\"https:\/\/solidscontrolworld.com\/wp-content\/uploads\/2025\/04\/\u6c7d\u6cb9\u7f50-768x650.png\" class=\"attachment-medium_large size-medium_large wp-image-11779\" alt=\"\" srcset=\"https:\/\/solidscontrolworld.com\/wp-content\/uploads\/2025\/04\/\u6c7d\u6cb9\u7f50-768x650.png 768w, https:\/\/solidscontrolworld.com\/wp-content\/uploads\/2025\/04\/\u6c7d\u6cb9\u7f50-300x254.png 300w, https:\/\/solidscontrolworld.com\/wp-content\/uploads\/2025\/04\/\u6c7d\u6cb9\u7f50-600x508.png 600w, https:\/\/solidscontrolworld.com\/wp-content\/uploads\/2025\/04\/\u6c7d\u6cb9\u7f50.png 1000w\" sizes=\"(max-width: 768px) 100vw, 768px\" \/>\t\t\t\t\t\t\t\t<\/a>\n\t\t\t\t\t\t\t\t\t\t\t\t\t\t\t<\/div>\n\t\t\t\t<\/div>\n\t\t\t\t<div class=\"elementor-element elementor-element-a52d5b3 elementor-widget elementor-widget-heading\" data-id=\"a52d5b3\" data-element_type=\"widget\" data-widget_type=\"heading.default\">\n\t\t\t\t<div class=\"elementor-widget-container\">\n\t\t\t\t\t<h5 class=\"elementor-heading-title elementor-size-default\">Tanque de gasolina<\/h5>\t\t\t\t<\/div>\n\t\t\t\t<\/div>\n\t\t\t\t<div class=\"elementor-element elementor-element-ff6a23c elementor-align-center elementor-widget elementor-widget-button\" data-id=\"ff6a23c\" data-element_type=\"widget\" data-widget_type=\"button.default\">\n\t\t\t\t<div class=\"elementor-widget-container\">\n\t\t\t\t\t\t\t\t\t<div class=\"elementor-button-wrapper\">\n\t\t\t\t\t<a class=\"elementor-button elementor-button-link elementor-size-sm\" href=\"https:\/\/solidscontrolworld.com\/es\/gasoline-tank\/\">\n\t\t\t\t\t\t<span class=\"elementor-button-content-wrapper\">\n\t\t\t\t\t\t\t\t\t<span class=\"elementor-button-text\">Leer m\u00e1s<\/span>\n\t\t\t\t\t<\/span>\n\t\t\t\t\t<\/a>\n\t\t\t\t<\/div>\n\t\t\t\t\t\t\t\t<\/div>\n\t\t\t\t<\/div>\n\t\t\t\t\t<\/div>\n\t\t<\/div>\n\t\t\t\t<div class=\"elementor-column elementor-col-25 elementor-top-column elementor-element elementor-element-512fded\" data-id=\"512fded\" data-element_type=\"column\">\n\t\t\t<div class=\"elementor-widget-wrap elementor-element-populated\">\n\t\t\t\t\t\t<div class=\"elementor-element elementor-element-84418ba elementor-widget elementor-widget-image\" data-id=\"84418ba\" data-element_type=\"widget\" data-widget_type=\"image.default\">\n\t\t\t\t<div class=\"elementor-widget-container\">\n\t\t\t\t\t\t\t\t\t\t\t\t\t\t\t\t<a href=\"https:\/\/solidscontrolworld.com\/es\/tanques-de-lodo-montados-en-remolque\/\">\n\t\t\t\t\t\t\t<img loading=\"lazy\" decoding=\"async\" width=\"576\" height=\"428\" src=\"https:\/\/solidscontrolworld.com\/wp-content\/uploads\/2025\/04\/Trailer-Mounted-Mud-Tanks4.png\" class=\"attachment-medium_large size-medium_large wp-image-12114\" alt=\"\" srcset=\"https:\/\/solidscontrolworld.com\/wp-content\/uploads\/2025\/04\/Trailer-Mounted-Mud-Tanks4.png 576w, https:\/\/solidscontrolworld.com\/wp-content\/uploads\/2025\/04\/Trailer-Mounted-Mud-Tanks4-300x223.png 300w\" sizes=\"(max-width: 576px) 100vw, 576px\" \/>\t\t\t\t\t\t\t\t<\/a>\n\t\t\t\t\t\t\t\t\t\t\t\t\t\t\t<\/div>\n\t\t\t\t<\/div>\n\t\t\t\t<div class=\"elementor-element elementor-element-aaf6b0f elementor-widget elementor-widget-heading\" data-id=\"aaf6b0f\" data-element_type=\"widget\" data-widget_type=\"heading.default\">\n\t\t\t\t<div class=\"elementor-widget-container\">\n\t\t\t\t\t<h5 class=\"elementor-heading-title elementor-size-default\">Tanque de lodo montado en remolque<\/h5>\t\t\t\t<\/div>\n\t\t\t\t<\/div>\n\t\t\t\t<div class=\"elementor-element elementor-element-82158f5 elementor-align-center elementor-widget elementor-widget-button\" data-id=\"82158f5\" data-element_type=\"widget\" data-widget_type=\"button.default\">\n\t\t\t\t<div class=\"elementor-widget-container\">\n\t\t\t\t\t\t\t\t\t<div class=\"elementor-button-wrapper\">\n\t\t\t\t\t<a class=\"elementor-button elementor-button-link elementor-size-sm\" href=\"https:\/\/solidscontrolworld.com\/es\/tanques-de-lodo-montados-en-remolque\/\">\n\t\t\t\t\t\t<span class=\"elementor-button-content-wrapper\">\n\t\t\t\t\t\t\t\t\t<span class=\"elementor-button-text\">Leer m\u00e1s<\/span>\n\t\t\t\t\t<\/span>\n\t\t\t\t\t<\/a>\n\t\t\t\t<\/div>\n\t\t\t\t\t\t\t\t<\/div>\n\t\t\t\t<\/div>\n\t\t\t\t\t<\/div>\n\t\t<\/div>\n\t\t\t\t<div class=\"elementor-column elementor-col-25 elementor-top-column elementor-element elementor-element-2cc2f13\" data-id=\"2cc2f13\" data-element_type=\"column\">\n\t\t\t<div class=\"elementor-widget-wrap\">\n\t\t\t\t\t\t\t<\/div>\n\t\t<\/div>\n\t\t\t\t\t<\/div>\n\t\t<\/section>\n\t\t\t\t<\/div>","protected":false},"excerpt":{"rendered":"<p>Tanque de lodo para tanque Leer m\u00e1s Tanque de agua industrial Leer m\u00e1s Tanque de salmuera Leer m\u00e1s Tanque de heno Leer m\u00e1s Tanque de di\u00e9sel Leer m\u00e1s Tanque de gasolina Leer m\u00e1s Tanque de lodo montado en remolque Leer m\u00e1s<\/p>","protected":false},"author":1,"featured_media":0,"parent":0,"menu_order":0,"comment_status":"closed","ping_status":"closed","template":"","meta":{"_seopress_robots_primary_cat":"","_seopress_titles_title":"","_seopress_titles_desc":"","_seopress_robots_index":"","footnotes":""},"class_list":["post-11762","page","type-page","status-publish","hentry"],"yoast_head":"<!-- This site is optimized with the Yoast SEO plugin v25.1 - https:\/\/yoast.com\/wordpress\/plugins\/seo\/ -->\n<title>Industrial Tanks by Solids Control | Solids Control World<\/title>\n<meta name=\"description\" content=\"Solids Control World offers durable tanks designed for efficient storage and handling of drilling fluids, supporting reliable operations and easy maintenance.\" \/>\n<meta name=\"robots\" content=\"index, follow, max-snippet:-1, max-image-preview:large, max-video-preview:-1\" \/>\n<link rel=\"canonical\" href=\"https:\/\/solidscontrolworld.com\/es\/tanque\/\" \/>\n<meta property=\"og:locale\" content=\"es_MX\" \/>\n<meta property=\"og:type\" content=\"article\" \/>\n<meta property=\"og:title\" content=\"Industrial Tanks by Solids Control | Solids Control World\" \/>\n<meta property=\"og:description\" content=\"Solids Control World offers durable tanks designed for efficient storage and handling of drilling fluids, supporting reliable operations and easy maintenance.\" \/>\n<meta property=\"og:url\" content=\"https:\/\/solidscontrolworld.com\/es\/tanque\/\" \/>\n<meta property=\"og:site_name\" content=\"Solids Control World\" \/>\n<meta property=\"article:modified_time\" content=\"2025-06-18T04:45:18+00:00\" \/>\n<meta property=\"og:image\" content=\"http:\/\/solidscontrolworld.com\/wp-content\/uploads\/2025\/02\/Mud-Tank4.png\" \/>\n<meta name=\"twitter:card\" content=\"summary_large_image\" \/>\n<meta name=\"twitter:label1\" content=\"Tiempo de lectura\" \/>\n\t<meta name=\"twitter:data1\" content=\"2 minutos\" \/>\n<!-- \/ Yoast SEO plugin. -->","yoast_head_json":{"title":"Tanques industriales de Solids Control | Solids Control World","description":"Solids Control World ofrece tanques duraderos dise\u00f1ados para el almacenamiento y manejo eficiente de fluidos de perforaci\u00f3n, lo que respalda operaciones confiables y un f\u00e1cil mantenimiento.","robots":{"index":"index","follow":"follow","max-snippet":"max-snippet:-1","max-image-preview":"max-image-preview:large","max-video-preview":"max-video-preview:-1"},"canonical":"https:\/\/solidscontrolworld.com\/es\/tanque\/","og_locale":"es_MX","og_type":"article","og_title":"Industrial Tanks by Solids Control | Solids Control World","og_description":"Solids Control World offers durable tanks designed for efficient storage and handling of drilling fluids, supporting reliable operations and easy maintenance.","og_url":"https:\/\/solidscontrolworld.com\/es\/tanque\/","og_site_name":"Solids Control World","article_modified_time":"2025-06-18T04:45:18+00:00","og_image":[{"url":"http:\/\/solidscontrolworld.com\/wp-content\/uploads\/2025\/02\/Mud-Tank4.png","type":"","width":"","height":""}],"twitter_card":"summary_large_image","twitter_misc":{"Tiempo de lectura":"2 minutos"},"schema":{"@context":"https:\/\/schema.org","@graph":[{"@type":"WebPage","@id":"https:\/\/solidscontrolworld.com\/tank\/","url":"https:\/\/solidscontrolworld.com\/tank\/","name":"Tanques industriales de Solids Control | Solids Control World","isPartOf":{"@id":"https:\/\/solidscontrolworld.com\/#website"},"primaryImageOfPage":{"@id":"https:\/\/solidscontrolworld.com\/tank\/#primaryimage"},"image":{"@id":"https:\/\/solidscontrolworld.com\/tank\/#primaryimage"},"thumbnailUrl":"http:\/\/solidscontrolworld.com\/wp-content\/uploads\/2025\/02\/Mud-Tank4.png","datePublished":"2025-04-07T03:38:14+00:00","dateModified":"2025-06-18T04:45:18+00:00","description":"Solids Control World ofrece tanques duraderos dise\u00f1ados para el almacenamiento y manejo eficiente de fluidos de perforaci\u00f3n, lo que respalda operaciones confiables y un f\u00e1cil mantenimiento.","breadcrumb":{"@id":"https:\/\/solidscontrolworld.com\/tank\/#breadcrumb"},"inLanguage":"es","potentialAction":[{"@type":"ReadAction","target":["https:\/\/solidscontrolworld.com\/tank\/"]}]},{"@type":"ImageObject","inLanguage":"es","@id":"https:\/\/solidscontrolworld.com\/tank\/#primaryimage","url":"http:\/\/solidscontrolworld.com\/wp-content\/uploads\/2025\/02\/Mud-Tank4.png","contentUrl":"http:\/\/solidscontrolworld.com\/wp-content\/uploads\/2025\/02\/Mud-Tank4.png"},{"@type":"BreadcrumbList","@id":"https:\/\/solidscontrolworld.com\/tank\/#breadcrumb","itemListElement":[{"@type":"ListItem","position":1,"name":"Home","item":"https:\/\/solidscontrolworld.com\/"},{"@type":"ListItem","position":2,"name":"Tank"}]},{"@type":"WebSite","@id":"https:\/\/solidscontrolworld.com\/#website","url":"https:\/\/solidscontrolworld.com\/","name":"Mundo de control de s\u00f3lidos","description":"","publisher":{"@id":"https:\/\/solidscontrolworld.com\/#\/schema\/person\/2c126362537c0f0e6d4a8dfba9fc68b0"},"potentialAction":[{"@type":"SearchAction","target":{"@type":"EntryPoint","urlTemplate":"https:\/\/solidscontrolworld.com\/?s={search_term_string}"},"query-input":{"@type":"PropertyValueSpecification","valueRequired":true,"valueName":"search_term_string"}}],"inLanguage":"es"},{"@type":["Person","Organization"],"@id":"https:\/\/solidscontrolworld.com\/#\/schema\/person\/2c126362537c0f0e6d4a8dfba9fc68b0","name":"mundodecontroldes\u00f3lidos","logo":{"@id":"https:\/\/solidscontrolworld.com\/#\/schema\/person\/image\/"},"sameAs":["https:\/\/solidscontrolworld.com"]}]}},"_links":{"self":[{"href":"https:\/\/solidscontrolworld.com\/es\/wp-json\/wp\/v2\/pages\/11762","targetHints":{"allow":["GET"]}}],"collection":[{"href":"https:\/\/solidscontrolworld.com\/es\/wp-json\/wp\/v2\/pages"}],"about":[{"href":"https:\/\/solidscontrolworld.com\/es\/wp-json\/wp\/v2\/types\/page"}],"author":[{"embeddable":true,"href":"https:\/\/solidscontrolworld.com\/es\/wp-json\/wp\/v2\/users\/1"}],"replies":[{"embeddable":true,"href":"https:\/\/solidscontrolworld.com\/es\/wp-json\/wp\/v2\/comments?post=11762"}],"version-history":[{"count":43,"href":"https:\/\/solidscontrolworld.com\/es\/wp-json\/wp\/v2\/pages\/11762\/revisions"}],"predecessor-version":[{"id":12332,"href":"https:\/\/solidscontrolworld.com\/es\/wp-json\/wp\/v2\/pages\/11762\/revisions\/12332"}],"wp:attachment":[{"href":"https:\/\/solidscontrolworld.com\/es\/wp-json\/wp\/v2\/media?parent=11762"}],"curies":[{"name":"wp","href":"https:\/\/api.w.org\/{rel}","templated":true}]}}