{"id":11809,"date":"2025-04-08T08:45:10","date_gmt":"2025-04-08T08:45:10","guid":{"rendered":"https:\/\/solidscontrolworld.com\/?page_id=11809"},"modified":"2025-06-18T04:42:07","modified_gmt":"2025-06-18T04:42:07","slug":"tanque-de-salmuera","status":"publish","type":"page","link":"https:\/\/solidscontrolworld.com\/es\/tanque-de-salmuera\/","title":{"rendered":"Tanque de salmuera"},"content":{"rendered":"<div data-elementor-type=\"wp-page\" data-elementor-id=\"11809\" class=\"elementor elementor-11809\">\n\t\t\t\t\t\t<section class=\"elementor-section elementor-top-section elementor-element elementor-element-47a8e87 elementor-section-full_width elementor-section-height-min-height elementor-section-stretched elementor-section-height-default elementor-section-items-middle\" data-id=\"47a8e87\" data-element_type=\"section\" data-settings=\"{&quot;stretch_section&quot;:&quot;section-stretched&quot;,&quot;background_background&quot;:&quot;classic&quot;}\">\n\t\t\t\t\t\t\t<div class=\"elementor-background-overlay\"><\/div>\n\t\t\t\t\t\t\t<div class=\"elementor-container elementor-column-gap-default\">\n\t\t\t\t\t<div class=\"elementor-column elementor-col-100 elementor-top-column elementor-element elementor-element-9f18ae7\" data-id=\"9f18ae7\" data-element_type=\"column\">\n\t\t\t<div class=\"elementor-widget-wrap elementor-element-populated\">\n\t\t\t\t\t\t<div class=\"elementor-element elementor-element-c564e43 elementor-widget elementor-widget-heading\" data-id=\"c564e43\" data-element_type=\"widget\" data-widget_type=\"heading.default\">\n\t\t\t\t<div class=\"elementor-widget-container\">\n\t\t\t\t\t<h1 class=\"elementor-heading-title elementor-size-default\">Tanque de salmuera<\/h1>\t\t\t\t<\/div>\n\t\t\t\t<\/div>\n\t\t\t\t\t<\/div>\n\t\t<\/div>\n\t\t\t\t\t<\/div>\n\t\t<\/section>\n\t\t\t\t<section class=\"elementor-section elementor-top-section elementor-element elementor-element-7b41c35 elementor-section-boxed elementor-section-height-default elementor-section-height-default\" data-id=\"7b41c35\" data-element_type=\"section\">\n\t\t\t\t\t\t<div class=\"elementor-container elementor-column-gap-default\">\n\t\t\t\t\t<div class=\"elementor-column elementor-col-33 elementor-top-column elementor-element elementor-element-7788e83\" data-id=\"7788e83\" data-element_type=\"column\">\n\t\t\t<div class=\"elementor-widget-wrap elementor-element-populated\">\n\t\t\t\t\t\t<div class=\"elementor-element elementor-element-1457643 elementor-widget__width-initial elementor-widget elementor-widget-image\" data-id=\"1457643\" data-element_type=\"widget\" data-widget_type=\"image.default\">\n\t\t\t\t<div class=\"elementor-widget-container\">\n\t\t\t\t\t\t\t\t\t\t\t\t\t\t\t<img fetchpriority=\"high\" decoding=\"async\" width=\"650\" height=\"406\" src=\"https:\/\/solidscontrolworld.com\/wp-content\/uploads\/2025\/04\/Brine-Tanks-1.png\" class=\"attachment-full size-full wp-image-11771\" alt=\"\" srcset=\"https:\/\/solidscontrolworld.com\/wp-content\/uploads\/2025\/04\/Brine-Tanks-1.png 650w, https:\/\/solidscontrolworld.com\/wp-content\/uploads\/2025\/04\/Brine-Tanks-1-300x187.png 300w, https:\/\/solidscontrolworld.com\/wp-content\/uploads\/2025\/04\/Brine-Tanks-1-600x375.png 600w\" sizes=\"(max-width: 650px) 100vw, 650px\" \/>\t\t\t\t\t\t\t\t\t\t\t\t\t\t\t<\/div>\n\t\t\t\t<\/div>\n\t\t\t\t\t<\/div>\n\t\t<\/div>\n\t\t\t\t<div class=\"elementor-column elementor-col-33 elementor-top-column elementor-element elementor-element-2c03109\" data-id=\"2c03109\" data-element_type=\"column\">\n\t\t\t<div class=\"elementor-widget-wrap elementor-element-populated\">\n\t\t\t\t\t\t<div class=\"elementor-element elementor-element-ad80cd2 elementor-widget elementor-widget-heading\" data-id=\"ad80cd2\" data-element_type=\"widget\" data-widget_type=\"heading.default\">\n\t\t\t\t<div class=\"elementor-widget-container\">\n\t\t\t\t\t<h2 class=\"elementor-heading-title elementor-size-default\">Tanque de salmuera<\/h2>\t\t\t\t<\/div>\n\t\t\t\t<\/div>\n\t\t\t\t<div class=\"elementor-element elementor-element-42ad5b8 elementor-widget elementor-widget-text-editor\" data-id=\"42ad5b8\" data-element_type=\"widget\" data-widget_type=\"text-editor.default\">\n\t\t\t\t<div class=\"elementor-widget-container\">\n\t\t\t\t\t\t\t\t\t<p><span style=\"color: #000000;\">Un tanque de salmuera es un recipiente utilizado para almacenar y manipular soluciones de salmuera, generalmente de forma cil\u00edndrica, una forma que est\u00e1 uniformemente estresada y es capaz de soportar grandes presiones internas, y generalmente se caracteriza por una gran capacidad, resistencia a la corrosi\u00f3n y un control de alta precisi\u00f3n.<\/span><\/p>\t\t\t\t\t\t\t\t<\/div>\n\t\t\t\t<\/div>\n\t\t\t\t<div class=\"elementor-element elementor-element-52982a3 elementor-widget elementor-widget-text-editor\" data-id=\"52982a3\" data-element_type=\"widget\" data-widget_type=\"text-editor.default\">\n\t\t\t\t<div class=\"elementor-widget-container\">\n\t\t\t\t\t\t\t\t\tCategor\u00eda:\u00a0<a href=\"https:\/\/solidscontrolworld.com\/es\/equipos-de-control-de-solidos\/\" rel=\"tag\">Control de s\u00f3lidos<\/a>\t\t\t\t\t\t\t\t<\/div>\n\t\t\t\t<\/div>\n\t\t\t\t\t<\/div>\n\t\t<\/div>\n\t\t\t\t<div class=\"elementor-column elementor-col-33 elementor-top-column elementor-element elementor-element-b6e91dd\" data-id=\"b6e91dd\" data-element_type=\"column\">\n\t\t\t<div class=\"elementor-widget-wrap elementor-element-populated\">\n\t\t\t\t\t\t<div class=\"elementor-element elementor-element-c022305 elementor-icon-list--layout-traditional elementor-list-item-link-full_width elementor-widget elementor-widget-icon-list\" data-id=\"c022305\" data-element_type=\"widget\" data-widget_type=\"icon-list.default\">\n\t\t\t\t<div class=\"elementor-widget-container\">\n\t\t\t\t\t\t\t<ul class=\"elementor-icon-list-items\">\n\t\t\t\t\t\t\t<li class=\"elementor-icon-list-item\">\n\t\t\t\t\t\t\t\t\t\t\t<span class=\"elementor-icon-list-icon\">\n\t\t\t\t\t\t\t<i aria-hidden=\"true\" class=\"fas fa-envelope-open\"><\/i>\t\t\t\t\t\t<\/span>\n\t\t\t\t\t\t\t\t\t\t<span class=\"elementor-icon-list-text\">info@solidscontrolworld.com<\/span>\n\t\t\t\t\t\t\t\t\t<\/li>\n\t\t\t\t\t\t\t\t<li class=\"elementor-icon-list-item\">\n\t\t\t\t\t\t\t\t\t\t\t<span class=\"elementor-icon-list-icon\">\n\t\t\t\t\t\t\t<i aria-hidden=\"true\" class=\"fas fa-phone-volume\"><\/i>\t\t\t\t\t\t<\/span>\n\t\t\t\t\t\t\t\t\t\t<span class=\"elementor-icon-list-text\">+8613784677772<\/span>\n\t\t\t\t\t\t\t\t\t<\/li>\n\t\t\t\t\t\t\t\t<li class=\"elementor-icon-list-item\">\n\t\t\t\t\t\t\t\t\t\t\t<span class=\"elementor-icon-list-icon\">\n\t\t\t\t\t\t\t<i aria-hidden=\"true\" class=\"fas fa-fax\"><\/i>\t\t\t\t\t\t<\/span>\n\t\t\t\t\t\t\t\t\t\t<span class=\"elementor-icon-list-text\">86-315-7651760<\/span>\n\t\t\t\t\t\t\t\t\t<\/li>\n\t\t\t\t\t\t<\/ul>\n\t\t\t\t\t\t<\/div>\n\t\t\t\t<\/div>\n\t\t\t\t\t<\/div>\n\t\t<\/div>\n\t\t\t\t\t<\/div>\n\t\t<\/section>\n\t\t\t\t<section class=\"elementor-section elementor-top-section elementor-element elementor-element-6590593 elementor-section-boxed elementor-section-height-default elementor-section-height-default\" data-id=\"6590593\" data-element_type=\"section\">\n\t\t\t\t\t\t<div class=\"elementor-container elementor-column-gap-default\">\n\t\t\t\t\t<div class=\"elementor-column elementor-col-50 elementor-top-column elementor-element elementor-element-72da579\" data-id=\"72da579\" data-element_type=\"column\">\n\t\t\t<div class=\"elementor-widget-wrap elementor-element-populated\">\n\t\t\t\t\t\t<div class=\"elementor-element elementor-element-9b4d805 elementor-widget elementor-widget-text-editor\" data-id=\"9b4d805\" data-element_type=\"widget\" data-widget_type=\"text-editor.default\">\n\t\t\t\t<div class=\"elementor-widget-container\">\n\t\t\t\t\t\t\t\t\t<p><span style=\"color: #000000;\">Funciones y roles<\/span><\/p><ul><li><span style=\"color: #000000;\">Funci\u00f3n de almacenamiento: como contenedor de almacenamiento de salmuera, puede contener una gran cantidad de salmuera para satisfacer la demanda de suministro continuo y estable para la producci\u00f3n industrial.<\/span><\/li><li><span style=\"color: #000000;\">Funci\u00f3n de ajuste de concentraci\u00f3n: La concentraci\u00f3n de la salmuera se ajusta f\u00e1cilmente seg\u00fan las necesidades del proceso de producci\u00f3n. A\u00f1adiendo sal o agua y mezclando bien con un agitador, la salmuera alcanza la concentraci\u00f3n deseada.<\/span><\/li><li><span style=\"color: #000000;\">Funci\u00f3n de ajuste de amortiguaci\u00f3n: cuando la demanda de salmuera en la l\u00ednea de producci\u00f3n fluct\u00faa, el tanque de salmuera puede reponer o almacenar salmuera a tiempo para estabilizar el suministro y evitar la interrupci\u00f3n de la producci\u00f3n debido al desequilibrio entre la oferta y la demanda.<\/span><\/li><\/ul><p><span style=\"color: #000000;\">Los tanques de salmuera se pueden utilizar en la producci\u00f3n qu\u00edmica, la industria de galvanoplastia, la industria farmac\u00e9utica, la industria de impresi\u00f3n y te\u00f1ido, etc.<\/span><\/p>\t\t\t\t\t\t\t\t<\/div>\n\t\t\t\t<\/div>\n\t\t\t\t\t<\/div>\n\t\t<\/div>\n\t\t\t\t<div class=\"elementor-column elementor-col-50 elementor-top-column elementor-element elementor-element-e279997\" data-id=\"e279997\" data-element_type=\"column\">\n\t\t\t<div class=\"elementor-widget-wrap elementor-element-populated\">\n\t\t\t\t\t\t<div class=\"elementor-element elementor-element-2951f10 elementor-align-left elementor-icon-list--layout-traditional elementor-list-item-link-full_width elementor-widget elementor-widget-icon-list\" data-id=\"2951f10\" data-element_type=\"widget\" data-widget_type=\"icon-list.default\">\n\t\t\t\t<div class=\"elementor-widget-container\">\n\t\t\t\t\t\t\t<ul class=\"elementor-icon-list-items\">\n\t\t\t\t\t\t\t<li class=\"elementor-icon-list-item\">\n\t\t\t\t\t\t\t\t\t\t\t<span class=\"elementor-icon-list-icon\">\n\t\t\t\t\t\t\t<i aria-hidden=\"true\" class=\"fas fa-location-arrow\"><\/i>\t\t\t\t\t\t<\/span>\n\t\t\t\t\t\t\t\t\t\t<span class=\"elementor-icon-list-text\">Habitaci\u00f3n 1924, Bloque D, Plaza Wanda, ciudad de Tangshan, China.<\/span>\n\t\t\t\t\t\t\t\t\t<\/li>\n\t\t\t\t\t\t\t\t<li class=\"elementor-icon-list-item\">\n\t\t\t\t\t\t\t\t\t\t\t<span class=\"elementor-icon-list-icon\">\n\t\t\t\t\t\t\t<i aria-hidden=\"true\" class=\"fas fa-business-time\"><\/i>\t\t\t\t\t\t<\/span>\n\t\t\t\t\t\t\t\t\t\t<span class=\"elementor-icon-list-text\">Lunes a viernes: 8:00-17:30<\/span>\n\t\t\t\t\t\t\t\t\t<\/li>\n\t\t\t\t\t\t<\/ul>\n\t\t\t\t\t\t<\/div>\n\t\t\t\t<\/div>\n\t\t\t\t<div class=\"elementor-element elementor-element-d9c74d7 elementor-share-buttons--view-icon elementor-share-buttons--skin-minimal elementor-share-buttons--shape-rounded elementor-share-buttons--align-left elementor-grid-0 elementor-share-buttons--color-official elementor-widget elementor-widget-share-buttons\" data-id=\"d9c74d7\" data-element_type=\"widget\" data-widget_type=\"share-buttons.default\">\n\t\t\t\t<div class=\"elementor-widget-container\">\n\t\t\t\t\t\t\t<div class=\"elementor-grid\">\n\t\t\t\t\t\t\t\t<div class=\"elementor-grid-item\">\n\t\t\t\t\t\t<div\n\t\t\t\t\t\t\tclass=\"elementor-share-btn elementor-share-btn_facebook\"\n\t\t\t\t\t\t\trole=\"button\"\n\t\t\t\t\t\t\ttabindex=\"0\"\n\t\t\t\t\t\t\taria-label=\"Compartir en facebook\"\n\t\t\t\t\t\t>\n\t\t\t\t\t\t\t\t\t\t\t\t\t\t\t<span class=\"elementor-share-btn__icon\">\n\t\t\t\t\t\t\t\t<i class=\"fab fa-facebook\" aria-hidden=\"true\"><\/i>\t\t\t\t\t\t\t<\/span>\n\t\t\t\t\t\t\t\t\t\t\t\t\t\t\t\t\t\t\t\t<\/div>\n\t\t\t\t\t<\/div>\n\t\t\t\t\t\t\t\t\t<div class=\"elementor-grid-item\">\n\t\t\t\t\t\t<div\n\t\t\t\t\t\t\tclass=\"elementor-share-btn elementor-share-btn_twitter\"\n\t\t\t\t\t\t\trole=\"button\"\n\t\t\t\t\t\t\ttabindex=\"0\"\n\t\t\t\t\t\t\taria-label=\"Compartir en Twitter\"\n\t\t\t\t\t\t>\n\t\t\t\t\t\t\t\t\t\t\t\t\t\t\t<span class=\"elementor-share-btn__icon\">\n\t\t\t\t\t\t\t\t<i class=\"fab fa-twitter\" aria-hidden=\"true\"><\/i>\t\t\t\t\t\t\t<\/span>\n\t\t\t\t\t\t\t\t\t\t\t\t\t\t\t\t\t\t\t\t<\/div>\n\t\t\t\t\t<\/div>\n\t\t\t\t\t\t\t\t\t<div class=\"elementor-grid-item\">\n\t\t\t\t\t\t<div\n\t\t\t\t\t\t\tclass=\"elementor-share-btn elementor-share-btn_linkedin\"\n\t\t\t\t\t\t\trole=\"button\"\n\t\t\t\t\t\t\ttabindex=\"0\"\n\t\t\t\t\t\t\taria-label=\"Compartir en linkedin\"\n\t\t\t\t\t\t>\n\t\t\t\t\t\t\t\t\t\t\t\t\t\t\t<span class=\"elementor-share-btn__icon\">\n\t\t\t\t\t\t\t\t<i class=\"fab fa-linkedin\" aria-hidden=\"true\"><\/i>\t\t\t\t\t\t\t<\/span>\n\t\t\t\t\t\t\t\t\t\t\t\t\t\t\t\t\t\t\t\t<\/div>\n\t\t\t\t\t<\/div>\n\t\t\t\t\t\t<\/div>\n\t\t\t\t\t\t<\/div>\n\t\t\t\t<\/div>\n\t\t\t\t\t<\/div>\n\t\t<\/div>\n\t\t\t\t\t<\/div>\n\t\t<\/section>\n\t\t\t\t<section class=\"elementor-section elementor-top-section elementor-element elementor-element-56d0668 elementor-section-boxed elementor-section-height-default elementor-section-height-default\" data-id=\"56d0668\" data-element_type=\"section\">\n\t\t\t\t\t\t<div class=\"elementor-container elementor-column-gap-default\">\n\t\t\t\t\t<div class=\"elementor-column elementor-col-100 elementor-top-column elementor-element elementor-element-d043ef5\" data-id=\"d043ef5\" data-element_type=\"column\">\n\t\t\t<div class=\"elementor-widget-wrap\">\n\t\t\t\t\t\t\t<\/div>\n\t\t<\/div>\n\t\t\t\t\t<\/div>\n\t\t<\/section>\n\t\t\t\t<section class=\"elementor-section elementor-top-section elementor-element elementor-element-6903fb5 elementor-section-boxed elementor-section-height-default elementor-section-height-default\" data-id=\"6903fb5\" data-element_type=\"section\">\n\t\t\t\t\t\t<div class=\"elementor-container elementor-column-gap-default\">\n\t\t\t\t\t<div class=\"elementor-column elementor-col-100 elementor-top-column elementor-element elementor-element-2d9820b\" data-id=\"2d9820b\" data-element_type=\"column\">\n\t\t\t<div class=\"elementor-widget-wrap elementor-element-populated\">\n\t\t\t\t\t\t<div class=\"elementor-element elementor-element-600b7c4 elementor-widget elementor-widget-text-editor\" data-id=\"600b7c4\" data-element_type=\"widget\" data-widget_type=\"text-editor.default\">\n\t\t\t\t<div class=\"elementor-widget-container\">\n\t\t\t\t\t\t\t\t\t<table style=\"border-collapse: collapse; width: 551.27pt;\" border=\"0\" width=\"735\" cellspacing=\"0\" cellpadding=\"0\"><tbody><tr style=\"height: 25.00pt;\"><td class=\"et2\" style=\"height: 25pt; width: 243.75pt; text-align: center;\" width=\"325\" height=\"33\"><span style=\"color: #000000;\">Nombre<\/span><\/td><td class=\"et2\" style=\"width: 153.75pt; text-align: center;\" width=\"205\"><span style=\"color: #000000;\">N\u00famero de modelo<\/span><\/td><td class=\"et2\" style=\"width: 153.75pt; text-align: center;\" width=\"205\"><span style=\"color: #000000;\">Volumen (m\u00b3)<\/span><\/td><\/tr><tr style=\"height: 25.00pt;\"><td class=\"et2\" style=\"height: 25pt; text-align: center;\" height=\"33\"><span style=\"color: #000000;\">Tanque de agua corriente<\/span><\/td><td class=\"et2\" style=\"text-align: center;\"><span style=\"color: #000000;\">Grupo de Seguridad Social<\/span><\/td><td class=\"et2\" style=\"text-align: center;\"><span style=\"color: #000000;\">20\/30\/40\/45\/50\/60<\/span><\/td><\/tr><tr style=\"height: 25.00pt;\"><td class=\"et2\" style=\"height: 25pt; text-align: center;\" height=\"33\"><span style=\"color: #000000;\">Tanque de agua industrial<\/span><\/td><td class=\"et2\" style=\"text-align: center;\"><span style=\"color: #000000;\">GYSG<\/span><\/td><td class=\"et2\" style=\"text-align: center;\"><span style=\"color: #000000;\">20\/40\/60\/80<\/span><\/td><\/tr><tr style=\"height: 25.00pt;\"><td class=\"et2\" style=\"height: 25pt; text-align: center;\" height=\"33\"><span style=\"color: #000000;\">Tanque de agua anidado<\/span><\/td><td class=\"et2\" style=\"text-align: center;\"><span style=\"color: #000000;\">TZSG<\/span><\/td><td class=\"et2\" style=\"text-align: center;\"><span style=\"color: #000000;\">60+40<\/span><\/td><\/tr><tr style=\"height: 25.00pt;\"><td class=\"et2\" style=\"height: 25pt; text-align: center;\" height=\"33\"><span style=\"color: #000000;\">Tanque de agua de refrigeraci\u00f3n<\/span><\/td><td class=\"et2\" style=\"text-align: center;\"><span style=\"color: #000000;\">LQSG<\/span><\/td><td class=\"et2\" style=\"text-align: center;\"><span style=\"color: #000000;\">40\/50<\/span><\/td><\/tr><tr style=\"height: 25.00pt;\"><td class=\"et2\" style=\"height: 25pt; text-align: center;\" height=\"33\"><span style=\"color: #000000;\">Tanque de agua utilizado para cementaci\u00f3n de pozos<\/span><\/td><td class=\"et2\" style=\"text-align: center;\"><span style=\"color: #000000;\">GJSQ<\/span><\/td><td class=\"et2\" style=\"text-align: center;\"><span style=\"color: #000000;\">40\/50<\/span><\/td><\/tr><tr style=\"height: 25.00pt;\"><td class=\"et2\" style=\"height: 25pt; text-align: center;\" height=\"33\"><span style=\"color: #000000;\">Tanque de salmuera<\/span><\/td><td class=\"et2\" style=\"text-align: center;\"><span style=\"color: #000000;\">Grupo de J\u00f3venes<\/span><\/td><td class=\"et2\" style=\"text-align: center;\"><span style=\"color: #000000;\">20\/40<\/span><\/td><\/tr><tr style=\"height: 25.00pt;\"><td class=\"et2\" style=\"height: 25pt; text-align: center;\" height=\"33\"><span style=\"color: #000000;\">Tanque de aguas residuales<\/span><\/td><td class=\"et2\" style=\"text-align: center;\"><span style=\"color: #000000;\">Grupo de Trabajo de Seguridad<\/span><\/td><td class=\"et2\" style=\"text-align: center;\"><span style=\"color: #000000;\">15\/20<\/span><\/td><\/tr><\/tbody><\/table>\t\t\t\t\t\t\t\t<\/div>\n\t\t\t\t<\/div>\n\t\t\t\t\t<\/div>\n\t\t<\/div>\n\t\t\t\t\t<\/div>\n\t\t<\/section>\n\t\t\t\t<\/div>","protected":false},"excerpt":{"rendered":"<p>Tanque de Salmuera. Un tanque de salmuera es un contenedor utilizado para almacenar y manipular soluciones de salmuera, generalmente cil\u00edndrico, con una forma uniformemente estresada y capaz de soportar altas presiones internas. Se caracteriza por su gran capacidad, resistencia a la corrosi\u00f3n y un control de alta precisi\u00f3n. Categor\u00eda: Control de S\u00f3lidos info@solidscontrolworld.com +8613784677772 [\u2026]<\/p>","protected":false},"author":1,"featured_media":0,"parent":0,"menu_order":0,"comment_status":"closed","ping_status":"closed","template":"","meta":{"_seopress_robots_primary_cat":"","_seopress_titles_title":"","_seopress_titles_desc":"","_seopress_robots_index":"","footnotes":""},"class_list":["post-11809","page","type-page","status-publish","hentry"],"yoast_head":"<!-- This site is optimized with the Yoast SEO plugin v25.1 - https:\/\/yoast.com\/wordpress\/plugins\/seo\/ -->\n<title>Brine Tanks for Drilling Fluid Storage | Solids Control World<\/title>\n<meta name=\"description\" content=\"Brine tanks for safe storage and handling of drilling fluids, designed to improve efficiency and integrate seamlessly with solids control equipment.\" \/>\n<meta name=\"robots\" content=\"index, follow, max-snippet:-1, max-image-preview:large, max-video-preview:-1\" \/>\n<link rel=\"canonical\" href=\"https:\/\/solidscontrolworld.com\/es\/tanque-de-salmuera\/\" \/>\n<meta property=\"og:locale\" content=\"es_MX\" \/>\n<meta property=\"og:type\" content=\"article\" \/>\n<meta property=\"og:title\" content=\"Brine Tanks for Drilling Fluid Storage | Solids Control World\" \/>\n<meta property=\"og:description\" content=\"Brine tanks for safe storage and handling of drilling fluids, designed to improve efficiency and integrate seamlessly with solids control equipment.\" \/>\n<meta property=\"og:url\" content=\"https:\/\/solidscontrolworld.com\/es\/tanque-de-salmuera\/\" \/>\n<meta property=\"og:site_name\" content=\"Solids Control World\" \/>\n<meta property=\"article:modified_time\" content=\"2025-06-18T04:42:07+00:00\" \/>\n<meta property=\"og:image\" content=\"https:\/\/solidscontrolworld.com\/wp-content\/uploads\/2025\/04\/Brine-Tanks-1.png\" \/>\n\t<meta property=\"og:image:width\" content=\"650\" \/>\n\t<meta property=\"og:image:height\" content=\"406\" \/>\n\t<meta property=\"og:image:type\" content=\"image\/png\" \/>\n<meta name=\"twitter:card\" content=\"summary_large_image\" \/>\n<meta name=\"twitter:label1\" content=\"Tiempo de lectura\" \/>\n\t<meta name=\"twitter:data1\" content=\"2 minutos\" \/>\n<!-- \/ Yoast SEO plugin. -->","yoast_head_json":{"title":"Tanques de salmuera para el almacenamiento de fluidos de perforaci\u00f3n | Solids Control World","description":"Tanques de salmuera para el almacenamiento y manejo seguro de fluidos de perforaci\u00f3n, dise\u00f1ados para mejorar la eficiencia e integrarse perfectamente con los equipos de control de s\u00f3lidos.","robots":{"index":"index","follow":"follow","max-snippet":"max-snippet:-1","max-image-preview":"max-image-preview:large","max-video-preview":"max-video-preview:-1"},"canonical":"https:\/\/solidscontrolworld.com\/es\/tanque-de-salmuera\/","og_locale":"es_MX","og_type":"article","og_title":"Brine Tanks for Drilling Fluid Storage | Solids Control World","og_description":"Brine tanks for safe storage and handling of drilling fluids, designed to improve efficiency and integrate seamlessly with solids control equipment.","og_url":"https:\/\/solidscontrolworld.com\/es\/tanque-de-salmuera\/","og_site_name":"Solids Control World","article_modified_time":"2025-06-18T04:42:07+00:00","og_image":[{"width":650,"height":406,"url":"https:\/\/solidscontrolworld.com\/wp-content\/uploads\/2025\/04\/Brine-Tanks-1.png","type":"image\/png"}],"twitter_card":"summary_large_image","twitter_misc":{"Tiempo de lectura":"2 minutos"},"schema":{"@context":"https:\/\/schema.org","@graph":[{"@type":"WebPage","@id":"https:\/\/solidscontrolworld.com\/brinetank\/","url":"https:\/\/solidscontrolworld.com\/brinetank\/","name":"Tanques de salmuera para el almacenamiento de fluidos de perforaci\u00f3n | Solids Control World","isPartOf":{"@id":"https:\/\/solidscontrolworld.com\/#website"},"primaryImageOfPage":{"@id":"https:\/\/solidscontrolworld.com\/brinetank\/#primaryimage"},"image":{"@id":"https:\/\/solidscontrolworld.com\/brinetank\/#primaryimage"},"thumbnailUrl":"http:\/\/solidscontrolworld.com\/wp-content\/uploads\/2025\/04\/Brine-Tanks-1.png","datePublished":"2025-04-08T08:45:10+00:00","dateModified":"2025-06-18T04:42:07+00:00","description":"Tanques de salmuera para el almacenamiento y manejo seguro de fluidos de perforaci\u00f3n, dise\u00f1ados para mejorar la eficiencia e integrarse perfectamente con los equipos de control de s\u00f3lidos.","breadcrumb":{"@id":"https:\/\/solidscontrolworld.com\/brinetank\/#breadcrumb"},"inLanguage":"es","potentialAction":[{"@type":"ReadAction","target":["https:\/\/solidscontrolworld.com\/brinetank\/"]}]},{"@type":"ImageObject","inLanguage":"es","@id":"https:\/\/solidscontrolworld.com\/brinetank\/#primaryimage","url":"http:\/\/solidscontrolworld.com\/wp-content\/uploads\/2025\/04\/Brine-Tanks-1.png","contentUrl":"http:\/\/solidscontrolworld.com\/wp-content\/uploads\/2025\/04\/Brine-Tanks-1.png"},{"@type":"BreadcrumbList","@id":"https:\/\/solidscontrolworld.com\/brinetank\/#breadcrumb","itemListElement":[{"@type":"ListItem","position":1,"name":"Home","item":"https:\/\/solidscontrolworld.com\/"},{"@type":"ListItem","position":2,"name":"Brine Tank"}]},{"@type":"WebSite","@id":"https:\/\/solidscontrolworld.com\/#website","url":"https:\/\/solidscontrolworld.com\/","name":"Mundo de control de s\u00f3lidos","description":"","publisher":{"@id":"https:\/\/solidscontrolworld.com\/#\/schema\/person\/2c126362537c0f0e6d4a8dfba9fc68b0"},"potentialAction":[{"@type":"SearchAction","target":{"@type":"EntryPoint","urlTemplate":"https:\/\/solidscontrolworld.com\/?s={search_term_string}"},"query-input":{"@type":"PropertyValueSpecification","valueRequired":true,"valueName":"search_term_string"}}],"inLanguage":"es"},{"@type":["Person","Organization"],"@id":"https:\/\/solidscontrolworld.com\/#\/schema\/person\/2c126362537c0f0e6d4a8dfba9fc68b0","name":"mundodecontroldes\u00f3lidos","logo":{"@id":"https:\/\/solidscontrolworld.com\/#\/schema\/person\/image\/"},"sameAs":["https:\/\/solidscontrolworld.com"]}]}},"_links":{"self":[{"href":"https:\/\/solidscontrolworld.com\/es\/wp-json\/wp\/v2\/pages\/11809","targetHints":{"allow":["GET"]}}],"collection":[{"href":"https:\/\/solidscontrolworld.com\/es\/wp-json\/wp\/v2\/pages"}],"about":[{"href":"https:\/\/solidscontrolworld.com\/es\/wp-json\/wp\/v2\/types\/page"}],"author":[{"embeddable":true,"href":"https:\/\/solidscontrolworld.com\/es\/wp-json\/wp\/v2\/users\/1"}],"replies":[{"embeddable":true,"href":"https:\/\/solidscontrolworld.com\/es\/wp-json\/wp\/v2\/comments?post=11809"}],"version-history":[{"count":17,"href":"https:\/\/solidscontrolworld.com\/es\/wp-json\/wp\/v2\/pages\/11809\/revisions"}],"predecessor-version":[{"id":12326,"href":"https:\/\/solidscontrolworld.com\/es\/wp-json\/wp\/v2\/pages\/11809\/revisions\/12326"}],"wp:attachment":[{"href":"https:\/\/solidscontrolworld.com\/es\/wp-json\/wp\/v2\/media?parent=11809"}],"curies":[{"name":"wp","href":"https:\/\/api.w.org\/{rel}","templated":true}]}}