{"id":2930,"date":"2021-05-20T15:07:52","date_gmt":"2021-05-20T15:07:52","guid":{"rendered":"https:\/\/solidscontrolworld.com\/?page_id=2930"},"modified":"2025-06-18T04:39:40","modified_gmt":"2025-06-18T04:39:40","slug":"acerca-del-fundador","status":"publish","type":"page","link":"https:\/\/solidscontrolworld.com\/es\/acerca-del-fundador\/","title":{"rendered":"Acerca del Fundador"},"content":{"rendered":"<div data-elementor-type=\"wp-page\" data-elementor-id=\"2930\" class=\"elementor elementor-2930\">\n\t\t\t\t\t\t<section class=\"elementor-section elementor-top-section elementor-element elementor-element-c5a2a04 elementor-section-full_width elementor-section-height-min-height elementor-section-stretched elementor-section-height-default elementor-section-items-middle\" data-id=\"c5a2a04\" data-element_type=\"section\" data-settings=\"{&quot;stretch_section&quot;:&quot;section-stretched&quot;,&quot;background_background&quot;:&quot;classic&quot;}\">\n\t\t\t\t\t\t\t<div class=\"elementor-background-overlay\"><\/div>\n\t\t\t\t\t\t\t<div class=\"elementor-container elementor-column-gap-default\">\n\t\t\t\t\t<div class=\"elementor-column elementor-col-100 elementor-top-column elementor-element elementor-element-9b6e072\" data-id=\"9b6e072\" data-element_type=\"column\">\n\t\t\t<div class=\"elementor-widget-wrap elementor-element-populated\">\n\t\t\t\t\t\t<div class=\"elementor-element elementor-element-59d6e4e elementor-widget elementor-widget-heading\" data-id=\"59d6e4e\" data-element_type=\"widget\" data-widget_type=\"heading.default\">\n\t\t\t\t<div class=\"elementor-widget-container\">\n\t\t\t\t\t<h1 class=\"elementor-heading-title elementor-size-default\">Acerca del Fundador <\/h1>\t\t\t\t<\/div>\n\t\t\t\t<\/div>\n\t\t\t\t\t<\/div>\n\t\t<\/div>\n\t\t\t\t\t<\/div>\n\t\t<\/section>\n\t\t\t\t<section class=\"elementor-section elementor-top-section elementor-element elementor-element-8d813e6 elementor-section-boxed elementor-section-height-default elementor-section-height-default\" data-id=\"8d813e6\" data-element_type=\"section\">\n\t\t\t\t\t\t<div class=\"elementor-container elementor-column-gap-default\">\n\t\t\t\t\t<div class=\"elementor-column elementor-col-100 elementor-top-column elementor-element elementor-element-a69f1fc\" data-id=\"a69f1fc\" data-element_type=\"column\">\n\t\t\t<div class=\"elementor-widget-wrap elementor-element-populated\">\n\t\t\t\t\t\t<section class=\"elementor-section elementor-inner-section elementor-element elementor-element-67208b5 elementor-section-boxed elementor-section-height-default elementor-section-height-default\" data-id=\"67208b5\" data-element_type=\"section\">\n\t\t\t\t\t\t<div class=\"elementor-container elementor-column-gap-default\">\n\t\t\t\t\t<div class=\"elementor-column elementor-col-50 elementor-inner-column elementor-element elementor-element-adcfaaf\" data-id=\"adcfaaf\" data-element_type=\"column\">\n\t\t\t<div class=\"elementor-widget-wrap elementor-element-populated\">\n\t\t\t\t\t\t<div class=\"elementor-element elementor-element-e2bb502 elementor-widget elementor-widget-heading\" data-id=\"e2bb502\" data-element_type=\"widget\" data-widget_type=\"heading.default\">\n\t\t\t\t<div class=\"elementor-widget-container\">\n\t\t\t\t\t<h2 class=\"elementor-heading-title elementor-size-default\">Surui Wang<\/h2>\t\t\t\t<\/div>\n\t\t\t\t<\/div>\n\t\t\t\t<div class=\"elementor-element elementor-element-6d989f4 elementor-widget elementor-widget-heading\" data-id=\"6d989f4\" data-element_type=\"widget\" data-widget_type=\"heading.default\">\n\t\t\t\t<div class=\"elementor-widget-container\">\n\t\t\t\t\t<h2 class=\"elementor-heading-title elementor-size-default\">El fundador de Solids Control World.<\/h2>\t\t\t\t<\/div>\n\t\t\t\t<\/div>\n\t\t\t\t<div class=\"elementor-element elementor-element-50aabaa elementor-widget-divider--view-line elementor-widget elementor-widget-divider\" data-id=\"50aabaa\" data-element_type=\"widget\" data-widget_type=\"divider.default\">\n\t\t\t\t<div class=\"elementor-widget-container\">\n\t\t\t\t\t\t\t<div class=\"elementor-divider\">\n\t\t\t<span class=\"elementor-divider-separator\">\n\t\t\t\t\t\t<\/span>\n\t\t<\/div>\n\t\t\t\t\t\t<\/div>\n\t\t\t\t<\/div>\n\t\t\t\t<div class=\"elementor-element elementor-element-0118712 elementor-widget elementor-widget-text-editor\" data-id=\"0118712\" data-element_type=\"widget\" data-widget_type=\"text-editor.default\">\n\t\t\t\t<div class=\"elementor-widget-container\">\n\t\t\t\t\t\t\t\t\t<p>S\u00e9 que tienen muchas opciones de profesionales que trabajan con sistemas de control de s\u00f3lidos en lodos de perforaci\u00f3n, as\u00ed que s\u00e9 que debo ganarme su confianza con cada publicaci\u00f3n. Si tienen curiosidad, aqu\u00ed les cuento un poco sobre m\u00ed. <br \/>Me especialic\u00e9 en Estudios Internacionales y me gradu\u00e9 de la universidad en 2008. Despu\u00e9s de mis estudios, mi primer trabajo fue como asistente de gerente general. El puesto era en una ciudad a unas 23 horas en tren de mi ciudad natal; est\u00e1 muy lejos. <br \/>A principios de 2009, surgi\u00f3 una gran oportunidad en mi ciudad natal: un puesto como t\u00e9cnico internacional en el control de s\u00f3lidos de GN. Cuando empec\u00e9 a trabajar en GN, fui uno de los tres primeros vendedores de la empresa. Como equipo de ventas, realizamos nuestra propia investigaci\u00f3n de mercado para determinar qu\u00e9 funcionar\u00eda mejor en los mercados internacionales. Desarrollamos una relaci\u00f3n de confianza con los clientes y obtuvimos un gran \u00e9xito. <br \/>Como resultado de la r\u00e1pida expansi\u00f3n de la empresa desde entonces, la compa\u00f1\u00eda se ha convertido en un actor clave en el sector del control de lodos de perforaci\u00f3n petrolera en China. Como uno de los primeros empleados de GN y uno de sus primeros vendedores, fue un honor haber llevado a GN al \u00e9xito que es hoy, a la vez que crec\u00ed yo mismo.<br \/>Ante el gran \u00e9xito del crecimiento de GN, el propietario decidi\u00f3 trasladar la empresa a Dachang, ciudad de Langfang. Esto me llev\u00f3 a dejar GN tras un gran \u00e9xito en el puesto.<\/p>\t\t\t\t\t\t\t\t<\/div>\n\t\t\t\t<\/div>\n\t\t\t\t\t<\/div>\n\t\t<\/div>\n\t\t\t\t<div class=\"elementor-column elementor-col-50 elementor-inner-column elementor-element elementor-element-49cf850\" data-id=\"49cf850\" data-element_type=\"column\" data-settings=\"{&quot;background_background&quot;:&quot;classic&quot;}\">\n\t\t\t<div class=\"elementor-widget-wrap\">\n\t\t\t\t\t\t\t<\/div>\n\t\t<\/div>\n\t\t\t\t\t<\/div>\n\t\t<\/section>\n\t\t\t\t<div class=\"elementor-element elementor-element-0dc0824 elementor-widget elementor-widget-text-editor\" data-id=\"0dc0824\" data-element_type=\"widget\" data-widget_type=\"text-editor.default\">\n\t\t\t\t<div class=\"elementor-widget-container\">\n\t\t\t\t\t\t\t\t\t<p>Tras dejar GN, ocup\u00e9 un puesto diferente que tambi\u00e9n gestionaba una gama de productos similar. Gracias a mis a\u00f1os de experiencia y a mi conocimiento profesional de los productos, ascend\u00ed r\u00e1pidamente a gerente de departamento. La polivalencia de los puestos me permiti\u00f3 establecer s\u00f3lidas relaciones con clientes en todo el mundo.<br>China cuenta con los mayores y mejores recursos de fabricaci\u00f3n del mundo, pero existen muchas dificultades y riesgos potenciales para encontrar los proveedores adecuados para fabricar productos de calidad. Por eso, varios contactos internacionales me pidieron ayuda para encontrar proveedores de productos perif\u00e9ricos en el sector petrolero. Aprend\u00ed mucho en este proceso y descubr\u00ed c\u00f3mo encontrar proveedores de calidad en China. En 2016, con el apoyo de varios clientes, fund\u00e9 mi propia empresa, Solidscontrolworld; esto marc\u00f3 el inicio de algo grande. Una oportunidad, con el gran apoyo de varios clientes, para establecer un negocio exitoso. \u00a1Tengo mucha confianza y esperanza en el futuro!<\/p>\t\t\t\t\t\t\t\t<\/div>\n\t\t\t\t<\/div>\n\t\t\t\t\t<\/div>\n\t\t<\/div>\n\t\t\t\t\t<\/div>\n\t\t<\/section>\n\t\t\t\t<\/div>","protected":false},"excerpt":{"rendered":"<p>Acerca del fundador: Surui Wang, fundador de Solids Control World. S\u00e9 que tienen muchas opciones para quienes trabajan con sistemas de control de s\u00f3lidos en lodos de perforaci\u00f3n, as\u00ed que s\u00e9 que debo ganarme su confianza con cada publicaci\u00f3n. Si tienen curiosidad, aqu\u00ed tienen un poco de [\u2026]<\/p>","protected":false},"author":1,"featured_media":0,"parent":0,"menu_order":4,"comment_status":"closed","ping_status":"closed","template":"","meta":{"_seopress_robots_primary_cat":"","_seopress_titles_title":"","_seopress_titles_desc":"","_seopress_robots_index":"","footnotes":""},"class_list":["post-2930","page","type-page","status-publish","hentry"],"yoast_head":"<!-- This site is optimized with the Yoast SEO plugin v25.1 - https:\/\/yoast.com\/wordpress\/plugins\/seo\/ -->\n<title>About Founder | Meet Surui Wang of Solids Control World<\/title>\n<meta name=\"description\" content=\"With a focus on drilling mud systems, Surui Wang brings expertise and dedication to advancing solids control solutions in the energy sector.\" \/>\n<meta name=\"robots\" content=\"index, follow, max-snippet:-1, max-image-preview:large, max-video-preview:-1\" \/>\n<link rel=\"canonical\" href=\"https:\/\/solidscontrolworld.com\/es\/acerca-del-fundador\/\" \/>\n<meta property=\"og:locale\" content=\"es_MX\" \/>\n<meta property=\"og:type\" content=\"article\" \/>\n<meta property=\"og:title\" content=\"About Founder | Meet Surui Wang of Solids Control World\" \/>\n<meta property=\"og:description\" content=\"With a focus on drilling mud systems, Surui Wang brings expertise and dedication to advancing solids control solutions in the energy sector.\" \/>\n<meta property=\"og:url\" content=\"https:\/\/solidscontrolworld.com\/es\/acerca-del-fundador\/\" \/>\n<meta property=\"og:site_name\" content=\"Solids Control World\" \/>\n<meta property=\"article:modified_time\" content=\"2025-06-18T04:39:40+00:00\" \/>\n<meta name=\"twitter:card\" content=\"summary_large_image\" \/>\n<meta name=\"twitter:label1\" content=\"Tiempo de lectura\" \/>\n\t<meta name=\"twitter:data1\" content=\"2 minutos\" \/>\n<!-- \/ Yoast SEO plugin. -->","yoast_head_json":{"title":"Acerca del fundador | Conozca a Surui Wang de Solids Control World","description":"Con un enfoque en sistemas de lodo de perforaci\u00f3n, Surui Wang aporta experiencia y dedicaci\u00f3n al avance de soluciones de control de s\u00f3lidos en el sector energ\u00e9tico.","robots":{"index":"index","follow":"follow","max-snippet":"max-snippet:-1","max-image-preview":"max-image-preview:large","max-video-preview":"max-video-preview:-1"},"canonical":"https:\/\/solidscontrolworld.com\/es\/acerca-del-fundador\/","og_locale":"es_MX","og_type":"article","og_title":"About Founder | Meet Surui Wang of Solids Control World","og_description":"With a focus on drilling mud systems, Surui Wang brings expertise and dedication to advancing solids control solutions in the energy sector.","og_url":"https:\/\/solidscontrolworld.com\/es\/acerca-del-fundador\/","og_site_name":"Solids Control World","article_modified_time":"2025-06-18T04:39:40+00:00","twitter_card":"summary_large_image","twitter_misc":{"Tiempo de lectura":"2 minutos"},"schema":{"@context":"https:\/\/schema.org","@graph":[{"@type":"WebPage","@id":"https:\/\/solidscontrolworld.com\/about-founder\/","url":"https:\/\/solidscontrolworld.com\/about-founder\/","name":"Acerca del fundador | Conozca a Surui Wang de Solids Control World","isPartOf":{"@id":"https:\/\/solidscontrolworld.com\/#website"},"datePublished":"2021-05-20T15:07:52+00:00","dateModified":"2025-06-18T04:39:40+00:00","description":"Con un enfoque en sistemas de lodo de perforaci\u00f3n, Surui Wang aporta experiencia y dedicaci\u00f3n al avance de soluciones de control de s\u00f3lidos en el sector energ\u00e9tico.","breadcrumb":{"@id":"https:\/\/solidscontrolworld.com\/about-founder\/#breadcrumb"},"inLanguage":"es","potentialAction":[{"@type":"ReadAction","target":["https:\/\/solidscontrolworld.com\/about-founder\/"]}]},{"@type":"BreadcrumbList","@id":"https:\/\/solidscontrolworld.com\/about-founder\/#breadcrumb","itemListElement":[{"@type":"ListItem","position":1,"name":"Home","item":"https:\/\/solidscontrolworld.com\/"},{"@type":"ListItem","position":2,"name":"About Founder"}]},{"@type":"WebSite","@id":"https:\/\/solidscontrolworld.com\/#website","url":"https:\/\/solidscontrolworld.com\/","name":"Mundo de control de s\u00f3lidos","description":"","publisher":{"@id":"https:\/\/solidscontrolworld.com\/#\/schema\/person\/2c126362537c0f0e6d4a8dfba9fc68b0"},"potentialAction":[{"@type":"SearchAction","target":{"@type":"EntryPoint","urlTemplate":"https:\/\/solidscontrolworld.com\/?s={search_term_string}"},"query-input":{"@type":"PropertyValueSpecification","valueRequired":true,"valueName":"search_term_string"}}],"inLanguage":"es"},{"@type":["Person","Organization"],"@id":"https:\/\/solidscontrolworld.com\/#\/schema\/person\/2c126362537c0f0e6d4a8dfba9fc68b0","name":"mundodecontroldes\u00f3lidos","logo":{"@id":"https:\/\/solidscontrolworld.com\/#\/schema\/person\/image\/"},"sameAs":["https:\/\/solidscontrolworld.com"]}]}},"_links":{"self":[{"href":"https:\/\/solidscontrolworld.com\/es\/wp-json\/wp\/v2\/pages\/2930","targetHints":{"allow":["GET"]}}],"collection":[{"href":"https:\/\/solidscontrolworld.com\/es\/wp-json\/wp\/v2\/pages"}],"about":[{"href":"https:\/\/solidscontrolworld.com\/es\/wp-json\/wp\/v2\/types\/page"}],"author":[{"embeddable":true,"href":"https:\/\/solidscontrolworld.com\/es\/wp-json\/wp\/v2\/users\/1"}],"replies":[{"embeddable":true,"href":"https:\/\/solidscontrolworld.com\/es\/wp-json\/wp\/v2\/comments?post=2930"}],"version-history":[{"count":4,"href":"https:\/\/solidscontrolworld.com\/es\/wp-json\/wp\/v2\/pages\/2930\/revisions"}],"predecessor-version":[{"id":12310,"href":"https:\/\/solidscontrolworld.com\/es\/wp-json\/wp\/v2\/pages\/2930\/revisions\/12310"}],"wp:attachment":[{"href":"https:\/\/solidscontrolworld.com\/es\/wp-json\/wp\/v2\/media?parent=2930"}],"curies":[{"name":"wp","href":"https:\/\/api.w.org\/{rel}","templated":true}]}}