{"id":3078,"date":"2021-05-27T11:38:08","date_gmt":"2021-05-27T11:38:08","guid":{"rendered":"https:\/\/solidscontrolworld.com\/?page_id=3078"},"modified":"2024-10-25T06:04:39","modified_gmt":"2024-10-25T06:04:39","slug":"equipo-de-remediacion-de-suelos","status":"publish","type":"page","link":"https:\/\/solidscontrolworld.com\/es\/equipo-de-remediacion-de-suelos\/","title":{"rendered":"Equipos de remediaci\u00f3n de suelos"},"content":{"rendered":"<div data-elementor-type=\"wp-page\" data-elementor-id=\"3078\" class=\"elementor elementor-3078\">\n\t\t\t\t\t\t<section class=\"elementor-section elementor-top-section elementor-element elementor-element-872adf3 elementor-section-full_width elementor-section-stretched elementor-section-height-default elementor-section-height-default\" data-id=\"872adf3\" data-element_type=\"section\" data-settings=\"{&quot;stretch_section&quot;:&quot;section-stretched&quot;,&quot;background_background&quot;:&quot;classic&quot;}\">\n\t\t\t\t\t\t<div class=\"elementor-container elementor-column-gap-default\">\n\t\t\t\t\t<div class=\"elementor-column elementor-col-100 elementor-top-column elementor-element elementor-element-eb46070\" data-id=\"eb46070\" data-element_type=\"column\">\n\t\t\t<div class=\"elementor-widget-wrap elementor-element-populated\">\n\t\t\t\t\t\t<div class=\"elementor-element elementor-element-b488a1b elementor-widget elementor-widget-heading\" data-id=\"b488a1b\" data-element_type=\"widget\" data-widget_type=\"heading.default\">\n\t\t\t\t<div class=\"elementor-widget-container\">\n\t\t\t\t\t<h1 class=\"elementor-heading-title elementor-size-default\">Equipos de remediaci\u00f3n de suelos<\/h1>\t\t\t\t<\/div>\n\t\t\t\t<\/div>\n\t\t\t\t\t<\/div>\n\t\t<\/div>\n\t\t\t\t\t<\/div>\n\t\t<\/section>\n\t\t\t\t<section class=\"elementor-section elementor-top-section elementor-element elementor-element-075af1b elementor-section-boxed elementor-section-height-default elementor-section-height-default\" data-id=\"075af1b\" data-element_type=\"section\">\n\t\t\t\t\t\t<div class=\"elementor-container elementor-column-gap-default\">\n\t\t\t\t\t<div class=\"elementor-column elementor-col-50 elementor-top-column elementor-element elementor-element-7df593c\" data-id=\"7df593c\" data-element_type=\"column\">\n\t\t\t<div class=\"elementor-widget-wrap elementor-element-populated\">\n\t\t\t\t\t\t<div class=\"elementor-element elementor-element-55fc5cd elementor-widget elementor-widget-image\" data-id=\"55fc5cd\" data-element_type=\"widget\" data-widget_type=\"image.default\">\n\t\t\t\t<div class=\"elementor-widget-container\">\n\t\t\t\t\t\t\t\t\t\t\t\t\t\t\t<img fetchpriority=\"high\" decoding=\"async\" width=\"886\" height=\"419\" src=\"https:\/\/solidscontrolworld.com\/wp-content\/uploads\/2024\/02\/\u5fae\u4fe1\u56fe\u7247_20240222110849.png\" class=\"attachment-full size-full wp-image-10269\" alt=\"Equipos de remediaci\u00f3n de suelos\" srcset=\"https:\/\/solidscontrolworld.com\/wp-content\/uploads\/2024\/02\/\u5fae\u4fe1\u56fe\u7247_20240222110849.png 886w, https:\/\/solidscontrolworld.com\/wp-content\/uploads\/2024\/02\/\u5fae\u4fe1\u56fe\u7247_20240222110849-300x142.png 300w, https:\/\/solidscontrolworld.com\/wp-content\/uploads\/2024\/02\/\u5fae\u4fe1\u56fe\u7247_20240222110849-768x363.png 768w, https:\/\/solidscontrolworld.com\/wp-content\/uploads\/2024\/02\/\u5fae\u4fe1\u56fe\u7247_20240222110849-600x284.png 600w\" sizes=\"(max-width: 886px) 100vw, 886px\" \/>\t\t\t\t\t\t\t\t\t\t\t\t\t\t\t<\/div>\n\t\t\t\t<\/div>\n\t\t\t\t<div class=\"elementor-element elementor-element-b5fa809 elementor-widget__width-initial elementor-widget elementor-widget-image-gallery\" data-id=\"b5fa809\" data-element_type=\"widget\" data-widget_type=\"image-gallery.default\">\n\t\t\t\t<div class=\"elementor-widget-container\">\n\t\t\t\t\t\t\t<div class=\"elementor-image-gallery\">\n\t\t\t\n\t\t<style type=\"text\/css\">\n\t\t\t#gallery-1 {\n\t\t\t\tmargin: auto;\n\t\t\t}\n\t\t\t#gallery-1 .gallery-item {\n\t\t\t\tfloat: left;\n\t\t\t\tmargin-top: 10px;\n\t\t\t\ttext-align: center;\n\t\t\t\twidth: 25%;\n\t\t\t}\n\t\t\t#gallery-1 img {\n\t\t\t\tborder: 2px solid #cfcfcf;\n\t\t\t}\n\t\t\t#gallery-1 .gallery-caption {\n\t\t\t\tmargin-left: 0;\n\t\t\t}\n\t\t\t\/* see gallery_shortcode() in wp-includes\/media.php *\/\n\t\t<\/style>\n\t\t<div id='gallery-1' class='gallery galleryid-3078 gallery-columns-4 gallery-size-thumbnail'><dl class='gallery-item'>\n\t\t\t<dt class='gallery-icon landscape'>\n\t\t\t\t<a data-elementor-open-lightbox=\"yes\" data-elementor-lightbox-slideshow=\"b5fa809\" data-elementor-lightbox-title=\"\u5fae\u4fe1\u56fe\u7247_20240222110852\" data-e-action-hash=\"#elementor-action%3Aaction%3Dlightbox%26settings%3DeyJpZCI6MTAyNzAsInVybCI6Imh0dHBzOlwvXC9zb2xpZHNjb250cm9sd29ybGQuY29tXC93cC1jb250ZW50XC91cGxvYWRzXC8yMDI0XC8wMlwvXHU1ZmFlXHU0ZmUxXHU1NmZlXHU3MjQ3XzIwMjQwMjIyMTEwODUyLnBuZyIsInNsaWRlc2hvdyI6ImI1ZmE4MDkifQ%3D%3D\" href='https:\/\/solidscontrolworld.com\/wp-content\/uploads\/2024\/02\/\u5fae\u4fe1\u56fe\u7247_20240222110852.png'><img decoding=\"async\" width=\"150\" height=\"150\" src=\"https:\/\/solidscontrolworld.com\/wp-content\/uploads\/2024\/02\/\u5fae\u4fe1\u56fe\u7247_20240222110852-150x150.png\" class=\"attachment-thumbnail size-thumbnail\" alt=\"\" srcset=\"https:\/\/solidscontrolworld.com\/wp-content\/uploads\/2024\/02\/\u5fae\u4fe1\u56fe\u7247_20240222110852-150x150.png 150w, https:\/\/solidscontrolworld.com\/wp-content\/uploads\/2024\/02\/\u5fae\u4fe1\u56fe\u7247_20240222110852-300x300.png 300w, https:\/\/solidscontrolworld.com\/wp-content\/uploads\/2024\/02\/\u5fae\u4fe1\u56fe\u7247_20240222110852-100x100.png 100w\" sizes=\"(max-width: 150px) 100vw, 150px\" \/><\/a>\n\t\t\t<\/dt><\/dl><dl class='gallery-item'>\n\t\t\t<dt class='gallery-icon landscape'>\n\t\t\t\t<a data-elementor-open-lightbox=\"yes\" data-elementor-lightbox-slideshow=\"b5fa809\" data-elementor-lightbox-title=\"\u5fae\u4fe1\u56fe\u7247_20240222110856\" data-e-action-hash=\"#elementor-action%3Aaction%3Dlightbox%26settings%3DeyJpZCI6MTAyNzIsInVybCI6Imh0dHBzOlwvXC9zb2xpZHNjb250cm9sd29ybGQuY29tXC93cC1jb250ZW50XC91cGxvYWRzXC8yMDI0XC8wMlwvXHU1ZmFlXHU0ZmUxXHU1NmZlXHU3MjQ3XzIwMjQwMjIyMTEwODU2LnBuZyIsInNsaWRlc2hvdyI6ImI1ZmE4MDkifQ%3D%3D\" href='https:\/\/solidscontrolworld.com\/wp-content\/uploads\/2024\/02\/\u5fae\u4fe1\u56fe\u7247_20240222110856.png'><img decoding=\"async\" width=\"150\" height=\"150\" src=\"https:\/\/solidscontrolworld.com\/wp-content\/uploads\/2024\/02\/\u5fae\u4fe1\u56fe\u7247_20240222110856-150x150.png\" class=\"attachment-thumbnail size-thumbnail\" alt=\"\" srcset=\"https:\/\/solidscontrolworld.com\/wp-content\/uploads\/2024\/02\/\u5fae\u4fe1\u56fe\u7247_20240222110856-150x150.png 150w, https:\/\/solidscontrolworld.com\/wp-content\/uploads\/2024\/02\/\u5fae\u4fe1\u56fe\u7247_20240222110856-300x300.png 300w, https:\/\/solidscontrolworld.com\/wp-content\/uploads\/2024\/02\/\u5fae\u4fe1\u56fe\u7247_20240222110856-100x100.png 100w\" sizes=\"(max-width: 150px) 100vw, 150px\" \/><\/a>\n\t\t\t<\/dt><\/dl><dl class='gallery-item'>\n\t\t\t<dt class='gallery-icon landscape'>\n\t\t\t\t<a data-elementor-open-lightbox=\"yes\" data-elementor-lightbox-slideshow=\"b5fa809\" data-elementor-lightbox-title=\"\u5fae\u4fe1\u56fe\u7247_20240222110859\" data-e-action-hash=\"#elementor-action%3Aaction%3Dlightbox%26settings%3DeyJpZCI6MTAyNzMsInVybCI6Imh0dHBzOlwvXC9zb2xpZHNjb250cm9sd29ybGQuY29tXC93cC1jb250ZW50XC91cGxvYWRzXC8yMDI0XC8wMlwvXHU1ZmFlXHU0ZmUxXHU1NmZlXHU3MjQ3XzIwMjQwMjIyMTEwODU5LnBuZyIsInNsaWRlc2hvdyI6ImI1ZmE4MDkifQ%3D%3D\" href='https:\/\/solidscontrolworld.com\/wp-content\/uploads\/2024\/02\/\u5fae\u4fe1\u56fe\u7247_20240222110859.png'><img loading=\"lazy\" decoding=\"async\" width=\"150\" height=\"150\" src=\"https:\/\/solidscontrolworld.com\/wp-content\/uploads\/2024\/02\/\u5fae\u4fe1\u56fe\u7247_20240222110859-150x150.png\" class=\"attachment-thumbnail size-thumbnail\" alt=\"\" srcset=\"https:\/\/solidscontrolworld.com\/wp-content\/uploads\/2024\/02\/\u5fae\u4fe1\u56fe\u7247_20240222110859-150x150.png 150w, https:\/\/solidscontrolworld.com\/wp-content\/uploads\/2024\/02\/\u5fae\u4fe1\u56fe\u7247_20240222110859-300x300.png 300w, https:\/\/solidscontrolworld.com\/wp-content\/uploads\/2024\/02\/\u5fae\u4fe1\u56fe\u7247_20240222110859-100x100.png 100w\" sizes=\"(max-width: 150px) 100vw, 150px\" \/><\/a>\n\t\t\t<\/dt><\/dl>\n\t\t\t<br style='clear: both' \/>\n\t\t<\/div>\n\t\t<\/div>\n\t\t\t\t\t\t<\/div>\n\t\t\t\t<\/div>\n\t\t\t\t\t<\/div>\n\t\t<\/div>\n\t\t\t\t<div class=\"elementor-column elementor-col-50 elementor-top-column elementor-element elementor-element-76f53c1\" data-id=\"76f53c1\" data-element_type=\"column\">\n\t\t\t<div class=\"elementor-widget-wrap elementor-element-populated\">\n\t\t\t\t\t\t<div class=\"elementor-element elementor-element-ec1ed56 elementor-widget elementor-widget-heading\" data-id=\"ec1ed56\" data-element_type=\"widget\" data-widget_type=\"heading.default\">\n\t\t\t\t<div class=\"elementor-widget-container\">\n\t\t\t\t\t<h3 class=\"elementor-heading-title elementor-size-default\"> Equipos de remediaci\u00f3n de suelos<\/h3>\t\t\t\t<\/div>\n\t\t\t\t<\/div>\n\t\t\t\t<div class=\"elementor-element elementor-element-a7135dc elementor-widget elementor-widget-text-editor\" data-id=\"a7135dc\" data-element_type=\"widget\" data-widget_type=\"text-editor.default\">\n\t\t\t\t<div class=\"elementor-widget-container\">\n\t\t\t\t\t\t\t\t\t<h2><strong>Equipos de remediaci\u00f3n de suelos<\/strong><\/h2>\t\t\t\t\t\t\t\t<\/div>\n\t\t\t\t<\/div>\n\t\t\t\t<div class=\"elementor-element elementor-element-5ee9f0d elementor-button-info elementor-align-justify elementor-widget elementor-widget-button\" data-id=\"5ee9f0d\" data-element_type=\"widget\" data-widget_type=\"button.default\">\n\t\t\t\t<div class=\"elementor-widget-container\">\n\t\t\t\t\t\t\t\t\t<div class=\"elementor-button-wrapper\">\n\t\t\t\t\t<a class=\"elementor-button elementor-button-link elementor-size-md\" href=\"https:\/\/solidscontrolworld.com\/es\/contactanos\/\">\n\t\t\t\t\t\t<span class=\"elementor-button-content-wrapper\">\n\t\t\t\t\t\t\t\t\t<span class=\"elementor-button-text\">PREGUNTAR<\/span>\n\t\t\t\t\t<\/span>\n\t\t\t\t\t<\/a>\n\t\t\t\t<\/div>\n\t\t\t\t\t\t\t\t<\/div>\n\t\t\t\t<\/div>\n\t\t\t\t<div class=\"elementor-element elementor-element-99f848a elementor-button-success elementor-align-justify elementor-widget elementor-widget-button\" data-id=\"99f848a\" data-element_type=\"widget\" data-widget_type=\"button.default\">\n\t\t\t\t<div class=\"elementor-widget-container\">\n\t\t\t\t\t\t\t\t\t<div class=\"elementor-button-wrapper\">\n\t\t\t\t\t<a class=\"elementor-button elementor-button-link elementor-size-md\" href=\"https:\/\/solidscontrolworld.com\/wp-content\/uploads\/2021\/05\/Brochure%E7%9A%84%E5%89%AF%E6%9C%AC.pdf\">\n\t\t\t\t\t\t<span class=\"elementor-button-content-wrapper\">\n\t\t\t\t\t\t\t\t\t<span class=\"elementor-button-text\">Folleto<\/span>\n\t\t\t\t\t<\/span>\n\t\t\t\t\t<\/a>\n\t\t\t\t<\/div>\n\t\t\t\t\t\t\t\t<\/div>\n\t\t\t\t<\/div>\n\t\t\t\t<div class=\"elementor-element elementor-element-8f7730a elementor-share-buttons--view-icon elementor-share-buttons--skin-minimal elementor-share-buttons--shape-rounded elementor-share-buttons--align-center elementor-grid-0 elementor-share-buttons--color-official elementor-widget elementor-widget-share-buttons\" data-id=\"8f7730a\" data-element_type=\"widget\" data-widget_type=\"share-buttons.default\">\n\t\t\t\t<div class=\"elementor-widget-container\">\n\t\t\t\t\t\t\t<div class=\"elementor-grid\">\n\t\t\t\t\t\t\t\t<div class=\"elementor-grid-item\">\n\t\t\t\t\t\t<div\n\t\t\t\t\t\t\tclass=\"elementor-share-btn elementor-share-btn_facebook\"\n\t\t\t\t\t\t\trole=\"button\"\n\t\t\t\t\t\t\ttabindex=\"0\"\n\t\t\t\t\t\t\taria-label=\"Compartir en facebook\"\n\t\t\t\t\t\t>\n\t\t\t\t\t\t\t\t\t\t\t\t\t\t\t<span class=\"elementor-share-btn__icon\">\n\t\t\t\t\t\t\t\t<i class=\"fab fa-facebook\" aria-hidden=\"true\"><\/i>\t\t\t\t\t\t\t<\/span>\n\t\t\t\t\t\t\t\t\t\t\t\t\t\t\t\t\t\t\t\t<\/div>\n\t\t\t\t\t<\/div>\n\t\t\t\t\t\t\t\t\t<div class=\"elementor-grid-item\">\n\t\t\t\t\t\t<div\n\t\t\t\t\t\t\tclass=\"elementor-share-btn elementor-share-btn_twitter\"\n\t\t\t\t\t\t\trole=\"button\"\n\t\t\t\t\t\t\ttabindex=\"0\"\n\t\t\t\t\t\t\taria-label=\"Compartir en Twitter\"\n\t\t\t\t\t\t>\n\t\t\t\t\t\t\t\t\t\t\t\t\t\t\t<span class=\"elementor-share-btn__icon\">\n\t\t\t\t\t\t\t\t<i class=\"fab fa-twitter\" aria-hidden=\"true\"><\/i>\t\t\t\t\t\t\t<\/span>\n\t\t\t\t\t\t\t\t\t\t\t\t\t\t\t\t\t\t\t\t<\/div>\n\t\t\t\t\t<\/div>\n\t\t\t\t\t\t\t\t\t<div class=\"elementor-grid-item\">\n\t\t\t\t\t\t<div\n\t\t\t\t\t\t\tclass=\"elementor-share-btn elementor-share-btn_linkedin\"\n\t\t\t\t\t\t\trole=\"button\"\n\t\t\t\t\t\t\ttabindex=\"0\"\n\t\t\t\t\t\t\taria-label=\"Compartir en linkedin\"\n\t\t\t\t\t\t>\n\t\t\t\t\t\t\t\t\t\t\t\t\t\t\t<span class=\"elementor-share-btn__icon\">\n\t\t\t\t\t\t\t\t<i class=\"fab fa-linkedin\" aria-hidden=\"true\"><\/i>\t\t\t\t\t\t\t<\/span>\n\t\t\t\t\t\t\t\t\t\t\t\t\t\t\t\t\t\t\t\t<\/div>\n\t\t\t\t\t<\/div>\n\t\t\t\t\t\t<\/div>\n\t\t\t\t\t\t<\/div>\n\t\t\t\t<\/div>\n\t\t\t\t\t<\/div>\n\t\t<\/div>\n\t\t\t\t\t<\/div>\n\t\t<\/section>\n\t\t\t\t<section class=\"elementor-section elementor-top-section elementor-element elementor-element-66231ec elementor-section-boxed elementor-section-height-default elementor-section-height-default\" data-id=\"66231ec\" data-element_type=\"section\">\n\t\t\t\t\t\t<div class=\"elementor-container elementor-column-gap-default\">\n\t\t\t\t\t<div class=\"elementor-column elementor-col-100 elementor-top-column elementor-element elementor-element-d2c7a4e\" data-id=\"d2c7a4e\" data-element_type=\"column\">\n\t\t\t<div class=\"elementor-widget-wrap elementor-element-populated\">\n\t\t\t\t\t\t<div class=\"elementor-element elementor-element-ca286dc elementor-widget elementor-widget-text-editor\" data-id=\"ca286dc\" data-element_type=\"widget\" data-widget_type=\"text-editor.default\">\n\t\t\t\t<div class=\"elementor-widget-container\">\n\t\t\t\t\t\t\t\t\t<p><strong><b>Entendiendo la remediaci\u00f3n del suelo:<\/b><\/strong><\/p><p><span title=\"equipo de remediaci\u00f3n de suelos\">Remediaci\u00f3n de suelos<\/span> Se refiere al proceso de restaurar el suelo contaminado a un estado limpio y seguro. Esto implica eliminar o neutralizar los contaminantes, garantizando as\u00ed que el suelo pueda volver a sustentar el crecimiento saludable de las plantas y las funciones del ecosistema. La remediaci\u00f3n del suelo es esencial para revitalizar terrenos industriales contaminados, zonas industriales contaminadas y \u00e1reas afectadas por derrames de sustancias qu\u00edmicas.<\/p><p><strong><b>El papel de los equipos de remediaci\u00f3n de suelos:<\/b><\/strong><\/p><p>Los equipos de remediaci\u00f3n de suelos abarcan una gama de tecnolog\u00edas y maquinaria dise\u00f1ada para abordar diferentes tipos de contaminaci\u00f3n del suelo. A continuaci\u00f3n, se presentan algunos componentes clave:<\/p><p><strong><b>Excavadoras y cargadoras: <\/b><\/strong>Estas unidades de maquinaria pesada se utilizan para retirar el suelo contaminado del sitio para su tratamiento o eliminaci\u00f3n.<\/p><p><strong><b>Equipos para mezclar y combinar suelos: <\/b><\/strong>Para tratar el suelo contaminado in situ (in situ), se emplean equipos como mezcladoras de suelos o unidades de mezcla de suelos. Estas mezclan el suelo con aditivos como estabilizadores de suelos o agentes de biorremediaci\u00f3n para descomponer o inmovilizar los contaminantes.<\/p><p><strong><b>Sistemas de lavado de suelos: <\/b><\/strong>Estos sistemas utilizan agua u otros disolventes para eliminar los contaminantes del suelo. Posteriormente, las aguas residuales se tratan por separado.<\/p><p><strong><b>Unidades de tratamiento t\u00e9rmico: <\/b><\/strong>Tecnolog\u00edas como las unidades de desorci\u00f3n t\u00e9rmica y los incineradores pueden destruir o volatilizar t\u00e9rmicamente los contaminantes, dejando un suelo limpio.<\/p><p><strong><b>Equipos de biorremediaci\u00f3n:<\/b><\/strong>\u00a0La biorremediaci\u00f3n implica el uso de microorganismos para degradar contaminantes. Los equipos para la biorremediaci\u00f3n pueden incluir sistemas de aireaci\u00f3n, biorreactores y herramientas de monitoreo.<\/p><p><strong><b>Sistemas de tratamiento de aguas subterr\u00e1neas:<\/b><\/strong>\u00a0En los casos en que la contaminaci\u00f3n ha penetrado en las aguas subterr\u00e1neas, equipos especializados como sistemas de bombeo y tratamiento pueden remediar tanto el suelo como las aguas subterr\u00e1neas simult\u00e1neamente.<\/p><p><strong><b>Beneficios de los equipos de remediaci\u00f3n de suelos:<\/b><\/strong><\/p><p><strong><b>Protecci\u00f3n ambiental: <\/b><\/strong>Los equipos de remediaci\u00f3n de suelo ayudan a proteger los ecosistemas y a prevenir la propagaci\u00f3n de contaminantes a otras \u00e1reas, salvaguardando las fuentes de agua y la vida silvestre.<\/p><p><strong><b>Salud y seguridad:<\/b><\/strong>\u00a0Al limpiar el suelo contaminado, la remediaci\u00f3n del suelo reduce los riesgos para la salud de las comunidades y los trabajadores cercanos.<\/p><p><strong><b>Reutilizaci\u00f3n de la propiedad: <\/b><\/strong>Los terrenos recuperados se vuelven adecuados para la reurbanizaci\u00f3n, lo que reduce la demanda de nuevos terrenos y promueve el uso sostenible de los mismos.<\/p><p><strong><b>Cumplimiento normativo:<\/b><\/strong>\u00a0El cumplimiento de las regulaciones ambientales es crucial para evitar multas y responsabilidades legales.<\/p><p>\u00bfBusca abordar los problemas de contaminaci\u00f3n del suelo de forma eficaz y eficiente? \u00a1No busque m\u00e1s! <a href=\"https:\/\/solidscontrolworld.com\/es\/\">Mundo de control de s\u00f3lidos<\/a> es su socio de confianza para equipos de remediaci\u00f3n de suelos de \u00faltima generaci\u00f3n y soluciones a medida. Nuestro equipo de expertos est\u00e1 listo para ayudarle a encontrar el equipo y la estrategia ideales para restaurar la salud ambiental. Cont\u00e1ctenos hoy mismo para emprender el camino hacia un suelo m\u00e1s limpio y saludable, y un futuro m\u00e1s sostenible.<\/p>\t\t\t\t\t\t\t\t<\/div>\n\t\t\t\t<\/div>\n\t\t\t\t\t<\/div>\n\t\t<\/div>\n\t\t\t\t\t<\/div>\n\t\t<\/section>\n\t\t\t\t<\/div>","protected":false},"excerpt":{"rendered":"<p>Equipos de remediaci\u00f3n de suelos. Equipos de remediaci\u00f3n de suelos. Equipos de remediaci\u00f3n de suelos. CONSULTE el folleto. Entendiendo la remediaci\u00f3n de suelos: La remediaci\u00f3n de suelos se refiere al proceso de restaurar el suelo contaminado a un estado limpio y seguro. Esto implica eliminar o neutralizar contaminantes, asegurando que el suelo pueda nuevamente sustentar el crecimiento saludable de las plantas y el ecosistema [\u2026]<\/p>","protected":false},"author":1,"featured_media":1489,"parent":0,"menu_order":32,"comment_status":"closed","ping_status":"closed","template":"","meta":{"_seopress_robots_primary_cat":"","_seopress_titles_title":"","_seopress_titles_desc":"","_seopress_robots_index":"","footnotes":""},"class_list":["post-3078","page","type-page","status-publish","has-post-thumbnail","hentry"],"yoast_head":"<!-- This site is optimized with the Yoast SEO plugin v25.1 - https:\/\/yoast.com\/wordpress\/plugins\/seo\/ -->\n<title>Soil Remediation Equipment - Solids Control World<\/title>\n<meta name=\"description\" content=\"Find effective soil remediation equipment for removing contaminants and restoring land. Improve your environmental projects with reliable solutions tailored to your needs.\" \/>\n<meta name=\"robots\" content=\"index, follow, max-snippet:-1, max-image-preview:large, max-video-preview:-1\" \/>\n<link rel=\"canonical\" href=\"https:\/\/solidscontrolworld.com\/es\/equipo-de-remediacion-de-suelos\/\" \/>\n<meta property=\"og:locale\" content=\"es_MX\" \/>\n<meta property=\"og:type\" content=\"article\" \/>\n<meta property=\"og:title\" content=\"Soil Remediation Equipment - Solids Control World\" \/>\n<meta property=\"og:description\" content=\"Find effective soil remediation equipment for removing contaminants and restoring land. Improve your environmental projects with reliable solutions tailored to your needs.\" \/>\n<meta property=\"og:url\" content=\"https:\/\/solidscontrolworld.com\/es\/equipo-de-remediacion-de-suelos\/\" \/>\n<meta property=\"og:site_name\" content=\"Solids Control World\" \/>\n<meta property=\"article:modified_time\" content=\"2024-10-25T06:04:39+00:00\" \/>\n<meta property=\"og:image\" content=\"https:\/\/solidscontrolworld.com\/wp-content\/uploads\/2021\/05\/\u56fe\u72479-300x193-145.jpg\" \/>\n\t<meta property=\"og:image:width\" content=\"300\" \/>\n\t<meta property=\"og:image:height\" content=\"193\" \/>\n\t<meta property=\"og:image:type\" content=\"image\/jpeg\" \/>\n<meta name=\"twitter:card\" content=\"summary_large_image\" \/>\n<meta name=\"twitter:label1\" content=\"Tiempo de lectura\" \/>\n\t<meta name=\"twitter:data1\" content=\"3 minutos\" \/>\n<!-- \/ Yoast SEO plugin. -->","yoast_head_json":{"title":"Equipos de remediaci\u00f3n de suelos - Solids Control World","description":"Encuentre equipos eficaces de remediaci\u00f3n de suelos para eliminar contaminantes y restaurar terrenos. Mejore sus proyectos ambientales con soluciones confiables adaptadas a sus necesidades.","robots":{"index":"index","follow":"follow","max-snippet":"max-snippet:-1","max-image-preview":"max-image-preview:large","max-video-preview":"max-video-preview:-1"},"canonical":"https:\/\/solidscontrolworld.com\/es\/equipo-de-remediacion-de-suelos\/","og_locale":"es_MX","og_type":"article","og_title":"Soil Remediation Equipment - Solids Control World","og_description":"Find effective soil remediation equipment for removing contaminants and restoring land. Improve your environmental projects with reliable solutions tailored to your needs.","og_url":"https:\/\/solidscontrolworld.com\/es\/equipo-de-remediacion-de-suelos\/","og_site_name":"Solids Control World","article_modified_time":"2024-10-25T06:04:39+00:00","og_image":[{"width":300,"height":193,"url":"https:\/\/solidscontrolworld.com\/wp-content\/uploads\/2021\/05\/\u56fe\u72479-300x193-145.jpg","type":"image\/jpeg"}],"twitter_card":"summary_large_image","twitter_misc":{"Tiempo de lectura":"3 minutos"},"schema":{"@context":"https:\/\/schema.org","@graph":[{"@type":"WebPage","@id":"https:\/\/solidscontrolworld.com\/soil-remediation-equipment\/","url":"https:\/\/solidscontrolworld.com\/soil-remediation-equipment\/","name":"Equipos de remediaci\u00f3n de suelos - Solids Control World","isPartOf":{"@id":"https:\/\/solidscontrolworld.com\/#website"},"primaryImageOfPage":{"@id":"https:\/\/solidscontrolworld.com\/soil-remediation-equipment\/#primaryimage"},"image":{"@id":"https:\/\/solidscontrolworld.com\/soil-remediation-equipment\/#primaryimage"},"thumbnailUrl":"https:\/\/solidscontrolworld.com\/wp-content\/uploads\/2021\/05\/\u56fe\u72479-300x193-145.jpg","datePublished":"2021-05-27T11:38:08+00:00","dateModified":"2024-10-25T06:04:39+00:00","description":"Encuentre equipos eficaces de remediaci\u00f3n de suelos para eliminar contaminantes y restaurar terrenos. Mejore sus proyectos ambientales con soluciones confiables adaptadas a sus necesidades.","breadcrumb":{"@id":"https:\/\/solidscontrolworld.com\/soil-remediation-equipment\/#breadcrumb"},"inLanguage":"es","potentialAction":[{"@type":"ReadAction","target":["https:\/\/solidscontrolworld.com\/soil-remediation-equipment\/"]}]},{"@type":"ImageObject","inLanguage":"es","@id":"https:\/\/solidscontrolworld.com\/soil-remediation-equipment\/#primaryimage","url":"https:\/\/solidscontrolworld.com\/wp-content\/uploads\/2021\/05\/\u56fe\u72479-300x193-145.jpg","contentUrl":"https:\/\/solidscontrolworld.com\/wp-content\/uploads\/2021\/05\/\u56fe\u72479-300x193-145.jpg","width":300,"height":193},{"@type":"BreadcrumbList","@id":"https:\/\/solidscontrolworld.com\/soil-remediation-equipment\/#breadcrumb","itemListElement":[{"@type":"ListItem","position":1,"name":"Home","item":"https:\/\/solidscontrolworld.com\/"},{"@type":"ListItem","position":2,"name":"Soil Remediation Equipment"}]},{"@type":"WebSite","@id":"https:\/\/solidscontrolworld.com\/#website","url":"https:\/\/solidscontrolworld.com\/","name":"Mundo de control de s\u00f3lidos","description":"","publisher":{"@id":"https:\/\/solidscontrolworld.com\/#\/schema\/person\/2c126362537c0f0e6d4a8dfba9fc68b0"},"potentialAction":[{"@type":"SearchAction","target":{"@type":"EntryPoint","urlTemplate":"https:\/\/solidscontrolworld.com\/?s={search_term_string}"},"query-input":{"@type":"PropertyValueSpecification","valueRequired":true,"valueName":"search_term_string"}}],"inLanguage":"es"},{"@type":["Person","Organization"],"@id":"https:\/\/solidscontrolworld.com\/#\/schema\/person\/2c126362537c0f0e6d4a8dfba9fc68b0","name":"mundodecontroldes\u00f3lidos","logo":{"@id":"https:\/\/solidscontrolworld.com\/#\/schema\/person\/image\/"},"sameAs":["https:\/\/solidscontrolworld.com"]}]}},"_links":{"self":[{"href":"https:\/\/solidscontrolworld.com\/es\/wp-json\/wp\/v2\/pages\/3078","targetHints":{"allow":["GET"]}}],"collection":[{"href":"https:\/\/solidscontrolworld.com\/es\/wp-json\/wp\/v2\/pages"}],"about":[{"href":"https:\/\/solidscontrolworld.com\/es\/wp-json\/wp\/v2\/types\/page"}],"author":[{"embeddable":true,"href":"https:\/\/solidscontrolworld.com\/es\/wp-json\/wp\/v2\/users\/1"}],"replies":[{"embeddable":true,"href":"https:\/\/solidscontrolworld.com\/es\/wp-json\/wp\/v2\/comments?post=3078"}],"version-history":[{"count":8,"href":"https:\/\/solidscontrolworld.com\/es\/wp-json\/wp\/v2\/pages\/3078\/revisions"}],"predecessor-version":[{"id":11240,"href":"https:\/\/solidscontrolworld.com\/es\/wp-json\/wp\/v2\/pages\/3078\/revisions\/11240"}],"wp:featuredmedia":[{"embeddable":true,"href":"https:\/\/solidscontrolworld.com\/es\/wp-json\/wp\/v2\/media\/1489"}],"wp:attachment":[{"href":"https:\/\/solidscontrolworld.com\/es\/wp-json\/wp\/v2\/media?parent=3078"}],"curies":[{"name":"wp","href":"https:\/\/api.w.org\/{rel}","templated":true}]}}