{"id":3150,"date":"2021-05-31T15:07:19","date_gmt":"2021-05-31T15:07:19","guid":{"rendered":"https:\/\/solidscontrolworld.com\/?page_id=3150"},"modified":"2025-05-26T07:31:28","modified_gmt":"2025-05-26T07:31:28","slug":"planta-de-tratamiento-de-lodos","status":"publish","type":"page","link":"https:\/\/solidscontrolworld.com\/es\/planta-de-tratamiento-de-lodos\/","title":{"rendered":"Planta de tratamiento de lodos"},"content":{"rendered":"<div data-elementor-type=\"wp-page\" data-elementor-id=\"3150\" class=\"elementor elementor-3150\">\n\t\t\t\t\t\t<section class=\"elementor-section elementor-top-section elementor-element elementor-element-3617680e elementor-section-full_width elementor-section-stretched elementor-section-height-default elementor-section-height-default\" data-id=\"3617680e\" data-element_type=\"section\" data-settings=\"{&quot;stretch_section&quot;:&quot;section-stretched&quot;,&quot;background_background&quot;:&quot;classic&quot;}\">\n\t\t\t\t\t\t<div class=\"elementor-container elementor-column-gap-default\">\n\t\t\t\t\t<div class=\"elementor-column elementor-col-100 elementor-top-column elementor-element elementor-element-6a000d83\" data-id=\"6a000d83\" data-element_type=\"column\">\n\t\t\t<div class=\"elementor-widget-wrap elementor-element-populated\">\n\t\t\t\t\t\t<div class=\"elementor-element elementor-element-1dec9f58 elementor-widget elementor-widget-heading\" data-id=\"1dec9f58\" data-element_type=\"widget\" data-widget_type=\"heading.default\">\n\t\t\t\t<div class=\"elementor-widget-container\">\n\t\t\t\t\t<h1 class=\"elementor-heading-title elementor-size-default\">Planta de tratamiento de lodos<\/h1>\t\t\t\t<\/div>\n\t\t\t\t<\/div>\n\t\t\t\t\t<\/div>\n\t\t<\/div>\n\t\t\t\t\t<\/div>\n\t\t<\/section>\n\t\t\t\t<section class=\"elementor-section elementor-top-section elementor-element elementor-element-1dc53eca elementor-section-boxed elementor-section-height-default elementor-section-height-default\" data-id=\"1dc53eca\" data-element_type=\"section\">\n\t\t\t\t\t\t<div class=\"elementor-container elementor-column-gap-default\">\n\t\t\t\t\t<div class=\"elementor-column elementor-col-50 elementor-top-column elementor-element elementor-element-104eb07f\" data-id=\"104eb07f\" data-element_type=\"column\">\n\t\t\t<div class=\"elementor-widget-wrap elementor-element-populated\">\n\t\t\t\t\t\t<div class=\"elementor-element elementor-element-6b1a070 elementor-widget elementor-widget-image\" data-id=\"6b1a070\" data-element_type=\"widget\" data-widget_type=\"image.default\">\n\t\t\t\t<div class=\"elementor-widget-container\">\n\t\t\t\t\t\t\t\t\t\t\t\t\t\t\t<img fetchpriority=\"high\" decoding=\"async\" width=\"300\" height=\"193\" src=\"https:\/\/solidscontrolworld.com\/wp-content\/uploads\/2024\/02\/\u56fe\u72479-300x193-1z-1.png\" class=\"attachment-full size-full wp-image-10262\" alt=\"Sistema de tratamiento de lodos\" \/>\t\t\t\t\t\t\t\t\t\t\t\t\t\t\t<\/div>\n\t\t\t\t<\/div>\n\t\t\t\t<div class=\"elementor-element elementor-element-58d4c149 elementor-widget elementor-widget-image-gallery\" data-id=\"58d4c149\" data-element_type=\"widget\" data-widget_type=\"image-gallery.default\">\n\t\t\t\t<div class=\"elementor-widget-container\">\n\t\t\t\t\t\t\t<div class=\"elementor-image-gallery\">\n\t\t\t\n\t\t<style type=\"text\/css\">\n\t\t\t#gallery-1 {\n\t\t\t\tmargin: auto;\n\t\t\t}\n\t\t\t#gallery-1 .gallery-item {\n\t\t\t\tfloat: left;\n\t\t\t\tmargin-top: 10px;\n\t\t\t\ttext-align: center;\n\t\t\t\twidth: 25%;\n\t\t\t}\n\t\t\t#gallery-1 img {\n\t\t\t\tborder: 2px solid #cfcfcf;\n\t\t\t}\n\t\t\t#gallery-1 .gallery-caption {\n\t\t\t\tmargin-left: 0;\n\t\t\t}\n\t\t\t\/* see gallery_shortcode() in wp-includes\/media.php *\/\n\t\t<\/style>\n\t\t<div id='gallery-1' class='gallery galleryid-3150 gallery-columns-4 gallery-size-thumbnail'><dl class='gallery-item'>\n\t\t\t<dt class='gallery-icon landscape'>\n\t\t\t\t<a data-elementor-open-lightbox=\"yes\" data-elementor-lightbox-slideshow=\"58d4c149\" data-elementor-lightbox-title=\"\u5fae\u4fe1\u56fe\u7247_20240222102402\" data-e-action-hash=\"#elementor-action%3Aaction%3Dlightbox%26settings%3DeyJpZCI6MTAyNjMsInVybCI6Imh0dHBzOlwvXC9zb2xpZHNjb250cm9sd29ybGQuY29tXC93cC1jb250ZW50XC91cGxvYWRzXC8yMDI0XC8wMlwvXHU1ZmFlXHU0ZmUxXHU1NmZlXHU3MjQ3XzIwMjQwMjIyMTAyNDAyLTEucG5nIiwic2xpZGVzaG93IjoiNThkNGMxNDkifQ%3D%3D\" href='https:\/\/solidscontrolworld.com\/wp-content\/uploads\/2024\/02\/\u5fae\u4fe1\u56fe\u7247_20240222102402-1.png'><img decoding=\"async\" width=\"150\" height=\"150\" src=\"https:\/\/solidscontrolworld.com\/wp-content\/uploads\/2024\/02\/\u5fae\u4fe1\u56fe\u7247_20240222102402-1-150x150.png\" class=\"attachment-thumbnail size-thumbnail\" alt=\"\" srcset=\"https:\/\/solidscontrolworld.com\/wp-content\/uploads\/2024\/02\/\u5fae\u4fe1\u56fe\u7247_20240222102402-1-150x150.png 150w, https:\/\/solidscontrolworld.com\/wp-content\/uploads\/2024\/02\/\u5fae\u4fe1\u56fe\u7247_20240222102402-1-300x300.png 300w, https:\/\/solidscontrolworld.com\/wp-content\/uploads\/2024\/02\/\u5fae\u4fe1\u56fe\u7247_20240222102402-1-100x100.png 100w\" sizes=\"(max-width: 150px) 100vw, 150px\" \/><\/a>\n\t\t\t<\/dt><\/dl><dl class='gallery-item'>\n\t\t\t<dt class='gallery-icon landscape'>\n\t\t\t\t<a data-elementor-open-lightbox=\"yes\" data-elementor-lightbox-slideshow=\"58d4c149\" data-elementor-lightbox-title=\"993728315b5fb4990f5208941fa3df6f\" data-e-action-hash=\"#elementor-action%3Aaction%3Dlightbox%26settings%3DeyJpZCI6MTAyNTgsInVybCI6Imh0dHBzOlwvXC9zb2xpZHNjb250cm9sd29ybGQuY29tXC93cC1jb250ZW50XC91cGxvYWRzXC8yMDI0XC8wMlwvOTkzNzI4MzE1YjVmYjQ5OTBmNTIwODk0MWZhM2RmNmYucG5nIiwic2xpZGVzaG93IjoiNThkNGMxNDkifQ%3D%3D\" href='https:\/\/solidscontrolworld.com\/wp-content\/uploads\/2024\/02\/993728315b5fb4990f5208941fa3df6f.png'><img decoding=\"async\" width=\"150\" height=\"150\" src=\"https:\/\/solidscontrolworld.com\/wp-content\/uploads\/2024\/02\/993728315b5fb4990f5208941fa3df6f-150x150.png\" class=\"attachment-thumbnail size-thumbnail\" alt=\"\" srcset=\"https:\/\/solidscontrolworld.com\/wp-content\/uploads\/2024\/02\/993728315b5fb4990f5208941fa3df6f-150x150.png 150w, https:\/\/solidscontrolworld.com\/wp-content\/uploads\/2024\/02\/993728315b5fb4990f5208941fa3df6f-300x300.png 300w, https:\/\/solidscontrolworld.com\/wp-content\/uploads\/2024\/02\/993728315b5fb4990f5208941fa3df6f-100x100.png 100w\" sizes=\"(max-width: 150px) 100vw, 150px\" \/><\/a>\n\t\t\t<\/dt><\/dl><dl class='gallery-item'>\n\t\t\t<dt class='gallery-icon landscape'>\n\t\t\t\t<a data-elementor-open-lightbox=\"yes\" data-elementor-lightbox-slideshow=\"58d4c149\" data-elementor-lightbox-title=\"\u5fae\u4fe1\u56fe\u7247_20240222105331\" data-e-action-hash=\"#elementor-action%3Aaction%3Dlightbox%26settings%3DeyJpZCI6MTAyNjUsInVybCI6Imh0dHBzOlwvXC9zb2xpZHNjb250cm9sd29ybGQuY29tXC93cC1jb250ZW50XC91cGxvYWRzXC8yMDI0XC8wMlwvXHU1ZmFlXHU0ZmUxXHU1NmZlXHU3MjQ3XzIwMjQwMjIyMTA1MzMxLnBuZyIsInNsaWRlc2hvdyI6IjU4ZDRjMTQ5In0%3D\" href='https:\/\/solidscontrolworld.com\/wp-content\/uploads\/2024\/02\/\u5fae\u4fe1\u56fe\u7247_20240222105331.png'><img loading=\"lazy\" decoding=\"async\" width=\"150\" height=\"150\" src=\"https:\/\/solidscontrolworld.com\/wp-content\/uploads\/2024\/02\/\u5fae\u4fe1\u56fe\u7247_20240222105331-150x150.png\" class=\"attachment-thumbnail size-thumbnail\" alt=\"\" srcset=\"https:\/\/solidscontrolworld.com\/wp-content\/uploads\/2024\/02\/\u5fae\u4fe1\u56fe\u7247_20240222105331-150x150.png 150w, https:\/\/solidscontrolworld.com\/wp-content\/uploads\/2024\/02\/\u5fae\u4fe1\u56fe\u7247_20240222105331-300x300.png 300w, https:\/\/solidscontrolworld.com\/wp-content\/uploads\/2024\/02\/\u5fae\u4fe1\u56fe\u7247_20240222105331-100x100.png 100w\" sizes=\"(max-width: 150px) 100vw, 150px\" \/><\/a>\n\t\t\t<\/dt><\/dl>\n\t\t\t<br style='clear: both' \/>\n\t\t<\/div>\n\t\t<\/div>\n\t\t\t\t\t\t<\/div>\n\t\t\t\t<\/div>\n\t\t\t\t\t<\/div>\n\t\t<\/div>\n\t\t\t\t<div class=\"elementor-column elementor-col-50 elementor-top-column elementor-element elementor-element-1460f4b5\" data-id=\"1460f4b5\" data-element_type=\"column\">\n\t\t\t<div class=\"elementor-widget-wrap elementor-element-populated\">\n\t\t\t\t\t\t<div class=\"elementor-element elementor-element-df86a62 elementor-widget elementor-widget-heading\" data-id=\"df86a62\" data-element_type=\"widget\" data-widget_type=\"heading.default\">\n\t\t\t\t<div class=\"elementor-widget-container\">\n\t\t\t\t\t<h3 class=\"elementor-heading-title elementor-size-default\">Sistema de tratamiento de lodos<\/h3>\t\t\t\t<\/div>\n\t\t\t\t<\/div>\n\t\t\t\t<div class=\"elementor-element elementor-element-3f070bfc elementor-widget elementor-widget-text-editor\" data-id=\"3f070bfc\" data-element_type=\"widget\" data-widget_type=\"text-editor.default\">\n\t\t\t\t<div class=\"elementor-widget-container\">\n\t\t\t\t\t\t\t\t\t<p><strong>Tel\u00e9fono: <\/strong>+86-13784677772<\/p><p><strong>Fax: <\/strong>+86-315-7651760<\/p><p><strong>Horario de apertura:<\/strong><br \/>Lunes a viernes: 8:00-17:30<\/p><p>Categor\u00eda:\u00a0<a href=\"https:\/\/solidscontrolworld.com\/es\/equipo-de-remediacion-de-suelos\/\" rel=\"tag\">Planta de tratamiento de lodos<\/a><\/p>\t\t\t\t\t\t\t\t<\/div>\n\t\t\t\t<\/div>\n\t\t\t\t<div class=\"elementor-element elementor-element-4543f1ac elementor-button-info elementor-align-justify elementor-widget elementor-widget-button\" data-id=\"4543f1ac\" data-element_type=\"widget\" data-widget_type=\"button.default\">\n\t\t\t\t<div class=\"elementor-widget-container\">\n\t\t\t\t\t\t\t\t\t<div class=\"elementor-button-wrapper\">\n\t\t\t\t\t<a class=\"elementor-button elementor-button-link elementor-size-md\" href=\"https:\/\/solidscontrolworld.com\/es\/contactanos\/\">\n\t\t\t\t\t\t<span class=\"elementor-button-content-wrapper\">\n\t\t\t\t\t\t\t\t\t<span class=\"elementor-button-text\">PREGUNTAR<\/span>\n\t\t\t\t\t<\/span>\n\t\t\t\t\t<\/a>\n\t\t\t\t<\/div>\n\t\t\t\t\t\t\t\t<\/div>\n\t\t\t\t<\/div>\n\t\t\t\t<div class=\"elementor-element elementor-element-49888a96 elementor-button-success elementor-align-justify elementor-widget elementor-widget-button\" data-id=\"49888a96\" data-element_type=\"widget\" data-widget_type=\"button.default\">\n\t\t\t\t<div class=\"elementor-widget-container\">\n\t\t\t\t\t\t\t\t\t<div class=\"elementor-button-wrapper\">\n\t\t\t\t\t<a class=\"elementor-button elementor-button-link elementor-size-md\" href=\"https:\/\/solidscontrolworld.com\/wp-content\/uploads\/2021\/05\/Brochure%E7%9A%84%E5%89%AF%E6%9C%AC.pdf\">\n\t\t\t\t\t\t<span class=\"elementor-button-content-wrapper\">\n\t\t\t\t\t\t\t\t\t<span class=\"elementor-button-text\">Folleto<\/span>\n\t\t\t\t\t<\/span>\n\t\t\t\t\t<\/a>\n\t\t\t\t<\/div>\n\t\t\t\t\t\t\t\t<\/div>\n\t\t\t\t<\/div>\n\t\t\t\t<div class=\"elementor-element elementor-element-2a3eb4d6 elementor-share-buttons--view-icon elementor-share-buttons--skin-minimal elementor-share-buttons--shape-rounded elementor-share-buttons--align-center elementor-grid-0 elementor-share-buttons--color-official elementor-widget elementor-widget-share-buttons\" data-id=\"2a3eb4d6\" data-element_type=\"widget\" data-widget_type=\"share-buttons.default\">\n\t\t\t\t<div class=\"elementor-widget-container\">\n\t\t\t\t\t\t\t<div class=\"elementor-grid\">\n\t\t\t\t\t\t\t\t<div class=\"elementor-grid-item\">\n\t\t\t\t\t\t<div\n\t\t\t\t\t\t\tclass=\"elementor-share-btn elementor-share-btn_facebook\"\n\t\t\t\t\t\t\trole=\"button\"\n\t\t\t\t\t\t\ttabindex=\"0\"\n\t\t\t\t\t\t\taria-label=\"Compartir en facebook\"\n\t\t\t\t\t\t>\n\t\t\t\t\t\t\t\t\t\t\t\t\t\t\t<span class=\"elementor-share-btn__icon\">\n\t\t\t\t\t\t\t\t<i class=\"fab fa-facebook\" aria-hidden=\"true\"><\/i>\t\t\t\t\t\t\t<\/span>\n\t\t\t\t\t\t\t\t\t\t\t\t\t\t\t\t\t\t\t\t<\/div>\n\t\t\t\t\t<\/div>\n\t\t\t\t\t\t\t\t\t<div class=\"elementor-grid-item\">\n\t\t\t\t\t\t<div\n\t\t\t\t\t\t\tclass=\"elementor-share-btn elementor-share-btn_twitter\"\n\t\t\t\t\t\t\trole=\"button\"\n\t\t\t\t\t\t\ttabindex=\"0\"\n\t\t\t\t\t\t\taria-label=\"Compartir en Twitter\"\n\t\t\t\t\t\t>\n\t\t\t\t\t\t\t\t\t\t\t\t\t\t\t<span class=\"elementor-share-btn__icon\">\n\t\t\t\t\t\t\t\t<i class=\"fab fa-twitter\" aria-hidden=\"true\"><\/i>\t\t\t\t\t\t\t<\/span>\n\t\t\t\t\t\t\t\t\t\t\t\t\t\t\t\t\t\t\t\t<\/div>\n\t\t\t\t\t<\/div>\n\t\t\t\t\t\t\t\t\t<div class=\"elementor-grid-item\">\n\t\t\t\t\t\t<div\n\t\t\t\t\t\t\tclass=\"elementor-share-btn elementor-share-btn_linkedin\"\n\t\t\t\t\t\t\trole=\"button\"\n\t\t\t\t\t\t\ttabindex=\"0\"\n\t\t\t\t\t\t\taria-label=\"Compartir en linkedin\"\n\t\t\t\t\t\t>\n\t\t\t\t\t\t\t\t\t\t\t\t\t\t\t<span class=\"elementor-share-btn__icon\">\n\t\t\t\t\t\t\t\t<i class=\"fab fa-linkedin\" aria-hidden=\"true\"><\/i>\t\t\t\t\t\t\t<\/span>\n\t\t\t\t\t\t\t\t\t\t\t\t\t\t\t\t\t\t\t\t<\/div>\n\t\t\t\t\t<\/div>\n\t\t\t\t\t\t<\/div>\n\t\t\t\t\t\t<\/div>\n\t\t\t\t<\/div>\n\t\t\t\t\t<\/div>\n\t\t<\/div>\n\t\t\t\t\t<\/div>\n\t\t<\/section>\n\t\t\t\t<section class=\"elementor-section elementor-top-section elementor-element elementor-element-93dc90b elementor-section-boxed elementor-section-height-default elementor-section-height-default\" data-id=\"93dc90b\" data-element_type=\"section\">\n\t\t\t\t\t\t<div class=\"elementor-container elementor-column-gap-default\">\n\t\t\t\t\t<div class=\"elementor-column elementor-col-100 elementor-top-column elementor-element elementor-element-501defc\" data-id=\"501defc\" data-element_type=\"column\">\n\t\t\t<div class=\"elementor-widget-wrap elementor-element-populated\">\n\t\t\t\t\t\t<div class=\"elementor-element elementor-element-4c0b697 elementor-widget elementor-widget-text-editor\" data-id=\"4c0b697\" data-element_type=\"widget\" data-widget_type=\"text-editor.default\">\n\t\t\t\t<div class=\"elementor-widget-container\">\n\t\t\t\t\t\t\t\t\t<p style=\"text-align: left;\">Miner\u00eda y procesamiento de minerales: <span title=\"sistema de separaci\u00f3n de lodos\">Sistemas de tratamiento de lodos<\/span> Se utilizan ampliamente en la miner\u00eda para <span title=\"sistema de separaci\u00f3n de lodos\">separado<\/span> Minerales valiosos a partir de materiales de desecho en forma de relaves. Esto no solo maximiza la recuperaci\u00f3n de recursos, sino que tambi\u00e9n minimiza el impacto ambiental de las actividades mineras.<\/p><p style=\"text-align: left;\">Industria del petr\u00f3leo y el gas: Las operaciones de perforaci\u00f3n generan lodos de perforaci\u00f3n, que son lodos que contienen diversos contaminantes. Los sistemas de tratamiento de lodos ayudan a eliminar los contaminantes, lo que permite su eliminaci\u00f3n o reutilizaci\u00f3n segura. <a href=\"https:\/\/solidscontrolworld.com\/es\/blog\/cual-es-el-papel-de-la-centrifuga-de-fluido-de-perforacion-en-el-sistema-de-control-de-solidos\/\"><strong>fluidos de perforaci\u00f3n<\/strong><\/a>.<\/p><p style=\"text-align: left;\">Tratamiento de aguas residuales: en \u00e1mbitos municipales e industriales <a href=\"https:\/\/solidscontrolworld.com\/es\/gestion-de-residuos-de-perforacion\/\">plantas de tratamiento de aguas residuales,<\/a> Los sistemas de tratamiento de lodos desempe\u00f1an un papel fundamental en la separaci\u00f3n de s\u00f3lidos de las aguas residuales antes de su posterior procesamiento. Esto garantiza que solo el agua tratada se descargue en cuerpos de agua naturales.<\/p><p style=\"text-align: left;\">Construcci\u00f3n y tunelaje: En proyectos de construcci\u00f3n y tunelaje, los sistemas de tratamiento de lodos ayudan a gestionar el proceso de excavaci\u00f3n de manera eficiente al separar las part\u00edculas de tierra y roca de los fluidos de perforaci\u00f3n, reduciendo los desechos y el impacto ambiental.<\/p><p style=\"text-align: left;\">Ventajas de los sistemas de tratamiento de lodos:<\/p><p style=\"text-align: left;\">Responsabilidad ambiental: Los sistemas de tratamiento de lodos son esenciales para reducir el impacto ambiental de diversas industrias. Previenen la contaminaci\u00f3n del suelo y las fuentes de agua al eliminar los contaminantes de los lodos.<\/p><p style=\"text-align: left;\">Recuperaci\u00f3n de recursos: Se pueden recuperar materiales valiosos de los s\u00f3lidos separados, lo que reduce los desechos y aumenta la eficiencia de los recursos.<\/p><p style=\"text-align: left;\">Reducci\u00f3n de costos: los sistemas de tratamiento de purines minimizan los costos de eliminaci\u00f3n de desechos y reducen la necesidad de consumo de agua dulce, lo que genera beneficios econ\u00f3micos.<\/p><p style=\"text-align: left;\">Cumplimiento de regulaciones: Estos sistemas garantizan que las industrias cumplan con las regulaciones ambientales y descarguen agua limpia o s\u00f3lidos tratados de acuerdo con los requisitos legales.<\/p><p style=\"text-align: left;\">El futuro de los sistemas de tratamiento de lodos: A medida que las industrias siguen priorizando la sostenibilidad y la responsabilidad ambiental, los sistemas de tratamiento de lodos desempe\u00f1ar\u00e1n un papel cada vez m\u00e1s importante. Los avances en tecnolog\u00eda, automatizaci\u00f3n y an\u00e1lisis de datos est\u00e1n haciendo que estos sistemas sean m\u00e1s eficientes y rentables. Adem\u00e1s, la investigaci\u00f3n sobre m\u00e9todos y materiales de tratamiento ecol\u00f3gicos optimizar\u00e1 a\u00fan m\u00e1s sus beneficios ambientales.<\/p><p style=\"text-align: left;\">En conclusi\u00f3n, los sistemas de tratamiento de lodos son herramientas esenciales para las industrias modernas. Contribuyen a la protecci\u00f3n del medio ambiente, la recuperaci\u00f3n de recursos, la reducci\u00f3n de costos y el cumplimiento normativo. Gracias a la innovaci\u00f3n continua y al compromiso con la sostenibilidad, estos sistemas seguir\u00e1n siendo vitales para abordar los desaf\u00edos de la gesti\u00f3n de lodos en diversos procesos industriales. Somos un fabricante l\u00edder especializado en equipos para sistemas de tratamiento de lodos. Gracias a nuestra experiencia y dedicaci\u00f3n, ofrecemos soluciones integrales adaptadas a sus necesidades. \u00a1Le invitamos a consultarnos y a colaborar con nosotros para lograr un \u00e9xito de ingenier\u00eda excepcional!<\/p><p style=\"text-align: left;\">\u00a0<\/p>\t\t\t\t\t\t\t\t<\/div>\n\t\t\t\t<\/div>\n\t\t\t\t\t<\/div>\n\t\t<\/div>\n\t\t\t\t\t<\/div>\n\t\t<\/section>\n\t\t\t\t<\/div>","protected":false},"excerpt":{"rendered":"<p>Planta de tratamiento de lodos Sistema de tratamiento de lodos Tel.: +86-13784677772 Fax: +86-315-7651760 Horario: Lun.-Vie.: 8:00-17:30 Categor\u00eda: Planta de tratamiento de lodos CONSULTAR Folleto Miner\u00eda y procesamiento de minerales: Los sistemas de tratamiento de lodos se utilizan ampliamente en la miner\u00eda para separar minerales valiosos de los materiales de desecho en forma de relaves. Esto no solo maximiza la recuperaci\u00f3n de recursos, sino que tambi\u00e9n [\u2026]<\/p>","protected":false},"author":1,"featured_media":1490,"parent":0,"menu_order":40,"comment_status":"closed","ping_status":"closed","template":"","meta":{"_seopress_robots_primary_cat":"","_seopress_titles_title":"","_seopress_titles_desc":"","_seopress_robots_index":"","footnotes":""},"class_list":["post-3150","page","type-page","status-publish","has-post-thumbnail","hentry"],"yoast_head":"<!-- This site is optimized with the Yoast SEO plugin v25.1 - https:\/\/yoast.com\/wordpress\/plugins\/seo\/ -->\n<title>Operations with Slurry Separation System | Solids Control World<\/title>\n<meta name=\"description\" content=\"Mud recycling system reclaims drilling fluids by removing solids, improving performance. Slurry separation system processes waste material for efficient reuse.\" \/>\n<meta name=\"robots\" content=\"index, follow, max-snippet:-1, max-image-preview:large, max-video-preview:-1\" \/>\n<link rel=\"canonical\" href=\"https:\/\/solidscontrolworld.com\/es\/planta-de-tratamiento-de-lodos\/\" \/>\n<meta property=\"og:locale\" content=\"es_MX\" \/>\n<meta property=\"og:type\" content=\"article\" \/>\n<meta property=\"og:title\" content=\"Operations with Slurry Separation System | Solids Control World\" \/>\n<meta property=\"og:description\" content=\"Mud recycling system reclaims drilling fluids by removing solids, improving performance. Slurry separation system processes waste material for efficient reuse.\" \/>\n<meta property=\"og:url\" content=\"https:\/\/solidscontrolworld.com\/es\/planta-de-tratamiento-de-lodos\/\" \/>\n<meta property=\"og:site_name\" content=\"Solids Control World\" \/>\n<meta property=\"article:modified_time\" content=\"2025-05-26T07:31:28+00:00\" \/>\n<meta property=\"og:image\" content=\"http:\/\/solidscontrolworld.com\/wp-content\/uploads\/2021\/05\/\u56fe\u72479-300x193-1z.jpg\" \/>\n\t<meta property=\"og:image:width\" content=\"300\" \/>\n\t<meta property=\"og:image:height\" content=\"193\" \/>\n\t<meta property=\"og:image:type\" content=\"image\/jpeg\" \/>\n<meta name=\"twitter:card\" content=\"summary_large_image\" \/>\n<meta name=\"twitter:label1\" content=\"Tiempo de lectura\" \/>\n\t<meta name=\"twitter:data1\" content=\"3 minutos\" \/>\n<!-- \/ Yoast SEO plugin. -->","yoast_head_json":{"title":"Operaciones con sistema de separaci\u00f3n de lodos | Solids Control World","description":"El sistema de reciclaje de lodos recupera los fluidos de perforaci\u00f3n eliminando los s\u00f3lidos, lo que mejora el rendimiento. El sistema de separaci\u00f3n de lodos procesa los residuos para una reutilizaci\u00f3n eficiente.","robots":{"index":"index","follow":"follow","max-snippet":"max-snippet:-1","max-image-preview":"max-image-preview:large","max-video-preview":"max-video-preview:-1"},"canonical":"https:\/\/solidscontrolworld.com\/es\/planta-de-tratamiento-de-lodos\/","og_locale":"es_MX","og_type":"article","og_title":"Operations with Slurry Separation System | Solids Control World","og_description":"Mud recycling system reclaims drilling fluids by removing solids, improving performance. Slurry separation system processes waste material for efficient reuse.","og_url":"https:\/\/solidscontrolworld.com\/es\/planta-de-tratamiento-de-lodos\/","og_site_name":"Solids Control World","article_modified_time":"2025-05-26T07:31:28+00:00","og_image":[{"width":300,"height":193,"url":"http:\/\/solidscontrolworld.com\/wp-content\/uploads\/2021\/05\/\u56fe\u72479-300x193-1z.jpg","type":"image\/jpeg"}],"twitter_card":"summary_large_image","twitter_misc":{"Tiempo de lectura":"3 minutos"},"schema":{"@context":"https:\/\/schema.org","@graph":[{"@type":"WebPage","@id":"https:\/\/solidscontrolworld.com\/slurry-treatment-plant\/","url":"https:\/\/solidscontrolworld.com\/slurry-treatment-plant\/","name":"Operaciones con sistema de separaci\u00f3n de lodos | Solids Control World","isPartOf":{"@id":"https:\/\/solidscontrolworld.com\/#website"},"primaryImageOfPage":{"@id":"https:\/\/solidscontrolworld.com\/slurry-treatment-plant\/#primaryimage"},"image":{"@id":"https:\/\/solidscontrolworld.com\/slurry-treatment-plant\/#primaryimage"},"thumbnailUrl":"https:\/\/solidscontrolworld.com\/wp-content\/uploads\/2021\/05\/\u56fe\u72479-300x193-1z.jpg","datePublished":"2021-05-31T15:07:19+00:00","dateModified":"2025-05-26T07:31:28+00:00","description":"El sistema de reciclaje de lodos recupera los fluidos de perforaci\u00f3n eliminando los s\u00f3lidos, lo que mejora el rendimiento. El sistema de separaci\u00f3n de lodos procesa los residuos para una reutilizaci\u00f3n eficiente.","breadcrumb":{"@id":"https:\/\/solidscontrolworld.com\/slurry-treatment-plant\/#breadcrumb"},"inLanguage":"es","potentialAction":[{"@type":"ReadAction","target":["https:\/\/solidscontrolworld.com\/slurry-treatment-plant\/"]}]},{"@type":"ImageObject","inLanguage":"es","@id":"https:\/\/solidscontrolworld.com\/slurry-treatment-plant\/#primaryimage","url":"https:\/\/solidscontrolworld.com\/wp-content\/uploads\/2021\/05\/\u56fe\u72479-300x193-1z.jpg","contentUrl":"https:\/\/solidscontrolworld.com\/wp-content\/uploads\/2021\/05\/\u56fe\u72479-300x193-1z.jpg","width":300,"height":193,"caption":"drilling waste management equipment supplier"},{"@type":"BreadcrumbList","@id":"https:\/\/solidscontrolworld.com\/slurry-treatment-plant\/#breadcrumb","itemListElement":[{"@type":"ListItem","position":1,"name":"Home","item":"https:\/\/solidscontrolworld.com\/"},{"@type":"ListItem","position":2,"name":"Slurry treatment plant"}]},{"@type":"WebSite","@id":"https:\/\/solidscontrolworld.com\/#website","url":"https:\/\/solidscontrolworld.com\/","name":"Mundo de control de s\u00f3lidos","description":"","publisher":{"@id":"https:\/\/solidscontrolworld.com\/#\/schema\/person\/2c126362537c0f0e6d4a8dfba9fc68b0"},"potentialAction":[{"@type":"SearchAction","target":{"@type":"EntryPoint","urlTemplate":"https:\/\/solidscontrolworld.com\/?s={search_term_string}"},"query-input":{"@type":"PropertyValueSpecification","valueRequired":true,"valueName":"search_term_string"}}],"inLanguage":"es"},{"@type":["Person","Organization"],"@id":"https:\/\/solidscontrolworld.com\/#\/schema\/person\/2c126362537c0f0e6d4a8dfba9fc68b0","name":"mundodecontroldes\u00f3lidos","logo":{"@id":"https:\/\/solidscontrolworld.com\/#\/schema\/person\/image\/"},"sameAs":["https:\/\/solidscontrolworld.com"]}]}},"_links":{"self":[{"href":"https:\/\/solidscontrolworld.com\/es\/wp-json\/wp\/v2\/pages\/3150","targetHints":{"allow":["GET"]}}],"collection":[{"href":"https:\/\/solidscontrolworld.com\/es\/wp-json\/wp\/v2\/pages"}],"about":[{"href":"https:\/\/solidscontrolworld.com\/es\/wp-json\/wp\/v2\/types\/page"}],"author":[{"embeddable":true,"href":"https:\/\/solidscontrolworld.com\/es\/wp-json\/wp\/v2\/users\/1"}],"replies":[{"embeddable":true,"href":"https:\/\/solidscontrolworld.com\/es\/wp-json\/wp\/v2\/comments?post=3150"}],"version-history":[{"count":11,"href":"https:\/\/solidscontrolworld.com\/es\/wp-json\/wp\/v2\/pages\/3150\/revisions"}],"predecessor-version":[{"id":12298,"href":"https:\/\/solidscontrolworld.com\/es\/wp-json\/wp\/v2\/pages\/3150\/revisions\/12298"}],"wp:featuredmedia":[{"embeddable":true,"href":"https:\/\/solidscontrolworld.com\/es\/wp-json\/wp\/v2\/media\/1490"}],"wp:attachment":[{"href":"https:\/\/solidscontrolworld.com\/es\/wp-json\/wp\/v2\/media?parent=3150"}],"curies":[{"name":"wp","href":"https:\/\/api.w.org\/{rel}","templated":true}]}}