{"id":3159,"date":"2021-05-31T15:11:33","date_gmt":"2021-05-31T15:11:33","guid":{"rendered":"https:\/\/solidscontrolworld.com\/?page_id=3159"},"modified":"2025-05-26T06:47:26","modified_gmt":"2025-05-26T06:47:26","slug":"gestion-de-residuos-de-perforacion","status":"publish","type":"page","link":"https:\/\/solidscontrolworld.com\/es\/gestion-de-residuos-de-perforacion\/","title":{"rendered":"Gesti\u00f3n de residuos de perforaci\u00f3n"},"content":{"rendered":"<div data-elementor-type=\"wp-page\" data-elementor-id=\"3159\" class=\"elementor elementor-3159\">\n\t\t\t\t\t\t<section class=\"elementor-section elementor-top-section elementor-element elementor-element-70243090 elementor-section-boxed elementor-section-height-default elementor-section-height-default\" data-id=\"70243090\" data-element_type=\"section\">\n\t\t\t\t\t\t<div class=\"elementor-container elementor-column-gap-default\">\n\t\t\t\t\t<div class=\"elementor-column elementor-col-100 elementor-top-column elementor-element elementor-element-655ef007\" data-id=\"655ef007\" data-element_type=\"column\">\n\t\t\t<div class=\"elementor-widget-wrap elementor-element-populated\">\n\t\t\t\t\t\t<div class=\"elementor-element elementor-element-5df7107b elementor-widget elementor-widget-heading\" data-id=\"5df7107b\" data-element_type=\"widget\" data-widget_type=\"heading.default\">\n\t\t\t\t<div class=\"elementor-widget-container\">\n\t\t\t\t\t<h1 class=\"elementor-heading-title elementor-size-default\">Gesti\u00f3n de residuos de perforaci\u00f3n<\/h1>\t\t\t\t<\/div>\n\t\t\t\t<\/div>\n\t\t\t\t<div class=\"elementor-element elementor-element-25d7df3b elementor-widget-divider--view-line elementor-widget elementor-widget-divider\" data-id=\"25d7df3b\" data-element_type=\"widget\" data-widget_type=\"divider.default\">\n\t\t\t\t<div class=\"elementor-widget-container\">\n\t\t\t\t\t\t\t<div class=\"elementor-divider\">\n\t\t\t<span class=\"elementor-divider-separator\">\n\t\t\t\t\t\t<\/span>\n\t\t<\/div>\n\t\t\t\t\t\t<\/div>\n\t\t\t\t<\/div>\n\t\t\t\t\t<\/div>\n\t\t<\/div>\n\t\t\t\t\t<\/div>\n\t\t<\/section>\n\t\t\t\t<section class=\"elementor-section elementor-top-section elementor-element elementor-element-234c9a0a elementor-section-boxed elementor-section-height-default elementor-section-height-default\" data-id=\"234c9a0a\" data-element_type=\"section\">\n\t\t\t\t\t\t<div class=\"elementor-container elementor-column-gap-default\">\n\t\t\t\t\t<div class=\"elementor-column elementor-col-50 elementor-top-column elementor-element elementor-element-63cb93e7\" data-id=\"63cb93e7\" data-element_type=\"column\">\n\t\t\t<div class=\"elementor-widget-wrap elementor-element-populated\">\n\t\t\t\t\t\t<div class=\"elementor-element elementor-element-257a9d91 elementor-widget elementor-widget-image\" data-id=\"257a9d91\" data-element_type=\"widget\" data-widget_type=\"image.default\">\n\t\t\t\t<div class=\"elementor-widget-container\">\n\t\t\t\t\t\t\t\t\t\t\t\t\t\t\t<img decoding=\"async\" src=\"https:\/\/solidscontrolworld.com\/wp-content\/uploads\/2021\/05\/%E5%9B%BE%E7%89%879-300x193-2.png\" title=\"\" alt=\"Gesti\u00f3n de residuos de perforaci\u00f3n\" loading=\"lazy\" \/>\t\t\t\t\t\t\t\t\t\t\t\t\t\t\t<\/div>\n\t\t\t\t<\/div>\n\t\t\t\t<div class=\"elementor-element elementor-element-70e780b3 elementor-widget elementor-widget-image-gallery\" data-id=\"70e780b3\" data-element_type=\"widget\" data-widget_type=\"image-gallery.default\">\n\t\t\t\t<div class=\"elementor-widget-container\">\n\t\t\t\t\t\t\t<div class=\"elementor-image-gallery\">\n\t\t\t\n\t\t<style type=\"text\/css\">\n\t\t\t#gallery-1 {\n\t\t\t\tmargin: auto;\n\t\t\t}\n\t\t\t#gallery-1 .gallery-item {\n\t\t\t\tfloat: left;\n\t\t\t\tmargin-top: 10px;\n\t\t\t\ttext-align: center;\n\t\t\t\twidth: 25%;\n\t\t\t}\n\t\t\t#gallery-1 img {\n\t\t\t\tborder: 2px solid #cfcfcf;\n\t\t\t}\n\t\t\t#gallery-1 .gallery-caption {\n\t\t\t\tmargin-left: 0;\n\t\t\t}\n\t\t\t\/* see gallery_shortcode() in wp-includes\/media.php *\/\n\t\t<\/style>\n\t\t<div id='gallery-1' class='gallery galleryid-3159 gallery-columns-4 gallery-size-thumbnail'><dl class='gallery-item'>\n\t\t\t<dt class='gallery-icon landscape'>\n\t\t\t\t<a data-elementor-open-lightbox=\"yes\" data-elementor-lightbox-slideshow=\"70e780b3\" data-elementor-lightbox-title=\"drilling waste management equipment supplier\" data-e-action-hash=\"#elementor-action%3Aaction%3Dlightbox%26settings%3DeyJpZCI6MTQ5MCwidXJsIjoiaHR0cHM6XC9cL3NvbGlkc2NvbnRyb2x3b3JsZC5jb21cL3dwLWNvbnRlbnRcL3VwbG9hZHNcLzIwMjFcLzA1XC9cdTU2ZmVcdTcyNDc5LTMwMHgxOTMtMXouanBnIiwic2xpZGVzaG93IjoiNzBlNzgwYjMifQ%3D%3D\" href='https:\/\/solidscontrolworld.com\/wp-content\/uploads\/2021\/05\/\u56fe\u72479-300x193-1z.jpg'><img decoding=\"async\" width=\"150\" height=\"97\" src=\"https:\/\/solidscontrolworld.com\/wp-content\/uploads\/2021\/05\/\u56fe\u72479-300x193-1z.jpg\" class=\"attachment-thumbnail size-thumbnail\" alt=\"Proveedor de equipos de gesti\u00f3n de residuos de perforaci\u00f3n\" \/><\/a>\n\t\t\t<\/dt><\/dl><dl class='gallery-item'>\n\t\t\t<dt class='gallery-icon landscape'>\n\t\t\t\t<a data-elementor-open-lightbox=\"yes\" data-elementor-lightbox-slideshow=\"70e780b3\" data-elementor-lightbox-title=\"drilling waste management equipment supplier\" data-e-action-hash=\"#elementor-action%3Aaction%3Dlightbox%26settings%3DeyJpZCI6Mjk2NCwidXJsIjoiaHR0cHM6XC9cL3NvbGlkc2NvbnRyb2x3b3JsZC5jb21cL3dwLWNvbnRlbnRcL3VwbG9hZHNcLzIwMjFcLzA1XC9oaC5qcGciLCJzbGlkZXNob3ciOiI3MGU3ODBiMyJ9\" href='https:\/\/solidscontrolworld.com\/wp-content\/uploads\/2021\/05\/hh.jpg'><img decoding=\"async\" width=\"150\" height=\"150\" src=\"https:\/\/solidscontrolworld.com\/wp-content\/uploads\/2021\/05\/hh-150x150.jpg\" class=\"attachment-thumbnail size-thumbnail\" alt=\"Proveedor de equipos de gesti\u00f3n de residuos de perforaci\u00f3n\" srcset=\"https:\/\/solidscontrolworld.com\/wp-content\/uploads\/2021\/05\/hh-150x150.jpg 150w, https:\/\/solidscontrolworld.com\/wp-content\/uploads\/2021\/05\/hh-300x300.jpg 300w, https:\/\/solidscontrolworld.com\/wp-content\/uploads\/2021\/05\/hh-100x100.jpg 100w\" sizes=\"(max-width: 150px) 100vw, 150px\" \/><\/a>\n\t\t\t<\/dt><\/dl><dl class='gallery-item'>\n\t\t\t<dt class='gallery-icon landscape'>\n\t\t\t\t<a data-elementor-open-lightbox=\"yes\" data-elementor-lightbox-slideshow=\"70e780b3\" data-elementor-lightbox-title=\"WeChat Image_20210522121142\" data-e-action-hash=\"#elementor-action%3Aaction%3Dlightbox%26settings%3DeyJpZCI6Mjk2NywidXJsIjoiaHR0cHM6XC9cL3NvbGlkc2NvbnRyb2x3b3JsZC5jb21cL3dwLWNvbnRlbnRcL3VwbG9hZHNcLzIwMjFcLzA1XC9XZUNoYXQtSW1hZ2VfMjAyMTA1MjIxMjExNDIuanBnIiwic2xpZGVzaG93IjoiNzBlNzgwYjMifQ%3D%3D\" href='https:\/\/solidscontrolworld.com\/wp-content\/uploads\/2021\/05\/WeChat-Image_20210522121142.jpg'><img decoding=\"async\" width=\"150\" height=\"150\" src=\"https:\/\/solidscontrolworld.com\/wp-content\/uploads\/2021\/05\/WeChat-Image_20210522121142-150x150.jpg\" class=\"attachment-thumbnail size-thumbnail\" alt=\"Proveedor de equipos de gesti\u00f3n de residuos de perforaci\u00f3n\" srcset=\"https:\/\/solidscontrolworld.com\/wp-content\/uploads\/2021\/05\/WeChat-Image_20210522121142-150x150.jpg 150w, https:\/\/solidscontrolworld.com\/wp-content\/uploads\/2021\/05\/WeChat-Image_20210522121142-300x300.jpg 300w, https:\/\/solidscontrolworld.com\/wp-content\/uploads\/2021\/05\/WeChat-Image_20210522121142-100x100.jpg 100w\" sizes=\"(max-width: 150px) 100vw, 150px\" \/><\/a>\n\t\t\t<\/dt><\/dl><dl class='gallery-item'>\n\t\t\t<dt class='gallery-icon landscape'>\n\t\t\t\t<a data-elementor-open-lightbox=\"yes\" data-elementor-lightbox-slideshow=\"70e780b3\" data-elementor-lightbox-title=\"drilling waste management equipment supplier\" data-e-action-hash=\"#elementor-action%3Aaction%3Dlightbox%26settings%3DeyJpZCI6MTQzMSwidXJsIjoiaHR0cHM6XC9cL3NvbGlkc2NvbnRyb2x3b3JsZC5jb21cL3dwLWNvbnRlbnRcL3VwbG9hZHNcLzIwMjFcLzA1XC9cdTU2ZmVcdTcyNDcxMC0zMDB4MTk0LTIucG5nIiwic2xpZGVzaG93IjoiNzBlNzgwYjMifQ%3D%3D\" href='https:\/\/solidscontrolworld.com\/wp-content\/uploads\/2021\/05\/\u56fe\u724710-300x194-2.png'><img loading=\"lazy\" decoding=\"async\" width=\"150\" height=\"97\" src=\"https:\/\/solidscontrolworld.com\/wp-content\/uploads\/2021\/05\/\u56fe\u724710-300x194-2.png\" class=\"attachment-thumbnail size-thumbnail\" alt=\"Proveedor de equipos de gesti\u00f3n de residuos de perforaci\u00f3n\" \/><\/a>\n\t\t\t<\/dt><\/dl><br style=\"clear: both\" \/>\n\t\t<\/div>\n\t\t<\/div>\n\t\t\t\t\t\t<\/div>\n\t\t\t\t<\/div>\n\t\t\t\t\t<\/div>\n\t\t<\/div>\n\t\t\t\t<div class=\"elementor-column elementor-col-50 elementor-top-column elementor-element elementor-element-18268097\" data-id=\"18268097\" data-element_type=\"column\">\n\t\t\t<div class=\"elementor-widget-wrap elementor-element-populated\">\n\t\t\t\t\t\t<div class=\"elementor-element elementor-element-3ac46a47 elementor-widget elementor-widget-text-editor\" data-id=\"3ac46a47\" data-element_type=\"widget\" data-widget_type=\"text-editor.default\">\n\t\t\t\t<div class=\"elementor-widget-container\">\n\t\t\t\t\t\t\t\t\t<h3 class=\"product_title entry-title\">Gesti\u00f3n de residuos de perforaci\u00f3n<\/h3>\t\t\t\t\t\t\t\t<\/div>\n\t\t\t\t<\/div>\n\t\t\t\t<div class=\"elementor-element elementor-element-77d6fe04 elementor-widget elementor-widget-text-editor\" data-id=\"77d6fe04\" data-element_type=\"widget\" data-widget_type=\"text-editor.default\">\n\t\t\t\t<div class=\"elementor-widget-container\">\n\t\t\t\t\t\t\t\t\t<p><strong><span style=\"color: #000000;\">DIRECCI\u00d3N:<\/span><\/strong><\/p><p>Habitaci\u00f3n 1924, Bloque D, Plaza Wanda, ciudad de Tangshan, China.<\/p><p><span style=\"color: #000000;\"><strong>Contacto<\/strong><\/span><\/p><p>info@solidscontrolworld.com<\/p>\t\t\t\t\t\t\t\t<\/div>\n\t\t\t\t<\/div>\n\t\t\t\t<div class=\"elementor-element elementor-element-5e5b49e6 elementor-widget elementor-widget-text-editor\" data-id=\"5e5b49e6\" data-element_type=\"widget\" data-widget_type=\"text-editor.default\">\n\t\t\t\t<div class=\"elementor-widget-container\">\n\t\t\t\t\t\t\t\t\t<p><strong>Tel\u00e9fono: <\/strong>+86-18034158133<\/p><p><strong>Fax: <\/strong>+86-315-7651760<\/p><p><strong>Horario de apertura:<\/strong><br \/>Lunes a viernes: 8:00-17:30<\/p><p>Categor\u00eda:\u00a0<a href=\"https:\/\/solidscontrolworld.com\/es\/equipo-de-remediacion-de-suelos\/\" rel=\"tag\">Gesti\u00f3n de residuos de perforaci\u00f3n<\/a><\/p>\t\t\t\t\t\t\t\t<\/div>\n\t\t\t\t<\/div>\n\t\t\t\t<div class=\"elementor-element elementor-element-64c37b63 elementor-widget-divider--view-line elementor-widget elementor-widget-divider\" data-id=\"64c37b63\" data-element_type=\"widget\" data-widget_type=\"divider.default\">\n\t\t\t\t<div class=\"elementor-widget-container\">\n\t\t\t\t\t\t\t<div class=\"elementor-divider\">\n\t\t\t<span class=\"elementor-divider-separator\">\n\t\t\t\t\t\t<\/span>\n\t\t<\/div>\n\t\t\t\t\t\t<\/div>\n\t\t\t\t<\/div>\n\t\t\t\t<section class=\"elementor-section elementor-inner-section elementor-element elementor-element-36b52f26 elementor-section-boxed elementor-section-height-default elementor-section-height-default\" data-id=\"36b52f26\" data-element_type=\"section\">\n\t\t\t\t\t\t<div class=\"elementor-container elementor-column-gap-default\">\n\t\t\t\t\t<div class=\"elementor-column elementor-col-50 elementor-inner-column elementor-element elementor-element-189799da\" data-id=\"189799da\" data-element_type=\"column\">\n\t\t\t<div class=\"elementor-widget-wrap elementor-element-populated\">\n\t\t\t\t\t\t<div class=\"elementor-element elementor-element-72f6f28f elementor-button-success elementor-align-left elementor-widget elementor-widget-button\" data-id=\"72f6f28f\" data-element_type=\"widget\" data-widget_type=\"button.default\">\n\t\t\t\t<div class=\"elementor-widget-container\">\n\t\t\t\t\t\t\t\t\t<div class=\"elementor-button-wrapper\">\n\t\t\t\t\t<a class=\"elementor-button elementor-button-link elementor-size-md\" href=\"https:\/\/solidscontrolworld.com\/wp-content\/uploads\/2021\/05\/Brochure%E7%9A%84%E5%89%AF%E6%9C%AC.pdf\">\n\t\t\t\t\t\t<span class=\"elementor-button-content-wrapper\">\n\t\t\t\t\t\t\t\t\t<span class=\"elementor-button-text\">Folleto<\/span>\n\t\t\t\t\t<\/span>\n\t\t\t\t\t<\/a>\n\t\t\t\t<\/div>\n\t\t\t\t\t\t\t\t<\/div>\n\t\t\t\t<\/div>\n\t\t\t\t\t<\/div>\n\t\t<\/div>\n\t\t\t\t<div class=\"elementor-column elementor-col-50 elementor-inner-column elementor-element elementor-element-4e6701f3\" data-id=\"4e6701f3\" data-element_type=\"column\">\n\t\t\t<div class=\"elementor-widget-wrap elementor-element-populated\">\n\t\t\t\t\t\t<div class=\"elementor-element elementor-element-4af49123 elementor-button-info elementor-align-center elementor-widget elementor-widget-button\" data-id=\"4af49123\" data-element_type=\"widget\" data-widget_type=\"button.default\">\n\t\t\t\t<div class=\"elementor-widget-container\">\n\t\t\t\t\t\t\t\t\t<div class=\"elementor-button-wrapper\">\n\t\t\t\t\t<a class=\"elementor-button elementor-button-link elementor-size-md\" href=\"https:\/\/solidscontrolworld.com\/es\/contactanos\/\">\n\t\t\t\t\t\t<span class=\"elementor-button-content-wrapper\">\n\t\t\t\t\t\t\t\t\t<span class=\"elementor-button-text\">PREGUNTAR<\/span>\n\t\t\t\t\t<\/span>\n\t\t\t\t\t<\/a>\n\t\t\t\t<\/div>\n\t\t\t\t\t\t\t\t<\/div>\n\t\t\t\t<\/div>\n\t\t\t\t\t<\/div>\n\t\t<\/div>\n\t\t\t\t\t<\/div>\n\t\t<\/section>\n\t\t\t\t<div class=\"elementor-element elementor-element-7de36627 elementor-share-buttons--view-icon elementor-share-buttons--skin-minimal elementor-share-buttons--shape-rounded elementor-share-buttons--align-center elementor-grid-0 elementor-share-buttons--color-official elementor-widget elementor-widget-share-buttons\" data-id=\"7de36627\" data-element_type=\"widget\" data-widget_type=\"share-buttons.default\">\n\t\t\t\t<div class=\"elementor-widget-container\">\n\t\t\t\t\t\t\t<div class=\"elementor-grid\">\n\t\t\t\t\t\t\t\t<div class=\"elementor-grid-item\">\n\t\t\t\t\t\t<div\n\t\t\t\t\t\t\tclass=\"elementor-share-btn elementor-share-btn_facebook\"\n\t\t\t\t\t\t\trole=\"button\"\n\t\t\t\t\t\t\ttabindex=\"0\"\n\t\t\t\t\t\t\taria-label=\"Compartir en facebook\"\n\t\t\t\t\t\t>\n\t\t\t\t\t\t\t\t\t\t\t\t\t\t\t<span class=\"elementor-share-btn__icon\">\n\t\t\t\t\t\t\t\t<i class=\"fab fa-facebook\" aria-hidden=\"true\"><\/i>\t\t\t\t\t\t\t<\/span>\n\t\t\t\t\t\t\t\t\t\t\t\t\t\t\t\t\t\t\t\t<\/div>\n\t\t\t\t\t<\/div>\n\t\t\t\t\t\t\t\t\t<div class=\"elementor-grid-item\">\n\t\t\t\t\t\t<div\n\t\t\t\t\t\t\tclass=\"elementor-share-btn elementor-share-btn_twitter\"\n\t\t\t\t\t\t\trole=\"button\"\n\t\t\t\t\t\t\ttabindex=\"0\"\n\t\t\t\t\t\t\taria-label=\"Compartir en Twitter\"\n\t\t\t\t\t\t>\n\t\t\t\t\t\t\t\t\t\t\t\t\t\t\t<span class=\"elementor-share-btn__icon\">\n\t\t\t\t\t\t\t\t<i class=\"fab fa-twitter\" aria-hidden=\"true\"><\/i>\t\t\t\t\t\t\t<\/span>\n\t\t\t\t\t\t\t\t\t\t\t\t\t\t\t\t\t\t\t\t<\/div>\n\t\t\t\t\t<\/div>\n\t\t\t\t\t\t\t\t\t<div class=\"elementor-grid-item\">\n\t\t\t\t\t\t<div\n\t\t\t\t\t\t\tclass=\"elementor-share-btn elementor-share-btn_linkedin\"\n\t\t\t\t\t\t\trole=\"button\"\n\t\t\t\t\t\t\ttabindex=\"0\"\n\t\t\t\t\t\t\taria-label=\"Compartir en linkedin\"\n\t\t\t\t\t\t>\n\t\t\t\t\t\t\t\t\t\t\t\t\t\t\t<span class=\"elementor-share-btn__icon\">\n\t\t\t\t\t\t\t\t<i class=\"fab fa-linkedin\" aria-hidden=\"true\"><\/i>\t\t\t\t\t\t\t<\/span>\n\t\t\t\t\t\t\t\t\t\t\t\t\t\t\t\t\t\t\t\t<\/div>\n\t\t\t\t\t<\/div>\n\t\t\t\t\t\t<\/div>\n\t\t\t\t\t\t<\/div>\n\t\t\t\t<\/div>\n\t\t\t\t\t<\/div>\n\t\t<\/div>\n\t\t\t\t\t<\/div>\n\t\t<\/section>\n\t\t\t\t<section class=\"elementor-section elementor-top-section elementor-element elementor-element-422655b elementor-section-boxed elementor-section-height-default elementor-section-height-default\" data-id=\"422655b\" data-element_type=\"section\">\n\t\t\t\t\t\t<div class=\"elementor-container elementor-column-gap-default\">\n\t\t\t\t\t<div class=\"elementor-column elementor-col-100 elementor-top-column elementor-element elementor-element-bbffcab\" data-id=\"bbffcab\" data-element_type=\"column\">\n\t\t\t<div class=\"elementor-widget-wrap elementor-element-populated\">\n\t\t\t\t\t\t<div class=\"elementor-element elementor-element-2094e3d elementor-widget elementor-widget-text-editor\" data-id=\"2094e3d\" data-element_type=\"widget\" data-widget_type=\"text-editor.default\">\n\t\t\t\t<div class=\"elementor-widget-container\">\n\t\t\t\t\t\t\t\t\t<p><strong>Proveedor l\u00edder de equipos de gesti\u00f3n de residuos de perforaci\u00f3n en China\u00a0<\/strong><\/p><p>La b\u00fasqueda de la excelencia motiva a todos nuestros trabajadores a trabajar arduamente para mejorar nuestros procesos comerciales y la eficiencia de la gesti\u00f3n. Estamos seguros de que nuestros esfuerzos nos permitir\u00e1n mantener una s\u00f3lida posici\u00f3n en un mercado competitivo. Somos l\u00edderes en China. <a href=\"https:\/\/solidscontrolworld.com\/es\/\">Proveedor de equipos de gesti\u00f3n de residuos de perforaci\u00f3n,<\/a> Especializados en ofrecer un servicio personalizado de alta calidad. Los contratistas de perforaci\u00f3n utilizan equipos de gesti\u00f3n de residuos de perforaci\u00f3n para tratar a\u00fan m\u00e1s los recortes de desecho descargados y maximizar la recuperaci\u00f3n de materiales preciosos. <span title=\"Proveedor de equipos de gesti\u00f3n de residuos de perforaci\u00f3n\">fluidos de perforaci\u00f3n<\/span> y limitar el volumen de vertido de residuos.<\/p><p>Somos una empresa de primera calidad\u00a0<span title=\"Proveedor de equipos de gesti\u00f3n de residuos de perforaci\u00f3n\">Proveedor de equipos de gesti\u00f3n de residuos de perforaci\u00f3n de China;<\/span> Nuestro equipo de gesti\u00f3n de residuos de perforaci\u00f3n se basa en nuestra jerarqu\u00eda de gesti\u00f3n de residuos, que regula c\u00f3mo manejamos el control de s\u00f3lidos y <span title=\"Proveedor de equipos de gesti\u00f3n de residuos de perforaci\u00f3n\">eliminaci\u00f3n de residuos<\/span> en todas nuestras actividades de perforaci\u00f3n en todo el mundo.<\/p>\t\t\t\t\t\t\t\t<\/div>\n\t\t\t\t<\/div>\n\t\t\t\t\t<\/div>\n\t\t<\/div>\n\t\t\t\t\t<\/div>\n\t\t<\/section>\n\t\t\t\t<\/div>","protected":false},"excerpt":{"rendered":"<p>Gesti\u00f3n de residuos de perforaci\u00f3n. Direcci\u00f3n: Sala 1924, Bloque D, Wanda Plaza, Tangshan, China. Contacto: info@solidscontrolworld.com. Tel.: +86-18034158133. Fax: +86-315-7651760. Horario: Lunes a viernes: 8:00-17:30. Categor\u00eda: Gesti\u00f3n de residuos de perforaci\u00f3n. Folleto. CONSULTAR. Proveedor l\u00edder de equipos para la gesti\u00f3n de residuos de perforaci\u00f3n en China. La b\u00fasqueda de la excelencia motiva a todos los trabajadores a trabajar duro. [\u2026]<\/p>","protected":false},"author":1,"featured_media":1429,"parent":0,"menu_order":26,"comment_status":"closed","ping_status":"closed","template":"","meta":{"_seopress_robots_primary_cat":"","_seopress_titles_title":"Drilling Waste Management Equipments Supplier | Solids Control World","_seopress_titles_desc":"We provide Drilling Waste Management machines with high efficiency rate and low cost service online at Solids Control World. Checkout Now!","_seopress_robots_index":"","footnotes":""},"class_list":["post-3159","page","type-page","status-publish","has-post-thumbnail","hentry"],"yoast_head":"<!-- This site is optimized with the Yoast SEO plugin v25.1 - https:\/\/yoast.com\/wordpress\/plugins\/seo\/ -->\n<title>Drilling Waste Management Equipment Supplier| Solids Control World<\/title>\n<meta name=\"description\" content=\"Drilling waste management equipment suppliers provide solutions like centrifuges, shakers, and dryers for efficient waste treatment and disposal.\" \/>\n<meta name=\"robots\" content=\"index, follow, max-snippet:-1, max-image-preview:large, max-video-preview:-1\" \/>\n<link rel=\"canonical\" href=\"https:\/\/solidscontrolworld.com\/es\/gestion-de-residuos-de-perforacion\/\" \/>\n<meta property=\"og:locale\" content=\"es_MX\" \/>\n<meta property=\"og:type\" content=\"article\" \/>\n<meta property=\"og:title\" content=\"Drilling Waste Management Equipment Supplier| Solids Control World\" \/>\n<meta property=\"og:description\" content=\"Drilling waste management equipment suppliers provide solutions like centrifuges, shakers, and dryers for efficient waste treatment and disposal.\" \/>\n<meta property=\"og:url\" content=\"https:\/\/solidscontrolworld.com\/es\/gestion-de-residuos-de-perforacion\/\" \/>\n<meta property=\"og:site_name\" content=\"Solids Control World\" \/>\n<meta property=\"article:modified_time\" content=\"2025-05-26T06:47:26+00:00\" \/>\n<meta property=\"og:image\" content=\"http:\/\/solidscontrolworld.com\/wp-content\/uploads\/2021\/05\/\u56fe\u72479-300x193-2.png\" \/>\n\t<meta property=\"og:image:width\" content=\"300\" \/>\n\t<meta property=\"og:image:height\" content=\"193\" \/>\n\t<meta property=\"og:image:type\" content=\"image\/png\" \/>\n<meta name=\"twitter:card\" content=\"summary_large_image\" \/>\n<meta name=\"twitter:label1\" content=\"Tiempo de lectura\" \/>\n\t<meta name=\"twitter:data1\" content=\"2 minutos\" \/>\n<!-- \/ Yoast SEO plugin. -->","yoast_head_json":{"title":"Proveedor de equipos de gesti\u00f3n de residuos de perforaci\u00f3n | Solids Control World","description":"Los proveedores de equipos de gesti\u00f3n de residuos de perforaci\u00f3n ofrecen soluciones como centrifugadoras, agitadores y secadores para el tratamiento y la eliminaci\u00f3n eficientes de residuos.","robots":{"index":"index","follow":"follow","max-snippet":"max-snippet:-1","max-image-preview":"max-image-preview:large","max-video-preview":"max-video-preview:-1"},"canonical":"https:\/\/solidscontrolworld.com\/es\/gestion-de-residuos-de-perforacion\/","og_locale":"es_MX","og_type":"article","og_title":"Drilling Waste Management Equipment Supplier| Solids Control World","og_description":"Drilling waste management equipment suppliers provide solutions like centrifuges, shakers, and dryers for efficient waste treatment and disposal.","og_url":"https:\/\/solidscontrolworld.com\/es\/gestion-de-residuos-de-perforacion\/","og_site_name":"Solids Control World","article_modified_time":"2025-05-26T06:47:26+00:00","og_image":[{"width":300,"height":193,"url":"http:\/\/solidscontrolworld.com\/wp-content\/uploads\/2021\/05\/\u56fe\u72479-300x193-2.png","type":"image\/png"}],"twitter_card":"summary_large_image","twitter_misc":{"Tiempo de lectura":"2 minutos"},"schema":{"@context":"https:\/\/schema.org","@graph":[{"@type":"WebPage","@id":"https:\/\/solidscontrolworld.com\/drilling-waste-management\/","url":"https:\/\/solidscontrolworld.com\/drilling-waste-management\/","name":"Proveedor de equipos de gesti\u00f3n de residuos de perforaci\u00f3n | Solids Control World","isPartOf":{"@id":"https:\/\/solidscontrolworld.com\/#website"},"primaryImageOfPage":{"@id":"https:\/\/solidscontrolworld.com\/drilling-waste-management\/#primaryimage"},"image":{"@id":"https:\/\/solidscontrolworld.com\/drilling-waste-management\/#primaryimage"},"thumbnailUrl":"https:\/\/solidscontrolworld.com\/wp-content\/uploads\/2021\/05\/\u56fe\u72479-300x193-2.png","datePublished":"2021-05-31T15:11:33+00:00","dateModified":"2025-05-26T06:47:26+00:00","description":"Los proveedores de equipos de gesti\u00f3n de residuos de perforaci\u00f3n ofrecen soluciones como centrifugadoras, agitadores y secadores para el tratamiento y la eliminaci\u00f3n eficientes de residuos.","breadcrumb":{"@id":"https:\/\/solidscontrolworld.com\/drilling-waste-management\/#breadcrumb"},"inLanguage":"es","potentialAction":[{"@type":"ReadAction","target":["https:\/\/solidscontrolworld.com\/drilling-waste-management\/"]}]},{"@type":"ImageObject","inLanguage":"es","@id":"https:\/\/solidscontrolworld.com\/drilling-waste-management\/#primaryimage","url":"https:\/\/solidscontrolworld.com\/wp-content\/uploads\/2021\/05\/\u56fe\u72479-300x193-2.png","contentUrl":"https:\/\/solidscontrolworld.com\/wp-content\/uploads\/2021\/05\/\u56fe\u72479-300x193-2.png","width":300,"height":193},{"@type":"BreadcrumbList","@id":"https:\/\/solidscontrolworld.com\/drilling-waste-management\/#breadcrumb","itemListElement":[{"@type":"ListItem","position":1,"name":"Home","item":"https:\/\/solidscontrolworld.com\/"},{"@type":"ListItem","position":2,"name":"Drilling waste management"}]},{"@type":"WebSite","@id":"https:\/\/solidscontrolworld.com\/#website","url":"https:\/\/solidscontrolworld.com\/","name":"Mundo de control de s\u00f3lidos","description":"","publisher":{"@id":"https:\/\/solidscontrolworld.com\/#\/schema\/person\/2c126362537c0f0e6d4a8dfba9fc68b0"},"potentialAction":[{"@type":"SearchAction","target":{"@type":"EntryPoint","urlTemplate":"https:\/\/solidscontrolworld.com\/?s={search_term_string}"},"query-input":{"@type":"PropertyValueSpecification","valueRequired":true,"valueName":"search_term_string"}}],"inLanguage":"es"},{"@type":["Person","Organization"],"@id":"https:\/\/solidscontrolworld.com\/#\/schema\/person\/2c126362537c0f0e6d4a8dfba9fc68b0","name":"mundodecontroldes\u00f3lidos","logo":{"@id":"https:\/\/solidscontrolworld.com\/#\/schema\/person\/image\/"},"sameAs":["https:\/\/solidscontrolworld.com"]}]}},"_links":{"self":[{"href":"https:\/\/solidscontrolworld.com\/es\/wp-json\/wp\/v2\/pages\/3159","targetHints":{"allow":["GET"]}}],"collection":[{"href":"https:\/\/solidscontrolworld.com\/es\/wp-json\/wp\/v2\/pages"}],"about":[{"href":"https:\/\/solidscontrolworld.com\/es\/wp-json\/wp\/v2\/types\/page"}],"author":[{"embeddable":true,"href":"https:\/\/solidscontrolworld.com\/es\/wp-json\/wp\/v2\/users\/1"}],"replies":[{"embeddable":true,"href":"https:\/\/solidscontrolworld.com\/es\/wp-json\/wp\/v2\/comments?post=3159"}],"version-history":[{"count":11,"href":"https:\/\/solidscontrolworld.com\/es\/wp-json\/wp\/v2\/pages\/3159\/revisions"}],"predecessor-version":[{"id":12278,"href":"https:\/\/solidscontrolworld.com\/es\/wp-json\/wp\/v2\/pages\/3159\/revisions\/12278"}],"wp:featuredmedia":[{"embeddable":true,"href":"https:\/\/solidscontrolworld.com\/es\/wp-json\/wp\/v2\/media\/1429"}],"wp:attachment":[{"href":"https:\/\/solidscontrolworld.com\/es\/wp-json\/wp\/v2\/media?parent=3159"}],"curies":[{"name":"wp","href":"https:\/\/api.w.org\/{rel}","templated":true}]}}