{"id":3215,"date":"2021-05-31T16:11:04","date_gmt":"2021-05-31T16:11:04","guid":{"rendered":"https:\/\/solidscontrolworld.com\/?page_id=3215"},"modified":"2025-06-18T04:43:09","modified_gmt":"2025-06-18T04:43:09","slug":"criba-vibratoria-con-marco-de-acero","status":"publish","type":"page","link":"https:\/\/solidscontrolworld.com\/es\/criba-vibratoria-con-marco-de-acero\/","title":{"rendered":"Criba vibratoria con marco de acero"},"content":{"rendered":"<div data-elementor-type=\"wp-page\" data-elementor-id=\"3215\" class=\"elementor elementor-3215\">\n\t\t\t\t\t\t<section class=\"elementor-section elementor-top-section elementor-element elementor-element-13412146 elementor-section-full_width elementor-section-stretched elementor-section-height-default elementor-section-height-default\" data-id=\"13412146\" data-element_type=\"section\" data-settings=\"{&quot;stretch_section&quot;:&quot;section-stretched&quot;,&quot;background_background&quot;:&quot;classic&quot;}\">\n\t\t\t\t\t\t<div class=\"elementor-container elementor-column-gap-default\">\n\t\t\t\t\t<div class=\"elementor-column elementor-col-100 elementor-top-column elementor-element elementor-element-4c256b48\" data-id=\"4c256b48\" data-element_type=\"column\">\n\t\t\t<div class=\"elementor-widget-wrap elementor-element-populated\">\n\t\t\t\t\t\t<div class=\"elementor-element elementor-element-4039ea39 elementor-widget elementor-widget-heading\" data-id=\"4039ea39\" data-element_type=\"widget\" data-widget_type=\"heading.default\">\n\t\t\t\t<div class=\"elementor-widget-container\">\n\t\t\t\t\t<h1 class=\"elementor-heading-title elementor-size-default\">Criba vibratoria con marco de acero<\/h1>\t\t\t\t<\/div>\n\t\t\t\t<\/div>\n\t\t\t\t\t<\/div>\n\t\t<\/div>\n\t\t\t\t\t<\/div>\n\t\t<\/section>\n\t\t\t\t<section class=\"elementor-section elementor-top-section elementor-element elementor-element-670bd27e elementor-section-boxed elementor-section-height-default elementor-section-height-default\" data-id=\"670bd27e\" data-element_type=\"section\">\n\t\t\t\t\t\t<div class=\"elementor-container elementor-column-gap-default\">\n\t\t\t\t\t<div class=\"elementor-column elementor-col-50 elementor-top-column elementor-element elementor-element-3e50a1b9\" data-id=\"3e50a1b9\" data-element_type=\"column\">\n\t\t\t<div class=\"elementor-widget-wrap elementor-element-populated\">\n\t\t\t\t\t\t<div class=\"elementor-element elementor-element-2cfe1f02 elementor-widget elementor-widget-image\" data-id=\"2cfe1f02\" data-element_type=\"widget\" data-widget_type=\"image.default\">\n\t\t\t\t<div class=\"elementor-widget-container\">\n\t\t\t\t\t\t\t\t\t\t\t\t\t\t\t<img fetchpriority=\"high\" decoding=\"async\" width=\"2560\" height=\"1920\" src=\"https:\/\/solidscontrolworld.com\/wp-content\/uploads\/2022\/06\/mi12-scaled.jpg\" class=\"attachment-full size-full wp-image-7562\" alt=\"Cribas vibratorias Mongoose de MI Swaco\" srcset=\"https:\/\/solidscontrolworld.com\/wp-content\/uploads\/2022\/06\/mi12-scaled.jpg 2560w, https:\/\/solidscontrolworld.com\/wp-content\/uploads\/2022\/06\/mi12-300x225.jpg 300w, https:\/\/solidscontrolworld.com\/wp-content\/uploads\/2022\/06\/mi12-1024x768.jpg 1024w, https:\/\/solidscontrolworld.com\/wp-content\/uploads\/2022\/06\/mi12-768x576.jpg 768w, https:\/\/solidscontrolworld.com\/wp-content\/uploads\/2022\/06\/mi12-1536x1152.jpg 1536w, https:\/\/solidscontrolworld.com\/wp-content\/uploads\/2022\/06\/mi12-2048x1536.jpg 2048w, https:\/\/solidscontrolworld.com\/wp-content\/uploads\/2022\/06\/mi12-600x450.jpg 600w\" sizes=\"(max-width: 2560px) 100vw, 2560px\" \/>\t\t\t\t\t\t\t\t\t\t\t\t\t\t\t<\/div>\n\t\t\t\t<\/div>\n\t\t\t\t\t<\/div>\n\t\t<\/div>\n\t\t\t\t<div class=\"elementor-column elementor-col-50 elementor-top-column elementor-element elementor-element-847a1a0\" data-id=\"847a1a0\" data-element_type=\"column\">\n\t\t\t<div class=\"elementor-widget-wrap elementor-element-populated\">\n\t\t\t\t\t\t<div class=\"elementor-element elementor-element-1d85fab elementor-widget elementor-widget-heading\" data-id=\"1d85fab\" data-element_type=\"widget\" data-widget_type=\"heading.default\">\n\t\t\t\t<div class=\"elementor-widget-container\">\n\t\t\t\t\t<h3 class=\"elementor-heading-title elementor-size-default\">Criba vibratoria con marco de acero<\/h3>\t\t\t\t<\/div>\n\t\t\t\t<\/div>\n\t\t\t\t<div class=\"elementor-element elementor-element-39a7d555 elementor-widget elementor-widget-text-editor\" data-id=\"39a7d555\" data-element_type=\"widget\" data-widget_type=\"text-editor.default\">\n\t\t\t\t<div class=\"elementor-widget-container\">\n\t\t\t\t\t\t\t\t\t<p style=\"margin-bottom: 0in; line-height: normal; background-image: initial; background-position: initial; background-size: initial; background-repeat: initial; background-attachment: initial; background-origin: initial; background-clip: initial;\"><span style=\"color: #000000;\"><b><span style=\"font-size: 12pt;\">Criba vibratoria con marco de acero<\/span><\/b><b><\/b><\/span><\/p><p><span style=\"color: #000000;\"><span style=\"font-family: Poppins; font-size: 0.9rem;\">La pantalla vibratoria con marco de acero consta de dos o tres capas de acero inoxidable. <span title=\"fabricante de tamices vibratorios con marco de acero\">malla de acero<\/span>.<br \/><\/span><span style=\"font-family: Poppins; font-size: 0.9rem;\">La densidad de los estratos var\u00eda. La correcta disposici\u00f3n de estas capas puede mejorar el rendimiento de la criba. Una criba vibratoria con marco de acero se utiliza naturalmente para eliminar la fase s\u00f3lida y otros contaminantes del lodo de perforaci\u00f3n. La estructura de poliuretano de este tipo de criba vibratoria garantiza su excelente resistencia y resistencia a la abrasi\u00f3n.\u00a0<\/span><\/span><\/p><p><span style=\"color: #000000;\">La criba vibratoria con marco de acero de Solids Control World se utiliza com\u00fanmente en zarandas vibratorias con equipo de fijaci\u00f3n por cu\u00f1a. La criba vibratoria con marco de acero est\u00e1 fabricada con un cuadrado de alta resistencia. <span title=\"fabricante de tamices vibratorios con marco de acero\">tubos de acero<\/span> soldado en una construcci\u00f3n de losa de m\u00faltiples nervaduras que es fuerte y duradera.<\/span><br \/><span style=\"color: #000000; font-family: Poppins; font-size: 0.9rem;\">El n\u00famero de mallas de las mallas de cribado suministradas var\u00eda. El efecto del cribado puede mejorarse considerablemente mezclando las mallas de cribado de forma cuidadosa y adecuada.<\/span><\/p><p><span style=\"color: #000000; font-family: Poppins; font-size: 0.9rem;\">La malla de la pantalla est\u00e1 dividida en varias mallas independientes para minimizar los da\u00f1os locales y el crecimiento excesivo. Adem\u00e1s, se dispone de goma especial para reparar los da\u00f1os, ahorrando tiempo y dinero.<\/span><\/p>\t\t\t\t\t\t\t\t<\/div>\n\t\t\t\t<\/div>\n\t\t\t\t<div class=\"elementor-element elementor-element-77386399 elementor-button-info elementor-align-justify elementor-widget elementor-widget-button\" data-id=\"77386399\" data-element_type=\"widget\" data-widget_type=\"button.default\">\n\t\t\t\t<div class=\"elementor-widget-container\">\n\t\t\t\t\t\t\t\t\t<div class=\"elementor-button-wrapper\">\n\t\t\t\t\t<a class=\"elementor-button elementor-button-link elementor-size-md\" href=\"https:\/\/solidscontrolworld.com\/es\/contactanos\/\">\n\t\t\t\t\t\t<span class=\"elementor-button-content-wrapper\">\n\t\t\t\t\t\t\t\t\t<span class=\"elementor-button-text\">PREGUNTAR<\/span>\n\t\t\t\t\t<\/span>\n\t\t\t\t\t<\/a>\n\t\t\t\t<\/div>\n\t\t\t\t\t\t\t\t<\/div>\n\t\t\t\t<\/div>\n\t\t\t\t<div class=\"elementor-element elementor-element-1a80f8fe elementor-button-success elementor-align-justify elementor-widget elementor-widget-button\" data-id=\"1a80f8fe\" data-element_type=\"widget\" data-widget_type=\"button.default\">\n\t\t\t\t<div class=\"elementor-widget-container\">\n\t\t\t\t\t\t\t\t\t<div class=\"elementor-button-wrapper\">\n\t\t\t\t\t<a class=\"elementor-button elementor-button-link elementor-size-md\" href=\"https:\/\/solidscontrolworld.com\/wp-content\/uploads\/2021\/05\/Brochure%E7%9A%84%E5%89%AF%E6%9C%AC.pdf\">\n\t\t\t\t\t\t<span class=\"elementor-button-content-wrapper\">\n\t\t\t\t\t\t\t\t\t<span class=\"elementor-button-text\">Folleto<\/span>\n\t\t\t\t\t<\/span>\n\t\t\t\t\t<\/a>\n\t\t\t\t<\/div>\n\t\t\t\t\t\t\t\t<\/div>\n\t\t\t\t<\/div>\n\t\t\t\t<div class=\"elementor-element elementor-element-1920a067 elementor-share-buttons--view-icon elementor-share-buttons--skin-minimal elementor-share-buttons--shape-rounded elementor-share-buttons--align-center elementor-grid-0 elementor-share-buttons--color-official elementor-widget elementor-widget-share-buttons\" data-id=\"1920a067\" data-element_type=\"widget\" data-widget_type=\"share-buttons.default\">\n\t\t\t\t<div class=\"elementor-widget-container\">\n\t\t\t\t\t\t\t<div class=\"elementor-grid\">\n\t\t\t\t\t\t\t\t<div class=\"elementor-grid-item\">\n\t\t\t\t\t\t<div\n\t\t\t\t\t\t\tclass=\"elementor-share-btn elementor-share-btn_facebook\"\n\t\t\t\t\t\t\trole=\"button\"\n\t\t\t\t\t\t\ttabindex=\"0\"\n\t\t\t\t\t\t\taria-label=\"Compartir en facebook\"\n\t\t\t\t\t\t>\n\t\t\t\t\t\t\t\t\t\t\t\t\t\t\t<span class=\"elementor-share-btn__icon\">\n\t\t\t\t\t\t\t\t<i class=\"fab fa-facebook\" aria-hidden=\"true\"><\/i>\t\t\t\t\t\t\t<\/span>\n\t\t\t\t\t\t\t\t\t\t\t\t\t\t\t\t\t\t\t\t<\/div>\n\t\t\t\t\t<\/div>\n\t\t\t\t\t\t\t\t\t<div class=\"elementor-grid-item\">\n\t\t\t\t\t\t<div\n\t\t\t\t\t\t\tclass=\"elementor-share-btn elementor-share-btn_twitter\"\n\t\t\t\t\t\t\trole=\"button\"\n\t\t\t\t\t\t\ttabindex=\"0\"\n\t\t\t\t\t\t\taria-label=\"Compartir en Twitter\"\n\t\t\t\t\t\t>\n\t\t\t\t\t\t\t\t\t\t\t\t\t\t\t<span class=\"elementor-share-btn__icon\">\n\t\t\t\t\t\t\t\t<i class=\"fab fa-twitter\" aria-hidden=\"true\"><\/i>\t\t\t\t\t\t\t<\/span>\n\t\t\t\t\t\t\t\t\t\t\t\t\t\t\t\t\t\t\t\t<\/div>\n\t\t\t\t\t<\/div>\n\t\t\t\t\t\t\t\t\t<div class=\"elementor-grid-item\">\n\t\t\t\t\t\t<div\n\t\t\t\t\t\t\tclass=\"elementor-share-btn elementor-share-btn_linkedin\"\n\t\t\t\t\t\t\trole=\"button\"\n\t\t\t\t\t\t\ttabindex=\"0\"\n\t\t\t\t\t\t\taria-label=\"Compartir en linkedin\"\n\t\t\t\t\t\t>\n\t\t\t\t\t\t\t\t\t\t\t\t\t\t\t<span class=\"elementor-share-btn__icon\">\n\t\t\t\t\t\t\t\t<i class=\"fab fa-linkedin\" aria-hidden=\"true\"><\/i>\t\t\t\t\t\t\t<\/span>\n\t\t\t\t\t\t\t\t\t\t\t\t\t\t\t\t\t\t\t\t<\/div>\n\t\t\t\t\t<\/div>\n\t\t\t\t\t\t<\/div>\n\t\t\t\t\t\t<\/div>\n\t\t\t\t<\/div>\n\t\t\t\t\t<\/div>\n\t\t<\/div>\n\t\t\t\t\t<\/div>\n\t\t<\/section>\n\t\t\t\t<section class=\"elementor-section elementor-top-section elementor-element elementor-element-104ddaa elementor-section-boxed elementor-section-height-default elementor-section-height-default\" data-id=\"104ddaa\" data-element_type=\"section\">\n\t\t\t\t\t\t<div class=\"elementor-container elementor-column-gap-default\">\n\t\t\t\t\t<div class=\"elementor-column elementor-col-100 elementor-top-column elementor-element elementor-element-74c131d\" data-id=\"74c131d\" data-element_type=\"column\">\n\t\t\t<div class=\"elementor-widget-wrap elementor-element-populated\">\n\t\t\t\t\t\t<div class=\"elementor-element elementor-element-144820a elementor-widget elementor-widget-text-editor\" data-id=\"144820a\" data-element_type=\"widget\" data-widget_type=\"text-editor.default\">\n\t\t\t\t<div class=\"elementor-widget-container\">\n\t\t\t\t\t\t\t\t\t<p><strong>Fabricante de cribas vibratorias con marco de acero de alta calidad en China<\/strong><\/p><p>Las cribas con marco de acero se utilizan com\u00fanmente en zarandas vibratorias equipadas con dispositivos de fijaci\u00f3n de cu\u00f1a. Los marcos de las cribas est\u00e1n hechos de tubos cuadrados de acero de alta resistencia soldados a una estructura multinervada. Son resistentes y confiables.<\/p><p>Solids Control World, uno de los mejores fabricantes de tamices vibratorios con marco de acero de China, ofrece a sus clientes tamices vibratorios con marco de acero de alta calidad a precios competitivos y un servicio posventa confiable. Nuestros productos son reutilizables, lo que reduce los costos de cumplimiento normativo.<\/p><p>Ofrecemos una gama de cribas vibratorias de acero de alta calidad a precios razonables. Tambi\u00e9n fabricamos paneles para cada modelo de criba vibratoria. Nuestras cribas vibratorias se utilizan ampliamente en yacimientos petrol\u00edferos, control de arena, minas de carb\u00f3n y filtraci\u00f3n de l\u00edquidos y gases.<\/p>\t\t\t\t\t\t\t\t<\/div>\n\t\t\t\t<\/div>\n\t\t\t\t\t<\/div>\n\t\t<\/div>\n\t\t\t\t\t<\/div>\n\t\t<\/section>\n\t\t\t\t<\/div>","protected":false},"excerpt":{"rendered":"<p>Criba vibratoria con marco de acero. La criba vibratoria con marco de acero consta de dos o tres capas de malla de acero inoxidable. La densidad de los estratos var\u00eda. La correcta disposici\u00f3n de estas capas puede mejorar el rendimiento de la criba. Una criba vibratoria con marco de acero se utiliza naturalmente [\u2026]<\/p>","protected":false},"author":1,"featured_media":0,"parent":0,"menu_order":0,"comment_status":"closed","ping_status":"closed","template":"","meta":{"_seopress_robots_primary_cat":"","_seopress_titles_title":"Steel Frame Shaker Screen Manufacturer - Solids Control World","_seopress_titles_desc":"Buy our top quality manufactured  Steel Frame Shaker Screen online at Solids Control World. Find out more about our products.","_seopress_robots_index":"","footnotes":""},"class_list":["post-3215","page","type-page","status-publish","hentry"],"yoast_head":"<!-- This site is optimized with the Yoast SEO plugin v25.1 - https:\/\/yoast.com\/wordpress\/plugins\/seo\/ -->\n<title>High-Strength Steel Frame Shaker Screen | Solids Control World<\/title>\n<meta name=\"description\" content=\"Steel frame shaker screens built for high durability and efficient solids separation, enhancing drilling fluid quality and extending equipment lifespan.\" \/>\n<meta name=\"robots\" content=\"index, follow, max-snippet:-1, max-image-preview:large, max-video-preview:-1\" \/>\n<link rel=\"canonical\" href=\"https:\/\/solidscontrolworld.com\/es\/criba-vibratoria-con-marco-de-acero\/\" \/>\n<meta property=\"og:locale\" content=\"es_MX\" \/>\n<meta property=\"og:type\" content=\"article\" \/>\n<meta property=\"og:title\" content=\"High-Strength Steel Frame Shaker Screen | Solids Control World\" \/>\n<meta property=\"og:description\" content=\"Steel frame shaker screens built for high durability and efficient solids separation, enhancing drilling fluid quality and extending equipment lifespan.\" \/>\n<meta property=\"og:url\" content=\"https:\/\/solidscontrolworld.com\/es\/criba-vibratoria-con-marco-de-acero\/\" \/>\n<meta property=\"og:site_name\" content=\"Solids Control World\" \/>\n<meta property=\"article:modified_time\" content=\"2025-06-18T04:43:09+00:00\" \/>\n<meta property=\"og:image\" content=\"https:\/\/solidscontrolworld.com\/wp-content\/uploads\/2022\/06\/mi12-scaled.jpg\" \/>\n<meta name=\"twitter:card\" content=\"summary_large_image\" \/>\n<meta name=\"twitter:label1\" content=\"Tiempo de lectura\" \/>\n\t<meta name=\"twitter:data1\" content=\"2 minutos\" \/>\n<!-- \/ Yoast SEO plugin. -->","yoast_head_json":{"title":"Tamiz vibratorio con marco de acero de alta resistencia | Solids Control World","description":"Pantallas vibratorias con marco de acero dise\u00f1adas para una alta durabilidad y una eficiente separaci\u00f3n de s\u00f3lidos, mejorando la calidad del fluido de perforaci\u00f3n y extendiendo la vida \u00fatil del equipo.","robots":{"index":"index","follow":"follow","max-snippet":"max-snippet:-1","max-image-preview":"max-image-preview:large","max-video-preview":"max-video-preview:-1"},"canonical":"https:\/\/solidscontrolworld.com\/es\/criba-vibratoria-con-marco-de-acero\/","og_locale":"es_MX","og_type":"article","og_title":"High-Strength Steel Frame Shaker Screen | Solids Control World","og_description":"Steel frame shaker screens built for high durability and efficient solids separation, enhancing drilling fluid quality and extending equipment lifespan.","og_url":"https:\/\/solidscontrolworld.com\/es\/criba-vibratoria-con-marco-de-acero\/","og_site_name":"Solids Control World","article_modified_time":"2025-06-18T04:43:09+00:00","og_image":[{"url":"https:\/\/solidscontrolworld.com\/wp-content\/uploads\/2022\/06\/mi12-scaled.jpg","type":"","width":"","height":""}],"twitter_card":"summary_large_image","twitter_misc":{"Tiempo de lectura":"2 minutos"},"schema":{"@context":"https:\/\/schema.org","@graph":[{"@type":"WebPage","@id":"https:\/\/solidscontrolworld.com\/steel-frame-shaker-screen\/","url":"https:\/\/solidscontrolworld.com\/steel-frame-shaker-screen\/","name":"Tamiz vibratorio con marco de acero de alta resistencia | Solids Control World","isPartOf":{"@id":"https:\/\/solidscontrolworld.com\/#website"},"primaryImageOfPage":{"@id":"https:\/\/solidscontrolworld.com\/steel-frame-shaker-screen\/#primaryimage"},"image":{"@id":"https:\/\/solidscontrolworld.com\/steel-frame-shaker-screen\/#primaryimage"},"thumbnailUrl":"https:\/\/solidscontrolworld.com\/wp-content\/uploads\/2022\/06\/mi12-scaled.jpg","datePublished":"2021-05-31T16:11:04+00:00","dateModified":"2025-06-18T04:43:09+00:00","description":"Pantallas vibratorias con marco de acero dise\u00f1adas para una alta durabilidad y una eficiente separaci\u00f3n de s\u00f3lidos, mejorando la calidad del fluido de perforaci\u00f3n y extendiendo la vida \u00fatil del equipo.","breadcrumb":{"@id":"https:\/\/solidscontrolworld.com\/steel-frame-shaker-screen\/#breadcrumb"},"inLanguage":"es","potentialAction":[{"@type":"ReadAction","target":["https:\/\/solidscontrolworld.com\/steel-frame-shaker-screen\/"]}]},{"@type":"ImageObject","inLanguage":"es","@id":"https:\/\/solidscontrolworld.com\/steel-frame-shaker-screen\/#primaryimage","url":"https:\/\/solidscontrolworld.com\/wp-content\/uploads\/2022\/06\/mi12-scaled.jpg","contentUrl":"https:\/\/solidscontrolworld.com\/wp-content\/uploads\/2022\/06\/mi12-scaled.jpg"},{"@type":"BreadcrumbList","@id":"https:\/\/solidscontrolworld.com\/steel-frame-shaker-screen\/#breadcrumb","itemListElement":[{"@type":"ListItem","position":1,"name":"Home","item":"https:\/\/solidscontrolworld.com\/"},{"@type":"ListItem","position":2,"name":"Steel Frame Shaker Screen"}]},{"@type":"WebSite","@id":"https:\/\/solidscontrolworld.com\/#website","url":"https:\/\/solidscontrolworld.com\/","name":"Mundo de control de s\u00f3lidos","description":"","publisher":{"@id":"https:\/\/solidscontrolworld.com\/#\/schema\/person\/2c126362537c0f0e6d4a8dfba9fc68b0"},"potentialAction":[{"@type":"SearchAction","target":{"@type":"EntryPoint","urlTemplate":"https:\/\/solidscontrolworld.com\/?s={search_term_string}"},"query-input":{"@type":"PropertyValueSpecification","valueRequired":true,"valueName":"search_term_string"}}],"inLanguage":"es"},{"@type":["Person","Organization"],"@id":"https:\/\/solidscontrolworld.com\/#\/schema\/person\/2c126362537c0f0e6d4a8dfba9fc68b0","name":"mundodecontroldes\u00f3lidos","logo":{"@id":"https:\/\/solidscontrolworld.com\/#\/schema\/person\/image\/"},"sameAs":["https:\/\/solidscontrolworld.com"]}]}},"_links":{"self":[{"href":"https:\/\/solidscontrolworld.com\/es\/wp-json\/wp\/v2\/pages\/3215","targetHints":{"allow":["GET"]}}],"collection":[{"href":"https:\/\/solidscontrolworld.com\/es\/wp-json\/wp\/v2\/pages"}],"about":[{"href":"https:\/\/solidscontrolworld.com\/es\/wp-json\/wp\/v2\/types\/page"}],"author":[{"embeddable":true,"href":"https:\/\/solidscontrolworld.com\/es\/wp-json\/wp\/v2\/users\/1"}],"replies":[{"embeddable":true,"href":"https:\/\/solidscontrolworld.com\/es\/wp-json\/wp\/v2\/comments?post=3215"}],"version-history":[{"count":1,"href":"https:\/\/solidscontrolworld.com\/es\/wp-json\/wp\/v2\/pages\/3215\/revisions"}],"predecessor-version":[{"id":10969,"href":"https:\/\/solidscontrolworld.com\/es\/wp-json\/wp\/v2\/pages\/3215\/revisions\/10969"}],"wp:attachment":[{"href":"https:\/\/solidscontrolworld.com\/es\/wp-json\/wp\/v2\/media?parent=3215"}],"curies":[{"name":"wp","href":"https:\/\/api.w.org\/{rel}","templated":true}]}}