{"id":3386,"date":"2021-06-05T05:52:21","date_gmt":"2021-06-05T05:52:21","guid":{"rendered":"https:\/\/solidscontrolworld.com\/?page_id=3386"},"modified":"2025-05-26T06:57:52","modified_gmt":"2025-05-26T06:57:52","slug":"separador-de-gas-de-lodo","status":"publish","type":"page","link":"https:\/\/solidscontrolworld.com\/es\/separador-de-gas-de-lodo\/","title":{"rendered":"Separador de gas de lodo"},"content":{"rendered":"<div data-elementor-type=\"wp-page\" data-elementor-id=\"3386\" class=\"elementor elementor-3386\">\n\t\t\t\t\t\t<section class=\"elementor-section elementor-top-section elementor-element elementor-element-4b0e4a9 elementor-section-full_width elementor-section-height-min-height elementor-section-stretched elementor-section-height-default elementor-section-items-middle\" data-id=\"4b0e4a9\" data-element_type=\"section\" data-settings=\"{&quot;stretch_section&quot;:&quot;section-stretched&quot;,&quot;background_background&quot;:&quot;classic&quot;}\">\n\t\t\t\t\t\t\t<div class=\"elementor-background-overlay\"><\/div>\n\t\t\t\t\t\t\t<div class=\"elementor-container elementor-column-gap-default\">\n\t\t\t\t\t<div class=\"elementor-column elementor-col-100 elementor-top-column elementor-element elementor-element-72d1dfd8\" data-id=\"72d1dfd8\" data-element_type=\"column\">\n\t\t\t<div class=\"elementor-widget-wrap elementor-element-populated\">\n\t\t\t\t\t\t\t<\/div>\n\t\t<\/div>\n\t\t\t\t\t<\/div>\n\t\t<\/section>\n\t\t\t\t<section class=\"elementor-section elementor-top-section elementor-element elementor-element-6a7f53a0 elementor-section-boxed elementor-section-height-default elementor-section-height-default\" data-id=\"6a7f53a0\" data-element_type=\"section\">\n\t\t\t\t\t\t<div class=\"elementor-container elementor-column-gap-default\">\n\t\t\t\t\t<div class=\"elementor-column elementor-col-33 elementor-top-column elementor-element elementor-element-3af92ddc\" data-id=\"3af92ddc\" data-element_type=\"column\">\n\t\t\t<div class=\"elementor-widget-wrap elementor-element-populated\">\n\t\t\t\t\t\t<div class=\"elementor-element elementor-element-6d7c8225 elementor-widget elementor-widget-image\" data-id=\"6d7c8225\" data-element_type=\"widget\" data-widget_type=\"image.default\">\n\t\t\t\t<div class=\"elementor-widget-container\">\n\t\t\t\t\t\t\t\t\t\t\t\t\t\t\t<img fetchpriority=\"high\" decoding=\"async\" width=\"355\" height=\"349\" src=\"https:\/\/solidscontrolworld.com\/wp-content\/uploads\/2023\/07\/603b65c3c30f203e54bc17923c26199.jpg\" class=\"attachment-full size-full wp-image-9547\" alt=\"Separador de gas de lodo\" srcset=\"https:\/\/solidscontrolworld.com\/wp-content\/uploads\/2023\/07\/603b65c3c30f203e54bc17923c26199.jpg 355w, https:\/\/solidscontrolworld.com\/wp-content\/uploads\/2023\/07\/603b65c3c30f203e54bc17923c26199-300x295.jpg 300w\" sizes=\"(max-width: 355px) 100vw, 355px\" \/>\t\t\t\t\t\t\t\t\t\t\t\t\t\t\t<\/div>\n\t\t\t\t<\/div>\n\t\t\t\t<div class=\"elementor-element elementor-element-680979ae elementor-arrows-position-inside elementor-pagination-position-outside elementor-widget elementor-widget-image-carousel\" data-id=\"680979ae\" data-element_type=\"widget\" data-settings=\"{&quot;navigation&quot;:&quot;both&quot;,&quot;autoplay&quot;:&quot;yes&quot;,&quot;pause_on_hover&quot;:&quot;yes&quot;,&quot;pause_on_interaction&quot;:&quot;yes&quot;,&quot;autoplay_speed&quot;:5000,&quot;infinite&quot;:&quot;yes&quot;,&quot;speed&quot;:500}\" data-widget_type=\"image-carousel.default\">\n\t\t\t\t<div class=\"elementor-widget-container\">\n\t\t\t\t\t\t\t<div class=\"elementor-image-carousel-wrapper swiper\" role=\"region\" aria-roledescription=\"carousel\" aria-label=\"Carusel\" dir=\"ltr\">\n\t\t\t<div class=\"elementor-image-carousel swiper-wrapper\" aria-live=\"off\">\n\t\t\t\t\t\t\t\t<div class=\"swiper-slide\" role=\"group\" aria-roledescription=\"slide\" aria-label=\"1 \u0438\u0437 3\" data-no-translation-aria-label=\"\"><a data-elementor-open-lightbox=\"yes\" data-elementor-lightbox-slideshow=\"680979ae\" data-elementor-lightbox-title=\"\u5fae\u4fe1\u56fe\u7247_20240221151328\" data-e-action-hash=\"#elementor-action%3Aaction%3Dlightbox%26settings%3DeyJpZCI6MTAxNzAsInVybCI6Imh0dHBzOlwvXC9zb2xpZHNjb250cm9sd29ybGQuY29tXC93cC1jb250ZW50XC91cGxvYWRzXC8yMDI0XC8wMlwvXHU1ZmFlXHU0ZmUxXHU1NmZlXHU3MjQ3XzIwMjQwMjIxMTUxMzI4LnBuZyIsInNsaWRlc2hvdyI6IjY4MDk3OWFlIn0%3D\" href=\"https:\/\/solidscontrolworld.com\/wp-content\/uploads\/2024\/02\/\u5fae\u4fe1\u56fe\u7247_20240221151328.png\"><figure class=\"swiper-slide-inner\"><img decoding=\"async\" class=\"swiper-slide-image\" src=\"https:\/\/solidscontrolworld.com\/wp-content\/uploads\/2024\/02\/\u5fae\u4fe1\u56fe\u7247_20240221151328-150x150.png\" alt=\"\u5fae\u4fe1\u56fe\u7247_20240221151328\" \/><\/figure><\/a><\/div><div class=\"swiper-slide\" role=\"group\" aria-roledescription=\"slide\" aria-label=\"2 \u0438\u0437 3\" data-no-translation-aria-label=\"\"><a data-elementor-open-lightbox=\"yes\" data-elementor-lightbox-slideshow=\"680979ae\" data-elementor-lightbox-title=\"\u5fae\u4fe1\u56fe\u7247_20240221151336\" data-e-action-hash=\"#elementor-action%3Aaction%3Dlightbox%26settings%3DeyJpZCI6MTAxNzEsInVybCI6Imh0dHBzOlwvXC9zb2xpZHNjb250cm9sd29ybGQuY29tXC93cC1jb250ZW50XC91cGxvYWRzXC8yMDI0XC8wMlwvXHU1ZmFlXHU0ZmUxXHU1NmZlXHU3MjQ3XzIwMjQwMjIxMTUxMzM2LnBuZyIsInNsaWRlc2hvdyI6IjY4MDk3OWFlIn0%3D\" href=\"https:\/\/solidscontrolworld.com\/wp-content\/uploads\/2024\/02\/\u5fae\u4fe1\u56fe\u7247_20240221151336.png\"><figure class=\"swiper-slide-inner\"><img decoding=\"async\" class=\"swiper-slide-image\" src=\"https:\/\/solidscontrolworld.com\/wp-content\/uploads\/2024\/02\/\u5fae\u4fe1\u56fe\u7247_20240221151336-150x150.png\" alt=\"\u5fae\u4fe1\u56fe\u7247_20240221151336\" \/><\/figure><\/a><\/div><div class=\"swiper-slide\" role=\"group\" aria-roledescription=\"slide\" aria-label=\"3 \u0438\u0437 3\" data-no-translation-aria-label=\"\"><a data-elementor-open-lightbox=\"yes\" data-elementor-lightbox-slideshow=\"680979ae\" data-elementor-lightbox-title=\"972fffa05ac784b97f68389e8810bfb2\" data-e-action-hash=\"#elementor-action%3Aaction%3Dlightbox%26settings%3DeyJpZCI6MTAxNzIsInVybCI6Imh0dHBzOlwvXC9zb2xpZHNjb250cm9sd29ybGQuY29tXC93cC1jb250ZW50XC91cGxvYWRzXC8yMDI0XC8wMlwvOTcyZmZmYTA1YWM3ODRiOTdmNjgzODllODgxMGJmYjIucG5nIiwic2xpZGVzaG93IjoiNjgwOTc5YWUifQ%3D%3D\" href=\"https:\/\/solidscontrolworld.com\/wp-content\/uploads\/2024\/02\/972fffa05ac784b97f68389e8810bfb2.png\"><figure class=\"swiper-slide-inner\"><img decoding=\"async\" class=\"swiper-slide-image\" src=\"https:\/\/solidscontrolworld.com\/wp-content\/uploads\/2024\/02\/972fffa05ac784b97f68389e8810bfb2-150x150.png\" alt=\"972fffa05ac784b97f68389e8810bfb2\" \/><\/figure><\/a><\/div>\t\t\t<\/div>\n\t\t\t\t\t\t\t\t\t\t\t\t<div class=\"elementor-swiper-button elementor-swiper-button-prev\" role=\"button\" tabindex=\"0\">\n\t\t\t\t\t\t<i aria-hidden=\"true\" class=\"eicon-chevron-left\"><\/i>\t\t\t\t\t<\/div>\n\t\t\t\t\t<div class=\"elementor-swiper-button elementor-swiper-button-next\" role=\"button\" tabindex=\"0\">\n\t\t\t\t\t\t<i aria-hidden=\"true\" class=\"eicon-chevron-right\"><\/i>\t\t\t\t\t<\/div>\n\t\t\t\t\n\t\t\t\t\t\t\t\t\t<div class=\"swiper-pagination\"><\/div>\n\t\t\t\t\t\t\t\t\t<\/div>\n\t\t\t\t\t\t<\/div>\n\t\t\t\t<\/div>\n\t\t\t\t\t<\/div>\n\t\t<\/div>\n\t\t\t\t<div class=\"elementor-column elementor-col-33 elementor-top-column elementor-element elementor-element-12f5dfba\" data-id=\"12f5dfba\" data-element_type=\"column\">\n\t\t\t<div class=\"elementor-widget-wrap elementor-element-populated\">\n\t\t\t\t\t\t<div class=\"elementor-element elementor-element-30fa87b2 elementor-widget elementor-widget-text-editor\" data-id=\"30fa87b2\" data-element_type=\"widget\" data-widget_type=\"text-editor.default\">\n\t\t\t\t<div class=\"elementor-widget-container\">\n\t\t\t\t\t\t\t\t\tA <span title=\"separador de gas de lodo\">separador de gas de lodo<\/span> Tambi\u00e9n conocido como <span title=\"separador de gas de lodo\">desgasificador de ni\u00f1o pobre<\/span> Es una herramienta especial dise\u00f1ada espec\u00edficamente para desgasificar eficazmente lodos gasificados de primera calidad. Se utiliza com\u00fanmente para eliminar principalmente burbujas grandes. Estas se refieren a los gases remanentes en los fluidos que llenaban algunas partes de un espacio anular en buen estado.\t\t\t\t\t\t\t\t<\/div>\n\t\t\t\t<\/div>\n\t\t\t\t<div class=\"elementor-element elementor-element-275d67b6 elementor-widget elementor-widget-text-editor\" data-id=\"275d67b6\" data-element_type=\"widget\" data-widget_type=\"text-editor.default\">\n\t\t\t\t<div class=\"elementor-widget-container\">\n\t\t\t\t\t\t\t\t\tCategor\u00eda:\u00a0<a href=\"https:\/\/solidscontrolworld.com\/es\/equipos-de-control-de-solidos\/\" rel=\"tag\">Control de s\u00f3lidos<\/a>\t\t\t\t\t\t\t\t<\/div>\n\t\t\t\t<\/div>\n\t\t\t\t\t<\/div>\n\t\t<\/div>\n\t\t\t\t<div class=\"elementor-column elementor-col-33 elementor-top-column elementor-element elementor-element-2902cc78\" data-id=\"2902cc78\" data-element_type=\"column\">\n\t\t\t<div class=\"elementor-widget-wrap elementor-element-populated\">\n\t\t\t\t\t\t<div class=\"elementor-element elementor-element-21f92eef elementor-icon-list--layout-traditional elementor-list-item-link-full_width elementor-widget elementor-widget-icon-list\" data-id=\"21f92eef\" data-element_type=\"widget\" data-widget_type=\"icon-list.default\">\n\t\t\t\t<div class=\"elementor-widget-container\">\n\t\t\t\t\t\t\t<ul class=\"elementor-icon-list-items\">\n\t\t\t\t\t\t\t<li class=\"elementor-icon-list-item\">\n\t\t\t\t\t\t\t\t\t\t\t<span class=\"elementor-icon-list-icon\">\n\t\t\t\t\t\t\t<i aria-hidden=\"true\" class=\"fas fa-envelope-open\"><\/i>\t\t\t\t\t\t<\/span>\n\t\t\t\t\t\t\t\t\t\t<span class=\"elementor-icon-list-text\">info@solidscontrolworld.com<\/span>\n\t\t\t\t\t\t\t\t\t<\/li>\n\t\t\t\t\t\t\t\t<li class=\"elementor-icon-list-item\">\n\t\t\t\t\t\t\t\t\t\t\t<span class=\"elementor-icon-list-icon\">\n\t\t\t\t\t\t\t<i aria-hidden=\"true\" class=\"fas fa-phone-volume\"><\/i>\t\t\t\t\t\t<\/span>\n\t\t\t\t\t\t\t\t\t\t<span class=\"elementor-icon-list-text\">+8613784677772<\/span>\n\t\t\t\t\t\t\t\t\t<\/li>\n\t\t\t\t\t\t\t\t<li class=\"elementor-icon-list-item\">\n\t\t\t\t\t\t\t\t\t\t\t<span class=\"elementor-icon-list-icon\">\n\t\t\t\t\t\t\t<i aria-hidden=\"true\" class=\"fas fa-fax\"><\/i>\t\t\t\t\t\t<\/span>\n\t\t\t\t\t\t\t\t\t\t<span class=\"elementor-icon-list-text\">86-315-7651760<\/span>\n\t\t\t\t\t\t\t\t\t<\/li>\n\t\t\t\t\t\t<\/ul>\n\t\t\t\t\t\t<\/div>\n\t\t\t\t<\/div>\n\t\t\t\t\t<\/div>\n\t\t<\/div>\n\t\t\t\t\t<\/div>\n\t\t<\/section>\n\t\t\t\t<section class=\"elementor-section elementor-top-section elementor-element elementor-element-7f5292b7 elementor-section-boxed elementor-section-height-default elementor-section-height-default\" data-id=\"7f5292b7\" data-element_type=\"section\">\n\t\t\t\t\t\t<div class=\"elementor-container elementor-column-gap-default\">\n\t\t\t\t\t<div class=\"elementor-column elementor-col-50 elementor-top-column elementor-element elementor-element-13af7734\" data-id=\"13af7734\" data-element_type=\"column\">\n\t\t\t<div class=\"elementor-widget-wrap elementor-element-populated\">\n\t\t\t\t\t\t<div class=\"elementor-element elementor-element-1af27cf9 elementor-widget elementor-widget-text-editor\" data-id=\"1af27cf9\" data-element_type=\"widget\" data-widget_type=\"text-editor.default\">\n\t\t\t\t<div class=\"elementor-widget-container\">\n\t\t\t\t\t\t\t\t\t<section class=\"elementor-section elementor-top-section elementor-element elementor-element-5f25161 elementor-section-boxed elementor-section-height-default elementor-section-height-default\" data-id=\"5f25161\" data-element_type=\"section\"><div class=\"elementor-container elementor-column-gap-default\"><div class=\"elementor-row\"><div class=\"elementor-column elementor-col-100 elementor-top-column elementor-element elementor-element-6999059\" data-id=\"6999059\" data-element_type=\"column\"><div class=\"elementor-column-wrap elementor-element-populated\"><div class=\"elementor-widget-wrap\"><div class=\"elementor-element elementor-element-b6046b0 elementor-widget elementor-widget-text-editor\" data-id=\"b6046b0\" data-element_type=\"widget\" data-widget_type=\"text-editor.default\"><div class=\"elementor-widget-container\"><div class=\"elementor-text-editor elementor-clearfix\"><p><span style=\"color: #000000;\">El separador de gas y lodo est\u00e1 dise\u00f1ado exclusivamente para una separaci\u00f3n eficaz del lodo y el gas que circulan debido a la ventilaci\u00f3n del gas y tambi\u00e9n para el retorno del mismo. <a href=\"https:\/\/solidscontrolworld.com\/es\/tanque-de-lodo\/\">barro a los hoyos<\/a>La cantidad restante de gas, que es significativamente menor que la cantidad inicial, se env\u00eda luego para su manipulaci\u00f3n por el <strong><a href=\"https:\/\/solidscontrolworld.com\/es\/product\/desgasificador-de-vacio\/\">desgasificador de vac\u00edo<\/a><\/strong>El separador de gas de lodo es un componente vital del sistema de control de s\u00f3lidos. Controla el corte de gas cuando la situaci\u00f3n lo requiere; se utiliza principalmente durante la perforaci\u00f3n cuando hay una presencia significativa de gas de perforaci\u00f3n en los retornos de lodo. El separador de gas de lodo elimina las burbujas con un di\u00e1metro igual o superior a \u03c63 mm.<\/span><\/p><p><span style=\"color: #000000;\">A <a href=\"https:\/\/solidscontrolworld.com\/es\/\">Separador de gas de lodo<\/a> Es simplemente un cuerpo cil\u00edndrico con aberturas. La mezcla de lodo y gas se introduce por la entrada y se dirige a la placa plana de acero. Esta placa facilita la separaci\u00f3n. Los deflectores dentro de la turbulencia tambi\u00e9n contribuyen al proceso. El gas y el lodo separados se ventilan posteriormente por diferentes salidas.<\/span><\/p><p><span style=\"color: #000000;\"><strong>Caracter\u00edsticas principales del separador de gas de lodo<\/strong><\/span><\/p><ul><li><span style=\"color: #000000;\">Cuerpo cil\u00edndrico de acero<\/span><\/li><li><span style=\"color: #000000;\">Entrada del separador<\/span><\/li><li><span style=\"color: #000000;\">Salidas de gas y lodo<\/span><\/li><li><span style=\"color: #000000;\">Placa de acero plana<\/span><\/li><\/ul><\/div><\/div><\/div><\/div><\/div><\/div><\/div><\/div><\/section>\t\t\t\t\t\t\t\t<\/div>\n\t\t\t\t<\/div>\n\t\t\t\t<div class=\"elementor-element elementor-element-2281349e elementor-widget elementor-widget-html\" data-id=\"2281349e\" data-element_type=\"widget\" data-widget_type=\"html.default\">\n\t\t\t\t<div class=\"elementor-widget-container\">\n\t\t\t\t\t<table class=\"aligncenter\">\r\n<tbody>\r\n<tr class=\"thhh\">\r\n<th width=\"195\">Modelo<\/th>\r\n<th width=\"259\">ABZ YQ 8 0 0<\/th>\r\n<th width=\"272\">ABZ YQ 1 0 0 0<\/th>\r\n<th width=\"328\">ABZ YQ 1 2 0 0<\/th>\r\n<\/tr>\r\n<tr>\r\n<td width=\"195\">Di\u00e1metro del cuerpo principal<\/td>\r\n<td width=\"259\">800 mil\u00edmetros<\/td>\r\n<td width=\"272\">1 0 0 0 mil\u00edmetros<\/td>\r\n<td width=\"328\">1 2 0 0 mil\u00edmetros<\/td>\r\n<\/tr>\r\n<tr>\r\n<td width=\"195\">Capacidad<\/td>\r\n<td width=\"259\">180-240 m3\/h<\/td>\r\n<td width=\"272\">260 ~ 320 m3\/h<\/td>\r\n<td width=\"328\">300 ~ 360 m3\/h<\/td>\r\n<\/tr>\r\n<tr>\r\n<td width=\"195\">Espesor de la pared<\/td>\r\n<td width=\"259\">10 mil\u00edmetros<\/td>\r\n<td width=\"272\">10 mil\u00edmetros<\/td>\r\n<td width=\"328\">10 mil\u00edmetros<\/td>\r\n<\/tr>\r\n<tr>\r\n<td width=\"195\">Tubo de entrada<\/td>\r\n<td width=\"259\">4 \"<\/td>\r\n<td width=\"272\">4 \"<\/td>\r\n<td width=\"328\">4 \"<\/td>\r\n<\/tr>\r\n<tr>\r\n<td width=\"195\">Salida para l\u00edquido<\/td>\r\n<td width=\"259\">1 0 \"<\/td>\r\n<td width=\"272\">1 0 \"<\/td>\r\n<td width=\"328\">1 0 \"<\/td>\r\n<\/tr>\r\n<tr>\r\n<td width=\"195\">Salida de gas<\/td>\r\n<td width=\"259\">6 \"<\/td>\r\n<td width=\"272\">8 \"<\/td>\r\n<td width=\"328\">8 \"<\/td>\r\n<\/tr>\r\n<tr>\r\n<td width=\"195\">Peso<\/td>\r\n<td width=\"259\">1800 kilogramos<\/td>\r\n<td width=\"272\">2 0 0 0 kilogramos<\/td>\r\n<td width=\"328\">2 5 0 0 kilogramos<\/td>\r\n<\/tr>\r\n<tr>\r\n<td width=\"195\">Dimensi\u00f3n<\/td>\r\n<td width=\"259\">20000 x 20000 x 5070 mm<\/td>\r\n<td width=\"272\">20000 x 20000 x 5860 mm<\/td>\r\n<td width=\"328\">2 2 0 0 x 2 2 0 0 x 6 6 3 4 mm<\/td>\r\n<\/tr>\r\n<\/tbody>\r\n<\/table>\t\t\t\t<\/div>\n\t\t\t\t<\/div>\n\t\t\t\t\t<\/div>\n\t\t<\/div>\n\t\t\t\t<div class=\"elementor-column elementor-col-50 elementor-top-column elementor-element elementor-element-14431a86\" data-id=\"14431a86\" data-element_type=\"column\">\n\t\t\t<div class=\"elementor-widget-wrap elementor-element-populated\">\n\t\t\t\t\t\t<div class=\"elementor-element elementor-element-62ef23c0 elementor-align-left elementor-icon-list--layout-traditional elementor-list-item-link-full_width elementor-widget elementor-widget-icon-list\" data-id=\"62ef23c0\" data-element_type=\"widget\" data-widget_type=\"icon-list.default\">\n\t\t\t\t<div class=\"elementor-widget-container\">\n\t\t\t\t\t\t\t<ul class=\"elementor-icon-list-items\">\n\t\t\t\t\t\t\t<li class=\"elementor-icon-list-item\">\n\t\t\t\t\t\t\t\t\t\t\t<span class=\"elementor-icon-list-icon\">\n\t\t\t\t\t\t\t<i aria-hidden=\"true\" class=\"fas fa-location-arrow\"><\/i>\t\t\t\t\t\t<\/span>\n\t\t\t\t\t\t\t\t\t\t<span class=\"elementor-icon-list-text\">Habitaci\u00f3n 1924, Bloque D, Plaza Wanda, ciudad de Tangshan, China.<\/span>\n\t\t\t\t\t\t\t\t\t<\/li>\n\t\t\t\t\t\t\t\t<li class=\"elementor-icon-list-item\">\n\t\t\t\t\t\t\t\t\t\t\t<span class=\"elementor-icon-list-icon\">\n\t\t\t\t\t\t\t<i aria-hidden=\"true\" class=\"fas fa-business-time\"><\/i>\t\t\t\t\t\t<\/span>\n\t\t\t\t\t\t\t\t\t\t<span class=\"elementor-icon-list-text\">Lunes a viernes: 8:00-17:30<\/span>\n\t\t\t\t\t\t\t\t\t<\/li>\n\t\t\t\t\t\t<\/ul>\n\t\t\t\t\t\t<\/div>\n\t\t\t\t<\/div>\n\t\t\t\t<div class=\"elementor-element elementor-element-23919486 elementor-share-buttons--view-icon elementor-share-buttons--skin-minimal elementor-share-buttons--shape-rounded elementor-share-buttons--align-left elementor-grid-0 elementor-share-buttons--color-official elementor-widget elementor-widget-share-buttons\" data-id=\"23919486\" data-element_type=\"widget\" data-widget_type=\"share-buttons.default\">\n\t\t\t\t<div class=\"elementor-widget-container\">\n\t\t\t\t\t\t\t<div class=\"elementor-grid\">\n\t\t\t\t\t\t\t\t<div class=\"elementor-grid-item\">\n\t\t\t\t\t\t<div\n\t\t\t\t\t\t\tclass=\"elementor-share-btn elementor-share-btn_facebook\"\n\t\t\t\t\t\t\trole=\"button\"\n\t\t\t\t\t\t\ttabindex=\"0\"\n\t\t\t\t\t\t\taria-label=\"Compartir en facebook\"\n\t\t\t\t\t\t>\n\t\t\t\t\t\t\t\t\t\t\t\t\t\t\t<span class=\"elementor-share-btn__icon\">\n\t\t\t\t\t\t\t\t<i class=\"fab fa-facebook\" aria-hidden=\"true\"><\/i>\t\t\t\t\t\t\t<\/span>\n\t\t\t\t\t\t\t\t\t\t\t\t\t\t\t\t\t\t\t\t<\/div>\n\t\t\t\t\t<\/div>\n\t\t\t\t\t\t\t\t\t<div class=\"elementor-grid-item\">\n\t\t\t\t\t\t<div\n\t\t\t\t\t\t\tclass=\"elementor-share-btn elementor-share-btn_twitter\"\n\t\t\t\t\t\t\trole=\"button\"\n\t\t\t\t\t\t\ttabindex=\"0\"\n\t\t\t\t\t\t\taria-label=\"Compartir en Twitter\"\n\t\t\t\t\t\t>\n\t\t\t\t\t\t\t\t\t\t\t\t\t\t\t<span class=\"elementor-share-btn__icon\">\n\t\t\t\t\t\t\t\t<i class=\"fab fa-twitter\" aria-hidden=\"true\"><\/i>\t\t\t\t\t\t\t<\/span>\n\t\t\t\t\t\t\t\t\t\t\t\t\t\t\t\t\t\t\t\t<\/div>\n\t\t\t\t\t<\/div>\n\t\t\t\t\t\t\t\t\t<div class=\"elementor-grid-item\">\n\t\t\t\t\t\t<div\n\t\t\t\t\t\t\tclass=\"elementor-share-btn elementor-share-btn_linkedin\"\n\t\t\t\t\t\t\trole=\"button\"\n\t\t\t\t\t\t\ttabindex=\"0\"\n\t\t\t\t\t\t\taria-label=\"Compartir en linkedin\"\n\t\t\t\t\t\t>\n\t\t\t\t\t\t\t\t\t\t\t\t\t\t\t<span class=\"elementor-share-btn__icon\">\n\t\t\t\t\t\t\t\t<i class=\"fab fa-linkedin\" aria-hidden=\"true\"><\/i>\t\t\t\t\t\t\t<\/span>\n\t\t\t\t\t\t\t\t\t\t\t\t\t\t\t\t\t\t\t\t<\/div>\n\t\t\t\t\t<\/div>\n\t\t\t\t\t\t<\/div>\n\t\t\t\t\t\t<\/div>\n\t\t\t\t<\/div>\n\t\t\t\t\t<\/div>\n\t\t<\/div>\n\t\t\t\t\t<\/div>\n\t\t<\/section>\n\t\t\t\t<\/div>","protected":false},"excerpt":{"rendered":"<p>&nbsp; &nbsp; Un separador de gas de lodo, tambi\u00e9n conocido como desgasificador de bajo costo, es una herramienta especial dise\u00f1ada espec\u00edficamente para desgasificar eficazmente el lodo gasificado en el primer grado. Se utiliza com\u00fanmente para eliminar principalmente burbujas grandes. Si bien estas se refieren a los gases restantes en los fluidos utilizados para llenar [\u2026]<\/p>","protected":false},"author":1,"featured_media":0,"parent":0,"menu_order":23,"comment_status":"closed","ping_status":"closed","template":"","meta":{"_seopress_robots_primary_cat":"","_seopress_titles_title":"","_seopress_titles_desc":"","_seopress_robots_index":"","footnotes":""},"class_list":["post-3386","page","type-page","status-publish","hentry"],"yoast_head":"<!-- This site is optimized with the Yoast SEO plugin v25.1 - https:\/\/yoast.com\/wordpress\/plugins\/seo\/ -->\n<title>Buy Online Mud Gas Separator | Solids Control World<\/title>\n<meta name=\"description\" content=\"Mud gas separator is essential in drilling operations, separating hazardous gases from drilling fluid to maintain well control and ensure safety.\" \/>\n<meta name=\"robots\" content=\"index, follow, max-snippet:-1, max-image-preview:large, max-video-preview:-1\" \/>\n<link rel=\"canonical\" href=\"https:\/\/solidscontrolworld.com\/es\/separador-de-gas-de-lodo\/\" \/>\n<meta property=\"og:locale\" content=\"es_MX\" \/>\n<meta property=\"og:type\" content=\"article\" \/>\n<meta property=\"og:title\" content=\"Buy Online Mud Gas Separator | Solids Control World\" \/>\n<meta property=\"og:description\" content=\"Mud gas separator is essential in drilling operations, separating hazardous gases from drilling fluid to maintain well control and ensure safety.\" \/>\n<meta property=\"og:url\" content=\"https:\/\/solidscontrolworld.com\/es\/separador-de-gas-de-lodo\/\" \/>\n<meta property=\"og:site_name\" content=\"Solids Control World\" \/>\n<meta property=\"article:modified_time\" content=\"2025-05-26T06:57:52+00:00\" \/>\n<meta property=\"og:image\" content=\"https:\/\/solidscontrolworld.com\/wp-content\/uploads\/2023\/07\/603b65c3c30f203e54bc17923c26199.jpg\" \/>\n<meta name=\"twitter:card\" content=\"summary_large_image\" \/>\n<meta name=\"twitter:label1\" content=\"Tiempo de lectura\" \/>\n\t<meta name=\"twitter:data1\" content=\"3 minutos\" \/>\n<!-- \/ Yoast SEO plugin. -->","yoast_head_json":{"title":"Compre en l\u00ednea un separador de lodos y gases | Solids Control World","description":"El separador de gas de lodo es esencial en las operaciones de perforaci\u00f3n, separando los gases peligrosos del fluido de perforaci\u00f3n para mantener el control del pozo y garantizar la seguridad.","robots":{"index":"index","follow":"follow","max-snippet":"max-snippet:-1","max-image-preview":"max-image-preview:large","max-video-preview":"max-video-preview:-1"},"canonical":"https:\/\/solidscontrolworld.com\/es\/separador-de-gas-de-lodo\/","og_locale":"es_MX","og_type":"article","og_title":"Buy Online Mud Gas Separator | Solids Control World","og_description":"Mud gas separator is essential in drilling operations, separating hazardous gases from drilling fluid to maintain well control and ensure safety.","og_url":"https:\/\/solidscontrolworld.com\/es\/separador-de-gas-de-lodo\/","og_site_name":"Solids Control World","article_modified_time":"2025-05-26T06:57:52+00:00","og_image":[{"url":"https:\/\/solidscontrolworld.com\/wp-content\/uploads\/2023\/07\/603b65c3c30f203e54bc17923c26199.jpg","type":"","width":"","height":""}],"twitter_card":"summary_large_image","twitter_misc":{"Tiempo de lectura":"3 minutos"},"schema":{"@context":"https:\/\/schema.org","@graph":[{"@type":"WebPage","@id":"https:\/\/solidscontrolworld.com\/mud-gas-separator\/","url":"https:\/\/solidscontrolworld.com\/mud-gas-separator\/","name":"Compre en l\u00ednea un separador de lodos y gases | Solids Control World","isPartOf":{"@id":"https:\/\/solidscontrolworld.com\/#website"},"primaryImageOfPage":{"@id":"https:\/\/solidscontrolworld.com\/mud-gas-separator\/#primaryimage"},"image":{"@id":"https:\/\/solidscontrolworld.com\/mud-gas-separator\/#primaryimage"},"thumbnailUrl":"https:\/\/solidscontrolworld.com\/wp-content\/uploads\/2023\/07\/603b65c3c30f203e54bc17923c26199.jpg","datePublished":"2021-06-05T05:52:21+00:00","dateModified":"2025-05-26T06:57:52+00:00","description":"El separador de gas de lodo es esencial en las operaciones de perforaci\u00f3n, separando los gases peligrosos del fluido de perforaci\u00f3n para mantener el control del pozo y garantizar la seguridad.","breadcrumb":{"@id":"https:\/\/solidscontrolworld.com\/mud-gas-separator\/#breadcrumb"},"inLanguage":"es","potentialAction":[{"@type":"ReadAction","target":["https:\/\/solidscontrolworld.com\/mud-gas-separator\/"]}]},{"@type":"ImageObject","inLanguage":"es","@id":"https:\/\/solidscontrolworld.com\/mud-gas-separator\/#primaryimage","url":"https:\/\/solidscontrolworld.com\/wp-content\/uploads\/2023\/07\/603b65c3c30f203e54bc17923c26199.jpg","contentUrl":"https:\/\/solidscontrolworld.com\/wp-content\/uploads\/2023\/07\/603b65c3c30f203e54bc17923c26199.jpg"},{"@type":"BreadcrumbList","@id":"https:\/\/solidscontrolworld.com\/mud-gas-separator\/#breadcrumb","itemListElement":[{"@type":"ListItem","position":1,"name":"Home","item":"https:\/\/solidscontrolworld.com\/"},{"@type":"ListItem","position":2,"name":"Mud gas separator"}]},{"@type":"WebSite","@id":"https:\/\/solidscontrolworld.com\/#website","url":"https:\/\/solidscontrolworld.com\/","name":"Mundo de control de s\u00f3lidos","description":"","publisher":{"@id":"https:\/\/solidscontrolworld.com\/#\/schema\/person\/2c126362537c0f0e6d4a8dfba9fc68b0"},"potentialAction":[{"@type":"SearchAction","target":{"@type":"EntryPoint","urlTemplate":"https:\/\/solidscontrolworld.com\/?s={search_term_string}"},"query-input":{"@type":"PropertyValueSpecification","valueRequired":true,"valueName":"search_term_string"}}],"inLanguage":"es"},{"@type":["Person","Organization"],"@id":"https:\/\/solidscontrolworld.com\/#\/schema\/person\/2c126362537c0f0e6d4a8dfba9fc68b0","name":"mundodecontroldes\u00f3lidos","logo":{"@id":"https:\/\/solidscontrolworld.com\/#\/schema\/person\/image\/"},"sameAs":["https:\/\/solidscontrolworld.com"]}]}},"_links":{"self":[{"href":"https:\/\/solidscontrolworld.com\/es\/wp-json\/wp\/v2\/pages\/3386","targetHints":{"allow":["GET"]}}],"collection":[{"href":"https:\/\/solidscontrolworld.com\/es\/wp-json\/wp\/v2\/pages"}],"about":[{"href":"https:\/\/solidscontrolworld.com\/es\/wp-json\/wp\/v2\/types\/page"}],"author":[{"embeddable":true,"href":"https:\/\/solidscontrolworld.com\/es\/wp-json\/wp\/v2\/users\/1"}],"replies":[{"embeddable":true,"href":"https:\/\/solidscontrolworld.com\/es\/wp-json\/wp\/v2\/comments?post=3386"}],"version-history":[{"count":21,"href":"https:\/\/solidscontrolworld.com\/es\/wp-json\/wp\/v2\/pages\/3386\/revisions"}],"predecessor-version":[{"id":12282,"href":"https:\/\/solidscontrolworld.com\/es\/wp-json\/wp\/v2\/pages\/3386\/revisions\/12282"}],"wp:attachment":[{"href":"https:\/\/solidscontrolworld.com\/es\/wp-json\/wp\/v2\/media?parent=3386"}],"curies":[{"name":"wp","href":"https:\/\/api.w.org\/{rel}","templated":true}]}}