{"id":3396,"date":"2021-06-05T06:08:30","date_gmt":"2021-06-05T06:08:30","guid":{"rendered":"https:\/\/solidscontrolworld.com\/?page_id=3396"},"modified":"2025-05-26T07:32:41","modified_gmt":"2025-05-26T07:32:41","slug":"pistola-de-lodo","status":"publish","type":"page","link":"https:\/\/solidscontrolworld.com\/es\/pistola-de-lodo\/","title":{"rendered":"Pistola de lodo"},"content":{"rendered":"<div data-elementor-type=\"wp-page\" data-elementor-id=\"3396\" class=\"elementor elementor-3396\">\n\t\t\t\t\t\t<section class=\"elementor-section elementor-top-section elementor-element elementor-element-5d617e24 elementor-section-full_width elementor-section-height-min-height elementor-section-stretched elementor-section-height-default elementor-section-items-middle\" data-id=\"5d617e24\" data-element_type=\"section\" data-settings=\"{&quot;stretch_section&quot;:&quot;section-stretched&quot;,&quot;background_background&quot;:&quot;classic&quot;}\">\n\t\t\t\t\t\t\t<div class=\"elementor-background-overlay\"><\/div>\n\t\t\t\t\t\t\t<div class=\"elementor-container elementor-column-gap-default\">\n\t\t\t\t\t<div class=\"elementor-column elementor-col-100 elementor-top-column elementor-element elementor-element-178eaf96\" data-id=\"178eaf96\" data-element_type=\"column\">\n\t\t\t<div class=\"elementor-widget-wrap elementor-element-populated\">\n\t\t\t\t\t\t\t<\/div>\n\t\t<\/div>\n\t\t\t\t\t<\/div>\n\t\t<\/section>\n\t\t\t\t<section class=\"elementor-section elementor-top-section elementor-element elementor-element-3fc551b9 elementor-section-boxed elementor-section-height-default elementor-section-height-default\" data-id=\"3fc551b9\" data-element_type=\"section\">\n\t\t\t\t\t\t<div class=\"elementor-container elementor-column-gap-default\">\n\t\t\t\t\t<div class=\"elementor-column elementor-col-33 elementor-top-column elementor-element elementor-element-27a9f85\" data-id=\"27a9f85\" data-element_type=\"column\">\n\t\t\t<div class=\"elementor-widget-wrap elementor-element-populated\">\n\t\t\t\t\t\t<div class=\"elementor-element elementor-element-743197f5 elementor-widget elementor-widget-image\" data-id=\"743197f5\" data-element_type=\"widget\" data-widget_type=\"image.default\">\n\t\t\t\t<div class=\"elementor-widget-container\">\n\t\t\t\t\t\t\t\t\t\t\t\t\t\t\t<img fetchpriority=\"high\" decoding=\"async\" width=\"353\" height=\"348\" src=\"https:\/\/solidscontrolworld.com\/wp-content\/uploads\/2023\/07\/a4e4e9846fa79c9ae06df44760add8a.jpg\" class=\"attachment-full size-full wp-image-9527\" alt=\"pistola de lodo de perforaci\u00f3n\" srcset=\"https:\/\/solidscontrolworld.com\/wp-content\/uploads\/2023\/07\/a4e4e9846fa79c9ae06df44760add8a.jpg 353w, https:\/\/solidscontrolworld.com\/wp-content\/uploads\/2023\/07\/a4e4e9846fa79c9ae06df44760add8a-300x296.jpg 300w, https:\/\/solidscontrolworld.com\/wp-content\/uploads\/2023\/07\/a4e4e9846fa79c9ae06df44760add8a-100x100.jpg 100w\" sizes=\"(max-width: 353px) 100vw, 353px\" \/>\t\t\t\t\t\t\t\t\t\t\t\t\t\t\t<\/div>\n\t\t\t\t<\/div>\n\t\t\t\t<div class=\"elementor-element elementor-element-367e9cc4 elementor-arrows-position-inside elementor-pagination-position-outside elementor-widget elementor-widget-image-carousel\" data-id=\"367e9cc4\" data-element_type=\"widget\" data-settings=\"{&quot;navigation&quot;:&quot;both&quot;,&quot;autoplay&quot;:&quot;yes&quot;,&quot;pause_on_hover&quot;:&quot;yes&quot;,&quot;pause_on_interaction&quot;:&quot;yes&quot;,&quot;autoplay_speed&quot;:5000,&quot;infinite&quot;:&quot;yes&quot;,&quot;speed&quot;:500}\" data-widget_type=\"image-carousel.default\">\n\t\t\t\t<div class=\"elementor-widget-container\">\n\t\t\t\t\t\t\t<div class=\"elementor-image-carousel-wrapper swiper\" role=\"region\" aria-roledescription=\"carousel\" aria-label=\"Carrusel de im\u00e1genes\" dir=\"ltr\">\n\t\t\t<div class=\"elementor-image-carousel swiper-wrapper\" aria-live=\"off\">\n\t\t\t\t\t\t\t\t<div class=\"swiper-slide\" role=\"group\" aria-roledescription=\"slide\" aria-label=\"1 de 3\"><a data-elementor-open-lightbox=\"yes\" data-elementor-lightbox-slideshow=\"367e9cc4\" data-elementor-lightbox-title=\"311d439367b59941a36f68acb89a1db2\" data-e-action-hash=\"#elementor-action%3Aaction%3Dlightbox%26settings%3DeyJpZCI6MTAyMDQsInVybCI6Imh0dHBzOlwvXC9zb2xpZHNjb250cm9sd29ybGQuY29tXC93cC1jb250ZW50XC91cGxvYWRzXC8yMDI0XC8wMlwvMzExZDQzOTM2N2I1OTk0MWEzNmY2OGFjYjg5YTFkYjIucG5nIiwic2xpZGVzaG93IjoiMzY3ZTljYzQifQ%3D%3D\" href=\"https:\/\/solidscontrolworld.com\/wp-content\/uploads\/2024\/02\/311d439367b59941a36f68acb89a1db2.png\"><figure class=\"swiper-slide-inner\"><img decoding=\"async\" class=\"swiper-slide-image\" src=\"https:\/\/solidscontrolworld.com\/wp-content\/uploads\/2024\/02\/311d439367b59941a36f68acb89a1db2-150x150.png\" alt=\"311d439367b59941a36f68acb89a1db2\" \/><\/figure><\/a><\/div><div class=\"swiper-slide\" role=\"group\" aria-roledescription=\"slide\" aria-label=\"2 de 3\"><a data-elementor-open-lightbox=\"yes\" data-elementor-lightbox-slideshow=\"367e9cc4\" data-elementor-lightbox-title=\"Mud gun\" data-e-action-hash=\"#elementor-action%3Aaction%3Dlightbox%26settings%3DeyJpZCI6MTAyMDMsInVybCI6Imh0dHBzOlwvXC9zb2xpZHNjb250cm9sd29ybGQuY29tXC93cC1jb250ZW50XC91cGxvYWRzXC8yMDI0XC8wMlwvTXVkLWd1bi5wbmciLCJzbGlkZXNob3ciOiIzNjdlOWNjNCJ9\" href=\"https:\/\/solidscontrolworld.com\/wp-content\/uploads\/2024\/02\/Mud-gun.png\"><figure class=\"swiper-slide-inner\"><img decoding=\"async\" class=\"swiper-slide-image\" src=\"https:\/\/solidscontrolworld.com\/wp-content\/uploads\/2024\/02\/Mud-gun-150x150.png\" alt=\"Pistola de lodo\" \/><\/figure><\/a><\/div><div class=\"swiper-slide\" role=\"group\" aria-roledescription=\"slide\" aria-label=\"3 de 3\"><a data-elementor-open-lightbox=\"yes\" data-elementor-lightbox-slideshow=\"367e9cc4\" data-elementor-lightbox-title=\"\u5fae\u4fe1\u56fe\u7247_20240221162209\" data-e-action-hash=\"#elementor-action%3Aaction%3Dlightbox%26settings%3DeyJpZCI6MTAyMDIsInVybCI6Imh0dHBzOlwvXC9zb2xpZHNjb250cm9sd29ybGQuY29tXC93cC1jb250ZW50XC91cGxvYWRzXC8yMDI0XC8wMlwvXHU1ZmFlXHU0ZmUxXHU1NmZlXHU3MjQ3XzIwMjQwMjIxMTYyMjA5LnBuZyIsInNsaWRlc2hvdyI6IjM2N2U5Y2M0In0%3D\" href=\"https:\/\/solidscontrolworld.com\/wp-content\/uploads\/2024\/02\/\u5fae\u4fe1\u56fe\u7247_20240221162209.png\"><figure class=\"swiper-slide-inner\"><img decoding=\"async\" class=\"swiper-slide-image\" src=\"https:\/\/solidscontrolworld.com\/wp-content\/uploads\/2024\/02\/\u5fae\u4fe1\u56fe\u7247_20240221162209-150x150.png\" alt=\"\u5fae\u4fe1\u56fe\u7247_20240221162209\" \/><\/figure><\/a><\/div>\t\t\t<\/div>\n\t\t\t\t\t\t\t\t\t\t\t\t<div class=\"elementor-swiper-button elementor-swiper-button-prev\" role=\"button\" tabindex=\"0\">\n\t\t\t\t\t\t<i aria-hidden=\"true\" class=\"eicon-chevron-left\"><\/i>\t\t\t\t\t<\/div>\n\t\t\t\t\t<div class=\"elementor-swiper-button elementor-swiper-button-next\" role=\"button\" tabindex=\"0\">\n\t\t\t\t\t\t<i aria-hidden=\"true\" class=\"eicon-chevron-right\"><\/i>\t\t\t\t\t<\/div>\n\t\t\t\t\n\t\t\t\t\t\t\t\t\t<div class=\"swiper-pagination\"><\/div>\n\t\t\t\t\t\t\t\t\t<\/div>\n\t\t\t\t\t\t<\/div>\n\t\t\t\t<\/div>\n\t\t\t\t\t<\/div>\n\t\t<\/div>\n\t\t\t\t<div class=\"elementor-column elementor-col-33 elementor-top-column elementor-element elementor-element-60d03502\" data-id=\"60d03502\" data-element_type=\"column\">\n\t\t\t<div class=\"elementor-widget-wrap elementor-element-populated\">\n\t\t\t\t\t\t<div class=\"elementor-element elementor-element-2ec86aad elementor-widget elementor-widget-heading\" data-id=\"2ec86aad\" data-element_type=\"widget\" data-widget_type=\"heading.default\">\n\t\t\t\t<div class=\"elementor-widget-container\">\n\t\t\t\t\t<h2 class=\"elementor-heading-title elementor-size-default\">Pistola de lodo<\/h2>\t\t\t\t<\/div>\n\t\t\t\t<\/div>\n\t\t\t\t<div class=\"elementor-element elementor-element-362c434a elementor-widget elementor-widget-text-editor\" data-id=\"362c434a\" data-element_type=\"widget\" data-widget_type=\"text-editor.default\">\n\t\t\t\t<div class=\"elementor-widget-container\">\n\t\t\t\t\t\t\t\t\tA <span title=\"pistola mezcladora de lodo\">pistola de lodo<\/span> Es una herramienta eficiente que se utiliza para mezclar el lodo de perforaci\u00f3n con un movimiento circulatorio espec\u00edfico. Adem\u00e1s, evita que el lodo se deposite en un punto espec\u00edfico o se precipite. Se utiliza en sistemas de control de s\u00f3lidos, especialmente en plataformas de perforaci\u00f3n, lo que lo hace eficaz para fines industriales y de construcci\u00f3n.\t\t\t\t\t\t\t\t<\/div>\n\t\t\t\t<\/div>\n\t\t\t\t<div class=\"elementor-element elementor-element-626da5b0 elementor-widget elementor-widget-text-editor\" data-id=\"626da5b0\" data-element_type=\"widget\" data-widget_type=\"text-editor.default\">\n\t\t\t\t<div class=\"elementor-widget-container\">\n\t\t\t\t\t\t\t\t\tCategor\u00eda:\u00a0<a href=\"https:\/\/solidscontrolworld.com\/es\/equipos-de-control-de-solidos\/\" rel=\"tag\">Control de s\u00f3lidos<\/a>\t\t\t\t\t\t\t\t<\/div>\n\t\t\t\t<\/div>\n\t\t\t\t\t<\/div>\n\t\t<\/div>\n\t\t\t\t<div class=\"elementor-column elementor-col-33 elementor-top-column elementor-element elementor-element-3fb10135\" data-id=\"3fb10135\" data-element_type=\"column\">\n\t\t\t<div class=\"elementor-widget-wrap elementor-element-populated\">\n\t\t\t\t\t\t<div class=\"elementor-element elementor-element-36fae3f2 elementor-icon-list--layout-traditional elementor-list-item-link-full_width elementor-widget elementor-widget-icon-list\" data-id=\"36fae3f2\" data-element_type=\"widget\" data-widget_type=\"icon-list.default\">\n\t\t\t\t<div class=\"elementor-widget-container\">\n\t\t\t\t\t\t\t<ul class=\"elementor-icon-list-items\">\n\t\t\t\t\t\t\t<li class=\"elementor-icon-list-item\">\n\t\t\t\t\t\t\t\t\t\t\t<span class=\"elementor-icon-list-icon\">\n\t\t\t\t\t\t\t<i aria-hidden=\"true\" class=\"fas fa-envelope-open\"><\/i>\t\t\t\t\t\t<\/span>\n\t\t\t\t\t\t\t\t\t\t<span class=\"elementor-icon-list-text\">info@solidscontrolworld.com<\/span>\n\t\t\t\t\t\t\t\t\t<\/li>\n\t\t\t\t\t\t\t\t<li class=\"elementor-icon-list-item\">\n\t\t\t\t\t\t\t\t\t\t\t<span class=\"elementor-icon-list-icon\">\n\t\t\t\t\t\t\t<i aria-hidden=\"true\" class=\"fas fa-phone-volume\"><\/i>\t\t\t\t\t\t<\/span>\n\t\t\t\t\t\t\t\t\t\t<span class=\"elementor-icon-list-text\">+8613784677772<\/span>\n\t\t\t\t\t\t\t\t\t<\/li>\n\t\t\t\t\t\t\t\t<li class=\"elementor-icon-list-item\">\n\t\t\t\t\t\t\t\t\t\t\t<span class=\"elementor-icon-list-icon\">\n\t\t\t\t\t\t\t<i aria-hidden=\"true\" class=\"fas fa-fax\"><\/i>\t\t\t\t\t\t<\/span>\n\t\t\t\t\t\t\t\t\t\t<span class=\"elementor-icon-list-text\">86-315-7651760<\/span>\n\t\t\t\t\t\t\t\t\t<\/li>\n\t\t\t\t\t\t<\/ul>\n\t\t\t\t\t\t<\/div>\n\t\t\t\t<\/div>\n\t\t\t\t\t<\/div>\n\t\t<\/div>\n\t\t\t\t\t<\/div>\n\t\t<\/section>\n\t\t\t\t<section class=\"elementor-section elementor-top-section elementor-element elementor-element-2eecf044 elementor-section-boxed elementor-section-height-default elementor-section-height-default\" data-id=\"2eecf044\" data-element_type=\"section\">\n\t\t\t\t\t\t<div class=\"elementor-container elementor-column-gap-default\">\n\t\t\t\t\t<div class=\"elementor-column elementor-col-50 elementor-top-column elementor-element elementor-element-5c1a053c\" data-id=\"5c1a053c\" data-element_type=\"column\">\n\t\t\t<div class=\"elementor-widget-wrap elementor-element-populated\">\n\t\t\t\t\t\t<div class=\"elementor-element elementor-element-66d2b007 elementor-widget elementor-widget-text-editor\" data-id=\"66d2b007\" data-element_type=\"widget\" data-widget_type=\"text-editor.default\">\n\t\t\t\t<div class=\"elementor-widget-container\">\n\t\t\t\t\t\t\t\t\t<section class=\"elementor-section elementor-top-section elementor-element elementor-element-5f25161 elementor-section-boxed elementor-section-height-default elementor-section-height-default\" data-id=\"5f25161\" data-element_type=\"section\"><div class=\"elementor-container elementor-column-gap-default\"><div class=\"elementor-row\"><div class=\"elementor-column elementor-col-100 elementor-top-column elementor-element elementor-element-6999059\" data-id=\"6999059\" data-element_type=\"column\"><div class=\"elementor-column-wrap elementor-element-populated\"><div class=\"elementor-widget-wrap\"><div class=\"elementor-element elementor-element-b6046b0 elementor-widget elementor-widget-text-editor\" data-id=\"b6046b0\" data-element_type=\"widget\" data-widget_type=\"text-editor.default\"><div class=\"elementor-widget-container\"><div class=\"elementor-text-editor elementor-clearfix\"><p><span style=\"color: #000000;\">Mud Gun es parte de la <a href=\"https:\/\/solidscontrolworld.com\/es\/limpiador-de-lodo\/\">proceso de limpieza de lodo<\/a> y est\u00e1 dise\u00f1ado para usarse en sistemas de control de s\u00f3lidos. Es una herramienta que se utiliza principalmente con el prop\u00f3sito de <span title=\"pistola mezcladora de lodo\">mezcla de lodo de perforaci\u00f3n<\/span> Al mismo tiempo, se garantiza que el lodo no se precipite. Est\u00e1 fabricado con acero est\u00e1ndar de alta calidad, con boquillas de poliuretano y aleaci\u00f3n de carburo de tungsteno. Es una herramienta sencilla pero muy \u00fatil en... <a href=\"https:\/\/solidscontrolworld.com\/es\/\">sistema de control s\u00f3lido<\/a>El equipo es f\u00e1cil de operar y flexible. Se divide en tres tipos: baja, media y alta presi\u00f3n.<\/span><\/p><p><span style=\"color: #000000;\">La pistola de lodo generalmente se opera con un <a href=\"https:\/\/solidscontrolworld.com\/es\/agitador-de-lodo\/\"><strong>agitador de lodo<\/strong><\/a>, que a menudo se encuentra en la parte superior del tanque de circulaci\u00f3n. El objetivo de la <a title=\"pistola de lodo de perforaci\u00f3n\">pistola de lodo<\/a> Su funci\u00f3n es evitar cualquier tipo de precipitaci\u00f3n s\u00f3lida y transportar el fluido de perforaci\u00f3n entre los tanques. El equipo tambi\u00e9n se utiliza con una bomba centr\u00edfuga y <a href=\"https:\/\/solidscontrolworld.com\/es\/bomba-de-lodo\/\"><strong>bomba de lodo<\/strong><\/a> para un resultado efectivo. El dise\u00f1o simple permite que cualquiera lo use. <a title=\"pistola mezcladora de lodo\">pistolas de lodo<\/a> Sin mucho entrenamiento. Esta pistola de lodo es f\u00e1cil de usar.<\/span><\/p><p><span style=\"color: #000000;\"><strong>Caracter\u00edsticas principales de Mud Gun<\/strong><\/span><\/p><ul><li><span style=\"color: #000000;\">Boquillas de descarga<\/span><\/li><li><span style=\"color: #000000;\">Dise\u00f1o de pistola simple<\/span><\/li><li><span style=\"color: #000000;\">Operaci\u00f3n flexible<\/span><\/li><\/ul><\/div><\/div><\/div><\/div><\/div><\/div><\/div><\/div><\/section>\t\t\t\t\t\t\t\t<\/div>\n\t\t\t\t<\/div>\n\t\t\t\t<div class=\"elementor-element elementor-element-b1707e6 elementor-widget elementor-widget-html\" data-id=\"b1707e6\" data-element_type=\"widget\" data-widget_type=\"html.default\">\n\t\t\t\t<div class=\"elementor-widget-container\">\n\t\t\t\t\t<table class=\"aligncenter\">\r\n<tbody>\r\n<tr class=\"thhh\">\r\n<th width=\"160\">Modelo<\/th>\r\n<th width=\"138\">ABN JQ 5 0 3<\/th>\r\n<th width=\"138\">ABN JQ 5 0 1<\/th>\r\n<th width=\"151\">ABN JQ 8 0 3<\/th>\r\n<th width=\"151\">ABN JQ 8 0 1<\/th>\r\n<\/tr>\r\n<tr>\r\n<td width=\"160\">Di\u00e1metro<\/td>\r\n<td width=\"138\">2 \u201d(\u03a650)<\/td>\r\n<td width=\"138\">2 \u201d(\u03a650)<\/td>\r\n<td width=\"151\">3 \u201d(\u03a680)<\/td>\r\n<td width=\"151\">3 \u201d(\u03a680)<\/td>\r\n<\/tr>\r\n<tr>\r\n<td width=\"160\">Identificaci\u00f3n de la v\u00e1lvula<\/td>\r\n<td width=\"138\">50 mm<\/td>\r\n<td width=\"138\">50 mm<\/td>\r\n<td width=\"151\">80 mm<\/td>\r\n<td width=\"151\">80 mm<\/td>\r\n<\/tr>\r\n<tr>\r\n<td width=\"160\">Tama\u00f1o de la interfaz<\/td>\r\n<td width=\"138\">2 \"<\/td>\r\n<td width=\"138\">2 \"<\/td>\r\n<td width=\"151\">3 \"<\/td>\r\n<td width=\"151\">3 \"<\/td>\r\n<\/tr>\r\n<tr>\r\n<td width=\"160\"><strong>\u00a0<\/strong>Presi\u00f3n<\/td>\r\n<td width=\"138\">1 . 6 \/ 3 . 2 \/ 6 . 4 M al a\u00f1o<\/td>\r\n<td width=\"138\">1 . 6 \/ 3 . 2 \/ 6 . 4 M al a\u00f1o<\/td>\r\n<td width=\"138\">1 . 6 \/ 3 . 2 \/ 6 . 4 M al a\u00f1o<\/td>\r\n<td width=\"138\">1 . 6 \/ 3 . 2 \/ 6 . 4 M al a\u00f1o<\/td>\r\n\r\n<\/tr>\r\n<tr>\r\n<td width=\"160\">N\u00famero de boquilla<\/td>\r\n<td width=\"138\">3<\/td>\r\n<td width=\"138\">1<\/td>\r\n<td width=\"138\">3<\/td>\r\n<td width=\"138\">1<\/td>\r\n<\/tr>\r\n<tr>\r\n<td width=\"160\">\u00c1ngulo de rotaci\u00f3n<\/td>\r\n<td width=\"138\">1 2 0 \u00b0 \/ 0<\/td>\r\n<td width=\"138\">1 2 0 \u00b0 \/ 0<\/td>\r\n<td width=\"138\">1 2 0 \u00b0 \/ 0<\/td>\r\n<td width=\"138\">1 2 0 \u00b0 \/ 0<\/td>\r\n<\/tr>\r\n<tr>\r\n<td width=\"160\">Observaci\u00f3n<\/td>\r\n<td width=\"138\">rotar\/no rotar<\/td>\r\n<td width=\"138\">girar<\/td>\r\n<td width=\"138\">rotar\/no rotar<\/td>\r\n<td width=\"138\">girar<\/td>\r\n<\/tr>\r\n<\/tbody>\r\n<\/table>\t\t\t\t<\/div>\n\t\t\t\t<\/div>\n\t\t\t\t\t<\/div>\n\t\t<\/div>\n\t\t\t\t<div class=\"elementor-column elementor-col-50 elementor-top-column elementor-element elementor-element-15be6019\" data-id=\"15be6019\" data-element_type=\"column\">\n\t\t\t<div class=\"elementor-widget-wrap elementor-element-populated\">\n\t\t\t\t\t\t<div class=\"elementor-element elementor-element-630fe8eb elementor-align-left elementor-icon-list--layout-traditional elementor-list-item-link-full_width elementor-widget elementor-widget-icon-list\" data-id=\"630fe8eb\" data-element_type=\"widget\" data-widget_type=\"icon-list.default\">\n\t\t\t\t<div class=\"elementor-widget-container\">\n\t\t\t\t\t\t\t<ul class=\"elementor-icon-list-items\">\n\t\t\t\t\t\t\t<li class=\"elementor-icon-list-item\">\n\t\t\t\t\t\t\t\t\t\t\t<span class=\"elementor-icon-list-icon\">\n\t\t\t\t\t\t\t<i aria-hidden=\"true\" class=\"fas fa-location-arrow\"><\/i>\t\t\t\t\t\t<\/span>\n\t\t\t\t\t\t\t\t\t\t<span class=\"elementor-icon-list-text\">Habitaci\u00f3n 1924, Bloque D, Plaza Wanda, ciudad de Tangshan, China.<\/span>\n\t\t\t\t\t\t\t\t\t<\/li>\n\t\t\t\t\t\t\t\t<li class=\"elementor-icon-list-item\">\n\t\t\t\t\t\t\t\t\t\t\t<span class=\"elementor-icon-list-icon\">\n\t\t\t\t\t\t\t<i aria-hidden=\"true\" class=\"fas fa-business-time\"><\/i>\t\t\t\t\t\t<\/span>\n\t\t\t\t\t\t\t\t\t\t<span class=\"elementor-icon-list-text\">Lunes a viernes: 8:00-17:30<\/span>\n\t\t\t\t\t\t\t\t\t<\/li>\n\t\t\t\t\t\t<\/ul>\n\t\t\t\t\t\t<\/div>\n\t\t\t\t<\/div>\n\t\t\t\t<div class=\"elementor-element elementor-element-6e2ed17d elementor-share-buttons--view-icon elementor-share-buttons--skin-minimal elementor-share-buttons--shape-rounded elementor-share-buttons--align-left elementor-grid-0 elementor-share-buttons--color-official elementor-widget elementor-widget-share-buttons\" data-id=\"6e2ed17d\" data-element_type=\"widget\" data-widget_type=\"share-buttons.default\">\n\t\t\t\t<div class=\"elementor-widget-container\">\n\t\t\t\t\t\t\t<div class=\"elementor-grid\">\n\t\t\t\t\t\t\t\t<div class=\"elementor-grid-item\">\n\t\t\t\t\t\t<div\n\t\t\t\t\t\t\tclass=\"elementor-share-btn elementor-share-btn_facebook\"\n\t\t\t\t\t\t\trole=\"button\"\n\t\t\t\t\t\t\ttabindex=\"0\"\n\t\t\t\t\t\t\taria-label=\"Compartir en facebook\"\n\t\t\t\t\t\t>\n\t\t\t\t\t\t\t\t\t\t\t\t\t\t\t<span class=\"elementor-share-btn__icon\">\n\t\t\t\t\t\t\t\t<i class=\"fab fa-facebook\" aria-hidden=\"true\"><\/i>\t\t\t\t\t\t\t<\/span>\n\t\t\t\t\t\t\t\t\t\t\t\t\t\t\t\t\t\t\t\t<\/div>\n\t\t\t\t\t<\/div>\n\t\t\t\t\t\t\t\t\t<div class=\"elementor-grid-item\">\n\t\t\t\t\t\t<div\n\t\t\t\t\t\t\tclass=\"elementor-share-btn elementor-share-btn_twitter\"\n\t\t\t\t\t\t\trole=\"button\"\n\t\t\t\t\t\t\ttabindex=\"0\"\n\t\t\t\t\t\t\taria-label=\"Compartir en Twitter\"\n\t\t\t\t\t\t>\n\t\t\t\t\t\t\t\t\t\t\t\t\t\t\t<span class=\"elementor-share-btn__icon\">\n\t\t\t\t\t\t\t\t<i class=\"fab fa-twitter\" aria-hidden=\"true\"><\/i>\t\t\t\t\t\t\t<\/span>\n\t\t\t\t\t\t\t\t\t\t\t\t\t\t\t\t\t\t\t\t<\/div>\n\t\t\t\t\t<\/div>\n\t\t\t\t\t\t\t\t\t<div class=\"elementor-grid-item\">\n\t\t\t\t\t\t<div\n\t\t\t\t\t\t\tclass=\"elementor-share-btn elementor-share-btn_linkedin\"\n\t\t\t\t\t\t\trole=\"button\"\n\t\t\t\t\t\t\ttabindex=\"0\"\n\t\t\t\t\t\t\taria-label=\"Compartir en linkedin\"\n\t\t\t\t\t\t>\n\t\t\t\t\t\t\t\t\t\t\t\t\t\t\t<span class=\"elementor-share-btn__icon\">\n\t\t\t\t\t\t\t\t<i class=\"fab fa-linkedin\" aria-hidden=\"true\"><\/i>\t\t\t\t\t\t\t<\/span>\n\t\t\t\t\t\t\t\t\t\t\t\t\t\t\t\t\t\t\t\t<\/div>\n\t\t\t\t\t<\/div>\n\t\t\t\t\t\t<\/div>\n\t\t\t\t\t\t<\/div>\n\t\t\t\t<\/div>\n\t\t\t\t\t<\/div>\n\t\t<\/div>\n\t\t\t\t\t<\/div>\n\t\t<\/section>\n\t\t\t\t<\/div>","protected":false},"excerpt":{"rendered":"<p>Pistola de lodo. Una pistola de lodo es una herramienta eficiente que se utiliza para mezclar el lodo de perforaci\u00f3n con un movimiento circulatorio espec\u00edfico. Tambi\u00e9n evita que el lodo se deposite en un punto espec\u00edfico o se precipite. Se utiliza en sistemas de control de s\u00f3lidos, especialmente en plataformas de perforaci\u00f3n, lo que los hace [\u2026]<\/p>","protected":false},"author":1,"featured_media":0,"parent":0,"menu_order":24,"comment_status":"closed","ping_status":"closed","template":"","meta":{"_seopress_robots_primary_cat":"","_seopress_titles_title":"","_seopress_titles_desc":"","_seopress_robots_index":"","footnotes":""},"class_list":["post-3396","page","type-page","status-publish","hentry"],"yoast_head":"<!-- This site is optimized with the Yoast SEO plugin v25.1 - https:\/\/yoast.com\/wordpress\/plugins\/seo\/ -->\n<title>Mud Gun | Mud Gun for Drilling | Solids Control World<\/title>\n<meta name=\"description\" content=\"Mud gun is used in drilling fluid systems to agitate and mix mud, preventing solids from settling and ensuring consistent fluid properties.\" \/>\n<meta name=\"robots\" content=\"index, follow, max-snippet:-1, max-image-preview:large, max-video-preview:-1\" \/>\n<link rel=\"canonical\" href=\"https:\/\/solidscontrolworld.com\/es\/pistola-de-lodo\/\" \/>\n<meta property=\"og:locale\" content=\"es_MX\" \/>\n<meta property=\"og:type\" content=\"article\" \/>\n<meta property=\"og:title\" content=\"Mud Gun | Mud Gun for Drilling | Solids Control World\" \/>\n<meta property=\"og:description\" content=\"Mud gun is used in drilling fluid systems to agitate and mix mud, preventing solids from settling and ensuring consistent fluid properties.\" \/>\n<meta property=\"og:url\" content=\"https:\/\/solidscontrolworld.com\/es\/pistola-de-lodo\/\" \/>\n<meta property=\"og:site_name\" content=\"Solids Control World\" \/>\n<meta property=\"article:modified_time\" content=\"2025-05-26T07:32:41+00:00\" \/>\n<meta property=\"og:image\" content=\"https:\/\/solidscontrolworld.com\/wp-content\/uploads\/2023\/07\/a4e4e9846fa79c9ae06df44760add8a.jpg\" \/>\n\t<meta property=\"og:image:width\" content=\"353\" \/>\n\t<meta property=\"og:image:height\" content=\"348\" \/>\n\t<meta property=\"og:image:type\" content=\"image\/jpeg\" \/>\n<meta name=\"twitter:card\" content=\"summary_large_image\" \/>\n<meta name=\"twitter:label1\" content=\"Tiempo de lectura\" \/>\n\t<meta name=\"twitter:data1\" content=\"5 minutos\" \/>\n<!-- \/ Yoast SEO plugin. -->","yoast_head_json":{"title":"Pistola de lodo | Pistola de lodo para perforaci\u00f3n | Solids Control World","description":"La pistola de lodo se utiliza en sistemas de fluidos de perforaci\u00f3n para agitar y mezclar el lodo, evitando que los s\u00f3lidos se asienten y garantizando propiedades consistentes del fluido.","robots":{"index":"index","follow":"follow","max-snippet":"max-snippet:-1","max-image-preview":"max-image-preview:large","max-video-preview":"max-video-preview:-1"},"canonical":"https:\/\/solidscontrolworld.com\/es\/pistola-de-lodo\/","og_locale":"es_MX","og_type":"article","og_title":"Mud Gun | Mud Gun for Drilling | Solids Control World","og_description":"Mud gun is used in drilling fluid systems to agitate and mix mud, preventing solids from settling and ensuring consistent fluid properties.","og_url":"https:\/\/solidscontrolworld.com\/es\/pistola-de-lodo\/","og_site_name":"Solids Control World","article_modified_time":"2025-05-26T07:32:41+00:00","og_image":[{"width":353,"height":348,"url":"https:\/\/solidscontrolworld.com\/wp-content\/uploads\/2023\/07\/a4e4e9846fa79c9ae06df44760add8a.jpg","type":"image\/jpeg"}],"twitter_card":"summary_large_image","twitter_misc":{"Tiempo de lectura":"5 minutos"},"schema":{"@context":"https:\/\/schema.org","@graph":[{"@type":"WebPage","@id":"https:\/\/solidscontrolworld.com\/mud-gun\/","url":"https:\/\/solidscontrolworld.com\/mud-gun\/","name":"Pistola de lodo | Pistola de lodo para perforaci\u00f3n | Solids Control World","isPartOf":{"@id":"https:\/\/solidscontrolworld.com\/#website"},"primaryImageOfPage":{"@id":"https:\/\/solidscontrolworld.com\/mud-gun\/#primaryimage"},"image":{"@id":"https:\/\/solidscontrolworld.com\/mud-gun\/#primaryimage"},"thumbnailUrl":"http:\/\/solidscontrolworld.com\/wp-content\/uploads\/2023\/07\/a4e4e9846fa79c9ae06df44760add8a.jpg","datePublished":"2021-06-05T06:08:30+00:00","dateModified":"2025-05-26T07:32:41+00:00","description":"La pistola de lodo se utiliza en sistemas de fluidos de perforaci\u00f3n para agitar y mezclar el lodo, evitando que los s\u00f3lidos se asienten y garantizando propiedades consistentes del fluido.","breadcrumb":{"@id":"https:\/\/solidscontrolworld.com\/mud-gun\/#breadcrumb"},"inLanguage":"es","potentialAction":[{"@type":"ReadAction","target":["https:\/\/solidscontrolworld.com\/mud-gun\/"]}]},{"@type":"ImageObject","inLanguage":"es","@id":"https:\/\/solidscontrolworld.com\/mud-gun\/#primaryimage","url":"http:\/\/solidscontrolworld.com\/wp-content\/uploads\/2023\/07\/a4e4e9846fa79c9ae06df44760add8a.jpg","contentUrl":"http:\/\/solidscontrolworld.com\/wp-content\/uploads\/2023\/07\/a4e4e9846fa79c9ae06df44760add8a.jpg"},{"@type":"BreadcrumbList","@id":"https:\/\/solidscontrolworld.com\/mud-gun\/#breadcrumb","itemListElement":[{"@type":"ListItem","position":1,"name":"Home","item":"https:\/\/solidscontrolworld.com\/"},{"@type":"ListItem","position":2,"name":"Mud gun"}]},{"@type":"WebSite","@id":"https:\/\/solidscontrolworld.com\/#website","url":"https:\/\/solidscontrolworld.com\/","name":"Mundo de control de s\u00f3lidos","description":"","publisher":{"@id":"https:\/\/solidscontrolworld.com\/#\/schema\/person\/2c126362537c0f0e6d4a8dfba9fc68b0"},"potentialAction":[{"@type":"SearchAction","target":{"@type":"EntryPoint","urlTemplate":"https:\/\/solidscontrolworld.com\/?s={search_term_string}"},"query-input":{"@type":"PropertyValueSpecification","valueRequired":true,"valueName":"search_term_string"}}],"inLanguage":"es"},{"@type":["Person","Organization"],"@id":"https:\/\/solidscontrolworld.com\/#\/schema\/person\/2c126362537c0f0e6d4a8dfba9fc68b0","name":"mundodecontroldes\u00f3lidos","logo":{"@id":"https:\/\/solidscontrolworld.com\/#\/schema\/person\/image\/"},"sameAs":["https:\/\/solidscontrolworld.com"]}]}},"_links":{"self":[{"href":"https:\/\/solidscontrolworld.com\/es\/wp-json\/wp\/v2\/pages\/3396","targetHints":{"allow":["GET"]}}],"collection":[{"href":"https:\/\/solidscontrolworld.com\/es\/wp-json\/wp\/v2\/pages"}],"about":[{"href":"https:\/\/solidscontrolworld.com\/es\/wp-json\/wp\/v2\/types\/page"}],"author":[{"embeddable":true,"href":"https:\/\/solidscontrolworld.com\/es\/wp-json\/wp\/v2\/users\/1"}],"replies":[{"embeddable":true,"href":"https:\/\/solidscontrolworld.com\/es\/wp-json\/wp\/v2\/comments?post=3396"}],"version-history":[{"count":14,"href":"https:\/\/solidscontrolworld.com\/es\/wp-json\/wp\/v2\/pages\/3396\/revisions"}],"predecessor-version":[{"id":12301,"href":"https:\/\/solidscontrolworld.com\/es\/wp-json\/wp\/v2\/pages\/3396\/revisions\/12301"}],"wp:attachment":[{"href":"https:\/\/solidscontrolworld.com\/es\/wp-json\/wp\/v2\/media?parent=3396"}],"curies":[{"name":"wp","href":"https:\/\/api.w.org\/{rel}","templated":true}]}}