{"id":3414,"date":"2021-06-05T06:25:32","date_gmt":"2021-06-05T06:25:32","guid":{"rendered":"https:\/\/solidscontrolworld.com\/?page_id=3414"},"modified":"2025-06-18T04:43:25","modified_gmt":"2025-06-18T04:43:25","slug":"bomba-de-tornillo","status":"publish","type":"page","link":"https:\/\/solidscontrolworld.com\/es\/bomba-de-tornillo\/","title":{"rendered":"Bomba de tornillo"},"content":{"rendered":"<div data-elementor-type=\"wp-page\" data-elementor-id=\"3414\" class=\"elementor elementor-3414\">\n\t\t\t\t\t\t<section class=\"elementor-section elementor-top-section elementor-element elementor-element-24c34cdb elementor-section-full_width elementor-section-height-min-height elementor-section-stretched elementor-section-height-default elementor-section-items-middle\" data-id=\"24c34cdb\" data-element_type=\"section\" data-settings=\"{&quot;stretch_section&quot;:&quot;section-stretched&quot;,&quot;background_background&quot;:&quot;classic&quot;}\">\n\t\t\t\t\t\t\t<div class=\"elementor-background-overlay\"><\/div>\n\t\t\t\t\t\t\t<div class=\"elementor-container elementor-column-gap-default\">\n\t\t\t\t\t<div class=\"elementor-column elementor-col-100 elementor-top-column elementor-element elementor-element-880d525\" data-id=\"880d525\" data-element_type=\"column\">\n\t\t\t<div class=\"elementor-widget-wrap elementor-element-populated\">\n\t\t\t\t\t\t\t<\/div>\n\t\t<\/div>\n\t\t\t\t\t<\/div>\n\t\t<\/section>\n\t\t\t\t<section class=\"elementor-section elementor-top-section elementor-element elementor-element-6b962eb elementor-section-boxed elementor-section-height-default elementor-section-height-default\" data-id=\"6b962eb\" data-element_type=\"section\">\n\t\t\t\t\t\t<div class=\"elementor-container elementor-column-gap-default\">\n\t\t\t\t\t<div class=\"elementor-column elementor-col-33 elementor-top-column elementor-element elementor-element-21815583\" data-id=\"21815583\" data-element_type=\"column\">\n\t\t\t<div class=\"elementor-widget-wrap elementor-element-populated\">\n\t\t\t\t\t\t<div class=\"elementor-element elementor-element-363d8af1 elementor-widget elementor-widget-image\" data-id=\"363d8af1\" data-element_type=\"widget\" data-widget_type=\"image.default\">\n\t\t\t\t<div class=\"elementor-widget-container\">\n\t\t\t\t\t\t\t\t\t\t\t\t\t\t\t<img fetchpriority=\"high\" decoding=\"async\" width=\"874\" height=\"450\" src=\"https:\/\/solidscontrolworld.com\/wp-content\/uploads\/2024\/02\/\u5fae\u4fe1\u56fe\u7247_20240221165406.png\" class=\"attachment-full size-full wp-image-10225\" alt=\"\" srcset=\"https:\/\/solidscontrolworld.com\/wp-content\/uploads\/2024\/02\/\u5fae\u4fe1\u56fe\u7247_20240221165406.png 874w, https:\/\/solidscontrolworld.com\/wp-content\/uploads\/2024\/02\/\u5fae\u4fe1\u56fe\u7247_20240221165406-300x154.png 300w, https:\/\/solidscontrolworld.com\/wp-content\/uploads\/2024\/02\/\u5fae\u4fe1\u56fe\u7247_20240221165406-768x395.png 768w, https:\/\/solidscontrolworld.com\/wp-content\/uploads\/2024\/02\/\u5fae\u4fe1\u56fe\u7247_20240221165406-600x309.png 600w\" sizes=\"(max-width: 874px) 100vw, 874px\" \/>\t\t\t\t\t\t\t\t\t\t\t\t\t\t\t<\/div>\n\t\t\t\t<\/div>\n\t\t\t\t<div class=\"elementor-element elementor-element-44a0b15 elementor-arrows-position-inside elementor-pagination-position-outside elementor-widget elementor-widget-image-carousel\" data-id=\"44a0b15\" data-element_type=\"widget\" data-settings=\"{&quot;navigation&quot;:&quot;both&quot;,&quot;autoplay&quot;:&quot;yes&quot;,&quot;pause_on_hover&quot;:&quot;yes&quot;,&quot;pause_on_interaction&quot;:&quot;yes&quot;,&quot;autoplay_speed&quot;:5000,&quot;infinite&quot;:&quot;yes&quot;,&quot;speed&quot;:500}\" data-widget_type=\"image-carousel.default\">\n\t\t\t\t<div class=\"elementor-widget-container\">\n\t\t\t\t\t\t\t<div class=\"elementor-image-carousel-wrapper swiper\" role=\"region\" aria-roledescription=\"carousel\" aria-label=\"Carrusel de im\u00e1genes\" dir=\"ltr\">\n\t\t\t<div class=\"elementor-image-carousel swiper-wrapper\" aria-live=\"off\">\n\t\t\t\t\t\t\t\t<div class=\"swiper-slide\" role=\"group\" aria-roledescription=\"slide\" aria-label=\"1 de 3\"><a data-elementor-open-lightbox=\"yes\" data-elementor-lightbox-slideshow=\"44a0b15\" data-elementor-lightbox-title=\"\u5fae\u4fe1\u56fe\u7247_20240221165351\" data-e-action-hash=\"#elementor-action%3Aaction%3Dlightbox%26settings%3DeyJpZCI6MTAyMjEsInVybCI6Imh0dHBzOlwvXC9zb2xpZHNjb250cm9sd29ybGQuY29tXC93cC1jb250ZW50XC91cGxvYWRzXC8yMDI0XC8wMlwvXHU1ZmFlXHU0ZmUxXHU1NmZlXHU3MjQ3XzIwMjQwMjIxMTY1MzUxLmpwZyIsInNsaWRlc2hvdyI6IjQ0YTBiMTUifQ%3D%3D\" href=\"https:\/\/solidscontrolworld.com\/wp-content\/uploads\/2024\/02\/\u5fae\u4fe1\u56fe\u7247_20240221165351.jpg\"><figure class=\"swiper-slide-inner\"><img decoding=\"async\" class=\"swiper-slide-image\" src=\"https:\/\/solidscontrolworld.com\/wp-content\/uploads\/2024\/02\/\u5fae\u4fe1\u56fe\u7247_20240221165351-150x150.jpg\" alt=\"\u5fae\u4fe1\u56fe\u7247_20240221165351\" \/><\/figure><\/a><\/div><div class=\"swiper-slide\" role=\"group\" aria-roledescription=\"slide\" aria-label=\"2 de 3\"><a data-elementor-open-lightbox=\"yes\" data-elementor-lightbox-slideshow=\"44a0b15\" data-elementor-lightbox-title=\"\u5fae\u4fe1\u56fe\u7247_20240221165359\" data-e-action-hash=\"#elementor-action%3Aaction%3Dlightbox%26settings%3DeyJpZCI6MTAyMjQsInVybCI6Imh0dHBzOlwvXC9zb2xpZHNjb250cm9sd29ybGQuY29tXC93cC1jb250ZW50XC91cGxvYWRzXC8yMDI0XC8wMlwvXHU1ZmFlXHU0ZmUxXHU1NmZlXHU3MjQ3XzIwMjQwMjIxMTY1MzU5LnBuZyIsInNsaWRlc2hvdyI6IjQ0YTBiMTUifQ%3D%3D\" href=\"https:\/\/solidscontrolworld.com\/wp-content\/uploads\/2024\/02\/\u5fae\u4fe1\u56fe\u7247_20240221165359.png\"><figure class=\"swiper-slide-inner\"><img decoding=\"async\" class=\"swiper-slide-image\" src=\"https:\/\/solidscontrolworld.com\/wp-content\/uploads\/2024\/02\/\u5fae\u4fe1\u56fe\u7247_20240221165359-150x150.png\" alt=\"\u5fae\u4fe1\u56fe\u7247_20240221165359\" \/><\/figure><\/a><\/div><div class=\"swiper-slide\" role=\"group\" aria-roledescription=\"slide\" aria-label=\"3 de 3\"><a data-elementor-open-lightbox=\"yes\" data-elementor-lightbox-slideshow=\"44a0b15\" data-elementor-lightbox-title=\"\u5fae\u4fe1\u56fe\u7247_20240221165356\" data-e-action-hash=\"#elementor-action%3Aaction%3Dlightbox%26settings%3DeyJpZCI6MTAyMjMsInVybCI6Imh0dHBzOlwvXC9zb2xpZHNjb250cm9sd29ybGQuY29tXC93cC1jb250ZW50XC91cGxvYWRzXC8yMDI0XC8wMlwvXHU1ZmFlXHU0ZmUxXHU1NmZlXHU3MjQ3XzIwMjQwMjIxMTY1MzU2LmpwZyIsInNsaWRlc2hvdyI6IjQ0YTBiMTUifQ%3D%3D\" href=\"https:\/\/solidscontrolworld.com\/wp-content\/uploads\/2024\/02\/\u5fae\u4fe1\u56fe\u7247_20240221165356.jpg\"><figure class=\"swiper-slide-inner\"><img decoding=\"async\" class=\"swiper-slide-image\" src=\"https:\/\/solidscontrolworld.com\/wp-content\/uploads\/2024\/02\/\u5fae\u4fe1\u56fe\u7247_20240221165356-150x150.jpg\" alt=\"\u5fae\u4fe1\u56fe\u7247_20240221165356\" \/><\/figure><\/a><\/div>\t\t\t<\/div>\n\t\t\t\t\t\t\t\t\t\t\t\t<div class=\"elementor-swiper-button elementor-swiper-button-prev\" role=\"button\" tabindex=\"0\">\n\t\t\t\t\t\t<i aria-hidden=\"true\" class=\"eicon-chevron-left\"><\/i>\t\t\t\t\t<\/div>\n\t\t\t\t\t<div class=\"elementor-swiper-button elementor-swiper-button-next\" role=\"button\" tabindex=\"0\">\n\t\t\t\t\t\t<i aria-hidden=\"true\" class=\"eicon-chevron-right\"><\/i>\t\t\t\t\t<\/div>\n\t\t\t\t\n\t\t\t\t\t\t\t\t\t<div class=\"swiper-pagination\"><\/div>\n\t\t\t\t\t\t\t\t\t<\/div>\n\t\t\t\t\t\t<\/div>\n\t\t\t\t<\/div>\n\t\t\t\t\t<\/div>\n\t\t<\/div>\n\t\t\t\t<div class=\"elementor-column elementor-col-33 elementor-top-column elementor-element elementor-element-47e1427a\" data-id=\"47e1427a\" data-element_type=\"column\">\n\t\t\t<div class=\"elementor-widget-wrap elementor-element-populated\">\n\t\t\t\t\t\t<div class=\"elementor-element elementor-element-31992bda elementor-widget elementor-widget-text-editor\" data-id=\"31992bda\" data-element_type=\"widget\" data-widget_type=\"text-editor.default\">\n\t\t\t\t<div class=\"elementor-widget-container\">\n\t\t\t\t\t\t\t\t\t<p>La bomba de tornillo se utiliza en la industria. Permite el movimiento de fluidos y s\u00f3lidos a lo largo de su eje. Tambi\u00e9n conocida como bomba de tornillo de agua, utiliza una o varias t\u00e9cnicas para mover el fluido a lo largo de su eje en los m\u00e9todos de fabricaci\u00f3n e industriales.<\/p>\t\t\t\t\t\t\t\t<\/div>\n\t\t\t\t<\/div>\n\t\t\t\t<div class=\"elementor-element elementor-element-6e4ccec2 elementor-widget elementor-widget-text-editor\" data-id=\"6e4ccec2\" data-element_type=\"widget\" data-widget_type=\"text-editor.default\">\n\t\t\t\t<div class=\"elementor-widget-container\">\n\t\t\t\t\t\t\t\t\tCategor\u00eda:\u00a0<a href=\"https:\/\/solidscontrolworld.com\/es\/equipos-de-control-de-solidos\/\" rel=\"tag\">Control de s\u00f3lidos<\/a>\t\t\t\t\t\t\t\t<\/div>\n\t\t\t\t<\/div>\n\t\t\t\t\t<\/div>\n\t\t<\/div>\n\t\t\t\t<div class=\"elementor-column elementor-col-33 elementor-top-column elementor-element elementor-element-7a786bc3\" data-id=\"7a786bc3\" data-element_type=\"column\">\n\t\t\t<div class=\"elementor-widget-wrap elementor-element-populated\">\n\t\t\t\t\t\t<div class=\"elementor-element elementor-element-37246b8f elementor-icon-list--layout-traditional elementor-list-item-link-full_width elementor-widget elementor-widget-icon-list\" data-id=\"37246b8f\" data-element_type=\"widget\" data-widget_type=\"icon-list.default\">\n\t\t\t\t<div class=\"elementor-widget-container\">\n\t\t\t\t\t\t\t<ul class=\"elementor-icon-list-items\">\n\t\t\t\t\t\t\t<li class=\"elementor-icon-list-item\">\n\t\t\t\t\t\t\t\t\t\t\t<span class=\"elementor-icon-list-icon\">\n\t\t\t\t\t\t\t<i aria-hidden=\"true\" class=\"fas fa-envelope-open\"><\/i>\t\t\t\t\t\t<\/span>\n\t\t\t\t\t\t\t\t\t\t<span class=\"elementor-icon-list-text\">info@solidscontrolworld.com<\/span>\n\t\t\t\t\t\t\t\t\t<\/li>\n\t\t\t\t\t\t\t\t<li class=\"elementor-icon-list-item\">\n\t\t\t\t\t\t\t\t\t\t\t<span class=\"elementor-icon-list-icon\">\n\t\t\t\t\t\t\t<i aria-hidden=\"true\" class=\"fas fa-phone-volume\"><\/i>\t\t\t\t\t\t<\/span>\n\t\t\t\t\t\t\t\t\t\t<span class=\"elementor-icon-list-text\">+8613784677772<\/span>\n\t\t\t\t\t\t\t\t\t<\/li>\n\t\t\t\t\t\t\t\t<li class=\"elementor-icon-list-item\">\n\t\t\t\t\t\t\t\t\t\t\t<span class=\"elementor-icon-list-icon\">\n\t\t\t\t\t\t\t<i aria-hidden=\"true\" class=\"fas fa-fax\"><\/i>\t\t\t\t\t\t<\/span>\n\t\t\t\t\t\t\t\t\t\t<span class=\"elementor-icon-list-text\">86-315-7651760<\/span>\n\t\t\t\t\t\t\t\t\t<\/li>\n\t\t\t\t\t\t<\/ul>\n\t\t\t\t\t\t<\/div>\n\t\t\t\t<\/div>\n\t\t\t\t\t<\/div>\n\t\t<\/div>\n\t\t\t\t\t<\/div>\n\t\t<\/section>\n\t\t\t\t<section class=\"elementor-section elementor-top-section elementor-element elementor-element-33abdfd5 elementor-section-boxed elementor-section-height-default elementor-section-height-default\" data-id=\"33abdfd5\" data-element_type=\"section\">\n\t\t\t\t\t\t<div class=\"elementor-container elementor-column-gap-default\">\n\t\t\t\t\t<div class=\"elementor-column elementor-col-50 elementor-top-column elementor-element elementor-element-37be3642\" data-id=\"37be3642\" data-element_type=\"column\">\n\t\t\t<div class=\"elementor-widget-wrap elementor-element-populated\">\n\t\t\t\t\t\t<div class=\"elementor-element elementor-element-48eb241f elementor-widget elementor-widget-text-editor\" data-id=\"48eb241f\" data-element_type=\"widget\" data-widget_type=\"text-editor.default\">\n\t\t\t\t<div class=\"elementor-widget-container\">\n\t\t\t\t\t\t\t\t\t<section class=\"elementor-section elementor-top-section elementor-element elementor-element-5f25161 elementor-section-boxed elementor-section-height-default elementor-section-height-default\" data-id=\"5f25161\" data-element_type=\"section\"><div class=\"elementor-container elementor-column-gap-default\"><div class=\"elementor-row\"><div class=\"elementor-column elementor-col-100 elementor-top-column elementor-element elementor-element-6999059\" data-id=\"6999059\" data-element_type=\"column\"><div class=\"elementor-column-wrap elementor-element-populated\"><div class=\"elementor-widget-wrap\"><div class=\"elementor-element elementor-element-b6046b0 elementor-widget elementor-widget-text-editor\" data-id=\"b6046b0\" data-element_type=\"widget\" data-widget_type=\"text-editor.default\"><div class=\"elementor-widget-container\"><div class=\"elementor-text-editor elementor-clearfix\"><p><span style=\"color: #000000;\">Una bomba de tornillo es un equipo esencial para la alimentaci\u00f3n de lodos en el sistema de limpieza de lodos. Alimenta con precisi\u00f3n el lodo a la centr\u00edfuga decantadora durante el proceso de limpieza y reciclaje de lodos. La bomba de tornillo se adapta perfectamente a caudales medios y uniformes. Presenta una ligera fluctuaci\u00f3n de presi\u00f3n y una alta capacidad de succi\u00f3n, lo que permite la transferencia de lodos con alto contenido para el tratamiento. El rotor y el estator tienen dise\u00f1os \u00fanicos que permiten un bajo caudal interno de la bomba, a la vez que proporcionan una presi\u00f3n m\u00e1s estable.<\/span><\/p><p><span style=\"color: #000000;\">El tornillo y el cuerpo est\u00e1n fabricados con acero inoxidable, que es naturalmente resistente a la corrosi\u00f3n y prolonga la vida \u00fatil de la bomba de tornillo. La bomba de tornillo no tiene muchas piezas, lo que garantiza un bajo riesgo de da\u00f1os y requiere poco mantenimiento. Su estructura compacta ocupa menos espacio del que se considera est\u00e1ndar en un sistema de limpieza de lodos. Consulte las caracter\u00edsticas principales y adquiera una bomba de tornillo.<\/span><\/p><p><span style=\"color: #000000;\"><strong>Caracter\u00edsticas principales de la bomba de tornillo<\/strong><\/span><\/p><ul><li><span style=\"color: #000000;\">Tornillo de acero inoxidable<\/span><\/li><li><span style=\"color: #000000;\">Cuerpo de acero inoxidable<\/span><\/li><li><span style=\"color: #000000;\">Bomba<\/span><\/li><li><span style=\"color: #000000;\">Dispositivo de potencia<\/span><\/li><li><span style=\"color: #000000;\">Tubo<\/span><\/li><li><span style=\"color: #000000;\">Rotor<\/span><\/li><li><span style=\"color: #000000;\">Estator<\/span><\/li><\/ul><\/div><\/div><\/div><\/div><\/div><\/div><\/div><\/div><\/section>\t\t\t\t\t\t\t\t<\/div>\n\t\t\t\t<\/div>\n\t\t\t\t<div class=\"elementor-element elementor-element-23291ce elementor-widget elementor-widget-html\" data-id=\"23291ce\" data-element_type=\"widget\" data-widget_type=\"html.default\">\n\t\t\t\t<div class=\"elementor-widget-container\">\n\t\t\t\t\t<table class=\"aligncenter\">\r\n<tbody>\r\n<tr class=\"thhh\">\r\n<th width=\"149\">Modelo<\/th>\r\n<th width=\"149\">Capacidad<\/th>\r\n<th width=\"149\">Presi\u00f3n<\/th>\r\n<th width=\"149\">Velocidad m\u00e1xima<\/th>\r\n<th width=\"149\">Fuerza<\/th>\r\n<th width=\"149\">Entrada<\/th>\r\n<th width=\"149\">Salida<\/th>\r\n<\/tr>\r\n<tr>\r\n<td width=\"149\">ABG7 0 1<\/td>\r\n<td width=\"149\">4,4 m\u00b3\/h<\/td>\r\n<td width=\"149\">0,3 Mpa<\/td>\r\n<td width=\"149\">7 2 0 RPM<\/td>\r\n<td width=\"149\">1 1 Kw<\/td>\r\n<td width=\"149\">150 mil\u00edmetros<\/td>\r\n<td width=\"149\">1 2 5 mil\u00edmetros<\/td>\r\n<\/tr>\r\n<tr>\r\n<td width=\"149\">ABG8 5 1<\/td>\r\n<td width=\"149\">5,5 m\u00b3\/h<\/td>\r\n<td width=\"149\">0,3 Mpa<\/td>\r\n<td width=\"149\">7 2 0 RPM<\/td>\r\n<td width=\"149\">1,5 kW<\/td>\r\n<td width=\"149\">150 mil\u00edmetros<\/td>\r\n<td width=\"149\">150 mil\u00edmetros<\/td>\r\n<\/tr>\r\n<tr>\r\n<td width=\"149\">ABG8 5 1<\/td>\r\n<td width=\"149\">5,5 m\u00b3\/h<\/td>\r\n<td width=\"149\">0,3 Mpa<\/td>\r\n<td width=\"149\">5 5 0 RPM<\/td>\r\n<td width=\"149\">1,5 kW<\/td>\r\n<td width=\"149\">150 mil\u00edmetros<\/td>\r\n<td width=\"149\">1 2 5 mil\u00edmetros<\/td>\r\n<\/tr>\r\n<tr>\r\n<td width=\"149\">ABG1 0 5 1<\/td>\r\n<td width=\"149\">6,5 m\u00b3\/h<\/td>\r\n<td width=\"149\">0,3 Mpa<\/td>\r\n<td width=\"149\">380 RPM<\/td>\r\n<td width=\"149\">18,5 kW<\/td>\r\n<td width=\"149\">2000 mil\u00edmetros<\/td>\r\n<td width=\"149\">150 mil\u00edmetros<\/td>\r\n<\/tr>\r\n<tr>\r\n<td width=\"149\">ABG1 0 5 1<\/td>\r\n<td width=\"149\">8,7 m\u00b3\/h<\/td>\r\n<td width=\"149\">0,3 Mpa<\/td>\r\n<td width=\"149\">500 RPM<\/td>\r\n<td width=\"149\">2 2 Kw<\/td>\r\n<td width=\"149\">2000 mil\u00edmetros<\/td>\r\n<td width=\"149\">150 mil\u00edmetros<\/td>\r\n<\/tr>\r\n<\/tbody>\r\n<\/table>\t\t\t\t<\/div>\n\t\t\t\t<\/div>\n\t\t\t\t\t<\/div>\n\t\t<\/div>\n\t\t\t\t<div class=\"elementor-column elementor-col-50 elementor-top-column elementor-element elementor-element-6272d90a\" data-id=\"6272d90a\" data-element_type=\"column\">\n\t\t\t<div class=\"elementor-widget-wrap elementor-element-populated\">\n\t\t\t\t\t\t<div class=\"elementor-element elementor-element-20d7405a elementor-align-left elementor-icon-list--layout-traditional elementor-list-item-link-full_width elementor-widget elementor-widget-icon-list\" data-id=\"20d7405a\" data-element_type=\"widget\" data-widget_type=\"icon-list.default\">\n\t\t\t\t<div class=\"elementor-widget-container\">\n\t\t\t\t\t\t\t<ul class=\"elementor-icon-list-items\">\n\t\t\t\t\t\t\t<li class=\"elementor-icon-list-item\">\n\t\t\t\t\t\t\t\t\t\t\t<span class=\"elementor-icon-list-icon\">\n\t\t\t\t\t\t\t<i aria-hidden=\"true\" class=\"fas fa-location-arrow\"><\/i>\t\t\t\t\t\t<\/span>\n\t\t\t\t\t\t\t\t\t\t<span class=\"elementor-icon-list-text\">Habitaci\u00f3n 1924, Bloque D, Plaza Wanda, ciudad de Tangshan, China.<\/span>\n\t\t\t\t\t\t\t\t\t<\/li>\n\t\t\t\t\t\t\t\t<li class=\"elementor-icon-list-item\">\n\t\t\t\t\t\t\t\t\t\t\t<span class=\"elementor-icon-list-icon\">\n\t\t\t\t\t\t\t<i aria-hidden=\"true\" class=\"fas fa-business-time\"><\/i>\t\t\t\t\t\t<\/span>\n\t\t\t\t\t\t\t\t\t\t<span class=\"elementor-icon-list-text\">Lunes a viernes: 8:00-17:30<\/span>\n\t\t\t\t\t\t\t\t\t<\/li>\n\t\t\t\t\t\t<\/ul>\n\t\t\t\t\t\t<\/div>\n\t\t\t\t<\/div>\n\t\t\t\t<div class=\"elementor-element elementor-element-327e61b5 elementor-share-buttons--view-icon elementor-share-buttons--skin-minimal elementor-share-buttons--shape-rounded elementor-share-buttons--align-left elementor-grid-0 elementor-share-buttons--color-official elementor-widget elementor-widget-share-buttons\" data-id=\"327e61b5\" data-element_type=\"widget\" data-widget_type=\"share-buttons.default\">\n\t\t\t\t<div class=\"elementor-widget-container\">\n\t\t\t\t\t\t\t<div class=\"elementor-grid\">\n\t\t\t\t\t\t\t\t<div class=\"elementor-grid-item\">\n\t\t\t\t\t\t<div\n\t\t\t\t\t\t\tclass=\"elementor-share-btn elementor-share-btn_facebook\"\n\t\t\t\t\t\t\trole=\"button\"\n\t\t\t\t\t\t\ttabindex=\"0\"\n\t\t\t\t\t\t\taria-label=\"Compartir en facebook\"\n\t\t\t\t\t\t>\n\t\t\t\t\t\t\t\t\t\t\t\t\t\t\t<span class=\"elementor-share-btn__icon\">\n\t\t\t\t\t\t\t\t<i class=\"fab fa-facebook\" aria-hidden=\"true\"><\/i>\t\t\t\t\t\t\t<\/span>\n\t\t\t\t\t\t\t\t\t\t\t\t\t\t\t\t\t\t\t\t<\/div>\n\t\t\t\t\t<\/div>\n\t\t\t\t\t\t\t\t\t<div class=\"elementor-grid-item\">\n\t\t\t\t\t\t<div\n\t\t\t\t\t\t\tclass=\"elementor-share-btn elementor-share-btn_twitter\"\n\t\t\t\t\t\t\trole=\"button\"\n\t\t\t\t\t\t\ttabindex=\"0\"\n\t\t\t\t\t\t\taria-label=\"Compartir en Twitter\"\n\t\t\t\t\t\t>\n\t\t\t\t\t\t\t\t\t\t\t\t\t\t\t<span class=\"elementor-share-btn__icon\">\n\t\t\t\t\t\t\t\t<i class=\"fab fa-twitter\" aria-hidden=\"true\"><\/i>\t\t\t\t\t\t\t<\/span>\n\t\t\t\t\t\t\t\t\t\t\t\t\t\t\t\t\t\t\t\t<\/div>\n\t\t\t\t\t<\/div>\n\t\t\t\t\t\t\t\t\t<div class=\"elementor-grid-item\">\n\t\t\t\t\t\t<div\n\t\t\t\t\t\t\tclass=\"elementor-share-btn elementor-share-btn_linkedin\"\n\t\t\t\t\t\t\trole=\"button\"\n\t\t\t\t\t\t\ttabindex=\"0\"\n\t\t\t\t\t\t\taria-label=\"Compartir en linkedin\"\n\t\t\t\t\t\t>\n\t\t\t\t\t\t\t\t\t\t\t\t\t\t\t<span class=\"elementor-share-btn__icon\">\n\t\t\t\t\t\t\t\t<i class=\"fab fa-linkedin\" aria-hidden=\"true\"><\/i>\t\t\t\t\t\t\t<\/span>\n\t\t\t\t\t\t\t\t\t\t\t\t\t\t\t\t\t\t\t\t<\/div>\n\t\t\t\t\t<\/div>\n\t\t\t\t\t\t<\/div>\n\t\t\t\t\t\t<\/div>\n\t\t\t\t<\/div>\n\t\t\t\t\t<\/div>\n\t\t<\/div>\n\t\t\t\t\t<\/div>\n\t\t<\/section>\n\t\t\t\t<\/div>","protected":false},"excerpt":{"rendered":"<p>&nbsp; &nbsp; &nbsp; La bomba de tornillo se utiliza en la industria. Permite el movimiento de fluidos y s\u00f3lidos a lo largo del eje del tornillo. Tambi\u00e9n se denomina bomba de tornillo hidr\u00e1ulico. Utiliza una o varias herramientas para mover el fluido a lo largo del eje del tornillo [\u2026]<\/p>","protected":false},"author":1,"featured_media":0,"parent":0,"menu_order":20,"comment_status":"closed","ping_status":"closed","template":"","meta":{"_seopress_robots_primary_cat":"","_seopress_titles_title":"","_seopress_titles_desc":"","_seopress_robots_index":"","footnotes":""},"class_list":["post-3414","page","type-page","status-publish","hentry"],"yoast_head":"<!-- This site is optimized with the Yoast SEO plugin v25.1 - https:\/\/yoast.com\/wordpress\/plugins\/seo\/ -->\n<title>Stainless Steel Screw Pumps | Solids Control World<\/title>\n<meta name=\"description\" content=\"Improve your process with a durable stainless steel screw pump designed for efficient, reliable fluid transfer and smooth slurry handling.\" \/>\n<meta name=\"robots\" content=\"index, follow, max-snippet:-1, max-image-preview:large, max-video-preview:-1\" \/>\n<link rel=\"canonical\" href=\"https:\/\/solidscontrolworld.com\/es\/bomba-de-tornillo\/\" \/>\n<meta property=\"og:locale\" content=\"es_MX\" \/>\n<meta property=\"og:type\" content=\"article\" \/>\n<meta property=\"og:title\" content=\"Stainless Steel Screw Pumps | Solids Control World\" \/>\n<meta property=\"og:description\" content=\"Improve your process with a durable stainless steel screw pump designed for efficient, reliable fluid transfer and smooth slurry handling.\" \/>\n<meta property=\"og:url\" content=\"https:\/\/solidscontrolworld.com\/es\/bomba-de-tornillo\/\" \/>\n<meta property=\"og:site_name\" content=\"Solids Control World\" \/>\n<meta property=\"article:modified_time\" content=\"2025-06-18T04:43:25+00:00\" \/>\n<meta name=\"twitter:card\" content=\"summary_large_image\" \/>\n<meta name=\"twitter:label1\" content=\"Tiempo de lectura\" \/>\n\t<meta name=\"twitter:data1\" content=\"3 minutos\" \/>\n<!-- \/ Yoast SEO plugin. -->","yoast_head_json":{"title":"Bombas de tornillo de acero inoxidable | Solids Control World","description":"Mejore su proceso con una bomba de tornillo de acero inoxidable duradera dise\u00f1ada para una transferencia de fluidos eficiente y confiable y un manejo suave de la pulpa.","robots":{"index":"index","follow":"follow","max-snippet":"max-snippet:-1","max-image-preview":"max-image-preview:large","max-video-preview":"max-video-preview:-1"},"canonical":"https:\/\/solidscontrolworld.com\/es\/bomba-de-tornillo\/","og_locale":"es_MX","og_type":"article","og_title":"Stainless Steel Screw Pumps | Solids Control World","og_description":"Improve your process with a durable stainless steel screw pump designed for efficient, reliable fluid transfer and smooth slurry handling.","og_url":"https:\/\/solidscontrolworld.com\/es\/bomba-de-tornillo\/","og_site_name":"Solids Control World","article_modified_time":"2025-06-18T04:43:25+00:00","twitter_card":"summary_large_image","twitter_misc":{"Tiempo de lectura":"3 minutos"},"schema":{"@context":"https:\/\/schema.org","@graph":[{"@type":"WebPage","@id":"https:\/\/solidscontrolworld.com\/screw-pump\/","url":"https:\/\/solidscontrolworld.com\/screw-pump\/","name":"Bombas de tornillo de acero inoxidable | Solids Control World","isPartOf":{"@id":"https:\/\/solidscontrolworld.com\/#website"},"datePublished":"2021-06-05T06:25:32+00:00","dateModified":"2025-06-18T04:43:25+00:00","description":"Mejore su proceso con una bomba de tornillo de acero inoxidable duradera dise\u00f1ada para una transferencia de fluidos eficiente y confiable y un manejo suave de la pulpa.","breadcrumb":{"@id":"https:\/\/solidscontrolworld.com\/screw-pump\/#breadcrumb"},"inLanguage":"es","potentialAction":[{"@type":"ReadAction","target":["https:\/\/solidscontrolworld.com\/screw-pump\/"]}]},{"@type":"BreadcrumbList","@id":"https:\/\/solidscontrolworld.com\/screw-pump\/#breadcrumb","itemListElement":[{"@type":"ListItem","position":1,"name":"Home","item":"https:\/\/solidscontrolworld.com\/"},{"@type":"ListItem","position":2,"name":"Screw pump"}]},{"@type":"WebSite","@id":"https:\/\/solidscontrolworld.com\/#website","url":"https:\/\/solidscontrolworld.com\/","name":"Mundo de control de s\u00f3lidos","description":"","publisher":{"@id":"https:\/\/solidscontrolworld.com\/#\/schema\/person\/2c126362537c0f0e6d4a8dfba9fc68b0"},"potentialAction":[{"@type":"SearchAction","target":{"@type":"EntryPoint","urlTemplate":"https:\/\/solidscontrolworld.com\/?s={search_term_string}"},"query-input":{"@type":"PropertyValueSpecification","valueRequired":true,"valueName":"search_term_string"}}],"inLanguage":"es"},{"@type":["Person","Organization"],"@id":"https:\/\/solidscontrolworld.com\/#\/schema\/person\/2c126362537c0f0e6d4a8dfba9fc68b0","name":"mundodecontroldes\u00f3lidos","logo":{"@id":"https:\/\/solidscontrolworld.com\/#\/schema\/person\/image\/"},"sameAs":["https:\/\/solidscontrolworld.com"]}]}},"_links":{"self":[{"href":"https:\/\/solidscontrolworld.com\/es\/wp-json\/wp\/v2\/pages\/3414","targetHints":{"allow":["GET"]}}],"collection":[{"href":"https:\/\/solidscontrolworld.com\/es\/wp-json\/wp\/v2\/pages"}],"about":[{"href":"https:\/\/solidscontrolworld.com\/es\/wp-json\/wp\/v2\/types\/page"}],"author":[{"embeddable":true,"href":"https:\/\/solidscontrolworld.com\/es\/wp-json\/wp\/v2\/users\/1"}],"replies":[{"embeddable":true,"href":"https:\/\/solidscontrolworld.com\/es\/wp-json\/wp\/v2\/comments?post=3414"}],"version-history":[{"count":2,"href":"https:\/\/solidscontrolworld.com\/es\/wp-json\/wp\/v2\/pages\/3414\/revisions"}],"predecessor-version":[{"id":12328,"href":"https:\/\/solidscontrolworld.com\/es\/wp-json\/wp\/v2\/pages\/3414\/revisions\/12328"}],"wp:attachment":[{"href":"https:\/\/solidscontrolworld.com\/es\/wp-json\/wp\/v2\/media?parent=3414"}],"curies":[{"name":"wp","href":"https:\/\/api.w.org\/{rel}","templated":true}]}}