{"id":3447,"date":"2021-06-05T06:47:03","date_gmt":"2021-06-05T06:47:03","guid":{"rendered":"https:\/\/solidscontrolworld.com\/?page_id=3447"},"modified":"2024-09-06T07:24:37","modified_gmt":"2024-09-06T07:24:37","slug":"desgasificador-de-vacio","status":"publish","type":"page","link":"https:\/\/solidscontrolworld.com\/es\/desgasificador-de-vacio\/","title":{"rendered":"Desgasificador de vac\u00edo"},"content":{"rendered":"<div data-elementor-type=\"wp-page\" data-elementor-id=\"3447\" class=\"elementor elementor-3447\">\n\t\t\t\t\t\t<section class=\"elementor-section elementor-top-section elementor-element elementor-element-62832fc2 elementor-section-full_width elementor-section-height-min-height elementor-section-stretched elementor-section-height-default elementor-section-items-middle\" data-id=\"62832fc2\" data-element_type=\"section\" data-settings=\"{&quot;stretch_section&quot;:&quot;section-stretched&quot;,&quot;background_background&quot;:&quot;classic&quot;}\">\n\t\t\t\t\t\t\t<div class=\"elementor-background-overlay\"><\/div>\n\t\t\t\t\t\t\t<div class=\"elementor-container elementor-column-gap-default\">\n\t\t\t\t\t<div class=\"elementor-column elementor-col-100 elementor-top-column elementor-element elementor-element-269a717c\" data-id=\"269a717c\" data-element_type=\"column\">\n\t\t\t<div class=\"elementor-widget-wrap elementor-element-populated\">\n\t\t\t\t\t\t\t<\/div>\n\t\t<\/div>\n\t\t\t\t\t<\/div>\n\t\t<\/section>\n\t\t\t\t<section class=\"elementor-section elementor-top-section elementor-element elementor-element-3250f428 elementor-section-boxed elementor-section-height-default elementor-section-height-default\" data-id=\"3250f428\" data-element_type=\"section\">\n\t\t\t\t\t\t<div class=\"elementor-container elementor-column-gap-default\">\n\t\t\t\t\t<div class=\"elementor-column elementor-col-33 elementor-top-column elementor-element elementor-element-6b8e334f\" data-id=\"6b8e334f\" data-element_type=\"column\">\n\t\t\t<div class=\"elementor-widget-wrap elementor-element-populated\">\n\t\t\t\t\t\t<div class=\"elementor-element elementor-element-3a7df47a elementor-widget elementor-widget-image\" data-id=\"3a7df47a\" data-element_type=\"widget\" data-widget_type=\"image.default\">\n\t\t\t\t<div class=\"elementor-widget-container\">\n\t\t\t\t\t\t\t\t\t\t\t\t\t\t\t<img fetchpriority=\"high\" decoding=\"async\" width=\"700\" height=\"450\" src=\"https:\/\/solidscontrolworld.com\/wp-content\/uploads\/2023\/07\/2a8ace877c9ed357978afb10d783189.jpg\" class=\"attachment-full size-full wp-image-9562\" alt=\"\" srcset=\"https:\/\/solidscontrolworld.com\/wp-content\/uploads\/2023\/07\/2a8ace877c9ed357978afb10d783189.jpg 700w, https:\/\/solidscontrolworld.com\/wp-content\/uploads\/2023\/07\/2a8ace877c9ed357978afb10d783189-300x193.jpg 300w, https:\/\/solidscontrolworld.com\/wp-content\/uploads\/2023\/07\/2a8ace877c9ed357978afb10d783189-600x386.jpg 600w\" sizes=\"(max-width: 700px) 100vw, 700px\" \/>\t\t\t\t\t\t\t\t\t\t\t\t\t\t\t<\/div>\n\t\t\t\t<\/div>\n\t\t\t\t<div class=\"elementor-element elementor-element-2717423 elementor-arrows-position-inside elementor-pagination-position-outside elementor-widget elementor-widget-image-carousel\" data-id=\"2717423\" data-element_type=\"widget\" data-settings=\"{&quot;navigation&quot;:&quot;both&quot;,&quot;autoplay&quot;:&quot;yes&quot;,&quot;pause_on_hover&quot;:&quot;yes&quot;,&quot;pause_on_interaction&quot;:&quot;yes&quot;,&quot;autoplay_speed&quot;:5000,&quot;infinite&quot;:&quot;yes&quot;,&quot;speed&quot;:500}\" data-widget_type=\"image-carousel.default\">\n\t\t\t\t<div class=\"elementor-widget-container\">\n\t\t\t\t\t\t\t<div class=\"elementor-image-carousel-wrapper swiper\" role=\"region\" aria-roledescription=\"carousel\" aria-label=\"\u0639\u0627\u0631\u0636 \u0627\u0644\u0635\u0648\u0631\" dir=\"ltr\">\n\t\t\t<div class=\"elementor-image-carousel swiper-wrapper\" aria-live=\"off\">\n\t\t\t\t\t\t\t\t<div class=\"swiper-slide\" role=\"group\" aria-roledescription=\"slide\" aria-label=\"1 \u0645\u0646 3\" data-no-translation-aria-label=\"\"><a data-elementor-open-lightbox=\"yes\" data-elementor-lightbox-slideshow=\"2717423\" data-elementor-lightbox-title=\"\u5fae\u4fe1\u56fe\u7247_20240221132040\" data-e-action-hash=\"#elementor-action%3Aaction%3Dlightbox%26settings%3DeyJpZCI6MTAxMzMsInVybCI6Imh0dHBzOlwvXC9zb2xpZHNjb250cm9sd29ybGQuY29tXC93cC1jb250ZW50XC91cGxvYWRzXC8yMDI0XC8wMlwvXHU1ZmFlXHU0ZmUxXHU1NmZlXHU3MjQ3XzIwMjQwMjIxMTMyMDQwLnBuZyIsInNsaWRlc2hvdyI6IjI3MTc0MjMifQ%3D%3D\" href=\"https:\/\/solidscontrolworld.com\/wp-content\/uploads\/2024\/02\/\u5fae\u4fe1\u56fe\u7247_20240221132040.png\"><figure class=\"swiper-slide-inner\"><img decoding=\"async\" class=\"swiper-slide-image\" src=\"https:\/\/solidscontrolworld.com\/wp-content\/uploads\/2024\/02\/\u5fae\u4fe1\u56fe\u7247_20240221132040-150x150.png\" alt=\"\u5fae\u4fe1\u56fe\u7247_20240221132040\" \/><\/figure><\/a><\/div><div class=\"swiper-slide\" role=\"group\" aria-roledescription=\"slide\" aria-label=\"2 \u0645\u0646 3\" data-no-translation-aria-label=\"\"><a data-elementor-open-lightbox=\"yes\" data-elementor-lightbox-slideshow=\"2717423\" data-elementor-lightbox-title=\"\u5fae\u4fe1\u56fe\u7247_20240221132047\" data-e-action-hash=\"#elementor-action%3Aaction%3Dlightbox%26settings%3DeyJpZCI6MTAxMzQsInVybCI6Imh0dHBzOlwvXC9zb2xpZHNjb250cm9sd29ybGQuY29tXC93cC1jb250ZW50XC91cGxvYWRzXC8yMDI0XC8wMlwvXHU1ZmFlXHU0ZmUxXHU1NmZlXHU3MjQ3XzIwMjQwMjIxMTMyMDQ3LnBuZyIsInNsaWRlc2hvdyI6IjI3MTc0MjMifQ%3D%3D\" href=\"https:\/\/solidscontrolworld.com\/wp-content\/uploads\/2024\/02\/\u5fae\u4fe1\u56fe\u7247_20240221132047.png\"><figure class=\"swiper-slide-inner\"><img decoding=\"async\" class=\"swiper-slide-image\" src=\"https:\/\/solidscontrolworld.com\/wp-content\/uploads\/2024\/02\/\u5fae\u4fe1\u56fe\u7247_20240221132047-150x150.png\" alt=\"\u5fae\u4fe1\u56fe\u7247_20240221132047\" \/><\/figure><\/a><\/div><div class=\"swiper-slide\" role=\"group\" aria-roledescription=\"slide\" aria-label=\"3 \u0645\u0646 3\" data-no-translation-aria-label=\"\"><a data-elementor-open-lightbox=\"yes\" data-elementor-lightbox-slideshow=\"2717423\" data-elementor-lightbox-title=\"\u5fae\u4fe1\u56fe\u7247_20240221132051\" data-e-action-hash=\"#elementor-action%3Aaction%3Dlightbox%26settings%3DeyJpZCI6MTAxMzUsInVybCI6Imh0dHBzOlwvXC9zb2xpZHNjb250cm9sd29ybGQuY29tXC93cC1jb250ZW50XC91cGxvYWRzXC8yMDI0XC8wMlwvXHU1ZmFlXHU0ZmUxXHU1NmZlXHU3MjQ3XzIwMjQwMjIxMTMyMDUxLnBuZyIsInNsaWRlc2hvdyI6IjI3MTc0MjMifQ%3D%3D\" href=\"https:\/\/solidscontrolworld.com\/wp-content\/uploads\/2024\/02\/\u5fae\u4fe1\u56fe\u7247_20240221132051.png\"><figure class=\"swiper-slide-inner\"><img decoding=\"async\" class=\"swiper-slide-image\" src=\"https:\/\/solidscontrolworld.com\/wp-content\/uploads\/2024\/02\/\u5fae\u4fe1\u56fe\u7247_20240221132051-150x150.png\" alt=\"\u5fae\u4fe1\u56fe\u7247_20240221132051\" \/><\/figure><\/a><\/div>\t\t\t<\/div>\n\t\t\t\t\t\t\t\t\t\t\t\t<div class=\"elementor-swiper-button elementor-swiper-button-prev\" role=\"button\" tabindex=\"0\">\n\t\t\t\t\t\t<i aria-hidden=\"true\" class=\"eicon-chevron-left\"><\/i>\t\t\t\t\t<\/div>\n\t\t\t\t\t<div class=\"elementor-swiper-button elementor-swiper-button-next\" role=\"button\" tabindex=\"0\">\n\t\t\t\t\t\t<i aria-hidden=\"true\" class=\"eicon-chevron-right\"><\/i>\t\t\t\t\t<\/div>\n\t\t\t\t\n\t\t\t\t\t\t\t\t\t<div class=\"swiper-pagination\"><\/div>\n\t\t\t\t\t\t\t\t\t<\/div>\n\t\t\t\t\t\t<\/div>\n\t\t\t\t<\/div>\n\t\t\t\t\t<\/div>\n\t\t<\/div>\n\t\t\t\t<div class=\"elementor-column elementor-col-33 elementor-top-column elementor-element elementor-element-7b502ccf\" data-id=\"7b502ccf\" data-element_type=\"column\">\n\t\t\t<div class=\"elementor-widget-wrap elementor-element-populated\">\n\t\t\t\t\t\t<div class=\"elementor-element elementor-element-51e5d520 elementor-widget elementor-widget-heading\" data-id=\"51e5d520\" data-element_type=\"widget\" data-widget_type=\"heading.default\">\n\t\t\t\t<div class=\"elementor-widget-container\">\n\t\t\t\t\t<h2 class=\"elementor-heading-title elementor-size-default\">Desgasificador de vac\u00edo<\/h2>\t\t\t\t<\/div>\n\t\t\t\t<\/div>\n\t\t\t\t<div class=\"elementor-element elementor-element-28ce95c2 elementor-widget elementor-widget-text-editor\" data-id=\"28ce95c2\" data-element_type=\"widget\" data-widget_type=\"text-editor.default\">\n\t\t\t\t<div class=\"elementor-widget-container\">\n\t\t\t\t\t\t\t\t\t<p>Al reducir la presi\u00f3n dentro de un recipiente que contiene una soluci\u00f3n l\u00edquida, la desgasificaci\u00f3n al vac\u00edo elimina los gases disueltos de la soluci\u00f3n.<\/p>\t\t\t\t\t\t\t\t<\/div>\n\t\t\t\t<\/div>\n\t\t\t\t<div class=\"elementor-element elementor-element-2491872e elementor-widget elementor-widget-text-editor\" data-id=\"2491872e\" data-element_type=\"widget\" data-widget_type=\"text-editor.default\">\n\t\t\t\t<div class=\"elementor-widget-container\">\n\t\t\t\t\t\t\t\t\tCategor\u00eda:\u00a0<a href=\"https:\/\/solidscontrolworld.com\/es\/equipos-de-control-de-solidos\/\" rel=\"tag\">Control de s\u00f3lidos<\/a>\t\t\t\t\t\t\t\t<\/div>\n\t\t\t\t<\/div>\n\t\t\t\t\t<\/div>\n\t\t<\/div>\n\t\t\t\t<div class=\"elementor-column elementor-col-33 elementor-top-column elementor-element elementor-element-68927703\" data-id=\"68927703\" data-element_type=\"column\">\n\t\t\t<div class=\"elementor-widget-wrap elementor-element-populated\">\n\t\t\t\t\t\t<div class=\"elementor-element elementor-element-4062f013 elementor-icon-list--layout-traditional elementor-list-item-link-full_width elementor-widget elementor-widget-icon-list\" data-id=\"4062f013\" data-element_type=\"widget\" data-widget_type=\"icon-list.default\">\n\t\t\t\t<div class=\"elementor-widget-container\">\n\t\t\t\t\t\t\t<ul class=\"elementor-icon-list-items\">\n\t\t\t\t\t\t\t<li class=\"elementor-icon-list-item\">\n\t\t\t\t\t\t\t\t\t\t\t<span class=\"elementor-icon-list-icon\">\n\t\t\t\t\t\t\t<i aria-hidden=\"true\" class=\"fas fa-envelope-open\"><\/i>\t\t\t\t\t\t<\/span>\n\t\t\t\t\t\t\t\t\t\t<span class=\"elementor-icon-list-text\">info@solidscontrolworld.com<\/span>\n\t\t\t\t\t\t\t\t\t<\/li>\n\t\t\t\t\t\t\t\t<li class=\"elementor-icon-list-item\">\n\t\t\t\t\t\t\t\t\t\t\t<span class=\"elementor-icon-list-icon\">\n\t\t\t\t\t\t\t<i aria-hidden=\"true\" class=\"fas fa-phone-volume\"><\/i>\t\t\t\t\t\t<\/span>\n\t\t\t\t\t\t\t\t\t\t<span class=\"elementor-icon-list-text\">+8613784677772<\/span>\n\t\t\t\t\t\t\t\t\t<\/li>\n\t\t\t\t\t\t\t\t<li class=\"elementor-icon-list-item\">\n\t\t\t\t\t\t\t\t\t\t\t<span class=\"elementor-icon-list-icon\">\n\t\t\t\t\t\t\t<i aria-hidden=\"true\" class=\"fas fa-fax\"><\/i>\t\t\t\t\t\t<\/span>\n\t\t\t\t\t\t\t\t\t\t<span class=\"elementor-icon-list-text\">86-315-7651760<\/span>\n\t\t\t\t\t\t\t\t\t<\/li>\n\t\t\t\t\t\t<\/ul>\n\t\t\t\t\t\t<\/div>\n\t\t\t\t<\/div>\n\t\t\t\t\t<\/div>\n\t\t<\/div>\n\t\t\t\t\t<\/div>\n\t\t<\/section>\n\t\t\t\t<section class=\"elementor-section elementor-top-section elementor-element elementor-element-7607cebd elementor-section-boxed elementor-section-height-default elementor-section-height-default\" data-id=\"7607cebd\" data-element_type=\"section\">\n\t\t\t\t\t\t<div class=\"elementor-container elementor-column-gap-default\">\n\t\t\t\t\t<div class=\"elementor-column elementor-col-50 elementor-top-column elementor-element elementor-element-1d84afc3\" data-id=\"1d84afc3\" data-element_type=\"column\">\n\t\t\t<div class=\"elementor-widget-wrap elementor-element-populated\">\n\t\t\t\t\t\t<div class=\"elementor-element elementor-element-35722d1d elementor-widget elementor-widget-text-editor\" data-id=\"35722d1d\" data-element_type=\"widget\" data-widget_type=\"text-editor.default\">\n\t\t\t\t<div class=\"elementor-widget-container\">\n\t\t\t\t\t\t\t\t\t<p><span style=\"color: #000000;\">Al reducir la presi\u00f3n dentro de un recipiente que contiene una soluci\u00f3n l\u00edquida, la desgasificaci\u00f3n al vac\u00edo elimina los gases disueltos de la soluci\u00f3n. En las industrias automotriz, aeroespacial y ferroviaria, la desgasificaci\u00f3n al vac\u00edo es la \u00fanica manera de producir ciertos grados de acero.<\/span><\/p><p><span style=\"color: #000000;\">Los desgasificadores de vac\u00edo eliminan o separan los gases mezclados y disueltos de las soluciones l\u00edquidas al reducir la presi\u00f3n inherente en el recipiente donde se almacenan los l\u00edquidos\/fluidos. Ayudan a eliminar el gas del fluido de perforaci\u00f3n. Tambi\u00e9n constituyen el m\u00e9todo de limpieza y purificaci\u00f3n de segundo nivel en equipos de control, eliminando burbujas y bolsas de l\u00edquido atrapado.<\/span><\/p><p><span style=\"color: #000000;\">Los desgasificadores de vac\u00edo son<\/span><\/p><p><span style=\"color: #000000;\">Caracter\u00edsticas principales de un desgasificador al vac\u00edo<\/span><\/p><ul><li><p><span style=\"color: #000000;\">C\u00e1maras de Degas<\/span><\/p><\/li><li><p><span style=\"color: #000000;\">Condensadores<\/span><\/p><\/li><li><p><span style=\"color: #000000;\">Control de temperatura<\/span><\/p><\/li><li><p><span style=\"color: #000000;\">Bomba de vac\u00edo<\/span><\/p><\/li><li><p><span style=\"color: #000000;\">Bomba turbo<\/span><\/p><\/li><\/ul>\t\t\t\t\t\t\t\t<\/div>\n\t\t\t\t<\/div>\n\t\t\t\t<div class=\"elementor-element elementor-element-5c05aa90 elementor-widget elementor-widget-html\" data-id=\"5c05aa90\" data-element_type=\"widget\" data-widget_type=\"html.default\">\n\t\t\t\t<div class=\"elementor-widget-container\">\n\t\t\t\t\t<table class=\"aligncenter\">\r\n<tbody>\r\n<tr class=\"thhh\">\r\n<th width=\"146\"><b>Modelo<\/b><\/th>\r\n<th width=\"174\"><b>AABZCQ240\r\n<\/b><\/th>\r\n<th width=\"173\"><b>ABZCQ270\r\n<\/b><\/th>\r\n<th width=\"187\"><b>ABZCQ300\r\n<\/b><\/th>\r\n<th width=\"188\"><b>ABZCQ360<\/b><\/th>\r\n<\/tr>\r\n<tr>\r\n<td width=\"191\">Di\u00e1metro principal<\/td>\r\n<td width=\"214\">700 mil\u00edmetros<\/td>\r\n<td width=\"215\">800 mil\u00edmetros<\/td>\r\n<td width=\"215\">900 mil\u00edmetros<\/td>\r\n<td width=\"215\">1 0 0 0 mil\u00edmetros<\/td>\r\n<\/tr>\r\n<tr>\r\n<td width=\"191\">Capacidad<\/td>\r\n<td width=\"214\">\u2264 2 4 0 m3\/h<\/td>\r\n<td width=\"215\">\u2264 2 7 0 m3\/h<\/td>\r\n<td width=\"215\">\u2264 0 0 m3\/h<\/td>\r\n<td width=\"215\">\u2264 3 6 0 m3\/h<\/td>\r\n<\/tr>\r\n<tr>\r\n<td width=\"191\">Vac\u00edo<\/td>\r\n<td width=\"214\">0 .0 3 0 - 0 .0 5 0 Mp a<\/td>\r\n<td width=\"215\">0 .0 3 0 ~ 0 .0 5 0 Mp a<\/td>\r\n<td width=\"215\">0 .0 3 0 ~ 0 .0 5 0 Mp a<\/td>\r\n<td width=\"215\">0 .0 4 0 ~ 0 .0 6 5 Mp a<\/td>\r\n<\/tr>\r\n<tr>\r\n<td width=\"191\">Relaci\u00f3n<\/td>\r\n<td width=\"214\">1 .6 8<\/td>\r\n<td width=\"215\">1 .6 8<\/td>\r\n<td width=\"215\">1 .6 8<\/td>\r\n<td width=\"215\">1 .7 2<\/td>\r\n<\/tr>\r\n<tr>\r\n<td width=\"191\">Eficiencia<\/td>\r\n<td width=\"214\">\u2265 9 5 %<\/td>\r\n<td width=\"215\">\u2265 9 5 %<\/td>\r\n<td width=\"215\">\u2265 9 5 %<\/td>\r\n<td width=\"215\">\u2265 9 5 %<\/td>\r\n<\/tr>\r\n<tr>\r\n<td width=\"191\">Potencia del motor<\/td>\r\n<td width=\"214\">1,5 kW<\/td>\r\n<td width=\"215\">2 2 kilovatios<\/td>\r\n<td width=\"215\">30 kW<\/td>\r\n<td width=\"215\">3,7 kW<\/td>\r\n<\/tr>\r\n<tr>\r\n<td width=\"191\">Potencia de vac\u00edo<\/td>\r\n<td width=\"214\">2,2 kW<\/td>\r\n<td width=\"215\">3 kilovatios<\/td>\r\n<td width=\"215\">7,5 kW<\/td>\r\n<td width=\"215\">7,5 kW<\/td>\r\n<\/tr>\r\n<tr>\r\n<td width=\"191\">Velocidad de rotaci\u00f3n<\/td>\r\n<td width=\"214\">8 7 0 r\/m en<\/td>\r\n<td width=\"215\">8 7 0 r\/m en<\/td>\r\n<td width=\"215\">8 7 0 r\/m en<\/td>\r\n<td width=\"215\">8 8 0 r\/m en<\/td>\r\n<\/tr>\r\n<tr>\r\n<td width=\"191\">Dimensi\u00f3n<\/td>\r\n<td width=\"214\">1 8 2 0 x 1 0 2 5 x 1 5 0 0<\/td>\r\n<td width=\"215\">2 0 0 0 x1 0 0 0 x1 6 7 0<\/td>\r\n<td width=\"215\">2 4 0 0 x1 2 0 0 x1 8 5 0<\/td>\r\n<td width=\"215\">2 4 0 0 x1 5 0 0 x1 8 5 0<\/td>\r\n<\/tr>\r\n<tr>\r\n<td width=\"191\">Peso<\/td>\r\n<td width=\"214\">1 0 0 0 kilogramos<\/td>\r\n<td width=\"215\">1 3 5 0 kilogramos<\/td>\r\n<td width=\"215\">1 7 2 0 kilogramos<\/td>\r\n<td width=\"215\">1800 kilogramos<\/td>\r\n<\/tr>\r\n<tr>\r\n<td width=\"191\">Aprobaciones<\/td>\r\n<td colspan=\"4\" width=\"858\">UL\/ ATEX\/ BV\/ IADC\/ J AS - ANZ ISO 9001:2015 \/ CE<\/td>\r\n<\/tr>\r\n<\/tbody>\r\n<\/table>\t\t\t\t<\/div>\n\t\t\t\t<\/div>\n\t\t\t\t\t<\/div>\n\t\t<\/div>\n\t\t\t\t<div class=\"elementor-column elementor-col-50 elementor-top-column elementor-element elementor-element-67ad8265\" data-id=\"67ad8265\" data-element_type=\"column\">\n\t\t\t<div class=\"elementor-widget-wrap elementor-element-populated\">\n\t\t\t\t\t\t<div class=\"elementor-element elementor-element-c82232a elementor-align-left elementor-icon-list--layout-traditional elementor-list-item-link-full_width elementor-widget elementor-widget-icon-list\" data-id=\"c82232a\" data-element_type=\"widget\" data-widget_type=\"icon-list.default\">\n\t\t\t\t<div class=\"elementor-widget-container\">\n\t\t\t\t\t\t\t<ul class=\"elementor-icon-list-items\">\n\t\t\t\t\t\t\t<li class=\"elementor-icon-list-item\">\n\t\t\t\t\t\t\t\t\t\t\t<span class=\"elementor-icon-list-icon\">\n\t\t\t\t\t\t\t<i aria-hidden=\"true\" class=\"fas fa-location-arrow\"><\/i>\t\t\t\t\t\t<\/span>\n\t\t\t\t\t\t\t\t\t\t<span class=\"elementor-icon-list-text\">Habitaci\u00f3n 1924, Bloque D, Plaza Wanda, ciudad de Tangshan, China.<\/span>\n\t\t\t\t\t\t\t\t\t<\/li>\n\t\t\t\t\t\t\t\t<li class=\"elementor-icon-list-item\">\n\t\t\t\t\t\t\t\t\t\t\t<span class=\"elementor-icon-list-icon\">\n\t\t\t\t\t\t\t<i aria-hidden=\"true\" class=\"fas fa-business-time\"><\/i>\t\t\t\t\t\t<\/span>\n\t\t\t\t\t\t\t\t\t\t<span class=\"elementor-icon-list-text\">Lunes a viernes: 8:00-17:30<\/span>\n\t\t\t\t\t\t\t\t\t<\/li>\n\t\t\t\t\t\t<\/ul>\n\t\t\t\t\t\t<\/div>\n\t\t\t\t<\/div>\n\t\t\t\t<div class=\"elementor-element elementor-element-435d1d53 elementor-share-buttons--view-icon elementor-share-buttons--skin-minimal elementor-share-buttons--shape-rounded elementor-share-buttons--align-left elementor-grid-0 elementor-share-buttons--color-official elementor-widget elementor-widget-share-buttons\" data-id=\"435d1d53\" data-element_type=\"widget\" data-widget_type=\"share-buttons.default\">\n\t\t\t\t<div class=\"elementor-widget-container\">\n\t\t\t\t\t\t\t<div class=\"elementor-grid\">\n\t\t\t\t\t\t\t\t<div class=\"elementor-grid-item\">\n\t\t\t\t\t\t<div\n\t\t\t\t\t\t\tclass=\"elementor-share-btn elementor-share-btn_facebook\"\n\t\t\t\t\t\t\trole=\"button\"\n\t\t\t\t\t\t\ttabindex=\"0\"\n\t\t\t\t\t\t\taria-label=\"Compartir en facebook\"\n\t\t\t\t\t\t>\n\t\t\t\t\t\t\t\t\t\t\t\t\t\t\t<span class=\"elementor-share-btn__icon\">\n\t\t\t\t\t\t\t\t<i class=\"fab fa-facebook\" aria-hidden=\"true\"><\/i>\t\t\t\t\t\t\t<\/span>\n\t\t\t\t\t\t\t\t\t\t\t\t\t\t\t\t\t\t\t\t<\/div>\n\t\t\t\t\t<\/div>\n\t\t\t\t\t\t\t\t\t<div class=\"elementor-grid-item\">\n\t\t\t\t\t\t<div\n\t\t\t\t\t\t\tclass=\"elementor-share-btn elementor-share-btn_twitter\"\n\t\t\t\t\t\t\trole=\"button\"\n\t\t\t\t\t\t\ttabindex=\"0\"\n\t\t\t\t\t\t\taria-label=\"Compartir en Twitter\"\n\t\t\t\t\t\t>\n\t\t\t\t\t\t\t\t\t\t\t\t\t\t\t<span class=\"elementor-share-btn__icon\">\n\t\t\t\t\t\t\t\t<i class=\"fab fa-twitter\" aria-hidden=\"true\"><\/i>\t\t\t\t\t\t\t<\/span>\n\t\t\t\t\t\t\t\t\t\t\t\t\t\t\t\t\t\t\t\t<\/div>\n\t\t\t\t\t<\/div>\n\t\t\t\t\t\t\t\t\t<div class=\"elementor-grid-item\">\n\t\t\t\t\t\t<div\n\t\t\t\t\t\t\tclass=\"elementor-share-btn elementor-share-btn_linkedin\"\n\t\t\t\t\t\t\trole=\"button\"\n\t\t\t\t\t\t\ttabindex=\"0\"\n\t\t\t\t\t\t\taria-label=\"Compartir en linkedin\"\n\t\t\t\t\t\t>\n\t\t\t\t\t\t\t\t\t\t\t\t\t\t\t<span class=\"elementor-share-btn__icon\">\n\t\t\t\t\t\t\t\t<i class=\"fab fa-linkedin\" aria-hidden=\"true\"><\/i>\t\t\t\t\t\t\t<\/span>\n\t\t\t\t\t\t\t\t\t\t\t\t\t\t\t\t\t\t\t\t<\/div>\n\t\t\t\t\t<\/div>\n\t\t\t\t\t\t<\/div>\n\t\t\t\t\t\t<\/div>\n\t\t\t\t<\/div>\n\t\t\t\t\t<\/div>\n\t\t<\/div>\n\t\t\t\t\t<\/div>\n\t\t<\/section>\n\t\t\t\t<\/div>","protected":false},"excerpt":{"rendered":"<p>&nbsp; &nbsp; &nbsp; Desgasificador al vac\u00edo. Al reducir la presi\u00f3n dentro de un recipiente que contiene una soluci\u00f3n l\u00edquida, la desgasificaci\u00f3n al vac\u00edo elimina los gases disueltos de la soluci\u00f3n. Contacto. Descargar folleto. Categor\u00eda: Control de s\u00f3lidos. Contacto: info@solidscontrolworld.com +8613784677772 86-315-7651760. Al reducir la presi\u00f3n dentro de un recipiente que contiene una soluci\u00f3n l\u00edquida, la desgasificaci\u00f3n al vac\u00edo elimina los gases disueltos de [\u2026]<\/p>","protected":false},"author":1,"featured_media":0,"parent":0,"menu_order":13,"comment_status":"closed","ping_status":"closed","template":"","meta":{"_seopress_robots_primary_cat":"","_seopress_titles_title":"","_seopress_titles_desc":"","_seopress_robots_index":"","footnotes":""},"class_list":["post-3447","page","type-page","status-publish","hentry"],"yoast_head":"<!-- This site is optimized with the Yoast SEO plugin v25.1 - https:\/\/yoast.com\/wordpress\/plugins\/seo\/ -->\n<title>Efficient Vacuum Degasser for Purification | Solids Control World<\/title>\n<meta name=\"description\" content=\"Discover how vacuum degassers efficiently remove dissolved gases from liquid solutions, improving steel production, fluid purification, and overall process efficiency.\" \/>\n<meta name=\"robots\" content=\"index, follow, max-snippet:-1, max-image-preview:large, max-video-preview:-1\" \/>\n<link rel=\"canonical\" href=\"https:\/\/solidscontrolworld.com\/es\/desgasificador-de-vacio\/\" \/>\n<meta property=\"og:locale\" content=\"es_MX\" \/>\n<meta property=\"og:type\" content=\"article\" \/>\n<meta property=\"og:title\" content=\"Efficient Vacuum Degasser for Purification | Solids Control World\" \/>\n<meta property=\"og:description\" content=\"Discover how vacuum degassers efficiently remove dissolved gases from liquid solutions, improving steel production, fluid purification, and overall process efficiency.\" \/>\n<meta property=\"og:url\" content=\"https:\/\/solidscontrolworld.com\/es\/desgasificador-de-vacio\/\" \/>\n<meta property=\"og:site_name\" content=\"Solids Control World\" \/>\n<meta property=\"article:modified_time\" content=\"2024-09-06T07:24:37+00:00\" \/>\n<meta property=\"og:image\" content=\"https:\/\/solidscontrolworld.com\/wp-content\/uploads\/2023\/07\/2a8ace877c9ed357978afb10d783189.jpg\" \/>\n<meta name=\"twitter:card\" content=\"summary_large_image\" \/>\n<meta name=\"twitter:label1\" content=\"Tiempo de lectura\" \/>\n\t<meta name=\"twitter:data1\" content=\"3 minutos\" \/>\n<!-- \/ Yoast SEO plugin. -->","yoast_head_json":{"title":"Desgasificador de vac\u00edo eficiente para purificaci\u00f3n | Solids Control World","description":"Descubra c\u00f3mo los desgasificadores al vac\u00edo eliminan eficientemente los gases disueltos de las soluciones l\u00edquidas, mejorando la producci\u00f3n de acero, la purificaci\u00f3n de fluidos y la eficiencia general del proceso.","robots":{"index":"index","follow":"follow","max-snippet":"max-snippet:-1","max-image-preview":"max-image-preview:large","max-video-preview":"max-video-preview:-1"},"canonical":"https:\/\/solidscontrolworld.com\/es\/desgasificador-de-vacio\/","og_locale":"es_MX","og_type":"article","og_title":"Efficient Vacuum Degasser for Purification | Solids Control World","og_description":"Discover how vacuum degassers efficiently remove dissolved gases from liquid solutions, improving steel production, fluid purification, and overall process efficiency.","og_url":"https:\/\/solidscontrolworld.com\/es\/desgasificador-de-vacio\/","og_site_name":"Solids Control World","article_modified_time":"2024-09-06T07:24:37+00:00","og_image":[{"url":"https:\/\/solidscontrolworld.com\/wp-content\/uploads\/2023\/07\/2a8ace877c9ed357978afb10d783189.jpg","type":"","width":"","height":""}],"twitter_card":"summary_large_image","twitter_misc":{"Tiempo de lectura":"3 minutos"},"schema":{"@context":"https:\/\/schema.org","@graph":[{"@type":"WebPage","@id":"https:\/\/solidscontrolworld.com\/vacuum-degasser\/","url":"https:\/\/solidscontrolworld.com\/vacuum-degasser\/","name":"Desgasificador de vac\u00edo eficiente para purificaci\u00f3n | Solids Control World","isPartOf":{"@id":"https:\/\/solidscontrolworld.com\/#website"},"primaryImageOfPage":{"@id":"https:\/\/solidscontrolworld.com\/vacuum-degasser\/#primaryimage"},"image":{"@id":"https:\/\/solidscontrolworld.com\/vacuum-degasser\/#primaryimage"},"thumbnailUrl":"https:\/\/solidscontrolworld.com\/wp-content\/uploads\/2023\/07\/2a8ace877c9ed357978afb10d783189.jpg","datePublished":"2021-06-05T06:47:03+00:00","dateModified":"2024-09-06T07:24:37+00:00","description":"Descubra c\u00f3mo los desgasificadores al vac\u00edo eliminan eficientemente los gases disueltos de las soluciones l\u00edquidas, mejorando la producci\u00f3n de acero, la purificaci\u00f3n de fluidos y la eficiencia general del proceso.","breadcrumb":{"@id":"https:\/\/solidscontrolworld.com\/vacuum-degasser\/#breadcrumb"},"inLanguage":"es","potentialAction":[{"@type":"ReadAction","target":["https:\/\/solidscontrolworld.com\/vacuum-degasser\/"]}]},{"@type":"ImageObject","inLanguage":"es","@id":"https:\/\/solidscontrolworld.com\/vacuum-degasser\/#primaryimage","url":"https:\/\/solidscontrolworld.com\/wp-content\/uploads\/2023\/07\/2a8ace877c9ed357978afb10d783189.jpg","contentUrl":"https:\/\/solidscontrolworld.com\/wp-content\/uploads\/2023\/07\/2a8ace877c9ed357978afb10d783189.jpg"},{"@type":"BreadcrumbList","@id":"https:\/\/solidscontrolworld.com\/vacuum-degasser\/#breadcrumb","itemListElement":[{"@type":"ListItem","position":1,"name":"Home","item":"https:\/\/solidscontrolworld.com\/"},{"@type":"ListItem","position":2,"name":"Vacuum degasser"}]},{"@type":"WebSite","@id":"https:\/\/solidscontrolworld.com\/#website","url":"https:\/\/solidscontrolworld.com\/","name":"Mundo de control de s\u00f3lidos","description":"","publisher":{"@id":"https:\/\/solidscontrolworld.com\/#\/schema\/person\/2c126362537c0f0e6d4a8dfba9fc68b0"},"potentialAction":[{"@type":"SearchAction","target":{"@type":"EntryPoint","urlTemplate":"https:\/\/solidscontrolworld.com\/?s={search_term_string}"},"query-input":{"@type":"PropertyValueSpecification","valueRequired":true,"valueName":"search_term_string"}}],"inLanguage":"es"},{"@type":["Person","Organization"],"@id":"https:\/\/solidscontrolworld.com\/#\/schema\/person\/2c126362537c0f0e6d4a8dfba9fc68b0","name":"mundodecontroldes\u00f3lidos","logo":{"@id":"https:\/\/solidscontrolworld.com\/#\/schema\/person\/image\/"},"sameAs":["https:\/\/solidscontrolworld.com"]}]}},"_links":{"self":[{"href":"https:\/\/solidscontrolworld.com\/es\/wp-json\/wp\/v2\/pages\/3447","targetHints":{"allow":["GET"]}}],"collection":[{"href":"https:\/\/solidscontrolworld.com\/es\/wp-json\/wp\/v2\/pages"}],"about":[{"href":"https:\/\/solidscontrolworld.com\/es\/wp-json\/wp\/v2\/types\/page"}],"author":[{"embeddable":true,"href":"https:\/\/solidscontrolworld.com\/es\/wp-json\/wp\/v2\/users\/1"}],"replies":[{"embeddable":true,"href":"https:\/\/solidscontrolworld.com\/es\/wp-json\/wp\/v2\/comments?post=3447"}],"version-history":[{"count":2,"href":"https:\/\/solidscontrolworld.com\/es\/wp-json\/wp\/v2\/pages\/3447\/revisions"}],"predecessor-version":[{"id":11453,"href":"https:\/\/solidscontrolworld.com\/es\/wp-json\/wp\/v2\/pages\/3447\/revisions\/11453"}],"wp:attachment":[{"href":"https:\/\/solidscontrolworld.com\/es\/wp-json\/wp\/v2\/media?parent=3447"}],"curies":[{"name":"wp","href":"https:\/\/api.w.org\/{rel}","templated":true}]}}