{"id":395,"date":"2020-11-27T10:25:26","date_gmt":"2020-11-27T10:25:26","guid":{"rendered":"https:\/\/nauthemes.com\/wp\/kriate\/?page_id=395"},"modified":"2025-06-18T04:42:58","modified_gmt":"2025-06-18T04:42:58","slug":"nuestros-servicios","status":"publish","type":"page","link":"https:\/\/solidscontrolworld.com\/es\/nuestros-servicios\/","title":{"rendered":"Nuestros servicios"},"content":{"rendered":"<div data-elementor-type=\"wp-page\" data-elementor-id=\"395\" class=\"elementor elementor-395\">\n\t\t\t\t\t\t<section class=\"elementor-section elementor-top-section elementor-element elementor-element-1db0226 elementor-section-full_width elementor-section-stretched elementor-section-height-default elementor-section-height-default\" data-id=\"1db0226\" data-element_type=\"section\" data-settings=\"{&quot;stretch_section&quot;:&quot;section-stretched&quot;}\">\n\t\t\t\t\t\t<div class=\"elementor-container elementor-column-gap-default\">\n\t\t\t\t\t<div class=\"elementor-column elementor-col-100 elementor-top-column elementor-element elementor-element-fd80e97\" data-id=\"fd80e97\" data-element_type=\"column\" data-settings=\"{&quot;background_background&quot;:&quot;classic&quot;}\">\n\t\t\t<div class=\"elementor-widget-wrap elementor-element-populated\">\n\t\t\t\t\t\t<div class=\"elementor-element elementor-element-482c53a elementor-widget elementor-widget-image\" data-id=\"482c53a\" data-element_type=\"widget\" data-widget_type=\"image.default\">\n\t\t\t\t<div class=\"elementor-widget-container\">\n\t\t\t\t\t\t\t\t\t\t\t\t\t\t\t<img fetchpriority=\"high\" decoding=\"async\" width=\"1024\" height=\"316\" src=\"https:\/\/solidscontrolworld.com\/wp-content\/uploads\/2021\/05\/service-Converted-1024x316.png\" class=\"attachment-large size-large wp-image-2749\" alt=\"\" srcset=\"https:\/\/solidscontrolworld.com\/wp-content\/uploads\/2021\/05\/service-Converted-1024x316.png 1024w, https:\/\/solidscontrolworld.com\/wp-content\/uploads\/2021\/05\/service-Converted-300x92.png 300w, https:\/\/solidscontrolworld.com\/wp-content\/uploads\/2021\/05\/service-Converted-768x237.png 768w, https:\/\/solidscontrolworld.com\/wp-content\/uploads\/2021\/05\/service-Converted-1536x474.png 1536w, https:\/\/solidscontrolworld.com\/wp-content\/uploads\/2021\/05\/service-Converted-2048x631.png 2048w, https:\/\/solidscontrolworld.com\/wp-content\/uploads\/2021\/05\/service-Converted-600x185.png 600w\" sizes=\"(max-width: 1024px) 100vw, 1024px\" \/>\t\t\t\t\t\t\t\t\t\t\t\t\t\t\t<\/div>\n\t\t\t\t<\/div>\n\t\t\t\t<div class=\"elementor-element elementor-element-dc1df06 elementor-widget elementor-widget-heading\" data-id=\"dc1df06\" data-element_type=\"widget\" data-widget_type=\"heading.default\">\n\t\t\t\t<div class=\"elementor-widget-container\">\n\t\t\t\t\t<h2 class=\"elementor-heading-title elementor-size-default\">Servicios de preventa<\/h2>\t\t\t\t<\/div>\n\t\t\t\t<\/div>\n\t\t\t\t<div class=\"elementor-element elementor-element-70e5977 elementor-widget elementor-widget-text-editor\" data-id=\"70e5977\" data-element_type=\"widget\" data-widget_type=\"text-editor.default\">\n\t\t\t\t<div class=\"elementor-widget-container\">\n\t\t\t\t\t\t\t\t\t<p>Sabemos que elegir el equipo de perforaci\u00f3n m\u00e1s adecuado para su proyecto es una de las decisiones m\u00e1s importantes que su empresa tomar\u00e1. Necesita la confianza para tomar decisiones sin riesgos y garantizar que su proyecto de perforaci\u00f3n concluya con \u00e9xito, a tiempo y dentro del presupuesto.<\/p><p>Antes de utilizar nuestros productos, ofrecemos un servicio de consulta gratuito para ayudarle a decidir:<\/p><p>1\u3001\u00bfQu\u00e9 equipo se adapta mejor a su proyecto y<\/p><p>2. \u00bfQu\u00e9 equipo es el m\u00e1s rentable para su proyecto?<\/p><p>Adem\u00e1s, ofrecemos una propuesta de precio competitivo de alta calidad para cada cliente.<\/p>\t\t\t\t\t\t\t\t<\/div>\n\t\t\t\t<\/div>\n\t\t\t\t<div class=\"elementor-element elementor-element-4637b3d elementor-widget elementor-widget-heading\" data-id=\"4637b3d\" data-element_type=\"widget\" data-widget_type=\"heading.default\">\n\t\t\t\t<div class=\"elementor-widget-container\">\n\t\t\t\t\t<h2 class=\"elementor-heading-title elementor-size-default\">Servicios de proyectos actuales<\/h2>\t\t\t\t<\/div>\n\t\t\t\t<\/div>\n\t\t\t\t<div class=\"elementor-element elementor-element-485c90f elementor-widget elementor-widget-text-editor\" data-id=\"485c90f\" data-element_type=\"widget\" data-widget_type=\"text-editor.default\">\n\t\t\t\t<div class=\"elementor-widget-container\">\n\t\t\t\t\t\t\t\t\t<p>Una vez que haya decidido qu\u00e9 equipo es perfecto para su proyecto, ofrecemos una variedad de servicios para ayudarlo a instalar, usar y mantener nuestro equipo:<\/p><p>1\u3001Proporcionamos documentaci\u00f3n detallada de asistencia al usuario para cada equipo para garantizar que se utilicen de forma correcta, eficiente y segura.<\/p><p>2\u3001Tambi\u00e9n podemos proporcionar procedimientos espec\u00edficos del cliente para ayudarlo a instalar y operar nuestro equipo si es necesario.<\/p><p>3\u3001Asignamos un contacto de enlace personal con el cliente para ayudar a cada cliente a recibir, instalar y utilizar con \u00e9xito nuestro equipo.<\/p>\t\t\t\t\t\t\t\t<\/div>\n\t\t\t\t<\/div>\n\t\t\t\t<div class=\"elementor-element elementor-element-24c8185 elementor-widget elementor-widget-heading\" data-id=\"24c8185\" data-element_type=\"widget\" data-widget_type=\"heading.default\">\n\t\t\t\t<div class=\"elementor-widget-container\">\n\t\t\t\t\t<h2 class=\"elementor-heading-title elementor-size-default\">Servicios posventa<\/h2>\t\t\t\t<\/div>\n\t\t\t\t<\/div>\n\t\t\t\t<div class=\"elementor-element elementor-element-4215945 elementor-widget elementor-widget-text-editor\" data-id=\"4215945\" data-element_type=\"widget\" data-widget_type=\"text-editor.default\">\n\t\t\t\t<div class=\"elementor-widget-container\">\n\t\t\t\t\t\t\t\t\t<p>Tambi\u00e9n incluimos estos servicios posventa para ayudar a mantener nuestros equipos y respaldar su proyecto.<\/p><p>1\u3001Garant\u00eda de 1 a\u00f1o en todos nuestros equipos y servicio gratuito para la primera puesta en servicio y capacitaci\u00f3n.<\/p><p>2\u3001Servicio de soporte t\u00e9cnico telef\u00f3nico gratuito las 24 horas. Tambi\u00e9n puede contactar con nuestro equipo de soporte a trav\u00e9s de nuestro sitio web (incluye 12 horas de consulta en l\u00ednea gratuita) o enviarnos un correo electr\u00f3nico para recibir asistencia en l\u00ednea.<\/p><p>Soporte t\u00e9cnico. Le garantizamos que le devolveremos la llamada de inmediato y le ayudaremos a resolver cualquier problema en cuanto recibamos su solicitud de soporte t\u00e9cnico o informe de defectos.<\/p><p>3\u3001Los repuestos y el mantenimiento de todos los equipos enumerados tienen una validez de 10 a\u00f1os.<\/p>\t\t\t\t\t\t\t\t<\/div>\n\t\t\t\t<\/div>\n\t\t\t\t<div class=\"elementor-element elementor-element-0a9278c elementor-widget elementor-widget-heading\" data-id=\"0a9278c\" data-element_type=\"widget\" data-widget_type=\"heading.default\">\n\t\t\t\t<div class=\"elementor-widget-container\">\n\t\t\t\t\t<h2 class=\"elementor-heading-title elementor-size-default\">Satisfacci\u00f3n del cliente<\/h2>\t\t\t\t<\/div>\n\t\t\t\t<\/div>\n\t\t\t\t<div class=\"elementor-element elementor-element-aa6150e elementor-widget elementor-widget-text-editor\" data-id=\"aa6150e\" data-element_type=\"widget\" data-widget_type=\"text-editor.default\">\n\t\t\t\t<div class=\"elementor-widget-container\">\n\t\t\t\t\t\t\t\t\t<p>Si en alg\u00fan momento no est\u00e1 satisfecho con nuestro servicio, no dude en enviarnos un correo electr\u00f3nico a surui@solidscontrolworld.com. Prometemos atender cualquier queja lo antes posible y brindarle una soluci\u00f3n satisfactoria.<\/p>\t\t\t\t\t\t\t\t<\/div>\n\t\t\t\t<\/div>\n\t\t\t\t\t<\/div>\n\t\t<\/div>\n\t\t\t\t\t<\/div>\n\t\t<\/section>\n\t\t\t\t<\/div>","protected":false},"excerpt":{"rendered":"<p>Servicios de preventa. Sabemos que elegir el equipo de perforaci\u00f3n m\u00e1s adecuado para su proyecto es una de las decisiones m\u00e1s importantes que su empresa tomar\u00e1. Necesita la confianza para tomar decisiones sin riesgos y garantizar que su proyecto de perforaci\u00f3n concluya con \u00e9xito, a tiempo y dentro del presupuesto. [\u2026]<\/p>","protected":false},"author":1,"featured_media":0,"parent":0,"menu_order":2,"comment_status":"closed","ping_status":"closed","template":"","meta":{"_seopress_robots_primary_cat":"","_seopress_titles_title":"","_seopress_titles_desc":"","_seopress_robots_index":"","footnotes":""},"class_list":["post-395","page","type-page","status-publish","hentry"],"yoast_head":"<!-- This site is optimized with the Yoast SEO plugin v25.1 - https:\/\/yoast.com\/wordpress\/plugins\/seo\/ -->\n<title>Solids Control Equipment Services | Solids Control World<\/title>\n<meta name=\"description\" content=\"Professional services for installation, maintenance, and support of solids control equipment to ensure optimal drilling operation performance.\" \/>\n<meta name=\"robots\" content=\"index, follow, max-snippet:-1, max-image-preview:large, max-video-preview:-1\" \/>\n<link rel=\"canonical\" href=\"https:\/\/solidscontrolworld.com\/es\/nuestros-servicios\/\" \/>\n<meta property=\"og:locale\" content=\"es_MX\" \/>\n<meta property=\"og:type\" content=\"article\" \/>\n<meta property=\"og:title\" content=\"Solids Control Equipment Services | Solids Control World\" \/>\n<meta property=\"og:description\" content=\"Professional services for installation, maintenance, and support of solids control equipment to ensure optimal drilling operation performance.\" \/>\n<meta property=\"og:url\" content=\"https:\/\/solidscontrolworld.com\/es\/nuestros-servicios\/\" \/>\n<meta property=\"og:site_name\" content=\"Solids Control World\" \/>\n<meta property=\"article:modified_time\" content=\"2025-06-18T04:42:58+00:00\" \/>\n<meta property=\"og:image\" content=\"https:\/\/solidscontrolworld.com\/wp-content\/uploads\/2021\/05\/service-Converted-1024x316.png\" \/>\n<meta name=\"twitter:card\" content=\"summary_large_image\" \/>\n<meta name=\"twitter:label1\" content=\"Tiempo de lectura\" \/>\n\t<meta name=\"twitter:data1\" content=\"2 minutos\" \/>\n<!-- \/ Yoast SEO plugin. -->","yoast_head_json":{"title":"Servicios de equipos de control de s\u00f3lidos | Solids Control World","description":"Servicios profesionales de instalaci\u00f3n, mantenimiento y soporte de equipos de control de s\u00f3lidos para garantizar un rendimiento \u00f3ptimo de la operaci\u00f3n de perforaci\u00f3n.","robots":{"index":"index","follow":"follow","max-snippet":"max-snippet:-1","max-image-preview":"max-image-preview:large","max-video-preview":"max-video-preview:-1"},"canonical":"https:\/\/solidscontrolworld.com\/es\/nuestros-servicios\/","og_locale":"es_MX","og_type":"article","og_title":"Solids Control Equipment Services | Solids Control World","og_description":"Professional services for installation, maintenance, and support of solids control equipment to ensure optimal drilling operation performance.","og_url":"https:\/\/solidscontrolworld.com\/es\/nuestros-servicios\/","og_site_name":"Solids Control World","article_modified_time":"2025-06-18T04:42:58+00:00","og_image":[{"url":"https:\/\/solidscontrolworld.com\/wp-content\/uploads\/2021\/05\/service-Converted-1024x316.png","type":"","width":"","height":""}],"twitter_card":"summary_large_image","twitter_misc":{"Tiempo de lectura":"2 minutos"},"schema":{"@context":"https:\/\/schema.org","@graph":[{"@type":"WebPage","@id":"https:\/\/solidscontrolworld.com\/our-services\/","url":"https:\/\/solidscontrolworld.com\/our-services\/","name":"Servicios de equipos de control de s\u00f3lidos | Solids Control World","isPartOf":{"@id":"https:\/\/solidscontrolworld.com\/#website"},"primaryImageOfPage":{"@id":"https:\/\/solidscontrolworld.com\/our-services\/#primaryimage"},"image":{"@id":"https:\/\/solidscontrolworld.com\/our-services\/#primaryimage"},"thumbnailUrl":"https:\/\/solidscontrolworld.com\/wp-content\/uploads\/2021\/05\/service-Converted-1024x316.png","datePublished":"2020-11-27T10:25:26+00:00","dateModified":"2025-06-18T04:42:58+00:00","description":"Servicios profesionales de instalaci\u00f3n, mantenimiento y soporte de equipos de control de s\u00f3lidos para garantizar un rendimiento \u00f3ptimo de la operaci\u00f3n de perforaci\u00f3n.","breadcrumb":{"@id":"https:\/\/solidscontrolworld.com\/our-services\/#breadcrumb"},"inLanguage":"es","potentialAction":[{"@type":"ReadAction","target":["https:\/\/solidscontrolworld.com\/our-services\/"]}]},{"@type":"ImageObject","inLanguage":"es","@id":"https:\/\/solidscontrolworld.com\/our-services\/#primaryimage","url":"https:\/\/solidscontrolworld.com\/wp-content\/uploads\/2021\/05\/service-Converted-1024x316.png","contentUrl":"https:\/\/solidscontrolworld.com\/wp-content\/uploads\/2021\/05\/service-Converted-1024x316.png"},{"@type":"BreadcrumbList","@id":"https:\/\/solidscontrolworld.com\/our-services\/#breadcrumb","itemListElement":[{"@type":"ListItem","position":1,"name":"Home","item":"https:\/\/solidscontrolworld.com\/"},{"@type":"ListItem","position":2,"name":"Our Services"}]},{"@type":"WebSite","@id":"https:\/\/solidscontrolworld.com\/#website","url":"https:\/\/solidscontrolworld.com\/","name":"Mundo de control de s\u00f3lidos","description":"","publisher":{"@id":"https:\/\/solidscontrolworld.com\/#\/schema\/person\/2c126362537c0f0e6d4a8dfba9fc68b0"},"potentialAction":[{"@type":"SearchAction","target":{"@type":"EntryPoint","urlTemplate":"https:\/\/solidscontrolworld.com\/?s={search_term_string}"},"query-input":{"@type":"PropertyValueSpecification","valueRequired":true,"valueName":"search_term_string"}}],"inLanguage":"es"},{"@type":["Person","Organization"],"@id":"https:\/\/solidscontrolworld.com\/#\/schema\/person\/2c126362537c0f0e6d4a8dfba9fc68b0","name":"mundodecontroldes\u00f3lidos","logo":{"@id":"https:\/\/solidscontrolworld.com\/#\/schema\/person\/image\/"},"sameAs":["https:\/\/solidscontrolworld.com"]}]}},"_links":{"self":[{"href":"https:\/\/solidscontrolworld.com\/es\/wp-json\/wp\/v2\/pages\/395","targetHints":{"allow":["GET"]}}],"collection":[{"href":"https:\/\/solidscontrolworld.com\/es\/wp-json\/wp\/v2\/pages"}],"about":[{"href":"https:\/\/solidscontrolworld.com\/es\/wp-json\/wp\/v2\/types\/page"}],"author":[{"embeddable":true,"href":"https:\/\/solidscontrolworld.com\/es\/wp-json\/wp\/v2\/users\/1"}],"replies":[{"embeddable":true,"href":"https:\/\/solidscontrolworld.com\/es\/wp-json\/wp\/v2\/comments?post=395"}],"version-history":[{"count":1,"href":"https:\/\/solidscontrolworld.com\/es\/wp-json\/wp\/v2\/pages\/395\/revisions"}],"predecessor-version":[{"id":10968,"href":"https:\/\/solidscontrolworld.com\/es\/wp-json\/wp\/v2\/pages\/395\/revisions\/10968"}],"wp:attachment":[{"href":"https:\/\/solidscontrolworld.com\/es\/wp-json\/wp\/v2\/media?parent=395"}],"curies":[{"name":"wp","href":"https:\/\/api.w.org\/{rel}","templated":true}]}}