{"id":5960,"date":"2022-03-21T05:26:18","date_gmt":"2022-03-21T05:26:18","guid":{"rendered":"https:\/\/solidscontrolworld.com\/?page_id=5960"},"modified":"2025-12-02T09:21:48","modified_gmt":"2025-12-02T09:21:48","slug":"hidrociclon","status":"publish","type":"page","link":"https:\/\/solidscontrolworld.com\/es\/hidrociclon\/","title":{"rendered":"Hidrocicl\u00f3n"},"content":{"rendered":"<div data-elementor-type=\"wp-page\" data-elementor-id=\"5960\" class=\"elementor elementor-5960\">\n\t\t\t\t\t\t<section class=\"elementor-section elementor-top-section elementor-element elementor-element-4561369f elementor-section-full_width elementor-section-stretched elementor-section-height-default elementor-section-height-default\" data-id=\"4561369f\" data-element_type=\"section\" data-settings=\"{&quot;stretch_section&quot;:&quot;section-stretched&quot;,&quot;background_background&quot;:&quot;classic&quot;}\">\n\t\t\t\t\t\t<div class=\"elementor-container elementor-column-gap-default\">\n\t\t\t\t\t<div class=\"elementor-column elementor-col-100 elementor-top-column elementor-element elementor-element-335ab6bf\" data-id=\"335ab6bf\" data-element_type=\"column\">\n\t\t\t<div class=\"elementor-widget-wrap elementor-element-populated\">\n\t\t\t\t\t\t<div class=\"elementor-element elementor-element-306fce67 elementor-widget elementor-widget-heading\" data-id=\"306fce67\" data-element_type=\"widget\" data-widget_type=\"heading.default\">\n\t\t\t\t<div class=\"elementor-widget-container\">\n\t\t\t\t\t<h1 class=\"elementor-heading-title elementor-size-default\">Hidrocicl\u00f3n<\/h1>\t\t\t\t<\/div>\n\t\t\t\t<\/div>\n\t\t\t\t\t<\/div>\n\t\t<\/div>\n\t\t\t\t\t<\/div>\n\t\t<\/section>\n\t\t\t\t<section class=\"elementor-section elementor-top-section elementor-element elementor-element-185a37ef elementor-section-boxed elementor-section-height-default elementor-section-height-default\" data-id=\"185a37ef\" data-element_type=\"section\">\n\t\t\t\t\t\t<div class=\"elementor-container elementor-column-gap-default\">\n\t\t\t\t\t<div class=\"elementor-column elementor-col-50 elementor-top-column elementor-element elementor-element-53419d0e\" data-id=\"53419d0e\" data-element_type=\"column\">\n\t\t\t<div class=\"elementor-widget-wrap elementor-element-populated\">\n\t\t\t\t\t\t<div class=\"elementor-element elementor-element-78a675b0 elementor-widget elementor-widget-image\" data-id=\"78a675b0\" data-element_type=\"widget\" data-widget_type=\"image.default\">\n\t\t\t\t<div class=\"elementor-widget-container\">\n\t\t\t\t\t\t\t\t\t\t\t\t\t\t\t<img fetchpriority=\"high\" decoding=\"async\" width=\"1197\" height=\"1080\" src=\"https:\/\/solidscontrolworld.com\/wp-content\/uploads\/2024\/02\/WechatIMG1098.png\" class=\"attachment-full size-full wp-image-10284\" alt=\"hidrociclones\" srcset=\"https:\/\/solidscontrolworld.com\/wp-content\/uploads\/2024\/02\/WechatIMG1098.png 1197w, https:\/\/solidscontrolworld.com\/wp-content\/uploads\/2024\/02\/WechatIMG1098-300x271.png 300w, https:\/\/solidscontrolworld.com\/wp-content\/uploads\/2024\/02\/WechatIMG1098-1024x924.png 1024w, https:\/\/solidscontrolworld.com\/wp-content\/uploads\/2024\/02\/WechatIMG1098-768x693.png 768w, https:\/\/solidscontrolworld.com\/wp-content\/uploads\/2024\/02\/WechatIMG1098-600x541.png 600w\" sizes=\"(max-width: 1197px) 100vw, 1197px\" \/>\t\t\t\t\t\t\t\t\t\t\t\t\t\t\t<\/div>\n\t\t\t\t<\/div>\n\t\t\t\t<div class=\"elementor-element elementor-element-6ca1febf elementor-arrows-position-inside elementor-pagination-position-outside elementor-widget elementor-widget-image-carousel\" data-id=\"6ca1febf\" data-element_type=\"widget\" data-settings=\"{&quot;navigation&quot;:&quot;both&quot;,&quot;autoplay&quot;:&quot;yes&quot;,&quot;pause_on_hover&quot;:&quot;yes&quot;,&quot;pause_on_interaction&quot;:&quot;yes&quot;,&quot;autoplay_speed&quot;:5000,&quot;infinite&quot;:&quot;yes&quot;,&quot;speed&quot;:500}\" data-widget_type=\"image-carousel.default\">\n\t\t\t\t<div class=\"elementor-widget-container\">\n\t\t\t\t\t\t\t<div class=\"elementor-image-carousel-wrapper swiper\" role=\"region\" aria-roledescription=\"carousel\" aria-label=\"Carrusel de im\u00e1genes\" dir=\"ltr\">\n\t\t\t<div class=\"elementor-image-carousel swiper-wrapper\" aria-live=\"off\">\n\t\t\t\t\t\t\t\t<div class=\"swiper-slide\" role=\"group\" aria-roledescription=\"slide\" aria-label=\"1 de 3\"><a data-elementor-open-lightbox=\"yes\" data-elementor-lightbox-slideshow=\"6ca1febf\" data-elementor-lightbox-title=\"WechatIMG1043\" data-e-action-hash=\"#elementor-action%3Aaction%3Dlightbox%26settings%3DeyJpZCI6MTAyODIsInVybCI6Imh0dHBzOlwvXC9zb2xpZHNjb250cm9sd29ybGQuY29tXC93cC1jb250ZW50XC91cGxvYWRzXC8yMDI0XC8wMlwvV2VjaGF0SU1HMTA0My5wbmciLCJzbGlkZXNob3ciOiI2Y2ExZmViZiJ9\" href=\"https:\/\/solidscontrolworld.com\/wp-content\/uploads\/2024\/02\/WechatIMG1043.png\"><figure class=\"swiper-slide-inner\"><img decoding=\"async\" class=\"swiper-slide-image\" src=\"https:\/\/solidscontrolworld.com\/wp-content\/uploads\/2024\/02\/WechatIMG1043-150x150.png\" alt=\"WeChatIMG1043\" \/><\/figure><\/a><\/div><div class=\"swiper-slide\" role=\"group\" aria-roledescription=\"slide\" aria-label=\"2 de 3\"><a data-elementor-open-lightbox=\"yes\" data-elementor-lightbox-slideshow=\"6ca1febf\" data-elementor-lightbox-title=\"WechatIMG1040\" data-e-action-hash=\"#elementor-action%3Aaction%3Dlightbox%26settings%3DeyJpZCI6MTAyODEsInVybCI6Imh0dHBzOlwvXC9zb2xpZHNjb250cm9sd29ybGQuY29tXC93cC1jb250ZW50XC91cGxvYWRzXC8yMDI0XC8wMlwvV2VjaGF0SU1HMTA0MC5wbmciLCJzbGlkZXNob3ciOiI2Y2ExZmViZiJ9\" href=\"https:\/\/solidscontrolworld.com\/wp-content\/uploads\/2024\/02\/WechatIMG1040.png\"><figure class=\"swiper-slide-inner\"><img decoding=\"async\" class=\"swiper-slide-image\" src=\"https:\/\/solidscontrolworld.com\/wp-content\/uploads\/2024\/02\/WechatIMG1040-150x150.png\" alt=\"WeChatIMG1040\" \/><\/figure><\/a><\/div><div class=\"swiper-slide\" role=\"group\" aria-roledescription=\"slide\" aria-label=\"3 de 3\"><a data-elementor-open-lightbox=\"yes\" data-elementor-lightbox-slideshow=\"6ca1febf\" data-elementor-lightbox-title=\"WechatIMG1030\" data-e-action-hash=\"#elementor-action%3Aaction%3Dlightbox%26settings%3DeyJpZCI6MTAyODAsInVybCI6Imh0dHBzOlwvXC9zb2xpZHNjb250cm9sd29ybGQuY29tXC93cC1jb250ZW50XC91cGxvYWRzXC8yMDI0XC8wMlwvV2VjaGF0SU1HMTAzMC5wbmciLCJzbGlkZXNob3ciOiI2Y2ExZmViZiJ9\" href=\"https:\/\/solidscontrolworld.com\/wp-content\/uploads\/2024\/02\/WechatIMG1030.png\"><figure class=\"swiper-slide-inner\"><img decoding=\"async\" class=\"swiper-slide-image\" src=\"https:\/\/solidscontrolworld.com\/wp-content\/uploads\/2024\/02\/WechatIMG1030-150x150.png\" alt=\"WeChatIMG1030\" \/><\/figure><\/a><\/div>\t\t\t<\/div>\n\t\t\t\t\t\t\t\t\t\t\t\t<div class=\"elementor-swiper-button elementor-swiper-button-prev\" role=\"button\" tabindex=\"0\">\n\t\t\t\t\t\t<i aria-hidden=\"true\" class=\"eicon-chevron-left\"><\/i>\t\t\t\t\t<\/div>\n\t\t\t\t\t<div class=\"elementor-swiper-button elementor-swiper-button-next\" role=\"button\" tabindex=\"0\">\n\t\t\t\t\t\t<i aria-hidden=\"true\" class=\"eicon-chevron-right\"><\/i>\t\t\t\t\t<\/div>\n\t\t\t\t\n\t\t\t\t\t\t\t\t\t<div class=\"swiper-pagination\"><\/div>\n\t\t\t\t\t\t\t\t\t<\/div>\n\t\t\t\t\t\t<\/div>\n\t\t\t\t<\/div>\n\t\t\t\t\t<\/div>\n\t\t<\/div>\n\t\t\t\t<div class=\"elementor-column elementor-col-50 elementor-top-column elementor-element elementor-element-2270940d\" data-id=\"2270940d\" data-element_type=\"column\">\n\t\t\t<div class=\"elementor-widget-wrap elementor-element-populated\">\n\t\t\t\t\t\t<div class=\"elementor-element elementor-element-1db26d0c elementor-widget elementor-widget-heading\" data-id=\"1db26d0c\" data-element_type=\"widget\" data-widget_type=\"heading.default\">\n\t\t\t\t<div class=\"elementor-widget-container\">\n\t\t\t\t\t<h3 class=\"elementor-heading-title elementor-size-default\">Hidrocicl\u00f3n<\/h3>\t\t\t\t<\/div>\n\t\t\t\t<\/div>\n\t\t\t\t<div class=\"elementor-element elementor-element-59cdc5a5 elementor-widget elementor-widget-text-editor\" data-id=\"59cdc5a5\" data-element_type=\"widget\" data-widget_type=\"text-editor.default\">\n\t\t\t\t<div class=\"elementor-widget-container\">\n\t\t\t\t\t\t\t\t\t<span title=\"fabricantes de hidrociclones\">hidrociclones<\/span> Se utilizan para deslamar, deshidratar y dimensionar una variedad de productos, incluidos <a href=\"https:\/\/solidscontrolworld.com\/es\/limpiador-de-lodo\/\">lodo de perforaci\u00f3n<\/a>, arena, \u00e1ridos de construcci\u00f3n y minerales industriales. Al no tener piezas m\u00f3viles, estas m\u00e1quinas son relativamente sencillas. Solids Control World <span title=\"Proveedor de separadores cicl\u00f3nicos de alta calidad\">suministro de hidrociclones<\/span> con material de poliuretano, hierro revestido con cer\u00e1mica, tama\u00f1o desde FX125 hasta FX500.\t\t\t\t\t\t\t\t<\/div>\n\t\t\t\t<\/div>\n\t\t\t\t<div class=\"elementor-element elementor-element-34e76a0d elementor-button-info elementor-align-justify elementor-widget elementor-widget-button\" data-id=\"34e76a0d\" data-element_type=\"widget\" data-widget_type=\"button.default\">\n\t\t\t\t<div class=\"elementor-widget-container\">\n\t\t\t\t\t\t\t\t\t<div class=\"elementor-button-wrapper\">\n\t\t\t\t\t<a class=\"elementor-button elementor-button-link elementor-size-md\" href=\"https:\/\/solidscontrolworld.com\/es\/contactanos\/\">\n\t\t\t\t\t\t<span class=\"elementor-button-content-wrapper\">\n\t\t\t\t\t\t\t\t\t<span class=\"elementor-button-text\">PREGUNTAR<\/span>\n\t\t\t\t\t<\/span>\n\t\t\t\t\t<\/a>\n\t\t\t\t<\/div>\n\t\t\t\t\t\t\t\t<\/div>\n\t\t\t\t<\/div>\n\t\t\t\t<div class=\"elementor-element elementor-element-72822668 elementor-button-success elementor-align-justify elementor-widget elementor-widget-button\" data-id=\"72822668\" data-element_type=\"widget\" data-widget_type=\"button.default\">\n\t\t\t\t<div class=\"elementor-widget-container\">\n\t\t\t\t\t\t\t\t\t<div class=\"elementor-button-wrapper\">\n\t\t\t\t\t<a class=\"elementor-button elementor-button-link elementor-size-md\" href=\"https:\/\/solidscontrolworld.com\/wp-content\/uploads\/2021\/05\/Brochure%E7%9A%84%E5%89%AF%E6%9C%AC.pdf\">\n\t\t\t\t\t\t<span class=\"elementor-button-content-wrapper\">\n\t\t\t\t\t\t\t\t\t<span class=\"elementor-button-text\">Folleto<\/span>\n\t\t\t\t\t<\/span>\n\t\t\t\t\t<\/a>\n\t\t\t\t<\/div>\n\t\t\t\t\t\t\t\t<\/div>\n\t\t\t\t<\/div>\n\t\t\t\t<div class=\"elementor-element elementor-element-1d987056 elementor-share-buttons--view-icon elementor-share-buttons--skin-minimal elementor-share-buttons--shape-rounded elementor-share-buttons--align-center elementor-grid-0 elementor-share-buttons--color-official elementor-widget elementor-widget-share-buttons\" data-id=\"1d987056\" data-element_type=\"widget\" data-widget_type=\"share-buttons.default\">\n\t\t\t\t<div class=\"elementor-widget-container\">\n\t\t\t\t\t\t\t<div class=\"elementor-grid\">\n\t\t\t\t\t\t\t\t<div class=\"elementor-grid-item\">\n\t\t\t\t\t\t<div\n\t\t\t\t\t\t\tclass=\"elementor-share-btn elementor-share-btn_facebook\"\n\t\t\t\t\t\t\trole=\"button\"\n\t\t\t\t\t\t\ttabindex=\"0\"\n\t\t\t\t\t\t\taria-label=\"Compartir en facebook\"\n\t\t\t\t\t\t>\n\t\t\t\t\t\t\t\t\t\t\t\t\t\t\t<span class=\"elementor-share-btn__icon\">\n\t\t\t\t\t\t\t\t<i class=\"fab fa-facebook\" aria-hidden=\"true\"><\/i>\t\t\t\t\t\t\t<\/span>\n\t\t\t\t\t\t\t\t\t\t\t\t\t\t\t\t\t\t\t\t<\/div>\n\t\t\t\t\t<\/div>\n\t\t\t\t\t\t\t\t\t<div class=\"elementor-grid-item\">\n\t\t\t\t\t\t<div\n\t\t\t\t\t\t\tclass=\"elementor-share-btn elementor-share-btn_twitter\"\n\t\t\t\t\t\t\trole=\"button\"\n\t\t\t\t\t\t\ttabindex=\"0\"\n\t\t\t\t\t\t\taria-label=\"Compartir en Twitter\"\n\t\t\t\t\t\t>\n\t\t\t\t\t\t\t\t\t\t\t\t\t\t\t<span class=\"elementor-share-btn__icon\">\n\t\t\t\t\t\t\t\t<i class=\"fab fa-twitter\" aria-hidden=\"true\"><\/i>\t\t\t\t\t\t\t<\/span>\n\t\t\t\t\t\t\t\t\t\t\t\t\t\t\t\t\t\t\t\t<\/div>\n\t\t\t\t\t<\/div>\n\t\t\t\t\t\t\t\t\t<div class=\"elementor-grid-item\">\n\t\t\t\t\t\t<div\n\t\t\t\t\t\t\tclass=\"elementor-share-btn elementor-share-btn_linkedin\"\n\t\t\t\t\t\t\trole=\"button\"\n\t\t\t\t\t\t\ttabindex=\"0\"\n\t\t\t\t\t\t\taria-label=\"Compartir en linkedin\"\n\t\t\t\t\t\t>\n\t\t\t\t\t\t\t\t\t\t\t\t\t\t\t<span class=\"elementor-share-btn__icon\">\n\t\t\t\t\t\t\t\t<i class=\"fab fa-linkedin\" aria-hidden=\"true\"><\/i>\t\t\t\t\t\t\t<\/span>\n\t\t\t\t\t\t\t\t\t\t\t\t\t\t\t\t\t\t\t\t<\/div>\n\t\t\t\t\t<\/div>\n\t\t\t\t\t\t<\/div>\n\t\t\t\t\t\t<\/div>\n\t\t\t\t<\/div>\n\t\t\t\t\t<\/div>\n\t\t<\/div>\n\t\t\t\t\t<\/div>\n\t\t<\/section>\n\t\t\t\t<section class=\"elementor-section elementor-top-section elementor-element elementor-element-694fb21 elementor-section-boxed elementor-section-height-default elementor-section-height-default\" data-id=\"694fb21\" data-element_type=\"section\">\n\t\t\t\t\t\t<div class=\"elementor-container elementor-column-gap-default\">\n\t\t\t\t\t<div class=\"elementor-column elementor-col-100 elementor-top-column elementor-element elementor-element-06241c3\" data-id=\"06241c3\" data-element_type=\"column\">\n\t\t\t<div class=\"elementor-widget-wrap elementor-element-populated\">\n\t\t\t\t\t\t<div class=\"elementor-element elementor-element-fb3e748 elementor-widget elementor-widget-heading\" data-id=\"fb3e748\" data-element_type=\"widget\" data-widget_type=\"heading.default\">\n\t\t\t\t<div class=\"elementor-widget-container\">\n\t\t\t\t\t<h2 class=\"elementor-heading-title elementor-size-default\">Obtenga una pulpa m\u00e1s limpia con nuestros separadores cicl\u00f3nicos<\/h2>\t\t\t\t<\/div>\n\t\t\t\t<\/div>\n\t\t\t\t<div class=\"elementor-element elementor-element-dff6404 elementor-widget elementor-widget-text-editor\" data-id=\"dff6404\" data-element_type=\"widget\" data-widget_type=\"text-editor.default\">\n\t\t\t\t<div class=\"elementor-widget-container\">\n\t\t\t\t\t\t\t\t\tUn hidrocicl\u00f3n utiliza una simple fuerza de rotaci\u00f3n. El fluido sucio se bombea r\u00e1pidamente. El movimiento giratorio empuja los s\u00f3lidos pesados hacia las paredes, donde se deslizan hacia abajo y hacia afuera. El l\u00edquido limpio sube y sale por la parte superior. Al no tener piezas m\u00f3viles, se reduce el riesgo de rotura.\t\t\t\t\t\t\t\t<\/div>\n\t\t\t\t<\/div>\n\t\t\t\t<div class=\"elementor-element elementor-element-6404eac elementor-widget elementor-widget-heading\" data-id=\"6404eac\" data-element_type=\"widget\" data-widget_type=\"heading.default\">\n\t\t\t\t<div class=\"elementor-widget-container\">\n\t\t\t\t\t<h4 class=\"elementor-heading-title elementor-size-default\">Creado para su trabajo<\/h4>\t\t\t\t<\/div>\n\t\t\t\t<\/div>\n\t\t\t\t<div class=\"elementor-element elementor-element-7be43a6 elementor-widget elementor-widget-text-editor\" data-id=\"7be43a6\" data-element_type=\"widget\" data-widget_type=\"text-editor.default\">\n\t\t\t\t<div class=\"elementor-widget-container\">\n\t\t\t\t\t\t\t\t\t<p>Somos un proveedor l\u00edder de separadores cicl\u00f3nicos de alta calidad. Nuestras unidades son robustas. Manejan lodos de miner\u00eda agresivos y lodos de perforaci\u00f3n pegajosos. Las fabricamos seg\u00fan las normas API. Esto significa que funcionan correctamente y duran mucho tiempo. Usted cuenta con un socio confiable para sus necesidades de separaci\u00f3n.<\/p>\t\t\t\t\t\t\t\t<\/div>\n\t\t\t\t<\/div>\n\t\t\t\t<div class=\"elementor-element elementor-element-512eb76 elementor-widget elementor-widget-heading\" data-id=\"512eb76\" data-element_type=\"widget\" data-widget_type=\"heading.default\">\n\t\t\t\t<div class=\"elementor-widget-container\">\n\t\t\t\t\t<h4 class=\"elementor-heading-title elementor-size-default\">\u00bfPor qu\u00e9 elegir nuestros separadores?<\/h4>\t\t\t\t<\/div>\n\t\t\t\t<\/div>\n\t\t\t\t<div class=\"elementor-element elementor-element-90dd8be elementor-widget elementor-widget-text-editor\" data-id=\"90dd8be\" data-element_type=\"widget\" data-widget_type=\"text-editor.default\">\n\t\t\t\t<div class=\"elementor-widget-container\">\n\t\t\t\t\t\t\t\t\t<p>Nos centramos en lo que importa: alto rendimiento y sin exageraciones. Contamos con un equipo de profesionales con m\u00e1s de 13 a\u00f1os de experiencia. Le ayudamos a elegir el modelo. Tambi\u00e9n realizamos dise\u00f1os personalizados. Obtendr\u00e1 una soluci\u00f3n que se adapte perfectamente a su proyecto.<\/p>\t\t\t\t\t\t\t\t<\/div>\n\t\t\t\t<\/div>\n\t\t\t\t<div class=\"elementor-element elementor-element-8581834 elementor-widget elementor-widget-text-editor\" data-id=\"8581834\" data-element_type=\"widget\" data-widget_type=\"text-editor.default\">\n\t\t\t\t<div class=\"elementor-widget-container\">\n\t\t\t\t\t\t\t\t\t<p>En Solids Control World, infundimos confianza en cada m\u00e1quina. Estamos aqu\u00ed para simplificar su trabajo con equipos que simplemente funcionan, d\u00eda tras d\u00eda.<\/p>\t\t\t\t\t\t\t\t<\/div>\n\t\t\t\t<\/div>\n\t\t\t\t\t<\/div>\n\t\t<\/div>\n\t\t\t\t\t<\/div>\n\t\t<\/section>\n\t\t\t\t<\/div>","protected":false},"excerpt":{"rendered":"<p>Hidrociclones. Los hidrociclones se utilizan para deslamar, deshidratar y clasificar por tama\u00f1o diversos productos, como lodos de perforaci\u00f3n, arena, \u00e1ridos para la construcci\u00f3n y minerales industriales. Al no tener piezas m\u00f3viles, estas m\u00e1quinas son relativamente sencillas. Solids Control World suministra hidrociclones de poliuretano, con revestimiento de hierro y cer\u00e1mica, en tama\u00f1os desde FX125 hasta FX500. [\u2026]<\/p>","protected":false},"author":1,"featured_media":0,"parent":0,"menu_order":37,"comment_status":"closed","ping_status":"closed","template":"","meta":{"_seopress_robots_primary_cat":"","_seopress_titles_title":"Quality Hydrocyclone Separator Manufacturer | Reliable Hydrocyclone Supplier in China | Solids Control World","_seopress_titles_desc":"Purchase this highly efficient Hydrocyclone  cyclonic separator  which separates product phases with the help of gravity. Buy now online at Solids Control World.","_seopress_robots_index":"","footnotes":""},"class_list":["post-5960","page","type-page","status-publish","hentry"],"yoast_head":"<!-- This site is optimized with the Yoast SEO plugin v25.1 - https:\/\/yoast.com\/wordpress\/plugins\/seo\/ -->\n<title>Hydrocyclone Manufacturers - Reliable Solutions Online | Solids Control World<\/title>\n<meta name=\"description\" content=\"Find a trusted high-quality cyclone separator supplier for effective separation solutions. Enhance your operations with reliable equipment tailored to your needs.\" \/>\n<meta name=\"robots\" content=\"index, follow, max-snippet:-1, max-image-preview:large, max-video-preview:-1\" \/>\n<link rel=\"canonical\" href=\"https:\/\/solidscontrolworld.com\/es\/hidrociclon\/\" \/>\n<meta property=\"og:locale\" content=\"es_MX\" \/>\n<meta property=\"og:type\" content=\"article\" \/>\n<meta property=\"og:title\" content=\"Hydrocyclone Manufacturers - Reliable Solutions Online | Solids Control World\" \/>\n<meta property=\"og:description\" content=\"Find a trusted high-quality cyclone separator supplier for effective separation solutions. Enhance your operations with reliable equipment tailored to your needs.\" \/>\n<meta property=\"og:url\" content=\"https:\/\/solidscontrolworld.com\/es\/hidrociclon\/\" \/>\n<meta property=\"og:site_name\" content=\"Solids Control World\" \/>\n<meta property=\"article:modified_time\" content=\"2025-12-02T09:21:48+00:00\" \/>\n<meta property=\"og:image\" content=\"https:\/\/solidscontrolworld.com\/wp-content\/uploads\/2024\/02\/WechatIMG1098.png\" \/>\n\t<meta property=\"og:image:width\" content=\"1197\" \/>\n\t<meta property=\"og:image:height\" content=\"1080\" \/>\n\t<meta property=\"og:image:type\" content=\"image\/png\" \/>\n<meta name=\"twitter:card\" content=\"summary_large_image\" \/>\n<meta name=\"twitter:label1\" content=\"Tiempo de lectura\" \/>\n\t<meta name=\"twitter:data1\" content=\"3 minutos\" \/>\n<!-- \/ Yoast SEO plugin. -->","yoast_head_json":{"title":"Fabricantes de hidrociclones: soluciones confiables en l\u00ednea | Solids Control World","description":"Encuentre un proveedor confiable de separadores cicl\u00f3nicos de alta calidad para soluciones de separaci\u00f3n efectivas. Optimice sus operaciones con equipos confiables adaptados a sus necesidades.","robots":{"index":"index","follow":"follow","max-snippet":"max-snippet:-1","max-image-preview":"max-image-preview:large","max-video-preview":"max-video-preview:-1"},"canonical":"https:\/\/solidscontrolworld.com\/es\/hidrociclon\/","og_locale":"es_MX","og_type":"article","og_title":"Hydrocyclone Manufacturers - Reliable Solutions Online | Solids Control World","og_description":"Find a trusted high-quality cyclone separator supplier for effective separation solutions. Enhance your operations with reliable equipment tailored to your needs.","og_url":"https:\/\/solidscontrolworld.com\/es\/hidrociclon\/","og_site_name":"Solids Control World","article_modified_time":"2025-12-02T09:21:48+00:00","og_image":[{"width":1197,"height":1080,"url":"https:\/\/solidscontrolworld.com\/wp-content\/uploads\/2024\/02\/WechatIMG1098.png","type":"image\/png"}],"twitter_card":"summary_large_image","twitter_misc":{"Tiempo de lectura":"3 minutos"},"schema":{"@context":"https:\/\/schema.org","@graph":[{"@type":"WebPage","@id":"https:\/\/solidscontrolworld.com\/hydrocyclone\/","url":"https:\/\/solidscontrolworld.com\/hydrocyclone\/","name":"Fabricantes de hidrociclones: soluciones confiables en l\u00ednea | Solids Control World","isPartOf":{"@id":"https:\/\/solidscontrolworld.com\/#website"},"primaryImageOfPage":{"@id":"https:\/\/solidscontrolworld.com\/hydrocyclone\/#primaryimage"},"image":{"@id":"https:\/\/solidscontrolworld.com\/hydrocyclone\/#primaryimage"},"thumbnailUrl":"http:\/\/solidscontrolworld.com\/wp-content\/uploads\/2024\/02\/WechatIMG1098.png","datePublished":"2022-03-21T05:26:18+00:00","dateModified":"2025-12-02T09:21:48+00:00","description":"Encuentre un proveedor confiable de separadores cicl\u00f3nicos de alta calidad para soluciones de separaci\u00f3n efectivas. Optimice sus operaciones con equipos confiables adaptados a sus necesidades.","breadcrumb":{"@id":"https:\/\/solidscontrolworld.com\/hydrocyclone\/#breadcrumb"},"inLanguage":"es","potentialAction":[{"@type":"ReadAction","target":["https:\/\/solidscontrolworld.com\/hydrocyclone\/"]}]},{"@type":"ImageObject","inLanguage":"es","@id":"https:\/\/solidscontrolworld.com\/hydrocyclone\/#primaryimage","url":"http:\/\/solidscontrolworld.com\/wp-content\/uploads\/2024\/02\/WechatIMG1098.png","contentUrl":"http:\/\/solidscontrolworld.com\/wp-content\/uploads\/2024\/02\/WechatIMG1098.png"},{"@type":"BreadcrumbList","@id":"https:\/\/solidscontrolworld.com\/hydrocyclone\/#breadcrumb","itemListElement":[{"@type":"ListItem","position":1,"name":"Home","item":"https:\/\/solidscontrolworld.com\/"},{"@type":"ListItem","position":2,"name":"HydroCyclone"}]},{"@type":"WebSite","@id":"https:\/\/solidscontrolworld.com\/#website","url":"https:\/\/solidscontrolworld.com\/","name":"Mundo de control de s\u00f3lidos","description":"","publisher":{"@id":"https:\/\/solidscontrolworld.com\/#\/schema\/person\/2c126362537c0f0e6d4a8dfba9fc68b0"},"potentialAction":[{"@type":"SearchAction","target":{"@type":"EntryPoint","urlTemplate":"https:\/\/solidscontrolworld.com\/?s={search_term_string}"},"query-input":{"@type":"PropertyValueSpecification","valueRequired":true,"valueName":"search_term_string"}}],"inLanguage":"es"},{"@type":["Person","Organization"],"@id":"https:\/\/solidscontrolworld.com\/#\/schema\/person\/2c126362537c0f0e6d4a8dfba9fc68b0","name":"mundodecontroldes\u00f3lidos","logo":{"@id":"https:\/\/solidscontrolworld.com\/#\/schema\/person\/image\/"},"sameAs":["https:\/\/solidscontrolworld.com"]}]}},"_links":{"self":[{"href":"https:\/\/solidscontrolworld.com\/es\/wp-json\/wp\/v2\/pages\/5960","targetHints":{"allow":["GET"]}}],"collection":[{"href":"https:\/\/solidscontrolworld.com\/es\/wp-json\/wp\/v2\/pages"}],"about":[{"href":"https:\/\/solidscontrolworld.com\/es\/wp-json\/wp\/v2\/types\/page"}],"author":[{"embeddable":true,"href":"https:\/\/solidscontrolworld.com\/es\/wp-json\/wp\/v2\/users\/1"}],"replies":[{"embeddable":true,"href":"https:\/\/solidscontrolworld.com\/es\/wp-json\/wp\/v2\/comments?post=5960"}],"version-history":[{"count":17,"href":"https:\/\/solidscontrolworld.com\/es\/wp-json\/wp\/v2\/pages\/5960\/revisions"}],"predecessor-version":[{"id":12394,"href":"https:\/\/solidscontrolworld.com\/es\/wp-json\/wp\/v2\/pages\/5960\/revisions\/12394"}],"wp:attachment":[{"href":"https:\/\/solidscontrolworld.com\/es\/wp-json\/wp\/v2\/media?parent=5960"}],"curies":[{"name":"wp","href":"https:\/\/api.w.org\/{rel}","templated":true}]}}