{"id":1387,"date":"2021-05-05T13:41:18","date_gmt":"2021-05-05T13:41:18","guid":{"rendered":"https:\/\/solidscontrolworld.com\/?post_type=product&#038;p=1387"},"modified":"2021-05-05T13:41:19","modified_gmt":"2021-05-05T13:41:19","slug":"agitador-de-esquisto","status":"publish","type":"product","link":"https:\/\/solidscontrolworld.com\/es\/product\/agitador-de-esquisto\/","title":{"rendered":"Agitador de esquisto"},"content":{"rendered":"<div class=\"flex_column av_one_full  flex_column_div av-zero-column-padding first  avia-builder-el-1  el_after_av_image  el_before_av_one_full\">\n<section class=\"av_textblock_section\">\n<div class=\"avia_textblock\">\n<table border=\"0\" width=\"1167\" cellspacing=\"0\" cellpadding=\"0\">\n<tbody>\n<tr>\n<td class=\"kso0\" width=\"161\">Modelo<\/td>\n<td class=\"kso1\" width=\"192\">ABZS104<\/td>\n<td class=\"kso2\" width=\"191\">ABZS103<\/td>\n<td class=\"kso3\" width=\"206\">ABZS70-3P<\/td>\n<td class=\"kso4\" width=\"207\">ABZS103K<\/td>\n<td class=\"kso5\" width=\"208\">ABZS85-2P<\/td>\n<\/tr>\n<tr>\n<td class=\"kso6\" width=\"161\">Capacidad<\/td>\n<td class=\"kso7\" width=\"192\">\u2264150 m3\/h (660 GPM)<\/td>\n<td class=\"kso8\" width=\"191\">\u2264120 m3\/h (528 GPM)<\/td>\n<td class=\"kso9\" width=\"206\">\u2264120 m3\/h (528 GPM)<\/td>\n<td class=\"kso10\" width=\"207\">\u2264120 m3\/h (528 GPM)<\/td>\n<td class=\"kso11\" width=\"208\">\u226480 m3\/h (352 GPM)<\/td>\n<\/tr>\n<tr>\n<td class=\"kso12\" width=\"161\">Potencia nominal de los motores<\/td>\n<td class=\"kso13\" width=\"192\">1.865 kW (2,5 CV) x2 (Mart\u00edn)<\/td>\n<td class=\"kso14\" width=\"191\">1,5 kW (2,0 CV) x 2 (OLI)<\/td>\n<td class=\"kso15\" width=\"206\">1,72 kW (2,3 CV) x2 (OLI)<\/td>\n<td class=\"kso16\" width=\"207\">1,5 kW (2,0 CV) x2 (OLI)<\/td>\n<td class=\"kso17\" width=\"208\">1,0 kW (1,35 CV) x2 (OLI)<\/td>\n<\/tr>\n<tr>\n<td class=\"kso18\" width=\"161\">Fuerza de salida<\/td>\n<td class=\"kso19\" width=\"192\">\u22648,5 G<\/td>\n<td class=\"kso20\" width=\"191\">\u22648,0 Gs<\/td>\n<td class=\"kso21\" width=\"206\">\u22647,5 Gs<\/td>\n<td class=\"kso22\" width=\"207\">\u22648,0 Gs<\/td>\n<td class=\"kso23\" width=\"208\">\u22647,0 Gs<\/td>\n<\/tr>\n<tr>\n<td class=\"kso24\" width=\"161\">Temperatura de funcionamiento<\/td>\n<td class=\"kso25\" width=\"192\">30\u00b0C (86\u00b0F)<\/td>\n<td class=\"kso26\" width=\"191\">30\u00b0C (86\u00b0F)<\/td>\n<td class=\"kso27\" width=\"206\">30\u00b0C (86\u00b0F)<\/td>\n<td class=\"kso28\" width=\"207\">30\u00b0C (86\u00b0F)<\/td>\n<td class=\"kso29\" width=\"208\">30\u00b0C (86\u00b0F)<\/td>\n<\/tr>\n<tr>\n<td class=\"kso30\" width=\"161\">Gama de dise\u00f1os<\/td>\n<td class=\"kso31\" width=\"192\">-40-50 \u00b0C (-40-122 \u00b0F)<\/td>\n<td class=\"kso32\" width=\"191\">-40-50 \u00b0C (-40-122 \u00b0F)<\/td>\n<td class=\"kso33\" width=\"206\">-40-50 \u00b0C (-40-122 \u00b0F)<\/td>\n<td class=\"kso34\" width=\"207\">-40-50 \u00b0C (-40-122 \u00b0F)<\/td>\n<td class=\"kso35\" width=\"208\">-40-50 \u00b0C (-40-122 \u00b0F)<\/td>\n<\/tr>\n<tr>\n<td class=\"kso36\" width=\"161\">Fecha de ruido<\/td>\n<td class=\"kso37\" width=\"192\">75-85 dBA<\/td>\n<td class=\"kso38\" width=\"191\">75-85 dBA<\/td>\n<td class=\"kso39\" width=\"206\">75-85 dBA<\/td>\n<td class=\"kso40\" width=\"207\">75-85 dBA<\/td>\n<td class=\"kso41\" width=\"208\">75-85 dBA<\/td>\n<\/tr>\n<tr>\n<td class=\"kso42\" width=\"161\">Ajuste de la cubierta<\/td>\n<td class=\"kso43\" width=\"192\">-1\u00b0~+5\u00b0<\/td>\n<td class=\"kso44\" width=\"191\">-1\u00b0~+5\u00b0<\/td>\n<td class=\"kso45\" width=\"206\">-1\u00b0~+5\u00b0<\/td>\n<td class=\"kso46\" width=\"207\">-1\u00b0~+5\u00b0<\/td>\n<td class=\"kso47\" width=\"208\">-1\u00b0~+3\u00b0<\/td>\n<\/tr>\n<tr>\n<td class=\"kso48\" width=\"161\">Material de la pantalla<\/td>\n<td class=\"kso49\" width=\"192\">Marco compuesto\/Marco de metal<\/td>\n<td class=\"kso50\" width=\"191\">Marco compuesto\/Marco de metal<\/td>\n<td class=\"kso51\" width=\"206\">Marco de metal<\/td>\n<td class=\"kso52\" width=\"207\">Acero inoxidable\/poliuretano<\/td>\n<td class=\"kso53\" width=\"208\">Marco de metal<\/td>\n<\/tr>\n<tr>\n<td class=\"kso54\" width=\"161\">Tama\u00f1o de la pantalla<\/td>\n<td class=\"kso55\" width=\"192\">585\u00d71165 mm<\/td>\n<td class=\"kso56\" width=\"191\">585\u00d71165 mm<\/td>\n<td class=\"kso57\" width=\"206\">700\u00d71250 mm<\/td>\n<td class=\"kso58\" width=\"207\">585\u00d71165 mm<\/td>\n<td class=\"kso59\" width=\"208\">850\u00d71250 mm<\/td>\n<\/tr>\n<tr>\n<td class=\"kso60\" width=\"161\">Cantidad de pantalla<\/td>\n<td class=\"kso61\" width=\"192\">4 piezas<\/td>\n<td class=\"kso62\" width=\"191\">3 piezas<\/td>\n<td class=\"kso63\" width=\"206\">3 piezas<\/td>\n<td class=\"kso64\" width=\"207\">3 piezas<\/td>\n<td class=\"kso65\" width=\"208\">2 piezas<\/td>\n<\/tr>\n<tr>\n<td class=\"kso66\" width=\"161\">\u00c1rea de filtrado<\/td>\n<td class=\"kso67\" width=\"192\">2,73 m\u00b2 (30 pies\u00b2)<\/td>\n<td class=\"kso68\" width=\"191\">2,1 m\u00b2 (23,5 pies\u00b2)<\/td>\n<td class=\"kso69\" width=\"206\">2,63 m\u00b2 (29,2 pies\u00b2)<\/td>\n<td class=\"kso70\" width=\"207\">2,1 m\u00b2 (29,2 pies\u00b2)<\/td>\n<td class=\"kso71\" width=\"208\">2,1 m\u00b2 (23,5 pies\u00b2)<\/td>\n<\/tr>\n<tr>\n<td class=\"kso72\" width=\"161\">Peso<\/td>\n<td class=\"kso73\" width=\"192\">1480 kg<\/td>\n<td class=\"kso74\" width=\"191\">1320 kilogramos<\/td>\n<td class=\"kso75\" width=\"206\">1400 kilogramos<\/td>\n<td class=\"kso76\" width=\"207\">1395 kilogramos<\/td>\n<td class=\"kso77\" width=\"208\">1250 kilogramos<\/td>\n<\/tr>\n<tr>\n<td class=\"kso78\" width=\"161\">Dimensi\u00f3n<\/td>\n<td class=\"kso79\" width=\"192\">2950x1690x1420<\/td>\n<td class=\"kso80\" width=\"191\">2370X1690X1420<\/td>\n<td class=\"kso81\" width=\"206\">2870x1772x1400<\/td>\n<td class=\"kso82\" width=\"207\">2370x1690x1420<\/td>\n<td class=\"kso83\" width=\"208\">2440x1772x1400<\/td>\n<\/tr>\n<tr>\n<td class=\"kso84\" width=\"161\">Voltaje<\/td>\n<td class=\"kso85\" colspan=\"5\" width=\"1006\">220-240 V\/50 Hz, 380-415 V\/50 Hz, 440-480 V\/60 Hz, 575-600 V\/60 Hz<\/td>\n<\/tr>\n<tr>\n<td class=\"kso90\" width=\"161\">Aprobaciones<\/td>\n<td class=\"kso91\" colspan=\"5\" width=\"1006\">UL\/ATEX\/BV\/IADC\/JAS-ANZ ISO 9001:2015\/CE<\/td>\n<\/tr>\n<tr>\n<td class=\"kso96\" width=\"161\">Observaci\u00f3n<\/td>\n<td class=\"kso97\" colspan=\"5\" width=\"1006\">Condiciones de prueba para estos par\u00e1metros: Densidad del lodo: 1,2 g\/cm3, Viscosidad del lodo: 45 s, Malla: 40<\/td>\n<\/tr>\n<\/tbody>\n<\/table>\n<\/div>\n<\/section>\n<\/div>\n<div class=\"flex_column av_one_full  flex_column_div av-zero-column-padding first  avia-builder-el-3  el_after_av_one_full  el_before_av_textblock  column-top-margin\">\n<section class=\"av_textblock_section\">\n<div class=\"avia_textblock\">\n<table border=\"0\" width=\"1165\" cellspacing=\"0\" cellpadding=\"0\">\n<tbody>\n<tr>\n<td class=\"kso0\" width=\"173\">Modelo<\/td>\n<td class=\"kso1\" width=\"176\">ABZS75-2P<\/td>\n<td class=\"kso2\" width=\"197\">ABZS206<\/td>\n<td class=\"kso3\" width=\"195\">ABZS208<\/td>\n<td class=\"kso4\" width=\"215\">ABZS102D<\/td>\n<td class=\"kso5\" width=\"206\">ABZS103D<\/td>\n<\/tr>\n<tr>\n<td class=\"kso6\" width=\"173\">Capacidad<\/td>\n<td class=\"kso7\" width=\"176\">\u226445 m3\/h (198 GPM)<\/td>\n<td class=\"kso8\" width=\"197\">\u2264120 m3\/h (660 GPM)<\/td>\n<td class=\"kso9\" width=\"195\">\u2264150 m3\/h (792 GPM)<\/td>\n<td class=\"kso10\" width=\"215\">\u226460-150 m3\/h (264-660 GPM)<\/td>\n<td class=\"kso11\" width=\"206\">\u2264120-300 m3\/h (528-1320 GPM)<\/td>\n<\/tr>\n<tr>\n<td class=\"kso12\" width=\"173\">Potencia nominal de los motores<\/td>\n<td class=\"kso13\" width=\"176\">0,45 kW (0,6 CV) x 2 (OLI)<\/td>\n<td class=\"kso14\" width=\"197\">1,72 kW (2,3 CV) x 2 (OLI)<\/td>\n<td class=\"kso15\" width=\"195\">1,94 kW (2,6 CV) x 2 (Martin)<\/td>\n<td class=\"kso16\" width=\"215\">0,75 kW (1 CV) x 2 (OLI)<\/td>\n<td class=\"kso17\" width=\"206\">1,5 kW (2,0 CV) x 2 (OLI)<\/td>\n<\/tr>\n<tr>\n<td class=\"kso18\" width=\"173\">Fuerza de salida<\/td>\n<td class=\"kso19\" width=\"176\">\u22647,0 Gs<\/td>\n<td class=\"kso20\" width=\"197\">\u22648,0 Gs<\/td>\n<td class=\"kso21\" width=\"195\">\u22648,5 Gs<\/td>\n<td class=\"kso22\" width=\"215\">\u22647,5 Gs<\/td>\n<td class=\"kso23\" width=\"206\">\u22648,0 Gs<\/td>\n<\/tr>\n<tr>\n<td class=\"kso24\" width=\"173\">Temperatura de funcionamiento<\/td>\n<td class=\"kso25\" width=\"176\">30\u00b0C (86\u00b0F)<\/td>\n<td class=\"kso26\" width=\"197\">30\u00b0C (86\u00b0F)<\/td>\n<td class=\"kso27\" width=\"195\">30\u00b0C (86\u00b0F)<\/td>\n<td class=\"kso28\" width=\"215\">30\u00b0C (86\u00b0F)<\/td>\n<td class=\"kso29\" width=\"206\">30\u00b0C (86\u00b0F)<\/td>\n<\/tr>\n<tr>\n<td class=\"kso30\" width=\"173\">Gama de dise\u00f1os<\/td>\n<td class=\"kso31\" width=\"176\">-40-50 \u00b0C (-40-122 \u00b0F)<\/td>\n<td class=\"kso32\" width=\"197\">-40-50 \u00b0C (-40-122 \u00b0F)<\/td>\n<td class=\"kso33\" width=\"195\">-40-50 \u00b0C (-40-122 \u00b0F)<\/td>\n<td class=\"kso34\" width=\"215\">-40-50 \u00b0C (-40-122 \u00b0F)<\/td>\n<td class=\"kso35\" width=\"206\">-40-50 \u00b0C (-40-122 \u00b0F)<\/td>\n<\/tr>\n<tr>\n<td class=\"kso36\" width=\"173\">Fecha de ruido<\/td>\n<td class=\"kso37\" width=\"176\">75-85 dBA<\/td>\n<td class=\"kso38\" width=\"197\">75-85 dBA<\/td>\n<td class=\"kso39\" width=\"195\">75-85 dBA<\/td>\n<td class=\"kso40\" width=\"215\">75-85 dBA<\/td>\n<td class=\"kso41\" width=\"206\">75-85 dBA<\/td>\n<\/tr>\n<tr>\n<td class=\"kso42\" width=\"173\">Ajuste de la cubierta<\/td>\n<td class=\"kso43\" width=\"176\">N \/ A<\/td>\n<td class=\"kso44\" width=\"197\">-1\u00b0~+5\u00b0<\/td>\n<td class=\"kso45\" width=\"195\">-1\u00b0~+5\u00b0<\/td>\n<td class=\"kso46\" width=\"215\">N \/ A<\/td>\n<td class=\"kso47\" width=\"206\">-1\u00b0~+5\u00b0<\/td>\n<\/tr>\n<tr>\n<td class=\"kso48\" width=\"173\">Material de la pantalla<\/td>\n<td class=\"kso49\" width=\"176\">Marco de metal<\/td>\n<td class=\"kso50\" width=\"197\">Marco compuesto\/Marco de metal<\/td>\n<td class=\"kso51\" width=\"195\">Marco compuesto\/Marco de metal<\/td>\n<td class=\"kso52\" width=\"215\">Acero inoxidable<\/td>\n<td class=\"kso53\" width=\"206\">Acero inoxidable<\/td>\n<\/tr>\n<tr>\n<td class=\"kso54\" width=\"173\">Tama\u00f1o de la pantalla<\/td>\n<td class=\"kso55\" width=\"176\">750\u00d7900 mm<\/td>\n<td class=\"kso56\" width=\"197\">585\u00d71165 mm<\/td>\n<td class=\"kso57\" width=\"195\">585\u00d71165 mm<\/td>\n<td class=\"kso58\" width=\"215\">750\u00d7900 mm<\/td>\n<td class=\"kso59\" width=\"206\">630\u00d71165 mm<\/td>\n<\/tr>\n<tr>\n<td class=\"kso60\" width=\"173\">Cantidad de pantalla<\/td>\n<td class=\"kso61\" width=\"176\">2 piezas<\/td>\n<td class=\"kso62\" width=\"197\">6 piezas (de dos pisos)<\/td>\n<td class=\"kso63\" width=\"195\">8 piezas (de dos pisos)<\/td>\n<td class=\"kso64\" width=\"215\">2 piezas<\/td>\n<td class=\"kso65\" width=\"206\">3 piezas<\/td>\n<\/tr>\n<tr>\n<td class=\"kso66\" width=\"173\">\u00c1rea de filtrado<\/td>\n<td class=\"kso67\" width=\"176\">1,35 m\u00b2 (15 pies\u00b2)<\/td>\n<td class=\"kso68\" width=\"197\">4,2 m\u00b2 (47,0 pies\u00b2)<\/td>\n<td class=\"kso69\" width=\"195\">5,46 m\u00b2 (58,4 pies\u00b2)<\/td>\n<td class=\"kso70\" width=\"215\">1,35 m\u00b2 (15 pies\u00b2)<\/td>\n<td class=\"kso71\" width=\"206\">2,2 m\u00b2 (24,6 pies\u00b2)<\/td>\n<\/tr>\n<tr>\n<td class=\"kso72\" width=\"173\">Peso<\/td>\n<td class=\"kso73\" width=\"176\">780 kilogramos<\/td>\n<td class=\"kso74\" width=\"197\">1800 kilogramos<\/td>\n<td class=\"kso75\" width=\"195\">2000 kilogramos<\/td>\n<td class=\"kso76\" width=\"215\">760 kilogramos<\/td>\n<td class=\"kso77\" width=\"206\">1600 kilogramos<\/td>\n<\/tr>\n<tr>\n<td class=\"kso78\" width=\"173\">Dimensi\u00f3n<\/td>\n<td class=\"kso79\" width=\"176\">1970x1326x996<\/td>\n<td class=\"kso80\" width=\"197\">2370x1700x1500<\/td>\n<td class=\"kso81\" width=\"195\">2950x1690x1500<\/td>\n<td class=\"kso82\" width=\"215\">1650x1430x1040<\/td>\n<td class=\"kso83\" width=\"206\">2027X1685X1611<\/td>\n<\/tr>\n<tr>\n<td class=\"kso84\" width=\"173\">Voltaje<\/td>\n<td class=\"kso85\" colspan=\"5\" width=\"991\">220-240 V\/50 Hz, 380-415 V\/50 Hz, 440-480 V\/60 Hz, 575-600 V\/60 Hz<\/td>\n<\/tr>\n<tr>\n<td class=\"kso90\" width=\"173\">Aprobaciones<\/td>\n<td class=\"kso91\" colspan=\"5\" width=\"991\">UL\/ATEX\/BV\/IADC\/JAS-ANZ ISO 9001:2015\/CE<\/td>\n<\/tr>\n<tr>\n<td class=\"kso96\" width=\"173\">Observaci\u00f3n<\/td>\n<td class=\"kso97\" colspan=\"5\" width=\"991\">Condiciones de prueba para estos par\u00e1metros: Densidad del lodo: 1,2 g\/cm3, Viscosidad del lodo: 45 s, Malla: 40<\/td>\n<\/tr>\n<\/tbody>\n<\/table>\n<\/div>\n<\/section>\n<\/div>\n<section class=\"av_textblock_section\">\n<div class=\"avia_textblock\">\n<h2>VIBRADORA DE ESQUISTO DE SOLIDS CONTROL WORLD<\/h2>\n<p>Una zaranda vibratoria es un componente importante del equipo de perforaci\u00f3n. Generalmente, consiste en una criba m\u00f3vil que separa las part\u00edculas s\u00f3lidas del lodo y el carb\u00f3n. Las zarandas vibratorias se utilizan ampliamente en las industrias de perforaci\u00f3n a gran escala. En resumen, una zaranda vibratoria se utiliza para filtrar el fluido de perforaci\u00f3n de diferentes tipos de lodos y otros materiales s\u00f3lidos.<\/p>\n<p>Hoy vamos a hablar sobre los agitadores de esquisto del mundo del control de s\u00f3lidos y c\u00f3mo puedes usarlos para mejorar tu experiencia de perforaci\u00f3n.<\/p>\n<h2>CARACTER\u00cdSTICAS DEL SHALE SHAKER<\/h2>\n<p>Las zarandas vibratorias presentan numerosas caracter\u00edsticas importantes en el \u00e1mbito del control de s\u00f3lidos. Algunas de ellas se mencionan a continuaci\u00f3n.<\/p>\n<h3>Capacidad suficiente<\/h3>\n<p>Esta zaranda vibratoria est\u00e1 disponible en diferentes modelos, cada uno con su propia capacidad. Normalmente, estas capacidades oscilan entre 198 y 660 galones por minuto (GPM).<\/p>\n<h3>Manejo de peso<\/h3>\n<p>Esta zaranda vibratoria puede soportar pesos de perforaci\u00f3n extremos, de entre 760 y 2000 kg. Esto la hace ideal para manejar procesos de perforaci\u00f3n de gran volumen con mayor eficiencia.<\/p>\n<h3>Fuerza de salida<\/h3>\n<p>Este agitador de lutitas tiene diferentes tipos de fuerzas de salida que dependen de los distintos modelos disponibles. Estas fuerzas de salida var\u00edan entre \u22647,0 y \u22648,5 Gs.<\/p>\n<h3>Beneficios del agitador de esquisto<\/h3>\n<p>Las zarandas vibratorias ofrecen numerosas ventajas en el control de s\u00f3lidos. Algunas de las m\u00e1s importantes se enumeran a continuaci\u00f3n.<\/p>\n<h3>Durable<\/h3>\n<p>La malla de estas zarandas vibratorias est\u00e1 hecha de metal y acero, lo que las hace resistentes y duraderas. Gracias a su extrema durabilidad, los usuarios pueden extraer m\u00e1s fluido de perforaci\u00f3n a la vez.<\/p>\n<h3>\u00a0Vers\u00e1til<\/h3>\n<p>Este agitador de pizarra est\u00e1 disponible en varios modelos, cada uno con su propia configuraci\u00f3n de ajuste de la plataforma. Estos ajustes var\u00edan de -1\u00b0 a +3\u00b0 a -1\u00b0 a +5\u00b0. Esto ofrece versatilidad y permite al usuario ajustar la plataforma seg\u00fan sus preferencias y comodidad.<\/p>\n<h3>Filtrado preciso<\/h3>\n<p>Esta zaranda vibratoria ofrece diversos tipos de \u00e1reas de filtrado, con un valor que var\u00eda entre 1,35 m\u00b2 (15 pies\u00b2) y 2,73 m\u00b2 (30 pies\u00b2). Estas \u00e1reas de filtrado garantizan una filtraci\u00f3n precisa del fluido de perforaci\u00f3n. Tambi\u00e9n garantizan un corte mucho m\u00e1s fino y eficaz.<\/p>\n<h3>Ajuste perfecto<\/h3>\n<p>Esta zaranda vibratoria cuenta con diferentes tama\u00f1os de malla, desde 585 x 1165 mm hasta 850 x 1250 mm. Estas dimensiones de malla la hacen ideal para su instalaci\u00f3n en diferentes modelos de zarandas vibratorias.<\/p>\n<h3>Conclusi\u00f3n<\/h3>\n<p>Si desea mejorar su experiencia en la perforaci\u00f3n de petr\u00f3leo, carb\u00f3n y gas, aseg\u00farese de revisar el agitador de esquisto del mundo del control de s\u00f3lidos.<\/p>\n<p>Tambi\u00e9n echa un vistazo\u00a0<a href=\"https:\/\/solidscontrolworld.com\/es\/desarenado\/\">Desazolve<\/a>\u00a0de nuestra tienda.<\/p>\n<\/div>\n<\/section>","protected":false},"excerpt":{"rendered":"<h3 class=\"widgettitle\">OFICINA<\/h3>\n<div class=\"textwidget\">\n<p><strong>DIRECCI\u00d3N:<\/strong><\/p>\n<p>Habitaci\u00f3n 1924, Bloque D, Plaza Wanda, ciudad de Tangshan, China.<\/p>\n<p><strong>Contacto<\/strong><\/p>\n<p>info@solidscontrolworld.com<\/p>\n<p><strong>Tel\u00e9fono:<\/strong><\/p>\n<p>+86-18034158133<\/p>\n<p><strong>Fax:<\/strong><\/p>\n<p>+86-315-7651760<\/p>\n<p>Sitio web: www.solidscontrolworld.com<\/p>\n<p><strong>Horario de apertura:<\/strong><br \/>\nLunes a viernes: 8:00-17:30<\/p>\n<\/div>","protected":false},"featured_media":1388,"comment_status":"open","ping_status":"closed","template":"","meta":{"_seopress_robots_primary_cat":"","_seopress_titles_title":"","_seopress_titles_desc":"","_seopress_robots_index":""},"product_brand":[],"product_cat":[57],"product_tag":[],"class_list":{"0":"post-1387","1":"product","2":"type-product","3":"status-publish","4":"has-post-thumbnail","6":"product_cat-solids-control-equipments","8":"first","9":"instock","10":"shipping-taxable","11":"product-type-simple"},"yoast_head":"<!-- This site is optimized with the Yoast SEO plugin v25.1 - https:\/\/yoast.com\/wordpress\/plugins\/seo\/ -->\n<title>Shale shaker - Solids Control World<\/title>\n<meta name=\"robots\" content=\"index, follow, max-snippet:-1, max-image-preview:large, max-video-preview:-1\" \/>\n<link rel=\"canonical\" href=\"https:\/\/solidscontrolworld.com\/es\/product\/agitador-de-esquisto\/\" \/>\n<meta property=\"og:locale\" content=\"es_MX\" \/>\n<meta property=\"og:type\" content=\"article\" \/>\n<meta property=\"og:title\" content=\"Shale shaker - Solids Control World\" \/>\n<meta property=\"og:description\" content=\"OFFICE   Address:  Room 1924 ,Block D ,Wanda plaza, Tangshan city,\u00a0 China.  Contact  info@solidscontrolworld.com  Tel:  +86-18034158133  Fax:  +86-315-7651760  Website:www.solidscontrolworld.com  Opening Hours: Mon-Fri: 8:00-17:30\" \/>\n<meta property=\"og:url\" content=\"https:\/\/solidscontrolworld.com\/es\/product\/agitador-de-esquisto\/\" \/>\n<meta property=\"og:site_name\" content=\"Solids Control World\" \/>\n<meta property=\"article:modified_time\" content=\"2021-05-05T13:41:19+00:00\" \/>\n<meta property=\"og:image\" content=\"https:\/\/solidscontrolworld.com\/wp-content\/uploads\/2021\/05\/shale-shaker-300x300-1.jpg\" \/>\n\t<meta property=\"og:image:width\" content=\"300\" \/>\n\t<meta property=\"og:image:height\" content=\"300\" \/>\n\t<meta property=\"og:image:type\" content=\"image\/jpeg\" \/>\n<meta name=\"twitter:card\" content=\"summary_large_image\" \/>\n<meta name=\"twitter:label1\" content=\"Tiempo de lectura\" \/>\n\t<meta name=\"twitter:data1\" content=\"4 minutos\" \/>\n<!-- \/ Yoast SEO plugin. -->","yoast_head_json":{"title":"Vibrador de lutitas - Solids Control World","robots":{"index":"index","follow":"follow","max-snippet":"max-snippet:-1","max-image-preview":"max-image-preview:large","max-video-preview":"max-video-preview:-1"},"canonical":"https:\/\/solidscontrolworld.com\/es\/product\/agitador-de-esquisto\/","og_locale":"es_MX","og_type":"article","og_title":"Shale shaker - Solids Control World","og_description":"OFFICE   Address:  Room 1924 ,Block D ,Wanda plaza, Tangshan city,\u00a0 China.  Contact  info@solidscontrolworld.com  Tel:  +86-18034158133  Fax:  +86-315-7651760  Website:www.solidscontrolworld.com  Opening Hours: Mon-Fri: 8:00-17:30","og_url":"https:\/\/solidscontrolworld.com\/es\/product\/agitador-de-esquisto\/","og_site_name":"Solids Control World","article_modified_time":"2021-05-05T13:41:19+00:00","og_image":[{"width":300,"height":300,"url":"https:\/\/solidscontrolworld.com\/wp-content\/uploads\/2021\/05\/shale-shaker-300x300-1.jpg","type":"image\/jpeg"}],"twitter_card":"summary_large_image","twitter_misc":{"Tiempo de lectura":"4 minutos"},"schema":{"@context":"https:\/\/schema.org","@graph":[{"@type":"WebPage","@id":"https:\/\/solidscontrolworld.com\/product\/shale-shaker\/","url":"https:\/\/solidscontrolworld.com\/product\/shale-shaker\/","name":"Vibrador de lutitas - Solids Control World","isPartOf":{"@id":"https:\/\/solidscontrolworld.com\/#website"},"primaryImageOfPage":{"@id":"https:\/\/solidscontrolworld.com\/product\/shale-shaker\/#primaryimage"},"image":{"@id":"https:\/\/solidscontrolworld.com\/product\/shale-shaker\/#primaryimage"},"thumbnailUrl":"https:\/\/solidscontrolworld.com\/wp-content\/uploads\/2021\/05\/shale-shaker-300x300-1.jpg","datePublished":"2021-05-05T13:41:18+00:00","dateModified":"2021-05-05T13:41:19+00:00","breadcrumb":{"@id":"https:\/\/solidscontrolworld.com\/product\/shale-shaker\/#breadcrumb"},"inLanguage":"es","potentialAction":[{"@type":"ReadAction","target":["https:\/\/solidscontrolworld.com\/product\/shale-shaker\/"]}]},{"@type":"ImageObject","inLanguage":"es","@id":"https:\/\/solidscontrolworld.com\/product\/shale-shaker\/#primaryimage","url":"https:\/\/solidscontrolworld.com\/wp-content\/uploads\/2021\/05\/shale-shaker-300x300-1.jpg","contentUrl":"https:\/\/solidscontrolworld.com\/wp-content\/uploads\/2021\/05\/shale-shaker-300x300-1.jpg","width":300,"height":300,"caption":"solids control equipment manufacturer"},{"@type":"BreadcrumbList","@id":"https:\/\/solidscontrolworld.com\/product\/shale-shaker\/#breadcrumb","itemListElement":[{"@type":"ListItem","position":1,"name":"Home","item":"https:\/\/solidscontrolworld.com\/"},{"@type":"ListItem","position":2,"name":"Products","item":"https:\/\/solidscontrolworld.com\/shop\/"},{"@type":"ListItem","position":3,"name":"Shale shaker"}]},{"@type":"WebSite","@id":"https:\/\/solidscontrolworld.com\/#website","url":"https:\/\/solidscontrolworld.com\/","name":"Mundo de control de s\u00f3lidos","description":"","publisher":{"@id":"https:\/\/solidscontrolworld.com\/#\/schema\/person\/2c126362537c0f0e6d4a8dfba9fc68b0"},"potentialAction":[{"@type":"SearchAction","target":{"@type":"EntryPoint","urlTemplate":"https:\/\/solidscontrolworld.com\/?s={search_term_string}"},"query-input":{"@type":"PropertyValueSpecification","valueRequired":true,"valueName":"search_term_string"}}],"inLanguage":"es"},{"@type":["Person","Organization"],"@id":"https:\/\/solidscontrolworld.com\/#\/schema\/person\/2c126362537c0f0e6d4a8dfba9fc68b0","name":"mundodecontroldes\u00f3lidos","logo":{"@id":"https:\/\/solidscontrolworld.com\/#\/schema\/person\/image\/"},"sameAs":["https:\/\/solidscontrolworld.com"]}]}},"_links":{"self":[{"href":"https:\/\/solidscontrolworld.com\/es\/wp-json\/wp\/v2\/product\/1387","targetHints":{"allow":["GET"]}}],"collection":[{"href":"https:\/\/solidscontrolworld.com\/es\/wp-json\/wp\/v2\/product"}],"about":[{"href":"https:\/\/solidscontrolworld.com\/es\/wp-json\/wp\/v2\/types\/product"}],"replies":[{"embeddable":true,"href":"https:\/\/solidscontrolworld.com\/es\/wp-json\/wp\/v2\/comments?post=1387"}],"version-history":[{"count":0,"href":"https:\/\/solidscontrolworld.com\/es\/wp-json\/wp\/v2\/product\/1387\/revisions"}],"wp:featuredmedia":[{"embeddable":true,"href":"https:\/\/solidscontrolworld.com\/es\/wp-json\/wp\/v2\/media\/1388"}],"wp:attachment":[{"href":"https:\/\/solidscontrolworld.com\/es\/wp-json\/wp\/v2\/media?parent=1387"}],"wp:term":[{"taxonomy":"product_brand","embeddable":true,"href":"https:\/\/solidscontrolworld.com\/es\/wp-json\/wp\/v2\/product_brand?post=1387"},{"taxonomy":"product_cat","embeddable":true,"href":"https:\/\/solidscontrolworld.com\/es\/wp-json\/wp\/v2\/product_cat?post=1387"},{"taxonomy":"product_tag","embeddable":true,"href":"https:\/\/solidscontrolworld.com\/es\/wp-json\/wp\/v2\/product_tag?post=1387"}],"curies":[{"name":"wp","href":"https:\/\/api.w.org\/{rel}","templated":true}]}}