{"id":1394,"date":"2021-05-05T13:54:01","date_gmt":"2021-05-05T13:54:01","guid":{"rendered":"https:\/\/solidscontrolworld.com\/?post_type=product&#038;p=1394"},"modified":"2024-10-24T13:58:43","modified_gmt":"2024-10-24T13:58:43","slug":"limpiador-de-lodo","status":"publish","type":"product","link":"https:\/\/solidscontrolworld.com\/es\/product\/limpiador-de-lodo\/","title":{"rendered":"Limpiador de lodo"},"content":{"rendered":"<div class=\"flex_column av_one_full flex_column_div av-zero-column-padding first avia-builder-el-3 el_after_av_one_full el_before_av_textblock column-top-margin\">\n<section class=\"av_textblock_section\">\n<div class=\"avia_textblock\">\n<table border=\"0\" width=\"1037\" cellspacing=\"0\" cellpadding=\"0\">\n<tbody>\n<tr>\n<td class=\"kso0\" width=\"239\">Modelo<\/td>\n<td class=\"kso1\" width=\"181\">ABZJ85-1S8N<\/td>\n<td class=\"kso2\" width=\"205\">ABZJ70-3S16N<\/td>\n<td class=\"kso3\" width=\"205\">ABZJ70-3S<\/td>\n<td class=\"kso4\" width=\"205\">ABZJ70-16N<\/td>\n<\/tr>\n<tr>\n<td class=\"kso5\" width=\"239\">Capacidad<\/td>\n<td class=\"kso6\" width=\"181\">120 m3\/h (528 GPM)<\/td>\n<td class=\"kso7\" width=\"205\">\u2264360 m3\/h (1584 GPM)<\/td>\n<td class=\"kso8\" width=\"205\">\u2264360 m3\/h (1584 GPM)<\/td>\n<td class=\"kso9\" width=\"205\">\u2264360 m3\/h (1584 GPM)<\/td>\n<\/tr>\n<tr>\n<td class=\"kso10\" width=\"239\">Coctelera a juego<\/td>\n<td class=\"kso11\" width=\"181\">BWZS85-2P<\/td>\n<td class=\"kso12\" width=\"205\">BWZS70-3P<\/td>\n<td class=\"kso13\" width=\"205\">BWZS70-3P<\/td>\n<td class=\"kso14\" width=\"205\">BWZS70-3P<\/td>\n<\/tr>\n<tr>\n<td class=\"kso15\" width=\"239\">Hidraciclones D-SANDER<\/td>\n<td class=\"kso16\" width=\"181\">1\u00d710\u2032 (250 mm)<\/td>\n<td class=\"kso17\" width=\"205\">3\u00d710\u2033 (250 mm)<\/td>\n<td class=\"kso18\" width=\"205\">3\u00d710\u2033 (250 mm)<\/td>\n<td class=\"kso19\" width=\"205\">N \/ A<\/td>\n<\/tr>\n<tr>\n<td class=\"kso20\" width=\"239\">Ciclones hidra D-SILTER<\/td>\n<td class=\"kso21\" width=\"181\">8\u00d74\u2033(100 mm)<\/td>\n<td class=\"kso22\" width=\"205\">16\u00d74\u2033 (100 mm)<\/td>\n<td class=\"kso23\" width=\"205\">N \/ A<\/td>\n<td class=\"kso24\" width=\"205\">16\u00d74\u2033 (100 mm)<\/td>\n<\/tr>\n<tr>\n<td class=\"kso25\" width=\"239\">Bomba a juego<\/td>\n<td class=\"kso26\" width=\"181\">30 kW (40 CV)<\/td>\n<td class=\"kso27\" width=\"205\">75 kW (100 CV)<\/td>\n<td class=\"kso28\" width=\"205\">75 kW (100 CV)<\/td>\n<td class=\"kso29\" width=\"205\">75 kW (100 CV)<\/td>\n<\/tr>\n<tr>\n<td class=\"kso30\" width=\"239\">Motores clasificados<\/td>\n<td class=\"kso31\" width=\"181\">1,0 kW (1,35 CV)<\/td>\n<td class=\"kso32\" width=\"205\">1,5 kW (2,0 CV)<\/td>\n<td class=\"kso33\" width=\"205\">1,5 kW (2,0 CV)<\/td>\n<td class=\"kso34\" width=\"205\">1,5 kW (2,0 CV)<\/td>\n<\/tr>\n<tr>\n<td class=\"kso35\" width=\"239\">Producci\u00f3n<\/td>\n<td class=\"kso36\" width=\"181\">x2 (OLI)<\/td>\n<td class=\"kso37\" width=\"205\">x2 (OLI)<\/td>\n<td class=\"kso38\" width=\"205\">x2(OLI )<\/td>\n<td class=\"kso39\" width=\"205\">x2 (OLI)<\/td>\n<\/tr>\n<tr>\n<td class=\"kso40\" width=\"239\">Fuerza de salida<\/td>\n<td class=\"kso41\" width=\"181\">\u22647,0 Gs<\/td>\n<td class=\"kso42\" width=\"205\">\u22647,5 Gs<\/td>\n<td class=\"kso43\" width=\"205\">\u22647,5 Gs<\/td>\n<td class=\"kso44\" width=\"205\">\u22647,5 Gs<\/td>\n<\/tr>\n<tr>\n<td class=\"kso45\" width=\"239\">Temperatura de funcionamiento<\/td>\n<td class=\"kso46\" width=\"181\">30\u00b0C (86\u00b0F)<\/td>\n<td class=\"kso47\" width=\"205\">30\u00b0C (86\u00b0F)<\/td>\n<td class=\"kso48\" width=\"205\">30\u00b0C (86\u00b0F)<\/td>\n<td class=\"kso49\" width=\"205\">30\u00b0C (86\u00b0F)<\/td>\n<\/tr>\n<tr>\n<td class=\"kso50\" rowspan=\"2\" width=\"239\" height=\"39\">Gama de dise\u00f1os<\/td>\n<td class=\"kso51\" width=\"181\">-40-50\u2103<\/td>\n<td class=\"kso52\" width=\"205\">-40-50\u2103<\/td>\n<td class=\"kso53\" width=\"205\">-40-50\u2103<\/td>\n<td class=\"kso54\" width=\"205\">-40-50\u2103<\/td>\n<\/tr>\n<tr>\n<td class=\"kso56\" width=\"181\">(-40-122 \u00b0F)<\/td>\n<td class=\"kso57\" width=\"205\">(-40-122 \u00b0F)<\/td>\n<td class=\"kso58\" width=\"205\">(-40-122 \u00b0F)<\/td>\n<td class=\"kso59\" width=\"205\">(-40-122 \u00b0F)<\/td>\n<\/tr>\n<tr>\n<td class=\"kso60\" width=\"239\">Fecha de ruido<\/td>\n<td class=\"kso61\" width=\"181\">75-85 dBA<\/td>\n<td class=\"kso62\" width=\"205\">75-85 dBA<\/td>\n<td class=\"kso63\" width=\"205\">75-85 dBA<\/td>\n<td class=\"kso64\" width=\"205\">75-85 dBA<\/td>\n<\/tr>\n<tr>\n<td class=\"kso65\" width=\"239\">Ajuste de la cubierta<\/td>\n<td class=\"kso66\" width=\"181\">-1\u00b0-+3\u00b0<\/td>\n<td class=\"kso67\" width=\"205\">-1\u00b0-+5\u00b0<\/td>\n<td class=\"kso68\" width=\"205\">-1\u00b0-+5\u00b0<\/td>\n<td class=\"kso69\" width=\"205\">-1\u00b0-+5\u00b0<\/td>\n<\/tr>\n<tr>\n<td class=\"kso70\" width=\"239\">Material de la pantalla<\/td>\n<td class=\"kso71\" width=\"181\">Marco de metal<\/td>\n<td class=\"kso72\" width=\"205\">Marco de metal<\/td>\n<td class=\"kso73\" width=\"205\">Marco de metal<\/td>\n<td class=\"kso74\" width=\"205\">Marco de metal<\/td>\n<\/tr>\n<tr>\n<td class=\"kso75\" width=\"239\">Tama\u00f1o de la pantalla<\/td>\n<td class=\"kso76\" width=\"181\">850\u00d71250 mm<\/td>\n<td class=\"kso77\" width=\"205\">700\u00d71250 mm<\/td>\n<td class=\"kso78\" width=\"205\">700\u00d71250 mm<\/td>\n<td class=\"kso79\" width=\"205\">700\u00d71250 mm<\/td>\n<\/tr>\n<tr>\n<td class=\"kso80\" width=\"239\">Cantidad de pantalla<\/td>\n<td class=\"kso81\" width=\"181\">2 piezas<\/td>\n<td class=\"kso82\" width=\"205\">3 piezas<\/td>\n<td class=\"kso83\" width=\"205\">3 piezas<\/td>\n<td class=\"kso84\" width=\"205\">3 piezas<\/td>\n<\/tr>\n<tr>\n<td class=\"kso85\" width=\"239\">\u00c1rea de filtrado<\/td>\n<td class=\"kso86\" width=\"181\">2,1 m\u00b2 (23,5 pies\u00b2)<\/td>\n<td class=\"kso87\" width=\"205\">2,62 m\u00b2 (29,2 pies\u00b2)<\/td>\n<td class=\"kso88\" width=\"205\">2,62 m\u00b2 (29,2 pies\u00b2)<\/td>\n<td class=\"kso89\" width=\"205\">2,62 m\u00b2 (29,2 pies\u00b2)<\/td>\n<\/tr>\n<tr>\n<td class=\"kso90\" width=\"239\">Malla de pantalla<\/td>\n<td class=\"kso91\" width=\"181\">API 120\/150\/175<\/td>\n<td class=\"kso92\" width=\"205\">API 120\/150\/175<\/td>\n<td class=\"kso93\" width=\"205\">API 120\/150\/175<\/td>\n<td class=\"kso94\" width=\"205\">API 120\/175\/200<\/td>\n<\/tr>\n<tr>\n<td class=\"kso95\" width=\"239\">Peso<\/td>\n<td class=\"kso96\" width=\"181\">1580 kilogramos<\/td>\n<td class=\"kso97\" width=\"205\">2230 kilogramos<\/td>\n<td class=\"kso98\" width=\"205\">2300 kilos<\/td>\n<td class=\"kso99\" width=\"205\">2260 kilogramos<\/td>\n<\/tr>\n<tr>\n<td class=\"kso100\" width=\"239\">Dimensi\u00f3n<\/td>\n<td class=\"kso101\" width=\"181\">1975x1884x1585<\/td>\n<td class=\"kso102\" width=\"205\">2403x1965x2240<\/td>\n<td class=\"kso103\" width=\"205\">2540x1950x2250<\/td>\n<td class=\"kso104\" width=\"205\">2540x1950x2000<\/td>\n<\/tr>\n<tr>\n<td class=\"kso105\" width=\"239\">Voltaje<\/td>\n<td class=\"kso106\" colspan=\"4\" width=\"797\">220-240 V\/50 Hz, 380-415 V\/50 Hz, 440-480 V\/60 Hz, 575-600 V\/60 Hz<\/td>\n<\/tr>\n<tr>\n<td class=\"kso110\" width=\"239\">Aprobaciones<\/td>\n<td class=\"kso111\" colspan=\"4\" width=\"797\">UL\/ATEX\/BV\/IADC\/JAS-ANZ ISO 9001:2015\/CE<\/td>\n<\/tr>\n<tr>\n<td class=\"kso115\" width=\"239\">Observaci\u00f3n<\/td>\n<td class=\"kso116\" colspan=\"4\" width=\"797\">Lijadora hidrac\u00edclica D-SANDER de 10\u2033: 90-120 m\u00b3\/h (396-528 GPM) Lijadora hidrac\u00edclica D-SILTER de 4\u2033: 15-20 m\u00b3\/h (66-88 GPM)<\/td>\n<\/tr>\n<\/tbody>\n<\/table>\n<\/div>\n<\/section>\n<\/div>\n<section class=\"av_textblock_section\">\n<div class=\"avia_textblock\">\n<h2>LIMPIADOR DE LODO DE SOLIDS CONTROL WORLD<\/h2>\n<p>Un limpiador de lodos es un dispositivo vers\u00e1til que se utiliza para separar s\u00f3lidos de gran tama\u00f1o y otros materiales de lodo del lodo de perforaci\u00f3n. En este art\u00edculo, hablaremos sobre el limpiador de lodos de Solids Control World.<\/p>\n<h2>CARACTER\u00cdSTICAS DEL LIMPIADOR DE LODO<\/h2>\n<p>El Limpiador de Lodo de Solids Control World cuenta con numerosas caracter\u00edsticas. Algunas de las m\u00e1s importantes se destacan a continuaci\u00f3n.<\/p>\n<h3>Gama de dise\u00f1o eficiente<\/h3>\n<p>Este limpiador de lodo est\u00e1 disponible en diferentes rangos de dise\u00f1o. Normalmente, estos rangos se encuentran entre -40 y 50 \u00b0C. Estos rangos hacen que este limpiador de lodo sea m\u00e1s eficiente y ofrece versatilidad en cualquier situaci\u00f3n.<\/p>\n<h3>\u00a0Confiable<\/h3>\n<p>Los motores de este limpiador de lodos cuentan con la marca y la aprobaci\u00f3n de UL\/ATEX\/BV\/IADC\/JAS-ANZ. Las aprobaciones y certificaciones de empresas de marca como estas hacen de este limpiador de lodos una opci\u00f3n confiable.<\/p>\n<h3>\u00a0Tama\u00f1o de malla adecuado<\/h3>\n<p>Este limpiador de lodos est\u00e1 disponible en diversos modelos, cada uno con su propio tama\u00f1o de malla. Estos tama\u00f1os van desde API 120\/150\/175 hasta API 120\/175\/200. Esta es una de las caracter\u00edsticas m\u00e1s importantes de este limpiador de lodos, ya que permite tama\u00f1os de malla mucho m\u00e1s finos y precisos. Adem\u00e1s, este n\u00famero de mallas ayuda a evitar la expansi\u00f3n redundante y la rotura de la malla. Estos tama\u00f1os de malla tambi\u00e9n permiten que el proceso de perforaci\u00f3n y filtrado de lodos se realice de forma m\u00e1s eficaz y eficiente.<\/p>\n<h2>BENEFICIOS DEL LIMPIADOR DE LODO<\/h2>\n<p>Hay numerosos beneficios de este limpiador de Solids Control World, de los cuales algunos de los m\u00e1s efectivos se enumeran a continuaci\u00f3n.<\/p>\n<h3>Menos ruido<\/h3>\n<p>El nivel de ruido de este limpiador oscila entre 75 y 85 dBA. Esta propiedad le permite perforar, mezclar y filtrar el fluido de perforaci\u00f3n silenciosamente. Gracias a esto, el proceso se realiza c\u00f3modamente sin da\u00f1ar ni perturbar el medio ambiente.<\/p>\n<h3>\u00a0Rango de temperatura de funcionamiento perfecto<\/h3>\n<p>Este limpiador opera a una temperatura de 30 \u00b0C (86 \u00b0F). Esto lo hace seguro y conveniente. Adem\u00e1s, esta temperatura se puede alcanzar sin problemas en cualquier entorno. Por lo tanto, al usar este limpiador, el proceso de perforaci\u00f3n con lodo no se retrasa.<\/p>\n<h3>\u00a0Bomba a juego<\/h3>\n<p>Este limpiador est\u00e1 disponible en diferentes modelos, y cada uno incluye su bomba correspondiente. Esto permite una limpieza m\u00e1s r\u00e1pida, eficiente y c\u00f3moda.<\/p>\n<h3>Conclusi\u00f3n<\/h3>\n<p>Si busca comodidad y practicidad en su proceso de limpieza, perforaci\u00f3n y filtrado de lodo, aseg\u00farese de consultar el proceso de limpieza de lodo de Solids Control World. Consulte tambi\u00e9n\u00a0<a href=\"https:\/\/solidscontrolworld.com\/es\/desarenador\/\">Desarenador<\/a>\u00a0de nuestra tienda.<\/p>\n<\/div>\n<\/section>","protected":false},"excerpt":{"rendered":"<section id=\"text-2\" class=\"widget clearfix widget_text\">\n<h3 class=\"widgettitle\">OFICINA<\/h3>\n<div class=\"textwidget\">\n<p><strong>DIRECCI\u00d3N:<\/strong><\/p>\n<p>Habitaci\u00f3n 1924, Bloque D, Plaza Wanda, ciudad de Tangshan, China.<\/p>\n<p><strong>Contacto<\/strong><\/p>\n<p>info@solidscontrolworld.com<\/p>\n<p><strong>Tel\u00e9fono:<\/strong><\/p>\n<p>+86-18034158133<\/p>\n<p><strong>Fax:<\/strong><\/p>\n<p>+86-315-7651760<\/p>\n<p>Sitio web: www.solidscontrolworld.com<\/p>\n<p><strong>Horario de apertura:<\/strong><br \/>\nLunes a viernes: 8:00-17:30<\/p>\n<\/div>\n<\/section>","protected":false},"featured_media":1395,"comment_status":"open","ping_status":"closed","template":"","meta":{"_seopress_robots_primary_cat":"none","_seopress_titles_title":"","_seopress_titles_desc":"","_seopress_robots_index":""},"product_brand":[],"product_cat":[57],"product_tag":[],"class_list":{"0":"post-1394","1":"product","2":"type-product","3":"status-publish","4":"has-post-thumbnail","6":"product_cat-solids-control-equipments","8":"first","9":"instock","10":"shipping-taxable","11":"product-type-simple"},"yoast_head":"<!-- This site is optimized with the Yoast SEO plugin v25.1 - https:\/\/yoast.com\/wordpress\/plugins\/seo\/ -->\n<title>Mud cleaner - Solids Control World<\/title>\n<meta name=\"robots\" content=\"index, follow, max-snippet:-1, max-image-preview:large, max-video-preview:-1\" \/>\n<link rel=\"canonical\" href=\"https:\/\/solidscontrolworld.com\/es\/product\/limpiador-de-lodo\/\" \/>\n<meta property=\"og:locale\" content=\"es_MX\" \/>\n<meta property=\"og:type\" content=\"article\" \/>\n<meta property=\"og:title\" content=\"Mud cleaner - Solids Control World\" \/>\n<meta property=\"og:description\" content=\"OFFICE   Address:  Room 1924 ,Block D ,Wanda plaza, Tangshan city,\u00a0 China.  Contact  info@solidscontrolworld.com  Tel:  +86-18034158133  Fax:  +86-315-7651760  Website:www.solidscontrolworld.com  Opening Hours: Mon-Fri: 8:00-17:30\" \/>\n<meta property=\"og:url\" content=\"https:\/\/solidscontrolworld.com\/es\/product\/limpiador-de-lodo\/\" \/>\n<meta property=\"og:site_name\" content=\"Solids Control World\" \/>\n<meta property=\"article:modified_time\" content=\"2024-10-24T13:58:43+00:00\" \/>\n<meta property=\"og:image\" content=\"https:\/\/solidscontrolworld.com\/wp-content\/uploads\/2021\/05\/\u7a3f\u5b9a\u8bbe\u8ba1-17-1.png\" \/>\n\t<meta property=\"og:image:width\" content=\"292\" \/>\n\t<meta property=\"og:image:height\" content=\"200\" \/>\n\t<meta property=\"og:image:type\" content=\"image\/png\" \/>\n<meta name=\"twitter:card\" content=\"summary_large_image\" \/>\n<meta name=\"twitter:label1\" content=\"Tiempo de lectura\" \/>\n\t<meta name=\"twitter:data1\" content=\"3 minutos\" \/>\n<!-- \/ Yoast SEO plugin. -->","yoast_head_json":{"title":"Limpiador de lodos - Solids Control World","robots":{"index":"index","follow":"follow","max-snippet":"max-snippet:-1","max-image-preview":"max-image-preview:large","max-video-preview":"max-video-preview:-1"},"canonical":"https:\/\/solidscontrolworld.com\/es\/product\/limpiador-de-lodo\/","og_locale":"es_MX","og_type":"article","og_title":"Mud cleaner - Solids Control World","og_description":"OFFICE   Address:  Room 1924 ,Block D ,Wanda plaza, Tangshan city,\u00a0 China.  Contact  info@solidscontrolworld.com  Tel:  +86-18034158133  Fax:  +86-315-7651760  Website:www.solidscontrolworld.com  Opening Hours: Mon-Fri: 8:00-17:30","og_url":"https:\/\/solidscontrolworld.com\/es\/product\/limpiador-de-lodo\/","og_site_name":"Solids Control World","article_modified_time":"2024-10-24T13:58:43+00:00","og_image":[{"width":292,"height":200,"url":"https:\/\/solidscontrolworld.com\/wp-content\/uploads\/2021\/05\/\u7a3f\u5b9a\u8bbe\u8ba1-17-1.png","type":"image\/png"}],"twitter_card":"summary_large_image","twitter_misc":{"Tiempo de lectura":"3 minutos"},"schema":{"@context":"https:\/\/schema.org","@graph":[{"@type":"WebPage","@id":"https:\/\/solidscontrolworld.com\/product\/mud-cleaner\/","url":"https:\/\/solidscontrolworld.com\/product\/mud-cleaner\/","name":"Limpiador de lodos - Solids Control World","isPartOf":{"@id":"https:\/\/solidscontrolworld.com\/#website"},"primaryImageOfPage":{"@id":"https:\/\/solidscontrolworld.com\/product\/mud-cleaner\/#primaryimage"},"image":{"@id":"https:\/\/solidscontrolworld.com\/product\/mud-cleaner\/#primaryimage"},"thumbnailUrl":"https:\/\/solidscontrolworld.com\/wp-content\/uploads\/2021\/05\/\u7a3f\u5b9a\u8bbe\u8ba1-17-1.png","datePublished":"2021-05-05T13:54:01+00:00","dateModified":"2024-10-24T13:58:43+00:00","breadcrumb":{"@id":"https:\/\/solidscontrolworld.com\/product\/mud-cleaner\/#breadcrumb"},"inLanguage":"es","potentialAction":[{"@type":"ReadAction","target":["https:\/\/solidscontrolworld.com\/product\/mud-cleaner\/"]}]},{"@type":"ImageObject","inLanguage":"es","@id":"https:\/\/solidscontrolworld.com\/product\/mud-cleaner\/#primaryimage","url":"https:\/\/solidscontrolworld.com\/wp-content\/uploads\/2021\/05\/\u7a3f\u5b9a\u8bbe\u8ba1-17-1.png","contentUrl":"https:\/\/solidscontrolworld.com\/wp-content\/uploads\/2021\/05\/\u7a3f\u5b9a\u8bbe\u8ba1-17-1.png","width":292,"height":200},{"@type":"BreadcrumbList","@id":"https:\/\/solidscontrolworld.com\/product\/mud-cleaner\/#breadcrumb","itemListElement":[{"@type":"ListItem","position":1,"name":"Home","item":"https:\/\/solidscontrolworld.com\/"},{"@type":"ListItem","position":2,"name":"Products","item":"https:\/\/solidscontrolworld.com\/shop\/"},{"@type":"ListItem","position":3,"name":"Mud cleaner"}]},{"@type":"WebSite","@id":"https:\/\/solidscontrolworld.com\/#website","url":"https:\/\/solidscontrolworld.com\/","name":"Mundo de control de s\u00f3lidos","description":"","publisher":{"@id":"https:\/\/solidscontrolworld.com\/#\/schema\/person\/2c126362537c0f0e6d4a8dfba9fc68b0"},"potentialAction":[{"@type":"SearchAction","target":{"@type":"EntryPoint","urlTemplate":"https:\/\/solidscontrolworld.com\/?s={search_term_string}"},"query-input":{"@type":"PropertyValueSpecification","valueRequired":true,"valueName":"search_term_string"}}],"inLanguage":"es"},{"@type":["Person","Organization"],"@id":"https:\/\/solidscontrolworld.com\/#\/schema\/person\/2c126362537c0f0e6d4a8dfba9fc68b0","name":"mundodecontroldes\u00f3lidos","logo":{"@id":"https:\/\/solidscontrolworld.com\/#\/schema\/person\/image\/"},"sameAs":["https:\/\/solidscontrolworld.com"]}]}},"_links":{"self":[{"href":"https:\/\/solidscontrolworld.com\/es\/wp-json\/wp\/v2\/product\/1394","targetHints":{"allow":["GET"]}}],"collection":[{"href":"https:\/\/solidscontrolworld.com\/es\/wp-json\/wp\/v2\/product"}],"about":[{"href":"https:\/\/solidscontrolworld.com\/es\/wp-json\/wp\/v2\/types\/product"}],"replies":[{"embeddable":true,"href":"https:\/\/solidscontrolworld.com\/es\/wp-json\/wp\/v2\/comments?post=1394"}],"version-history":[{"count":1,"href":"https:\/\/solidscontrolworld.com\/es\/wp-json\/wp\/v2\/product\/1394\/revisions"}],"predecessor-version":[{"id":11207,"href":"https:\/\/solidscontrolworld.com\/es\/wp-json\/wp\/v2\/product\/1394\/revisions\/11207"}],"wp:featuredmedia":[{"embeddable":true,"href":"https:\/\/solidscontrolworld.com\/es\/wp-json\/wp\/v2\/media\/1395"}],"wp:attachment":[{"href":"https:\/\/solidscontrolworld.com\/es\/wp-json\/wp\/v2\/media?parent=1394"}],"wp:term":[{"taxonomy":"product_brand","embeddable":true,"href":"https:\/\/solidscontrolworld.com\/es\/wp-json\/wp\/v2\/product_brand?post=1394"},{"taxonomy":"product_cat","embeddable":true,"href":"https:\/\/solidscontrolworld.com\/es\/wp-json\/wp\/v2\/product_cat?post=1394"},{"taxonomy":"product_tag","embeddable":true,"href":"https:\/\/solidscontrolworld.com\/es\/wp-json\/wp\/v2\/product_tag?post=1394"}],"curies":[{"name":"wp","href":"https:\/\/api.w.org\/{rel}","templated":true}]}}