{"id":1396,"date":"2021-05-05T13:57:10","date_gmt":"2021-05-05T13:57:10","guid":{"rendered":"https:\/\/solidscontrolworld.com\/?post_type=product&#038;p=1396"},"modified":"2022-08-24T04:55:25","modified_gmt":"2022-08-24T04:55:25","slug":"desarenador","status":"publish","type":"product","link":"https:\/\/solidscontrolworld.com\/es\/product\/desarenador\/","title":{"rendered":"Desarenador"},"content":{"rendered":"<p>&nbsp;<\/p>\n<div class=\"post-entry post-entry-type-page post-entry-1531\">\n<div class=\"entry-content-wrapper clearfix\">\n<div class=\"flex_column av_one_full flex_column_div av-zero-column-padding first avia-builder-el-3 el_after_av_one_full el_before_av_textblock column-top-margin\">\n<section class=\"av_textblock_section\">\n<div class=\"avia_textblock\">\n<table border=\"0\" width=\"767\" cellspacing=\"0\" cellpadding=\"0\">\n<tbody>\n<tr>\n<td class=\"kso0\" width=\"169\">Modelo<\/td>\n<td class=\"kso1\" width=\"148\">ABZJ101-1S<\/td>\n<td class=\"kso2\" width=\"148\">ABZJ101-2S<\/td>\n<td class=\"kso3\" width=\"150\">ABCSQ250-1S<\/td>\n<td class=\"kso4\" width=\"150\">ABCSQ250-2S<\/td>\n<\/tr>\n<tr>\n<td class=\"kso5\" width=\"169\">Capacidad<\/td>\n<td class=\"kso6\" width=\"148\">\u2264120 m3\/h (528 GPM)<\/td>\n<td class=\"kso7\" width=\"148\">\u2264240 m3\/h (1056 GPM)<\/td>\n<td class=\"kso8\" width=\"150\">\u2264120 m3\/h (528 GPM)<\/td>\n<td class=\"kso9\" width=\"150\">\u2264240 m3\/h (1056 GPM)<\/td>\n<\/tr>\n<tr>\n<td class=\"kso10\" width=\"169\">Ciclones hidra D-SANDER<\/td>\n<td class=\"kso11\" width=\"148\">1\u00d710\u2033 (250 mm)<\/td>\n<td class=\"kso12\" width=\"148\">2\u00d710\u2033 (250 mm)<\/td>\n<td class=\"kso13\" width=\"150\">1\u00d710\u2033 (250 mm)<\/td>\n<td class=\"kso14\" width=\"150\">2\u00d710\u2033 (250 mm)<\/td>\n<\/tr>\n<tr>\n<td class=\"kso15\" width=\"169\">Ciclones hidra D-SILTER<\/td>\n<td class=\"kso16\" width=\"148\">N \/ A<\/td>\n<td class=\"kso17\" width=\"148\">N \/ A<\/td>\n<td class=\"kso18\" width=\"150\">N \/ A<\/td>\n<td class=\"kso19\" width=\"150\">N \/ A<\/td>\n<\/tr>\n<tr>\n<td class=\"kso20\" width=\"169\">Bomba a juego<\/td>\n<td class=\"kso21\" width=\"148\">30 kW (40 CV)<\/td>\n<td class=\"kso22\" width=\"148\">55 kW (73 CV)<\/td>\n<td class=\"kso23\" width=\"150\">30 kW (40 CV)<\/td>\n<td class=\"kso24\" width=\"150\">55 kW (73 CV)<\/td>\n<\/tr>\n<tr>\n<td class=\"kso25\" width=\"169\">Potencia nominal de los motores<\/td>\n<td class=\"kso26\" width=\"148\">0,4 kW (0,53 hp) x 2 (OLI)<\/td>\n<td class=\"kso27\" width=\"148\">0,4 kW (0,53 hp) x 2 (OLI)<\/td>\n<td class=\"kso28\" width=\"150\">0,4 kW (0,53 hp) X1 (OLI)<\/td>\n<td class=\"kso29\" width=\"150\">0,4 kW (0,53 hp) X1 (OLI)<\/td>\n<\/tr>\n<tr>\n<td class=\"kso30\" width=\"169\">Fuerza de salida<\/td>\n<td class=\"kso31\" width=\"148\">\u22647,0 Gs<\/td>\n<td class=\"kso32\" width=\"148\">\u22647,0 Gs<\/td>\n<td class=\"kso33\" width=\"150\">\u22646,5 Gs<\/td>\n<td class=\"kso34\" width=\"150\">\u22646,5 Gs<\/td>\n<\/tr>\n<tr>\n<td class=\"kso35\" width=\"169\">Temperatura de funcionamiento<\/td>\n<td class=\"kso36\" width=\"148\">30\u00b0C (86\u00b0F)<\/td>\n<td class=\"kso37\" width=\"148\">30\u00b0C (86\u00b0F)<\/td>\n<td class=\"kso38\" width=\"150\">30\u00b0C (86\u00b0F)<\/td>\n<td class=\"kso39\" width=\"150\">30\u00b0C (86\u00b0F)<\/td>\n<\/tr>\n<tr>\n<td class=\"kso40\" width=\"169\">Gama de dise\u00f1os<\/td>\n<td class=\"kso41\" width=\"148\">-40-50 \u00b0C (-40-122 \u00b0F)<\/td>\n<td class=\"kso42\" width=\"148\">-40-50 \u00b0C (-40-122 \u00b0F)<\/td>\n<td class=\"kso43\" width=\"150\">-40-50 \u00b0C (-40-122 \u00b0F)<\/td>\n<td class=\"kso44\" width=\"150\">-40-50 \u00b0C (-40-122 \u00b0F)<\/td>\n<\/tr>\n<tr>\n<td class=\"kso45\" width=\"169\">Datos de ruido<\/td>\n<td class=\"kso46\" width=\"148\">75-85 dBA<\/td>\n<td class=\"kso47\" width=\"148\">75-85 dBA<\/td>\n<td class=\"kso48\" width=\"150\">75-85 dBA<\/td>\n<td class=\"kso49\" width=\"150\">75-85 dBA<\/td>\n<\/tr>\n<tr>\n<td class=\"kso50\" width=\"169\">Tama\u00f1o de la pantalla<\/td>\n<td class=\"kso51\" width=\"148\">585\u00d71165 mm<\/td>\n<td class=\"kso52\" width=\"148\">585\u00d71165 mm<\/td>\n<td class=\"kso53\" width=\"150\">600X1600 mil\u00edmetros<\/td>\n<td class=\"kso54\" width=\"150\">600X1600 mil\u00edmetros<\/td>\n<\/tr>\n<tr>\n<td class=\"kso55\" width=\"169\">Cantidad de pantalla<\/td>\n<td class=\"kso56\" width=\"148\">1 pieza<\/td>\n<td class=\"kso57\" width=\"148\">1 pieza<\/td>\n<td class=\"kso58\" width=\"150\">1 pieza<\/td>\n<td class=\"kso59\" width=\"150\">1 pieza<\/td>\n<\/tr>\n<tr>\n<td class=\"kso60\" width=\"169\">\u00c1rea de filtrado<\/td>\n<td class=\"kso61\" width=\"148\">0,70 m\u00b2 (7,8 pies\u00b2)<\/td>\n<td class=\"kso62\" width=\"148\">0,70 m\u00b2 (7,8 pies\u00b2)<\/td>\n<td class=\"kso63\" width=\"150\">1 m\u00b2 (pie\u00b2)<\/td>\n<td class=\"kso64\" width=\"150\">1 m\u00b2 (pie\u00b2)<\/td>\n<\/tr>\n<tr>\n<td class=\"kso65\" width=\"169\">Malla de pantalla<\/td>\n<td class=\"kso66\" width=\"148\">API 120\/150\/175<\/td>\n<td class=\"kso67\" width=\"148\">API 120\/150\/175<\/td>\n<td class=\"kso68\" width=\"150\">API 120\/150\/175<\/td>\n<td class=\"kso69\" width=\"150\">API 120\/150\/175<\/td>\n<\/tr>\n<tr>\n<td class=\"kso70\" width=\"169\">Peso<\/td>\n<td class=\"kso71\" width=\"148\">750<\/td>\n<td class=\"kso72\" width=\"148\">950<\/td>\n<td class=\"kso73\" width=\"150\">750<\/td>\n<td class=\"kso74\" width=\"150\">780<\/td>\n<\/tr>\n<tr>\n<td class=\"kso75\" width=\"169\">Dimensi\u00f3n<\/td>\n<td class=\"kso76\" width=\"148\">1465x1510x2390<\/td>\n<td class=\"kso77\" width=\"148\">1450x1390x2320<\/td>\n<td class=\"kso78\" width=\"150\">1465x1510x2390<\/td>\n<td class=\"kso79\" width=\"150\">1465x1510x2390<\/td>\n<\/tr>\n<tr>\n<td class=\"kso80\" width=\"169\">Voltaje<\/td>\n<td class=\"kso81\" colspan=\"4\" width=\"597\">220-240 V\/50 Hz, 380-415 V\/50 Hz, 440-480 V\/60 Hz, 575-600 V\/60 Hz<\/td>\n<\/tr>\n<tr>\n<td class=\"kso85\" width=\"169\">Aprobaciones<\/td>\n<td class=\"kso86\" colspan=\"4\" width=\"597\">UL\/ATEX\/BV\/IADC\/JAS-ANZ ISO 9001:2015<\/td>\n<\/tr>\n<\/tbody>\n<\/table>\n<\/div>\n<\/section>\n<\/div>\n<section class=\"av_textblock_section\">\n<div class=\"avia_textblock\">\n<h2>DESANDADOR<\/h2>\n<p>Es un equipo que se utiliza para separar la arena y la ranura del fluido de perforaci\u00f3n. Se utiliza especialmente en la construcci\u00f3n. Generalmente, los constructores lo instalan en la parte superior del tanque de lodo para separar la arena y la ranura del fluido de perforaci\u00f3n.<\/p>\n<h2>CARACTER\u00cdSTICAS A TENER EN CUENTA:<\/h2>\n<p>El desarenador posee diversas caracter\u00edsticas que lo hacen beneficioso para la construcci\u00f3n. A continuaci\u00f3n, se detallan algunas de las mejores caracter\u00edsticas de nuestro desarenador.<\/p>\n<p><strong>En total, hay cuatro modelos de desarenador disponibles: ABZJ101-1S, ABZJ101-2S, ABCSQ250-1S y ABCSQ250-2S.<\/strong><\/p>\n<p><strong>Cada modelo tiene una mayor capacidad, aunque var\u00eda. La capacidad de los modelos ABZJ101-1S y ABCSQ250-1S es menor o igual a 120 m\u00b3\/h (528 GPM).<\/strong><\/p>\n<p><strong>Tiene una enorme fuerza de salida que puede hacerlo m\u00e1s eficiente durante la construcci\u00f3n.\u00a0<\/strong><\/p>\n<p><strong>El tama\u00f1o de pantalla de cada modelo es grande y ronda los 585\u00d71165 mm y 600\u00d71600 mm.\u00a0<\/strong><\/p>\n<p><strong>La cantidad de pantallas para todos los modelos de desarenador es 1 pieza.\u00a0<\/strong><\/p>\n<p><strong>Puede funcionar tanto con voltaje moderado como alto dependiendo del modelo que est\u00e9 utilizando.\u00a0<\/strong><\/p>\n<p><strong>Este es un producto aprobado que har\u00e1 que nuestra experiencia de construcci\u00f3n sea conveniente.\u00a0<\/strong><\/p>\n<p><strong>El peso m\u00ednimo del desarenador es de 750 y el m\u00e1ximo es de 950.\u00a0<\/strong><\/p>\n<p><strong>La temperatura en la que debes operar es de 30\u00b0C o 86\u00b0F.\u00a0<\/strong><\/p>\n<p><strong>Durante el uso del desarenador recibir\u00e1 datos de ruido de alrededor de 75-85 dBA.<\/strong><\/p>\n<p><strong>Para cada uno de los modelos, el rango de dise\u00f1o es de -40-50\u00b0C.\u00a0<\/strong><\/p>\n<h2>BENEFICIOS DE USAR NUESTRO DESARENADOR<\/h2>\n<p><strong>No pesa mucho, lo que significa que ser\u00e1 c\u00f3modo de usar.\u00a0<\/strong><\/p>\n<p><strong>Disponemos de 4 modelos disponibles los cuales te dan la libertad de elegir el modelo de tu preferencia.\u00a0<\/strong><\/p>\n<p><strong>La fuerza de salida es la mejor que le permite realizar su trabajo de construcci\u00f3n en menos tiempo y con mejor calidad.\u00a0<\/strong><\/p>\n<p><strong>Los datos de ruido se mantienen dentro del rango, lo que significa que no dar\u00e1n lugar a una contaminaci\u00f3n ac\u00fastica excesiva.\u00a0<\/strong><\/p>\n<p><strong>Para cada modelo, hay una bomba correspondiente con gran eficiencia para facilitar su trabajo.\u00a0<\/strong><\/p>\n<p><strong>Puede funcionar con voltajes bajos y altos, lo que significa que puede trabajar en cualquier lugar donde haya voltaje disponible.\u00a0<\/strong><\/p>\n<p><strong>El desarenador que ponemos a su disposici\u00f3n est\u00e1 homologado lo que significa que es muy eficiente y de las mejores calidades.\u00a0<\/strong><\/p>\n<h3>Reflexiones finales<\/h3>\n<p>Ofrecemos desarenadores en cuatro modelos diferentes que garantizan calidad y las mejores prestaciones. Puede elegir el desarenador que prefiera analizando sus caracter\u00edsticas y beneficios seg\u00fan sus necesidades.<\/p>\n<p>Verificar\u00a0<a href=\"https:\/\/solidscontrolworld.com\/es\/centrifuga-decantadora\/\">Licorera<\/a> de nuestra tienda.<\/p>\n<\/div>\n<\/section>\n<\/div>\n<\/div>\n<aside class=\"sidebar sidebar_right alpha units\" role=\"complementary\">\n<div class=\"inner_sidebar extralight-border\">\n<section id=\"text-2\" class=\"widget clearfix widget_text\">\n<h3 class=\"widgettitle\">OFICINA<\/h3>\n<div class=\"textwidget\">\n<p><strong>DIRECCI\u00d3N:<\/strong><\/p>\n<p>Habitaci\u00f3n 1924, Bloque D, Plaza Wanda, ciudad de Tangshan, China.<\/p>\n<p><strong>Contacto<\/strong><\/p>\n<p>info@solidscontrolworld.com<\/p>\n<p><strong>Tel\u00e9fono:<\/strong><\/p>\n<p>+86-18034158133<\/p>\n<p><strong>Fax:<\/strong><\/p>\n<p>+86-315-7651760<\/p>\n<p>Sitio web: www.solidscontrolworld.com<\/p>\n<p><strong>Horario de apertura:<\/strong><br \/>\nLunes a viernes: 8:00-17:30<\/p>\n<\/div>\n<\/section>\n<section id=\"listcategorypostswidget-2\" class=\"widget clearfix widget_listcategorypostswidget\">\n<h3 class=\"widgettitle\"><\/h3>\n<ul id=\"lcp_instance_listcategorypostswidget-2\" class=\"lcp_catlist\"><\/ul>\n<\/section>\n<section id=\"avia_partner_widget-2\" class=\"widget clearfix avia_partner_widget\"><\/section>\n<\/div>\n<\/aside>","protected":false},"excerpt":{"rendered":"<h3 class=\"widgettitle\">OFICINA<\/h3>\n<div class=\"textwidget\">\n<p><strong>DIRECCI\u00d3N:<\/strong><\/p>\n<p>Habitaci\u00f3n 1924, Bloque D, Plaza Wanda, ciudad de Tangshan, China.<\/p>\n<p><strong>Contacto<\/strong><\/p>\n<p>info@solidscontrolworld.com<\/p>\n<p><strong>Tel\u00e9fono:<\/strong><\/p>\n<p>+86-18034158133<\/p>\n<p><strong>Fax:<\/strong><\/p>\n<p>+86-315-7651760<\/p>\n<p>Sitio web: www.solidscontrolworld.com<\/p>\n<p><strong>Horario de apertura:<\/strong><br \/>\nLunes a viernes: 8:00-17:30<\/p>\n<\/div>","protected":false},"featured_media":1397,"comment_status":"open","ping_status":"closed","template":"","meta":{"_seopress_robots_primary_cat":"none","_seopress_titles_title":"","_seopress_titles_desc":"","_seopress_robots_index":""},"product_brand":[],"product_cat":[57],"product_tag":[],"class_list":{"0":"post-1396","1":"product","2":"type-product","3":"status-publish","4":"has-post-thumbnail","6":"product_cat-solids-control-equipments","8":"first","9":"instock","10":"shipping-taxable","11":"product-type-simple"},"yoast_head":"<!-- This site is optimized with the Yoast SEO plugin v25.1 - https:\/\/yoast.com\/wordpress\/plugins\/seo\/ -->\n<title>Desander - Solids Control World<\/title>\n<meta name=\"robots\" content=\"index, follow, max-snippet:-1, max-image-preview:large, max-video-preview:-1\" \/>\n<link rel=\"canonical\" href=\"https:\/\/solidscontrolworld.com\/es\/product\/desarenador\/\" \/>\n<meta property=\"og:locale\" content=\"es_MX\" \/>\n<meta property=\"og:type\" content=\"article\" \/>\n<meta property=\"og:title\" content=\"Desander - Solids Control World\" \/>\n<meta property=\"og:description\" content=\"OFFICE   Address:  Room 1924 ,Block D ,Wanda plaza, Tangshan city,\u00a0 China.  Contact  info@solidscontrolworld.com  Tel:  +86-18034158133  Fax:  +86-315-7651760  Website:www.solidscontrolworld.com  Opening Hours: Mon-Fri: 8:00-17:30\" \/>\n<meta property=\"og:url\" content=\"https:\/\/solidscontrolworld.com\/es\/product\/desarenador\/\" \/>\n<meta property=\"og:site_name\" content=\"Solids Control World\" \/>\n<meta property=\"article:modified_time\" content=\"2022-08-24T04:55:25+00:00\" \/>\n<meta property=\"og:image\" content=\"https:\/\/solidscontrolworld.com\/wp-content\/uploads\/2021\/05\/\u7a3f\u5b9a\u8bbe\u8ba1-20-1-300x193-1.png\" \/>\n\t<meta property=\"og:image:width\" content=\"300\" \/>\n\t<meta property=\"og:image:height\" content=\"193\" \/>\n\t<meta property=\"og:image:type\" content=\"image\/png\" \/>\n<meta name=\"twitter:card\" content=\"summary_large_image\" \/>\n<meta name=\"twitter:label1\" content=\"Tiempo de lectura\" \/>\n\t<meta name=\"twitter:data1\" content=\"3 minutos\" \/>\n<!-- \/ Yoast SEO plugin. -->","yoast_head_json":{"title":"Desarenador - Control de S\u00f3lidos Mundial","robots":{"index":"index","follow":"follow","max-snippet":"max-snippet:-1","max-image-preview":"max-image-preview:large","max-video-preview":"max-video-preview:-1"},"canonical":"https:\/\/solidscontrolworld.com\/es\/product\/desarenador\/","og_locale":"es_MX","og_type":"article","og_title":"Desander - Solids Control World","og_description":"OFFICE   Address:  Room 1924 ,Block D ,Wanda plaza, Tangshan city,\u00a0 China.  Contact  info@solidscontrolworld.com  Tel:  +86-18034158133  Fax:  +86-315-7651760  Website:www.solidscontrolworld.com  Opening Hours: Mon-Fri: 8:00-17:30","og_url":"https:\/\/solidscontrolworld.com\/es\/product\/desarenador\/","og_site_name":"Solids Control World","article_modified_time":"2022-08-24T04:55:25+00:00","og_image":[{"width":300,"height":193,"url":"https:\/\/solidscontrolworld.com\/wp-content\/uploads\/2021\/05\/\u7a3f\u5b9a\u8bbe\u8ba1-20-1-300x193-1.png","type":"image\/png"}],"twitter_card":"summary_large_image","twitter_misc":{"Tiempo de lectura":"3 minutos"},"schema":{"@context":"https:\/\/schema.org","@graph":[{"@type":"WebPage","@id":"https:\/\/solidscontrolworld.com\/product\/desander\/","url":"https:\/\/solidscontrolworld.com\/product\/desander\/","name":"Desarenador - Control de S\u00f3lidos Mundial","isPartOf":{"@id":"https:\/\/solidscontrolworld.com\/#website"},"primaryImageOfPage":{"@id":"https:\/\/solidscontrolworld.com\/product\/desander\/#primaryimage"},"image":{"@id":"https:\/\/solidscontrolworld.com\/product\/desander\/#primaryimage"},"thumbnailUrl":"https:\/\/solidscontrolworld.com\/wp-content\/uploads\/2021\/05\/\u7a3f\u5b9a\u8bbe\u8ba1-20-1-300x193-1.png","datePublished":"2021-05-05T13:57:10+00:00","dateModified":"2022-08-24T04:55:25+00:00","breadcrumb":{"@id":"https:\/\/solidscontrolworld.com\/product\/desander\/#breadcrumb"},"inLanguage":"es","potentialAction":[{"@type":"ReadAction","target":["https:\/\/solidscontrolworld.com\/product\/desander\/"]}]},{"@type":"ImageObject","inLanguage":"es","@id":"https:\/\/solidscontrolworld.com\/product\/desander\/#primaryimage","url":"https:\/\/solidscontrolworld.com\/wp-content\/uploads\/2021\/05\/\u7a3f\u5b9a\u8bbe\u8ba1-20-1-300x193-1.png","contentUrl":"https:\/\/solidscontrolworld.com\/wp-content\/uploads\/2021\/05\/\u7a3f\u5b9a\u8bbe\u8ba1-20-1-300x193-1.png","width":300,"height":193},{"@type":"BreadcrumbList","@id":"https:\/\/solidscontrolworld.com\/product\/desander\/#breadcrumb","itemListElement":[{"@type":"ListItem","position":1,"name":"Home","item":"https:\/\/solidscontrolworld.com\/"},{"@type":"ListItem","position":2,"name":"Products","item":"https:\/\/solidscontrolworld.com\/shop\/"},{"@type":"ListItem","position":3,"name":"Desander"}]},{"@type":"WebSite","@id":"https:\/\/solidscontrolworld.com\/#website","url":"https:\/\/solidscontrolworld.com\/","name":"Mundo de control de s\u00f3lidos","description":"","publisher":{"@id":"https:\/\/solidscontrolworld.com\/#\/schema\/person\/2c126362537c0f0e6d4a8dfba9fc68b0"},"potentialAction":[{"@type":"SearchAction","target":{"@type":"EntryPoint","urlTemplate":"https:\/\/solidscontrolworld.com\/?s={search_term_string}"},"query-input":{"@type":"PropertyValueSpecification","valueRequired":true,"valueName":"search_term_string"}}],"inLanguage":"es"},{"@type":["Person","Organization"],"@id":"https:\/\/solidscontrolworld.com\/#\/schema\/person\/2c126362537c0f0e6d4a8dfba9fc68b0","name":"mundodecontroldes\u00f3lidos","logo":{"@id":"https:\/\/solidscontrolworld.com\/#\/schema\/person\/image\/"},"sameAs":["https:\/\/solidscontrolworld.com"]}]}},"_links":{"self":[{"href":"https:\/\/solidscontrolworld.com\/es\/wp-json\/wp\/v2\/product\/1396","targetHints":{"allow":["GET"]}}],"collection":[{"href":"https:\/\/solidscontrolworld.com\/es\/wp-json\/wp\/v2\/product"}],"about":[{"href":"https:\/\/solidscontrolworld.com\/es\/wp-json\/wp\/v2\/types\/product"}],"replies":[{"embeddable":true,"href":"https:\/\/solidscontrolworld.com\/es\/wp-json\/wp\/v2\/comments?post=1396"}],"version-history":[{"count":0,"href":"https:\/\/solidscontrolworld.com\/es\/wp-json\/wp\/v2\/product\/1396\/revisions"}],"wp:featuredmedia":[{"embeddable":true,"href":"https:\/\/solidscontrolworld.com\/es\/wp-json\/wp\/v2\/media\/1397"}],"wp:attachment":[{"href":"https:\/\/solidscontrolworld.com\/es\/wp-json\/wp\/v2\/media?parent=1396"}],"wp:term":[{"taxonomy":"product_brand","embeddable":true,"href":"https:\/\/solidscontrolworld.com\/es\/wp-json\/wp\/v2\/product_brand?post=1396"},{"taxonomy":"product_cat","embeddable":true,"href":"https:\/\/solidscontrolworld.com\/es\/wp-json\/wp\/v2\/product_cat?post=1396"},{"taxonomy":"product_tag","embeddable":true,"href":"https:\/\/solidscontrolworld.com\/es\/wp-json\/wp\/v2\/product_tag?post=1396"}],"curies":[{"name":"wp","href":"https:\/\/api.w.org\/{rel}","templated":true}]}}