{"id":1398,"date":"2021-05-05T13:59:37","date_gmt":"2021-05-05T13:59:37","guid":{"rendered":"https:\/\/solidscontrolworld.com\/?post_type=product&#038;p=1398"},"modified":"2022-08-24T05:02:37","modified_gmt":"2022-08-24T05:02:37","slug":"desarenado","status":"publish","type":"product","link":"https:\/\/solidscontrolworld.com\/es\/product\/desarenado\/","title":{"rendered":"Desazolve"},"content":{"rendered":"<div class=\"flex_column av_one_full flex_column_div av-zero-column-padding first avia-builder-el-3 el_after_av_one_full el_before_av_textblock column-top-margin\">\n<section class=\"av_textblock_section\">\n<div class=\"avia_textblock\">\n<table border=\"0\" width=\"730\" cellspacing=\"0\" cellpadding=\"0\">\n<tbody>\n<tr>\n<td class=\"kso0\" width=\"135\">Modelo<\/td>\n<td class=\"kso1\" width=\"144\">ABZJ101-8N<\/td>\n<td class=\"kso2\" width=\"152\">ABZJ101-12N<\/td>\n<td class=\"kso3\" width=\"146\">ABCNQ100-8N<\/td>\n<td class=\"kso4\" width=\"151\">ABCNQ100-12N<\/td>\n<\/tr>\n<tr>\n<td class=\"kso5\" width=\"135\">Capacidad<\/td>\n<td class=\"kso6\" width=\"144\">120 m3\/h (528 GPM)<\/td>\n<td class=\"kso7\" width=\"152\">240 m3\/h (1056 GPM)<\/td>\n<td class=\"kso8\" width=\"146\">120 m3\/h (528 GPM)<\/td>\n<td class=\"kso9\" width=\"151\">240 m3\/h (1056 GPM)<\/td>\n<\/tr>\n<tr>\n<td class=\"kso10\" width=\"135\">Lijadora D<\/td>\n<td class=\"kso11\" width=\"144\">N \/ A<\/td>\n<td class=\"kso12\" width=\"152\">N \/ A<\/td>\n<td class=\"kso13\" width=\"146\">N \/ A<\/td>\n<td class=\"kso14\" width=\"151\">N \/ A<\/td>\n<\/tr>\n<tr>\n<td class=\"kso15\" width=\"135\">D-SILTER<\/td>\n<td class=\"kso16\" width=\"144\">8\u00d74\u2033 (100 mm)<\/td>\n<td class=\"kso17\" width=\"152\">12\u00d74\u2033 (100 mm)<\/td>\n<td class=\"kso18\" width=\"146\">8\u00d74\u2033 (100 mm)<\/td>\n<td class=\"kso19\" width=\"151\">12\u00d74\u2033 (100 mm)<\/td>\n<\/tr>\n<tr>\n<td class=\"kso20\" width=\"135\">Bomba a juego<\/td>\n<td class=\"kso21\" width=\"144\">30 kW<\/td>\n<td class=\"kso22\" width=\"152\">55 kW<\/td>\n<td class=\"kso23\" width=\"146\">30 kW<\/td>\n<td class=\"kso24\" width=\"151\">55 kW<\/td>\n<\/tr>\n<tr>\n<td class=\"kso25\" width=\"135\">Potencia nominal de los motores<\/td>\n<td class=\"kso26\" width=\"144\">0,4 kW (0,53 hp) x 2 (OLI)<\/td>\n<td class=\"kso27\" width=\"152\">0,4 kW (0,53 CV) x 2 (OLI)<\/td>\n<td class=\"kso28\" width=\"146\">0,4 kW (0,53 hp) X1 (OLI)<\/td>\n<td class=\"kso29\" width=\"151\">0,4 kW (0,53 CV) x 1 (OLI)<\/td>\n<\/tr>\n<tr>\n<td class=\"kso30\" width=\"135\">Fuerza de salida<\/td>\n<td class=\"kso31\" width=\"144\">\u22647,0 Gs<\/td>\n<td class=\"kso32\" width=\"152\">\u22647,0 Gs<\/td>\n<td class=\"kso33\" width=\"146\">\u22646,5 Gs<\/td>\n<td class=\"kso34\" width=\"151\">\u22646,5 Gs<\/td>\n<\/tr>\n<tr>\n<td class=\"kso35\" width=\"135\">Operante<\/td>\n<td class=\"kso36\" width=\"144\">30\u00b0C (86\u00b0F)<\/td>\n<td class=\"kso37\" width=\"152\">30\u00b0C (86\u00b0F)<\/td>\n<td class=\"kso38\" width=\"146\">30\u00b0C (86\u00b0F)<\/td>\n<td class=\"kso39\" width=\"151\">30\u00b0C (86\u00b0F)<\/td>\n<\/tr>\n<tr>\n<td class=\"kso40\" width=\"135\">Gama de dise\u00f1os<\/td>\n<td class=\"kso41\" width=\"144\">-40-50 \u00b0C (-40-122 \u00b0F)<\/td>\n<td class=\"kso42\" width=\"152\">-40-50 \u00b0C (-40-122 \u00b0F)<\/td>\n<td class=\"kso43\" width=\"146\">-40-50 \u00b0C (-40-122 \u00b0F)<\/td>\n<td class=\"kso44\" width=\"151\">-40-50 \u00b0C (-40-122 \u00b0F)<\/td>\n<\/tr>\n<tr>\n<td class=\"kso45\" width=\"135\">Datos de ruido<\/td>\n<td class=\"kso46\" width=\"144\">75-85 dBA<\/td>\n<td class=\"kso47\" width=\"152\">75-85 dBA<\/td>\n<td class=\"kso48\" width=\"146\">75-85 dBA<\/td>\n<td class=\"kso49\" width=\"151\">75-85 dBA<\/td>\n<\/tr>\n<tr>\n<td class=\"kso50\" width=\"135\">Tama\u00f1o de la pantalla<\/td>\n<td class=\"kso51\" width=\"144\">585\u00d71165 mm<\/td>\n<td class=\"kso52\" width=\"152\">585\u00d71165 mm<\/td>\n<td class=\"kso53\" width=\"146\">600X1600 mil\u00edmetros<\/td>\n<td class=\"kso54\" width=\"151\">600X1600 mil\u00edmetros<\/td>\n<\/tr>\n<tr>\n<td class=\"kso55\" width=\"135\">Cantidad de pantalla<\/td>\n<td class=\"kso56\" width=\"144\">1 pieza<\/td>\n<td class=\"kso57\" width=\"152\">1 pieza<\/td>\n<td class=\"kso58\" width=\"146\">1 pieza<\/td>\n<td class=\"kso59\" width=\"151\">1 pieza<\/td>\n<\/tr>\n<tr>\n<td class=\"kso60\" width=\"135\">\u00c1rea de filtrado<\/td>\n<td class=\"kso61\" width=\"144\">0,70 m\u00b2 (7,8 pies\u00b2)<\/td>\n<td class=\"kso62\" width=\"152\">0,70 m\u00b2 (7,8 pies\u00b2)<\/td>\n<td class=\"kso63\" width=\"146\">1 m\u00b2 (pie\u00b2)<\/td>\n<td class=\"kso64\" width=\"151\">1 m\u00b2 (pie\u00b2)<\/td>\n<\/tr>\n<tr>\n<td class=\"kso65\" width=\"135\">Malla de pantalla<\/td>\n<td class=\"kso66\" width=\"144\">API 150\/175<\/td>\n<td class=\"kso67\" width=\"152\">API 150\/175<\/td>\n<td class=\"kso68\" width=\"146\">API 150\/175<\/td>\n<td class=\"kso69\" width=\"151\">API 150\/175<\/td>\n<\/tr>\n<tr>\n<td class=\"kso70\" width=\"135\">Peso<\/td>\n<td class=\"kso71\" width=\"144\">660<\/td>\n<td class=\"kso72\" width=\"152\">900<\/td>\n<td class=\"kso73\" width=\"146\">660<\/td>\n<td class=\"kso74\" width=\"151\">700<\/td>\n<\/tr>\n<tr>\n<td class=\"kso75\" width=\"135\">Dimensi\u00f3n<\/td>\n<td class=\"kso76\" width=\"144\">1450x1390x1810<\/td>\n<td class=\"kso77\" width=\"152\">1450x1390x1810<\/td>\n<td class=\"kso78\" width=\"146\">1465x1550x1960<\/td>\n<td class=\"kso79\" width=\"151\">1465x1550x1960<\/td>\n<\/tr>\n<tr>\n<td class=\"kso80\" width=\"135\">Voltaje<\/td>\n<td class=\"kso81\" colspan=\"4\" width=\"594\">220-240 V\/50 Hz, 380-415 V\/50 Hz, 440-480 V\/60 Hz, 575-600 V\/60 Hz<\/td>\n<\/tr>\n<tr>\n<td class=\"kso85\" width=\"135\">Aprobaciones<\/td>\n<td class=\"kso86\" colspan=\"4\" width=\"594\">UL\/ATEX\/BV\/IADC\/JAS-ANZ ISO 9001:2015<\/td>\n<\/tr>\n<\/tbody>\n<\/table>\n<\/div>\n<\/section>\n<\/div>\n<section class=\"av_textblock_section\">\n<div class=\"avia_textblock\">\n<h2>DESACLARADOR<\/h2>\n<p>Las personas vinculadas a la construcci\u00f3n o que trabajan en industrias deben conocer la importancia del desarenado. El desarenado es un hidrocicl\u00f3n que separa las part\u00edculas de arena.<\/p>\n<h2>CARACTER\u00cdSTICAS DEL DESILTER<\/h2>\n<p>Nuestro fabricante Desilters ofrece diversas caracter\u00edsticas. Veamos algunas de las m\u00e1s destacadas.<\/p>\n<h3>Variedad de modelos<\/h3>\n<p>Disponemos de varios modelos de desarenado. Ofrecemos cuatro modelos importantes para quienes buscan la excelencia en su trabajo industrial. Puede adquirirlos seg\u00fan sus necesidades y requisitos, en funci\u00f3n del lugar de trabajo y del tipo de arena que utilice.<\/p>\n<h3>Capacidad y fuerza de salida<\/h3>\n<p>Los desarenadores de gran capacidad son los m\u00e1s adecuados. Cada uno de nuestros modelos ofrece una gran capacidad, lo que facilita y agiliza su trabajo. El rendimiento es excelente en todos los modelos, lo que permite separar perfectamente todas las part\u00edculas de arena.<\/p>\n<h3>Peso del deslimador<\/h3>\n<p>Cada modelo tiene un peso diferente, pero son m\u00e1s ligeros que otros deslimadores. Su menor peso los hace muy c\u00f3modos de manejar. Puede usarlos f\u00e1cilmente en cualquier lugar y llevarlos consigo.<\/p>\n<h3>Bomba a juego<\/h3>\n<p>Es fundamental contar con una bomba compatible con un desilador. Ofrecemos bombas compatibles de 30 kW en dos modelos de nuestro desilador. Sin embargo, los otros dos vienen con una bomba compatible de 55 kW.<\/p>\n<h3>Datos de ruido<\/h3>\n<p>Los datos de ruido para cada uno de los desilter son 75-85 dBA, lo que no provocar\u00e1 mucha contaminaci\u00f3n ac\u00fastica. Tambi\u00e9n ser\u00e1 f\u00e1cil trabajar mientras el desilter est\u00e1 en funcionamiento.<\/p>\n<h3>Beneficios del Desilter:<\/h3>\n<p>El deslimador ofrece numerosos beneficios, especialmente si trabaja en una industria. A continuaci\u00f3n, se describen algunos de los beneficios que puede obtener al utilizar nuestro deslimador fabricado.<\/p>\n<p>Son muy asequibles, puedes conseguirlos a un precio asequible.<\/p>\n<p><strong>Nuestros deslimadores le brindar\u00e1n servicios a nivel de Excelencia.\u00a0<\/strong><\/p>\n<p><strong>Est\u00e1n especialmente dise\u00f1ados para obras de construcci\u00f3n e industriales.<\/strong><\/p>\n<p><strong>Le ayudar\u00e1n a separar las part\u00edculas de arena peque\u00f1as y grandes de manera muy efectiva.<\/strong><\/p>\n<p><strong>Tienen menos datos de ruido comparativamente, lo cual es saludable para el medio ambiente.<\/strong><\/p>\n<p><strong>Obtendr\u00e1 una gran fuerza de salida al utilizar nuestros deslimadores.\u00a0<\/strong><\/p>\n<h2>\u00a0CONCLUSI\u00d3N<\/h2>\n<p>Fabricamos los mejores deslimadores, dise\u00f1ados especialmente para empresas industriales y de construcci\u00f3n. Algunas de las caracter\u00edsticas y ventajas m\u00e1s destacadas de nuestro producto se describen arriba.<\/p>\n<\/div>\n<\/section>","protected":false},"excerpt":{"rendered":"<section id=\"text-2\" class=\"widget clearfix widget_text\">\n<h3 class=\"widgettitle\">OFICINA<\/h3>\n<div class=\"textwidget\">\n<p><strong>DIRECCI\u00d3N:<\/strong><\/p>\n<p>Habitaci\u00f3n 1924, Bloque D, Plaza Wanda, ciudad de Tangshan, China.<\/p>\n<p><strong>Contacto<\/strong><\/p>\n<p>info@solidscontrolworld.com<\/p>\n<p><strong>Tel\u00e9fono:<\/strong><\/p>\n<p>+86-18034158133<\/p>\n<p><strong>Fax:<\/strong><\/p>\n<p>+86-315-7651760<\/p>\n<p>Sitio web: www.solidscontrolworld.com<\/p>\n<p><strong>Horario de apertura:<\/strong><br \/>\nLunes a viernes: 8:00-17:30<\/p>\n<\/div>\n<\/section>","protected":false},"featured_media":1399,"comment_status":"open","ping_status":"closed","template":"","meta":{"_seopress_robots_primary_cat":"none","_seopress_titles_title":"","_seopress_titles_desc":"","_seopress_robots_index":""},"product_brand":[],"product_cat":[57],"product_tag":[],"class_list":{"0":"post-1398","1":"product","2":"type-product","3":"status-publish","4":"has-post-thumbnail","6":"product_cat-solids-control-equipments","8":"first","9":"instock","10":"shipping-taxable","11":"product-type-simple"},"yoast_head":"<!-- This site is optimized with the Yoast SEO plugin v25.1 - https:\/\/yoast.com\/wordpress\/plugins\/seo\/ -->\n<title>Desilter - Solids Control World<\/title>\n<meta name=\"robots\" content=\"index, follow, max-snippet:-1, max-image-preview:large, max-video-preview:-1\" \/>\n<link rel=\"canonical\" href=\"https:\/\/solidscontrolworld.com\/es\/product\/desarenado\/\" \/>\n<meta property=\"og:locale\" content=\"es_MX\" \/>\n<meta property=\"og:type\" content=\"article\" \/>\n<meta property=\"og:title\" content=\"Desilter - Solids Control World\" \/>\n<meta property=\"og:description\" content=\"OFFICE   Address:  Room 1924 ,Block D ,Wanda plaza, Tangshan city,\u00a0 China.  Contact  info@solidscontrolworld.com  Tel:  +86-18034158133  Fax:  +86-315-7651760  Website:www.solidscontrolworld.com  Opening Hours: Mon-Fri: 8:00-17:30\" \/>\n<meta property=\"og:url\" content=\"https:\/\/solidscontrolworld.com\/es\/product\/desarenado\/\" \/>\n<meta property=\"og:site_name\" content=\"Solids Control World\" \/>\n<meta property=\"article:modified_time\" content=\"2022-08-24T05:02:37+00:00\" \/>\n<meta property=\"og:image\" content=\"https:\/\/solidscontrolworld.com\/wp-content\/uploads\/2021\/05\/desilter-300x300-1.jpg\" \/>\n\t<meta property=\"og:image:width\" content=\"300\" \/>\n\t<meta property=\"og:image:height\" content=\"300\" \/>\n\t<meta property=\"og:image:type\" content=\"image\/jpeg\" \/>\n<meta name=\"twitter:card\" content=\"summary_large_image\" \/>\n<meta name=\"twitter:label1\" content=\"Tiempo de lectura\" \/>\n\t<meta name=\"twitter:data1\" content=\"3 minutos\" \/>\n<!-- \/ Yoast SEO plugin. -->","yoast_head_json":{"title":"Desilter - Control de S\u00f3lidos Mundial","robots":{"index":"index","follow":"follow","max-snippet":"max-snippet:-1","max-image-preview":"max-image-preview:large","max-video-preview":"max-video-preview:-1"},"canonical":"https:\/\/solidscontrolworld.com\/es\/product\/desarenado\/","og_locale":"es_MX","og_type":"article","og_title":"Desilter - Solids Control World","og_description":"OFFICE   Address:  Room 1924 ,Block D ,Wanda plaza, Tangshan city,\u00a0 China.  Contact  info@solidscontrolworld.com  Tel:  +86-18034158133  Fax:  +86-315-7651760  Website:www.solidscontrolworld.com  Opening Hours: Mon-Fri: 8:00-17:30","og_url":"https:\/\/solidscontrolworld.com\/es\/product\/desarenado\/","og_site_name":"Solids Control World","article_modified_time":"2022-08-24T05:02:37+00:00","og_image":[{"width":300,"height":300,"url":"https:\/\/solidscontrolworld.com\/wp-content\/uploads\/2021\/05\/desilter-300x300-1.jpg","type":"image\/jpeg"}],"twitter_card":"summary_large_image","twitter_misc":{"Tiempo de lectura":"3 minutos"},"schema":{"@context":"https:\/\/schema.org","@graph":[{"@type":"WebPage","@id":"https:\/\/solidscontrolworld.com\/product\/desilter\/","url":"https:\/\/solidscontrolworld.com\/product\/desilter\/","name":"Desilter - Control de S\u00f3lidos Mundial","isPartOf":{"@id":"https:\/\/solidscontrolworld.com\/#website"},"primaryImageOfPage":{"@id":"https:\/\/solidscontrolworld.com\/product\/desilter\/#primaryimage"},"image":{"@id":"https:\/\/solidscontrolworld.com\/product\/desilter\/#primaryimage"},"thumbnailUrl":"https:\/\/solidscontrolworld.com\/wp-content\/uploads\/2021\/05\/desilter-300x300-1.jpg","datePublished":"2021-05-05T13:59:37+00:00","dateModified":"2022-08-24T05:02:37+00:00","breadcrumb":{"@id":"https:\/\/solidscontrolworld.com\/product\/desilter\/#breadcrumb"},"inLanguage":"es","potentialAction":[{"@type":"ReadAction","target":["https:\/\/solidscontrolworld.com\/product\/desilter\/"]}]},{"@type":"ImageObject","inLanguage":"es","@id":"https:\/\/solidscontrolworld.com\/product\/desilter\/#primaryimage","url":"https:\/\/solidscontrolworld.com\/wp-content\/uploads\/2021\/05\/desilter-300x300-1.jpg","contentUrl":"https:\/\/solidscontrolworld.com\/wp-content\/uploads\/2021\/05\/desilter-300x300-1.jpg","width":300,"height":300,"caption":"solids control equipment manufacturer"},{"@type":"BreadcrumbList","@id":"https:\/\/solidscontrolworld.com\/product\/desilter\/#breadcrumb","itemListElement":[{"@type":"ListItem","position":1,"name":"Home","item":"https:\/\/solidscontrolworld.com\/"},{"@type":"ListItem","position":2,"name":"Products","item":"https:\/\/solidscontrolworld.com\/shop\/"},{"@type":"ListItem","position":3,"name":"Desilter"}]},{"@type":"WebSite","@id":"https:\/\/solidscontrolworld.com\/#website","url":"https:\/\/solidscontrolworld.com\/","name":"Mundo de control de s\u00f3lidos","description":"","publisher":{"@id":"https:\/\/solidscontrolworld.com\/#\/schema\/person\/2c126362537c0f0e6d4a8dfba9fc68b0"},"potentialAction":[{"@type":"SearchAction","target":{"@type":"EntryPoint","urlTemplate":"https:\/\/solidscontrolworld.com\/?s={search_term_string}"},"query-input":{"@type":"PropertyValueSpecification","valueRequired":true,"valueName":"search_term_string"}}],"inLanguage":"es"},{"@type":["Person","Organization"],"@id":"https:\/\/solidscontrolworld.com\/#\/schema\/person\/2c126362537c0f0e6d4a8dfba9fc68b0","name":"mundodecontroldes\u00f3lidos","logo":{"@id":"https:\/\/solidscontrolworld.com\/#\/schema\/person\/image\/"},"sameAs":["https:\/\/solidscontrolworld.com"]}]}},"_links":{"self":[{"href":"https:\/\/solidscontrolworld.com\/es\/wp-json\/wp\/v2\/product\/1398","targetHints":{"allow":["GET"]}}],"collection":[{"href":"https:\/\/solidscontrolworld.com\/es\/wp-json\/wp\/v2\/product"}],"about":[{"href":"https:\/\/solidscontrolworld.com\/es\/wp-json\/wp\/v2\/types\/product"}],"replies":[{"embeddable":true,"href":"https:\/\/solidscontrolworld.com\/es\/wp-json\/wp\/v2\/comments?post=1398"}],"version-history":[{"count":0,"href":"https:\/\/solidscontrolworld.com\/es\/wp-json\/wp\/v2\/product\/1398\/revisions"}],"wp:featuredmedia":[{"embeddable":true,"href":"https:\/\/solidscontrolworld.com\/es\/wp-json\/wp\/v2\/media\/1399"}],"wp:attachment":[{"href":"https:\/\/solidscontrolworld.com\/es\/wp-json\/wp\/v2\/media?parent=1398"}],"wp:term":[{"taxonomy":"product_brand","embeddable":true,"href":"https:\/\/solidscontrolworld.com\/es\/wp-json\/wp\/v2\/product_brand?post=1398"},{"taxonomy":"product_cat","embeddable":true,"href":"https:\/\/solidscontrolworld.com\/es\/wp-json\/wp\/v2\/product_cat?post=1398"},{"taxonomy":"product_tag","embeddable":true,"href":"https:\/\/solidscontrolworld.com\/es\/wp-json\/wp\/v2\/product_tag?post=1398"}],"curies":[{"name":"wp","href":"https:\/\/api.w.org\/{rel}","templated":true}]}}