{"id":1400,"date":"2021-05-05T14:01:45","date_gmt":"2021-05-05T14:01:45","guid":{"rendered":"https:\/\/solidscontrolworld.com\/?post_type=product&#038;p=1400"},"modified":"2024-10-24T14:00:16","modified_gmt":"2024-10-24T14:00:16","slug":"centrifuga-decantadora","status":"publish","type":"product","link":"https:\/\/solidscontrolworld.com\/es\/product\/centrifuga-decantadora\/","title":{"rendered":"Centr\u00edfuga decantadora"},"content":{"rendered":"<div class=\"flex_column av_one_full flex_column_div av-zero-column-padding first avia-builder-el-2 el_after_av_one_full el_before_av_one_full column-top-margin\">\n<section class=\"av_textblock_section\">\n<div class=\"avia_textblock\">\n<table border=\"0\" width=\"843\" cellspacing=\"0\" cellpadding=\"0\">\n<tbody>\n<tr>\n<td class=\"kso0\" width=\"98\">Modelo<\/td>\n<td class=\"kso1\" width=\"151\">ABLW450X842N<\/td>\n<td class=\"kso2\" width=\"161\">ABLW450X1250N<\/td>\n<td class=\"kso3\" width=\"161\">ABLW355X1250N<\/td>\n<td class=\"kso4\" width=\"119\">ABLW365G<\/td>\n<td class=\"kso5\" width=\"150\">ABLW365GA\/FD<\/td>\n<\/tr>\n<tr>\n<td class=\"kso6\" width=\"98\">Di\u00e1metro del cuenco<\/td>\n<td class=\"kso7\" width=\"151\">450 mm<\/td>\n<td class=\"kso8\" width=\"161\">450 mm<\/td>\n<td class=\"kso9\" width=\"161\">355 mm<\/td>\n<td class=\"kso10\" width=\"119\">365 mm<\/td>\n<td class=\"kso11\" width=\"150\">365 mm<\/td>\n<\/tr>\n<tr>\n<td class=\"kso12\" width=\"98\">Longitud del taz\u00f3n<\/td>\n<td class=\"kso13\" width=\"151\">842 mm<\/td>\n<td class=\"kso14\" width=\"161\">1000 mm<\/td>\n<td class=\"kso15\" width=\"161\">1250 mm<\/td>\n<td class=\"kso16\" width=\"119\">1250 mm<\/td>\n<td class=\"kso17\" width=\"150\">1250 mm<\/td>\n<\/tr>\n<tr>\n<td class=\"kso18\" width=\"98\">Velocidad del taz\u00f3n<\/td>\n<td class=\"kso19\" width=\"151\">1800 rpm<\/td>\n<td class=\"kso20\" width=\"161\">2200 rpm<\/td>\n<td class=\"kso21\" width=\"161\">3200 rpm<\/td>\n<td class=\"kso22\" width=\"119\">3500 rpm<\/td>\n<td class=\"kso23\" width=\"150\">0-3500 rpm<\/td>\n<\/tr>\n<tr>\n<td class=\"kso24\" width=\"98\">Fuerza G<\/td>\n<td class=\"kso25\" width=\"151\">815<\/td>\n<td class=\"kso26\" width=\"161\">1220<\/td>\n<td class=\"kso27\" width=\"161\">2035<\/td>\n<td class=\"kso28\" width=\"119\">2500<\/td>\n<td class=\"kso29\" width=\"150\">2500<\/td>\n<\/tr>\n<tr>\n<td class=\"kso30\" width=\"98\">Punto de separaci\u00f3n<\/td>\n<td class=\"kso31\" width=\"151\">5~7 \u03bcm<\/td>\n<td class=\"kso32\" width=\"161\">5~7 \u03bcm<\/td>\n<td class=\"kso33\" width=\"161\">2~5 \u03bcm<\/td>\n<td class=\"kso34\" width=\"119\">2-5 \u03bcm<\/td>\n<td class=\"kso35\" width=\"150\">2-5 \u03bcm<\/td>\n<\/tr>\n<tr>\n<td class=\"kso36\" width=\"98\">Unidad principal<\/td>\n<td class=\"kso37\" width=\"151\">22 kW-4 p<\/td>\n<td class=\"kso38\" width=\"161\">30 kW-4 p<\/td>\n<td class=\"kso39\" width=\"161\">30 kW-4 p<\/td>\n<td class=\"kso40\" width=\"119\">37 kW-4 p<\/td>\n<td class=\"kso41\" width=\"150\">37 kW-4 p<\/td>\n<\/tr>\n<tr>\n<td class=\"kso42\" width=\"98\">Conducci\u00f3n hacia atr\u00e1s<\/td>\n<td class=\"kso43\" width=\"151\">5,5 kW-4 p<\/td>\n<td class=\"kso44\" width=\"161\">7,5 kW-4 p<\/td>\n<td class=\"kso45\" width=\"161\">7,5 kW-4 p<\/td>\n<td class=\"kso46\" width=\"119\">7,5 kW-4 p<\/td>\n<td class=\"kso47\" width=\"150\">7,5 kW-4 p<\/td>\n<\/tr>\n<tr>\n<td class=\"kso48\" width=\"98\">Capacidad m\u00e1xima<\/td>\n<td class=\"kso49\" width=\"151\">\u226440 m3\/h<\/td>\n<td class=\"kso50\" width=\"161\">\u226460 m3\/h<\/td>\n<td class=\"kso51\" width=\"161\">\u226440 m3\/h<\/td>\n<td class=\"kso52\" width=\"119\">\u226440 m3\/h<\/td>\n<td class=\"kso53\" width=\"150\">\u226440 m3\/h<\/td>\n<\/tr>\n<tr>\n<td class=\"kso54\" width=\"98\">Peso<\/td>\n<td class=\"kso55\" width=\"151\">2950<\/td>\n<td class=\"kso56\" width=\"161\">3150<\/td>\n<td class=\"kso57\" width=\"161\">2850<\/td>\n<td class=\"kso58\" width=\"119\">2950<\/td>\n<td class=\"kso59\" width=\"150\">2950<\/td>\n<\/tr>\n<tr>\n<td class=\"kso60\" width=\"98\">Dimensi\u00f3n<\/td>\n<td class=\"kso61\" width=\"151\">2380x1560x1350<\/td>\n<td class=\"kso62\" width=\"161\">2540x1560x1350<\/td>\n<td class=\"kso63\" width=\"161\">2810x1490x1350<\/td>\n<td class=\"kso64\" width=\"119\">3412x1600x1875<\/td>\n<td class=\"kso65\" width=\"150\">3412x1600x1875<\/td>\n<\/tr>\n<tr>\n<td class=\"kso66\" width=\"98\">Aprobaciones<\/td>\n<td class=\"kso67\" colspan=\"5\" width=\"744\">UL\/ATEXBV\/IADC\/JAS-ANZ ISO 9001:2015\/CE<\/td>\n<\/tr>\n<\/tbody>\n<\/table>\n<\/div>\n<\/section>\n<\/div>\n<div class=\"flex_column av_one_full flex_column_div av-zero-column-padding first avia-builder-el-4 el_after_av_one_full el_before_av_textblock column-top-margin\">\n<section class=\"av_textblock_section\">\n<div class=\"avia_textblock\">\n<table border=\"0\" width=\"855\" cellspacing=\"0\" cellpadding=\"0\">\n<tbody>\n<tr>\n<td class=\"kso0\" width=\"198\">Modelo<\/td>\n<td class=\"kso1\" width=\"194\">ABLW520-2080<\/td>\n<td class=\"kso2\" width=\"253\">ABLW650B<\/td>\n<td class=\"kso3\" width=\"209\">ABLW760G<\/td>\n<\/tr>\n<tr>\n<td class=\"kso4\" width=\"198\">Di\u00e1metro del recipiente (mm)<\/td>\n<td class=\"kso5\" width=\"194\">520<\/td>\n<td class=\"kso6\" width=\"253\">650<\/td>\n<td class=\"kso7\" width=\"209\">760<\/td>\n<\/tr>\n<tr>\n<td class=\"kso8\" width=\"198\">Longitud del cuenco (mm)<\/td>\n<td class=\"kso9\" width=\"194\">2080<\/td>\n<td class=\"kso10\" width=\"253\">2200<\/td>\n<td class=\"kso11\" width=\"209\">3192<\/td>\n<\/tr>\n<tr>\n<td class=\"kso12\" width=\"198\">Velocidad del recipiente (r\/min)<\/td>\n<td class=\"kso13\" width=\"194\">3000<\/td>\n<td class=\"kso14\" width=\"253\">2800<\/td>\n<td class=\"kso15\" width=\"209\">2650<\/td>\n<\/tr>\n<tr>\n<td class=\"kso16\" width=\"198\">Fuerza G<\/td>\n<td class=\"kso17\" width=\"194\">2610<\/td>\n<td class=\"kso18\" width=\"253\">2851<\/td>\n<td class=\"kso19\" width=\"209\">3000<\/td>\n<\/tr>\n<tr>\n<td class=\"kso20\" width=\"198\">Punto de separaci\u00f3n (pm)<\/td>\n<td class=\"kso21\" width=\"194\">2-5<\/td>\n<td class=\"kso22\" width=\"253\">2-5<\/td>\n<td class=\"kso23\" width=\"209\">2-5<\/td>\n<\/tr>\n<tr>\n<td class=\"kso24\" width=\"198\">Transmisi\u00f3n principal (kw)<\/td>\n<td class=\"kso25\" width=\"194\">45 (a prueba de explosiones)<\/td>\n<td class=\"kso26\" width=\"253\">75<\/td>\n<td class=\"kso27\" width=\"209\">132<\/td>\n<\/tr>\n<tr>\n<td class=\"kso28\" width=\"198\">Tracci\u00f3n trasera (kw)<\/td>\n<td class=\"kso29\" width=\"194\">18.5 (a prueba de explosiones)<\/td>\n<td class=\"kso30\" width=\"253\">22<\/td>\n<td class=\"kso31\" width=\"209\">37<\/td>\n<\/tr>\n<tr>\n<td class=\"kso32\" width=\"198\">Capacidad m\u00e1xima (m\u00b2\/h)<\/td>\n<td class=\"kso33\" width=\"194\">10-30<\/td>\n<td class=\"kso34\" width=\"253\">30-60 (Dependiendo de la concentraci\u00f3n real del material)<\/td>\n<td class=\"kso35\" width=\"209\">\u2264118<\/td>\n<\/tr>\n<tr>\n<td class=\"kso36\" width=\"198\">Peso (kg)<\/td>\n<td class=\"kso37\" width=\"194\">5000<\/td>\n<td class=\"kso38\" width=\"253\">6800<\/td>\n<td class=\"kso39\" width=\"209\">12000<\/td>\n<\/tr>\n<tr>\n<td class=\"kso40\" width=\"198\">Dimensi\u00f3n (mm)<\/td>\n<td class=\"kso41\" width=\"194\">4537x1248x1429<\/td>\n<td class=\"kso42\" width=\"253\">4583x1583x1710<\/td>\n<td class=\"kso43\" width=\"209\">6800x1930x2040<\/td>\n<\/tr>\n<\/tbody>\n<\/table>\n<\/div>\n<\/section>\n<\/div>\n<section class=\"av_textblock_section\">\n<div class=\"avia_textblock\">\n<h2>DECANTADOR-CENTR\u00cdFUGA<\/h2>\n<p>Quienes trabajan en la industria deben conocer la importancia de la centr\u00edfuga decantadora. Proporciona una alta velocidad de rotaci\u00f3n, lo cual es muy \u00fatil para separar componentes con diferentes densidades. La centr\u00edfuga decantadora separa componentes de diferentes densidades de forma muy eficaz.<\/p>\n<h3>Caracter\u00edsticas del decantador-centr\u00edfugo<\/h3>\n<p>Nuestra centr\u00edfuga decantadora ofrece diversas caracter\u00edsticas. Algunas de las m\u00e1s destacadas se describen a continuaci\u00f3n.<\/p>\n<h3>Variedad<\/h3>\n<p>Fabricamos nuestro decantador en varios modelos porque comprendemos las necesidades de los diferentes tipos de tareas industriales. Disponemos de un total de cinco modelos que pueden utilizarse para diversas tareas.<\/p>\n<h3>Peso del decantador-centr\u00edfugo<\/h3>\n<p>Generalmente se ofrecen en pesos pesados, pero nuestros productos son relativamente m\u00e1s ligeros. El peso m\u00ednimo es de 2950, mientras que el m\u00e1ximo que se puede observar ronda los 3150. Esto los hace muy pr\u00e1cticos y f\u00e1ciles de manejar.<\/p>\n<h3>Capacidad m\u00e1xima<\/h3>\n<p>El decantador-centr\u00edfugo ofrece una alta capacidad m\u00e1xima, lo que lo hace m\u00e1s eficiente. La capacidad m\u00e1xima que puede observar en nuestro producto es menor o igual a 60 m\u00b3\/h.<\/p>\n<h3>Producto aprobado<\/h3>\n<p>Fabricamos un decantador con a\u00f1os de experiencia. Es muy eficaz y eficiente, lo que facilita y agiliza su trabajo industrial.<\/p>\n<h3>Punto de separaci\u00f3n<\/h3>\n<p>El decantador-centr\u00edfugo se utiliza para separar componentes como s\u00f3lidos, l\u00edquidos y gases con diferentes densidades. Por ello, el punto de separaci\u00f3n es fundamental en el decantador. Lo cuidamos al elaborar nuestro producto. El punto de separaci\u00f3n m\u00e1ximo es de 5-7 \u03bcm.<\/p>\n<h2>BENEFICIOS DEL DECANTADOR-CENTR\u00cdFUGO<\/h2>\n<p>Puede obtener incre\u00edbles beneficios al utilizar nuestra centr\u00edfuga-decantadora para sus tareas industriales.<\/p>\n<p><strong>Son muy convenientes para separar componentes que tienen diferentes densidades.\u00a0<\/strong><\/p>\n<p><strong>\u00a0Puedes separar f\u00e1cilmente los s\u00f3lidos, l\u00edquidos y gases que en su mayor\u00eda est\u00e1n mezclados en un compartimento.<\/strong><\/p>\n<p><strong>\u00a0Tiene una enorme eficiencia que lo hace muy preferible para realizar tareas industriales.<\/strong><\/p>\n<p><strong>Pueden hacer que su trabajo sea m\u00e1s r\u00e1pido y conveniente.\u00a0<\/strong><\/p>\n<p><strong>Son muy pr\u00e1cticos y asequibles y puedes usarlos para cualquier prop\u00f3sito porque hay diferentes modelos disponibles.\u00a0<\/strong><\/p>\n<p><strong>El accionamiento principal y trasero de nuestra centr\u00edfuga decantadora es muy alto, lo que la hace ideal para separar componentes que tienen diferentes densidades.\u00a0<\/strong><\/p>\n<h3>Conclusi\u00f3n<\/h3>\n<p>El decantador-centr\u00edfugo es una herramienta potente y muy importante en la industria. Puede adquirirlo a precios asequibles. Cubrimos todos los requisitos que busca durante la fabricaci\u00f3n de nuestro producto. Le prometemos numerosas caracter\u00edsticas y beneficios que no debe perderse.<\/p>\n<p>Tambi\u00e9n echa un vistazo\u00a0<a href=\"https:\/\/solidscontrolworld.com\/es\/desarenado\/\">Desazolve<\/a>\u00a0de nuestra tienda.<\/p>\n<p>&nbsp;<\/p>\n<\/div>\n<\/section>","protected":false},"excerpt":{"rendered":"<h3 class=\"widgettitle\">OFICINA<\/h3>\n<div class=\"textwidget\">\n<p><strong>DIRECCI\u00d3N:<\/strong><\/p>\n<p>Habitaci\u00f3n 1924, Bloque D, Plaza Wanda, ciudad de Tangshan, China.<\/p>\n<p><strong>Contacto<\/strong><\/p>\n<p>info@solidscontrolworld.com<\/p>\n<p><strong>Tel\u00e9fono:<\/strong><\/p>\n<p>+86-18034158133<\/p>\n<p><strong>Fax:<\/strong><\/p>\n<p>+86-315-7651760<\/p>\n<p>Sitio web: www.solidscontrolworld.com<\/p>\n<p><strong>Horario de apertura:<\/strong><br \/>\nLunes a viernes: 8:00-17:30<\/p>\n<\/div>","protected":false},"featured_media":1401,"comment_status":"open","ping_status":"closed","template":"","meta":{"_seopress_robots_primary_cat":"none","_seopress_titles_title":"","_seopress_titles_desc":"","_seopress_robots_index":""},"product_brand":[],"product_cat":[57],"product_tag":[],"class_list":{"0":"post-1400","1":"product","2":"type-product","3":"status-publish","4":"has-post-thumbnail","6":"product_cat-solids-control-equipments","8":"first","9":"instock","10":"shipping-taxable","11":"product-type-simple"},"yoast_head":"<!-- This site is optimized with the Yoast SEO plugin v25.1 - https:\/\/yoast.com\/wordpress\/plugins\/seo\/ -->\n<title>Decanter centrifuge - Solids Control World<\/title>\n<meta name=\"robots\" content=\"index, follow, max-snippet:-1, max-image-preview:large, max-video-preview:-1\" \/>\n<link rel=\"canonical\" href=\"https:\/\/solidscontrolworld.com\/es\/product\/centrifuga-decantadora\/\" \/>\n<meta property=\"og:locale\" content=\"es_MX\" \/>\n<meta property=\"og:type\" content=\"article\" \/>\n<meta property=\"og:title\" content=\"Decanter centrifuge - Solids Control World\" \/>\n<meta property=\"og:description\" content=\"OFFICE   Address:  Room 1924 ,Block D ,Wanda plaza, Tangshan city,\u00a0 China.  Contact  info@solidscontrolworld.com  Tel:  +86-18034158133  Fax:  +86-315-7651760  Website:www.solidscontrolworld.com  Opening Hours: Mon-Fri: 8:00-17:30\" \/>\n<meta property=\"og:url\" content=\"https:\/\/solidscontrolworld.com\/es\/product\/centrifuga-decantadora\/\" \/>\n<meta property=\"og:site_name\" content=\"Solids Control World\" \/>\n<meta property=\"article:modified_time\" content=\"2024-10-24T14:00:16+00:00\" \/>\n<meta property=\"og:image\" content=\"https:\/\/solidscontrolworld.com\/wp-content\/uploads\/2021\/05\/\u7a3f\u5b9a\u8bbe\u8ba1-12.png\" \/>\n\t<meta property=\"og:image:width\" content=\"272\" \/>\n\t<meta property=\"og:image:height\" content=\"200\" \/>\n\t<meta property=\"og:image:type\" content=\"image\/png\" \/>\n<meta name=\"twitter:card\" content=\"summary_large_image\" \/>\n<meta name=\"twitter:label1\" content=\"Tiempo de lectura\" \/>\n\t<meta name=\"twitter:data1\" content=\"3 minutos\" \/>\n<!-- \/ Yoast SEO plugin. -->","yoast_head_json":{"title":"Centr\u00edfuga decantadora - Solids Control World","robots":{"index":"index","follow":"follow","max-snippet":"max-snippet:-1","max-image-preview":"max-image-preview:large","max-video-preview":"max-video-preview:-1"},"canonical":"https:\/\/solidscontrolworld.com\/es\/product\/centrifuga-decantadora\/","og_locale":"es_MX","og_type":"article","og_title":"Decanter centrifuge - Solids Control World","og_description":"OFFICE   Address:  Room 1924 ,Block D ,Wanda plaza, Tangshan city,\u00a0 China.  Contact  info@solidscontrolworld.com  Tel:  +86-18034158133  Fax:  +86-315-7651760  Website:www.solidscontrolworld.com  Opening Hours: Mon-Fri: 8:00-17:30","og_url":"https:\/\/solidscontrolworld.com\/es\/product\/centrifuga-decantadora\/","og_site_name":"Solids Control World","article_modified_time":"2024-10-24T14:00:16+00:00","og_image":[{"width":272,"height":200,"url":"https:\/\/solidscontrolworld.com\/wp-content\/uploads\/2021\/05\/\u7a3f\u5b9a\u8bbe\u8ba1-12.png","type":"image\/png"}],"twitter_card":"summary_large_image","twitter_misc":{"Tiempo de lectura":"3 minutos"},"schema":{"@context":"https:\/\/schema.org","@graph":[{"@type":"WebPage","@id":"https:\/\/solidscontrolworld.com\/product\/decanter-centrifuge\/","url":"https:\/\/solidscontrolworld.com\/product\/decanter-centrifuge\/","name":"Centr\u00edfuga decantadora - Solids Control World","isPartOf":{"@id":"https:\/\/solidscontrolworld.com\/#website"},"primaryImageOfPage":{"@id":"https:\/\/solidscontrolworld.com\/product\/decanter-centrifuge\/#primaryimage"},"image":{"@id":"https:\/\/solidscontrolworld.com\/product\/decanter-centrifuge\/#primaryimage"},"thumbnailUrl":"https:\/\/solidscontrolworld.com\/wp-content\/uploads\/2021\/05\/\u7a3f\u5b9a\u8bbe\u8ba1-12.png","datePublished":"2021-05-05T14:01:45+00:00","dateModified":"2024-10-24T14:00:16+00:00","breadcrumb":{"@id":"https:\/\/solidscontrolworld.com\/product\/decanter-centrifuge\/#breadcrumb"},"inLanguage":"es","potentialAction":[{"@type":"ReadAction","target":["https:\/\/solidscontrolworld.com\/product\/decanter-centrifuge\/"]}]},{"@type":"ImageObject","inLanguage":"es","@id":"https:\/\/solidscontrolworld.com\/product\/decanter-centrifuge\/#primaryimage","url":"https:\/\/solidscontrolworld.com\/wp-content\/uploads\/2021\/05\/\u7a3f\u5b9a\u8bbe\u8ba1-12.png","contentUrl":"https:\/\/solidscontrolworld.com\/wp-content\/uploads\/2021\/05\/\u7a3f\u5b9a\u8bbe\u8ba1-12.png","width":272,"height":200},{"@type":"BreadcrumbList","@id":"https:\/\/solidscontrolworld.com\/product\/decanter-centrifuge\/#breadcrumb","itemListElement":[{"@type":"ListItem","position":1,"name":"Home","item":"https:\/\/solidscontrolworld.com\/"},{"@type":"ListItem","position":2,"name":"Products","item":"https:\/\/solidscontrolworld.com\/shop\/"},{"@type":"ListItem","position":3,"name":"Decanter centrifuge"}]},{"@type":"WebSite","@id":"https:\/\/solidscontrolworld.com\/#website","url":"https:\/\/solidscontrolworld.com\/","name":"Mundo de control de s\u00f3lidos","description":"","publisher":{"@id":"https:\/\/solidscontrolworld.com\/#\/schema\/person\/2c126362537c0f0e6d4a8dfba9fc68b0"},"potentialAction":[{"@type":"SearchAction","target":{"@type":"EntryPoint","urlTemplate":"https:\/\/solidscontrolworld.com\/?s={search_term_string}"},"query-input":{"@type":"PropertyValueSpecification","valueRequired":true,"valueName":"search_term_string"}}],"inLanguage":"es"},{"@type":["Person","Organization"],"@id":"https:\/\/solidscontrolworld.com\/#\/schema\/person\/2c126362537c0f0e6d4a8dfba9fc68b0","name":"mundodecontroldes\u00f3lidos","logo":{"@id":"https:\/\/solidscontrolworld.com\/#\/schema\/person\/image\/"},"sameAs":["https:\/\/solidscontrolworld.com"]}]}},"_links":{"self":[{"href":"https:\/\/solidscontrolworld.com\/es\/wp-json\/wp\/v2\/product\/1400","targetHints":{"allow":["GET"]}}],"collection":[{"href":"https:\/\/solidscontrolworld.com\/es\/wp-json\/wp\/v2\/product"}],"about":[{"href":"https:\/\/solidscontrolworld.com\/es\/wp-json\/wp\/v2\/types\/product"}],"replies":[{"embeddable":true,"href":"https:\/\/solidscontrolworld.com\/es\/wp-json\/wp\/v2\/comments?post=1400"}],"version-history":[{"count":1,"href":"https:\/\/solidscontrolworld.com\/es\/wp-json\/wp\/v2\/product\/1400\/revisions"}],"predecessor-version":[{"id":11208,"href":"https:\/\/solidscontrolworld.com\/es\/wp-json\/wp\/v2\/product\/1400\/revisions\/11208"}],"wp:featuredmedia":[{"embeddable":true,"href":"https:\/\/solidscontrolworld.com\/es\/wp-json\/wp\/v2\/media\/1401"}],"wp:attachment":[{"href":"https:\/\/solidscontrolworld.com\/es\/wp-json\/wp\/v2\/media?parent=1400"}],"wp:term":[{"taxonomy":"product_brand","embeddable":true,"href":"https:\/\/solidscontrolworld.com\/es\/wp-json\/wp\/v2\/product_brand?post=1400"},{"taxonomy":"product_cat","embeddable":true,"href":"https:\/\/solidscontrolworld.com\/es\/wp-json\/wp\/v2\/product_cat?post=1400"},{"taxonomy":"product_tag","embeddable":true,"href":"https:\/\/solidscontrolworld.com\/es\/wp-json\/wp\/v2\/product_tag?post=1400"}],"curies":[{"name":"wp","href":"https:\/\/api.w.org\/{rel}","templated":true}]}}