{"id":1404,"date":"2021-05-05T14:07:44","date_gmt":"2021-05-05T14:07:44","guid":{"rendered":"https:\/\/solidscontrolworld.com\/?post_type=product&#038;p=1404"},"modified":"2024-10-24T14:01:14","modified_gmt":"2024-10-24T14:01:14","slug":"bomba-de-lodos-sumergible","status":"publish","type":"product","link":"https:\/\/solidscontrolworld.com\/es\/product\/bomba-de-lodos-sumergible\/","title":{"rendered":"Bomba de lodos sumergible"},"content":{"rendered":"<div class=\"flex_column av_one_full flex_column_div av-zero-column-padding first avia-builder-el-3 el_after_av_one_full el_before_av_textblock column-top-margin\">\n<section class=\"av_textblock_section\">\n<div class=\"avia_textblock\">\n<table border=\"0\" width=\"1116\" cellspacing=\"0\" cellpadding=\"0\">\n<tbody>\n<tr>\n<td class=\"kso0\" width=\"257\">\u00a0Modelo<\/td>\n<td class=\"kso1\" width=\"171\">\u00a0Caudal (m3\/h)<\/td>\n<td class=\"kso2\" width=\"170\">\u00a0Elevaci\u00f3n (m)<\/td>\n<td class=\"kso3\" width=\"171\">\u00a0Velocidad (r\/min)<\/td>\n<td class=\"kso4\" width=\"171\">\u00a0Eficiencia (%)<\/td>\n<td class=\"kso5\" width=\"173\">\u00a0Potencia (KW)<\/td>\n<\/tr>\n<tr>\n<td class=\"kso6\" width=\"257\">AB50YZ20-18<\/td>\n<td class=\"kso7\" width=\"171\">20<\/td>\n<td class=\"kso8\" width=\"170\">18<\/td>\n<td class=\"kso9\" width=\"171\">1450<\/td>\n<td class=\"kso10\" width=\"171\">42<\/td>\n<td class=\"kso11\" width=\"173\">3<\/td>\n<\/tr>\n<tr>\n<td class=\"kso12\" width=\"257\">AB50YZ40-10<\/td>\n<td class=\"kso13\" width=\"171\">40<\/td>\n<td class=\"kso14\" width=\"170\">10.5<\/td>\n<td class=\"kso15\" width=\"171\">1450<\/td>\n<td class=\"kso16\" width=\"171\">47<\/td>\n<td class=\"kso17\" width=\"173\">4<\/td>\n<\/tr>\n<tr>\n<td class=\"kso18\" width=\"257\">AB50YZ50-12<\/td>\n<td class=\"kso19\" width=\"171\">60<\/td>\n<td class=\"kso20\" width=\"170\">10.8<\/td>\n<td class=\"kso21\" width=\"171\">1450<\/td>\n<td class=\"kso22\" width=\"171\">55<\/td>\n<td class=\"kso23\" width=\"173\">5.5<\/td>\n<\/tr>\n<tr>\n<td class=\"kso24\" width=\"257\">AB80YZ50-20<\/td>\n<td class=\"kso25\" width=\"171\">60<\/td>\n<td class=\"kso26\" width=\"170\">18<\/td>\n<td class=\"kso27\" width=\"171\">1450<\/td>\n<td class=\"kso28\" width=\"171\">48<\/td>\n<td class=\"kso29\" width=\"173\">7.5<\/td>\n<\/tr>\n<tr>\n<td class=\"kso30\" width=\"257\">AB80YZ80-20B<\/td>\n<td class=\"kso31\" width=\"171\">80<\/td>\n<td class=\"kso32\" width=\"170\">13.4<\/td>\n<td class=\"kso33\" width=\"171\">1450<\/td>\n<td class=\"kso34\" width=\"171\">51<\/td>\n<td class=\"kso35\" width=\"173\">7.5<\/td>\n<\/tr>\n<tr>\n<td class=\"kso36\" width=\"257\">AB80YZ80-20A<\/td>\n<td class=\"kso37\" width=\"171\">90<\/td>\n<td class=\"kso38\" width=\"170\">15<\/td>\n<td class=\"kso39\" width=\"171\">1450<\/td>\n<td class=\"kso40\" width=\"171\">51<\/td>\n<td class=\"kso41\" width=\"173\">11<\/td>\n<\/tr>\n<tr>\n<td class=\"kso42\" width=\"257\">AB100YZ100-30<\/td>\n<td class=\"kso43\" width=\"171\">100<\/td>\n<td class=\"kso44\" width=\"170\">31<\/td>\n<td class=\"kso45\" width=\"171\">1450<\/td>\n<td class=\"kso46\" width=\"171\">54<\/td>\n<td class=\"kso47\" width=\"173\">22<\/td>\n<\/tr>\n<tr>\n<td class=\"kso48\" width=\"257\">AB100YZ100-30A<\/td>\n<td class=\"kso49\" width=\"171\">110<\/td>\n<td class=\"kso50\" width=\"170\">24<\/td>\n<td class=\"kso51\" width=\"171\">1450<\/td>\n<td class=\"kso52\" width=\"171\">54<\/td>\n<td class=\"kso53\" width=\"173\">18.5<\/td>\n<\/tr>\n<tr>\n<td class=\"kso54\" width=\"257\">AB100YZ160-38B<\/td>\n<td class=\"kso55\" width=\"171\">164<\/td>\n<td class=\"kso56\" width=\"170\">26<\/td>\n<td class=\"kso57\" width=\"171\">1450<\/td>\n<td class=\"kso58\" width=\"171\">50<\/td>\n<td class=\"kso59\" width=\"173\">30<\/td>\n<\/tr>\n<tr>\n<td class=\"kso60\" width=\"257\">AB150YZ250-40B<\/td>\n<td class=\"kso61\" width=\"171\">240<\/td>\n<td class=\"kso62\" width=\"170\">24<\/td>\n<td class=\"kso63\" width=\"171\">1450<\/td>\n<td class=\"kso64\" width=\"171\">50<\/td>\n<td class=\"kso65\" width=\"173\">37<\/td>\n<\/tr>\n<tr>\n<td class=\"kso66\" width=\"257\">AB150YZ250-40A<\/td>\n<td class=\"kso67\" width=\"171\">270<\/td>\n<td class=\"kso68\" width=\"170\">30<\/td>\n<td class=\"kso69\" width=\"171\">1450<\/td>\n<td class=\"kso70\" width=\"171\">51<\/td>\n<td class=\"kso71\" width=\"173\">45<\/td>\n<\/tr>\n<\/tbody>\n<\/table>\n<\/div>\n<\/section>\n<\/div>\n<section class=\"av_textblock_section\">\n<div class=\"avia_textblock\">\n<h2>BOMBA SUMERGIBLE PARA LODOS<\/h2>\n<p>Estas bombas de alta resistencia son muy \u00fatiles para bombear todo tipo de l\u00edquidos pesados que contienen part\u00edculas s\u00f3lidas. Pueden utilizarse para diversos fines, como la industria, la construcci\u00f3n, el alcantarillado, etc. Quienes trabajan en estas profesiones conocen la importancia de las bombas sumergibles para lodos.<\/p>\n<h2>CARACTER\u00cdSTICAS DE LA BOMBA DE LODOS SUMERGIBLE<\/h2>\n<p>Las bombas sumergibles para lodos, fabricadas especialmente por nosotros, ofrecen m\u00faltiples caracter\u00edsticas. Analicemos algunas de las m\u00e1s prometedoras.<\/p>\n<h3>Modelos de bombas sumergibles para lodos<\/h3>\n<p>Ofrecemos 13 tipos de bombas sumergibles para lodos, utilizadas en diversos fines industriales. Puede elegir el modelo que mejor se adapte a sus necesidades.<\/p>\n<h3>Flujo m\u00e1ximo y elevaci\u00f3n<\/h3>\n<p>Las bombas sumergibles para lodos se utilizan para regular el caudal de fluidos, especialmente aquellos con gran cantidad de part\u00edculas s\u00f3lidas. Por ello, el caudal y la elevaci\u00f3n m\u00e1ximos de nuestro producto son muy elevados, lo que lo hace m\u00e1s eficiente.<\/p>\n<h3>M\u00e1xima eficiencia y velocidad<\/h3>\n<p>La velocidad del agua es tambi\u00e9n una de las caracter\u00edsticas m\u00e1s importantes de la bomba sumergible para lodos. Nos hemos preocupado por ello, brind\u00e1ndoles la m\u00e1xima eficiencia y velocidad. Es una excelente opci\u00f3n para bombear fluidos con part\u00edculas grandes, especialmente en aplicaciones industriales y comerciales.<\/p>\n<h2>BENEFICIOS DE LA BOMBA DE DIAFRAGMA<\/h2>\n<p>Las bombas de lodos sumergibles tienen diversas ventajas, especialmente en el sector industrial.<\/p>\n<p><strong>Las bombas de lodos sumergibles son muy convenientes para el movimiento de fluidos que tienen part\u00edculas s\u00f3lidas grandes.\u00a0<\/strong><\/p>\n<p><strong>Son bombas de servicio pesado que se utilizan para prop\u00f3sitos importantes. Sin bombas de lodos sumergibles es muy dif\u00edcil mover fluidos que contienen part\u00edculas grandes.\u00a0<\/strong><\/p>\n<p><strong>Puede completar su tarea m\u00e1s r\u00e1pidamente si utiliza una bomba de lodos sumergible.<\/strong><\/p>\n<p><strong>Ofrecemos una de las variedades m\u00e1s sorprendentes de bombas de lodos sumergibles que puede conseguir a precios asequibles.\u00a0<\/strong><\/p>\n<p><strong>La eficiencia y el rendimiento de las bombas de lodos sumergibles que proporcionamos son muy altos, lo que puede hacer que su tarea industrial sea conveniente y f\u00e1cil.<\/strong><\/p>\n<p><strong>Ahorrar\u00e1s mucho tiempo que podr\u00e1s invertir en otras tareas diversas.<\/strong><\/p>\n<p><strong>Son muy beneficiosos para las personas que trabajan en industrias, obras de construcci\u00f3n y empresas de alcantarillado.\u00a0<\/strong><\/p>\n<p>Las bombas sumergibles para lodos son muy \u00fatiles para tareas industriales. A continuaci\u00f3n, se describen algunas de las caracter\u00edsticas y ventajas m\u00e1s destacadas que ofrecen nuestros productos. Puede consultar nuestra amplia gama de bombas sumergibles para lodos y adquirir el producto que mejor se adapte a sus necesidades.<\/p>\n<p>Tambi\u00e9n echa un vistazo\u00a0<a href=\"https:\/\/solidscontrolworld.com\/es\/bomba-de-lodos\/\">Bomba de lodos<\/a>\u00a0de nuestra tienda.<\/p>\n<\/div>\n<\/section>","protected":false},"excerpt":{"rendered":"<h3 class=\"widgettitle\">OFICINA<\/h3>\n<div class=\"textwidget\">\n<p><strong>DIRECCI\u00d3N:<\/strong><\/p>\n<p>Habitaci\u00f3n 1924, Bloque D, Plaza Wanda, ciudad de Tangshan, China.<\/p>\n<p><strong>Contacto<\/strong><\/p>\n<p>info@solidscontrolworld.com<\/p>\n<p><strong>Tel\u00e9fono:<\/strong><\/p>\n<p>+86-18034158133<\/p>\n<p><strong>Fax:<\/strong><\/p>\n<p>+86-315-7651760<\/p>\n<p>Sitio web: www.solidscontrolworld.com<\/p>\n<p><strong>Horario de apertura:<\/strong><br \/>\nLunes a viernes: 8:00-17:30<\/p>\n<\/div>","protected":false},"featured_media":1405,"comment_status":"open","ping_status":"closed","template":"","meta":{"_seopress_robots_primary_cat":"none","_seopress_titles_title":"","_seopress_titles_desc":"","_seopress_robots_index":""},"product_brand":[],"product_cat":[57],"product_tag":[],"class_list":{"0":"post-1404","1":"product","2":"type-product","3":"status-publish","4":"has-post-thumbnail","6":"product_cat-solids-control-equipments","8":"first","9":"instock","10":"shipping-taxable","11":"product-type-simple"},"yoast_head":"<!-- This site is optimized with the Yoast SEO plugin v25.1 - https:\/\/yoast.com\/wordpress\/plugins\/seo\/ -->\n<title>Submersible slurry pump - Solids Control World<\/title>\n<meta name=\"robots\" content=\"index, follow, max-snippet:-1, max-image-preview:large, max-video-preview:-1\" \/>\n<link rel=\"canonical\" href=\"https:\/\/solidscontrolworld.com\/es\/product\/bomba-de-lodos-sumergible\/\" \/>\n<meta property=\"og:locale\" content=\"es_MX\" \/>\n<meta property=\"og:type\" content=\"article\" \/>\n<meta property=\"og:title\" content=\"Submersible slurry pump - Solids Control World\" \/>\n<meta property=\"og:description\" content=\"OFFICE   Address:  Room 1924 ,Block D ,Wanda plaza, Tangshan city,\u00a0 China.  Contact  info@solidscontrolworld.com  Tel:  +86-18034158133  Fax:  +86-315-7651760  Website:www.solidscontrolworld.com  Opening Hours: Mon-Fri: 8:00-17:30\" \/>\n<meta property=\"og:url\" content=\"https:\/\/solidscontrolworld.com\/es\/product\/bomba-de-lodos-sumergible\/\" \/>\n<meta property=\"og:site_name\" content=\"Solids Control World\" \/>\n<meta property=\"article:modified_time\" content=\"2024-10-24T14:01:14+00:00\" \/>\n<meta property=\"og:image\" content=\"https:\/\/solidscontrolworld.com\/wp-content\/uploads\/2021\/05\/\u7a3f\u5b9a\u8bbe\u8ba1-18-300x192-1.jpg\" \/>\n\t<meta property=\"og:image:width\" content=\"300\" \/>\n\t<meta property=\"og:image:height\" content=\"192\" \/>\n\t<meta property=\"og:image:type\" content=\"image\/jpeg\" \/>\n<meta name=\"twitter:card\" content=\"summary_large_image\" \/>\n<meta name=\"twitter:label1\" content=\"Tiempo de lectura\" \/>\n\t<meta name=\"twitter:data1\" content=\"3 minutos\" \/>\n<!-- \/ Yoast SEO plugin. -->","yoast_head_json":{"title":"Bomba sumergible para lodos - Solids Control World","robots":{"index":"index","follow":"follow","max-snippet":"max-snippet:-1","max-image-preview":"max-image-preview:large","max-video-preview":"max-video-preview:-1"},"canonical":"https:\/\/solidscontrolworld.com\/es\/product\/bomba-de-lodos-sumergible\/","og_locale":"es_MX","og_type":"article","og_title":"Submersible slurry pump - Solids Control World","og_description":"OFFICE   Address:  Room 1924 ,Block D ,Wanda plaza, Tangshan city,\u00a0 China.  Contact  info@solidscontrolworld.com  Tel:  +86-18034158133  Fax:  +86-315-7651760  Website:www.solidscontrolworld.com  Opening Hours: Mon-Fri: 8:00-17:30","og_url":"https:\/\/solidscontrolworld.com\/es\/product\/bomba-de-lodos-sumergible\/","og_site_name":"Solids Control World","article_modified_time":"2024-10-24T14:01:14+00:00","og_image":[{"width":300,"height":192,"url":"https:\/\/solidscontrolworld.com\/wp-content\/uploads\/2021\/05\/\u7a3f\u5b9a\u8bbe\u8ba1-18-300x192-1.jpg","type":"image\/jpeg"}],"twitter_card":"summary_large_image","twitter_misc":{"Tiempo de lectura":"3 minutos"},"schema":{"@context":"https:\/\/schema.org","@graph":[{"@type":"WebPage","@id":"https:\/\/solidscontrolworld.com\/product\/submersible-slurry-pump\/","url":"https:\/\/solidscontrolworld.com\/product\/submersible-slurry-pump\/","name":"Bomba sumergible para lodos - Solids Control World","isPartOf":{"@id":"https:\/\/solidscontrolworld.com\/#website"},"primaryImageOfPage":{"@id":"https:\/\/solidscontrolworld.com\/product\/submersible-slurry-pump\/#primaryimage"},"image":{"@id":"https:\/\/solidscontrolworld.com\/product\/submersible-slurry-pump\/#primaryimage"},"thumbnailUrl":"https:\/\/solidscontrolworld.com\/wp-content\/uploads\/2021\/05\/\u7a3f\u5b9a\u8bbe\u8ba1-18-300x192-1.jpg","datePublished":"2021-05-05T14:07:44+00:00","dateModified":"2024-10-24T14:01:14+00:00","breadcrumb":{"@id":"https:\/\/solidscontrolworld.com\/product\/submersible-slurry-pump\/#breadcrumb"},"inLanguage":"es","potentialAction":[{"@type":"ReadAction","target":["https:\/\/solidscontrolworld.com\/product\/submersible-slurry-pump\/"]}]},{"@type":"ImageObject","inLanguage":"es","@id":"https:\/\/solidscontrolworld.com\/product\/submersible-slurry-pump\/#primaryimage","url":"https:\/\/solidscontrolworld.com\/wp-content\/uploads\/2021\/05\/\u7a3f\u5b9a\u8bbe\u8ba1-18-300x192-1.jpg","contentUrl":"https:\/\/solidscontrolworld.com\/wp-content\/uploads\/2021\/05\/\u7a3f\u5b9a\u8bbe\u8ba1-18-300x192-1.jpg","width":300,"height":192},{"@type":"BreadcrumbList","@id":"https:\/\/solidscontrolworld.com\/product\/submersible-slurry-pump\/#breadcrumb","itemListElement":[{"@type":"ListItem","position":1,"name":"Home","item":"https:\/\/solidscontrolworld.com\/"},{"@type":"ListItem","position":2,"name":"Products","item":"https:\/\/solidscontrolworld.com\/shop\/"},{"@type":"ListItem","position":3,"name":"Submersible slurry pump"}]},{"@type":"WebSite","@id":"https:\/\/solidscontrolworld.com\/#website","url":"https:\/\/solidscontrolworld.com\/","name":"Mundo de control de s\u00f3lidos","description":"","publisher":{"@id":"https:\/\/solidscontrolworld.com\/#\/schema\/person\/2c126362537c0f0e6d4a8dfba9fc68b0"},"potentialAction":[{"@type":"SearchAction","target":{"@type":"EntryPoint","urlTemplate":"https:\/\/solidscontrolworld.com\/?s={search_term_string}"},"query-input":{"@type":"PropertyValueSpecification","valueRequired":true,"valueName":"search_term_string"}}],"inLanguage":"es"},{"@type":["Person","Organization"],"@id":"https:\/\/solidscontrolworld.com\/#\/schema\/person\/2c126362537c0f0e6d4a8dfba9fc68b0","name":"mundodecontroldes\u00f3lidos","logo":{"@id":"https:\/\/solidscontrolworld.com\/#\/schema\/person\/image\/"},"sameAs":["https:\/\/solidscontrolworld.com"]}]}},"_links":{"self":[{"href":"https:\/\/solidscontrolworld.com\/es\/wp-json\/wp\/v2\/product\/1404","targetHints":{"allow":["GET"]}}],"collection":[{"href":"https:\/\/solidscontrolworld.com\/es\/wp-json\/wp\/v2\/product"}],"about":[{"href":"https:\/\/solidscontrolworld.com\/es\/wp-json\/wp\/v2\/types\/product"}],"replies":[{"embeddable":true,"href":"https:\/\/solidscontrolworld.com\/es\/wp-json\/wp\/v2\/comments?post=1404"}],"version-history":[{"count":1,"href":"https:\/\/solidscontrolworld.com\/es\/wp-json\/wp\/v2\/product\/1404\/revisions"}],"predecessor-version":[{"id":11209,"href":"https:\/\/solidscontrolworld.com\/es\/wp-json\/wp\/v2\/product\/1404\/revisions\/11209"}],"wp:featuredmedia":[{"embeddable":true,"href":"https:\/\/solidscontrolworld.com\/es\/wp-json\/wp\/v2\/media\/1405"}],"wp:attachment":[{"href":"https:\/\/solidscontrolworld.com\/es\/wp-json\/wp\/v2\/media?parent=1404"}],"wp:term":[{"taxonomy":"product_brand","embeddable":true,"href":"https:\/\/solidscontrolworld.com\/es\/wp-json\/wp\/v2\/product_brand?post=1404"},{"taxonomy":"product_cat","embeddable":true,"href":"https:\/\/solidscontrolworld.com\/es\/wp-json\/wp\/v2\/product_cat?post=1404"},{"taxonomy":"product_tag","embeddable":true,"href":"https:\/\/solidscontrolworld.com\/es\/wp-json\/wp\/v2\/product_tag?post=1404"}],"curies":[{"name":"wp","href":"https:\/\/api.w.org\/{rel}","templated":true}]}}