{"id":1406,"date":"2021-05-05T14:10:15","date_gmt":"2021-05-05T14:10:15","guid":{"rendered":"https:\/\/solidscontrolworld.com\/?post_type=product&#038;p=1406"},"modified":"2022-08-24T05:23:23","modified_gmt":"2022-08-24T05:23:23","slug":"bomba-de-tornillo","status":"publish","type":"product","link":"https:\/\/solidscontrolworld.com\/es\/product\/bomba-de-tornillo\/","title":{"rendered":"Bomba de tornillo"},"content":{"rendered":"<div class=\"flex_column av_one_full flex_column_div av-zero-column-padding first avia-builder-el-2 el_after_av_one_full el_before_av_textblock column-top-margin\">\n<section class=\"av_textblock_section\">\n<div class=\"avia_textblock\">\n<table border=\"0\" width=\"1017\" cellspacing=\"0\" cellpadding=\"0\">\n<tbody>\n<tr>\n<td class=\"kso0\" width=\"145\">Modelo<\/td>\n<td class=\"kso1\" width=\"145\">Capacidad<\/td>\n<td class=\"kso2\" width=\"145\">Presi\u00f3n<\/td>\n<td class=\"kso3\" width=\"145\">Velocidad m\u00e1xima<\/td>\n<td class=\"kso4\" width=\"145\">Fuerza<\/td>\n<td class=\"kso5\" width=\"145\">Entrada<\/td>\n<td class=\"kso6\" width=\"145\">Salida<\/td>\n<\/tr>\n<tr>\n<td class=\"kso7\" width=\"145\">ABG701<\/td>\n<td class=\"kso8\" width=\"145\">44 m\u00b3\/h<\/td>\n<td class=\"kso9\" width=\"145\">0,3 Mpa<\/td>\n<td class=\"kso10\" width=\"145\">720 RPM<\/td>\n<td class=\"kso11\" width=\"145\">11 kW<\/td>\n<td class=\"kso12\" width=\"145\">150 mm<\/td>\n<td class=\"kso13\" width=\"145\">125 mm<\/td>\n<\/tr>\n<tr>\n<td class=\"kso14\" width=\"145\">ABG851<\/td>\n<td class=\"kso15\" width=\"145\">55 m\u00b3\/h<\/td>\n<td class=\"kso16\" width=\"145\">0,3 Mpa<\/td>\n<td class=\"kso17\" width=\"145\">720 RPM<\/td>\n<td class=\"kso18\" width=\"145\">15 kW<\/td>\n<td class=\"kso19\" width=\"145\">150 mm<\/td>\n<td class=\"kso20\" width=\"145\">150 mm<\/td>\n<\/tr>\n<tr>\n<td class=\"kso21\" width=\"145\">ABG851<\/td>\n<td class=\"kso22\" width=\"145\">55 m\u00b3\/h<\/td>\n<td class=\"kso23\" width=\"145\">0,3 Mpa<\/td>\n<td class=\"kso24\" width=\"145\">550 RPM<\/td>\n<td class=\"kso25\" width=\"145\">15 kW<\/td>\n<td class=\"kso26\" width=\"145\">150 mm<\/td>\n<td class=\"kso27\" width=\"145\">125 mm<\/td>\n<\/tr>\n<tr>\n<td class=\"kso28\" width=\"145\">ABG1051<\/td>\n<td class=\"kso29\" width=\"145\">65 m\u00b3\/h<\/td>\n<td class=\"kso30\" width=\"145\">0,3 Mpa<\/td>\n<td class=\"kso31\" width=\"145\">380 RPM<\/td>\n<td class=\"kso32\" width=\"145\">18,5 kW<\/td>\n<td class=\"kso33\" width=\"145\">200 mm<\/td>\n<td class=\"kso34\" width=\"145\">150 mm<\/td>\n<\/tr>\n<tr>\n<td class=\"kso35\" width=\"145\">ABG1051<\/td>\n<td class=\"kso36\" width=\"145\">87 m\u00b3\/h<\/td>\n<td class=\"kso37\" width=\"145\">0,3 Mpa<\/td>\n<td class=\"kso38\" width=\"145\">500 RPM<\/td>\n<td class=\"kso39\" width=\"145\">22 kW<\/td>\n<td class=\"kso40\" width=\"145\">200 mm<\/td>\n<td class=\"kso41\" width=\"145\">150 mm<\/td>\n<\/tr>\n<\/tbody>\n<\/table>\n<\/div>\n<\/section>\n<\/div>\n<section class=\"av_textblock_section\">\n<div class=\"avia_textblock\">\n<h2>BOMBA DE TORNILLO<\/h2>\n<p>La bomba de tornillo se utiliza en la industria. Permite el movimiento de fluidos y s\u00f3lidos a lo largo de su eje. Tambi\u00e9n conocida como bomba de tornillo de agua, utiliza una o varias t\u00e9cnicas para mover el fluido a lo largo de su eje en los m\u00e9todos de fabricaci\u00f3n e industriales.<\/p>\n<h2>CARACTER\u00cdSTICAS DE LA BOMBA DE TORNILLO<\/h2>\n<p>Nuestras bombas de tornillo le ofrecen varias caracter\u00edsticas para que su experiencia industrial sea m\u00e1s f\u00e1cil y c\u00f3moda.<\/p>\n<p><strong>Puede obtener diferentes modelos de bombas de tornillo seg\u00fan su prop\u00f3sito. Ofrecemos un total de 5 modelos de bombas de tornillo para su comodidad. Todos nuestros modelos son eficientes y de alta calidad, lo que facilita su trabajo.\u00a0<\/strong><\/p>\n<p><strong>La capacidad es fundamental, ya que determina la cantidad de fluido que una bomba de tornillo puede bombear a trav\u00e9s del acceso. Por eso, fabricamos nuestros productos con una alta capacidad para bombear fluido.\u00a0<\/strong><\/p>\n<p><strong>Las bombas de tornillo son eficaces si pueden bombear el fluido mediante presi\u00f3n. Todos los modelos de bombas de tornillo que ofrecemos tienen una presi\u00f3n espec\u00edfica.\u00a0<\/strong><\/p>\n<p><strong>La velocidad m\u00e1xima de la bomba de tornillo tambi\u00e9n determina su eficacia. Por eso hemos fabricado bombas de tornillo que proporcionan alta velocidad para el movimiento de fluidos.\u00a0<\/strong><\/p>\n<h2>BENEFICIOS DE LAS BOMBAS DE TORNILLO<\/h2>\n<p>Las bombas de tornillo ofrecen numerosos beneficios que pueden resultar muy importantes para completar sus tareas industriales.<\/p>\n<p><strong>Las bombas de tornillo le permiten tener poder al permitir que el fluido y el s\u00f3lido exactos requeridos en un momento espec\u00edfico pasen a trav\u00e9s del eje del tornillo.\u00a0<\/strong><\/p>\n<p><strong>Pueden hacer que el flujo de fluidos y s\u00f3lidos sea conveniente con la presi\u00f3n de sus necesidades.\u00a0<\/strong><\/p>\n<p><strong>Las bombas de tornillo que fabricamos tambi\u00e9n tienen alta potencia y velocidad, lo que las hace eficientes.\u00a0<\/strong><\/p>\n<p><strong>Puedes adquirir bombas de tornillo en diferentes modelos a precios asequibles.\u00a0<\/strong><\/p>\n<p><strong>El uso de nuestras bombas de tornillo puede ahorrarle mucho tiempo porque son eficientes y tienen una gran potencia para pasar el fluido y el s\u00f3lido.<\/strong><\/p>\n<p><strong>Las bombas de tornillo que proporcionamos son duraderas y de larga duraci\u00f3n, por lo que pueden usarse durante m\u00e1s tiempo.<\/strong><\/p>\n<\/div>\n<h3>Conclusi\u00f3n<\/h3>\n<p>Se mencionan algunas de las caracter\u00edsticas y ventajas espec\u00edficas de las bombas de tornillo que fabricamos. Le recomendamos adquirir estas bombas de tornillo, especialmente dise\u00f1adas para mejorar y hacer m\u00e1s c\u00f3moda su experiencia industrial.<\/p>\n<p>Tambi\u00e9n echa un vistazo\u00a0<a href=\"https:\/\/solidscontrolworld.com\/es\/bomba-de-corte\/\">bomba de corte<\/a>\u00a0de nuestra tienda.<\/p>\n<\/section>","protected":false},"excerpt":{"rendered":"<h3 class=\"widgettitle\">OFICINA<\/h3>\n<div class=\"textwidget\">\n<p><strong>DIRECCI\u00d3N:<\/strong><\/p>\n<p>Habitaci\u00f3n 1924, Bloque D, Plaza Wanda, ciudad de Tangshan, China.<\/p>\n<p><strong>Contacto<\/strong><\/p>\n<p>info@solidscontrolworld.com<\/p>\n<p><strong>Tel\u00e9fono:<\/strong><\/p>\n<p>+86-18034158133<\/p>\n<p><strong>Fax:<\/strong><\/p>\n<p>+86-315-7651760<\/p>\n<p>Sitio web: www.solidscontrolworld.com<\/p>\n<p><strong>Horario de apertura:<\/strong><br \/>\nLunes a viernes: 8:00-17:30<\/p>\n<\/div>","protected":false},"featured_media":1407,"comment_status":"open","ping_status":"closed","template":"","meta":{"_seopress_robots_primary_cat":"none","_seopress_titles_title":"","_seopress_titles_desc":"","_seopress_robots_index":""},"product_brand":[],"product_cat":[57],"product_tag":[],"class_list":{"0":"post-1406","1":"product","2":"type-product","3":"status-publish","4":"has-post-thumbnail","6":"product_cat-solids-control-equipments","8":"first","9":"instock","10":"shipping-taxable","11":"product-type-simple"},"yoast_head":"<!-- This site is optimized with the Yoast SEO plugin v25.1 - https:\/\/yoast.com\/wordpress\/plugins\/seo\/ -->\n<title>Screw pump - Solids Control World<\/title>\n<meta name=\"robots\" content=\"index, follow, max-snippet:-1, max-image-preview:large, max-video-preview:-1\" \/>\n<link rel=\"canonical\" href=\"https:\/\/solidscontrolworld.com\/es\/product\/bomba-de-tornillo\/\" \/>\n<meta property=\"og:locale\" content=\"es_MX\" \/>\n<meta property=\"og:type\" content=\"article\" \/>\n<meta property=\"og:title\" content=\"Screw pump - Solids Control World\" \/>\n<meta property=\"og:description\" content=\"OFFICE   Address:  Room 1924 ,Block D ,Wanda plaza, Tangshan city,\u00a0 China.  Contact  info@solidscontrolworld.com  Tel:  +86-18034158133  Fax:  +86-315-7651760  Website:www.solidscontrolworld.com  Opening Hours: Mon-Fri: 8:00-17:30\" \/>\n<meta property=\"og:url\" content=\"https:\/\/solidscontrolworld.com\/es\/product\/bomba-de-tornillo\/\" \/>\n<meta property=\"og:site_name\" content=\"Solids Control World\" \/>\n<meta property=\"article:modified_time\" content=\"2022-08-24T05:23:23+00:00\" \/>\n<meta property=\"og:image\" content=\"https:\/\/solidscontrolworld.com\/wp-content\/uploads\/2021\/05\/\u7a3f\u5b9a\u8bbe\u8ba1-7.png\" \/>\n\t<meta property=\"og:image:width\" content=\"288\" \/>\n\t<meta property=\"og:image:height\" content=\"200\" \/>\n\t<meta property=\"og:image:type\" content=\"image\/png\" \/>\n<meta name=\"twitter:card\" content=\"summary_large_image\" \/>\n<meta name=\"twitter:label1\" content=\"Tiempo de lectura\" \/>\n\t<meta name=\"twitter:data1\" content=\"3 minutos\" \/>\n<!-- \/ Yoast SEO plugin. -->","yoast_head_json":{"title":"Bomba de tornillo - Solids Control World","robots":{"index":"index","follow":"follow","max-snippet":"max-snippet:-1","max-image-preview":"max-image-preview:large","max-video-preview":"max-video-preview:-1"},"canonical":"https:\/\/solidscontrolworld.com\/es\/product\/bomba-de-tornillo\/","og_locale":"es_MX","og_type":"article","og_title":"Screw pump - Solids Control World","og_description":"OFFICE   Address:  Room 1924 ,Block D ,Wanda plaza, Tangshan city,\u00a0 China.  Contact  info@solidscontrolworld.com  Tel:  +86-18034158133  Fax:  +86-315-7651760  Website:www.solidscontrolworld.com  Opening Hours: Mon-Fri: 8:00-17:30","og_url":"https:\/\/solidscontrolworld.com\/es\/product\/bomba-de-tornillo\/","og_site_name":"Solids Control World","article_modified_time":"2022-08-24T05:23:23+00:00","og_image":[{"width":288,"height":200,"url":"https:\/\/solidscontrolworld.com\/wp-content\/uploads\/2021\/05\/\u7a3f\u5b9a\u8bbe\u8ba1-7.png","type":"image\/png"}],"twitter_card":"summary_large_image","twitter_misc":{"Tiempo de lectura":"3 minutos"},"schema":{"@context":"https:\/\/schema.org","@graph":[{"@type":"WebPage","@id":"https:\/\/solidscontrolworld.com\/product\/screw-pump\/","url":"https:\/\/solidscontrolworld.com\/product\/screw-pump\/","name":"Bomba de tornillo - Solids Control World","isPartOf":{"@id":"https:\/\/solidscontrolworld.com\/#website"},"primaryImageOfPage":{"@id":"https:\/\/solidscontrolworld.com\/product\/screw-pump\/#primaryimage"},"image":{"@id":"https:\/\/solidscontrolworld.com\/product\/screw-pump\/#primaryimage"},"thumbnailUrl":"https:\/\/solidscontrolworld.com\/wp-content\/uploads\/2021\/05\/\u7a3f\u5b9a\u8bbe\u8ba1-7.png","datePublished":"2021-05-05T14:10:15+00:00","dateModified":"2022-08-24T05:23:23+00:00","breadcrumb":{"@id":"https:\/\/solidscontrolworld.com\/product\/screw-pump\/#breadcrumb"},"inLanguage":"es","potentialAction":[{"@type":"ReadAction","target":["https:\/\/solidscontrolworld.com\/product\/screw-pump\/"]}]},{"@type":"ImageObject","inLanguage":"es","@id":"https:\/\/solidscontrolworld.com\/product\/screw-pump\/#primaryimage","url":"https:\/\/solidscontrolworld.com\/wp-content\/uploads\/2021\/05\/\u7a3f\u5b9a\u8bbe\u8ba1-7.png","contentUrl":"https:\/\/solidscontrolworld.com\/wp-content\/uploads\/2021\/05\/\u7a3f\u5b9a\u8bbe\u8ba1-7.png","width":288,"height":200},{"@type":"BreadcrumbList","@id":"https:\/\/solidscontrolworld.com\/product\/screw-pump\/#breadcrumb","itemListElement":[{"@type":"ListItem","position":1,"name":"Home","item":"https:\/\/solidscontrolworld.com\/"},{"@type":"ListItem","position":2,"name":"Products","item":"https:\/\/solidscontrolworld.com\/shop\/"},{"@type":"ListItem","position":3,"name":"Screw pump"}]},{"@type":"WebSite","@id":"https:\/\/solidscontrolworld.com\/#website","url":"https:\/\/solidscontrolworld.com\/","name":"Mundo de control de s\u00f3lidos","description":"","publisher":{"@id":"https:\/\/solidscontrolworld.com\/#\/schema\/person\/2c126362537c0f0e6d4a8dfba9fc68b0"},"potentialAction":[{"@type":"SearchAction","target":{"@type":"EntryPoint","urlTemplate":"https:\/\/solidscontrolworld.com\/?s={search_term_string}"},"query-input":{"@type":"PropertyValueSpecification","valueRequired":true,"valueName":"search_term_string"}}],"inLanguage":"es"},{"@type":["Person","Organization"],"@id":"https:\/\/solidscontrolworld.com\/#\/schema\/person\/2c126362537c0f0e6d4a8dfba9fc68b0","name":"mundodecontroldes\u00f3lidos","logo":{"@id":"https:\/\/solidscontrolworld.com\/#\/schema\/person\/image\/"},"sameAs":["https:\/\/solidscontrolworld.com"]}]}},"_links":{"self":[{"href":"https:\/\/solidscontrolworld.com\/es\/wp-json\/wp\/v2\/product\/1406","targetHints":{"allow":["GET"]}}],"collection":[{"href":"https:\/\/solidscontrolworld.com\/es\/wp-json\/wp\/v2\/product"}],"about":[{"href":"https:\/\/solidscontrolworld.com\/es\/wp-json\/wp\/v2\/types\/product"}],"replies":[{"embeddable":true,"href":"https:\/\/solidscontrolworld.com\/es\/wp-json\/wp\/v2\/comments?post=1406"}],"version-history":[{"count":0,"href":"https:\/\/solidscontrolworld.com\/es\/wp-json\/wp\/v2\/product\/1406\/revisions"}],"wp:featuredmedia":[{"embeddable":true,"href":"https:\/\/solidscontrolworld.com\/es\/wp-json\/wp\/v2\/media\/1407"}],"wp:attachment":[{"href":"https:\/\/solidscontrolworld.com\/es\/wp-json\/wp\/v2\/media?parent=1406"}],"wp:term":[{"taxonomy":"product_brand","embeddable":true,"href":"https:\/\/solidscontrolworld.com\/es\/wp-json\/wp\/v2\/product_brand?post=1406"},{"taxonomy":"product_cat","embeddable":true,"href":"https:\/\/solidscontrolworld.com\/es\/wp-json\/wp\/v2\/product_cat?post=1406"},{"taxonomy":"product_tag","embeddable":true,"href":"https:\/\/solidscontrolworld.com\/es\/wp-json\/wp\/v2\/product_tag?post=1406"}],"curies":[{"name":"wp","href":"https:\/\/api.w.org\/{rel}","templated":true}]}}