{"id":1408,"date":"2021-05-05T14:12:35","date_gmt":"2021-05-05T14:12:35","guid":{"rendered":"https:\/\/solidscontrolworld.com\/?post_type=product&#038;p=1408"},"modified":"2022-08-24T05:25:22","modified_gmt":"2022-08-24T05:25:22","slug":"1408","status":"publish","type":"product","link":"https:\/\/solidscontrolworld.com\/es\/product\/1408\/","title":{"rendered":"bomba de corte"},"content":{"rendered":"<div class=\"flex_column av_one_full flex_column_div av-zero-column-padding first avia-builder-el-3 el_after_av_one_full el_before_av_textblock column-top-margin\">\n<section class=\"av_textblock_section\">\n<div class=\"avia_textblock\">\n<table border=\"0\" width=\"993\" cellspacing=\"0\" cellpadding=\"0\">\n<tbody>\n<tr>\n<td class=\"kso0\" width=\"244\">Modelo<\/td>\n<td class=\"kso1\" width=\"374\">ABJQB6545<\/td>\n<td class=\"kso2\" width=\"374\">ABJQB6535<\/td>\n<\/tr>\n<tr>\n<td class=\"kso3\" width=\"244\">Fluir<\/td>\n<td class=\"kso4\" width=\"374\">120 m\u00b3\/h<\/td>\n<td class=\"kso5\" width=\"374\">100 m\u00b3\/h<\/td>\n<\/tr>\n<tr>\n<td class=\"kso6\" width=\"244\">Elevar<\/td>\n<td class=\"kso7\" width=\"374\">45 metros<\/td>\n<td class=\"kso8\" width=\"374\">35 metros<\/td>\n<\/tr>\n<tr>\n<td class=\"kso9\" width=\"244\">Fuerza<\/td>\n<td class=\"kso10\" width=\"374\">55 kW<\/td>\n<td class=\"kso11\" width=\"374\">37 kW<\/td>\n<\/tr>\n<tr>\n<td class=\"kso12\" width=\"244\">Velocidad<\/td>\n<td class=\"kso13\" width=\"374\">1450 rpm<\/td>\n<td class=\"kso14\" width=\"374\">1450 rpm<\/td>\n<\/tr>\n<tr>\n<td class=\"kso15\" width=\"244\">Peso<\/td>\n<td class=\"kso16\" width=\"374\">980 kg<\/td>\n<td class=\"kso17\" width=\"374\">800 kg<\/td>\n<\/tr>\n<\/tbody>\n<\/table>\n<\/div>\n<\/section>\n<\/div>\n<section class=\"av_textblock_section\">\n<div class=\"avia_textblock\">\n<h2>BOMBA DE CIZALLAMIENTO<\/h2>\n<p>Las bombas de corte se utilizan principalmente en la fabricaci\u00f3n de fluidos como el petr\u00f3leo. La mayor\u00eda de las industrias prefieren producir petr\u00f3leo junto con agua, para lo cual es necesario dispersar los l\u00edquidos.<\/p>\n<p>Las bombas de cizallamiento se utilizan para generar fuerzas de cizallamiento eficaces para dispersar l\u00edquidos con diferentes densidades y estructuras moleculares. Son las preferidas por la mayor\u00eda de los trabajadores de industrias y f\u00e1bricas.<\/p>\n<h2>CARACTER\u00cdSTICAS DE LA BOMBA DE CIZALLAMIENTO<\/h2>\n<p>Hay varias caracter\u00edsticas de las bombas de corte que pueden hacerlas efectivas al realizar una tarea industrial, especialmente la dispersi\u00f3n de fluidos.<\/p>\n<p><strong>Disponemos de dos modelos de bombas de corte. Puede elegir la que mejor se adapte a sus necesidades.<\/strong><\/p>\n<p><strong>La caracter\u00edstica m\u00e1s destacada de cualquier bomba de corte es la cantidad de fluido que permite pasar por metro c\u00fabico por hora. Hemos dise\u00f1ado las bombas de corte para que proporcionen un alto caudal de fluido con una gran fuerza de corte, lo que resulta muy eficiente en su dispersi\u00f3n.<\/strong><\/p>\n<p><strong>La potencia y la eficiencia de cualquier m\u00e1quina son directamente proporcionales. Hemos dise\u00f1ado nuestras bombas de cizallamiento de alta potencia, lo que las hace muy eficientes. Puede completar sus tareas f\u00e1cilmente utilizando bombas de cizallamiento para dispersar cualquier tipo de l\u00edquido.\u00a0<\/strong><\/p>\n<p><strong>Las bombas de corte se utilizan para generar fuerzas de corte que requieren alta velocidad. Una de las caracter\u00edsticas de nuestro producto es su alta velocidad, que genera una fuerza de corte eficiente que facilita y agiliza la dispersi\u00f3n de l\u00edquidos.\u00a0<\/strong><\/p>\n<h2>BENEFICIOS DE LA BOMBA DE CIZALLAMIENTO<\/h2>\n<p>Se pueden obtener diversos beneficios al utilizar bombas de corte especialmente dise\u00f1adas para la fabricaci\u00f3n de fluidos que deben dispersarse de manera uniforme.<\/p>\n<p><strong>Las bombas de corte pueden hacer que su producci\u00f3n sea m\u00e1s r\u00e1pida porque proporcionan una alta dispersi\u00f3n de fluidos con diferentes densidades.<\/strong><\/p>\n<p><strong>Son muy eficientes en la realizaci\u00f3n de servicios de alta calidad al reducir la mejor fuerza de corte.<\/strong><\/p>\n<p><strong>Tiene una alta potencia que puede hacerlo eficiente y c\u00f3modo de usar.<\/strong><\/p>\n<p><strong>Las bombas de cizallamiento que fabricamos son muy asequibles y de alta calidad.<\/strong><\/p>\n<p><strong>Puede completar su tarea industrial en menos tiempo, lo que significa que puede ahorrar mucho tiempo al utilizar una bomba de corte.<\/strong><\/p>\n<h3>Conclusi\u00f3n<\/h3>\n<p>Ofrecemos las mejores bombas de corte en dos modelos para uso industrial. Son muy eficientes para dispersar fluidos de diferentes densidades. Puede utilizar bombas de corte de la m\u00e1s alta calidad, con calidad y diversas caracter\u00edsticas. Sus diversas ventajas ser\u00e1n muy significativas para su producci\u00f3n.<\/p>\n<p>Tambi\u00e9n echa un vistazo\u00a0<a href=\"https:\/\/solidscontrolworld.com\/es\/bomba-de-lodos\/\">Bomba de lodos<\/a>\u00a0de nuestra tienda.<\/p>\n<\/div>\n<\/section>","protected":false},"excerpt":{"rendered":"<h3 class=\"widgettitle\">OFICINA<\/h3>\n<div class=\"textwidget\">\n<p><strong>DIRECCI\u00d3N:<\/strong><\/p>\n<p>Habitaci\u00f3n 1924, Bloque D, Plaza Wanda, ciudad de Tangshan, China.<\/p>\n<p><strong>Contacto<\/strong><\/p>\n<p>info@solidscontrolworld.com<\/p>\n<p><strong>Tel\u00e9fono:<\/strong><\/p>\n<p>+86-18034158133<\/p>\n<p><strong>Fax:<\/strong><\/p>\n<p>+86-315-7651760<\/p>\n<p>Sitio web: www.solidscontrolworld.com<\/p>\n<p><strong>Horario de apertura:<\/strong><br \/>\nLunes a viernes: 8:00-17:30<\/p>\n<\/div>","protected":false},"featured_media":1409,"comment_status":"open","ping_status":"closed","template":"","meta":{"_seopress_robots_primary_cat":"none","_seopress_titles_title":"","_seopress_titles_desc":"","_seopress_robots_index":""},"product_brand":[],"product_cat":[57],"product_tag":[],"class_list":{"0":"post-1408","1":"product","2":"type-product","3":"status-publish","4":"has-post-thumbnail","6":"product_cat-solids-control-equipments","8":"first","9":"instock","10":"shipping-taxable","11":"product-type-simple"},"yoast_head":"<!-- This site is optimized with the Yoast SEO plugin v25.1 - https:\/\/yoast.com\/wordpress\/plugins\/seo\/ -->\n<title>Shear pump - Solids Control World<\/title>\n<meta name=\"robots\" content=\"index, follow, max-snippet:-1, max-image-preview:large, max-video-preview:-1\" \/>\n<link rel=\"canonical\" href=\"https:\/\/solidscontrolworld.com\/es\/product\/1408\/\" \/>\n<meta property=\"og:locale\" content=\"es_MX\" \/>\n<meta property=\"og:type\" content=\"article\" \/>\n<meta property=\"og:title\" content=\"Shear pump - Solids Control World\" \/>\n<meta property=\"og:description\" content=\"OFFICE   Address:  Room 1924 ,Block D ,Wanda plaza, Tangshan city,\u00a0 China.  Contact  info@solidscontrolworld.com  Tel:  +86-18034158133  Fax:  +86-315-7651760  Website:www.solidscontrolworld.com  Opening Hours: Mon-Fri: 8:00-17:30\" \/>\n<meta property=\"og:url\" content=\"https:\/\/solidscontrolworld.com\/es\/product\/1408\/\" \/>\n<meta property=\"og:site_name\" content=\"Solids Control World\" \/>\n<meta property=\"article:modified_time\" content=\"2022-08-24T05:25:22+00:00\" \/>\n<meta property=\"og:image\" content=\"https:\/\/solidscontrolworld.com\/wp-content\/uploads\/2021\/05\/\u7a3f\u5b9a\u8bbe\u8ba1-10.png\" \/>\n\t<meta property=\"og:image:width\" content=\"252\" \/>\n\t<meta property=\"og:image:height\" content=\"200\" \/>\n\t<meta property=\"og:image:type\" content=\"image\/png\" \/>\n<meta name=\"twitter:card\" content=\"summary_large_image\" \/>\n<meta name=\"twitter:label1\" content=\"Tiempo de lectura\" \/>\n\t<meta name=\"twitter:data1\" content=\"2 minutos\" \/>\n<!-- \/ Yoast SEO plugin. -->","yoast_head_json":{"title":"Bomba de corte - Solids Control World","robots":{"index":"index","follow":"follow","max-snippet":"max-snippet:-1","max-image-preview":"max-image-preview:large","max-video-preview":"max-video-preview:-1"},"canonical":"https:\/\/solidscontrolworld.com\/es\/product\/1408\/","og_locale":"es_MX","og_type":"article","og_title":"Shear pump - Solids Control World","og_description":"OFFICE   Address:  Room 1924 ,Block D ,Wanda plaza, Tangshan city,\u00a0 China.  Contact  info@solidscontrolworld.com  Tel:  +86-18034158133  Fax:  +86-315-7651760  Website:www.solidscontrolworld.com  Opening Hours: Mon-Fri: 8:00-17:30","og_url":"https:\/\/solidscontrolworld.com\/es\/product\/1408\/","og_site_name":"Solids Control World","article_modified_time":"2022-08-24T05:25:22+00:00","og_image":[{"width":252,"height":200,"url":"https:\/\/solidscontrolworld.com\/wp-content\/uploads\/2021\/05\/\u7a3f\u5b9a\u8bbe\u8ba1-10.png","type":"image\/png"}],"twitter_card":"summary_large_image","twitter_misc":{"Tiempo de lectura":"2 minutos"},"schema":{"@context":"https:\/\/schema.org","@graph":[{"@type":"WebPage","@id":"https:\/\/solidscontrolworld.com\/product\/1408\/","url":"https:\/\/solidscontrolworld.com\/product\/1408\/","name":"Bomba de corte - Solids Control World","isPartOf":{"@id":"https:\/\/solidscontrolworld.com\/#website"},"primaryImageOfPage":{"@id":"https:\/\/solidscontrolworld.com\/product\/1408\/#primaryimage"},"image":{"@id":"https:\/\/solidscontrolworld.com\/product\/1408\/#primaryimage"},"thumbnailUrl":"https:\/\/solidscontrolworld.com\/wp-content\/uploads\/2021\/05\/\u7a3f\u5b9a\u8bbe\u8ba1-10.png","datePublished":"2021-05-05T14:12:35+00:00","dateModified":"2022-08-24T05:25:22+00:00","breadcrumb":{"@id":"https:\/\/solidscontrolworld.com\/product\/1408\/#breadcrumb"},"inLanguage":"es","potentialAction":[{"@type":"ReadAction","target":["https:\/\/solidscontrolworld.com\/product\/1408\/"]}]},{"@type":"ImageObject","inLanguage":"es","@id":"https:\/\/solidscontrolworld.com\/product\/1408\/#primaryimage","url":"https:\/\/solidscontrolworld.com\/wp-content\/uploads\/2021\/05\/\u7a3f\u5b9a\u8bbe\u8ba1-10.png","contentUrl":"https:\/\/solidscontrolworld.com\/wp-content\/uploads\/2021\/05\/\u7a3f\u5b9a\u8bbe\u8ba1-10.png","width":252,"height":200},{"@type":"BreadcrumbList","@id":"https:\/\/solidscontrolworld.com\/product\/1408\/#breadcrumb","itemListElement":[{"@type":"ListItem","position":1,"name":"Home","item":"https:\/\/solidscontrolworld.com\/"},{"@type":"ListItem","position":2,"name":"Products","item":"https:\/\/solidscontrolworld.com\/shop\/"},{"@type":"ListItem","position":3,"name":"Shear pump"}]},{"@type":"WebSite","@id":"https:\/\/solidscontrolworld.com\/#website","url":"https:\/\/solidscontrolworld.com\/","name":"Mundo de control de s\u00f3lidos","description":"","publisher":{"@id":"https:\/\/solidscontrolworld.com\/#\/schema\/person\/2c126362537c0f0e6d4a8dfba9fc68b0"},"potentialAction":[{"@type":"SearchAction","target":{"@type":"EntryPoint","urlTemplate":"https:\/\/solidscontrolworld.com\/?s={search_term_string}"},"query-input":{"@type":"PropertyValueSpecification","valueRequired":true,"valueName":"search_term_string"}}],"inLanguage":"es"},{"@type":["Person","Organization"],"@id":"https:\/\/solidscontrolworld.com\/#\/schema\/person\/2c126362537c0f0e6d4a8dfba9fc68b0","name":"mundodecontroldes\u00f3lidos","logo":{"@id":"https:\/\/solidscontrolworld.com\/#\/schema\/person\/image\/"},"sameAs":["https:\/\/solidscontrolworld.com"]}]}},"_links":{"self":[{"href":"https:\/\/solidscontrolworld.com\/es\/wp-json\/wp\/v2\/product\/1408","targetHints":{"allow":["GET"]}}],"collection":[{"href":"https:\/\/solidscontrolworld.com\/es\/wp-json\/wp\/v2\/product"}],"about":[{"href":"https:\/\/solidscontrolworld.com\/es\/wp-json\/wp\/v2\/types\/product"}],"replies":[{"embeddable":true,"href":"https:\/\/solidscontrolworld.com\/es\/wp-json\/wp\/v2\/comments?post=1408"}],"version-history":[{"count":0,"href":"https:\/\/solidscontrolworld.com\/es\/wp-json\/wp\/v2\/product\/1408\/revisions"}],"wp:featuredmedia":[{"embeddable":true,"href":"https:\/\/solidscontrolworld.com\/es\/wp-json\/wp\/v2\/media\/1409"}],"wp:attachment":[{"href":"https:\/\/solidscontrolworld.com\/es\/wp-json\/wp\/v2\/media?parent=1408"}],"wp:term":[{"taxonomy":"product_brand","embeddable":true,"href":"https:\/\/solidscontrolworld.com\/es\/wp-json\/wp\/v2\/product_brand?post=1408"},{"taxonomy":"product_cat","embeddable":true,"href":"https:\/\/solidscontrolworld.com\/es\/wp-json\/wp\/v2\/product_cat?post=1408"},{"taxonomy":"product_tag","embeddable":true,"href":"https:\/\/solidscontrolworld.com\/es\/wp-json\/wp\/v2\/product_tag?post=1408"}],"curies":[{"name":"wp","href":"https:\/\/api.w.org\/{rel}","templated":true}]}}