{"id":1410,"date":"2021-05-05T14:14:34","date_gmt":"2021-05-05T14:14:34","guid":{"rendered":"https:\/\/solidscontrolworld.com\/?post_type=product&#038;p=1410"},"modified":"2022-08-24T05:26:59","modified_gmt":"2022-08-24T05:26:59","slug":"bomba-de-lodos","status":"publish","type":"product","link":"https:\/\/solidscontrolworld.com\/es\/product\/bomba-de-lodos\/","title":{"rendered":"Bomba de lodos"},"content":{"rendered":"<div class=\"flex_column av_one_full flex_column_div av-zero-column-padding first avia-builder-el-2 el_after_av_one_full el_before_av_textblock column-top-margin\">\n<section class=\"av_textblock_section\">\n<div class=\"avia_textblock\">\n<table border=\"0\" width=\"773\" cellspacing=\"0\" cellpadding=\"0\">\n<tbody>\n<tr>\n<td class=\"kso0\" rowspan=\"2\" width=\"84\" height=\"130\">Modelo<\/td>\n<td class=\"kso1\" rowspan=\"2\" width=\"109\" height=\"130\">Potencia (KW)<\/td>\n<td class=\"kso2\" colspan=\"5\" width=\"518\">Rendimiento del agua<\/td>\n<td class=\"kso7\" width=\"61\"><\/td>\n<\/tr>\n<tr>\n<td class=\"kso10\" width=\"104\">Caudal (m\u00b3\/h)<\/td>\n<td class=\"kso11\" width=\"68\">Ascensor (m)<\/td>\n<td class=\"kso12\" width=\"126\">Velocidad (r\/min)<\/td>\n<td class=\"kso13\" width=\"94\">M\u00e1xima eficiencia (\u03b7%)<\/td>\n<td class=\"kso14\" width=\"125\">Margen de cavitaci\u00f3n NPSH(m)<\/td>\n<td class=\"kso15\" width=\"61\">Peso (Kg)<\/td>\n<\/tr>\n<tr>\n<td class=\"kso16\" width=\"84\">1.5\/1B-AB<\/td>\n<td class=\"kso17\" width=\"109\">2.2-15<\/td>\n<td class=\"kso18\" width=\"104\">3.6-20<\/td>\n<td class=\"kso19\" width=\"68\">5-68<\/td>\n<td class=\"kso20\" width=\"126\">1200-3800<\/td>\n<td class=\"kso21\" width=\"94\">40<\/td>\n<td class=\"kso22\" width=\"125\">2-4<\/td>\n<td class=\"kso23\" width=\"61\">91<\/td>\n<\/tr>\n<tr>\n<td class=\"kso24\" width=\"84\">2\/1.5B-AB<\/td>\n<td class=\"kso25\" width=\"109\">2.2-15<\/td>\n<td class=\"kso26\" width=\"104\">7-48<\/td>\n<td class=\"kso27\" width=\"68\">7-62<\/td>\n<td class=\"kso28\" width=\"126\">1200-3200<\/td>\n<td class=\"kso29\" width=\"94\">45<\/td>\n<td class=\"kso30\" width=\"125\">3.5-8<\/td>\n<td class=\"kso31\" width=\"61\">118<\/td>\n<\/tr>\n<tr>\n<td class=\"kso32\" width=\"84\">3\/2C-AB<\/td>\n<td class=\"kso33\" width=\"109\">4-30<\/td>\n<td class=\"kso34\" width=\"104\">21-86<\/td>\n<td class=\"kso35\" width=\"68\">12-65<\/td>\n<td class=\"kso36\" width=\"126\">1300-2700<\/td>\n<td class=\"kso37\" width=\"94\">55<\/td>\n<td class=\"kso38\" width=\"125\">4-6<\/td>\n<td class=\"kso39\" width=\"61\">191<\/td>\n<\/tr>\n<tr>\n<td class=\"kso40\" width=\"84\">4\/3C-AB<\/td>\n<td class=\"kso41\" width=\"109\">5.5-30<\/td>\n<td class=\"kso42\" width=\"104\">50-150<\/td>\n<td class=\"kso43\" width=\"68\">9-45<\/td>\n<td class=\"kso44\" width=\"126\">1000-2000<\/td>\n<td class=\"kso45\" width=\"94\">71<\/td>\n<td class=\"kso46\" width=\"125\">4-6<\/td>\n<td class=\"kso47\" width=\"61\">263<\/td>\n<\/tr>\n<tr>\n<td class=\"kso48\" width=\"84\">4\/3D-AB<\/td>\n<td class=\"kso49\" width=\"109\">7.5-60<\/td>\n<td class=\"kso50\" width=\"104\">68-160<\/td>\n<td class=\"kso51\" width=\"68\">10-52<\/td>\n<td class=\"kso52\" width=\"126\">1000-2200<\/td>\n<td class=\"kso53\" width=\"94\">71<\/td>\n<td class=\"kso54\" width=\"125\">4-6<\/td>\n<td class=\"kso55\" width=\"61\">363<\/td>\n<\/tr>\n<tr>\n<td class=\"kso56\" width=\"84\">6\/4D-AB<\/td>\n<td class=\"kso57\" width=\"109\">15-60<\/td>\n<td class=\"kso58\" width=\"104\">72-360<\/td>\n<td class=\"kso59\" width=\"68\">12-56<\/td>\n<td class=\"kso60\" width=\"126\">800-1550<\/td>\n<td class=\"kso61\" width=\"94\">65<\/td>\n<td class=\"kso62\" width=\"125\">5-8<\/td>\n<td class=\"kso63\" width=\"61\">626<\/td>\n<\/tr>\n<tr>\n<td class=\"kso64\" width=\"84\">6\/4E-AB<\/td>\n<td class=\"kso65\" width=\"109\">22-120<\/td>\n<td class=\"kso66\" width=\"104\">93-385<\/td>\n<td class=\"kso67\" width=\"68\">12-63<\/td>\n<td class=\"kso68\" width=\"126\">800-1600<\/td>\n<td class=\"kso69\" width=\"94\">65<\/td>\n<td class=\"kso70\" width=\"125\">5-8<\/td>\n<td class=\"kso71\" width=\"61\">728<\/td>\n<\/tr>\n<tr>\n<td class=\"kso72\" width=\"84\">8\/6E-AB<\/td>\n<td class=\"kso73\" width=\"109\">18.5-120,<\/td>\n<td class=\"kso74\" width=\"104\">360-820<\/td>\n<td class=\"kso75\" width=\"68\">10-61<\/td>\n<td class=\"kso76\" width=\"126\">500-1100<\/td>\n<td class=\"kso77\" width=\"94\">72<\/td>\n<td class=\"kso78\" width=\"125\">2-9<\/td>\n<td class=\"kso79\" width=\"61\">1473<\/td>\n<\/tr>\n<tr>\n<td class=\"kso80\" width=\"84\">8\/6R-AB<\/td>\n<td class=\"kso81\" width=\"109\">110-300<\/td>\n<td class=\"kso82\" width=\"104\">360-820<\/td>\n<td class=\"kso83\" width=\"68\">10-61<\/td>\n<td class=\"kso84\" width=\"126\">500-1140<\/td>\n<td class=\"kso85\" width=\"94\">72<\/td>\n<td class=\"kso86\" width=\"125\">2-9<\/td>\n<td class=\"kso87\" width=\"61\">1836<\/td>\n<\/tr>\n<tr>\n<td class=\"kso88\" width=\"84\">10\/8ST-AB<\/td>\n<td class=\"kso89\" width=\"109\">45-560<\/td>\n<td class=\"kso90\" width=\"104\">630-1300<\/td>\n<td class=\"kso91\" width=\"68\">11-60<\/td>\n<td class=\"kso92\" width=\"126\">400-850<\/td>\n<td class=\"kso93\" width=\"94\">71<\/td>\n<td class=\"kso94\" width=\"125\">4-10<\/td>\n<td class=\"kso95\" width=\"61\">3750<\/td>\n<\/tr>\n<tr>\n<td class=\"kso96\" width=\"84\">12\/10ST-AB<\/td>\n<td class=\"kso97\" width=\"109\">55-560<\/td>\n<td class=\"kso98\" width=\"104\">800-1900<\/td>\n<td class=\"kso99\" width=\"68\">7-58<\/td>\n<td class=\"kso100\" width=\"126\">350-730<\/td>\n<td class=\"kso101\" width=\"94\">82<\/td>\n<td class=\"kso102\" width=\"125\">6<\/td>\n<td class=\"kso103\" width=\"61\">4318<\/td>\n<\/tr>\n<tr>\n<td class=\"kso104\" width=\"84\">14\/12ST-AB<\/td>\n<td class=\"kso105\" width=\"109\">75-560<\/td>\n<td class=\"kso106\" width=\"104\">1200-2600<\/td>\n<td class=\"kso107\" width=\"68\">13-60<\/td>\n<td class=\"kso108\" width=\"126\">300-600<\/td>\n<td class=\"kso109\" width=\"94\">77<\/td>\n<td class=\"kso110\" width=\"125\">3-10<\/td>\n<td class=\"kso111\" width=\"61\">4609<\/td>\n<\/tr>\n<tr>\n<td class=\"kso112\" width=\"84\">16\/14TU-AB<\/td>\n<td class=\"kso113\" width=\"109\">160-1200<\/td>\n<td class=\"kso114\" width=\"104\">1368-3000<\/td>\n<td class=\"kso115\" width=\"68\">11-60<\/td>\n<td class=\"kso116\" width=\"126\">250-550<\/td>\n<td class=\"kso117\" width=\"94\">79<\/td>\n<td class=\"kso118\" width=\"125\">4-10<\/td>\n<td class=\"kso119\" width=\"61\">10000<\/td>\n<\/tr>\n<\/tbody>\n<\/table>\n<\/div>\n<\/section>\n<\/div>\n<section class=\"av_textblock_section\">\n<div class=\"avia_textblock\">\n<h2>BOMBA DE LODOS<\/h2>\n<p>Una bomba de lodos es una herramienta que se utiliza para bombear l\u00edquidos con part\u00edculas s\u00f3lidas. Es una herramienta \u00fatil para fines industriales y de construcci\u00f3n. Una bomba de lodos es importante, especialmente si se trabaja en una empresa de construcci\u00f3n.<\/p>\n<h2>CARACTER\u00cdSTICAS DE LA BOMBA DE LODOS<\/h2>\n<p>Analicemos algunas de las caracter\u00edsticas m\u00e1s destacadas de la bomba de lodos. Puede ser fundamental para la excelencia en sus trabajos constructivos e industriales.<\/p>\n<p>Ofrecemos una amplia gama de bombas centr\u00edfugas. Puede elegir el modelo que mejor se adapte a su trabajo mec\u00e1nico. Disponemos de un total de 11 modelos.<\/p>\n<h3>Flujo de fluido<\/h3>\n<p>El flujo del fluido es constante y muy uniforme al usar una bomba de lodos. Cada modelo tiene un caudal espec\u00edfico. El flujo uniforme y uniforme facilita el trabajo mec\u00e1nico. Adem\u00e1s, es muy eficaz para la entrada de part\u00edculas s\u00f3lidas grandes en el fluido.<\/p>\n<h3>La eficiencia de la bomba de lodos<\/h3>\n<p>Las bombas para lodos que fabricamos son muy eficientes en su trabajo. No pierden su eficacia ni siquiera despu\u00e9s de un largo tiempo.<\/p>\n<h3>Potencia de entrada y salida<\/h3>\n<p>Nuestras bombas para lodos ofrecen una gran potencia de entrada y salida, lo que las hace muy eficaces durante su funcionamiento. En cada modelo, la potencia de entrada y salida var\u00eda seg\u00fan las necesidades.<\/p>\n<h2>BENEFICIOS DE LA BOMBA CENTR\u00cdFUGA<\/h2>\n<p>Existen varios beneficios que se pueden observar al utilizar bombas centr\u00edfugas para fines mec\u00e1nicos.<\/p>\n<p><strong>No requieren mantenimiento, puedes utilizar las bombas de lodos durante mucho tiempo incluso sin preocuparte por su mantenimiento.\u00a0<\/strong><\/p>\n<p><strong>Hacen que el trabajo mec\u00e1nico sea sencillo, desviando eficazmente las part\u00edculas s\u00f3lidas dentro del fluido.<\/strong><\/p>\n<p><strong>Son muy convenientes haciendo tu trabajo m\u00e1s sencillo y f\u00e1cil.<\/strong><\/p>\n<p><strong>Puedes conseguir las bombas de lodos a precios asequibles.<\/strong><\/p>\n<p><strong>Proporcionamos bombas de lodo en varios modelos para que todos puedan comprarlas seg\u00fan sus necesidades.\u00a0<\/strong><\/p>\n<p><strong>No pesa mucho, lo que significa que ser\u00e1 c\u00f3modo de usar.<\/strong><\/p>\n<p><strong>La fuerza de salida es la mejor que le permite realizar su trabajo de construcci\u00f3n en menos tiempo y con mejor calidad.\u00a0<\/strong><\/p>\n<p>&nbsp;<\/p>\n<p>Las bombas para lodos son ampliamente utilizadas por los mec\u00e1nicos, ya que regulan el flujo de fluidos con part\u00edculas s\u00f3lidas. Con una bomba para lodos, simplifica y agiliza sus procesos. Ofrecemos varios modelos que pueden ser muy beneficiosos para la tarea que realiza. Explore la amplia variedad disponible y elija la que mejor se adapte a sus necesidades.<\/p>\n<p>Tambi\u00e9n echa un vistazo\u00a0<a href=\"https:\/\/solidscontrolworld.com\/es\/bomba-de-corte\/\">Bomba de corte<\/a>\u00a0de nuestra tienda.<\/p>\n<\/div>\n<\/section>","protected":false},"excerpt":{"rendered":"<h3 class=\"widgettitle\">OFICINA<\/h3>\n<div class=\"textwidget\">\n<p><strong>DIRECCI\u00d3N<\/strong><br \/>\n10800 West Pico Boulevard<br \/>\nLos \u00c1ngeles, Estados Unidos<\/p>\n<p><strong>Contacto<\/strong><br \/>\noficina@en-co.com<br \/>\n555-3587 347<\/p>\n<p><strong>Horario de apertura:<\/strong><br \/>\nLunes a viernes: 8:00-19:00<br \/>\nS\u00e1bado: 8:00-14:00<br \/>\nAs\u00ed que: cerrado<\/p>\n<\/div>","protected":false},"featured_media":1411,"comment_status":"open","ping_status":"closed","template":"","meta":{"_seopress_robots_primary_cat":"none","_seopress_titles_title":"","_seopress_titles_desc":"","_seopress_robots_index":""},"product_brand":[],"product_cat":[57],"product_tag":[],"class_list":{"0":"post-1410","1":"product","2":"type-product","3":"status-publish","4":"has-post-thumbnail","6":"product_cat-solids-control-equipments","8":"first","9":"instock","10":"shipping-taxable","11":"product-type-simple"},"yoast_head":"<!-- This site is optimized with the Yoast SEO plugin v25.1 - https:\/\/yoast.com\/wordpress\/plugins\/seo\/ -->\n<title>Slurry pump - Solids Control World<\/title>\n<meta name=\"robots\" content=\"index, follow, max-snippet:-1, max-image-preview:large, max-video-preview:-1\" \/>\n<link rel=\"canonical\" href=\"https:\/\/solidscontrolworld.com\/es\/product\/bomba-de-lodos\/\" \/>\n<meta property=\"og:locale\" content=\"es_MX\" \/>\n<meta property=\"og:type\" content=\"article\" \/>\n<meta property=\"og:title\" content=\"Slurry pump - Solids Control World\" \/>\n<meta property=\"og:description\" content=\"OFFICE   Address 10800 West Pico Boulevard Los Angeles, USA  Contact office@en-co.com 555-3587 347  Opening Hours: Mo-Fr: 8:00-19:00 Sa: 8:00-14:00 So: closed\" \/>\n<meta property=\"og:url\" content=\"https:\/\/solidscontrolworld.com\/es\/product\/bomba-de-lodos\/\" \/>\n<meta property=\"og:site_name\" content=\"Solids Control World\" \/>\n<meta property=\"article:modified_time\" content=\"2022-08-24T05:26:59+00:00\" \/>\n<meta property=\"og:image\" content=\"https:\/\/solidscontrolworld.com\/wp-content\/uploads\/2021\/05\/\u7a3f\u5b9a\u8bbe\u8ba1-8.png\" \/>\n\t<meta property=\"og:image:width\" content=\"200\" \/>\n\t<meta property=\"og:image:height\" content=\"200\" \/>\n\t<meta property=\"og:image:type\" content=\"image\/png\" \/>\n<meta name=\"twitter:card\" content=\"summary_large_image\" \/>\n<meta name=\"twitter:label1\" content=\"Tiempo de lectura\" \/>\n\t<meta name=\"twitter:data1\" content=\"4 minutos\" \/>\n<!-- \/ Yoast SEO plugin. -->","yoast_head_json":{"title":"Bomba de lodos - Solids Control World","robots":{"index":"index","follow":"follow","max-snippet":"max-snippet:-1","max-image-preview":"max-image-preview:large","max-video-preview":"max-video-preview:-1"},"canonical":"https:\/\/solidscontrolworld.com\/es\/product\/bomba-de-lodos\/","og_locale":"es_MX","og_type":"article","og_title":"Slurry pump - Solids Control World","og_description":"OFFICE   Address 10800 West Pico Boulevard Los Angeles, USA  Contact office@en-co.com 555-3587 347  Opening Hours: Mo-Fr: 8:00-19:00 Sa: 8:00-14:00 So: closed","og_url":"https:\/\/solidscontrolworld.com\/es\/product\/bomba-de-lodos\/","og_site_name":"Solids Control World","article_modified_time":"2022-08-24T05:26:59+00:00","og_image":[{"width":200,"height":200,"url":"https:\/\/solidscontrolworld.com\/wp-content\/uploads\/2021\/05\/\u7a3f\u5b9a\u8bbe\u8ba1-8.png","type":"image\/png"}],"twitter_card":"summary_large_image","twitter_misc":{"Tiempo de lectura":"4 minutos"},"schema":{"@context":"https:\/\/schema.org","@graph":[{"@type":"WebPage","@id":"https:\/\/solidscontrolworld.com\/product\/slurry-pump\/","url":"https:\/\/solidscontrolworld.com\/product\/slurry-pump\/","name":"Bomba de lodos - Solids Control World","isPartOf":{"@id":"https:\/\/solidscontrolworld.com\/#website"},"primaryImageOfPage":{"@id":"https:\/\/solidscontrolworld.com\/product\/slurry-pump\/#primaryimage"},"image":{"@id":"https:\/\/solidscontrolworld.com\/product\/slurry-pump\/#primaryimage"},"thumbnailUrl":"https:\/\/solidscontrolworld.com\/wp-content\/uploads\/2021\/05\/\u7a3f\u5b9a\u8bbe\u8ba1-8.png","datePublished":"2021-05-05T14:14:34+00:00","dateModified":"2022-08-24T05:26:59+00:00","breadcrumb":{"@id":"https:\/\/solidscontrolworld.com\/product\/slurry-pump\/#breadcrumb"},"inLanguage":"es","potentialAction":[{"@type":"ReadAction","target":["https:\/\/solidscontrolworld.com\/product\/slurry-pump\/"]}]},{"@type":"ImageObject","inLanguage":"es","@id":"https:\/\/solidscontrolworld.com\/product\/slurry-pump\/#primaryimage","url":"https:\/\/solidscontrolworld.com\/wp-content\/uploads\/2021\/05\/\u7a3f\u5b9a\u8bbe\u8ba1-8.png","contentUrl":"https:\/\/solidscontrolworld.com\/wp-content\/uploads\/2021\/05\/\u7a3f\u5b9a\u8bbe\u8ba1-8.png","width":200,"height":200},{"@type":"BreadcrumbList","@id":"https:\/\/solidscontrolworld.com\/product\/slurry-pump\/#breadcrumb","itemListElement":[{"@type":"ListItem","position":1,"name":"Home","item":"https:\/\/solidscontrolworld.com\/"},{"@type":"ListItem","position":2,"name":"Products","item":"https:\/\/solidscontrolworld.com\/shop\/"},{"@type":"ListItem","position":3,"name":"Slurry pump"}]},{"@type":"WebSite","@id":"https:\/\/solidscontrolworld.com\/#website","url":"https:\/\/solidscontrolworld.com\/","name":"Mundo de control de s\u00f3lidos","description":"","publisher":{"@id":"https:\/\/solidscontrolworld.com\/#\/schema\/person\/2c126362537c0f0e6d4a8dfba9fc68b0"},"potentialAction":[{"@type":"SearchAction","target":{"@type":"EntryPoint","urlTemplate":"https:\/\/solidscontrolworld.com\/?s={search_term_string}"},"query-input":{"@type":"PropertyValueSpecification","valueRequired":true,"valueName":"search_term_string"}}],"inLanguage":"es"},{"@type":["Person","Organization"],"@id":"https:\/\/solidscontrolworld.com\/#\/schema\/person\/2c126362537c0f0e6d4a8dfba9fc68b0","name":"mundodecontroldes\u00f3lidos","logo":{"@id":"https:\/\/solidscontrolworld.com\/#\/schema\/person\/image\/"},"sameAs":["https:\/\/solidscontrolworld.com"]}]}},"_links":{"self":[{"href":"https:\/\/solidscontrolworld.com\/es\/wp-json\/wp\/v2\/product\/1410","targetHints":{"allow":["GET"]}}],"collection":[{"href":"https:\/\/solidscontrolworld.com\/es\/wp-json\/wp\/v2\/product"}],"about":[{"href":"https:\/\/solidscontrolworld.com\/es\/wp-json\/wp\/v2\/types\/product"}],"replies":[{"embeddable":true,"href":"https:\/\/solidscontrolworld.com\/es\/wp-json\/wp\/v2\/comments?post=1410"}],"version-history":[{"count":0,"href":"https:\/\/solidscontrolworld.com\/es\/wp-json\/wp\/v2\/product\/1410\/revisions"}],"wp:featuredmedia":[{"embeddable":true,"href":"https:\/\/solidscontrolworld.com\/es\/wp-json\/wp\/v2\/media\/1411"}],"wp:attachment":[{"href":"https:\/\/solidscontrolworld.com\/es\/wp-json\/wp\/v2\/media?parent=1410"}],"wp:term":[{"taxonomy":"product_brand","embeddable":true,"href":"https:\/\/solidscontrolworld.com\/es\/wp-json\/wp\/v2\/product_brand?post=1410"},{"taxonomy":"product_cat","embeddable":true,"href":"https:\/\/solidscontrolworld.com\/es\/wp-json\/wp\/v2\/product_cat?post=1410"},{"taxonomy":"product_tag","embeddable":true,"href":"https:\/\/solidscontrolworld.com\/es\/wp-json\/wp\/v2\/product_tag?post=1410"}],"curies":[{"name":"wp","href":"https:\/\/api.w.org\/{rel}","templated":true}]}}