{"id":1412,"date":"2021-05-05T14:17:44","date_gmt":"2021-05-05T14:17:44","guid":{"rendered":"https:\/\/solidscontrolworld.com\/?post_type=product&#038;p=1412"},"modified":"2021-05-05T14:39:38","modified_gmt":"2021-05-05T14:39:38","slug":"bomba-de-diafragma","status":"publish","type":"product","link":"https:\/\/solidscontrolworld.com\/es\/product\/bomba-de-diafragma\/","title":{"rendered":"bomba de diafragma"},"content":{"rendered":"<h2>BOMBA DE DIAFRAGMA<\/h2>\n<p>Las bombas de diafragma son utilizadas principalmente por trabajadores industriales. Est\u00e1n dise\u00f1adas espec\u00edficamente para la transferencia de fluidos. En la mayor\u00eda de los casos, las industrias las utilizan para extraer agua de un punto espec\u00edfico.<\/p>\n<p>Se utilizan ampliamente en la industria para fines de deshidrataci\u00f3n y llenado porque son muy espec\u00edficos y eficientes durante el trabajo. Echaremos un vistazo a algunas de las caracter\u00edsticas m\u00e1s destacadas junto con los beneficios que puede buscar.<\/p>\n<h2>CARACTER\u00cdSTICAS DE LA BOMBA DE DIAFRAGMA:<\/h2>\n<p>A continuaci\u00f3n se describen algunas de las caracter\u00edsticas espec\u00edficas de esta bomba para que tenga una mejor idea sobre el producto.<\/p>\n<h3>Tipos de bombas<\/h3>\n<p>Ofrecemos cinco tipos de bombas: neum\u00e1ticas, el\u00e9ctricas, de diafragma sanitarias, dosificadoras y mec\u00e1nicas. Se utilizan para diversos fines industriales.<\/p>\n<h3>Varios modelos disponibles<\/h3>\n<p>Ofrecemos varios modelos de cada tipo de bomba para la comodidad de nuestros clientes. Puede consultar la variedad de modelos y elegir el que mejor se adapte a sus necesidades.<\/p>\n<h3>Flujo m\u00e1ximo y elevaci\u00f3n<\/h3>\n<p>Estas bombas se utilizan para regular el caudal de fluidos, especialmente al desagotar o llenar \u00e1reas espec\u00edficas. Por ello, el caudal y la elevaci\u00f3n m\u00e1ximos de nuestro producto son muy elevados, lo que lo hace m\u00e1s eficiente.<\/p>\n<h3>M\u00e1xima succi\u00f3n y salida<\/h3>\n<p>La succi\u00f3n de agua es tambi\u00e9n una de las caracter\u00edsticas m\u00e1s importantes de esta bomba. La hemos cuidado al proporcionar la m\u00e1xima succi\u00f3n y presi\u00f3n de salida a nuestras bombas. Para llenar o vaciar el agua, la potencia de salida y succi\u00f3n de estas bombas debe ser excelente.<\/p>\n<h2>BENEFICIOS DE LA BOMBA DE DIAFRAGMA<\/h2>\n<p>Las bombas tienen diversos beneficios, especialmente en el sector industrial.<\/p>\n<p><strong>Estas bombas son muy convenientes para rellenar y deshidratar un \u00e1rea espec\u00edfica del fluido presente.\u00a0<\/strong><\/p>\n<p><strong>Puedes completar tu tarea m\u00e1s r\u00e1pido si utilizas una bomba.\u00a0<\/strong><\/p>\n<p><strong>Ofrecemos algunas de las variedades m\u00e1s sorprendentes de bombas que puede conseguir a precios asequibles.\u00a0<\/strong><\/p>\n<p><strong>La eficiencia y el rendimiento de las bombas que proporcionamos son muy altos, lo que puede hacer que su tarea industrial sea c\u00f3moda y sencilla.<\/strong><\/p>\n<p><strong>Ahorrar\u00e1s mucho tiempo que podr\u00e1s invertir en otras tareas diversas.\u00a0<\/strong><\/p>\n<h3>Conclusi\u00f3n<\/h3>\n<p>Estas bombas son muy \u00fatiles para realizar tareas industriales. Se describen algunas de las caracter\u00edsticas y ventajas m\u00e1s destacadas que ofrecen nuestros productos. Puede consultar nuestra amplia gama de bombas y adquirir el producto que mejor se adapte a sus necesidades.<\/p>\n<p>Verificar\u00a0<a href=\"https:\/\/solidscontrolworld.com\/es\/bomba-centrifuga\/\">bomba centr\u00edfuga<\/a>\u00a0de nuestra tienda.<\/p>","protected":false},"excerpt":{"rendered":"<h3 class=\"widgettitle\">OFICINA<\/h3>\n<div class=\"textwidget\">\n<p><strong>DIRECCI\u00d3N<\/strong><br \/>\n10800 West Pico Boulevard<br \/>\nLos \u00c1ngeles, Estados Unidos<\/p>\n<p><strong>Contacto<\/strong><br \/>\noficina@en-co.com<br \/>\n555-3587 347<\/p>\n<p><strong>Horario de apertura:<\/strong><br \/>\nLunes a viernes: 8:00-19:00<br \/>\nS\u00e1bado: 8:00-14:00<br \/>\nAs\u00ed que: cerrado<\/p>\n<\/div>","protected":false},"featured_media":1413,"comment_status":"open","ping_status":"closed","template":"","meta":{"_seopress_robots_primary_cat":"","_seopress_titles_title":"","_seopress_titles_desc":"","_seopress_robots_index":""},"product_brand":[],"product_cat":[57],"product_tag":[],"class_list":{"0":"post-1412","1":"product","2":"type-product","3":"status-publish","4":"has-post-thumbnail","6":"product_cat-solids-control-equipments","8":"first","9":"instock","10":"shipping-taxable","11":"product-type-simple"},"yoast_head":"<!-- This site is optimized with the Yoast SEO plugin v25.1 - https:\/\/yoast.com\/wordpress\/plugins\/seo\/ -->\n<title>Diaphragm pump - Solids Control World<\/title>\n<meta name=\"robots\" content=\"index, follow, max-snippet:-1, max-image-preview:large, max-video-preview:-1\" \/>\n<link rel=\"canonical\" href=\"https:\/\/solidscontrolworld.com\/es\/product\/bomba-de-diafragma\/\" \/>\n<meta property=\"og:locale\" content=\"es_MX\" \/>\n<meta property=\"og:type\" content=\"article\" \/>\n<meta property=\"og:title\" content=\"Diaphragm pump - Solids Control World\" \/>\n<meta property=\"og:description\" content=\"OFFICE   Address 10800 West Pico Boulevard Los Angeles, USA  Contact office@en-co.com 555-3587 347  Opening Hours: Mo-Fr: 8:00-19:00 Sa: 8:00-14:00 So: closed\" \/>\n<meta property=\"og:url\" content=\"https:\/\/solidscontrolworld.com\/es\/product\/bomba-de-diafragma\/\" \/>\n<meta property=\"og:site_name\" content=\"Solids Control World\" \/>\n<meta property=\"article:modified_time\" content=\"2021-05-05T14:39:38+00:00\" \/>\n<meta property=\"og:image\" content=\"https:\/\/solidscontrolworld.com\/wp-content\/uploads\/2021\/05\/\u7a3f\u5b9a\u8bbe\u8ba1-14.png\" \/>\n\t<meta property=\"og:image:width\" content=\"297\" \/>\n\t<meta property=\"og:image:height\" content=\"200\" \/>\n\t<meta property=\"og:image:type\" content=\"image\/png\" \/>\n<meta name=\"twitter:card\" content=\"summary_large_image\" \/>\n<meta name=\"twitter:label1\" content=\"Tiempo de lectura\" \/>\n\t<meta name=\"twitter:data1\" content=\"2 minutos\" \/>\n<!-- \/ Yoast SEO plugin. -->","yoast_head_json":{"title":"Bomba de diafragma - Solids Control World","robots":{"index":"index","follow":"follow","max-snippet":"max-snippet:-1","max-image-preview":"max-image-preview:large","max-video-preview":"max-video-preview:-1"},"canonical":"https:\/\/solidscontrolworld.com\/es\/product\/bomba-de-diafragma\/","og_locale":"es_MX","og_type":"article","og_title":"Diaphragm pump - Solids Control World","og_description":"OFFICE   Address 10800 West Pico Boulevard Los Angeles, USA  Contact office@en-co.com 555-3587 347  Opening Hours: Mo-Fr: 8:00-19:00 Sa: 8:00-14:00 So: closed","og_url":"https:\/\/solidscontrolworld.com\/es\/product\/bomba-de-diafragma\/","og_site_name":"Solids Control World","article_modified_time":"2021-05-05T14:39:38+00:00","og_image":[{"width":297,"height":200,"url":"https:\/\/solidscontrolworld.com\/wp-content\/uploads\/2021\/05\/\u7a3f\u5b9a\u8bbe\u8ba1-14.png","type":"image\/png"}],"twitter_card":"summary_large_image","twitter_misc":{"Tiempo de lectura":"2 minutos"},"schema":{"@context":"https:\/\/schema.org","@graph":[{"@type":"WebPage","@id":"https:\/\/solidscontrolworld.com\/product\/diaphragm-pump\/","url":"https:\/\/solidscontrolworld.com\/product\/diaphragm-pump\/","name":"Bomba de diafragma - Solids Control World","isPartOf":{"@id":"https:\/\/solidscontrolworld.com\/#website"},"primaryImageOfPage":{"@id":"https:\/\/solidscontrolworld.com\/product\/diaphragm-pump\/#primaryimage"},"image":{"@id":"https:\/\/solidscontrolworld.com\/product\/diaphragm-pump\/#primaryimage"},"thumbnailUrl":"https:\/\/solidscontrolworld.com\/wp-content\/uploads\/2021\/05\/\u7a3f\u5b9a\u8bbe\u8ba1-14.png","datePublished":"2021-05-05T14:17:44+00:00","dateModified":"2021-05-05T14:39:38+00:00","breadcrumb":{"@id":"https:\/\/solidscontrolworld.com\/product\/diaphragm-pump\/#breadcrumb"},"inLanguage":"es","potentialAction":[{"@type":"ReadAction","target":["https:\/\/solidscontrolworld.com\/product\/diaphragm-pump\/"]}]},{"@type":"ImageObject","inLanguage":"es","@id":"https:\/\/solidscontrolworld.com\/product\/diaphragm-pump\/#primaryimage","url":"https:\/\/solidscontrolworld.com\/wp-content\/uploads\/2021\/05\/\u7a3f\u5b9a\u8bbe\u8ba1-14.png","contentUrl":"https:\/\/solidscontrolworld.com\/wp-content\/uploads\/2021\/05\/\u7a3f\u5b9a\u8bbe\u8ba1-14.png","width":297,"height":200},{"@type":"BreadcrumbList","@id":"https:\/\/solidscontrolworld.com\/product\/diaphragm-pump\/#breadcrumb","itemListElement":[{"@type":"ListItem","position":1,"name":"Home","item":"https:\/\/solidscontrolworld.com\/"},{"@type":"ListItem","position":2,"name":"Products","item":"https:\/\/solidscontrolworld.com\/shop\/"},{"@type":"ListItem","position":3,"name":"Diaphragm pump"}]},{"@type":"WebSite","@id":"https:\/\/solidscontrolworld.com\/#website","url":"https:\/\/solidscontrolworld.com\/","name":"Mundo de control de s\u00f3lidos","description":"","publisher":{"@id":"https:\/\/solidscontrolworld.com\/#\/schema\/person\/2c126362537c0f0e6d4a8dfba9fc68b0"},"potentialAction":[{"@type":"SearchAction","target":{"@type":"EntryPoint","urlTemplate":"https:\/\/solidscontrolworld.com\/?s={search_term_string}"},"query-input":{"@type":"PropertyValueSpecification","valueRequired":true,"valueName":"search_term_string"}}],"inLanguage":"es"},{"@type":["Person","Organization"],"@id":"https:\/\/solidscontrolworld.com\/#\/schema\/person\/2c126362537c0f0e6d4a8dfba9fc68b0","name":"mundodecontroldes\u00f3lidos","logo":{"@id":"https:\/\/solidscontrolworld.com\/#\/schema\/person\/image\/"},"sameAs":["https:\/\/solidscontrolworld.com"]}]}},"_links":{"self":[{"href":"https:\/\/solidscontrolworld.com\/es\/wp-json\/wp\/v2\/product\/1412","targetHints":{"allow":["GET"]}}],"collection":[{"href":"https:\/\/solidscontrolworld.com\/es\/wp-json\/wp\/v2\/product"}],"about":[{"href":"https:\/\/solidscontrolworld.com\/es\/wp-json\/wp\/v2\/types\/product"}],"replies":[{"embeddable":true,"href":"https:\/\/solidscontrolworld.com\/es\/wp-json\/wp\/v2\/comments?post=1412"}],"version-history":[{"count":0,"href":"https:\/\/solidscontrolworld.com\/es\/wp-json\/wp\/v2\/product\/1412\/revisions"}],"wp:featuredmedia":[{"embeddable":true,"href":"https:\/\/solidscontrolworld.com\/es\/wp-json\/wp\/v2\/media\/1413"}],"wp:attachment":[{"href":"https:\/\/solidscontrolworld.com\/es\/wp-json\/wp\/v2\/media?parent=1412"}],"wp:term":[{"taxonomy":"product_brand","embeddable":true,"href":"https:\/\/solidscontrolworld.com\/es\/wp-json\/wp\/v2\/product_brand?post=1412"},{"taxonomy":"product_cat","embeddable":true,"href":"https:\/\/solidscontrolworld.com\/es\/wp-json\/wp\/v2\/product_cat?post=1412"},{"taxonomy":"product_tag","embeddable":true,"href":"https:\/\/solidscontrolworld.com\/es\/wp-json\/wp\/v2\/product_tag?post=1412"}],"curies":[{"name":"wp","href":"https:\/\/api.w.org\/{rel}","templated":true}]}}