{"id":1414,"date":"2021-05-05T14:19:34","date_gmt":"2021-05-05T14:19:34","guid":{"rendered":"https:\/\/solidscontrolworld.com\/?post_type=product&#038;p=1414"},"modified":"2022-08-24T05:28:26","modified_gmt":"2022-08-24T05:28:26","slug":"pistola-de-lodo","status":"publish","type":"product","link":"https:\/\/solidscontrolworld.com\/es\/product\/pistola-de-lodo\/","title":{"rendered":"Pistola de lodo"},"content":{"rendered":"<div class=\"flex_column av_one_full flex_column_div av-zero-column-padding first avia-builder-el-3 el_after_av_one_full el_before_av_textblock column-top-margin\">\n<section class=\"av_textblock_section\">\n<div class=\"avia_textblock\">\n<table border=\"0\" width=\"1159\" cellspacing=\"0\" cellpadding=\"0\">\n<tbody>\n<tr>\n<td class=\"kso0\" width=\"218\">Modelo<\/td>\n<td class=\"kso1\" width=\"250\">ABNJQ503<\/td>\n<td class=\"kso2\" width=\"219\">ABNJQ501<\/td>\n<td class=\"kso3\" width=\"250\">ABNJQ803<\/td>\n<td class=\"kso4\" width=\"219\">ABNJQ801<\/td>\n<\/tr>\n<tr>\n<td class=\"kso5\" width=\"218\">Di\u00e1metro<\/td>\n<td class=\"kso6\" width=\"250\">2\u201d(\u03a650)<\/td>\n<td class=\"kso7\" width=\"219\">2\u201d(\u03a650)<\/td>\n<td class=\"kso8\" width=\"250\">3\u201d(\u03a680)<\/td>\n<td class=\"kso9\" width=\"219\">3\u201d(\u03a680)<\/td>\n<\/tr>\n<tr>\n<td class=\"kso10\" width=\"218\">Identificaci\u00f3n de la v\u00e1lvula<\/td>\n<td class=\"kso11\" width=\"250\">50 mm<\/td>\n<td class=\"kso12\" width=\"219\">50 mm<\/td>\n<td class=\"kso13\" width=\"250\">80 mm<\/td>\n<td class=\"kso14\" width=\"219\">80 mm<\/td>\n<\/tr>\n<tr>\n<td class=\"kso15\" width=\"218\">Tama\u00f1o de la interfaz<\/td>\n<td class=\"kso16\" width=\"250\">2\u2033<\/td>\n<td class=\"kso17\" width=\"219\">2\u2033<\/td>\n<td class=\"kso18\" width=\"250\">3\u2033<\/td>\n<td class=\"kso19\" width=\"219\">3\u2033<\/td>\n<\/tr>\n<tr>\n<td class=\"kso20\" width=\"218\">Presi\u00f3n<\/td>\n<td class=\"kso21\" width=\"250\">1,6\/3,2\/6,4 Mpa<\/td>\n<td class=\"kso22\" width=\"219\">1,6\/3,2\/6,4 Mpa<\/td>\n<td class=\"kso23\" width=\"250\">1,6\/3,2\/6,4 Mpa<\/td>\n<td class=\"kso24\" width=\"219\">1,6\/3,2\/6,4 Mpa<\/td>\n<\/tr>\n<tr>\n<td class=\"kso25\" width=\"218\">N\u00famero de boquilla<\/td>\n<td class=\"kso26\" width=\"250\">3<\/td>\n<td class=\"kso27\" width=\"219\">1<\/td>\n<td class=\"kso28\" width=\"250\">3<\/td>\n<td class=\"kso29\" width=\"219\">1<\/td>\n<\/tr>\n<tr>\n<td class=\"kso30\" width=\"218\">\u00c1ngulo de rotaci\u00f3n<\/td>\n<td class=\"kso31\" width=\"250\">120\u00b0\/0<\/td>\n<td class=\"kso32\" width=\"219\">120\u00b0<\/td>\n<td class=\"kso33\" width=\"250\">120\u00b0\/0<\/td>\n<td class=\"kso34\" width=\"219\">120\u00b0<\/td>\n<\/tr>\n<tr>\n<td class=\"kso35\" width=\"218\">Observaci\u00f3n<\/td>\n<td class=\"kso36\" width=\"250\">rotar\/no rotar<\/td>\n<td class=\"kso37\" width=\"219\">girar<\/td>\n<td class=\"kso38\" width=\"250\">rotar\/no rotar<\/td>\n<td class=\"kso39\" width=\"219\">girar<\/td>\n<\/tr>\n<\/tbody>\n<\/table>\n<\/div>\n<\/section>\n<\/div>\n<section class=\"av_textblock_section\">\n<div class=\"avia_textblock\">\n<h2>Pistola de barro<\/h2>\n<p>Una pistola de lodo es una herramienta eficiente que se utiliza para mezclar el lodo de perforaci\u00f3n con un movimiento circulatorio espec\u00edfico. Adem\u00e1s, evita que el lodo se deposite en un punto espec\u00edfico o se precipite. Se utiliza en sistemas de control de s\u00f3lidos, especialmente en plataformas de perforaci\u00f3n, lo que la hace eficaz para fines industriales y de construcci\u00f3n.<\/p>\n<h2>CARACTER\u00cdSTICAS DE LA PISTOLA DE LODO<\/h2>\n<p>A continuaci\u00f3n se detallan las numerosas caracter\u00edsticas de una pistola de lodo. Puede echar un vistazo para comprender mejor nuestro producto.<\/p>\n<p>Disponemos de 4 modelos. Cada modelo ofrece el mejor dise\u00f1o y eficiencia. Cada modelo presenta caracter\u00edsticas espec\u00edficas.<\/p>\n<h3>Di\u00e1metro<\/h3>\n<p>El di\u00e1metro de la pistola de lodo determina la cantidad de lodo que puede perforar. Est\u00e1 disponible en di\u00e1metros 2 y 3, lo que la hace muy efectiva.<\/p>\n<h3>Presi\u00f3n<\/h3>\n<p>Cada modelo tiene su propia presi\u00f3n. Puedes comprarlo seg\u00fan tus necesidades para la tarea espec\u00edfica que desees realizar. Esto depende de muchos factores.<\/p>\n<h3>N\u00famero de boquilla<\/h3>\n<p>Para dos de los modelos, el n\u00famero de boquilla es 1, mientras que para los otros dos n\u00fameros de boquilla es 3.<\/p>\n<h3>\u00c1ngulo de rotaci\u00f3n<\/h3>\n<p>El \u00e1ngulo de rotaci\u00f3n de cada ca\u00f1\u00f3n es de 120\u00b0 lo que le proporciona una alta potencia de rotaci\u00f3n.<\/p>\n<h3>Tama\u00f1o de la interfaz<\/h3>\n<p>El tama\u00f1o de la interfaz de los dos modelos de pistola de lodo es 2, mientras que los otros dos tienen un tama\u00f1o de interfaz de 3.<\/p>\n<h3>Identificaci\u00f3n de la v\u00e1lvula<\/h3>\n<p>El di\u00e1metro interior de la v\u00e1lvula es de 50 mm para 2 de los modelos, mientras que los otros 2 tienen un di\u00e1metro interior de v\u00e1lvula de 80 mm.<\/p>\n<h2>BENEFICIOS DE LA PISTOLA DE LODO<\/h2>\n<p>Puedes obtener diversos beneficios con esta pistola. Algunos de los m\u00e1s importantes se detallan a continuaci\u00f3n.<\/p>\n<p><strong>Permite tener un control adecuado durante la mezcla y perforaci\u00f3n del lodo.\u00a0<\/strong><\/p>\n<p><strong>Es muy asequible y tambi\u00e9n proporciona eficiencia.<\/strong><\/p>\n<p><strong>El peso de la pistola de lodo es muy ligero, lo que la hace muy conveniente.\u00a0<\/strong><\/p>\n<p><strong>Puede mezclar y perforar lodo en diferentes compartimentos, lo que lo hace muy conveniente.\u00a0<\/strong><\/p>\n<p><strong>Puedes regular el flujo seg\u00fan tu propia elecci\u00f3n.<\/strong><\/p>\n<p><strong>Nuestras pistolas de lodo son de alta calidad y durar\u00e1n m\u00e1s de lo que cree.\u00a0<\/strong><\/p>\n<p><strong>Son muy f\u00e1ciles y c\u00f3modos de utilizar.\u00a0<\/strong><\/p>\n<h3>Conclusi\u00f3n<\/h3>\n<p>Se mencionan algunas de las mejores caracter\u00edsticas y beneficios que puede obtener con nuestra pistola de lodo. Puede echar un vistazo a nuestro producto y adquirirlo seg\u00fan sus necesidades entre la variedad de modelos disponibles. Son beneficiosos para diversos fines industriales y comerciales.<\/p>\n<p>Tambi\u00e9n echa un vistazo\u00a0<a href=\"https:\/\/solidscontrolworld.com\/es\/agitador-de-lodo\/\">Agitador de lodo<\/a>\u00a0de nuestra tienda.<\/p>\n<\/div>\n<\/section>","protected":false},"excerpt":{"rendered":"<h3 class=\"widgettitle\">OFICINA<\/h3>\n<div class=\"textwidget\">\n<p><strong>DIRECCI\u00d3N:<\/strong><\/p>\n<p>Habitaci\u00f3n 1924, Bloque D, Plaza Wanda, ciudad de Tangshan, China.<\/p>\n<p><strong>Contacto<\/strong><\/p>\n<p>info@solidscontrolworld.com<\/p>\n<p><strong>Tel\u00e9fono:<\/strong><\/p>\n<p>+86-18034158133<\/p>\n<p><strong>Fax:<\/strong><\/p>\n<p>+86-315-7651760<\/p>\n<p>Sitio web: www.solidscontrolworld.com<\/p>\n<p><strong>Horario de apertura:<\/strong><br \/>\nLunes a viernes: 8:00-17:30<\/p>\n<\/div>","protected":false},"featured_media":1415,"comment_status":"open","ping_status":"closed","template":"","meta":{"_seopress_robots_primary_cat":"none","_seopress_titles_title":"","_seopress_titles_desc":"","_seopress_robots_index":""},"product_brand":[],"product_cat":[57],"product_tag":[],"class_list":{"0":"post-1414","1":"product","2":"type-product","3":"status-publish","4":"has-post-thumbnail","6":"product_cat-solids-control-equipments","8":"first","9":"instock","10":"shipping-taxable","11":"product-type-simple"},"yoast_head":"<!-- This site is optimized with the Yoast SEO plugin v25.1 - https:\/\/yoast.com\/wordpress\/plugins\/seo\/ -->\n<title>Mud gun - Solids Control World<\/title>\n<meta name=\"robots\" content=\"index, follow, max-snippet:-1, max-image-preview:large, max-video-preview:-1\" \/>\n<link rel=\"canonical\" href=\"https:\/\/solidscontrolworld.com\/es\/product\/pistola-de-lodo\/\" \/>\n<meta property=\"og:locale\" content=\"es_MX\" \/>\n<meta property=\"og:type\" content=\"article\" \/>\n<meta property=\"og:title\" content=\"Mud gun - Solids Control World\" \/>\n<meta property=\"og:description\" content=\"OFFICE   Address:  Room 1924 ,Block D ,Wanda plaza, Tangshan city,\u00a0 China.  Contact  info@solidscontrolworld.com  Tel:  +86-18034158133  Fax:  +86-315-7651760  Website:www.solidscontrolworld.com  Opening Hours: Mon-Fri: 8:00-17:30\" \/>\n<meta property=\"og:url\" content=\"https:\/\/solidscontrolworld.com\/es\/product\/pistola-de-lodo\/\" \/>\n<meta property=\"og:site_name\" content=\"Solids Control World\" \/>\n<meta property=\"article:modified_time\" content=\"2022-08-24T05:28:26+00:00\" \/>\n<meta property=\"og:image\" content=\"https:\/\/solidscontrolworld.com\/wp-content\/uploads\/2021\/05\/\u7a3f\u5b9a\u8bbe\u8ba1-9-300x192-1.jpg\" \/>\n\t<meta property=\"og:image:width\" content=\"300\" \/>\n\t<meta property=\"og:image:height\" content=\"192\" \/>\n\t<meta property=\"og:image:type\" content=\"image\/jpeg\" \/>\n<meta name=\"twitter:card\" content=\"summary_large_image\" \/>\n<meta name=\"twitter:label1\" content=\"Tiempo de lectura\" \/>\n\t<meta name=\"twitter:data1\" content=\"2 minutos\" \/>\n<!-- \/ Yoast SEO plugin. -->","yoast_head_json":{"title":"Pistola de lodo - Solids Control World","robots":{"index":"index","follow":"follow","max-snippet":"max-snippet:-1","max-image-preview":"max-image-preview:large","max-video-preview":"max-video-preview:-1"},"canonical":"https:\/\/solidscontrolworld.com\/es\/product\/pistola-de-lodo\/","og_locale":"es_MX","og_type":"article","og_title":"Mud gun - Solids Control World","og_description":"OFFICE   Address:  Room 1924 ,Block D ,Wanda plaza, Tangshan city,\u00a0 China.  Contact  info@solidscontrolworld.com  Tel:  +86-18034158133  Fax:  +86-315-7651760  Website:www.solidscontrolworld.com  Opening Hours: Mon-Fri: 8:00-17:30","og_url":"https:\/\/solidscontrolworld.com\/es\/product\/pistola-de-lodo\/","og_site_name":"Solids Control World","article_modified_time":"2022-08-24T05:28:26+00:00","og_image":[{"width":300,"height":192,"url":"https:\/\/solidscontrolworld.com\/wp-content\/uploads\/2021\/05\/\u7a3f\u5b9a\u8bbe\u8ba1-9-300x192-1.jpg","type":"image\/jpeg"}],"twitter_card":"summary_large_image","twitter_misc":{"Tiempo de lectura":"2 minutos"},"schema":{"@context":"https:\/\/schema.org","@graph":[{"@type":"WebPage","@id":"https:\/\/solidscontrolworld.com\/product\/mud-gun\/","url":"https:\/\/solidscontrolworld.com\/product\/mud-gun\/","name":"Pistola de lodo - Solids Control World","isPartOf":{"@id":"https:\/\/solidscontrolworld.com\/#website"},"primaryImageOfPage":{"@id":"https:\/\/solidscontrolworld.com\/product\/mud-gun\/#primaryimage"},"image":{"@id":"https:\/\/solidscontrolworld.com\/product\/mud-gun\/#primaryimage"},"thumbnailUrl":"https:\/\/solidscontrolworld.com\/wp-content\/uploads\/2021\/05\/\u7a3f\u5b9a\u8bbe\u8ba1-9-300x192-1.jpg","datePublished":"2021-05-05T14:19:34+00:00","dateModified":"2022-08-24T05:28:26+00:00","breadcrumb":{"@id":"https:\/\/solidscontrolworld.com\/product\/mud-gun\/#breadcrumb"},"inLanguage":"es","potentialAction":[{"@type":"ReadAction","target":["https:\/\/solidscontrolworld.com\/product\/mud-gun\/"]}]},{"@type":"ImageObject","inLanguage":"es","@id":"https:\/\/solidscontrolworld.com\/product\/mud-gun\/#primaryimage","url":"https:\/\/solidscontrolworld.com\/wp-content\/uploads\/2021\/05\/\u7a3f\u5b9a\u8bbe\u8ba1-9-300x192-1.jpg","contentUrl":"https:\/\/solidscontrolworld.com\/wp-content\/uploads\/2021\/05\/\u7a3f\u5b9a\u8bbe\u8ba1-9-300x192-1.jpg","width":300,"height":192},{"@type":"BreadcrumbList","@id":"https:\/\/solidscontrolworld.com\/product\/mud-gun\/#breadcrumb","itemListElement":[{"@type":"ListItem","position":1,"name":"Home","item":"https:\/\/solidscontrolworld.com\/"},{"@type":"ListItem","position":2,"name":"Products","item":"https:\/\/solidscontrolworld.com\/shop\/"},{"@type":"ListItem","position":3,"name":"Mud gun"}]},{"@type":"WebSite","@id":"https:\/\/solidscontrolworld.com\/#website","url":"https:\/\/solidscontrolworld.com\/","name":"Mundo de control de s\u00f3lidos","description":"","publisher":{"@id":"https:\/\/solidscontrolworld.com\/#\/schema\/person\/2c126362537c0f0e6d4a8dfba9fc68b0"},"potentialAction":[{"@type":"SearchAction","target":{"@type":"EntryPoint","urlTemplate":"https:\/\/solidscontrolworld.com\/?s={search_term_string}"},"query-input":{"@type":"PropertyValueSpecification","valueRequired":true,"valueName":"search_term_string"}}],"inLanguage":"es"},{"@type":["Person","Organization"],"@id":"https:\/\/solidscontrolworld.com\/#\/schema\/person\/2c126362537c0f0e6d4a8dfba9fc68b0","name":"mundodecontroldes\u00f3lidos","logo":{"@id":"https:\/\/solidscontrolworld.com\/#\/schema\/person\/image\/"},"sameAs":["https:\/\/solidscontrolworld.com"]}]}},"_links":{"self":[{"href":"https:\/\/solidscontrolworld.com\/es\/wp-json\/wp\/v2\/product\/1414","targetHints":{"allow":["GET"]}}],"collection":[{"href":"https:\/\/solidscontrolworld.com\/es\/wp-json\/wp\/v2\/product"}],"about":[{"href":"https:\/\/solidscontrolworld.com\/es\/wp-json\/wp\/v2\/types\/product"}],"replies":[{"embeddable":true,"href":"https:\/\/solidscontrolworld.com\/es\/wp-json\/wp\/v2\/comments?post=1414"}],"version-history":[{"count":0,"href":"https:\/\/solidscontrolworld.com\/es\/wp-json\/wp\/v2\/product\/1414\/revisions"}],"wp:featuredmedia":[{"embeddable":true,"href":"https:\/\/solidscontrolworld.com\/es\/wp-json\/wp\/v2\/media\/1415"}],"wp:attachment":[{"href":"https:\/\/solidscontrolworld.com\/es\/wp-json\/wp\/v2\/media?parent=1414"}],"wp:term":[{"taxonomy":"product_brand","embeddable":true,"href":"https:\/\/solidscontrolworld.com\/es\/wp-json\/wp\/v2\/product_brand?post=1414"},{"taxonomy":"product_cat","embeddable":true,"href":"https:\/\/solidscontrolworld.com\/es\/wp-json\/wp\/v2\/product_cat?post=1414"},{"taxonomy":"product_tag","embeddable":true,"href":"https:\/\/solidscontrolworld.com\/es\/wp-json\/wp\/v2\/product_tag?post=1414"}],"curies":[{"name":"wp","href":"https:\/\/api.w.org\/{rel}","templated":true}]}}