{"id":1416,"date":"2021-05-05T14:21:16","date_gmt":"2021-05-05T14:21:16","guid":{"rendered":"https:\/\/solidscontrolworld.com\/?post_type=product&#038;p=1416"},"modified":"2023-10-13T09:27:00","modified_gmt":"2023-10-13T09:27:00","slug":"agitador-de-lodo","status":"publish","type":"product","link":"https:\/\/solidscontrolworld.com\/es\/product\/agitador-de-lodo\/","title":{"rendered":"Agitador de lodo"},"content":{"rendered":"<div class=\"flex_column av_one_full flex_column_div av-zero-column-padding first avia-builder-el-1 el_after_av_image el_before_av_textblock\">\n<section class=\"av_textblock_section\">\n<div class=\"avia_textblock\">\n<table border=\"0\" width=\"1234\" cellspacing=\"0\" cellpadding=\"0\">\n<tbody>\n<tr>\n<td class=\"kso0\" width=\"173\">Modelo<\/td>\n<td class=\"kso1\" width=\"172\">ABJBQ5.5<\/td>\n<td class=\"kso2\" width=\"172\">ABJBQ7.5<\/td>\n<td class=\"kso3\" width=\"172\">ABJBQ11<\/td>\n<td class=\"kso4\" width=\"172\">ABJBQ15<\/td>\n<td class=\"kso5\" width=\"187\">ABJBQ18.5<\/td>\n<td class=\"kso6\" width=\"183\">ABJBQ22<\/td>\n<\/tr>\n<tr>\n<td class=\"kso7\" width=\"173\">Fuerza<\/td>\n<td class=\"kso8\" width=\"172\">5,5 kW<\/td>\n<td class=\"kso9\" width=\"172\">7,5 kW<\/td>\n<td class=\"kso10\" width=\"172\">11 kW<\/td>\n<td class=\"kso11\" width=\"172\">15 kW<\/td>\n<td class=\"kso12\" width=\"187\">18,5 kW<\/td>\n<td class=\"kso13\" width=\"183\">22 kW<\/td>\n<\/tr>\n<tr>\n<td class=\"kso14\" width=\"173\">Velocidad del impulsor<\/td>\n<td class=\"kso15\" colspan=\"6\" width=\"1061\">60\/72 RPM<\/td>\n<\/tr>\n<tr>\n<td class=\"kso21\" width=\"173\">Di\u00e1metro del impulsor<\/td>\n<td class=\"kso22\" width=\"172\">600 mm<\/td>\n<td class=\"kso23\" width=\"172\">750\/750 mm<\/td>\n<td class=\"kso24\" width=\"172\">850\/750 mm<\/td>\n<td class=\"kso25\" width=\"172\">950\/850 mm<\/td>\n<td class=\"kso26\" width=\"187\">950\/850 mm<\/td>\n<td class=\"kso27\" width=\"183\">1000\/950 mm<\/td>\n<\/tr>\n<tr>\n<td class=\"kso28\" width=\"173\">Relaci\u00f3n<\/td>\n<td class=\"kso29\" colspan=\"6\" width=\"1061\">1:25\/1\u00a0:\u00a020<\/td>\n<\/tr>\n<tr>\n<td class=\"kso35\" width=\"173\">Dimensi\u00f3n<\/td>\n<td class=\"kso36\" width=\"172\">870x600x560<\/td>\n<td class=\"kso37\" width=\"172\">906x600x560<\/td>\n<td class=\"kso38\" width=\"172\">1075x650x630<\/td>\n<td class=\"kso39\" width=\"172\">1170x720x685<\/td>\n<td class=\"kso40\" width=\"187\">1270x1000x727<\/td>\n<td class=\"kso41\" width=\"183\">1270x1000x727<\/td>\n<\/tr>\n<tr>\n<td class=\"kso42\" width=\"173\">Especificaciones el\u00e9ctricas<\/td>\n<td class=\"kso43\" colspan=\"6\" width=\"1061\">220-240 V\/50 Hz, 380-415 V\/50 Hz, 440-480 V\/60 Hz, 575-600 V\/60 Hz<\/td>\n<\/tr>\n<tr>\n<td class=\"kso49\" width=\"173\">Longitud del eje<\/td>\n<td class=\"kso50\" colspan=\"6\" width=\"1061\">Depende de la profundidad del tanque de lodo.<\/td>\n<\/tr>\n<tr>\n<td class=\"kso56\" width=\"173\">Aprobaciones<\/td>\n<td class=\"kso57\" colspan=\"6\" width=\"1061\">UL\/ATEX\/BV\/IADC\/JAS-ANZ ISO 9001:2015\/CE<\/td>\n<\/tr>\n<\/tbody>\n<\/table>\n<\/div>\n<\/section>\n<\/div>\n<section class=\"av_textblock_section\">\n<div class=\"avia_textblock\">\n<h2>AGITADOR DE LODO<\/h2>\n<p>Este agitador de taza se utiliza en diversos sistemas de lodos superficiales para mantener una mezcla homog\u00e9nea y mantener los s\u00f3lidos en suspensi\u00f3n en todo el sistema. Los agitadores mec\u00e1nicos funcionan mediante un motor a prueba de explosiones combinado con una caja de engranajes. Este acciona el eje del impulsor. Este transforma la potencia mec\u00e1nica del motor en agitaci\u00f3n para crear una suspensi\u00f3n uniforme de todos los s\u00f3lidos.<\/p>\n<h2>CARACTER\u00cdSTICAS INCRE\u00cdBLES DEL AGITADOR DE LODO<\/h2>\n<p>Generalmente, se ofrecen diferentes versiones o modelos de agitadores de lodo para satisfacer las necesidades de los clientes con mayor eficacia. Sin embargo, a continuaci\u00f3n, se presentan algunas de las caracter\u00edsticas m\u00e1s destacadas de estos agitadores de lodo que debe conocer:<\/p>\n<h3>Motor agitador de lodos<\/h3>\n<p>La potencia del motor de estos agitadores de lodos var\u00eda entre 5,5 kW y 22 kW. Puede elegir f\u00e1cilmente el que mejor se adapte a sus necesidades.<\/p>\n<h3>Eje y impulsores del agitador de lodos<\/h3>\n<p>Sin embargo, la velocidad del impulsor de estos agitadores de lodo es de 60\/72 RPM. Por otro lado, la longitud del eje del agitador de lodo depender\u00e1 completamente del tama\u00f1o del tanque de lodo.<\/p>\n<h3>Agitador duradero<\/h3>\n<p>Excelente capacidad, mayor vida \u00fatil y materiales de alta calidad junto con una construcci\u00f3n robusta hacen que estos agitadores de lodo sean altamente duraderos y confiables.<\/p>\n<h3>Resistente a la corrosi\u00f3n<\/h3>\n<p>Toda la gama de agitadores de lodos es muy exigente. Esto se debe principalmente a la tecnolog\u00eda de vanguardia y la calidad de los materiales b\u00e1sicos que se utilizan. Su fabricaci\u00f3n los hace altamente resistentes a la corrosi\u00f3n y permite prolongar su vida \u00fatil con facilidad.<\/p>\n<h2>BENEFICIOS CLAVE DEL AGITADOR DE LODO<\/h2>\n<p>\u00bfQuieres saber qu\u00e9 hace que estos agitadores de lodo sean tan incre\u00edbles? Veamos las principales ventajas a continuaci\u00f3n para comprender mejor los aspectos relacionados:<\/p>\n<p><strong>Estos agitadores de lodo vienen con un motor el\u00e9ctrico en forma de C que es a prueba de explosiones.\u00a0<\/strong><\/p>\n<p><strong>La longitud del eje flexible es efectiva para una experiencia m\u00e1s confiable.\u00a0<\/strong><\/p>\n<p><strong>Todos estos agitadores est\u00e1n dise\u00f1ados eficazmente para ciertos requisitos de trabajo para ofrecer soluciones m\u00e1s sorprendentes y convenientes.\u00a0<\/strong><\/p>\n<p><strong>El agitador de lodo es m\u00e1s ligero que otros modelos similares.\u00a0<\/strong><\/p>\n<p>Eso es todo lo que necesita saber sobre los agitadores de lodo. Aseg\u00farese de elegir f\u00e1cilmente la versi\u00f3n que mejor se adapte a sus necesidades espec\u00edficas.<\/p>\n<\/div>\n<\/section>","protected":false},"excerpt":{"rendered":"<h3 class=\"widgettitle\">OFICINA<\/h3>\n<div class=\"textwidget\">\n<p><strong>DIRECCI\u00d3N:<\/strong><\/p>\n<p>Habitaci\u00f3n 1924, Bloque D, Plaza Wanda, ciudad de Tangshan, China.<\/p>\n<p><strong>Contacto<\/strong><\/p>\n<p>info@solidscontrolworld.com<\/p>\n<p><strong>Tel\u00e9fono:<\/strong><\/p>\n<p>+86-18034158133<\/p>\n<p><strong>Fax:<\/strong><\/p>\n<p>+86-315-7651760<\/p>\n<p>Sitio web: www.solidscontrolworld.com<\/p>\n<p><strong>Horario de apertura:<\/strong><br \/>\nLunes a viernes: 8:00-17:30<\/p>\n<\/div>","protected":false},"featured_media":9542,"comment_status":"open","ping_status":"closed","template":"","meta":{"_seopress_robots_primary_cat":"none","_seopress_titles_title":"","_seopress_titles_desc":"","_seopress_robots_index":""},"product_brand":[],"product_cat":[57],"product_tag":[],"class_list":{"0":"post-1416","1":"product","2":"type-product","3":"status-publish","4":"has-post-thumbnail","6":"product_cat-solids-control-equipments","8":"first","9":"instock","10":"shipping-taxable","11":"product-type-simple"},"yoast_head":"<!-- This site is optimized with the Yoast SEO plugin v25.1 - https:\/\/yoast.com\/wordpress\/plugins\/seo\/ -->\n<title>Mud agitator - Solids Control World<\/title>\n<meta name=\"robots\" content=\"index, follow, max-snippet:-1, max-image-preview:large, max-video-preview:-1\" \/>\n<link rel=\"canonical\" href=\"https:\/\/solidscontrolworld.com\/es\/product\/agitador-de-lodo\/\" \/>\n<meta property=\"og:locale\" content=\"es_MX\" \/>\n<meta property=\"og:type\" content=\"article\" \/>\n<meta property=\"og:title\" content=\"Mud agitator - Solids Control World\" \/>\n<meta property=\"og:description\" content=\"OFFICE   Address:  Room 1924 ,Block D ,Wanda plaza, Tangshan city,\u00a0 China.  Contact  info@solidscontrolworld.com  Tel:  +86-18034158133  Fax:  +86-315-7651760  Website:www.solidscontrolworld.com  Opening Hours: Mon-Fri: 8:00-17:30\" \/>\n<meta property=\"og:url\" content=\"https:\/\/solidscontrolworld.com\/es\/product\/agitador-de-lodo\/\" \/>\n<meta property=\"og:site_name\" content=\"Solids Control World\" \/>\n<meta property=\"article:modified_time\" content=\"2023-10-13T09:27:00+00:00\" \/>\n<meta property=\"og:image\" content=\"https:\/\/solidscontrolworld.com\/wp-content\/uploads\/2023\/07\/96443ea29173d372c667828dd9356e6.jpg\" \/>\n\t<meta property=\"og:image:width\" content=\"472\" \/>\n\t<meta property=\"og:image:height\" content=\"303\" \/>\n\t<meta property=\"og:image:type\" content=\"image\/jpeg\" \/>\n<meta name=\"twitter:card\" content=\"summary_large_image\" \/>\n<meta name=\"twitter:label1\" content=\"Tiempo de lectura\" \/>\n\t<meta name=\"twitter:data1\" content=\"2 minutos\" \/>\n<!-- \/ Yoast SEO plugin. -->","yoast_head_json":{"title":"Agitador de lodos - Solids Control World","robots":{"index":"index","follow":"follow","max-snippet":"max-snippet:-1","max-image-preview":"max-image-preview:large","max-video-preview":"max-video-preview:-1"},"canonical":"https:\/\/solidscontrolworld.com\/es\/product\/agitador-de-lodo\/","og_locale":"es_MX","og_type":"article","og_title":"Mud agitator - Solids Control World","og_description":"OFFICE   Address:  Room 1924 ,Block D ,Wanda plaza, Tangshan city,\u00a0 China.  Contact  info@solidscontrolworld.com  Tel:  +86-18034158133  Fax:  +86-315-7651760  Website:www.solidscontrolworld.com  Opening Hours: Mon-Fri: 8:00-17:30","og_url":"https:\/\/solidscontrolworld.com\/es\/product\/agitador-de-lodo\/","og_site_name":"Solids Control World","article_modified_time":"2023-10-13T09:27:00+00:00","og_image":[{"width":472,"height":303,"url":"https:\/\/solidscontrolworld.com\/wp-content\/uploads\/2023\/07\/96443ea29173d372c667828dd9356e6.jpg","type":"image\/jpeg"}],"twitter_card":"summary_large_image","twitter_misc":{"Tiempo de lectura":"2 minutos"},"schema":{"@context":"https:\/\/schema.org","@graph":[{"@type":"WebPage","@id":"https:\/\/solidscontrolworld.com\/product\/mud-agitator\/","url":"https:\/\/solidscontrolworld.com\/product\/mud-agitator\/","name":"Agitador de lodos - Solids Control World","isPartOf":{"@id":"https:\/\/solidscontrolworld.com\/#website"},"primaryImageOfPage":{"@id":"https:\/\/solidscontrolworld.com\/product\/mud-agitator\/#primaryimage"},"image":{"@id":"https:\/\/solidscontrolworld.com\/product\/mud-agitator\/#primaryimage"},"thumbnailUrl":"https:\/\/solidscontrolworld.com\/wp-content\/uploads\/2023\/07\/96443ea29173d372c667828dd9356e6.jpg","datePublished":"2021-05-05T14:21:16+00:00","dateModified":"2023-10-13T09:27:00+00:00","breadcrumb":{"@id":"https:\/\/solidscontrolworld.com\/product\/mud-agitator\/#breadcrumb"},"inLanguage":"es","potentialAction":[{"@type":"ReadAction","target":["https:\/\/solidscontrolworld.com\/product\/mud-agitator\/"]}]},{"@type":"ImageObject","inLanguage":"es","@id":"https:\/\/solidscontrolworld.com\/product\/mud-agitator\/#primaryimage","url":"https:\/\/solidscontrolworld.com\/wp-content\/uploads\/2023\/07\/96443ea29173d372c667828dd9356e6.jpg","contentUrl":"https:\/\/solidscontrolworld.com\/wp-content\/uploads\/2023\/07\/96443ea29173d372c667828dd9356e6.jpg","width":472,"height":303,"caption":"drilling mud agitator suppliers"},{"@type":"BreadcrumbList","@id":"https:\/\/solidscontrolworld.com\/product\/mud-agitator\/#breadcrumb","itemListElement":[{"@type":"ListItem","position":1,"name":"Home","item":"https:\/\/solidscontrolworld.com\/"},{"@type":"ListItem","position":2,"name":"Products","item":"https:\/\/solidscontrolworld.com\/shop\/"},{"@type":"ListItem","position":3,"name":"Mud agitator"}]},{"@type":"WebSite","@id":"https:\/\/solidscontrolworld.com\/#website","url":"https:\/\/solidscontrolworld.com\/","name":"Mundo de control de s\u00f3lidos","description":"","publisher":{"@id":"https:\/\/solidscontrolworld.com\/#\/schema\/person\/2c126362537c0f0e6d4a8dfba9fc68b0"},"potentialAction":[{"@type":"SearchAction","target":{"@type":"EntryPoint","urlTemplate":"https:\/\/solidscontrolworld.com\/?s={search_term_string}"},"query-input":{"@type":"PropertyValueSpecification","valueRequired":true,"valueName":"search_term_string"}}],"inLanguage":"es"},{"@type":["Person","Organization"],"@id":"https:\/\/solidscontrolworld.com\/#\/schema\/person\/2c126362537c0f0e6d4a8dfba9fc68b0","name":"mundodecontroldes\u00f3lidos","logo":{"@id":"https:\/\/solidscontrolworld.com\/#\/schema\/person\/image\/"},"sameAs":["https:\/\/solidscontrolworld.com"]}]}},"_links":{"self":[{"href":"https:\/\/solidscontrolworld.com\/es\/wp-json\/wp\/v2\/product\/1416","targetHints":{"allow":["GET"]}}],"collection":[{"href":"https:\/\/solidscontrolworld.com\/es\/wp-json\/wp\/v2\/product"}],"about":[{"href":"https:\/\/solidscontrolworld.com\/es\/wp-json\/wp\/v2\/types\/product"}],"replies":[{"embeddable":true,"href":"https:\/\/solidscontrolworld.com\/es\/wp-json\/wp\/v2\/comments?post=1416"}],"version-history":[{"count":0,"href":"https:\/\/solidscontrolworld.com\/es\/wp-json\/wp\/v2\/product\/1416\/revisions"}],"wp:featuredmedia":[{"embeddable":true,"href":"https:\/\/solidscontrolworld.com\/es\/wp-json\/wp\/v2\/media\/9542"}],"wp:attachment":[{"href":"https:\/\/solidscontrolworld.com\/es\/wp-json\/wp\/v2\/media?parent=1416"}],"wp:term":[{"taxonomy":"product_brand","embeddable":true,"href":"https:\/\/solidscontrolworld.com\/es\/wp-json\/wp\/v2\/product_brand?post=1416"},{"taxonomy":"product_cat","embeddable":true,"href":"https:\/\/solidscontrolworld.com\/es\/wp-json\/wp\/v2\/product_cat?post=1416"},{"taxonomy":"product_tag","embeddable":true,"href":"https:\/\/solidscontrolworld.com\/es\/wp-json\/wp\/v2\/product_tag?post=1416"}],"curies":[{"name":"wp","href":"https:\/\/api.w.org\/{rel}","templated":true}]}}