{"id":1418,"date":"2021-05-05T14:22:55","date_gmt":"2021-05-05T14:22:55","guid":{"rendered":"https:\/\/solidscontrolworld.com\/?post_type=product&#038;p=1418"},"modified":"2022-08-24T05:34:48","modified_gmt":"2022-08-24T05:34:48","slug":"dispositivo-de-encendido-de-bengalas","status":"publish","type":"product","link":"https:\/\/solidscontrolworld.com\/es\/product\/dispositivo-de-encendido-de-bengalas\/","title":{"rendered":"Dispositivo de encendido por bengala"},"content":{"rendered":"<div class=\"flex_column av_one_full flex_column_div av-zero-column-padding first avia-builder-el-3 el_after_av_one_full el_before_av_textblock column-top-margin\">\n<section class=\"av_textblock_section\">\n<div class=\"avia_textblock\">\n<table border=\"0\" width=\"793\" cellspacing=\"0\" cellpadding=\"0\">\n<tbody>\n<tr>\n<td class=\"kso0\" width=\"390\">Modelo<\/td>\n<td class=\"kso1\" width=\"403\">ABYD203<\/td>\n<\/tr>\n<tr>\n<td class=\"kso2\" width=\"390\">Di\u00e1metro del quemador<\/td>\n<td class=\"kso3\" width=\"403\">DN200mm<\/td>\n<\/tr>\n<tr>\n<td class=\"kso4\" width=\"390\">Altura del quemador<\/td>\n<td class=\"kso5\" width=\"403\">3 metros<\/td>\n<\/tr>\n<tr>\n<td class=\"kso6\" width=\"390\">Voltaje de encendido<\/td>\n<td class=\"kso7\" width=\"403\">16 kV<\/td>\n<\/tr>\n<tr>\n<td class=\"kso8\" width=\"390\">Frecuencia de encendido<\/td>\n<td class=\"kso9\" width=\"403\">100~1000 veces\/min<\/td>\n<\/tr>\n<\/tbody>\n<\/table>\n<\/div>\n<\/section>\n<\/div>\n<section class=\"av_textblock_section\">\n<div class=\"avia_textblock\">\n<h2>DISPOSITIVO DE ENCENDIDO DE BEN\u00c9FORA<\/h2>\n<p>Un dispositivo de ignici\u00f3n por antorcha es una herramienta pr\u00e1ctica para encender el gas residual en la industria del petr\u00f3leo y el gas. Esta herramienta se utiliza para quemar gases t\u00f3xicos o da\u00f1inos mediante un encendedor, lo que garantiza la seguridad ambiental y elimina la amenaza.<\/p>\n<h2>CARACTER\u00cdSTICAS INCRE\u00cdBLES DEL DISPOSITIVO DE ENCENDIDO DE BEN\u00c9FORA:<\/h2>\n<p>\u00bfQuieres conocer algunas de las caracter\u00edsticas m\u00e1s sorprendentes que hacen de la bengala una opci\u00f3n ideal? Veamos sus caracter\u00edsticas principales a continuaci\u00f3n:<\/p>\n<h3>Antorcha de quemador<\/h3>\n<p>El soplete est\u00e1 fabricado en acero inoxidable. Esto significa que puede utilizarlo durante a\u00f1os sin desgaste. Adem\u00e1s, su fabricaci\u00f3n en acero inoxidable lo hace m\u00e1s resistente, fiable y eficaz.<\/p>\n<h3>Encendido autom\u00e1tico de bengalas<\/h3>\n<p>El sistema de antorcha de este dispositivo es, sin duda, la caracter\u00edstica m\u00e1s importante a considerar. Este dispositivo de encendido por antorcha ofrece un sistema autom\u00e1tico que facilita el mantenimiento y la sustituci\u00f3n de equipos antiguos.<\/p>\n<h3>Dise\u00f1o maduro<\/h3>\n<p>Esta bengala de encendido presenta un dise\u00f1o sofisticado que incluye un quemador de 3 m de altura y un di\u00e1metro aproximado de DN200 mm. Todas estas especificaciones son de gran ayuda para un rendimiento \u00f3ptimo y seguro en la obra.<\/p>\n<h2>BENEFICIOS CLAVE DEL DISPOSITIVO DE ENCENDIDO DE BEN\u00c9FAGOS:<\/h2>\n<p>A continuaci\u00f3n te presentamos algunos de los beneficios m\u00e1s importantes de este dispositivo que debes conocer para ver si es adecuado para ti:<\/p>\n<p><strong>Ofrece una larga vida \u00fatil. Y lo m\u00e1s sorprendente es que no requiere mantenimiento de la cubierta de antorcha.\u00a0<\/strong><\/p>\n<p><strong>Podr\u00e1s utilizar f\u00e1cilmente esta luz de encendido de bengala altamente confiable durante muchos a\u00f1os sin ning\u00fan problema.\u00a0<\/strong><\/p>\n<p><strong>Las chispas encender\u00e1n todas las puntas de sus bengalas dentro de su radio de chispa.\u00a0<\/strong><\/p>\n<p><strong>Este dispositivo de encendido por antorcha se conecta con mayor frecuencia al separador de lodos. Al funcionar, quema el gas residual con precisi\u00f3n y rapidez. Como resultado, evita da\u00f1os a las personas y al medio ambiente.\u00a0<\/strong><\/p>\n<p>Para maximizar el rendimiento y la confiabilidad de este sistema, se recomienda un quemador piloto adecuado, as\u00ed como una herramienta de monitoreo de llama asociada.<\/p>\n<\/div>\n<\/section>","protected":false},"excerpt":{"rendered":"<h3 class=\"widgettitle\">OFICINA<\/h3>\n<div class=\"textwidget\">\n<p><strong>DIRECCI\u00d3N:<\/strong><\/p>\n<p>Habitaci\u00f3n 1924, Bloque D, Plaza Wanda, ciudad de Tangshan, China.<\/p>\n<p><strong>Contacto<\/strong><\/p>\n<p>info@solidscontrolworld.com<\/p>\n<p><strong>Tel\u00e9fono:<\/strong><\/p>\n<p>+86-18034158133<\/p>\n<p><strong>Fax:<\/strong><\/p>\n<p>+86-315-7651760<\/p>\n<p>Sitio web: www.solidscontrolworld.com<\/p>\n<p><strong>Horario de apertura:<\/strong><br \/>\nLunes a viernes: 8:00-17:30<\/p>\n<\/div>","protected":false},"featured_media":1419,"comment_status":"open","ping_status":"closed","template":"","meta":{"_seopress_robots_primary_cat":"none","_seopress_titles_title":"","_seopress_titles_desc":"","_seopress_robots_index":""},"product_brand":[],"product_cat":[57],"product_tag":[],"class_list":{"0":"post-1418","1":"product","2":"type-product","3":"status-publish","4":"has-post-thumbnail","6":"product_cat-solids-control-equipments","8":"first","9":"instock","10":"shipping-taxable","11":"product-type-simple"},"yoast_head":"<!-- This site is optimized with the Yoast SEO plugin v25.1 - https:\/\/yoast.com\/wordpress\/plugins\/seo\/ -->\n<title>Flare ignition device - Solids Control World<\/title>\n<meta name=\"robots\" content=\"index, follow, max-snippet:-1, max-image-preview:large, max-video-preview:-1\" \/>\n<link rel=\"canonical\" href=\"https:\/\/solidscontrolworld.com\/es\/product\/dispositivo-de-encendido-de-bengalas\/\" \/>\n<meta property=\"og:locale\" content=\"es_MX\" \/>\n<meta property=\"og:type\" content=\"article\" \/>\n<meta property=\"og:title\" content=\"Flare ignition device - Solids Control World\" \/>\n<meta property=\"og:description\" content=\"OFFICE   Address:  Room 1924 ,Block D ,Wanda plaza, Tangshan city,\u00a0 China.  Contact  info@solidscontrolworld.com  Tel:  +86-18034158133  Fax:  +86-315-7651760  Website:www.solidscontrolworld.com  Opening Hours: Mon-Fri: 8:00-17:30\" \/>\n<meta property=\"og:url\" content=\"https:\/\/solidscontrolworld.com\/es\/product\/dispositivo-de-encendido-de-bengalas\/\" \/>\n<meta property=\"og:site_name\" content=\"Solids Control World\" \/>\n<meta property=\"article:modified_time\" content=\"2022-08-24T05:34:48+00:00\" \/>\n<meta property=\"og:image\" content=\"https:\/\/solidscontrolworld.com\/wp-content\/uploads\/2021\/05\/\u7a3f\u5b9a\u8bbe\u8ba1-1.png\" \/>\n\t<meta property=\"og:image:width\" content=\"200\" \/>\n\t<meta property=\"og:image:height\" content=\"200\" \/>\n\t<meta property=\"og:image:type\" content=\"image\/png\" \/>\n<meta name=\"twitter:card\" content=\"summary_large_image\" \/>\n<meta name=\"twitter:label1\" content=\"Tiempo de lectura\" \/>\n\t<meta name=\"twitter:data1\" content=\"3 minutos\" \/>\n<!-- \/ Yoast SEO plugin. -->","yoast_head_json":{"title":"Dispositivo de encendido de bengalas - Solids Control World","robots":{"index":"index","follow":"follow","max-snippet":"max-snippet:-1","max-image-preview":"max-image-preview:large","max-video-preview":"max-video-preview:-1"},"canonical":"https:\/\/solidscontrolworld.com\/es\/product\/dispositivo-de-encendido-de-bengalas\/","og_locale":"es_MX","og_type":"article","og_title":"Flare ignition device - Solids Control World","og_description":"OFFICE   Address:  Room 1924 ,Block D ,Wanda plaza, Tangshan city,\u00a0 China.  Contact  info@solidscontrolworld.com  Tel:  +86-18034158133  Fax:  +86-315-7651760  Website:www.solidscontrolworld.com  Opening Hours: Mon-Fri: 8:00-17:30","og_url":"https:\/\/solidscontrolworld.com\/es\/product\/dispositivo-de-encendido-de-bengalas\/","og_site_name":"Solids Control World","article_modified_time":"2022-08-24T05:34:48+00:00","og_image":[{"width":200,"height":200,"url":"https:\/\/solidscontrolworld.com\/wp-content\/uploads\/2021\/05\/\u7a3f\u5b9a\u8bbe\u8ba1-1.png","type":"image\/png"}],"twitter_card":"summary_large_image","twitter_misc":{"Tiempo de lectura":"3 minutos"},"schema":{"@context":"https:\/\/schema.org","@graph":[{"@type":"WebPage","@id":"https:\/\/solidscontrolworld.com\/product\/flare-ignition-device\/","url":"https:\/\/solidscontrolworld.com\/product\/flare-ignition-device\/","name":"Dispositivo de encendido de bengalas - Solids Control World","isPartOf":{"@id":"https:\/\/solidscontrolworld.com\/#website"},"primaryImageOfPage":{"@id":"https:\/\/solidscontrolworld.com\/product\/flare-ignition-device\/#primaryimage"},"image":{"@id":"https:\/\/solidscontrolworld.com\/product\/flare-ignition-device\/#primaryimage"},"thumbnailUrl":"https:\/\/solidscontrolworld.com\/wp-content\/uploads\/2021\/05\/\u7a3f\u5b9a\u8bbe\u8ba1-1.png","datePublished":"2021-05-05T14:22:55+00:00","dateModified":"2022-08-24T05:34:48+00:00","breadcrumb":{"@id":"https:\/\/solidscontrolworld.com\/product\/flare-ignition-device\/#breadcrumb"},"inLanguage":"es","potentialAction":[{"@type":"ReadAction","target":["https:\/\/solidscontrolworld.com\/product\/flare-ignition-device\/"]}]},{"@type":"ImageObject","inLanguage":"es","@id":"https:\/\/solidscontrolworld.com\/product\/flare-ignition-device\/#primaryimage","url":"https:\/\/solidscontrolworld.com\/wp-content\/uploads\/2021\/05\/\u7a3f\u5b9a\u8bbe\u8ba1-1.png","contentUrl":"https:\/\/solidscontrolworld.com\/wp-content\/uploads\/2021\/05\/\u7a3f\u5b9a\u8bbe\u8ba1-1.png","width":200,"height":200},{"@type":"BreadcrumbList","@id":"https:\/\/solidscontrolworld.com\/product\/flare-ignition-device\/#breadcrumb","itemListElement":[{"@type":"ListItem","position":1,"name":"Home","item":"https:\/\/solidscontrolworld.com\/"},{"@type":"ListItem","position":2,"name":"Products","item":"https:\/\/solidscontrolworld.com\/shop\/"},{"@type":"ListItem","position":3,"name":"Flare ignition device"}]},{"@type":"WebSite","@id":"https:\/\/solidscontrolworld.com\/#website","url":"https:\/\/solidscontrolworld.com\/","name":"Mundo de control de s\u00f3lidos","description":"","publisher":{"@id":"https:\/\/solidscontrolworld.com\/#\/schema\/person\/2c126362537c0f0e6d4a8dfba9fc68b0"},"potentialAction":[{"@type":"SearchAction","target":{"@type":"EntryPoint","urlTemplate":"https:\/\/solidscontrolworld.com\/?s={search_term_string}"},"query-input":{"@type":"PropertyValueSpecification","valueRequired":true,"valueName":"search_term_string"}}],"inLanguage":"es"},{"@type":["Person","Organization"],"@id":"https:\/\/solidscontrolworld.com\/#\/schema\/person\/2c126362537c0f0e6d4a8dfba9fc68b0","name":"mundodecontroldes\u00f3lidos","logo":{"@id":"https:\/\/solidscontrolworld.com\/#\/schema\/person\/image\/"},"sameAs":["https:\/\/solidscontrolworld.com"]}]}},"_links":{"self":[{"href":"https:\/\/solidscontrolworld.com\/es\/wp-json\/wp\/v2\/product\/1418","targetHints":{"allow":["GET"]}}],"collection":[{"href":"https:\/\/solidscontrolworld.com\/es\/wp-json\/wp\/v2\/product"}],"about":[{"href":"https:\/\/solidscontrolworld.com\/es\/wp-json\/wp\/v2\/types\/product"}],"replies":[{"embeddable":true,"href":"https:\/\/solidscontrolworld.com\/es\/wp-json\/wp\/v2\/comments?post=1418"}],"version-history":[{"count":0,"href":"https:\/\/solidscontrolworld.com\/es\/wp-json\/wp\/v2\/product\/1418\/revisions"}],"wp:featuredmedia":[{"embeddable":true,"href":"https:\/\/solidscontrolworld.com\/es\/wp-json\/wp\/v2\/media\/1419"}],"wp:attachment":[{"href":"https:\/\/solidscontrolworld.com\/es\/wp-json\/wp\/v2\/media?parent=1418"}],"wp:term":[{"taxonomy":"product_brand","embeddable":true,"href":"https:\/\/solidscontrolworld.com\/es\/wp-json\/wp\/v2\/product_brand?post=1418"},{"taxonomy":"product_cat","embeddable":true,"href":"https:\/\/solidscontrolworld.com\/es\/wp-json\/wp\/v2\/product_cat?post=1418"},{"taxonomy":"product_tag","embeddable":true,"href":"https:\/\/solidscontrolworld.com\/es\/wp-json\/wp\/v2\/product_tag?post=1418"}],"curies":[{"name":"wp","href":"https:\/\/api.w.org\/{rel}","templated":true}]}}