{"id":1420,"date":"2021-05-05T14:24:36","date_gmt":"2021-05-05T14:24:36","guid":{"rendered":"https:\/\/solidscontrolworld.com\/?post_type=product&#038;p=1420"},"modified":"2022-08-24T05:32:21","modified_gmt":"2022-08-24T05:32:21","slug":"separador-de-gas-de-lodo","status":"publish","type":"product","link":"https:\/\/solidscontrolworld.com\/es\/product\/separador-de-gas-de-lodo\/","title":{"rendered":"Separador de gas de lodo"},"content":{"rendered":"<div class=\"flex_column av_one_full flex_column_div av-zero-column-padding first avia-builder-el-2 el_after_av_one_full el_before_av_textblock column-top-margin\">\n<section class=\"av_textblock_section\">\n<div class=\"avia_textblock\">\n<table border=\"0\" width=\"1162\" cellspacing=\"0\" cellpadding=\"0\">\n<tbody>\n<tr>\n<td class=\"kso0\" width=\"278\">Modelo<\/td>\n<td class=\"kso1\" width=\"302\">ABZYQ800<\/td>\n<td class=\"kso2\" width=\"302\">ABZYQ1000<\/td>\n<td class=\"kso3\" width=\"278\">ABZYQ1200<\/td>\n<\/tr>\n<tr>\n<td class=\"kso4\" width=\"278\">Di\u00e1metro del cuerpo principal<\/td>\n<td class=\"kso5\" width=\"302\">800 mm<\/td>\n<td class=\"kso6\" width=\"302\">1000 mm<\/td>\n<td class=\"kso7\" width=\"278\">1200 mm<\/td>\n<\/tr>\n<tr>\n<td class=\"kso8\" width=\"278\">Capacidad<\/td>\n<td class=\"kso9\" width=\"302\">180-240 m3\/h<\/td>\n<td class=\"kso10\" width=\"302\">260~320 m3\/h<\/td>\n<td class=\"kso11\" width=\"278\">300~360 m3\/h<\/td>\n<\/tr>\n<tr>\n<td class=\"kso12\" width=\"278\">Espesor de la pared<\/td>\n<td class=\"kso13\" width=\"302\">10 mm<\/td>\n<td class=\"kso14\" width=\"302\">10 mm<\/td>\n<td class=\"kso15\" width=\"278\">10 mm<\/td>\n<\/tr>\n<tr>\n<td class=\"kso16\" width=\"278\">Tubo de entrada<\/td>\n<td class=\"kso17\" width=\"302\">4\u2033<\/td>\n<td class=\"kso18\" width=\"302\">4\u2033<\/td>\n<td class=\"kso19\" width=\"278\">4\u2033<\/td>\n<\/tr>\n<tr>\n<td class=\"kso20\" width=\"278\">Salida para l\u00edquido<\/td>\n<td class=\"kso21\" width=\"302\">10\u2033<\/td>\n<td class=\"kso22\" width=\"302\">10\u2033<\/td>\n<td class=\"kso23\" width=\"278\">10\u2033<\/td>\n<\/tr>\n<tr>\n<td class=\"kso24\" width=\"278\">Salida de gas<\/td>\n<td class=\"kso25\" width=\"302\">6\u2033<\/td>\n<td class=\"kso26\" width=\"302\">8\u2033<\/td>\n<td class=\"kso27\" width=\"278\">8\u2033<\/td>\n<\/tr>\n<tr>\n<td class=\"kso28\" width=\"278\">Peso<\/td>\n<td class=\"kso29\" width=\"302\">1800 kilogramos<\/td>\n<td class=\"kso30\" width=\"302\">2000 kg<\/td>\n<td class=\"kso31\" width=\"278\">2500 kg<\/td>\n<\/tr>\n<tr>\n<td class=\"kso32\" width=\"278\">Dimensi\u00f3n<\/td>\n<td class=\"kso33\" width=\"302\">2000 x 2000 x 5070 mm<\/td>\n<td class=\"kso34\" width=\"302\">2000 x 2000 x 5860 mm<\/td>\n<td class=\"kso35\" width=\"278\">2200x2200x6634mm<\/td>\n<\/tr>\n<\/tbody>\n<\/table>\n<\/div>\n<\/section>\n<\/div>\n<section class=\"av_textblock_section\">\n<div class=\"avia_textblock\">\n<h2>SEPARADOR DE GASES DE LODO<\/h2>\n<p>Un separador de gas de lodo, tambi\u00e9n conocido como desgasificador de bajo costo, es una herramienta especial dise\u00f1ada espec\u00edficamente para desgasificar eficazmente el lodo gasificado en su etapa inicial. Se utiliza com\u00fanmente para eliminar principalmente burbujas grandes. Estas se refieren a los gases remanentes en los fluidos que llenaban algunas partes de un espacio anular en buen estado.<\/p>\n<p>Sin embargo, estos separadores de gas de lodo ofrecen sus propias caracter\u00edsticas y beneficios para los usuarios. Veamos la descripci\u00f3n general a continuaci\u00f3n para obtener m\u00e1s informaci\u00f3n.<\/p>\n<h2>CARACTER\u00cdSTICAS IMPORTANTES DEL SEPARADOR DE GASES DE LODO<\/h2>\n<p>A continuaci\u00f3n se presentan algunas de las caracter\u00edsticas m\u00e1s importantes de un separador de gas que es esencial que conozca:<\/p>\n<h3>Zona de combusti\u00f3n segura garantizada<\/h3>\n<p>Este separador de gas puede separar y descargar grandes cantidades de gas libre, incluyendo gases t\u00f3xicos, presentes en los fluidos de perforaci\u00f3n. Es m\u00e1s, el gas separado se transporta adecuadamente por las l\u00edneas de descarga para garantizar una zona de combusti\u00f3n m\u00e1s segura y protegida.<\/p>\n<h3>Unidad de construcci\u00f3n robusta<\/h3>\n<p>Esta unidad separadora de lodos presenta una construcci\u00f3n robusta. Adem\u00e1s, est\u00e1 recubierta con un eficaz ep\u00f3xico anticorrosivo de calidad superior. Todo esto se hace para garantizar su m\u00e1xima fiabilidad y durabilidad. Adem\u00e1s, la unidad ofrece una mayor vida \u00fatil al procesar gases t\u00f3xicos y peligrosos.<\/p>\n<h3>Precio competitivo<\/h3>\n<p>Este separador de gas de lodo es una unidad a un precio competitivo que no afectar\u00e1 su presupuesto. Puede encontrar varias versiones para ver cu\u00e1l se ajusta f\u00e1cilmente a su presupuesto y seguir adelante.<\/p>\n<h2>BENEFICIOS CLAVE DEL SEPARADOR DE GASES DE LODO<\/h2>\n<p>\u00bfQuiere saber c\u00f3mo le beneficia un separador de lodos? A continuaci\u00f3n, veamos sus principales ventajas para saber m\u00e1s:<\/p>\n<p><strong>Las placas deflectoras que existen dentro del recipiente de este separador de gas de lodo tienen el potencial de crear la m\u00e1xima eliminaci\u00f3n de gas libre de la mejor manera posible.\u00a0<\/strong><\/p>\n<p><strong>El dise\u00f1o montado sobre patines de este separador de gas de lodo puede garantizar un transporte, montaje y desmontaje m\u00e1s sencillos tambi\u00e9n.\u00a0<\/strong><\/p>\n<p><strong>La unidad est\u00e1 completamente dise\u00f1ada y fabricada seg\u00fan las normas ISO para garantizar la calidad y la confiabilidad de la mejor manera posible.\u00a0<\/strong><\/p>\n<p>Eso es todo lo que necesita saber sobre el separador de gas. Aseg\u00farese de considerar las especificaciones de la unidad antes de realizar cualquier compra.<\/p>\n<p>Tambi\u00e9n echa un vistazo\u00a0<a href=\"https:\/\/solidscontrolworld.com\/es\/mezclador-de-lodo-a-chorro\/\">Mezclador de lodo a chorro<\/a>\u00a0de nuestra tienda.<\/p>\n<\/div>\n<\/section>","protected":false},"excerpt":{"rendered":"<h3 class=\"widgettitle\">OFICINA<\/h3>\n<div class=\"textwidget\">\n<p><strong>DIRECCI\u00d3N:<\/strong><\/p>\n<p>Habitaci\u00f3n 1924, Bloque D, Plaza Wanda, ciudad de Tangshan, China.<\/p>\n<p><strong>Contacto<\/strong><\/p>\n<p>info@solidscontrolworld.com<\/p>\n<p><strong>Tel\u00e9fono:<\/strong><\/p>\n<p>+86-18034158133<\/p>\n<p><strong>Fax:<\/strong><\/p>\n<p>+86-315-7651760<\/p>\n<p>Sitio web: www.solidscontrolworld.com<\/p>\n<p><strong>Horario de apertura:<\/strong><br \/>\nLunes a viernes: 8:00-17:30<\/p>\n<\/div>","protected":false},"featured_media":1421,"comment_status":"open","ping_status":"closed","template":"","meta":{"_seopress_robots_primary_cat":"none","_seopress_titles_title":"","_seopress_titles_desc":"","_seopress_robots_index":""},"product_brand":[],"product_cat":[57],"product_tag":[],"class_list":{"0":"post-1420","1":"product","2":"type-product","3":"status-publish","4":"has-post-thumbnail","6":"product_cat-solids-control-equipments","8":"first","9":"instock","10":"shipping-taxable","11":"product-type-simple"},"yoast_head":"<!-- This site is optimized with the Yoast SEO plugin v25.1 - https:\/\/yoast.com\/wordpress\/plugins\/seo\/ -->\n<title>Mud gas separator - Solids Control World<\/title>\n<meta name=\"robots\" content=\"index, follow, max-snippet:-1, max-image-preview:large, max-video-preview:-1\" \/>\n<link rel=\"canonical\" href=\"https:\/\/solidscontrolworld.com\/es\/product\/separador-de-gas-de-lodo\/\" \/>\n<meta property=\"og:locale\" content=\"es_MX\" \/>\n<meta property=\"og:type\" content=\"article\" \/>\n<meta property=\"og:title\" content=\"Mud gas separator - Solids Control World\" \/>\n<meta property=\"og:description\" content=\"OFFICE   Address:  Room 1924 ,Block D ,Wanda plaza, Tangshan city,\u00a0 China.  Contact  info@solidscontrolworld.com  Tel:  +86-18034158133  Fax:  +86-315-7651760  Website:www.solidscontrolworld.com  Opening Hours: Mon-Fri: 8:00-17:30\" \/>\n<meta property=\"og:url\" content=\"https:\/\/solidscontrolworld.com\/es\/product\/separador-de-gas-de-lodo\/\" \/>\n<meta property=\"og:site_name\" content=\"Solids Control World\" \/>\n<meta property=\"article:modified_time\" content=\"2022-08-24T05:32:21+00:00\" \/>\n<meta property=\"og:image\" content=\"https:\/\/solidscontrolworld.com\/wp-content\/uploads\/2021\/05\/\u7a3f\u5b9a\u8bbe\u8ba1-16.png\" \/>\n\t<meta property=\"og:image:width\" content=\"200\" \/>\n\t<meta property=\"og:image:height\" content=\"200\" \/>\n\t<meta property=\"og:image:type\" content=\"image\/png\" \/>\n<meta name=\"twitter:card\" content=\"summary_large_image\" \/>\n<meta name=\"twitter:label1\" content=\"Tiempo de lectura\" \/>\n\t<meta name=\"twitter:data1\" content=\"2 minutos\" \/>\n<!-- \/ Yoast SEO plugin. -->","yoast_head_json":{"title":"Separador de gas de lodo - Solids Control World","robots":{"index":"index","follow":"follow","max-snippet":"max-snippet:-1","max-image-preview":"max-image-preview:large","max-video-preview":"max-video-preview:-1"},"canonical":"https:\/\/solidscontrolworld.com\/es\/product\/separador-de-gas-de-lodo\/","og_locale":"es_MX","og_type":"article","og_title":"Mud gas separator - Solids Control World","og_description":"OFFICE   Address:  Room 1924 ,Block D ,Wanda plaza, Tangshan city,\u00a0 China.  Contact  info@solidscontrolworld.com  Tel:  +86-18034158133  Fax:  +86-315-7651760  Website:www.solidscontrolworld.com  Opening Hours: Mon-Fri: 8:00-17:30","og_url":"https:\/\/solidscontrolworld.com\/es\/product\/separador-de-gas-de-lodo\/","og_site_name":"Solids Control World","article_modified_time":"2022-08-24T05:32:21+00:00","og_image":[{"width":200,"height":200,"url":"https:\/\/solidscontrolworld.com\/wp-content\/uploads\/2021\/05\/\u7a3f\u5b9a\u8bbe\u8ba1-16.png","type":"image\/png"}],"twitter_card":"summary_large_image","twitter_misc":{"Tiempo de lectura":"2 minutos"},"schema":{"@context":"https:\/\/schema.org","@graph":[{"@type":"WebPage","@id":"https:\/\/solidscontrolworld.com\/product\/mud-gas-separator\/","url":"https:\/\/solidscontrolworld.com\/product\/mud-gas-separator\/","name":"Separador de gas de lodo - Solids Control World","isPartOf":{"@id":"https:\/\/solidscontrolworld.com\/#website"},"primaryImageOfPage":{"@id":"https:\/\/solidscontrolworld.com\/product\/mud-gas-separator\/#primaryimage"},"image":{"@id":"https:\/\/solidscontrolworld.com\/product\/mud-gas-separator\/#primaryimage"},"thumbnailUrl":"https:\/\/solidscontrolworld.com\/wp-content\/uploads\/2021\/05\/\u7a3f\u5b9a\u8bbe\u8ba1-16.png","datePublished":"2021-05-05T14:24:36+00:00","dateModified":"2022-08-24T05:32:21+00:00","breadcrumb":{"@id":"https:\/\/solidscontrolworld.com\/product\/mud-gas-separator\/#breadcrumb"},"inLanguage":"es","potentialAction":[{"@type":"ReadAction","target":["https:\/\/solidscontrolworld.com\/product\/mud-gas-separator\/"]}]},{"@type":"ImageObject","inLanguage":"es","@id":"https:\/\/solidscontrolworld.com\/product\/mud-gas-separator\/#primaryimage","url":"https:\/\/solidscontrolworld.com\/wp-content\/uploads\/2021\/05\/\u7a3f\u5b9a\u8bbe\u8ba1-16.png","contentUrl":"https:\/\/solidscontrolworld.com\/wp-content\/uploads\/2021\/05\/\u7a3f\u5b9a\u8bbe\u8ba1-16.png","width":200,"height":200},{"@type":"BreadcrumbList","@id":"https:\/\/solidscontrolworld.com\/product\/mud-gas-separator\/#breadcrumb","itemListElement":[{"@type":"ListItem","position":1,"name":"Home","item":"https:\/\/solidscontrolworld.com\/"},{"@type":"ListItem","position":2,"name":"Products","item":"https:\/\/solidscontrolworld.com\/shop\/"},{"@type":"ListItem","position":3,"name":"Mud gas separator"}]},{"@type":"WebSite","@id":"https:\/\/solidscontrolworld.com\/#website","url":"https:\/\/solidscontrolworld.com\/","name":"Mundo de control de s\u00f3lidos","description":"","publisher":{"@id":"https:\/\/solidscontrolworld.com\/#\/schema\/person\/2c126362537c0f0e6d4a8dfba9fc68b0"},"potentialAction":[{"@type":"SearchAction","target":{"@type":"EntryPoint","urlTemplate":"https:\/\/solidscontrolworld.com\/?s={search_term_string}"},"query-input":{"@type":"PropertyValueSpecification","valueRequired":true,"valueName":"search_term_string"}}],"inLanguage":"es"},{"@type":["Person","Organization"],"@id":"https:\/\/solidscontrolworld.com\/#\/schema\/person\/2c126362537c0f0e6d4a8dfba9fc68b0","name":"mundodecontroldes\u00f3lidos","logo":{"@id":"https:\/\/solidscontrolworld.com\/#\/schema\/person\/image\/"},"sameAs":["https:\/\/solidscontrolworld.com"]}]}},"_links":{"self":[{"href":"https:\/\/solidscontrolworld.com\/es\/wp-json\/wp\/v2\/product\/1420","targetHints":{"allow":["GET"]}}],"collection":[{"href":"https:\/\/solidscontrolworld.com\/es\/wp-json\/wp\/v2\/product"}],"about":[{"href":"https:\/\/solidscontrolworld.com\/es\/wp-json\/wp\/v2\/types\/product"}],"replies":[{"embeddable":true,"href":"https:\/\/solidscontrolworld.com\/es\/wp-json\/wp\/v2\/comments?post=1420"}],"version-history":[{"count":0,"href":"https:\/\/solidscontrolworld.com\/es\/wp-json\/wp\/v2\/product\/1420\/revisions"}],"wp:featuredmedia":[{"embeddable":true,"href":"https:\/\/solidscontrolworld.com\/es\/wp-json\/wp\/v2\/media\/1421"}],"wp:attachment":[{"href":"https:\/\/solidscontrolworld.com\/es\/wp-json\/wp\/v2\/media?parent=1420"}],"wp:term":[{"taxonomy":"product_brand","embeddable":true,"href":"https:\/\/solidscontrolworld.com\/es\/wp-json\/wp\/v2\/product_brand?post=1420"},{"taxonomy":"product_cat","embeddable":true,"href":"https:\/\/solidscontrolworld.com\/es\/wp-json\/wp\/v2\/product_cat?post=1420"},{"taxonomy":"product_tag","embeddable":true,"href":"https:\/\/solidscontrolworld.com\/es\/wp-json\/wp\/v2\/product_tag?post=1420"}],"curies":[{"name":"wp","href":"https:\/\/api.w.org\/{rel}","templated":true}]}}