{"id":1422,"date":"2021-05-05T14:26:16","date_gmt":"2021-05-05T14:26:16","guid":{"rendered":"https:\/\/solidscontrolworld.com\/?post_type=product&#038;p=1422"},"modified":"2022-08-24T05:35:43","modified_gmt":"2022-08-24T05:35:43","slug":"mezclador-de-lodo-a-chorro","status":"publish","type":"product","link":"https:\/\/solidscontrolworld.com\/es\/product\/mezclador-de-lodo-a-chorro\/","title":{"rendered":"Mezclador de lodo a chorro"},"content":{"rendered":"<div class=\"flex_column av_one_full flex_column_div av-zero-column-padding first avia-builder-el-3 el_after_av_one_full el_before_av_one_full column-top-margin\">\n<section class=\"av_textblock_section\">\n<div class=\"avia_textblock\">\n<table border=\"0\" width=\"1234\" cellspacing=\"0\" cellpadding=\"0\">\n<tbody>\n<tr>\n<td class=\"kso0\" width=\"174\">Modelo<\/td>\n<td class=\"kso1\" width=\"213\">ABSLH155<\/td>\n<td class=\"kso2\" width=\"213\">ABSLH155<\/td>\n<td class=\"kso3\" width=\"212\">ABSLH154<\/td>\n<td class=\"kso4\" width=\"211\">ABSLH153<\/td>\n<td class=\"kso5\" width=\"210\">ABSLH125<\/td>\n<\/tr>\n<tr>\n<td class=\"kso6\" width=\"174\">Capacidad<\/td>\n<td class=\"kso7\" width=\"213\">280 m3\/h<\/td>\n<td class=\"kso8\" width=\"213\">240 m3\/h<\/td>\n<td class=\"kso9\" width=\"212\">180 m3\/h<\/td>\n<td class=\"kso10\" width=\"211\">120 m3\/h<\/td>\n<td class=\"kso11\" width=\"210\">60 m3\/h<\/td>\n<\/tr>\n<tr>\n<td class=\"kso12\" width=\"174\">Presi\u00f3n<\/td>\n<td class=\"kso13\" width=\"213\">0,25 ~ 0,40 Mpa<\/td>\n<td class=\"kso14\" width=\"213\">0,25 ~ 0,40 Mpa<\/td>\n<td class=\"kso15\" width=\"212\">0,25 ~ 0,40 Mpa<\/td>\n<td class=\"kso16\" width=\"211\">0,25 ~ 0,40 Mpa<\/td>\n<td class=\"kso17\" width=\"210\">0,25 ~ 0,40 Mpa<\/td>\n<\/tr>\n<tr>\n<td class=\"kso18\" width=\"174\">Entrada<\/td>\n<td class=\"kso19\" width=\"213\">150 mm<\/td>\n<td class=\"kso20\" width=\"213\">150 mm<\/td>\n<td class=\"kso21\" width=\"212\">150 mm<\/td>\n<td class=\"kso22\" width=\"211\">150 mm<\/td>\n<td class=\"kso23\" width=\"210\">100 mm<\/td>\n<\/tr>\n<tr>\n<td class=\"kso24\" width=\"174\">Calibre de boquilla<\/td>\n<td class=\"kso25\" width=\"213\">50 mm<\/td>\n<td class=\"kso26\" width=\"213\">50 mm<\/td>\n<td class=\"kso27\" width=\"212\">40 mm<\/td>\n<td class=\"kso28\" width=\"211\">35 mm<\/td>\n<td class=\"kso29\" width=\"210\">25 mm<\/td>\n<\/tr>\n<tr>\n<td class=\"kso30\" width=\"174\">Di\u00e1metro de la tolva<\/td>\n<td class=\"kso31\" width=\"213\">750x750 mm<\/td>\n<td class=\"kso32\" width=\"213\">750x750 mm<\/td>\n<td class=\"kso33\" width=\"212\">650x650 mm<\/td>\n<td class=\"kso34\" width=\"211\">600x600 mm<\/td>\n<td class=\"kso35\" width=\"210\">500x500 mm<\/td>\n<\/tr>\n<tr>\n<td class=\"kso36\" width=\"174\">Velocidad de carga<\/td>\n<td class=\"kso37\" width=\"213\">\u2264150 kg\/min<\/td>\n<td class=\"kso38\" width=\"213\">\u2264120 kg\/min<\/td>\n<td class=\"kso39\" width=\"212\">\u2264100 kg\/min<\/td>\n<td class=\"kso40\" width=\"211\">\u226460 kg\/min<\/td>\n<td class=\"kso41\" width=\"210\">\u226440 kg\/min<\/td>\n<\/tr>\n<tr>\n<td class=\"kso42\" width=\"174\">Densidad<\/td>\n<td class=\"kso43\" width=\"213\">\u22642,8 g\/cm3<\/td>\n<td class=\"kso44\" width=\"213\">\u22642,8 g\/cm3<\/td>\n<td class=\"kso45\" width=\"212\">2,4 g\/cm3<\/td>\n<td class=\"kso46\" width=\"211\">\u22642,0 g\/cm3<\/td>\n<td class=\"kso47\" width=\"210\">\u22641,5 g\/cm3<\/td>\n<\/tr>\n<tr>\n<td class=\"kso48\" width=\"174\">Viscosidad<\/td>\n<td class=\"kso49\" width=\"213\">\u2264120 s<\/td>\n<td class=\"kso50\" width=\"213\">\u2264120 s<\/td>\n<td class=\"kso51\" width=\"212\">\u2264100 s<\/td>\n<td class=\"kso52\" width=\"211\">\u226480 s<\/td>\n<td class=\"kso53\" width=\"210\">\u226460 s<\/td>\n<\/tr>\n<\/tbody>\n<\/table>\n<\/div>\n<\/section>\n<\/div>\n<div class=\"flex_column av_one_full flex_column_div av-zero-column-padding first avia-builder-el-5 el_after_av_one_full avia-builder-el-last column-top-margin\">\n<section class=\"av_textblock_section\">\n<div class=\"avia_textblock\">\n<h2>MEZCLADOR DE LODO A CHORRO<\/h2>\n<p>El mezclador de lodo a chorro se utiliza en industrias como la construcci\u00f3n. Es un equipo de alta resistencia que permite aumentar la densidad de l\u00edquidos, especialmente mediante la adici\u00f3n de bentonita. Tambi\u00e9n se utiliza para modificar la viscosidad y la densidad de un l\u00edquido. Adem\u00e1s, realiza la funci\u00f3n de deshidrataci\u00f3n en lugares donde se desea eliminar agua.<\/p>\n<h2>CARACTER\u00cdSTICAS DEL MEZCLADOR DE LODO A CHORRO:<\/h2>\n<p>A continuaci\u00f3n se detallan las numerosas caracter\u00edsticas de un mezclador de lodo Jet. Puede echar un vistazo para comprender mejor nuestro producto.<\/p>\n<p><strong>Disponemos de 5 modelos. Cada modelo ofrece el mejor dise\u00f1o y eficiencia. Cada modelo presenta caracter\u00edsticas espec\u00edficas.\u00a0<\/strong><\/p>\n<p><strong>Cada modelo permite una densidad espec\u00edfica de fluido, lo cual puede ser muy beneficioso durante su uso. Est\u00e1 disponible en varias densidades, lo que lo hace muy efectivo.<\/strong><\/p>\n<p><strong>Cada modelo tiene su propia presi\u00f3n. Puedes comprarlo seg\u00fan tus necesidades para la tarea espec\u00edfica que desees realizar. Esto depende de muchos factores.\u00a0<\/strong><\/p>\n<p><strong>Para dos de los modelos, el calibre de la boquilla es de 50 mm, mientras que para los dem\u00e1s es de 25 mm, 35 mm y 40 mm.\u00a0<\/strong><\/p>\n<p><strong>Cada modelo tiene una viscosidad diferente para un tipo espec\u00edfico de fluido. Puede elegir seg\u00fan sus necesidades. Los mezcladores de lodo a chorro se utilizan principalmente para modificar la viscosidad del fluido. Debe tener en cuenta la viscosidad espec\u00edfica que desea a\u00f1adir al fluido antes de comprar el modelo.\u00a0 \u00a0<\/strong><\/p>\n<h2>BENEFICIOS DE ESTA MEZCLADORA:<\/h2>\n<p>El mezclador de lodo Jet ofrece diversas ventajas. A continuaci\u00f3n, se detallan algunas de las m\u00e1s importantes.<\/p>\n<p><strong>Permite tener un control adecuado al cambiar la densidad y viscosidad del fluido.\u00a0<\/strong><\/p>\n<p><strong>Es muy asequible y tambi\u00e9n proporciona eficiencia.<\/strong><\/p>\n<p><strong>El peso del mezclador de lodo Jet es muy ligero, lo que lo hace muy conveniente.\u00a0<\/strong><\/p>\n<p><strong>Puede cambiar la densidad del fluido en diferentes compartimentos, lo que lo hace muy conveniente.\u00a0<\/strong><\/p>\n<p><strong>Puedes regular el flujo seg\u00fan tu propia elecci\u00f3n.<\/strong><\/p>\n<p><strong>Nuestras mezcladoras de lodo Jet son de alta calidad y durar\u00e1n m\u00e1s de lo que cree.\u00a0<\/strong><\/p>\n<p><strong>Son muy f\u00e1ciles y c\u00f3modos de utilizar.\u00a0<\/strong><\/p>\n<p>Se mencionan algunas de las mejores caracter\u00edsticas y beneficios que puede obtener al usar nuestros mezcladores de lodo Jet. Puede explorar nuestro producto y adquirir el que mejor se adapte a sus necesidades entre la variedad de modelos disponibles. Son beneficiosos para diversos fines industriales y comerciales.<\/p>\n<\/div>\n<\/section>\n<\/div>","protected":false},"excerpt":{"rendered":"<h3 class=\"widgettitle\">OFICINA<\/h3>\n<div class=\"textwidget\">\n<p><strong>DIRECCI\u00d3N<\/strong><br \/>\n10800 West Pico Boulevard<br \/>\nLos \u00c1ngeles, Estados Unidos<\/p>\n<p><strong>Contacto<\/strong><br \/>\noficina@en-co.com<br \/>\n555-3587 347<\/p>\n<p><strong>Horario de apertura:<\/strong><br \/>\nLunes a viernes: 8:00-19:00<br \/>\nS\u00e1bado: 8:00-14:00<br \/>\nAs\u00ed que: cerrado<\/p>\n<\/div>","protected":false},"featured_media":1423,"comment_status":"open","ping_status":"closed","template":"","meta":{"_seopress_robots_primary_cat":"none","_seopress_titles_title":"","_seopress_titles_desc":"","_seopress_robots_index":""},"product_brand":[],"product_cat":[57],"product_tag":[],"class_list":{"0":"post-1422","1":"product","2":"type-product","3":"status-publish","4":"has-post-thumbnail","6":"product_cat-solids-control-equipments","8":"first","9":"instock","10":"shipping-taxable","11":"product-type-simple"},"yoast_head":"<!-- This site is optimized with the Yoast SEO plugin v25.1 - https:\/\/yoast.com\/wordpress\/plugins\/seo\/ -->\n<title>Jet mud mixer - Solids Control World<\/title>\n<meta name=\"robots\" content=\"index, follow, max-snippet:-1, max-image-preview:large, max-video-preview:-1\" \/>\n<link rel=\"canonical\" href=\"https:\/\/solidscontrolworld.com\/es\/product\/mezclador-de-lodo-a-chorro\/\" \/>\n<meta property=\"og:locale\" content=\"es_MX\" \/>\n<meta property=\"og:type\" content=\"article\" \/>\n<meta property=\"og:title\" content=\"Jet mud mixer - Solids Control World\" \/>\n<meta property=\"og:description\" content=\"OFFICE   Address 10800 West Pico Boulevard Los Angeles, USA  Contact office@en-co.com 555-3587 347  Opening Hours: Mo-Fr: 8:00-19:00 Sa: 8:00-14:00 So: closed\" \/>\n<meta property=\"og:url\" content=\"https:\/\/solidscontrolworld.com\/es\/product\/mezclador-de-lodo-a-chorro\/\" \/>\n<meta property=\"og:site_name\" content=\"Solids Control World\" \/>\n<meta property=\"article:modified_time\" content=\"2022-08-24T05:35:43+00:00\" \/>\n<meta property=\"og:image\" content=\"https:\/\/solidscontrolworld.com\/wp-content\/uploads\/2021\/05\/\u7a3f\u5b9a\u8bbe\u8ba1-3.png\" \/>\n\t<meta property=\"og:image:width\" content=\"200\" \/>\n\t<meta property=\"og:image:height\" content=\"200\" \/>\n\t<meta property=\"og:image:type\" content=\"image\/png\" \/>\n<meta name=\"twitter:card\" content=\"summary_large_image\" \/>\n<meta name=\"twitter:label1\" content=\"Tiempo de lectura\" \/>\n\t<meta name=\"twitter:data1\" content=\"3 minutos\" \/>\n<!-- \/ Yoast SEO plugin. -->","yoast_head_json":{"title":"Mezclador de lodos a chorro - Solids Control World","robots":{"index":"index","follow":"follow","max-snippet":"max-snippet:-1","max-image-preview":"max-image-preview:large","max-video-preview":"max-video-preview:-1"},"canonical":"https:\/\/solidscontrolworld.com\/es\/product\/mezclador-de-lodo-a-chorro\/","og_locale":"es_MX","og_type":"article","og_title":"Jet mud mixer - Solids Control World","og_description":"OFFICE   Address 10800 West Pico Boulevard Los Angeles, USA  Contact office@en-co.com 555-3587 347  Opening Hours: Mo-Fr: 8:00-19:00 Sa: 8:00-14:00 So: closed","og_url":"https:\/\/solidscontrolworld.com\/es\/product\/mezclador-de-lodo-a-chorro\/","og_site_name":"Solids Control World","article_modified_time":"2022-08-24T05:35:43+00:00","og_image":[{"width":200,"height":200,"url":"https:\/\/solidscontrolworld.com\/wp-content\/uploads\/2021\/05\/\u7a3f\u5b9a\u8bbe\u8ba1-3.png","type":"image\/png"}],"twitter_card":"summary_large_image","twitter_misc":{"Tiempo de lectura":"3 minutos"},"schema":{"@context":"https:\/\/schema.org","@graph":[{"@type":"WebPage","@id":"https:\/\/solidscontrolworld.com\/product\/jet-mud-mixer\/","url":"https:\/\/solidscontrolworld.com\/product\/jet-mud-mixer\/","name":"Mezclador de lodos a chorro - Solids Control World","isPartOf":{"@id":"https:\/\/solidscontrolworld.com\/#website"},"primaryImageOfPage":{"@id":"https:\/\/solidscontrolworld.com\/product\/jet-mud-mixer\/#primaryimage"},"image":{"@id":"https:\/\/solidscontrolworld.com\/product\/jet-mud-mixer\/#primaryimage"},"thumbnailUrl":"https:\/\/solidscontrolworld.com\/wp-content\/uploads\/2021\/05\/\u7a3f\u5b9a\u8bbe\u8ba1-3.png","datePublished":"2021-05-05T14:26:16+00:00","dateModified":"2022-08-24T05:35:43+00:00","breadcrumb":{"@id":"https:\/\/solidscontrolworld.com\/product\/jet-mud-mixer\/#breadcrumb"},"inLanguage":"es","potentialAction":[{"@type":"ReadAction","target":["https:\/\/solidscontrolworld.com\/product\/jet-mud-mixer\/"]}]},{"@type":"ImageObject","inLanguage":"es","@id":"https:\/\/solidscontrolworld.com\/product\/jet-mud-mixer\/#primaryimage","url":"https:\/\/solidscontrolworld.com\/wp-content\/uploads\/2021\/05\/\u7a3f\u5b9a\u8bbe\u8ba1-3.png","contentUrl":"https:\/\/solidscontrolworld.com\/wp-content\/uploads\/2021\/05\/\u7a3f\u5b9a\u8bbe\u8ba1-3.png","width":200,"height":200},{"@type":"BreadcrumbList","@id":"https:\/\/solidscontrolworld.com\/product\/jet-mud-mixer\/#breadcrumb","itemListElement":[{"@type":"ListItem","position":1,"name":"Home","item":"https:\/\/solidscontrolworld.com\/"},{"@type":"ListItem","position":2,"name":"Products","item":"https:\/\/solidscontrolworld.com\/shop\/"},{"@type":"ListItem","position":3,"name":"Jet mud mixer"}]},{"@type":"WebSite","@id":"https:\/\/solidscontrolworld.com\/#website","url":"https:\/\/solidscontrolworld.com\/","name":"Mundo de control de s\u00f3lidos","description":"","publisher":{"@id":"https:\/\/solidscontrolworld.com\/#\/schema\/person\/2c126362537c0f0e6d4a8dfba9fc68b0"},"potentialAction":[{"@type":"SearchAction","target":{"@type":"EntryPoint","urlTemplate":"https:\/\/solidscontrolworld.com\/?s={search_term_string}"},"query-input":{"@type":"PropertyValueSpecification","valueRequired":true,"valueName":"search_term_string"}}],"inLanguage":"es"},{"@type":["Person","Organization"],"@id":"https:\/\/solidscontrolworld.com\/#\/schema\/person\/2c126362537c0f0e6d4a8dfba9fc68b0","name":"mundodecontroldes\u00f3lidos","logo":{"@id":"https:\/\/solidscontrolworld.com\/#\/schema\/person\/image\/"},"sameAs":["https:\/\/solidscontrolworld.com"]}]}},"_links":{"self":[{"href":"https:\/\/solidscontrolworld.com\/es\/wp-json\/wp\/v2\/product\/1422","targetHints":{"allow":["GET"]}}],"collection":[{"href":"https:\/\/solidscontrolworld.com\/es\/wp-json\/wp\/v2\/product"}],"about":[{"href":"https:\/\/solidscontrolworld.com\/es\/wp-json\/wp\/v2\/types\/product"}],"replies":[{"embeddable":true,"href":"https:\/\/solidscontrolworld.com\/es\/wp-json\/wp\/v2\/comments?post=1422"}],"version-history":[{"count":0,"href":"https:\/\/solidscontrolworld.com\/es\/wp-json\/wp\/v2\/product\/1422\/revisions"}],"wp:featuredmedia":[{"embeddable":true,"href":"https:\/\/solidscontrolworld.com\/es\/wp-json\/wp\/v2\/media\/1423"}],"wp:attachment":[{"href":"https:\/\/solidscontrolworld.com\/es\/wp-json\/wp\/v2\/media?parent=1422"}],"wp:term":[{"taxonomy":"product_brand","embeddable":true,"href":"https:\/\/solidscontrolworld.com\/es\/wp-json\/wp\/v2\/product_brand?post=1422"},{"taxonomy":"product_cat","embeddable":true,"href":"https:\/\/solidscontrolworld.com\/es\/wp-json\/wp\/v2\/product_cat?post=1422"},{"taxonomy":"product_tag","embeddable":true,"href":"https:\/\/solidscontrolworld.com\/es\/wp-json\/wp\/v2\/product_tag?post=1422"}],"curies":[{"name":"wp","href":"https:\/\/api.w.org\/{rel}","templated":true}]}}