{"id":1424,"date":"2021-05-05T14:28:24","date_gmt":"2021-05-05T14:28:24","guid":{"rendered":"https:\/\/solidscontrolworld.com\/?post_type=product&#038;p=1424"},"modified":"2022-05-19T07:22:52","modified_gmt":"2022-05-19T07:22:52","slug":"transportador-de-tornillo","status":"publish","type":"product","link":"https:\/\/solidscontrolworld.com\/es\/product\/transportador-de-tornillo\/","title":{"rendered":"Transportador de tornillo"},"content":{"rendered":"<h2>TRANSPORTADOR DE TORNILLO<\/h2>\n<p>El transportador de tornillo sin fin funciona con un mecanismo espec\u00edfico que mueve part\u00edculas granulares y l\u00edquidos. Se utiliza principalmente para fines constructivos e industriales en la mayor\u00eda de las empresas. Utiliza una hoja de tornillo helicoidal giratoria, tambi\u00e9n llamada h\u00e9lice. Quienes trabajan en el sector industrial conocen la importancia de los transportadores de tornillo sin fin.<\/p>\n<h2>CARACTER\u00cdSTICAS DEL TRANSPORTADOR DE TORNILLO<\/h2>\n<p>Nuestro transportador de tornillo ofrece numerosas funciones. A continuaci\u00f3n, se describen algunas de las m\u00e1s importantes.<\/p>\n<p>Disponemos de una amplia gama de modelos de transportadores de tornillo sin fin. Fabricamos una amplia gama de modelos seg\u00fan los requisitos y necesidades de diversas obras.<\/p>\n<h3>El flujo de fluidos y part\u00edculas granulares.<\/h3>\n<p>El flujo de fluidos y part\u00edculas granulares es constante y uniforme al utilizar un transportador. Cada modelo tiene un flujo de material espec\u00edfico. El flujo uniforme y uniforme del material facilitar\u00e1 su trabajo mec\u00e1nico.<\/p>\n<h3>La eficiencia del transportador de tornillo<\/h3>\n<p>Un transportador fabricado por nosotros es muy eficiente en su trabajo. No perder\u00e1 su eficacia ni siquiera despu\u00e9s de un largo tiempo. Puede usarlo durante m\u00e1s tiempo sin da\u00f1arlo.<\/p>\n<h3>Potencia de entrada y salida<\/h3>\n<p>Nuestro transportador ofrece una gran potencia de salida y entrada, lo que lo hace muy eficaz durante el trabajo. Para cada modelo, la potencia de salida y entrada var\u00eda seg\u00fan las necesidades.<\/p>\n<h3>Velocidad de rotaci\u00f3n<\/h3>\n<p>Dado que el transportador funciona con energ\u00eda cin\u00e9tica rotacional, requiere una alta velocidad de rotaci\u00f3n. Puede obtener nuestro transportador de tornillo sin fin con alta velocidad de rotaci\u00f3n para cada modelo.<\/p>\n<h2>BENEFICIOS DEL TRANSPORTADOR DE TORNILLO:<\/h2>\n<p>El transportador ofrece diversas ventajas. A continuaci\u00f3n, se detallan algunas de las m\u00e1s importantes.<\/p>\n<p><strong>Permite tener un control adecuado a la hora de tener el movimiento de part\u00edculas fluidas y granulares.\u00a0<\/strong><\/p>\n<p><strong>Es muy asequible y tambi\u00e9n proporciona eficiencia.<\/strong><\/p>\n<p><strong>El peso del transportador es muy ligero lo que lo hace muy c\u00f3modo.\u00a0<\/strong><\/p>\n<p><strong>Puede permitir el movimiento de part\u00edculas fluidas y granulares en diferentes compartimentos, lo que lo hace muy conveniente.\u00a0<\/strong><\/p>\n<p><strong>Puedes regular el flujo seg\u00fan tu propia elecci\u00f3n.<\/strong><\/p>\n<p><strong>Nuestro transportador es de alta calidad y durar\u00e1 m\u00e1s de lo que cree.\u00a0<\/strong><\/p>\n<p><strong>Son muy f\u00e1ciles y c\u00f3modos de utilizar.\u00a0<\/strong><\/p>\n<p>Se mencionan algunas de las mejores caracter\u00edsticas y beneficios que puede obtener al usar nuestro transportador. Puede explorar nuestro producto y adquirir el que mejor se adapte a sus necesidades entre la variedad de modelos disponibles. Son beneficiosos para diversos fines industriales y comerciales.<\/p>\n<p>Tambi\u00e9n Chekout\u00a0<a href=\"https:\/\/solidscontrolworld.com\/es\/bomba-de-tornillo\/\">Bomba de tornillo<\/a>\u00a0de nuestra tienda.<\/p>","protected":false},"excerpt":{"rendered":"<section id=\"text-2\" class=\"widget clearfix widget_text\">\n<h3 class=\"widgettitle\">OFICINA<\/h3>\n<div class=\"textwidget\">\n<p><strong>DIRECCI\u00d3N:<\/strong><\/p>\n<p>Habitaci\u00f3n 1924, Bloque D, Plaza Wanda, ciudad de Tangshan, China.<\/p>\n<p><strong>Contacto<\/strong><\/p>\n<p>info@solidscontrolworld.com<\/p>\n<p><strong>Tel\u00e9fono:<\/strong><\/p>\n<p>+86-18034158133<\/p>\n<p><strong>Fax:<\/strong><\/p>\n<p>+86-315-7651760<\/p>\n<p>Sitio web: www.solidscontrolworld.com<\/p>\n<p><strong>Horario de apertura:<\/strong><br \/>\nLunes a viernes: 8:00-17:30<\/p>\n<\/div>\n<\/section>","protected":false},"featured_media":1425,"comment_status":"open","ping_status":"closed","template":"","meta":{"_seopress_robots_primary_cat":"","_seopress_titles_title":"","_seopress_titles_desc":"","_seopress_robots_index":""},"product_brand":[],"product_cat":[57],"product_tag":[],"class_list":{"0":"post-1424","1":"product","2":"type-product","3":"status-publish","4":"has-post-thumbnail","6":"product_cat-solids-control-equipments","8":"first","9":"instock","10":"shipping-taxable","11":"product-type-simple"},"yoast_head":"<!-- This site is optimized with the Yoast SEO plugin v25.1 - https:\/\/yoast.com\/wordpress\/plugins\/seo\/ -->\n<title>Screw conveyor - Solids Control World<\/title>\n<meta name=\"robots\" content=\"index, follow, max-snippet:-1, max-image-preview:large, max-video-preview:-1\" \/>\n<link rel=\"canonical\" href=\"https:\/\/solidscontrolworld.com\/es\/product\/transportador-de-tornillo\/\" \/>\n<meta property=\"og:locale\" content=\"es_MX\" \/>\n<meta property=\"og:type\" content=\"article\" \/>\n<meta property=\"og:title\" content=\"Screw conveyor - Solids Control World\" \/>\n<meta property=\"og:description\" content=\"OFFICE   Address:  Room 1924 ,Block D ,Wanda plaza, Tangshan city,\u00a0 China.  Contact  info@solidscontrolworld.com  Tel:  +86-18034158133  Fax:  +86-315-7651760  Website:www.solidscontrolworld.com  Opening Hours: Mon-Fri: 8:00-17:30\" \/>\n<meta property=\"og:url\" content=\"https:\/\/solidscontrolworld.com\/es\/product\/transportador-de-tornillo\/\" \/>\n<meta property=\"og:site_name\" content=\"Solids Control World\" \/>\n<meta property=\"article:modified_time\" content=\"2022-05-19T07:22:52+00:00\" \/>\n<meta property=\"og:image\" content=\"https:\/\/solidscontrolworld.com\/wp-content\/uploads\/2021\/05\/\u7a3f\u5b9a\u8bbe\u8ba1-4.png\" \/>\n\t<meta property=\"og:image:width\" content=\"200\" \/>\n\t<meta property=\"og:image:height\" content=\"200\" \/>\n\t<meta property=\"og:image:type\" content=\"image\/png\" \/>\n<meta name=\"twitter:card\" content=\"summary_large_image\" \/>\n<meta name=\"twitter:label1\" content=\"Tiempo de lectura\" \/>\n\t<meta name=\"twitter:data1\" content=\"2 minutos\" \/>\n<!-- \/ Yoast SEO plugin. -->","yoast_head_json":{"title":"Transportador de tornillo - Solids Control World","robots":{"index":"index","follow":"follow","max-snippet":"max-snippet:-1","max-image-preview":"max-image-preview:large","max-video-preview":"max-video-preview:-1"},"canonical":"https:\/\/solidscontrolworld.com\/es\/product\/transportador-de-tornillo\/","og_locale":"es_MX","og_type":"article","og_title":"Screw conveyor - Solids Control World","og_description":"OFFICE   Address:  Room 1924 ,Block D ,Wanda plaza, Tangshan city,\u00a0 China.  Contact  info@solidscontrolworld.com  Tel:  +86-18034158133  Fax:  +86-315-7651760  Website:www.solidscontrolworld.com  Opening Hours: Mon-Fri: 8:00-17:30","og_url":"https:\/\/solidscontrolworld.com\/es\/product\/transportador-de-tornillo\/","og_site_name":"Solids Control World","article_modified_time":"2022-05-19T07:22:52+00:00","og_image":[{"width":200,"height":200,"url":"https:\/\/solidscontrolworld.com\/wp-content\/uploads\/2021\/05\/\u7a3f\u5b9a\u8bbe\u8ba1-4.png","type":"image\/png"}],"twitter_card":"summary_large_image","twitter_misc":{"Tiempo de lectura":"2 minutos"},"schema":{"@context":"https:\/\/schema.org","@graph":[{"@type":"WebPage","@id":"https:\/\/solidscontrolworld.com\/product\/screw-conveyor\/","url":"https:\/\/solidscontrolworld.com\/product\/screw-conveyor\/","name":"Transportador de tornillo - Solids Control World","isPartOf":{"@id":"https:\/\/solidscontrolworld.com\/#website"},"primaryImageOfPage":{"@id":"https:\/\/solidscontrolworld.com\/product\/screw-conveyor\/#primaryimage"},"image":{"@id":"https:\/\/solidscontrolworld.com\/product\/screw-conveyor\/#primaryimage"},"thumbnailUrl":"https:\/\/solidscontrolworld.com\/wp-content\/uploads\/2021\/05\/\u7a3f\u5b9a\u8bbe\u8ba1-4.png","datePublished":"2021-05-05T14:28:24+00:00","dateModified":"2022-05-19T07:22:52+00:00","breadcrumb":{"@id":"https:\/\/solidscontrolworld.com\/product\/screw-conveyor\/#breadcrumb"},"inLanguage":"es","potentialAction":[{"@type":"ReadAction","target":["https:\/\/solidscontrolworld.com\/product\/screw-conveyor\/"]}]},{"@type":"ImageObject","inLanguage":"es","@id":"https:\/\/solidscontrolworld.com\/product\/screw-conveyor\/#primaryimage","url":"https:\/\/solidscontrolworld.com\/wp-content\/uploads\/2021\/05\/\u7a3f\u5b9a\u8bbe\u8ba1-4.png","contentUrl":"https:\/\/solidscontrolworld.com\/wp-content\/uploads\/2021\/05\/\u7a3f\u5b9a\u8bbe\u8ba1-4.png","width":200,"height":200},{"@type":"BreadcrumbList","@id":"https:\/\/solidscontrolworld.com\/product\/screw-conveyor\/#breadcrumb","itemListElement":[{"@type":"ListItem","position":1,"name":"Home","item":"https:\/\/solidscontrolworld.com\/"},{"@type":"ListItem","position":2,"name":"Products","item":"https:\/\/solidscontrolworld.com\/shop\/"},{"@type":"ListItem","position":3,"name":"Screw conveyor"}]},{"@type":"WebSite","@id":"https:\/\/solidscontrolworld.com\/#website","url":"https:\/\/solidscontrolworld.com\/","name":"Mundo de control de s\u00f3lidos","description":"","publisher":{"@id":"https:\/\/solidscontrolworld.com\/#\/schema\/person\/2c126362537c0f0e6d4a8dfba9fc68b0"},"potentialAction":[{"@type":"SearchAction","target":{"@type":"EntryPoint","urlTemplate":"https:\/\/solidscontrolworld.com\/?s={search_term_string}"},"query-input":{"@type":"PropertyValueSpecification","valueRequired":true,"valueName":"search_term_string"}}],"inLanguage":"es"},{"@type":["Person","Organization"],"@id":"https:\/\/solidscontrolworld.com\/#\/schema\/person\/2c126362537c0f0e6d4a8dfba9fc68b0","name":"mundodecontroldes\u00f3lidos","logo":{"@id":"https:\/\/solidscontrolworld.com\/#\/schema\/person\/image\/"},"sameAs":["https:\/\/solidscontrolworld.com"]}]}},"_links":{"self":[{"href":"https:\/\/solidscontrolworld.com\/es\/wp-json\/wp\/v2\/product\/1424","targetHints":{"allow":["GET"]}}],"collection":[{"href":"https:\/\/solidscontrolworld.com\/es\/wp-json\/wp\/v2\/product"}],"about":[{"href":"https:\/\/solidscontrolworld.com\/es\/wp-json\/wp\/v2\/types\/product"}],"replies":[{"embeddable":true,"href":"https:\/\/solidscontrolworld.com\/es\/wp-json\/wp\/v2\/comments?post=1424"}],"version-history":[{"count":0,"href":"https:\/\/solidscontrolworld.com\/es\/wp-json\/wp\/v2\/product\/1424\/revisions"}],"wp:featuredmedia":[{"embeddable":true,"href":"https:\/\/solidscontrolworld.com\/es\/wp-json\/wp\/v2\/media\/1425"}],"wp:attachment":[{"href":"https:\/\/solidscontrolworld.com\/es\/wp-json\/wp\/v2\/media?parent=1424"}],"wp:term":[{"taxonomy":"product_brand","embeddable":true,"href":"https:\/\/solidscontrolworld.com\/es\/wp-json\/wp\/v2\/product_brand?post=1424"},{"taxonomy":"product_cat","embeddable":true,"href":"https:\/\/solidscontrolworld.com\/es\/wp-json\/wp\/v2\/product_cat?post=1424"},{"taxonomy":"product_tag","embeddable":true,"href":"https:\/\/solidscontrolworld.com\/es\/wp-json\/wp\/v2\/product_tag?post=1424"}],"curies":[{"name":"wp","href":"https:\/\/api.w.org\/{rel}","templated":true}]}}