{"id":1432,"date":"2021-05-05T14:45:35","date_gmt":"2021-05-05T14:45:35","guid":{"rendered":"https:\/\/solidscontrolworld.com\/?post_type=product&#038;p=1432"},"modified":"2024-09-20T06:04:30","modified_gmt":"2024-09-20T06:04:30","slug":"criba-vibratoria-con-marco-de-acero","status":"publish","type":"product","link":"https:\/\/solidscontrolworld.com\/es\/product\/criba-vibratoria-con-marco-de-acero\/","title":{"rendered":"Criba vibratoria con marco de acero"},"content":{"rendered":"<div class=\"flex_column av_one_full flex_column_div av-zero-column-padding first avia-builder-el-6 el_after_av_one_half el_before_av_textblock column-top-margin\">\n<section class=\"av_textblock_section\">\n<div class=\"avia_textblock\">\n<table border=\"0\" cellspacing=\"0\">\n<tbody>\n<tr>\n<td valign=\"top\" width=\"133\">\n<p class=\"p\"><strong>Pantalla<\/strong><strong>\u00a0Modelo<\/strong><\/p>\n<\/td>\n<td valign=\"top\" width=\"175\">\n<p class=\"p\"><strong>Gama de mallas<\/strong><\/p>\n<\/td>\n<td valign=\"top\" width=\"291\">\n<p class=\"p\"><strong>Dimensi\u00f3n (largo \u00d7 ancho)<\/strong><\/p>\n<\/td>\n<td valign=\"top\" width=\"142\">\n<p class=\"p\"><strong>Peso (kg)<\/strong><\/p>\n<\/td>\n<\/tr>\n<tr>\n<td valign=\"top\" width=\"133\">\n<p class=\"p\">ABSS-1<\/p>\n<\/td>\n<td valign=\"top\" width=\"175\">\n<p class=\"p\">16 \u2013 325<\/p>\n<\/td>\n<td valign=\"top\" width=\"291\">\n<p class=\"p\">585 \u00d7 1170 mm<\/p>\n<\/td>\n<td valign=\"top\" width=\"142\">\n<p class=\"p\">12<\/p>\n<\/td>\n<\/tr>\n<tr>\n<td valign=\"top\" width=\"133\">\n<p class=\"p\">ABSS-2<\/p>\n<\/td>\n<td valign=\"top\" width=\"175\">\n<p class=\"p\">16 \u2013 325<\/p>\n<\/td>\n<td valign=\"top\" width=\"291\">\n<p class=\"p\">635 \u00d7 1253 mm<\/p>\n<\/td>\n<td valign=\"top\" width=\"142\">\n<p class=\"p\">13.5<\/p>\n<\/td>\n<\/tr>\n<tr>\n<td valign=\"top\" width=\"133\">\n<p class=\"p\">ABSS-3<\/p>\n<\/td>\n<td valign=\"top\" width=\"175\">\n<p class=\"p\">16 \u2013 325<\/p>\n<\/td>\n<td valign=\"top\" width=\"291\">\n<p class=\"p\">913 \u00d7 650 mm<\/p>\n<\/td>\n<td valign=\"top\" width=\"142\">\n<p class=\"p\">12.5<\/p>\n<\/td>\n<\/tr>\n<tr>\n<td valign=\"top\" width=\"133\">\n<p class=\"p\">ABSS-4<\/p>\n<\/td>\n<td valign=\"top\" width=\"175\">\n<p class=\"p\">16 \u2013 325<\/p>\n<\/td>\n<td valign=\"top\" width=\"291\">\n<p class=\"p\">720 \u00d7 1220 mm<\/p>\n<\/td>\n<td valign=\"top\" width=\"142\">\n<p class=\"p\">17<\/p>\n<\/td>\n<\/tr>\n<tr>\n<td valign=\"top\" width=\"133\">\n<p class=\"p\">ABSS-5<\/p>\n<\/td>\n<td valign=\"top\" width=\"175\">\n<p class=\"p\">16 \u2013 325<\/p>\n<\/td>\n<td valign=\"top\" width=\"291\">\n<p class=\"p\">712 \u00d7 1181 mm<\/p>\n<\/td>\n<td valign=\"top\" width=\"142\">\n<p class=\"p\">17<\/p>\n<\/td>\n<\/tr>\n<\/tbody>\n<\/table>\n<\/div>\n<\/section>\n<\/div>\n<section class=\"av_textblock_section\">\n<div class=\"avia_textblock\">\n<h2>Criba vibratoria con marco de acero<\/h2>\n<p>Una zaranda vibratoria es un tipo de material que se utiliza para remover s\u00f3lidos y lodos del fluido de perforaci\u00f3n. Las industrias de carb\u00f3n a gran escala, la perforaci\u00f3n petrolera y la perforaci\u00f3n de gas utilizan cribas para zarandas vibratorias. Esta criba vibratoria con marco de acero es un panel que se instala en las zarandas vibratorias. Esta criba vibratoria con marco de acero ayuda a mejorar el rendimiento de las zarandas vibratorias, separando incluso las part\u00edculas s\u00f3lidas m\u00e1s finas del fluido de perforaci\u00f3n.<\/p>\n<h2>CARACTER\u00cdSTICAS DE LA CRIBADORA CON MARCO DE ACERO<\/h2>\n<p>Esta criba vibratoria de esquisto tiene muchas caracter\u00edsticas. Algunas de ellas se mencionan a continuaci\u00f3n.<\/p>\n<h3>Varias gamas de mallas<\/h3>\n<p>Esta criba vibratoria de esquisto est\u00e1 disponible en diferentes modelos, cada uno con su propia gama de mallas, de 16 a 325. Gracias a estas diferentes gamas y modelos de cribas vibratorias con marco de acero, el proceso de filtraci\u00f3n y perforaci\u00f3n de petr\u00f3leo y gas puede ser mucho m\u00e1s eficiente.<\/p>\n<h3>Material duradero<\/h3>\n<p>Esta criba vibratoria de acero est\u00e1 hecha de acero, lo que la hace mucho m\u00e1s duradera y le proporciona un soporte adicional durante la perforaci\u00f3n y la separaci\u00f3n de part\u00edculas s\u00f3lidas. Esta criba vibratoria de acero soporta una alta tensi\u00f3n, lo que permite extraer m\u00e1s fluido de perforaci\u00f3n en el menor tiempo posible.<\/p>\n<h3>Ajuste perfecto<\/h3>\n<p>Esta criba vibratoria de acero est\u00e1 disponible en diferentes modelos, cada uno con sus propias dimensiones. Algunas de estas cribas vibratorias son 585 x 1170 mm, 635 x 1253 mm y 720 x 1220 mm. Estas dimensiones la convierten en la criba perfecta para colocarla sobre la zaranda vibratoria y optimizar el proceso de agitaci\u00f3n.<\/p>\n<h2>BENEFICIOS DE LA CRIBADORA CON MARCO DE ACERO<\/h2>\n<p>Esta criba vibratoria de esquisto ofrece numerosas ventajas. Algunas de ellas se mencionan a continuaci\u00f3n.<\/p>\n<h3>Ligero<\/h3>\n<p>Cada modelo de criba vibratoria de acero tiene su propio peso. Estos pesos oscilan entre 12 y 17 kg, lo que las hace extremadamente ligeras. Esto permite al usuario colocar la criba vibratoria de acero sobre la zaranda vibratoria f\u00e1cilmente, lo que aumenta la eficiencia del proceso de perforaci\u00f3n.<\/p>\n<h3>Rentable<\/h3>\n<p>Esta criba vibratoria de acero cuenta con varios juegos de mallas. Estos diferentes juegos de mallas brindan seguridad contra incidentes como la expansi\u00f3n innecesaria y da\u00f1os a la zaranda vibratoria. Al evitar estos importantes problemas de expansi\u00f3n, y varios otros, se reduce el costo total y se extrae mucho m\u00e1s fluido de perforaci\u00f3n limpio.<\/p>\n<h3>Conclusi\u00f3n<\/h3>\n<p>Esta criba de acero para zaranda vibratoria est\u00e1 hecha de acero, lo que la hace duradera. Adem\u00e1s, se adapta perfectamente a diversos tipos de zarandas vibratorias. Si desea mejorar su experiencia de zaranda vibratoria, aseg\u00farese de revisar la criba con marco de acero mencionada anteriormente.<\/p>\n<p>Tambi\u00e9n echa un vistazo\u00a0<a href=\"https:\/\/solidscontrolworld.com\/es\/product\/criba-vibratoria-con-marco-de-acero\/\">pantalla plana con tira de gancho<\/a>\u00a0de nuestra tienda.<\/p>\n<\/div>\n<\/section>","protected":false},"excerpt":{"rendered":"<h3 class=\"widgettitle\">OFICINA<\/h3>\n<div class=\"textwidget\">\n<p><strong>DIRECCI\u00d3N:<\/strong><\/p>\n<p>Habitaci\u00f3n 1924, Bloque D, Plaza Wanda, ciudad de Tangshan, China.<\/p>\n<p><strong>Contacto<\/strong><\/p>\n<p>info@solidscontrolworld.com<\/p>\n<p><strong>Tel\u00e9fono:<\/strong><\/p>\n<p>+86-18034158133<\/p>\n<p><strong>Fax:<\/strong><\/p>\n<p>+86-315-7651760<\/p>\n<p>Sitio web: www.solidscontrolworld.com<\/p>\n<p><strong>Horario de apertura:<\/strong><br \/>\nLunes a viernes: 8:00-17:30<\/p>\n<\/div>","protected":false},"featured_media":8412,"comment_status":"open","ping_status":"closed","template":"","meta":{"_seopress_robots_primary_cat":"none","_seopress_titles_title":"","_seopress_titles_desc":"","_seopress_robots_index":""},"product_brand":[],"product_cat":[58],"product_tag":[],"class_list":{"0":"post-1432","1":"product","2":"type-product","3":"status-publish","4":"has-post-thumbnail","6":"product_cat-shaker-screens","8":"first","9":"instock","10":"shipping-taxable","11":"product-type-simple"},"yoast_head":"<!-- This site is optimized with the Yoast SEO plugin v25.1 - https:\/\/yoast.com\/wordpress\/plugins\/seo\/ -->\n<title>Steel Frame Shaker Screen - Solids Control World<\/title>\n<meta name=\"robots\" content=\"index, follow, max-snippet:-1, max-image-preview:large, max-video-preview:-1\" \/>\n<link rel=\"canonical\" href=\"https:\/\/solidscontrolworld.com\/es\/product\/criba-vibratoria-con-marco-de-acero\/\" \/>\n<meta property=\"og:locale\" content=\"es_MX\" \/>\n<meta property=\"og:type\" content=\"article\" \/>\n<meta property=\"og:title\" content=\"Steel Frame Shaker Screen - Solids Control World\" \/>\n<meta property=\"og:description\" content=\"OFFICE   Address:  Room 1924 ,Block D ,Wanda plaza, Tangshan city,\u00a0 China.  Contact  info@solidscontrolworld.com  Tel:  +86-18034158133  Fax:  +86-315-7651760  Website:www.solidscontrolworld.com  Opening Hours: Mon-Fri: 8:00-17:30\" \/>\n<meta property=\"og:url\" content=\"https:\/\/solidscontrolworld.com\/es\/product\/criba-vibratoria-con-marco-de-acero\/\" \/>\n<meta property=\"og:site_name\" content=\"Solids Control World\" \/>\n<meta property=\"article:modified_time\" content=\"2024-09-20T06:04:30+00:00\" \/>\n<meta property=\"og:image\" content=\"https:\/\/solidscontrolworld.com\/wp-content\/uploads\/2023\/02\/WechatIMG22475-scaled.jpeg\" \/>\n\t<meta property=\"og:image:width\" content=\"2560\" \/>\n\t<meta property=\"og:image:height\" content=\"1920\" \/>\n\t<meta property=\"og:image:type\" content=\"image\/jpeg\" \/>\n<meta name=\"twitter:card\" content=\"summary_large_image\" \/>\n<meta name=\"twitter:label1\" content=\"Tiempo de lectura\" \/>\n\t<meta name=\"twitter:data1\" content=\"3 minutos\" \/>\n<!-- \/ Yoast SEO plugin. -->","yoast_head_json":{"title":"Criba vibratoria con marco de acero - Solids Control World","robots":{"index":"index","follow":"follow","max-snippet":"max-snippet:-1","max-image-preview":"max-image-preview:large","max-video-preview":"max-video-preview:-1"},"canonical":"https:\/\/solidscontrolworld.com\/es\/product\/criba-vibratoria-con-marco-de-acero\/","og_locale":"es_MX","og_type":"article","og_title":"Steel Frame Shaker Screen - Solids Control World","og_description":"OFFICE   Address:  Room 1924 ,Block D ,Wanda plaza, Tangshan city,\u00a0 China.  Contact  info@solidscontrolworld.com  Tel:  +86-18034158133  Fax:  +86-315-7651760  Website:www.solidscontrolworld.com  Opening Hours: Mon-Fri: 8:00-17:30","og_url":"https:\/\/solidscontrolworld.com\/es\/product\/criba-vibratoria-con-marco-de-acero\/","og_site_name":"Solids Control World","article_modified_time":"2024-09-20T06:04:30+00:00","og_image":[{"width":2560,"height":1920,"url":"https:\/\/solidscontrolworld.com\/wp-content\/uploads\/2023\/02\/WechatIMG22475-scaled.jpeg","type":"image\/jpeg"}],"twitter_card":"summary_large_image","twitter_misc":{"Tiempo de lectura":"3 minutos"},"schema":{"@context":"https:\/\/schema.org","@graph":[{"@type":"WebPage","@id":"https:\/\/solidscontrolworld.com\/product\/steel-frame-shaker-screen\/","url":"https:\/\/solidscontrolworld.com\/product\/steel-frame-shaker-screen\/","name":"Criba vibratoria con marco de acero - Solids Control World","isPartOf":{"@id":"https:\/\/solidscontrolworld.com\/#website"},"primaryImageOfPage":{"@id":"https:\/\/solidscontrolworld.com\/product\/steel-frame-shaker-screen\/#primaryimage"},"image":{"@id":"https:\/\/solidscontrolworld.com\/product\/steel-frame-shaker-screen\/#primaryimage"},"thumbnailUrl":"https:\/\/solidscontrolworld.com\/wp-content\/uploads\/2023\/02\/WechatIMG22475-scaled.jpeg","datePublished":"2021-05-05T14:45:35+00:00","dateModified":"2024-09-20T06:04:30+00:00","breadcrumb":{"@id":"https:\/\/solidscontrolworld.com\/product\/steel-frame-shaker-screen\/#breadcrumb"},"inLanguage":"es","potentialAction":[{"@type":"ReadAction","target":["https:\/\/solidscontrolworld.com\/product\/steel-frame-shaker-screen\/"]}]},{"@type":"ImageObject","inLanguage":"es","@id":"https:\/\/solidscontrolworld.com\/product\/steel-frame-shaker-screen\/#primaryimage","url":"https:\/\/solidscontrolworld.com\/wp-content\/uploads\/2023\/02\/WechatIMG22475-scaled.jpeg","contentUrl":"https:\/\/solidscontrolworld.com\/wp-content\/uploads\/2023\/02\/WechatIMG22475-scaled.jpeg","width":2560,"height":1920},{"@type":"BreadcrumbList","@id":"https:\/\/solidscontrolworld.com\/product\/steel-frame-shaker-screen\/#breadcrumb","itemListElement":[{"@type":"ListItem","position":1,"name":"Home","item":"https:\/\/solidscontrolworld.com\/"},{"@type":"ListItem","position":2,"name":"Products","item":"https:\/\/solidscontrolworld.com\/shop\/"},{"@type":"ListItem","position":3,"name":"Steel Frame Shaker Screen"}]},{"@type":"WebSite","@id":"https:\/\/solidscontrolworld.com\/#website","url":"https:\/\/solidscontrolworld.com\/","name":"Mundo de control de s\u00f3lidos","description":"","publisher":{"@id":"https:\/\/solidscontrolworld.com\/#\/schema\/person\/2c126362537c0f0e6d4a8dfba9fc68b0"},"potentialAction":[{"@type":"SearchAction","target":{"@type":"EntryPoint","urlTemplate":"https:\/\/solidscontrolworld.com\/?s={search_term_string}"},"query-input":{"@type":"PropertyValueSpecification","valueRequired":true,"valueName":"search_term_string"}}],"inLanguage":"es"},{"@type":["Person","Organization"],"@id":"https:\/\/solidscontrolworld.com\/#\/schema\/person\/2c126362537c0f0e6d4a8dfba9fc68b0","name":"mundodecontroldes\u00f3lidos","logo":{"@id":"https:\/\/solidscontrolworld.com\/#\/schema\/person\/image\/"},"sameAs":["https:\/\/solidscontrolworld.com"]}]}},"_links":{"self":[{"href":"https:\/\/solidscontrolworld.com\/es\/wp-json\/wp\/v2\/product\/1432","targetHints":{"allow":["GET"]}}],"collection":[{"href":"https:\/\/solidscontrolworld.com\/es\/wp-json\/wp\/v2\/product"}],"about":[{"href":"https:\/\/solidscontrolworld.com\/es\/wp-json\/wp\/v2\/types\/product"}],"replies":[{"embeddable":true,"href":"https:\/\/solidscontrolworld.com\/es\/wp-json\/wp\/v2\/comments?post=1432"}],"version-history":[{"count":1,"href":"https:\/\/solidscontrolworld.com\/es\/wp-json\/wp\/v2\/product\/1432\/revisions"}],"predecessor-version":[{"id":11116,"href":"https:\/\/solidscontrolworld.com\/es\/wp-json\/wp\/v2\/product\/1432\/revisions\/11116"}],"wp:featuredmedia":[{"embeddable":true,"href":"https:\/\/solidscontrolworld.com\/es\/wp-json\/wp\/v2\/media\/8412"}],"wp:attachment":[{"href":"https:\/\/solidscontrolworld.com\/es\/wp-json\/wp\/v2\/media?parent=1432"}],"wp:term":[{"taxonomy":"product_brand","embeddable":true,"href":"https:\/\/solidscontrolworld.com\/es\/wp-json\/wp\/v2\/product_brand?post=1432"},{"taxonomy":"product_cat","embeddable":true,"href":"https:\/\/solidscontrolworld.com\/es\/wp-json\/wp\/v2\/product_cat?post=1432"},{"taxonomy":"product_tag","embeddable":true,"href":"https:\/\/solidscontrolworld.com\/es\/wp-json\/wp\/v2\/product_tag?post=1432"}],"curies":[{"name":"wp","href":"https:\/\/api.w.org\/{rel}","templated":true}]}}