{"id":1434,"date":"2021-05-05T14:46:49","date_gmt":"2021-05-05T14:46:49","guid":{"rendered":"https:\/\/solidscontrolworld.com\/?post_type=product&#038;p=1434"},"modified":"2025-06-18T04:46:22","modified_gmt":"2025-06-18T04:46:22","slug":"pantalla-plana-con-tira-de-gancho","status":"publish","type":"product","link":"https:\/\/solidscontrolworld.com\/es\/product\/pantalla-plana-con-tira-de-gancho\/","title":{"rendered":"Pantalla plana con tira de gancho"},"content":{"rendered":"<div class=\"flex_column av_one_full flex_column_div av-zero-column-padding first avia-builder-el-6 el_after_av_one_half el_before_av_textblock column-top-margin\">\n<section class=\"av_textblock_section\">\n<div class=\"avia_textblock\">\n<table border=\"0\" cellspacing=\"0\">\n<tbody>\n<tr>\n<td valign=\"top\" width=\"136\">\n<p class=\"p\"><strong>S<\/strong><strong>Modelo de pantalla<\/strong><\/p>\n<\/td>\n<td valign=\"top\" width=\"130\">\n<p class=\"p\"><strong>Gama de mallas<\/strong><\/p>\n<\/td>\n<td valign=\"top\" width=\"232\">\n<p class=\"p\"><strong>Dimensi\u00f3n (largo \u00d7 ancho)<\/strong><\/p>\n<\/td>\n<td valign=\"top\" width=\"239\">\n<p class=\"p\"><strong>Marca y modelo de Shaker<\/strong><\/p>\n<\/td>\n<td valign=\"top\" width=\"125\">\n<p class=\"p\"><strong>\u00a0<\/strong><\/p>\n<p class=\"p\"><strong>Peso (kg)<\/strong><\/p>\n<\/td>\n<\/tr>\n<tr>\n<td valign=\"top\" width=\"136\">\n<p class=\"p\">ABFC-1<\/p>\n<\/td>\n<td valign=\"top\" width=\"130\">\n<p class=\"p\">20\u2013325<\/p>\n<\/td>\n<td valign=\"top\" width=\"232\">\n<p class=\"p\">903 \u00d7 1155 mm<\/p>\n<\/td>\n<td valign=\"top\" width=\"239\">\n<p class=\"p\">SWACOBEM-3<\/p>\n<\/td>\n<td valign=\"top\" width=\"125\">\n<p class=\"p\">5.6<\/p>\n<\/td>\n<\/tr>\n<tr>\n<td valign=\"top\" width=\"136\">\n<p class=\"p\">ABFC-2<\/p>\n<\/td>\n<td valign=\"top\" width=\"130\">\n<p class=\"p\">20\u2013325<\/p>\n<\/td>\n<td valign=\"top\" width=\"232\">\n<p class=\"p\">697 \u00d7 1050 mm<\/p>\n<\/td>\n<td valign=\"top\" width=\"239\">\n<p class=\"p\">Serie DERRICKFLC 500<\/p>\n<\/td>\n<td valign=\"top\" width=\"125\">\n<p class=\"p\">6<\/p>\n<\/td>\n<\/tr>\n<tr>\n<td valign=\"top\" width=\"136\">\n<p class=\"p\">ABFC-3<\/p>\n<\/td>\n<td valign=\"top\" width=\"130\">\n<p class=\"p\">20\u2013325<\/p>\n<\/td>\n<td valign=\"top\" width=\"232\">\n<p class=\"p\">697 \u00d7 1053 mm<\/p>\n<\/td>\n<td valign=\"top\" width=\"239\">\n<p class=\"p\">DERRICKFLC 2000<\/p>\n<\/td>\n<td valign=\"top\" width=\"125\">\n<p class=\"p\">4.2<\/p>\n<\/td>\n<\/tr>\n<tr>\n<td valign=\"top\" width=\"136\">\n<p class=\"p\">ABFC-4<\/p>\n<\/td>\n<td valign=\"top\" width=\"130\">\n<p class=\"p\">20\u2013325<\/p>\n<\/td>\n<td valign=\"top\" width=\"232\">\n<p class=\"p\">697 \u00d7 846 mil\u00edmetros<\/p>\n<\/td>\n<td valign=\"top\" width=\"239\">\n<p class=\"p\">DERRICKFLC 313M<\/p>\n<\/td>\n<td valign=\"top\" width=\"125\">\n<p class=\"p\">4<\/p>\n<\/td>\n<\/tr>\n<tr>\n<td valign=\"top\" width=\"136\">\n<p class=\"p\">ABFC-5<\/p>\n<\/td>\n<td valign=\"top\" width=\"130\">\n<p class=\"p\">20\u2013325<\/p>\n<\/td>\n<td valign=\"top\" width=\"232\">\n<p class=\"p\">1050 \u00d7 570 mm<\/p>\n<\/td>\n<td valign=\"top\" width=\"239\">\n<p class=\"p\">Hiperpiscina DERRICK<\/p>\n<\/td>\n<td valign=\"top\" width=\"125\">\n<p class=\"p\">4.2<\/p>\n<\/td>\n<\/tr>\n<tr>\n<td valign=\"top\" width=\"136\">\n<p class=\"p\">ABFC-6<\/p>\n<\/td>\n<td valign=\"top\" width=\"130\">\n<p class=\"p\">20\u2013250<\/p>\n<\/td>\n<td valign=\"top\" width=\"232\">\n<p class=\"p\">700 \u00d7 1165 mm<\/p>\n<\/td>\n<td valign=\"top\" width=\"239\">\n<p class=\"p\">S250<\/p>\n<\/td>\n<td valign=\"top\" width=\"125\">\n<p class=\"p\">4.6<\/p>\n<\/td>\n<\/tr>\n<tr>\n<td valign=\"top\" width=\"136\">\n<p class=\"p\">ABFC-7<\/p>\n<\/td>\n<td valign=\"top\" width=\"130\">\n<p class=\"p\">20\u2013250<\/p>\n<\/td>\n<td valign=\"top\" width=\"232\">\n<p class=\"p\">1186 \u00d7 1280 mm<\/p>\n<\/td>\n<td valign=\"top\" width=\"239\">\n<p class=\"p\">ZX-60<\/p>\n<\/td>\n<td valign=\"top\" width=\"125\">\n<p class=\"p\">9.2<\/p>\n<\/td>\n<\/tr>\n<\/tbody>\n<\/table>\n<\/div>\n<\/section>\n<\/div>\n<section class=\"av_textblock_section\">\n<div class=\"avia_textblock\">\n<h2>PANTALLA PLANA CON TIRA DE GANCHO<\/h2>\n<p>Se utilizan con mayor frecuencia en las industrias de perforaci\u00f3n de l\u00edquidos. Es una de las mejores cribas para zarandas vibratorias, ya que se puede acoplar a la zaranda vibratoria para optimizar el proceso de perforaci\u00f3n y filtraci\u00f3n, ahorr\u00e1ndole tiempo. Generalmente, esta criba plana de tira de gancho es mucho m\u00e1s resistente y duradera que cualquier otra criba para zaranda vibratoria. Los tama\u00f1os de malla de esta criba var\u00edan de 20 a 325.<\/p>\n<h2>CARACTER\u00cdSTICAS DE LA PANTALLA PLANA DE TIRA DE GANCHO<\/h2>\n<p>Esta pantalla de gancho ofrece muchas ventajas. Las m\u00e1s importantes se enumeran a continuaci\u00f3n.<\/p>\n<h3>M\u00faltiples capas<\/h3>\n<p>Esta criba est\u00e1 compuesta por diferentes capas de acero. Estas capas suelen ser de 3 a 4, y cada una de estas cribas de gancho contiene una tela muy fina y una placa de soporte, ambas de acero. Esta tela y la placa de soporte est\u00e1n unidas, lo que permite soportar diversos tipos de zarandas vibratorias, incluidas las m\u00e1s pesadas.<\/p>\n<h3>Diferentes recuentos de mallas<\/h3>\n<p>La superficie de esta malla de gancho tiene varias densidades de malla. Estas densidades ayudan a evitar la expansi\u00f3n excesiva y la rotura de la malla.<\/p>\n<h3>Varias formas<\/h3>\n<p>Esta criba est\u00e1 disponible en muchos modelos diferentes, cada uno con su propio tama\u00f1o y forma. Cada zaranda vibratoria requiere una criba de diferentes formas, y esta criba est\u00e1 disponible en diferentes formas, como hexagonal, cuadrada y muchas m\u00e1s. Por lo tanto, ofrece una gama vers\u00e1til de formas, lo que la hace mucho m\u00e1s pr\u00e1ctica.<\/p>\n<h2>BENEFICIOS DE LA PANTALLA PLANA DE TIRAS DE GANCHO<\/h2>\n<p>Esta pantalla plana con tiras de gancho ofrece numerosas ventajas. A continuaci\u00f3n, se enumeran algunas de las m\u00e1s importantes.<\/p>\n<h3>\u00c1rea efectiva suficiente<\/h3>\n<p>Esta pantalla est\u00e1 hecha de acero con diferentes densidades de malla. Cada densidad de malla tiene su propia dimensi\u00f3n, soportada por la tela de acero y las capas de acero. Por ello, la pantalla plana con tiras de gancho puede proporcionar un \u00e1rea efectiva suficiente cuando se le aplica una gran fuerza.<\/p>\n<h3>Se puede utilizar como criba vibratoria.<\/h3>\n<p>Debido a sus dimensiones vers\u00e1tiles, peso ligero y durabilidad, funcionar\u00e1 como una pantalla vibratoria en diferentes industrias de gran escala como el petr\u00f3leo y el gas.<\/p>\n<h3>Densidad alta<\/h3>\n<p>Esta pantalla est\u00e1 compuesta por diferentes capas de acero, lo que mejora su densidad. Adem\u00e1s, estas capas se pueden ajustar seg\u00fan las necesidades del usuario.<\/p>\n<h3>Conclusi\u00f3n<\/h3>\n<p>Si desea mejorar su experiencia de perforaci\u00f3n de fluidos y hacerla m\u00e1s conveniente y que le ahorre tiempo, aseg\u00farese de comprar esta pantalla de gancho extremadamente duradera.<\/p>\n<p>Tambi\u00e9n echa un vistazo\u00a0<a href=\"https:\/\/solidscontrolworld.com\/es\/criba-vibratoria-con-marco-de-acero\/\">Pantalla con marco de acero<\/a>\u00a0de nuestra tienda.<\/p>\n<\/div>\n<\/section>","protected":false},"excerpt":{"rendered":"<h3 class=\"widgettitle\">OFICINA<\/h3>\n<div class=\"textwidget\">\n<p><strong>DIRECCI\u00d3N:<\/strong><\/p>\n<p>Habitaci\u00f3n 1924, Bloque D, Plaza Wanda, ciudad de Tangshan, China.<\/p>\n<p><strong>Contacto<\/strong><\/p>\n<p>info@solidscontrolworld.com<\/p>\n<p><strong>Tel\u00e9fono:<\/strong><\/p>\n<p>+86-18034158133<\/p>\n<p><strong>Fax:<\/strong><\/p>\n<p>+86-315-7651760<\/p>\n<p>Sitio web: www.solidscontrolworld.com<\/p>\n<p><strong>Horario de apertura:<\/strong><br \/>\nLunes a viernes: 8:00-17:30<\/p>\n<\/div>","protected":false},"featured_media":1435,"comment_status":"open","ping_status":"closed","template":"","meta":{"_seopress_robots_primary_cat":"none","_seopress_titles_title":"","_seopress_titles_desc":"","_seopress_robots_index":""},"product_brand":[],"product_cat":[58],"product_tag":[],"class_list":{"0":"post-1434","1":"product","2":"type-product","3":"status-publish","4":"has-post-thumbnail","6":"product_cat-shaker-screens","8":"first","9":"instock","10":"shipping-taxable","11":"product-type-simple"},"yoast_head":"<!-- This site is optimized with the Yoast SEO plugin v25.1 - https:\/\/yoast.com\/wordpress\/plugins\/seo\/ -->\n<title>Hook Strip Flat Screen - Solids Control World<\/title>\n<meta name=\"description\" content=\"Hook strip flat screens offer reliable solids separation and durability, enhancing drilling fluid processing with solutions from Solids Control World.\" \/>\n<meta name=\"robots\" content=\"index, follow, max-snippet:-1, max-image-preview:large, max-video-preview:-1\" \/>\n<link rel=\"canonical\" href=\"https:\/\/solidscontrolworld.com\/es\/product\/pantalla-plana-con-tira-de-gancho\/\" \/>\n<meta property=\"og:locale\" content=\"es_MX\" \/>\n<meta property=\"og:type\" content=\"article\" \/>\n<meta property=\"og:title\" content=\"Hook Strip Flat Screen - Solids Control World\" \/>\n<meta property=\"og:description\" content=\"Hook strip flat screens offer reliable solids separation and durability, enhancing drilling fluid processing with solutions from Solids Control World.\" \/>\n<meta property=\"og:url\" content=\"https:\/\/solidscontrolworld.com\/es\/product\/pantalla-plana-con-tira-de-gancho\/\" \/>\n<meta property=\"og:site_name\" content=\"Solids Control World\" \/>\n<meta property=\"article:modified_time\" content=\"2025-06-18T04:46:22+00:00\" \/>\n<meta property=\"og:image\" content=\"http:\/\/solidscontrolworld.com\/wp-content\/uploads\/2021\/05\/Hook-Strip-Flat-Screen1-300x232-1.png\" \/>\n\t<meta property=\"og:image:width\" content=\"300\" \/>\n\t<meta property=\"og:image:height\" content=\"232\" \/>\n\t<meta property=\"og:image:type\" content=\"image\/png\" \/>\n<meta name=\"twitter:card\" content=\"summary_large_image\" \/>\n<meta name=\"twitter:label1\" content=\"Tiempo de lectura\" \/>\n\t<meta name=\"twitter:data1\" content=\"3 minutos\" \/>\n<!-- \/ Yoast SEO plugin. -->","yoast_head_json":{"title":"Pantalla plana con tira de gancho - Solids Control World","description":"Las mallas planas con tiras de gancho ofrecen una separaci\u00f3n de s\u00f3lidos confiable y durabilidad, mejorando el procesamiento del fluido de perforaci\u00f3n con soluciones de Solids Control World.","robots":{"index":"index","follow":"follow","max-snippet":"max-snippet:-1","max-image-preview":"max-image-preview:large","max-video-preview":"max-video-preview:-1"},"canonical":"https:\/\/solidscontrolworld.com\/es\/product\/pantalla-plana-con-tira-de-gancho\/","og_locale":"es_MX","og_type":"article","og_title":"Hook Strip Flat Screen - Solids Control World","og_description":"Hook strip flat screens offer reliable solids separation and durability, enhancing drilling fluid processing with solutions from Solids Control World.","og_url":"https:\/\/solidscontrolworld.com\/es\/product\/pantalla-plana-con-tira-de-gancho\/","og_site_name":"Solids Control World","article_modified_time":"2025-06-18T04:46:22+00:00","og_image":[{"width":300,"height":232,"url":"http:\/\/solidscontrolworld.com\/wp-content\/uploads\/2021\/05\/Hook-Strip-Flat-Screen1-300x232-1.png","type":"image\/png"}],"twitter_card":"summary_large_image","twitter_misc":{"Tiempo de lectura":"3 minutos"},"schema":{"@context":"https:\/\/schema.org","@graph":[{"@type":"WebPage","@id":"https:\/\/solidscontrolworld.com\/product\/hook-strip-flat-screen\/","url":"https:\/\/solidscontrolworld.com\/product\/hook-strip-flat-screen\/","name":"Pantalla plana con tira de gancho - Solids Control World","isPartOf":{"@id":"https:\/\/solidscontrolworld.com\/#website"},"primaryImageOfPage":{"@id":"https:\/\/solidscontrolworld.com\/product\/hook-strip-flat-screen\/#primaryimage"},"image":{"@id":"https:\/\/solidscontrolworld.com\/product\/hook-strip-flat-screen\/#primaryimage"},"thumbnailUrl":"https:\/\/solidscontrolworld.com\/wp-content\/uploads\/2021\/05\/Hook-Strip-Flat-Screen1-300x232-1.png","datePublished":"2021-05-05T14:46:49+00:00","dateModified":"2025-06-18T04:46:22+00:00","description":"Las mallas planas con tiras de gancho ofrecen una separaci\u00f3n de s\u00f3lidos confiable y durabilidad, mejorando el procesamiento del fluido de perforaci\u00f3n con soluciones de Solids Control World.","breadcrumb":{"@id":"https:\/\/solidscontrolworld.com\/product\/hook-strip-flat-screen\/#breadcrumb"},"inLanguage":"es","potentialAction":[{"@type":"ReadAction","target":["https:\/\/solidscontrolworld.com\/product\/hook-strip-flat-screen\/"]}]},{"@type":"ImageObject","inLanguage":"es","@id":"https:\/\/solidscontrolworld.com\/product\/hook-strip-flat-screen\/#primaryimage","url":"https:\/\/solidscontrolworld.com\/wp-content\/uploads\/2021\/05\/Hook-Strip-Flat-Screen1-300x232-1.png","contentUrl":"https:\/\/solidscontrolworld.com\/wp-content\/uploads\/2021\/05\/Hook-Strip-Flat-Screen1-300x232-1.png","width":300,"height":232,"caption":"Replacement shaker sreens for Derrck"},{"@type":"BreadcrumbList","@id":"https:\/\/solidscontrolworld.com\/product\/hook-strip-flat-screen\/#breadcrumb","itemListElement":[{"@type":"ListItem","position":1,"name":"Home","item":"https:\/\/solidscontrolworld.com\/"},{"@type":"ListItem","position":2,"name":"Products","item":"https:\/\/solidscontrolworld.com\/shop\/"},{"@type":"ListItem","position":3,"name":"Hook Strip Flat Screen"}]},{"@type":"WebSite","@id":"https:\/\/solidscontrolworld.com\/#website","url":"https:\/\/solidscontrolworld.com\/","name":"Mundo de control de s\u00f3lidos","description":"","publisher":{"@id":"https:\/\/solidscontrolworld.com\/#\/schema\/person\/2c126362537c0f0e6d4a8dfba9fc68b0"},"potentialAction":[{"@type":"SearchAction","target":{"@type":"EntryPoint","urlTemplate":"https:\/\/solidscontrolworld.com\/?s={search_term_string}"},"query-input":{"@type":"PropertyValueSpecification","valueRequired":true,"valueName":"search_term_string"}}],"inLanguage":"es"},{"@type":["Person","Organization"],"@id":"https:\/\/solidscontrolworld.com\/#\/schema\/person\/2c126362537c0f0e6d4a8dfba9fc68b0","name":"mundodecontroldes\u00f3lidos","logo":{"@id":"https:\/\/solidscontrolworld.com\/#\/schema\/person\/image\/"},"sameAs":["https:\/\/solidscontrolworld.com"]}]}},"_links":{"self":[{"href":"https:\/\/solidscontrolworld.com\/es\/wp-json\/wp\/v2\/product\/1434","targetHints":{"allow":["GET"]}}],"collection":[{"href":"https:\/\/solidscontrolworld.com\/es\/wp-json\/wp\/v2\/product"}],"about":[{"href":"https:\/\/solidscontrolworld.com\/es\/wp-json\/wp\/v2\/types\/product"}],"replies":[{"embeddable":true,"href":"https:\/\/solidscontrolworld.com\/es\/wp-json\/wp\/v2\/comments?post=1434"}],"version-history":[{"count":1,"href":"https:\/\/solidscontrolworld.com\/es\/wp-json\/wp\/v2\/product\/1434\/revisions"}],"predecessor-version":[{"id":12341,"href":"https:\/\/solidscontrolworld.com\/es\/wp-json\/wp\/v2\/product\/1434\/revisions\/12341"}],"wp:featuredmedia":[{"embeddable":true,"href":"https:\/\/solidscontrolworld.com\/es\/wp-json\/wp\/v2\/media\/1435"}],"wp:attachment":[{"href":"https:\/\/solidscontrolworld.com\/es\/wp-json\/wp\/v2\/media?parent=1434"}],"wp:term":[{"taxonomy":"product_brand","embeddable":true,"href":"https:\/\/solidscontrolworld.com\/es\/wp-json\/wp\/v2\/product_brand?post=1434"},{"taxonomy":"product_cat","embeddable":true,"href":"https:\/\/solidscontrolworld.com\/es\/wp-json\/wp\/v2\/product_cat?post=1434"},{"taxonomy":"product_tag","embeddable":true,"href":"https:\/\/solidscontrolworld.com\/es\/wp-json\/wp\/v2\/product_tag?post=1434"}],"curies":[{"name":"wp","href":"https:\/\/api.w.org\/{rel}","templated":true}]}}