{"id":1436,"date":"2021-05-05T14:50:28","date_gmt":"2021-05-05T14:50:28","guid":{"rendered":"https:\/\/solidscontrolworld.com\/?post_type=product&#038;p=1436"},"modified":"2024-06-27T07:17:06","modified_gmt":"2024-06-27T07:17:06","slug":"criba-vibratoria-de-material-compuesto","status":"publish","type":"product","link":"https:\/\/solidscontrolworld.com\/es\/product\/criba-vibratoria-de-material-compuesto\/","title":{"rendered":"Criba vibratoria de material compuesto"},"content":{"rendered":"<div class=\"flex_column av_one_full flex_column_div av-zero-column-padding first avia-builder-el-6 el_after_av_one_half el_before_av_textblock column-top-margin\">\n<section class=\"av_textblock_section\">\n<div class=\"avia_textblock\">\n<table border=\"0\" cellspacing=\"0\">\n<tbody>\n<tr>\n<td valign=\"top\" width=\"202\">\n<p class=\"p\"><strong>Malla<\/strong><strong>\u00a0Tama\u00f1o<\/strong><\/p>\n<\/td>\n<td valign=\"top\" width=\"409\">\n<p class=\"p\"><strong>API 20 \u2013 API 400<\/strong><\/p>\n<\/td>\n<\/tr>\n<tr>\n<td valign=\"top\" width=\"202\">\n<p class=\"p\">Dimensi\u00f3n<\/p>\n<\/td>\n<td valign=\"top\" width=\"409\">\n<p class=\"p\">1165 mm \u00d7 585 mm (45,75\u2033 \u00d7 23\u2033)<\/p>\n<\/td>\n<\/tr>\n<tr>\n<td valign=\"top\" width=\"202\">\n<p class=\"p\">Tipo de pantalla<\/p>\n<\/td>\n<td valign=\"top\" width=\"409\">\n<p class=\"p\">Marco de pantalla<\/p>\n<\/td>\n<\/tr>\n<tr>\n<td valign=\"top\" width=\"202\">\n<p class=\"p\">Material del marco<\/p>\n<\/td>\n<td valign=\"top\" width=\"409\">\n<p class=\"p\">acero al carbono \/ material compuesto<\/p>\n<\/td>\n<\/tr>\n<tr>\n<td valign=\"top\" width=\"202\">\n<p class=\"p\">Material de malla de alambre<\/p>\n<\/td>\n<td valign=\"top\" width=\"409\">\n<p class=\"p\">S.S304 o S.S316 seg\u00fan solicitud<\/p>\n<\/td>\n<\/tr>\n<tr>\n<td valign=\"top\" width=\"202\">\n<p class=\"p\">Capa de pantalla<\/p>\n<\/td>\n<td valign=\"top\" width=\"409\">\n<p class=\"p\">2 o 3 capas<\/p>\n<\/td>\n<\/tr>\n<\/tbody>\n<\/table>\n<\/div>\n<\/section>\n<\/div>\n<section class=\"av_textblock_section\">\n<div class=\"avia_textblock\">\n<h2>PANTALLA AGITADORA DE MATERIALES COMPUESTOS<\/h2>\n<p>Se utiliza una malla compuesta sobre la zaranda vibratoria. Esta malla filtra los s\u00f3lidos del fluido de perforaci\u00f3n, dejando el l\u00edquido sin impurezas s\u00f3lidas importantes. Generalmente est\u00e1 hecha de acero o de un material no met\u00e1lico, lo que aumenta su resistencia y funcionalidad. Es una de las mejores mallas para zarandas vibratorias disponibles.<\/p>\n<h2>CARACTER\u00cdSTICAS DE LA PANTALLA AGITADORA DE MATERIAL COMPUESTO<\/h2>\n<p>La pantalla de material compuesto tiene muchas caracter\u00edsticas, algunas de las cuales se detallan a continuaci\u00f3n.<\/p>\n<h3>Dimensi\u00f3n<\/h3>\n<p>La dimensi\u00f3n del agitador de material compuesto es de 1165 mm \u00d7 585 mm (45,75\u2033 \u00d7 23\u2033). Esta es la dimensi\u00f3n necesaria para que una buena criba de material compuesto tenga la mejor funcionalidad.<\/p>\n<h3>\u00a0Tipo de pantalla<\/h3>\n<p>Esta malla compuesta tiene un marco de malla. Ayuda a filtrar los s\u00f3lidos del fluido de perforaci\u00f3n.<\/p>\n<h3>Material del marco<\/h3>\n<p>Esta criba compuesta en una criba vibratoria de lutitas tiene un marco de acero al carbono o material compuesto. Esto facilita una mayor precisi\u00f3n en el trabajo.<\/p>\n<h3>Material de malla de alambre<\/h3>\n<p>El material de malla de alambre de la pantalla compuesta es acero inoxidable 304 o acero inoxidable 316. Esto mejora la eficiencia y el control de calidad.<\/p>\n<h3>Capa de pantalla<\/h3>\n<p>Esta pantalla de material compuesto tiene 2 o 3 capas. Reduce el peso y no resulta demasiado pesada.<\/p>\n<h2>BENEFICIOS DE LA MALLA AGITADORA DE MATERIALES COMPUESTOS<\/h2>\n<p>Hay varios beneficios de la pantalla compuesta, algunos de los cuales se detallan a continuaci\u00f3n.<\/p>\n<h3>Mayor luz funcional<\/h3>\n<p>Esta pantalla vibratoria est\u00e1 hecha de material compuesto que tiene una mayor cantidad de luz funcional y su capacidad tambi\u00e9n es mucho mayor.<\/p>\n<h3>Nueva tecnolog\u00eda<\/h3>\n<p>Esta pantalla se basa en la nueva e innovadora tecnolog\u00eda que hace que el trabajo de perforaci\u00f3n sea m\u00e1s f\u00e1cil y avanzado.<\/p>\n<h3>Peso de pantalla reducido<\/h3>\n<p>Esta pantalla compuesta es ligera y no pesa nada, ya que no est\u00e1 hecha de acero ni metal pesado. Esto facilita su manejo y transporte.<\/p>\n<h3>F\u00e1cil de reparar<\/h3>\n<p>La pantalla compuesta es f\u00e1cil de reparar con su tecnolog\u00eda avanzada y sistema Snap LOK.<\/p>\n<h3>Reutilizable<\/h3>\n<p>La pantalla compuesta se puede utilizar o almacenar para realizar perforaciones futuras.<\/p>\n<h3>Conclusi\u00f3n<\/h3>\n<p>La malla compuesta se adapta perfectamente a la malla vibratoria de esquisto. Est\u00e1 hecha de acero, lo que le otorga gran funcionalidad y tecnolog\u00eda avanzada. Aseg\u00farese de comprar su propia malla vibratoria si desea mayor comodidad al agitar el esquisto.<\/p>\n<p>Vea tambi\u00e9n la pantalla vibratoria corrugada en nuestra tienda.<\/p>\n<\/div>\n<\/section>","protected":false},"excerpt":{"rendered":"<h3 class=\"widgettitle\">OFICINA<\/h3>\n<div class=\"textwidget\">\n<p><strong>DIRECCI\u00d3N:<\/strong><\/p>\n<p>Habitaci\u00f3n 1924, Bloque D, Plaza Wanda, ciudad de Tangshan, China.<\/p>\n<p><strong>Contacto<\/strong><\/p>\n<p>info@solidscontrolworld.com<\/p>\n<p><strong>Tel\u00e9fono:<\/strong><\/p>\n<p>+86-18034158133<\/p>\n<p><strong>Fax:<\/strong><\/p>\n<p>+86-315-7651760<\/p>\n<p>Sitio web: www.solidscontrolworld.com<\/p>\n<p><strong>Horario de apertura:<\/strong><br \/>\nLunes a viernes: 8:00-17:30<\/p>\n<\/div>","protected":false},"featured_media":1438,"comment_status":"open","ping_status":"closed","template":"","meta":{"_seopress_robots_primary_cat":"none","_seopress_titles_title":"","_seopress_titles_desc":"","_seopress_robots_index":""},"product_brand":[],"product_cat":[58],"product_tag":[],"class_list":{"0":"post-1436","1":"product","2":"type-product","3":"status-publish","4":"has-post-thumbnail","6":"product_cat-shaker-screens","8":"first","9":"instock","10":"shipping-taxable","11":"product-type-simple"},"yoast_head":"<!-- This site is optimized with the Yoast SEO plugin v25.1 - https:\/\/yoast.com\/wordpress\/plugins\/seo\/ -->\n<title>Composite Material Shaker Screen - Solids Control World<\/title>\n<meta name=\"robots\" content=\"index, follow, max-snippet:-1, max-image-preview:large, max-video-preview:-1\" \/>\n<link rel=\"canonical\" href=\"https:\/\/solidscontrolworld.com\/es\/product\/criba-vibratoria-de-material-compuesto\/\" \/>\n<meta property=\"og:locale\" content=\"es_MX\" \/>\n<meta property=\"og:type\" content=\"article\" \/>\n<meta property=\"og:title\" content=\"Composite Material Shaker Screen - Solids Control World\" \/>\n<meta property=\"og:description\" content=\"OFFICE   Address:  Room 1924 ,Block D ,Wanda plaza, Tangshan city,\u00a0 China.  Contact  info@solidscontrolworld.com  Tel:  +86-18034158133  Fax:  +86-315-7651760  Website:www.solidscontrolworld.com  Opening Hours: Mon-Fri: 8:00-17:30\" \/>\n<meta property=\"og:url\" content=\"https:\/\/solidscontrolworld.com\/es\/product\/criba-vibratoria-de-material-compuesto\/\" \/>\n<meta property=\"og:site_name\" content=\"Solids Control World\" \/>\n<meta property=\"article:modified_time\" content=\"2024-06-27T07:17:06+00:00\" \/>\n<meta property=\"og:image\" content=\"https:\/\/solidscontrolworld.com\/wp-content\/uploads\/2021\/05\/Composite-Material-Shaker-Screen.png\" \/>\n\t<meta property=\"og:image:width\" content=\"255\" \/>\n\t<meta property=\"og:image:height\" content=\"197\" \/>\n\t<meta property=\"og:image:type\" content=\"image\/png\" \/>\n<meta name=\"twitter:card\" content=\"summary_large_image\" \/>\n<meta name=\"twitter:label1\" content=\"Tiempo de lectura\" \/>\n\t<meta name=\"twitter:data1\" content=\"3 minutos\" \/>\n<!-- \/ Yoast SEO plugin. -->","yoast_head_json":{"title":"Tamiz vibratorio para materiales compuestos - Solids Control World","robots":{"index":"index","follow":"follow","max-snippet":"max-snippet:-1","max-image-preview":"max-image-preview:large","max-video-preview":"max-video-preview:-1"},"canonical":"https:\/\/solidscontrolworld.com\/es\/product\/criba-vibratoria-de-material-compuesto\/","og_locale":"es_MX","og_type":"article","og_title":"Composite Material Shaker Screen - Solids Control World","og_description":"OFFICE   Address:  Room 1924 ,Block D ,Wanda plaza, Tangshan city,\u00a0 China.  Contact  info@solidscontrolworld.com  Tel:  +86-18034158133  Fax:  +86-315-7651760  Website:www.solidscontrolworld.com  Opening Hours: Mon-Fri: 8:00-17:30","og_url":"https:\/\/solidscontrolworld.com\/es\/product\/criba-vibratoria-de-material-compuesto\/","og_site_name":"Solids Control World","article_modified_time":"2024-06-27T07:17:06+00:00","og_image":[{"width":255,"height":197,"url":"https:\/\/solidscontrolworld.com\/wp-content\/uploads\/2021\/05\/Composite-Material-Shaker-Screen.png","type":"image\/png"}],"twitter_card":"summary_large_image","twitter_misc":{"Tiempo de lectura":"3 minutos"},"schema":{"@context":"https:\/\/schema.org","@graph":[{"@type":"WebPage","@id":"https:\/\/solidscontrolworld.com\/product\/composite-material-shaker-screen\/","url":"https:\/\/solidscontrolworld.com\/product\/composite-material-shaker-screen\/","name":"Tamiz vibratorio para materiales compuestos - Solids Control World","isPartOf":{"@id":"https:\/\/solidscontrolworld.com\/#website"},"primaryImageOfPage":{"@id":"https:\/\/solidscontrolworld.com\/product\/composite-material-shaker-screen\/#primaryimage"},"image":{"@id":"https:\/\/solidscontrolworld.com\/product\/composite-material-shaker-screen\/#primaryimage"},"thumbnailUrl":"https:\/\/solidscontrolworld.com\/wp-content\/uploads\/2021\/05\/Composite-Material-Shaker-Screen.png","datePublished":"2021-05-05T14:50:28+00:00","dateModified":"2024-06-27T07:17:06+00:00","breadcrumb":{"@id":"https:\/\/solidscontrolworld.com\/product\/composite-material-shaker-screen\/#breadcrumb"},"inLanguage":"es","potentialAction":[{"@type":"ReadAction","target":["https:\/\/solidscontrolworld.com\/product\/composite-material-shaker-screen\/"]}]},{"@type":"ImageObject","inLanguage":"es","@id":"https:\/\/solidscontrolworld.com\/product\/composite-material-shaker-screen\/#primaryimage","url":"https:\/\/solidscontrolworld.com\/wp-content\/uploads\/2021\/05\/Composite-Material-Shaker-Screen.png","contentUrl":"https:\/\/solidscontrolworld.com\/wp-content\/uploads\/2021\/05\/Composite-Material-Shaker-Screen.png","width":255,"height":197,"caption":"Replacement shaker screens for Brandt"},{"@type":"BreadcrumbList","@id":"https:\/\/solidscontrolworld.com\/product\/composite-material-shaker-screen\/#breadcrumb","itemListElement":[{"@type":"ListItem","position":1,"name":"Home","item":"https:\/\/solidscontrolworld.com\/"},{"@type":"ListItem","position":2,"name":"Products","item":"https:\/\/solidscontrolworld.com\/shop\/"},{"@type":"ListItem","position":3,"name":"Composite Material Shaker Screen"}]},{"@type":"WebSite","@id":"https:\/\/solidscontrolworld.com\/#website","url":"https:\/\/solidscontrolworld.com\/","name":"Mundo de control de s\u00f3lidos","description":"","publisher":{"@id":"https:\/\/solidscontrolworld.com\/#\/schema\/person\/2c126362537c0f0e6d4a8dfba9fc68b0"},"potentialAction":[{"@type":"SearchAction","target":{"@type":"EntryPoint","urlTemplate":"https:\/\/solidscontrolworld.com\/?s={search_term_string}"},"query-input":{"@type":"PropertyValueSpecification","valueRequired":true,"valueName":"search_term_string"}}],"inLanguage":"es"},{"@type":["Person","Organization"],"@id":"https:\/\/solidscontrolworld.com\/#\/schema\/person\/2c126362537c0f0e6d4a8dfba9fc68b0","name":"mundodecontroldes\u00f3lidos","logo":{"@id":"https:\/\/solidscontrolworld.com\/#\/schema\/person\/image\/"},"sameAs":["https:\/\/solidscontrolworld.com"]}]}},"_links":{"self":[{"href":"https:\/\/solidscontrolworld.com\/es\/wp-json\/wp\/v2\/product\/1436","targetHints":{"allow":["GET"]}}],"collection":[{"href":"https:\/\/solidscontrolworld.com\/es\/wp-json\/wp\/v2\/product"}],"about":[{"href":"https:\/\/solidscontrolworld.com\/es\/wp-json\/wp\/v2\/types\/product"}],"replies":[{"embeddable":true,"href":"https:\/\/solidscontrolworld.com\/es\/wp-json\/wp\/v2\/comments?post=1436"}],"version-history":[{"count":1,"href":"https:\/\/solidscontrolworld.com\/es\/wp-json\/wp\/v2\/product\/1436\/revisions"}],"predecessor-version":[{"id":10750,"href":"https:\/\/solidscontrolworld.com\/es\/wp-json\/wp\/v2\/product\/1436\/revisions\/10750"}],"wp:featuredmedia":[{"embeddable":true,"href":"https:\/\/solidscontrolworld.com\/es\/wp-json\/wp\/v2\/media\/1438"}],"wp:attachment":[{"href":"https:\/\/solidscontrolworld.com\/es\/wp-json\/wp\/v2\/media?parent=1436"}],"wp:term":[{"taxonomy":"product_brand","embeddable":true,"href":"https:\/\/solidscontrolworld.com\/es\/wp-json\/wp\/v2\/product_brand?post=1436"},{"taxonomy":"product_cat","embeddable":true,"href":"https:\/\/solidscontrolworld.com\/es\/wp-json\/wp\/v2\/product_cat?post=1436"},{"taxonomy":"product_tag","embeddable":true,"href":"https:\/\/solidscontrolworld.com\/es\/wp-json\/wp\/v2\/product_tag?post=1436"}],"curies":[{"name":"wp","href":"https:\/\/api.w.org\/{rel}","templated":true}]}}