{"id":1442,"date":"2021-05-05T15:07:41","date_gmt":"2021-05-05T15:07:41","guid":{"rendered":"https:\/\/solidscontrolworld.com\/?post_type=product&#038;p=1442"},"modified":"2025-06-18T04:46:14","modified_gmt":"2025-06-18T04:46:14","slug":"criba-vibratoria-corrugada","status":"publish","type":"product","link":"https:\/\/solidscontrolworld.com\/es\/product\/criba-vibratoria-corrugada\/","title":{"rendered":"Criba vibratoria corrugada"},"content":{"rendered":"<div class=\"flex_column av_one_full flex_column_div av-zero-column-padding first avia-builder-el-6 el_after_av_one_half el_before_av_textblock column-top-margin\">\n<section class=\"av_textblock_section\">\n<div class=\"avia_textblock\">\n<table border=\"0\" cellspacing=\"0\">\n<tbody>\n<tr>\n<td valign=\"top\" width=\"136\">\n<p class=\"p\"><strong>Pantalla<\/strong><strong>\u00a0Modelo<\/strong><\/p>\n<\/td>\n<td valign=\"top\" width=\"142\">\n<p class=\"p\"><strong>Gama de mallas<\/strong><\/p>\n<\/td>\n<td valign=\"top\" width=\"231\">\n<p class=\"p\"><strong>Marca y modelo de Shaker<\/strong><\/p>\n<\/td>\n<td valign=\"top\" width=\"118\">\n<p class=\"p\"><strong>Peso (Kg)<\/strong><\/p>\n<\/td>\n<\/tr>\n<tr>\n<td valign=\"top\" width=\"136\">\n<p class=\"p\">ABB-5 (PMD)<\/p>\n<\/td>\n<td valign=\"top\" width=\"142\">\n<p class=\"p\">80-325<\/p>\n<\/td>\n<td valign=\"top\" width=\"231\">\n<p class=\"p\">SRANDT y BL-50<\/p>\n<\/td>\n<td valign=\"top\" width=\"118\">\n<p class=\"p\">17.5<\/p>\n<\/td>\n<\/tr>\n<tr>\n<td valign=\"top\" width=\"136\">\n<p class=\"p\">ABF-5 (PMD)<\/p>\n<\/td>\n<td valign=\"top\" width=\"142\">\n<p class=\"p\">80-325<\/p>\n<\/td>\n<td valign=\"top\" width=\"231\">\n<p class=\"p\">Serie DERRIOK y FLC 500<\/p>\n<\/td>\n<td valign=\"top\" width=\"118\">\n<p class=\"p\">7.5<\/p>\n<\/td>\n<\/tr>\n<tr>\n<td valign=\"top\" width=\"136\">\n<p class=\"p\">ABF-2 (PMD)<\/p>\n<\/td>\n<td valign=\"top\" width=\"142\">\n<p class=\"p\">80-325<\/p>\n<\/td>\n<td valign=\"top\" width=\"231\">\n<p class=\"p\">DERRICK y FLC 2000<\/p>\n<\/td>\n<td valign=\"top\" width=\"118\">\n<p class=\"p\">5.8<\/p>\n<\/td>\n<\/tr>\n<tr>\n<td valign=\"top\" width=\"136\">\n<p class=\"p\">ABL-2D(PMD)<\/p>\n<\/td>\n<td valign=\"top\" width=\"142\">\n<p class=\"p\">80-325<\/p>\n<\/td>\n<td valign=\"top\" width=\"231\">\n<p class=\"p\">BRANDT y LCM-2D<\/p>\n<\/td>\n<td valign=\"top\" width=\"118\">\n<p class=\"p\">10.0<\/p>\n<\/td>\n<\/tr>\n<\/tbody>\n<\/table>\n<\/div>\n<\/section>\n<\/div>\n<section class=\"av_textblock_section\">\n<div class=\"avia_textblock\">\n<h2>Criba vibratoria de cart\u00f3n ondulado<\/h2>\n<p>Esta criba vibratoria corrugada es una de las m\u00e1s populares. No se parece a otras cribas planas y maneja fluidos de forma mucho m\u00e1s eficiente y eficaz. Adem\u00e1s, ofrece un \u00e1rea considerablemente mayor que otras cribas vibratorias de esquisto t\u00edpicas. El tama\u00f1o de las mallas de esta criba corrugada var\u00eda entre 80 y 325.<\/p>\n<h2>CARACTER\u00cdSTICAS DE LA MALLA VIBRADORA DE CART\u00d3N CORRUGADO<\/h2>\n<p>Esta malla corrugada ofrece numerosas ventajas. A continuaci\u00f3n, se enumeran algunas de las m\u00e1s importantes.<\/p>\n<h3>Un \u00e1rea de filtrado m\u00e1s grande<\/h3>\n<p>Esta pantalla est\u00e1 hecha de acero y varias capas de tela met\u00e1lica. Adem\u00e1s, incluye una placa de soporte hecha exclusivamente de acero.<\/p>\n<p>Esta combinaci\u00f3n de la placa de respaldo y m\u00faltiples capas de tela de alambre le da a esta pantalla una gran \u00e1rea de filtrado y el filtrado se realiza de manera mucho m\u00e1s efectiva y eficiente.<\/p>\n<h3>Ligero<\/h3>\n<p>Esta criba es ligera en comparaci\u00f3n con el material del que est\u00e1 hecha. Esto facilita la colocaci\u00f3n de la l\u00e1mina en la zaranda vibratoria. Su peso oscila entre 10 y 17,5 kg, seg\u00fan el modelo que utilice el usuario.<\/p>\n<h2>BENEFICIOS DE LA MALLA VIBRADORA DE CART\u00d3N CORRUGADO<\/h2>\n<p>Este agitador de cart\u00f3n corrugado ofrece varias ventajas. Algunas de ellas se enumeran a continuaci\u00f3n.<\/p>\n<h3>Ofrece versatilidad<\/h3>\n<p>Esta pantalla corrugada est\u00e1 hecha de materiales duraderos y se puede utilizar en muchas industrias a gran escala, como sistemas de gesti\u00f3n de residuos, lodos de perforaci\u00f3n y procesos de remediaci\u00f3n de suelos.<\/p>\n<h3>Barato<\/h3>\n<p>Esta criba es m\u00e1s econ\u00f3mica que otras cribas corrugadas del mercado. Esta criba corrugada para zarandas vibratorias es resistente y proporciona protecci\u00f3n adicional a las zarandas vibratorias y otros equipos, adem\u00e1s de ser bastante asequible.<\/p>\n<h3>Tama\u00f1o de malla m\u00e1s fino<\/h3>\n<p>Esta criba permite obtener mallas m\u00e1s finas y confiables que cualquier otra criba para zarandas vibratorias. Adem\u00e1s, ofrece un filtrado de fluidos muy preciso y exacto.<\/p>\n<h3>Puede pasar una gran cantidad de l\u00edquido a trav\u00e9s de<\/h3>\n<p>Con una gran cantidad de \u00e1rea de superficie y un canal s\u00f3lido, esta pantalla vibratoria de pizarra corrugada puede manejar mucho m\u00e1s fluido a la vez que cualquier otra pantalla vibratoria de pizarra.<\/p>\n<p>Adem\u00e1s, se experimenta una menor p\u00e9rdida de fluido cuando el s\u00f3lido se separa del fluido perforado utilizando esta pantalla vibratoria de esquisto.<\/p>\n<h3>Conclusi\u00f3n<\/h3>\n<p>Si desea tener un corte de malla m\u00e1s fino y una menor p\u00e9rdida de fluido, aseg\u00farese de revisar la pantalla corrugada mencionada anteriormente.<\/p>\n<p>&nbsp;<\/p>\n<p>Tambi\u00e9n echa un vistazo\u00a0<a href=\"https:\/\/solidscontrolworld.com\/es\/criba-vibratoria-con-marco-de-acero\/\">Pantalla vibratoria con marco de acero<\/a>\u00a0de nuestra tienda.<\/p>\n<\/div>\n<\/section>","protected":false},"excerpt":{"rendered":"<h3 class=\"widgettitle\">OFICINA<\/h3>\n<div class=\"textwidget\">\n<p><strong>DIRECCI\u00d3N<\/strong><br \/>\n10800 West Pico Boulevard<br \/>\nLos \u00c1ngeles, Estados Unidos<\/p>\n<p><strong>Contacto<\/strong><br \/>\noficina@en-co.com<br \/>\n555-3587 347<\/p>\n<p><strong>Horario de apertura:<\/strong><br \/>\nLunes a viernes: 8:00-19:00<br \/>\nS\u00e1bado: 8:00-14:00<br \/>\nAs\u00ed que: cerrado<\/p>\n<\/div>","protected":false},"featured_media":1443,"comment_status":"open","ping_status":"closed","template":"","meta":{"_seopress_robots_primary_cat":"none","_seopress_titles_title":"","_seopress_titles_desc":"","_seopress_robots_index":""},"product_brand":[],"product_cat":[58],"product_tag":[],"class_list":{"0":"post-1442","1":"product","2":"type-product","3":"status-publish","4":"has-post-thumbnail","6":"product_cat-shaker-screens","8":"first","9":"instock","10":"shipping-taxable","11":"product-type-simple"},"yoast_head":"<!-- This site is optimized with the Yoast SEO plugin v25.1 - https:\/\/yoast.com\/wordpress\/plugins\/seo\/ -->\n<title>Corrugated Shaker Screen - Solids Control World<\/title>\n<meta name=\"description\" content=\"Corrugated shaker screens deliver enhanced solids separation and durability, improving drilling fluid quality and overall efficiency in solids control systems.\" \/>\n<meta name=\"robots\" content=\"index, follow, max-snippet:-1, max-image-preview:large, max-video-preview:-1\" \/>\n<link rel=\"canonical\" href=\"https:\/\/solidscontrolworld.com\/es\/product\/criba-vibratoria-corrugada\/\" \/>\n<meta property=\"og:locale\" content=\"es_MX\" \/>\n<meta property=\"og:type\" content=\"article\" \/>\n<meta property=\"og:title\" content=\"Corrugated Shaker Screen - Solids Control World\" \/>\n<meta property=\"og:description\" content=\"Corrugated shaker screens deliver enhanced solids separation and durability, improving drilling fluid quality and overall efficiency in solids control systems.\" \/>\n<meta property=\"og:url\" content=\"https:\/\/solidscontrolworld.com\/es\/product\/criba-vibratoria-corrugada\/\" \/>\n<meta property=\"og:site_name\" content=\"Solids Control World\" \/>\n<meta property=\"article:modified_time\" content=\"2025-06-18T04:46:14+00:00\" \/>\n<meta property=\"og:image\" content=\"http:\/\/solidscontrolworld.com\/wp-content\/uploads\/2021\/05\/Corrugated-Shaker-Screen-300x232-2.png\" \/>\n\t<meta property=\"og:image:width\" content=\"300\" \/>\n\t<meta property=\"og:image:height\" content=\"232\" \/>\n\t<meta property=\"og:image:type\" content=\"image\/png\" \/>\n<meta name=\"twitter:card\" content=\"summary_large_image\" \/>\n<meta name=\"twitter:label1\" content=\"Tiempo de lectura\" \/>\n\t<meta name=\"twitter:data1\" content=\"3 minutos\" \/>\n<!-- \/ Yoast SEO plugin. -->","yoast_head_json":{"title":"Tamiz vibratorio corrugado - Solids Control World","description":"Las mallas vibratorias corrugadas brindan una mejor separaci\u00f3n de s\u00f3lidos y durabilidad, mejorando la calidad del fluido de perforaci\u00f3n y la eficiencia general en los sistemas de control de s\u00f3lidos.","robots":{"index":"index","follow":"follow","max-snippet":"max-snippet:-1","max-image-preview":"max-image-preview:large","max-video-preview":"max-video-preview:-1"},"canonical":"https:\/\/solidscontrolworld.com\/es\/product\/criba-vibratoria-corrugada\/","og_locale":"es_MX","og_type":"article","og_title":"Corrugated Shaker Screen - Solids Control World","og_description":"Corrugated shaker screens deliver enhanced solids separation and durability, improving drilling fluid quality and overall efficiency in solids control systems.","og_url":"https:\/\/solidscontrolworld.com\/es\/product\/criba-vibratoria-corrugada\/","og_site_name":"Solids Control World","article_modified_time":"2025-06-18T04:46:14+00:00","og_image":[{"width":300,"height":232,"url":"http:\/\/solidscontrolworld.com\/wp-content\/uploads\/2021\/05\/Corrugated-Shaker-Screen-300x232-2.png","type":"image\/png"}],"twitter_card":"summary_large_image","twitter_misc":{"Tiempo de lectura":"3 minutos"},"schema":{"@context":"https:\/\/schema.org","@graph":[{"@type":"WebPage","@id":"https:\/\/solidscontrolworld.com\/product\/corrugated-shaker-screen\/","url":"https:\/\/solidscontrolworld.com\/product\/corrugated-shaker-screen\/","name":"Tamiz vibratorio corrugado - Solids Control World","isPartOf":{"@id":"https:\/\/solidscontrolworld.com\/#website"},"primaryImageOfPage":{"@id":"https:\/\/solidscontrolworld.com\/product\/corrugated-shaker-screen\/#primaryimage"},"image":{"@id":"https:\/\/solidscontrolworld.com\/product\/corrugated-shaker-screen\/#primaryimage"},"thumbnailUrl":"https:\/\/solidscontrolworld.com\/wp-content\/uploads\/2021\/05\/Corrugated-Shaker-Screen-300x232-2.png","datePublished":"2021-05-05T15:07:41+00:00","dateModified":"2025-06-18T04:46:14+00:00","description":"Las mallas vibratorias corrugadas brindan una mejor separaci\u00f3n de s\u00f3lidos y durabilidad, mejorando la calidad del fluido de perforaci\u00f3n y la eficiencia general en los sistemas de control de s\u00f3lidos.","breadcrumb":{"@id":"https:\/\/solidscontrolworld.com\/product\/corrugated-shaker-screen\/#breadcrumb"},"inLanguage":"es","potentialAction":[{"@type":"ReadAction","target":["https:\/\/solidscontrolworld.com\/product\/corrugated-shaker-screen\/"]}]},{"@type":"ImageObject","inLanguage":"es","@id":"https:\/\/solidscontrolworld.com\/product\/corrugated-shaker-screen\/#primaryimage","url":"https:\/\/solidscontrolworld.com\/wp-content\/uploads\/2021\/05\/Corrugated-Shaker-Screen-300x232-2.png","contentUrl":"https:\/\/solidscontrolworld.com\/wp-content\/uploads\/2021\/05\/Corrugated-Shaker-Screen-300x232-2.png","width":300,"height":232},{"@type":"BreadcrumbList","@id":"https:\/\/solidscontrolworld.com\/product\/corrugated-shaker-screen\/#breadcrumb","itemListElement":[{"@type":"ListItem","position":1,"name":"Home","item":"https:\/\/solidscontrolworld.com\/"},{"@type":"ListItem","position":2,"name":"Products","item":"https:\/\/solidscontrolworld.com\/shop\/"},{"@type":"ListItem","position":3,"name":"Corrugated Shaker Screen"}]},{"@type":"WebSite","@id":"https:\/\/solidscontrolworld.com\/#website","url":"https:\/\/solidscontrolworld.com\/","name":"Mundo de control de s\u00f3lidos","description":"","publisher":{"@id":"https:\/\/solidscontrolworld.com\/#\/schema\/person\/2c126362537c0f0e6d4a8dfba9fc68b0"},"potentialAction":[{"@type":"SearchAction","target":{"@type":"EntryPoint","urlTemplate":"https:\/\/solidscontrolworld.com\/?s={search_term_string}"},"query-input":{"@type":"PropertyValueSpecification","valueRequired":true,"valueName":"search_term_string"}}],"inLanguage":"es"},{"@type":["Person","Organization"],"@id":"https:\/\/solidscontrolworld.com\/#\/schema\/person\/2c126362537c0f0e6d4a8dfba9fc68b0","name":"mundodecontroldes\u00f3lidos","logo":{"@id":"https:\/\/solidscontrolworld.com\/#\/schema\/person\/image\/"},"sameAs":["https:\/\/solidscontrolworld.com"]}]}},"_links":{"self":[{"href":"https:\/\/solidscontrolworld.com\/es\/wp-json\/wp\/v2\/product\/1442","targetHints":{"allow":["GET"]}}],"collection":[{"href":"https:\/\/solidscontrolworld.com\/es\/wp-json\/wp\/v2\/product"}],"about":[{"href":"https:\/\/solidscontrolworld.com\/es\/wp-json\/wp\/v2\/types\/product"}],"replies":[{"embeddable":true,"href":"https:\/\/solidscontrolworld.com\/es\/wp-json\/wp\/v2\/comments?post=1442"}],"version-history":[{"count":1,"href":"https:\/\/solidscontrolworld.com\/es\/wp-json\/wp\/v2\/product\/1442\/revisions"}],"predecessor-version":[{"id":12340,"href":"https:\/\/solidscontrolworld.com\/es\/wp-json\/wp\/v2\/product\/1442\/revisions\/12340"}],"wp:featuredmedia":[{"embeddable":true,"href":"https:\/\/solidscontrolworld.com\/es\/wp-json\/wp\/v2\/media\/1443"}],"wp:attachment":[{"href":"https:\/\/solidscontrolworld.com\/es\/wp-json\/wp\/v2\/media?parent=1442"}],"wp:term":[{"taxonomy":"product_brand","embeddable":true,"href":"https:\/\/solidscontrolworld.com\/es\/wp-json\/wp\/v2\/product_brand?post=1442"},{"taxonomy":"product_cat","embeddable":true,"href":"https:\/\/solidscontrolworld.com\/es\/wp-json\/wp\/v2\/product_cat?post=1442"},{"taxonomy":"product_tag","embeddable":true,"href":"https:\/\/solidscontrolworld.com\/es\/wp-json\/wp\/v2\/product_tag?post=1442"}],"curies":[{"name":"wp","href":"https:\/\/api.w.org\/{rel}","templated":true}]}}