{"id":1444,"date":"2021-05-05T15:11:43","date_gmt":"2021-05-05T15:11:43","guid":{"rendered":"https:\/\/solidscontrolworld.com\/?post_type=product&#038;p=1444"},"modified":"2022-05-08T06:25:38","modified_gmt":"2022-05-08T06:25:38","slug":"planta-de-tratamiento-de-lodos","status":"publish","type":"product","link":"https:\/\/solidscontrolworld.com\/es\/product\/planta-de-tratamiento-de-lodos\/","title":{"rendered":"Planta de tratamiento de lodos"},"content":{"rendered":"<table style=\"font-weight: 400;\">\n<tbody>\n<tr>\n<td style=\"font-style: inherit; font-weight: inherit;\" width=\"165\"><b><strong style=\"font-style: inherit;\"><span style=\"font-style: inherit; font-weight: inherit;\">Modelo<\/span><\/strong><\/b><\/td>\n<td style=\"font-style: inherit; font-weight: inherit;\" width=\"128\"><b><strong style=\"font-style: inherit;\"><span style=\"font-style: inherit; font-weight: inherit;\">ABSO250-20<\/span><\/strong><\/b><\/td>\n<td style=\"font-style: inherit; font-weight: inherit;\" width=\"129\"><b><strong style=\"font-style: inherit;\"><span style=\"font-style: inherit; font-weight: inherit;\">ABSP400-20<\/span><\/strong><\/b><\/td>\n<td style=\"font-style: inherit; font-weight: inherit;\" width=\"131\"><b><strong style=\"font-style: inherit;\"><span style=\"font-style: inherit; font-weight: inherit;\">ABSP500-20<\/span><\/strong><\/b><\/td>\n<td style=\"font-style: inherit; font-weight: inherit;\" width=\"139\"><b><strong style=\"font-style: inherit;\"><span style=\"font-style: inherit; font-weight: inherit;\">ABSP50-60<\/span><\/strong><\/b><\/td>\n<td style=\"font-style: inherit; font-weight: inherit;\" width=\"163\"><b><strong style=\"font-style: inherit;\"><span style=\"font-style: inherit; font-weight: inherit;\">ABSP180-20<\/span><\/strong><\/b><\/td>\n<\/tr>\n<tr>\n<td style=\"font-style: inherit; font-weight: inherit;\" width=\"165\"><span style=\"font-style: inherit; font-weight: inherit;\">Capacidad de tratamiento<\/span><\/td>\n<td style=\"font-style: inherit; font-weight: inherit;\" width=\"128\"><span style=\"font-style: inherit; font-weight: inherit;\">180-250 m\u00b3\/h<\/span><\/td>\n<td style=\"font-style: inherit; font-weight: inherit;\" width=\"129\"><span style=\"font-style: inherit; font-weight: inherit;\">250-400 m\u00b3\/h<\/span><\/td>\n<td style=\"font-style: inherit; font-weight: inherit;\" width=\"131\"><span style=\"font-style: inherit; font-weight: inherit;\">400-500 m\u00b3\/h<\/span><\/td>\n<td style=\"font-style: inherit; font-weight: inherit;\" width=\"139\"><span style=\"font-style: inherit; font-weight: inherit;\">50-140 m\u00b3\/h<\/span><\/td>\n<td style=\"font-style: inherit; font-weight: inherit;\" width=\"163\"><span style=\"font-style: inherit; font-weight: inherit;\">150-180 m\u00b3\/h<\/span><\/td>\n<\/tr>\n<tr>\n<td style=\"font-style: inherit; font-weight: inherit;\" width=\"165\"><span style=\"font-style: inherit; font-weight: inherit;\">Efecto de separaci\u00f3n<\/span><\/td>\n<td style=\"font-style: inherit; font-weight: inherit;\" width=\"128\"><span style=\"font-style: inherit; font-weight: inherit;\">20 um<\/span><\/td>\n<td style=\"font-style: inherit; font-weight: inherit;\" width=\"129\"><span style=\"font-style: inherit; font-weight: inherit;\">20 um<\/span><\/td>\n<td style=\"font-style: inherit; font-weight: inherit;\" width=\"131\"><span style=\"font-style: inherit; font-weight: inherit;\">20 um<\/span><\/td>\n<td style=\"font-style: inherit; font-weight: inherit;\" width=\"139\"><span style=\"font-style: inherit; font-weight: inherit;\">60 um\/20 um<\/span><\/td>\n<td style=\"font-style: inherit; font-weight: inherit;\" width=\"163\"><span style=\"font-style: inherit; font-weight: inherit;\">20 um<\/span><\/td>\n<\/tr>\n<tr>\n<td style=\"font-style: inherit; font-weight: inherit;\" width=\"165\"><span style=\"font-style: inherit; font-weight: inherit;\">Elevaci\u00f3n del di\u00e1metro exterior de la tuber\u00eda<\/span><\/td>\n<td style=\"font-style: inherit; font-weight: inherit;\" width=\"128\"><span style=\"font-style: inherit; font-weight: inherit;\">Hasta 2000 mm<\/span><\/td>\n<td style=\"font-style: inherit; font-weight: inherit;\" width=\"129\"><span style=\"font-style: inherit; font-weight: inherit;\">Hasta 2500 mm<\/span><\/td>\n<td style=\"font-style: inherit; font-weight: inherit;\" width=\"131\"><span style=\"font-style: inherit; font-weight: inherit;\">Hasta 4200 mm<\/span><\/td>\n<td style=\"font-style: inherit; font-weight: inherit;\" width=\"139\"><span style=\"font-style: inherit; font-weight: inherit;\">Hasta 1200 mm<\/span><\/td>\n<td style=\"font-style: inherit; font-weight: inherit;\" width=\"163\"><span style=\"font-style: inherit; font-weight: inherit;\">Hasta 1500 mm<\/span><\/td>\n<\/tr>\n<tr>\n<td style=\"font-style: inherit; font-weight: inherit;\" width=\"165\"><span style=\"font-style: inherit; font-weight: inherit;\">Observaci\u00f3n<\/span><\/td>\n<td style=\"font-style: inherit; font-weight: inherit;\" colspan=\"5\" width=\"692\"><b><strong style=\"font-style: inherit;\"><span style=\"font-style: inherit; font-weight: inherit;\">ABSP500-20:\u00a0<\/span><\/strong><\/b><span style=\"font-style: inherit; font-weight: inherit;\">Para el proyecto de tunelaje con capacidad de tratamiento superior a 500 m\u00b3\/h la planta de separaci\u00f3n modular mencionada anteriormente se puede optimizar mediante combinaci\u00f3n.<\/span><\/td>\n<\/tr>\n<\/tbody>\n<\/table>","protected":false},"excerpt":{"rendered":"<p>Modelo ABSO250-20 ABSP400-20 ABSP500-20 ABSP50-60 ABSP180-20 Capacidad de tratamiento 180-250 m\u00b3\/h 250-400 m\u00b3\/h 400-500 m\u00b3\/h 50-140 m\u00b3\/h 150-180 m\u00b3\/h Efecto de separaci\u00f3n 20 um 20 um 20 um 60 um\/20 um 20 um Elevaci\u00f3n de tuber\u00eda OD Hasta 2000 mm Hasta 2500 mm Hasta 4200 mm Hasta 1200 mm Hasta 1500 mm Observaci\u00f3n ABSP500-20: Para el proyecto de tunelaje con capacidad de tratamiento superior a 500 m\u00b3\/h, la planta de separaci\u00f3n modular anterior se puede optimizar mediante combinaci\u00f3n.<\/p>","protected":false},"featured_media":1445,"comment_status":"open","ping_status":"closed","template":"","meta":{"_seopress_robots_primary_cat":"","_seopress_titles_title":"","_seopress_titles_desc":"","_seopress_robots_index":""},"product_brand":[],"product_cat":[62],"product_tag":[],"class_list":{"0":"post-1444","1":"product","2":"type-product","3":"status-publish","4":"has-post-thumbnail","6":"product_cat-slurry-treatment-plant","8":"first","9":"instock","10":"shipping-taxable","11":"product-type-simple"},"yoast_head":"<!-- This site is optimized with the Yoast SEO plugin v27.4 - https:\/\/yoast.com\/product\/yoast-seo-wordpress\/ -->\n<title>Slurry treatment plant - Solids Control World<\/title>\n<meta name=\"robots\" content=\"index, follow, max-snippet:-1, max-image-preview:large, max-video-preview:-1\" \/>\n<link rel=\"canonical\" href=\"https:\/\/solidscontrolworld.com\/es\/product\/planta-de-tratamiento-de-lodos\/\" \/>\n<meta property=\"og:locale\" content=\"es_MX\" \/>\n<meta property=\"og:type\" content=\"article\" \/>\n<meta property=\"og:title\" content=\"Slurry treatment plant - Solids Control World\" \/>\n<meta property=\"og:description\" content=\"Model ABSO250-20 ABSP400-20 ABSP500-20 ABSP50-60 ABSP180-20 Treatment\u00a0Capacity 180-250m\u00b3\/h 250-400m\u00b3\/h 400-500m\u00b3\/h 50-140m\u00b3\/h 150-180m\u00b3\/h Separation\u00a0Effect 20um 20um 20um 60um\/20um 20um Jacking\u00a0Up\u00a0Pipe\u00a0OD Up\u00a0to\u00a02000mm Up\u00a0to\u00a02500mm Up\u00a0to\u00a04200mm Up\u00a0to\u00a01200mm Up\u00a0to\u00a01500mm Remark ABSP500-20:\u00a0For the tunneling project with treatment capacity above 500m\u00b3\/h the above modular separation plant can be optimized by combination.\" \/>\n<meta property=\"og:url\" content=\"https:\/\/solidscontrolworld.com\/es\/product\/planta-de-tratamiento-de-lodos\/\" \/>\n<meta property=\"og:site_name\" content=\"Solids Control World\" \/>\n<meta property=\"article:modified_time\" content=\"2022-05-08T06:25:38+00:00\" \/>\n<meta property=\"og:image\" content=\"https:\/\/solidscontrolworld.com\/wp-content\/uploads\/2021\/05\/\u5fae\u4fe1\u56fe\u7247_20201012164021-300x251-2.png\" \/>\n\t<meta property=\"og:image:width\" content=\"300\" \/>\n\t<meta property=\"og:image:height\" content=\"251\" \/>\n\t<meta property=\"og:image:type\" content=\"image\/png\" \/>\n<meta name=\"twitter:card\" content=\"summary_large_image\" \/>\n<!-- \/ Yoast SEO plugin. -->","yoast_head_json":{"title":"Planta de tratamiento de lodos - Solids Control World","robots":{"index":"index","follow":"follow","max-snippet":"max-snippet:-1","max-image-preview":"max-image-preview:large","max-video-preview":"max-video-preview:-1"},"canonical":"https:\/\/solidscontrolworld.com\/es\/product\/planta-de-tratamiento-de-lodos\/","og_locale":"es_MX","og_type":"article","og_title":"Slurry treatment plant - Solids Control World","og_description":"Model ABSO250-20 ABSP400-20 ABSP500-20 ABSP50-60 ABSP180-20 Treatment\u00a0Capacity 180-250m\u00b3\/h 250-400m\u00b3\/h 400-500m\u00b3\/h 50-140m\u00b3\/h 150-180m\u00b3\/h Separation\u00a0Effect 20um 20um 20um 60um\/20um 20um Jacking\u00a0Up\u00a0Pipe\u00a0OD Up\u00a0to\u00a02000mm Up\u00a0to\u00a02500mm Up\u00a0to\u00a04200mm Up\u00a0to\u00a01200mm Up\u00a0to\u00a01500mm Remark ABSP500-20:\u00a0For the tunneling project with treatment capacity above 500m\u00b3\/h the above modular separation plant can be optimized by combination.","og_url":"https:\/\/solidscontrolworld.com\/es\/product\/planta-de-tratamiento-de-lodos\/","og_site_name":"Solids Control World","article_modified_time":"2022-05-08T06:25:38+00:00","og_image":[{"width":300,"height":251,"url":"https:\/\/solidscontrolworld.com\/wp-content\/uploads\/2021\/05\/\u5fae\u4fe1\u56fe\u7247_20201012164021-300x251-2.png","type":"image\/png"}],"twitter_card":"summary_large_image","schema":{"@context":"https:\/\/schema.org","@graph":[{"@type":"WebPage","@id":"https:\/\/solidscontrolworld.com\/product\/slurry-treatment-plant\/","url":"https:\/\/solidscontrolworld.com\/product\/slurry-treatment-plant\/","name":"Planta de tratamiento de lodos - Solids Control World","isPartOf":{"@id":"https:\/\/solidscontrolworld.com\/#website"},"primaryImageOfPage":{"@id":"https:\/\/solidscontrolworld.com\/product\/slurry-treatment-plant\/#primaryimage"},"image":{"@id":"https:\/\/solidscontrolworld.com\/product\/slurry-treatment-plant\/#primaryimage"},"thumbnailUrl":"https:\/\/solidscontrolworld.com\/wp-content\/uploads\/2021\/05\/\u5fae\u4fe1\u56fe\u7247_20201012164021-300x251-2.png","datePublished":"2021-05-05T15:11:43+00:00","dateModified":"2022-05-08T06:25:38+00:00","breadcrumb":{"@id":"https:\/\/solidscontrolworld.com\/product\/slurry-treatment-plant\/#breadcrumb"},"inLanguage":"es","potentialAction":[{"@type":"ReadAction","target":["https:\/\/solidscontrolworld.com\/product\/slurry-treatment-plant\/"]}]},{"@type":"ImageObject","inLanguage":"es","@id":"https:\/\/solidscontrolworld.com\/product\/slurry-treatment-plant\/#primaryimage","url":"https:\/\/solidscontrolworld.com\/wp-content\/uploads\/2021\/05\/\u5fae\u4fe1\u56fe\u7247_20201012164021-300x251-2.png","contentUrl":"https:\/\/solidscontrolworld.com\/wp-content\/uploads\/2021\/05\/\u5fae\u4fe1\u56fe\u7247_20201012164021-300x251-2.png","width":300,"height":251},{"@type":"BreadcrumbList","@id":"https:\/\/solidscontrolworld.com\/product\/slurry-treatment-plant\/#breadcrumb","itemListElement":[{"@type":"ListItem","position":1,"name":"Home","item":"https:\/\/solidscontrolworld.com\/"},{"@type":"ListItem","position":2,"name":"Products","item":"https:\/\/solidscontrolworld.com\/shop\/"},{"@type":"ListItem","position":3,"name":"Slurry treatment plant"}]},{"@type":"WebSite","@id":"https:\/\/solidscontrolworld.com\/#website","url":"https:\/\/solidscontrolworld.com\/","name":"Mundo de control de s\u00f3lidos","description":"","publisher":{"@id":"https:\/\/solidscontrolworld.com\/#\/schema\/person\/2c126362537c0f0e6d4a8dfba9fc68b0"},"potentialAction":[{"@type":"SearchAction","target":{"@type":"EntryPoint","urlTemplate":"https:\/\/solidscontrolworld.com\/?s={search_term_string}"},"query-input":{"@type":"PropertyValueSpecification","valueRequired":true,"valueName":"search_term_string"}}],"inLanguage":"es"},{"@type":["Person","Organization"],"@id":"https:\/\/solidscontrolworld.com\/#\/schema\/person\/2c126362537c0f0e6d4a8dfba9fc68b0","name":"mundodecontroldes\u00f3lidos","logo":{"@id":"https:\/\/solidscontrolworld.com\/#\/schema\/person\/image\/"},"sameAs":["https:\/\/solidscontrolworld.com"]}]}},"_links":{"self":[{"href":"https:\/\/solidscontrolworld.com\/es\/wp-json\/wp\/v2\/product\/1444","targetHints":{"allow":["GET"]}}],"collection":[{"href":"https:\/\/solidscontrolworld.com\/es\/wp-json\/wp\/v2\/product"}],"about":[{"href":"https:\/\/solidscontrolworld.com\/es\/wp-json\/wp\/v2\/types\/product"}],"replies":[{"embeddable":true,"href":"https:\/\/solidscontrolworld.com\/es\/wp-json\/wp\/v2\/comments?post=1444"}],"version-history":[{"count":0,"href":"https:\/\/solidscontrolworld.com\/es\/wp-json\/wp\/v2\/product\/1444\/revisions"}],"wp:featuredmedia":[{"embeddable":true,"href":"https:\/\/solidscontrolworld.com\/es\/wp-json\/wp\/v2\/media\/1445"}],"wp:attachment":[{"href":"https:\/\/solidscontrolworld.com\/es\/wp-json\/wp\/v2\/media?parent=1444"}],"wp:term":[{"taxonomy":"product_brand","embeddable":true,"href":"https:\/\/solidscontrolworld.com\/es\/wp-json\/wp\/v2\/product_brand?post=1444"},{"taxonomy":"product_cat","embeddable":true,"href":"https:\/\/solidscontrolworld.com\/es\/wp-json\/wp\/v2\/product_cat?post=1444"},{"taxonomy":"product_tag","embeddable":true,"href":"https:\/\/solidscontrolworld.com\/es\/wp-json\/wp\/v2\/product_tag?post=1444"}],"curies":[{"name":"wp","href":"https:\/\/api.w.org\/{rel}","templated":true}]}}