{"id":11858,"date":"2025-04-09T01:45:09","date_gmt":"2025-04-09T01:45:09","guid":{"rendered":"https:\/\/solidscontrolworld.com\/?page_id=11858"},"modified":"2025-06-18T04:45:41","modified_gmt":"2025-06-18T04:45:41","slug":"tanque-de-feno","status":"publish","type":"page","link":"https:\/\/solidscontrolworld.com\/pt\/tanque-de-feno\/","title":{"rendered":"Tanque de feno"},"content":{"rendered":"<div data-elementor-type=\"wp-page\" data-elementor-id=\"11858\" class=\"elementor elementor-11858\">\n\t\t\t\t\t\t<section class=\"elementor-section elementor-top-section elementor-element elementor-element-45cd04f elementor-section-full_width elementor-section-height-min-height elementor-section-stretched elementor-section-height-default elementor-section-items-middle\" data-id=\"45cd04f\" data-element_type=\"section\" data-settings=\"{&quot;stretch_section&quot;:&quot;section-stretched&quot;,&quot;background_background&quot;:&quot;classic&quot;}\">\n\t\t\t\t\t\t\t<div class=\"elementor-background-overlay\"><\/div>\n\t\t\t\t\t\t\t<div class=\"elementor-container elementor-column-gap-default\">\n\t\t\t\t\t<div class=\"elementor-column elementor-col-100 elementor-top-column elementor-element elementor-element-32ee566\" data-id=\"32ee566\" data-element_type=\"column\">\n\t\t\t<div class=\"elementor-widget-wrap elementor-element-populated\">\n\t\t\t\t\t\t\t<\/div>\n\t\t<\/div>\n\t\t\t\t\t<\/div>\n\t\t<\/section>\n\t\t\t\t<section class=\"elementor-section elementor-top-section elementor-element elementor-element-39ea04e elementor-section-boxed elementor-section-height-default elementor-section-height-default\" data-id=\"39ea04e\" data-element_type=\"section\">\n\t\t\t\t\t\t<div class=\"elementor-container elementor-column-gap-default\">\n\t\t\t\t\t<div class=\"elementor-column elementor-col-33 elementor-top-column elementor-element elementor-element-d40ad06\" data-id=\"d40ad06\" data-element_type=\"column\">\n\t\t\t<div class=\"elementor-widget-wrap elementor-element-populated\">\n\t\t\t\t\t\t<div class=\"elementor-element elementor-element-7565a73 elementor-widget elementor-widget-image\" data-id=\"7565a73\" data-element_type=\"widget\" data-widget_type=\"image.default\">\n\t\t\t\t<div class=\"elementor-widget-container\">\n\t\t\t\t\t\t\t\t\t\t\t\t\t\t\t<img fetchpriority=\"high\" decoding=\"async\" width=\"900\" height=\"790\" src=\"https:\/\/solidscontrolworld.com\/wp-content\/uploads\/2025\/04\/\u9ad8\u67b6\u7f502.png\" class=\"attachment-2048x2048 size-2048x2048 wp-image-11833\" alt=\"\" srcset=\"https:\/\/solidscontrolworld.com\/wp-content\/uploads\/2025\/04\/\u9ad8\u67b6\u7f502.png 900w, https:\/\/solidscontrolworld.com\/wp-content\/uploads\/2025\/04\/\u9ad8\u67b6\u7f502-300x263.png 300w, https:\/\/solidscontrolworld.com\/wp-content\/uploads\/2025\/04\/\u9ad8\u67b6\u7f502-768x674.png 768w, https:\/\/solidscontrolworld.com\/wp-content\/uploads\/2025\/04\/\u9ad8\u67b6\u7f502-600x527.png 600w\" sizes=\"(max-width: 900px) 100vw, 900px\" \/>\t\t\t\t\t\t\t\t\t\t\t\t\t\t\t<\/div>\n\t\t\t\t<\/div>\n\t\t\t\t<div class=\"elementor-element elementor-element-467b6eb elementor-arrows-position-inside elementor-pagination-position-outside elementor-widget elementor-widget-image-carousel\" data-id=\"467b6eb\" data-element_type=\"widget\" data-settings=\"{&quot;navigation&quot;:&quot;both&quot;,&quot;autoplay&quot;:&quot;yes&quot;,&quot;pause_on_hover&quot;:&quot;yes&quot;,&quot;pause_on_interaction&quot;:&quot;yes&quot;,&quot;autoplay_speed&quot;:5000,&quot;infinite&quot;:&quot;yes&quot;,&quot;speed&quot;:500}\" data-widget_type=\"image-carousel.default\">\n\t\t\t\t<div class=\"elementor-widget-container\">\n\t\t\t\t\t\t\t<div class=\"elementor-image-carousel-wrapper swiper\" role=\"region\" aria-roledescription=\"carousel\" aria-label=\"Carrossel de imagens\" dir=\"ltr\">\n\t\t\t<div class=\"elementor-image-carousel swiper-wrapper\" aria-live=\"off\">\n\t\t\t\t\t\t\t\t<div class=\"swiper-slide\" role=\"group\" aria-roledescription=\"slide\" aria-label=\"1 de 3\"><a data-elementor-open-lightbox=\"yes\" data-elementor-lightbox-slideshow=\"467b6eb\" data-elementor-lightbox-title=\"\u9ad8\u67b6\u7f50\" data-e-action-hash=\"#elementor-action%3Aaction%3Dlightbox%26settings%3DeyJpZCI6MTE5NDIsInVybCI6Imh0dHBzOlwvXC9zb2xpZHNjb250cm9sd29ybGQuY29tXC93cC1jb250ZW50XC91cGxvYWRzXC8yMDI1XC8wNFwvXHU5YWQ4XHU2N2I2XHU3ZjUwLndlYnAiLCJzbGlkZXNob3ciOiI0NjdiNmViIn0%3D\" href=\"https:\/\/solidscontrolworld.com\/wp-content\/uploads\/2025\/04\/\u9ad8\u67b6\u7f50.webp\"><figure class=\"swiper-slide-inner\"><img decoding=\"async\" class=\"swiper-slide-image\" src=\"https:\/\/solidscontrolworld.com\/wp-content\/uploads\/2025\/04\/\u9ad8\u67b6\u7f50-150x150.webp\" alt=\"\u9ad8\u67b6\u7f50\" \/><\/figure><\/a><\/div><div class=\"swiper-slide\" role=\"group\" aria-roledescription=\"slide\" aria-label=\"2 de 3\"><a data-elementor-open-lightbox=\"yes\" data-elementor-lightbox-slideshow=\"467b6eb\" data-elementor-lightbox-title=\"\u9ad8\u67b6\u7f503\" data-e-action-hash=\"#elementor-action%3Aaction%3Dlightbox%26settings%3DeyJpZCI6MTE5NDUsInVybCI6Imh0dHBzOlwvXC9zb2xpZHNjb250cm9sd29ybGQuY29tXC93cC1jb250ZW50XC91cGxvYWRzXC8yMDI1XC8wNFwvXHU5YWQ4XHU2N2I2XHU3ZjUwMy0xLnBuZyIsInNsaWRlc2hvdyI6IjQ2N2I2ZWIifQ%3D%3D\" href=\"https:\/\/solidscontrolworld.com\/wp-content\/uploads\/2025\/04\/\u9ad8\u67b6\u7f503-1.png\"><figure class=\"swiper-slide-inner\"><img decoding=\"async\" class=\"swiper-slide-image\" src=\"https:\/\/solidscontrolworld.com\/wp-content\/uploads\/2025\/04\/\u9ad8\u67b6\u7f503-1-150x150.png\" alt=\"\u9ad8\u67b6\u7f503\" \/><\/figure><\/a><\/div><div class=\"swiper-slide\" role=\"group\" aria-roledescription=\"slide\" aria-label=\"3 de 3\"><a data-elementor-open-lightbox=\"yes\" data-elementor-lightbox-slideshow=\"467b6eb\" data-elementor-lightbox-title=\"\u9ad8\u67b6\u7f504\" data-e-action-hash=\"#elementor-action%3Aaction%3Dlightbox%26settings%3DeyJpZCI6MTE5NDYsInVybCI6Imh0dHBzOlwvXC9zb2xpZHNjb250cm9sd29ybGQuY29tXC93cC1jb250ZW50XC91cGxvYWRzXC8yMDI1XC8wNFwvXHU5YWQ4XHU2N2I2XHU3ZjUwNC5wbmciLCJzbGlkZXNob3ciOiI0NjdiNmViIn0%3D\" href=\"https:\/\/solidscontrolworld.com\/wp-content\/uploads\/2025\/04\/\u9ad8\u67b6\u7f504.png\"><figure class=\"swiper-slide-inner\"><img decoding=\"async\" class=\"swiper-slide-image\" src=\"https:\/\/solidscontrolworld.com\/wp-content\/uploads\/2025\/04\/\u9ad8\u67b6\u7f504-150x150.png\" alt=\"\u9ad8\u67b6\u7f504\" \/><\/figure><\/a><\/div>\t\t\t<\/div>\n\t\t\t\t\t\t\t\t\t\t\t\t<div class=\"elementor-swiper-button elementor-swiper-button-prev\" role=\"button\" tabindex=\"0\">\n\t\t\t\t\t\t<i aria-hidden=\"true\" class=\"eicon-chevron-left\"><\/i>\t\t\t\t\t<\/div>\n\t\t\t\t\t<div class=\"elementor-swiper-button elementor-swiper-button-next\" role=\"button\" tabindex=\"0\">\n\t\t\t\t\t\t<i aria-hidden=\"true\" class=\"eicon-chevron-right\"><\/i>\t\t\t\t\t<\/div>\n\t\t\t\t\n\t\t\t\t\t\t\t\t\t<div class=\"swiper-pagination\"><\/div>\n\t\t\t\t\t\t\t\t\t<\/div>\n\t\t\t\t\t\t<\/div>\n\t\t\t\t<\/div>\n\t\t\t\t\t<\/div>\n\t\t<\/div>\n\t\t\t\t<div class=\"elementor-column elementor-col-33 elementor-top-column elementor-element elementor-element-c64bf68\" data-id=\"c64bf68\" data-element_type=\"column\">\n\t\t\t<div class=\"elementor-widget-wrap elementor-element-populated\">\n\t\t\t\t\t\t<div class=\"elementor-element elementor-element-4e46b27 elementor-widget elementor-widget-text-editor\" data-id=\"4e46b27\" data-element_type=\"widget\" data-widget_type=\"text-editor.default\">\n\t\t\t\t<div class=\"elementor-widget-container\">\n\t\t\t\t\t\t\t\t\t<p>Tanques de feno s\u00e3o um tipo de cont\u00eainer de armazenamento montado em local elevado, com ampla aplica\u00e7\u00e3o nas \u00e1reas de petr\u00f3leo, qu\u00edmica, agricultura, entre outras. Geralmente cil\u00edndricos, feitos de materiais met\u00e1licos como a\u00e7o carbono ou a\u00e7o inoxid\u00e1vel, apresentam certo grau de resist\u00eancia e resist\u00eancia \u00e0 corros\u00e3o, al\u00e9m de uma estrutura de suporte para sustentar o tanque a uma determinada altura. A gravidade atua para que o material armazenado, sob a a\u00e7\u00e3o da energia potencial gravitacional da for\u00e7a motriz, possa fluir automaticamente para o local onde for necess\u00e1rio.<\/p>\t\t\t\t\t\t\t\t<\/div>\n\t\t\t\t<\/div>\n\t\t\t\t<div class=\"elementor-element elementor-element-d06c101 elementor-widget elementor-widget-text-editor\" data-id=\"d06c101\" data-element_type=\"widget\" data-widget_type=\"text-editor.default\">\n\t\t\t\t<div class=\"elementor-widget-container\">\n\t\t\t\t\t\t\t\t\t<p><span style=\"color: #000000;\">Categoria:\u00a0<a style=\"color: #000000;\" href=\"https:\/\/solidscontrolworld.com\/pt\/equipamentos-de-controle-de-solidos\/\" rel=\"tag\">Controle de S\u00f3lidos<\/a><\/span><\/p>\t\t\t\t\t\t\t\t<\/div>\n\t\t\t\t<\/div>\n\t\t\t\t\t<\/div>\n\t\t<\/div>\n\t\t\t\t<div class=\"elementor-column elementor-col-33 elementor-top-column elementor-element elementor-element-b89b23f\" data-id=\"b89b23f\" data-element_type=\"column\">\n\t\t\t<div class=\"elementor-widget-wrap elementor-element-populated\">\n\t\t\t\t\t\t<div class=\"elementor-element elementor-element-3134588 elementor-icon-list--layout-traditional elementor-list-item-link-full_width elementor-widget elementor-widget-icon-list\" data-id=\"3134588\" data-element_type=\"widget\" data-widget_type=\"icon-list.default\">\n\t\t\t\t<div class=\"elementor-widget-container\">\n\t\t\t\t\t\t\t<ul class=\"elementor-icon-list-items\">\n\t\t\t\t\t\t\t<li class=\"elementor-icon-list-item\">\n\t\t\t\t\t\t\t\t\t\t\t<span class=\"elementor-icon-list-icon\">\n\t\t\t\t\t\t\t<i aria-hidden=\"true\" class=\"fas fa-envelope-open\"><\/i>\t\t\t\t\t\t<\/span>\n\t\t\t\t\t\t\t\t\t\t<span class=\"elementor-icon-list-text\">info@solidscontrolworld.com<\/span>\n\t\t\t\t\t\t\t\t\t<\/li>\n\t\t\t\t\t\t\t\t<li class=\"elementor-icon-list-item\">\n\t\t\t\t\t\t\t\t\t\t\t<span class=\"elementor-icon-list-icon\">\n\t\t\t\t\t\t\t<i aria-hidden=\"true\" class=\"fas fa-phone-volume\"><\/i>\t\t\t\t\t\t<\/span>\n\t\t\t\t\t\t\t\t\t\t<span class=\"elementor-icon-list-text\">+8613784677772<\/span>\n\t\t\t\t\t\t\t\t\t<\/li>\n\t\t\t\t\t\t\t\t<li class=\"elementor-icon-list-item\">\n\t\t\t\t\t\t\t\t\t\t\t<span class=\"elementor-icon-list-icon\">\n\t\t\t\t\t\t\t<i aria-hidden=\"true\" class=\"fas fa-fax\"><\/i>\t\t\t\t\t\t<\/span>\n\t\t\t\t\t\t\t\t\t\t<span class=\"elementor-icon-list-text\">86-315-7651760<\/span>\n\t\t\t\t\t\t\t\t\t<\/li>\n\t\t\t\t\t\t<\/ul>\n\t\t\t\t\t\t<\/div>\n\t\t\t\t<\/div>\n\t\t\t\t\t<\/div>\n\t\t<\/div>\n\t\t\t\t\t<\/div>\n\t\t<\/section>\n\t\t\t\t<section class=\"elementor-section elementor-top-section elementor-element elementor-element-f20b400 elementor-section-boxed elementor-section-height-default elementor-section-height-default\" data-id=\"f20b400\" data-element_type=\"section\">\n\t\t\t\t\t\t<div class=\"elementor-container elementor-column-gap-default\">\n\t\t\t\t\t<div class=\"elementor-column elementor-col-50 elementor-top-column elementor-element elementor-element-ac4fe92\" data-id=\"ac4fe92\" data-element_type=\"column\">\n\t\t\t<div class=\"elementor-widget-wrap elementor-element-populated\">\n\t\t\t\t\t\t<div class=\"elementor-element elementor-element-6952317 elementor-widget elementor-widget-text-editor\" data-id=\"6952317\" data-element_type=\"widget\" data-widget_type=\"text-editor.default\">\n\t\t\t\t<div class=\"elementor-widget-container\">\n\t\t\t\t\t\t\t\t\t<p><span style=\"color: #000000;\">Caracter\u00edsticas t\u00e9cnicas<\/span><\/p><ul><li><span style=\"color: #000000;\">O tanque de feno \u00e9 capaz de utilizar a gravidade para realizar o autofluxo de subst\u00e2ncias, reduzindo a depend\u00eancia de bombas e outros equipamentos el\u00e9tricos no processo de transporte, melhorando a efici\u00eancia do transporte e reduzindo o consumo de energia e os custos operacionais.<\/span><\/li><li><span style=\"color: #000000;\">Como o tanque \u00e9 instalado em um local alto, ele \u00e9 favor\u00e1vel \u00e0 sedimenta\u00e7\u00e3o e separa\u00e7\u00e3o natural de subst\u00e2ncias, o que \u00e9 conveniente para a separa\u00e7\u00e3o e tratamento subsequentes.<\/span><\/li><li><span style=\"color: #000000;\">O layout do tanque de feno \u00e9 relativamente flex\u00edvel e pode ser configurado de acordo com a situa\u00e7\u00e3o real no local para se adaptar a diferentes processos e requisitos do local.<\/span><\/li><\/ul><p><span style=\"color: #000000;\">Os tanques de feno s\u00e3o amplamente utilizados na ind\u00fastria petroqu\u00edmica, no campo de irriga\u00e7\u00e3o agr\u00edcola e no campo da constru\u00e7\u00e3o civil (podem armazenar concreto, argamassa e outros materiais de constru\u00e7\u00e3o), etc.<\/span><\/p>\t\t\t\t\t\t\t\t<\/div>\n\t\t\t\t<\/div>\n\t\t\t\t\t<\/div>\n\t\t<\/div>\n\t\t\t\t<div class=\"elementor-column elementor-col-50 elementor-top-column elementor-element elementor-element-cfaed3b\" data-id=\"cfaed3b\" data-element_type=\"column\">\n\t\t\t<div class=\"elementor-widget-wrap elementor-element-populated\">\n\t\t\t\t\t\t<div class=\"elementor-element elementor-element-92865e8 elementor-align-left elementor-icon-list--layout-traditional elementor-list-item-link-full_width elementor-widget elementor-widget-icon-list\" data-id=\"92865e8\" data-element_type=\"widget\" data-widget_type=\"icon-list.default\">\n\t\t\t\t<div class=\"elementor-widget-container\">\n\t\t\t\t\t\t\t<ul class=\"elementor-icon-list-items\">\n\t\t\t\t\t\t\t<li class=\"elementor-icon-list-item\">\n\t\t\t\t\t\t\t\t\t\t\t<span class=\"elementor-icon-list-icon\">\n\t\t\t\t\t\t\t<i aria-hidden=\"true\" class=\"fas fa-location-arrow\"><\/i>\t\t\t\t\t\t<\/span>\n\t\t\t\t\t\t\t\t\t\t<span class=\"elementor-icon-list-text\">Sala 1924, Bloco D, Pra\u00e7a Wanda, cidade de Tangshan, China.<\/span>\n\t\t\t\t\t\t\t\t\t<\/li>\n\t\t\t\t\t\t\t\t<li class=\"elementor-icon-list-item\">\n\t\t\t\t\t\t\t\t\t\t\t<span class=\"elementor-icon-list-icon\">\n\t\t\t\t\t\t\t<i aria-hidden=\"true\" class=\"fas fa-business-time\"><\/i>\t\t\t\t\t\t<\/span>\n\t\t\t\t\t\t\t\t\t\t<span class=\"elementor-icon-list-text\">Seg-Sex: 8:00-17:30<\/span>\n\t\t\t\t\t\t\t\t\t<\/li>\n\t\t\t\t\t\t<\/ul>\n\t\t\t\t\t\t<\/div>\n\t\t\t\t<\/div>\n\t\t\t\t<div class=\"elementor-element elementor-element-01aa091 elementor-share-buttons--view-icon elementor-share-buttons--skin-minimal elementor-share-buttons--shape-rounded elementor-share-buttons--align-left elementor-grid-0 elementor-share-buttons--color-official elementor-widget elementor-widget-share-buttons\" data-id=\"01aa091\" data-element_type=\"widget\" data-widget_type=\"share-buttons.default\">\n\t\t\t\t<div class=\"elementor-widget-container\">\n\t\t\t\t\t\t\t<div class=\"elementor-grid\">\n\t\t\t\t\t\t\t\t<div class=\"elementor-grid-item\">\n\t\t\t\t\t\t<div\n\t\t\t\t\t\t\tclass=\"elementor-share-btn elementor-share-btn_facebook\"\n\t\t\t\t\t\t\trole=\"button\"\n\t\t\t\t\t\t\ttabindex=\"0\"\n\t\t\t\t\t\t\taria-label=\"Compartilhe no Facebook\"\n\t\t\t\t\t\t>\n\t\t\t\t\t\t\t\t\t\t\t\t\t\t\t<span class=\"elementor-share-btn__icon\">\n\t\t\t\t\t\t\t\t<i class=\"fab fa-facebook\" aria-hidden=\"true\"><\/i>\t\t\t\t\t\t\t<\/span>\n\t\t\t\t\t\t\t\t\t\t\t\t\t\t\t\t\t\t\t\t<\/div>\n\t\t\t\t\t<\/div>\n\t\t\t\t\t\t\t\t\t<div class=\"elementor-grid-item\">\n\t\t\t\t\t\t<div\n\t\t\t\t\t\t\tclass=\"elementor-share-btn elementor-share-btn_twitter\"\n\t\t\t\t\t\t\trole=\"button\"\n\t\t\t\t\t\t\ttabindex=\"0\"\n\t\t\t\t\t\t\taria-label=\"Compartilhe no Twitter\"\n\t\t\t\t\t\t>\n\t\t\t\t\t\t\t\t\t\t\t\t\t\t\t<span class=\"elementor-share-btn__icon\">\n\t\t\t\t\t\t\t\t<i class=\"fab fa-twitter\" aria-hidden=\"true\"><\/i>\t\t\t\t\t\t\t<\/span>\n\t\t\t\t\t\t\t\t\t\t\t\t\t\t\t\t\t\t\t\t<\/div>\n\t\t\t\t\t<\/div>\n\t\t\t\t\t\t\t\t\t<div class=\"elementor-grid-item\">\n\t\t\t\t\t\t<div\n\t\t\t\t\t\t\tclass=\"elementor-share-btn elementor-share-btn_linkedin\"\n\t\t\t\t\t\t\trole=\"button\"\n\t\t\t\t\t\t\ttabindex=\"0\"\n\t\t\t\t\t\t\taria-label=\"Compartilhe no LinkedIn\"\n\t\t\t\t\t\t>\n\t\t\t\t\t\t\t\t\t\t\t\t\t\t\t<span class=\"elementor-share-btn__icon\">\n\t\t\t\t\t\t\t\t<i class=\"fab fa-linkedin\" aria-hidden=\"true\"><\/i>\t\t\t\t\t\t\t<\/span>\n\t\t\t\t\t\t\t\t\t\t\t\t\t\t\t\t\t\t\t\t<\/div>\n\t\t\t\t\t<\/div>\n\t\t\t\t\t\t<\/div>\n\t\t\t\t\t\t<\/div>\n\t\t\t\t<\/div>\n\t\t\t\t\t<\/div>\n\t\t<\/div>\n\t\t\t\t\t<\/div>\n\t\t<\/section>\n\t\t\t\t<section class=\"elementor-section elementor-top-section elementor-element elementor-element-7c9ddbe elementor-section-boxed elementor-section-height-default elementor-section-height-default\" data-id=\"7c9ddbe\" data-element_type=\"section\">\n\t\t\t\t\t\t<div class=\"elementor-container elementor-column-gap-default\">\n\t\t\t\t\t<div class=\"elementor-column elementor-col-100 elementor-top-column elementor-element elementor-element-30c78e6\" data-id=\"30c78e6\" data-element_type=\"column\">\n\t\t\t<div class=\"elementor-widget-wrap\">\n\t\t\t\t\t\t\t<\/div>\n\t\t<\/div>\n\t\t\t\t\t<\/div>\n\t\t<\/section>\n\t\t\t\t<section class=\"elementor-section elementor-top-section elementor-element elementor-element-99c8c3f elementor-section-boxed elementor-section-height-default elementor-section-height-default\" data-id=\"99c8c3f\" data-element_type=\"section\">\n\t\t\t\t\t\t<div class=\"elementor-container elementor-column-gap-default\">\n\t\t\t\t\t<div class=\"elementor-column elementor-col-100 elementor-top-column elementor-element elementor-element-a794bf2\" data-id=\"a794bf2\" data-element_type=\"column\">\n\t\t\t<div class=\"elementor-widget-wrap elementor-element-populated\">\n\t\t\t\t\t\t<div class=\"elementor-element elementor-element-5ea804c elementor-widget elementor-widget-text-editor\" data-id=\"5ea804c\" data-element_type=\"widget\" data-widget_type=\"text-editor.default\">\n\t\t\t\t<div class=\"elementor-widget-container\">\n\t\t\t\t\t\t\t\t\t<table style=\"border-collapse: collapse; width: 645px; height: 125px;\" border=\"0\" width=\"735\" cellspacing=\"0\" cellpadding=\"0\"><tbody><tr style=\"height: 25.00pt;\"><td class=\"et2\" style=\"height: 25pt; width: 243.75pt; text-align: center;\" width=\"325\" height=\"33\"><span style=\"color: #000000;\">Nome<\/span><\/td><td class=\"et2\" style=\"width: 153.75pt; text-align: center;\" width=\"205\"><span style=\"color: #000000;\">N\u00famero do modelo<\/span><\/td><td class=\"et2\" style=\"width: 153.75pt; text-align: center;\" width=\"205\"><span style=\"color: #000000;\">Volume (m\u00b3)<\/span><\/td><\/tr><tr style=\"height: 25.00pt;\"><td class=\"et2\" style=\"height: 25pt; text-align: center;\" height=\"33\"><span style=\"color: #000000;\">Tanque de diesel<\/span><\/td><td class=\"et2\" style=\"text-align: center;\"><span style=\"color: #000000;\">CYG<\/span><\/td><td class=\"et2\" style=\"text-align: center;\"><span style=\"color: #000000;\">20\/30\/40\/50<\/span><\/td><\/tr><tr style=\"height: 25.00pt;\"><td class=\"et2\" style=\"height: 25pt; text-align: center;\" height=\"33\"><span style=\"color: #000000;\">Tanque de gasolina<\/span><\/td><td class=\"et2\" style=\"text-align: center;\"><span style=\"color: #000000;\">QYG<\/span><\/td><td class=\"et2\" style=\"text-align: center;\"><span style=\"color: #000000;\">20\/40<\/span><\/td><\/tr><tr style=\"height: 25.00pt;\"><td class=\"et2\" style=\"height: 25pt; text-align: center;\" height=\"33\"><span style=\"color: #000000;\">Tanque de petr\u00f3leo<\/span><\/td><td class=\"et2\" style=\"text-align: center;\"><span style=\"color: #000000;\">CZG<\/span><\/td><td class=\"et2\" style=\"text-align: center;\"><span style=\"color: #000000;\">20\/40\/50<\/span><\/td><\/tr><tr style=\"height: 25.00pt;\"><td class=\"et2\" style=\"height: 25pt; text-align: center;\" height=\"33\"><span style=\"color: #000000;\">Tanque de feno<\/span><\/td><td class=\"et2\" style=\"text-align: center;\"><span style=\"color: #000000;\">GJG<\/span><\/td><td class=\"et2\" style=\"text-align: center;\"><span style=\"color: #000000;\">20+3\/20+4\/40+5<\/span><\/td><\/tr><\/tbody><\/table>\t\t\t\t\t\t\t\t<\/div>\n\t\t\t\t<\/div>\n\t\t\t\t\t<\/div>\n\t\t<\/div>\n\t\t\t\t\t<\/div>\n\t\t<\/section>\n\t\t\t\t<\/div>","protected":false},"excerpt":{"rendered":"<p>&nbsp; &nbsp; &nbsp; Tanques de feno s\u00e3o um tipo de cont\u00eainer de armazenamento montado em local elevado, com ampla gama de aplica\u00e7\u00f5es nas \u00e1reas de petr\u00f3leo, qu\u00edmica, agricultura, entre outras. Geralmente cil\u00edndricos, feitos de materiais met\u00e1licos como a\u00e7o carbono ou a\u00e7o inoxid\u00e1vel, [\u2026]<\/p>","protected":false},"author":1,"featured_media":0,"parent":0,"menu_order":0,"comment_status":"closed","ping_status":"closed","template":"","meta":{"_seopress_robots_primary_cat":"","_seopress_titles_title":"","_seopress_titles_desc":"","_seopress_robots_index":"","footnotes":""},"class_list":["post-11858","page","type-page","status-publish","hentry"],"yoast_head":"<!-- This site is optimized with the Yoast SEO plugin v25.1 - https:\/\/yoast.com\/wordpress\/plugins\/seo\/ -->\n<title>Hay Tanks for Efficient Fluid Storage | Solids Control World<\/title>\n<meta name=\"description\" content=\"Hay tanks designed by Solids Control World for reliable storage and handling of drilling fluids, enhancing operational efficiency and durability on site.\" \/>\n<meta name=\"robots\" content=\"index, follow, max-snippet:-1, max-image-preview:large, max-video-preview:-1\" \/>\n<link rel=\"canonical\" href=\"https:\/\/solidscontrolworld.com\/pt\/tanque-de-feno\/\" \/>\n<meta property=\"og:locale\" content=\"pt_BR\" \/>\n<meta property=\"og:type\" content=\"article\" \/>\n<meta property=\"og:title\" content=\"Hay Tanks for Efficient Fluid Storage | Solids Control World\" \/>\n<meta property=\"og:description\" content=\"Hay tanks designed by Solids Control World for reliable storage and handling of drilling fluids, enhancing operational efficiency and durability on site.\" \/>\n<meta property=\"og:url\" content=\"https:\/\/solidscontrolworld.com\/pt\/tanque-de-feno\/\" \/>\n<meta property=\"og:site_name\" content=\"Solids Control World\" \/>\n<meta property=\"article:modified_time\" content=\"2025-06-18T04:45:41+00:00\" \/>\n<meta name=\"twitter:card\" content=\"summary_large_image\" \/>\n<meta name=\"twitter:label1\" content=\"Est. tempo de leitura\" \/>\n\t<meta name=\"twitter:data1\" content=\"3 minutos\" \/>\n<!-- \/ Yoast SEO plugin. -->","yoast_head_json":{"title":"Tanques de Feno para Armazenamento Eficiente de Fluidos | Solids Control World","description":"Tanques de feno projetados pela Solids Control World para armazenamento e manuseio confi\u00e1veis de fluidos de perfura\u00e7\u00e3o, aumentando a efici\u00eancia operacional e a durabilidade no local.","robots":{"index":"index","follow":"follow","max-snippet":"max-snippet:-1","max-image-preview":"max-image-preview:large","max-video-preview":"max-video-preview:-1"},"canonical":"https:\/\/solidscontrolworld.com\/pt\/tanque-de-feno\/","og_locale":"pt_BR","og_type":"article","og_title":"Hay Tanks for Efficient Fluid Storage | Solids Control World","og_description":"Hay tanks designed by Solids Control World for reliable storage and handling of drilling fluids, enhancing operational efficiency and durability on site.","og_url":"https:\/\/solidscontrolworld.com\/pt\/tanque-de-feno\/","og_site_name":"Solids Control World","article_modified_time":"2025-06-18T04:45:41+00:00","twitter_card":"summary_large_image","twitter_misc":{"Est. tempo de leitura":"3 minutos"},"schema":{"@context":"https:\/\/schema.org","@graph":[{"@type":"WebPage","@id":"https:\/\/solidscontrolworld.com\/hay-tank\/","url":"https:\/\/solidscontrolworld.com\/hay-tank\/","name":"Tanques de Feno para Armazenamento Eficiente de Fluidos | Solids Control World","isPartOf":{"@id":"https:\/\/solidscontrolworld.com\/#website"},"datePublished":"2025-04-09T01:45:09+00:00","dateModified":"2025-06-18T04:45:41+00:00","description":"Tanques de feno projetados pela Solids Control World para armazenamento e manuseio confi\u00e1veis de fluidos de perfura\u00e7\u00e3o, aumentando a efici\u00eancia operacional e a durabilidade no local.","breadcrumb":{"@id":"https:\/\/solidscontrolworld.com\/hay-tank\/#breadcrumb"},"inLanguage":"pt-BR","potentialAction":[{"@type":"ReadAction","target":["https:\/\/solidscontrolworld.com\/hay-tank\/"]}]},{"@type":"BreadcrumbList","@id":"https:\/\/solidscontrolworld.com\/hay-tank\/#breadcrumb","itemListElement":[{"@type":"ListItem","position":1,"name":"Home","item":"https:\/\/solidscontrolworld.com\/"},{"@type":"ListItem","position":2,"name":"Hay Tank"}]},{"@type":"WebSite","@id":"https:\/\/solidscontrolworld.com\/#website","url":"https:\/\/solidscontrolworld.com\/","name":"Mundo de controle de s\u00f3lidos","description":"","publisher":{"@id":"https:\/\/solidscontrolworld.com\/#\/schema\/person\/2c126362537c0f0e6d4a8dfba9fc68b0"},"potentialAction":[{"@type":"SearchAction","target":{"@type":"EntryPoint","urlTemplate":"https:\/\/solidscontrolworld.com\/?s={search_term_string}"},"query-input":{"@type":"PropertyValueSpecification","valueRequired":true,"valueName":"search_term_string"}}],"inLanguage":"pt-BR"},{"@type":["Person","Organization"],"@id":"https:\/\/solidscontrolworld.com\/#\/schema\/person\/2c126362537c0f0e6d4a8dfba9fc68b0","name":"mundo de controle de s\u00f3lidos","logo":{"@id":"https:\/\/solidscontrolworld.com\/#\/schema\/person\/image\/"},"sameAs":["https:\/\/solidscontrolworld.com"]}]}},"_links":{"self":[{"href":"https:\/\/solidscontrolworld.com\/pt\/wp-json\/wp\/v2\/pages\/11858","targetHints":{"allow":["GET"]}}],"collection":[{"href":"https:\/\/solidscontrolworld.com\/pt\/wp-json\/wp\/v2\/pages"}],"about":[{"href":"https:\/\/solidscontrolworld.com\/pt\/wp-json\/wp\/v2\/types\/page"}],"author":[{"embeddable":true,"href":"https:\/\/solidscontrolworld.com\/pt\/wp-json\/wp\/v2\/users\/1"}],"replies":[{"embeddable":true,"href":"https:\/\/solidscontrolworld.com\/pt\/wp-json\/wp\/v2\/comments?post=11858"}],"version-history":[{"count":10,"href":"https:\/\/solidscontrolworld.com\/pt\/wp-json\/wp\/v2\/pages\/11858\/revisions"}],"predecessor-version":[{"id":12335,"href":"https:\/\/solidscontrolworld.com\/pt\/wp-json\/wp\/v2\/pages\/11858\/revisions\/12335"}],"wp:attachment":[{"href":"https:\/\/solidscontrolworld.com\/pt\/wp-json\/wp\/v2\/media?parent=11858"}],"curies":[{"name":"wp","href":"https:\/\/api.w.org\/{rel}","templated":true}]}}