{"id":11877,"date":"2025-04-09T02:04:55","date_gmt":"2025-04-09T02:04:55","guid":{"rendered":"https:\/\/solidscontrolworld.com\/?page_id=11877"},"modified":"2025-06-18T04:43:17","modified_gmt":"2025-06-18T04:43:17","slug":"tanque-de-diesel","status":"publish","type":"page","link":"https:\/\/solidscontrolworld.com\/pt\/tanque-de-diesel\/","title":{"rendered":"Tanque de diesel"},"content":{"rendered":"<div data-elementor-type=\"wp-page\" data-elementor-id=\"11877\" class=\"elementor elementor-11877\">\n\t\t\t\t\t\t<section class=\"elementor-section elementor-top-section elementor-element elementor-element-2e0563b elementor-section-full_width elementor-section-height-min-height elementor-section-stretched elementor-section-height-default elementor-section-items-middle\" data-id=\"2e0563b\" data-element_type=\"section\" data-settings=\"{&quot;stretch_section&quot;:&quot;section-stretched&quot;,&quot;background_background&quot;:&quot;classic&quot;}\">\n\t\t\t\t\t\t\t<div class=\"elementor-background-overlay\"><\/div>\n\t\t\t\t\t\t\t<div class=\"elementor-container elementor-column-gap-default\">\n\t\t\t\t\t<div class=\"elementor-column elementor-col-100 elementor-top-column elementor-element elementor-element-56f025f\" data-id=\"56f025f\" data-element_type=\"column\">\n\t\t\t<div class=\"elementor-widget-wrap elementor-element-populated\">\n\t\t\t\t\t\t\t<\/div>\n\t\t<\/div>\n\t\t\t\t\t<\/div>\n\t\t<\/section>\n\t\t\t\t<section class=\"elementor-section elementor-top-section elementor-element elementor-element-5714d4e elementor-section-boxed elementor-section-height-default elementor-section-height-default\" data-id=\"5714d4e\" data-element_type=\"section\">\n\t\t\t\t\t\t<div class=\"elementor-container elementor-column-gap-default\">\n\t\t\t\t\t<div class=\"elementor-column elementor-col-33 elementor-top-column elementor-element elementor-element-d6b11dc\" data-id=\"d6b11dc\" data-element_type=\"column\">\n\t\t\t<div class=\"elementor-widget-wrap elementor-element-populated\">\n\t\t\t\t\t\t<div class=\"elementor-element elementor-element-502c77a elementor-widget elementor-widget-image\" data-id=\"502c77a\" data-element_type=\"widget\" data-widget_type=\"image.default\">\n\t\t\t\t<div class=\"elementor-widget-container\">\n\t\t\t\t\t\t\t\t\t\t\t\t\t\t\t<img fetchpriority=\"high\" decoding=\"async\" width=\"600\" height=\"414\" src=\"https:\/\/solidscontrolworld.com\/wp-content\/uploads\/2025\/04\/\u67f4\u6cb9\u7f502-1-600x414.png\" class=\"attachment-woocommerce_single size-woocommerce_single wp-image-11778\" alt=\"\" srcset=\"https:\/\/solidscontrolworld.com\/wp-content\/uploads\/2025\/04\/\u67f4\u6cb9\u7f502-1-600x414.png 600w, https:\/\/solidscontrolworld.com\/wp-content\/uploads\/2025\/04\/\u67f4\u6cb9\u7f502-1-300x207.png 300w, https:\/\/solidscontrolworld.com\/wp-content\/uploads\/2025\/04\/\u67f4\u6cb9\u7f502-1.png 640w\" sizes=\"(max-width: 600px) 100vw, 600px\" \/>\t\t\t\t\t\t\t\t\t\t\t\t\t\t\t<\/div>\n\t\t\t\t<\/div>\n\t\t\t\t<div class=\"elementor-element elementor-element-aed85be elementor-arrows-position-inside elementor-pagination-position-outside elementor-widget elementor-widget-image-carousel\" data-id=\"aed85be\" data-element_type=\"widget\" data-settings=\"{&quot;navigation&quot;:&quot;both&quot;,&quot;autoplay&quot;:&quot;yes&quot;,&quot;pause_on_hover&quot;:&quot;yes&quot;,&quot;pause_on_interaction&quot;:&quot;yes&quot;,&quot;autoplay_speed&quot;:5000,&quot;infinite&quot;:&quot;yes&quot;,&quot;speed&quot;:500}\" data-widget_type=\"image-carousel.default\">\n\t\t\t\t<div class=\"elementor-widget-container\">\n\t\t\t\t\t\t\t<div class=\"elementor-image-carousel-wrapper swiper\" role=\"region\" aria-roledescription=\"carousel\" aria-label=\"Carrossel de imagens\" dir=\"ltr\">\n\t\t\t<div class=\"elementor-image-carousel swiper-wrapper\" aria-live=\"off\">\n\t\t\t\t\t\t\t\t<div class=\"swiper-slide\" role=\"group\" aria-roledescription=\"slide\" aria-label=\"1 de 3\" data-no-translation-aria-label=\"\"><a data-elementor-open-lightbox=\"yes\" data-elementor-lightbox-slideshow=\"aed85be\" data-elementor-lightbox-title=\"\u67f4\u6cb9\u7f50\" data-e-action-hash=\"#elementor-action%3Aaction%3Dlightbox%26settings%3DeyJpZCI6MTE5MDksInVybCI6Imh0dHBzOlwvXC9zb2xpZHNjb250cm9sd29ybGQuY29tXC93cC1jb250ZW50XC91cGxvYWRzXC8yMDI1XC8wNFwvXHU2N2Y0XHU2Y2I5XHU3ZjUwLnBuZyIsInNsaWRlc2hvdyI6ImFlZDg1YmUifQ%3D%3D\" href=\"https:\/\/solidscontrolworld.com\/wp-content\/uploads\/2025\/04\/\u67f4\u6cb9\u7f50.png\"><figure class=\"swiper-slide-inner\"><img decoding=\"async\" class=\"swiper-slide-image\" src=\"https:\/\/solidscontrolworld.com\/wp-content\/uploads\/2025\/04\/\u67f4\u6cb9\u7f50.png\" alt=\"\u67f4\u6cb9\u7f50\" \/><\/figure><\/a><\/div><div class=\"swiper-slide\" role=\"group\" aria-roledescription=\"slide\" aria-label=\"2 de 3\" data-no-translation-aria-label=\"\"><a data-elementor-open-lightbox=\"yes\" data-elementor-lightbox-slideshow=\"aed85be\" data-elementor-lightbox-title=\"\u67f4\u6cb9\u7f505\" data-e-action-hash=\"#elementor-action%3Aaction%3Dlightbox%26settings%3DeyJpZCI6MTE5MDcsInVybCI6Imh0dHBzOlwvXC9zb2xpZHNjb250cm9sd29ybGQuY29tXC93cC1jb250ZW50XC91cGxvYWRzXC8yMDI1XC8wNFwvXHU2N2Y0XHU2Y2I5XHU3ZjUwNS0xLnBuZyIsInNsaWRlc2hvdyI6ImFlZDg1YmUifQ%3D%3D\" href=\"https:\/\/solidscontrolworld.com\/wp-content\/uploads\/2025\/04\/\u67f4\u6cb9\u7f505-1.png\"><figure class=\"swiper-slide-inner\"><img decoding=\"async\" class=\"swiper-slide-image\" src=\"https:\/\/solidscontrolworld.com\/wp-content\/uploads\/2025\/04\/\u67f4\u6cb9\u7f505-1-768x520.png\" alt=\"\u67f4\u6cb9\u7f505\" \/><\/figure><\/a><\/div><div class=\"swiper-slide\" role=\"group\" aria-roledescription=\"slide\" aria-label=\"3 de 3\" data-no-translation-aria-label=\"\"><a data-elementor-open-lightbox=\"yes\" data-elementor-lightbox-slideshow=\"aed85be\" data-elementor-lightbox-title=\"\u67f4\u6cb9\u7f506\" data-e-action-hash=\"#elementor-action%3Aaction%3Dlightbox%26settings%3DeyJpZCI6MTE5MDgsInVybCI6Imh0dHBzOlwvXC9zb2xpZHNjb250cm9sd29ybGQuY29tXC93cC1jb250ZW50XC91cGxvYWRzXC8yMDI1XC8wNFwvXHU2N2Y0XHU2Y2I5XHU3ZjUwNi5wbmciLCJzbGlkZXNob3ciOiJhZWQ4NWJlIn0%3D\" href=\"https:\/\/solidscontrolworld.com\/wp-content\/uploads\/2025\/04\/\u67f4\u6cb9\u7f506.png\"><figure class=\"swiper-slide-inner\"><img decoding=\"async\" class=\"swiper-slide-image\" src=\"https:\/\/solidscontrolworld.com\/wp-content\/uploads\/2025\/04\/\u67f4\u6cb9\u7f506-768x510.png\" alt=\"\u67f4\u6cb9\u7f506\" \/><\/figure><\/a><\/div>\t\t\t<\/div>\n\t\t\t\t\t\t\t\t\t\t\t\t<div class=\"elementor-swiper-button elementor-swiper-button-prev\" role=\"button\" tabindex=\"0\">\n\t\t\t\t\t\t<i aria-hidden=\"true\" class=\"eicon-chevron-left\"><\/i>\t\t\t\t\t<\/div>\n\t\t\t\t\t<div class=\"elementor-swiper-button elementor-swiper-button-next\" role=\"button\" tabindex=\"0\">\n\t\t\t\t\t\t<i aria-hidden=\"true\" class=\"eicon-chevron-right\"><\/i>\t\t\t\t\t<\/div>\n\t\t\t\t\n\t\t\t\t\t\t\t\t\t<div class=\"swiper-pagination\"><\/div>\n\t\t\t\t\t\t\t\t\t<\/div>\n\t\t\t\t\t\t<\/div>\n\t\t\t\t<\/div>\n\t\t\t\t\t<\/div>\n\t\t<\/div>\n\t\t\t\t<div class=\"elementor-column elementor-col-33 elementor-top-column elementor-element elementor-element-a334298\" data-id=\"a334298\" data-element_type=\"column\">\n\t\t\t<div class=\"elementor-widget-wrap elementor-element-populated\">\n\t\t\t\t\t\t<div class=\"elementor-element elementor-element-ff25bd7 elementor-widget elementor-widget-text-editor\" data-id=\"ff25bd7\" data-element_type=\"widget\" data-widget_type=\"text-editor.default\">\n\t\t\t\t<div class=\"elementor-widget-container\">\n\t\t\t\t\t\t\t\t\t<p><span style=\"color: #000000;\">Tanques de diesel s\u00e3o recipientes especializados para armazenar \u00f3leo diesel. Geralmente s\u00e3o feitos de metal, como a\u00e7o carbono, a\u00e7o inoxid\u00e1vel e outros. O a\u00e7o carbono possui alta resist\u00eancia e boa resist\u00eancia \u00e0 abras\u00e3o, suportando a press\u00e3o e o peso do \u00f3leo diesel, al\u00e9m de ter um custo relativamente baixo e ser mais amplamente utilizado. O a\u00e7o inoxid\u00e1vel possui melhor resist\u00eancia \u00e0 corros\u00e3o, sendo adequado para armazenar \u00f3leo diesel com requisitos de pureza mais elevados e maior resist\u00eancia \u00e0 corros\u00e3o.<\/span><\/p>\t\t\t\t\t\t\t\t<\/div>\n\t\t\t\t<\/div>\n\t\t\t\t<div class=\"elementor-element elementor-element-ed291a7 elementor-widget elementor-widget-text-editor\" data-id=\"ed291a7\" data-element_type=\"widget\" data-widget_type=\"text-editor.default\">\n\t\t\t\t<div class=\"elementor-widget-container\">\n\t\t\t\t\t\t\t\t\t<p><span style=\"color: #000000;\">Categoria:\u00a0<a style=\"color: #000000;\" href=\"https:\/\/solidscontrolworld.com\/pt\/equipamentos-de-controle-de-solidos\/\" rel=\"tag\">Controle de S\u00f3lidos<\/a><\/span><\/p>\t\t\t\t\t\t\t\t<\/div>\n\t\t\t\t<\/div>\n\t\t\t\t\t<\/div>\n\t\t<\/div>\n\t\t\t\t<div class=\"elementor-column elementor-col-33 elementor-top-column elementor-element elementor-element-63ebaf4\" data-id=\"63ebaf4\" data-element_type=\"column\">\n\t\t\t<div class=\"elementor-widget-wrap elementor-element-populated\">\n\t\t\t\t\t\t<div class=\"elementor-element elementor-element-d501b2d elementor-icon-list--layout-traditional elementor-list-item-link-full_width elementor-widget elementor-widget-icon-list\" data-id=\"d501b2d\" data-element_type=\"widget\" data-widget_type=\"icon-list.default\">\n\t\t\t\t<div class=\"elementor-widget-container\">\n\t\t\t\t\t\t\t<ul class=\"elementor-icon-list-items\">\n\t\t\t\t\t\t\t<li class=\"elementor-icon-list-item\">\n\t\t\t\t\t\t\t\t\t\t\t<span class=\"elementor-icon-list-icon\">\n\t\t\t\t\t\t\t<i aria-hidden=\"true\" class=\"fas fa-envelope-open\"><\/i>\t\t\t\t\t\t<\/span>\n\t\t\t\t\t\t\t\t\t\t<span class=\"elementor-icon-list-text\">info@solidscontrolworld.com<\/span>\n\t\t\t\t\t\t\t\t\t<\/li>\n\t\t\t\t\t\t\t\t<li class=\"elementor-icon-list-item\">\n\t\t\t\t\t\t\t\t\t\t\t<span class=\"elementor-icon-list-icon\">\n\t\t\t\t\t\t\t<i aria-hidden=\"true\" class=\"fas fa-phone-volume\"><\/i>\t\t\t\t\t\t<\/span>\n\t\t\t\t\t\t\t\t\t\t<span class=\"elementor-icon-list-text\">+8613784677772<\/span>\n\t\t\t\t\t\t\t\t\t<\/li>\n\t\t\t\t\t\t\t\t<li class=\"elementor-icon-list-item\">\n\t\t\t\t\t\t\t\t\t\t\t<span class=\"elementor-icon-list-icon\">\n\t\t\t\t\t\t\t<i aria-hidden=\"true\" class=\"fas fa-fax\"><\/i>\t\t\t\t\t\t<\/span>\n\t\t\t\t\t\t\t\t\t\t<span class=\"elementor-icon-list-text\">86-315-7651760<\/span>\n\t\t\t\t\t\t\t\t\t<\/li>\n\t\t\t\t\t\t<\/ul>\n\t\t\t\t\t\t<\/div>\n\t\t\t\t<\/div>\n\t\t\t\t\t<\/div>\n\t\t<\/div>\n\t\t\t\t\t<\/div>\n\t\t<\/section>\n\t\t\t\t<section class=\"elementor-section elementor-top-section elementor-element elementor-element-76257d2 elementor-section-boxed elementor-section-height-default elementor-section-height-default\" data-id=\"76257d2\" data-element_type=\"section\">\n\t\t\t\t\t\t<div class=\"elementor-container elementor-column-gap-default\">\n\t\t\t\t\t<div class=\"elementor-column elementor-col-50 elementor-top-column elementor-element elementor-element-a771f40\" data-id=\"a771f40\" data-element_type=\"column\">\n\t\t\t<div class=\"elementor-widget-wrap elementor-element-populated\">\n\t\t\t\t\t\t<div class=\"elementor-element elementor-element-7cab6b7 elementor-widget elementor-widget-text-editor\" data-id=\"7cab6b7\" data-element_type=\"widget\" data-widget_type=\"text-editor.default\">\n\t\t\t\t<div class=\"elementor-widget-container\">\n\t\t\t\t\t\t\t\t\t<p><span style=\"color: #000000;\">Fun\u00e7\u00e3o e papel<\/span><\/p><ul><li><span style=\"color: #000000;\">Grande capacidade de armazenamento: pode armazenar uma grande quantidade de \u00f3leo diesel para atender \u00e0 demanda de reserva de \u00f3leo diesel em postos de gasolina, f\u00e1bricas, minas e outros locais para garantir o fornecimento est\u00e1vel de \u00f3leo diesel.<\/span><\/li><li><span style=\"color: #000000;\">Armazenamento de longo prazo: os tanques de diesel t\u00eam boa veda\u00e7\u00e3o e condi\u00e7\u00f5es de armazenamento adequadas, o que pode manter a qualidade do diesel est\u00e1vel por um per\u00edodo mais longo.<\/span><\/li><li><span style=\"color: #000000;\">Regular o equil\u00edbrio entre oferta e demanda: Os tanques de diesel podem armazenar o excesso de \u00f3leo diesel quando o fornecimento de \u00f3leo diesel for suficiente e liberar o \u00f3leo diesel armazenado quando o fornecimento estiver tenso, desempenhando o papel de regular o equil\u00edbrio entre oferta e demanda no mercado.<\/span><\/li><li><span style=\"color: #000000;\">Preven\u00e7\u00e3o de vazamentos: os tanques de diesel s\u00e3o feitos de design selado e materiais de alta qualidade, com bom desempenho antivazamento, o que pode efetivamente evitar que o combust\u00edvel diesel vaze para o ambiente externo e reduzir a polui\u00e7\u00e3o do solo, da \u00e1gua e do ar.<\/span><\/li><li><span style=\"color: #000000;\">Preven\u00e7\u00e3o de inc\u00eandio e explos\u00e3o: Os tanques de diesel geralmente s\u00e3o equipados com dispositivos de preven\u00e7\u00e3o de inc\u00eandio e explos\u00e3o, como v\u00e1lvulas de respira\u00e7\u00e3o, v\u00e1lvulas de seguran\u00e7a, corta-chamas, etc., que podem prevenir eficazmente inc\u00eandios e explos\u00f5es provocados por press\u00e3o anormal dentro dos tanques e fontes externas de igni\u00e7\u00e3o.<\/span><\/li><\/ul><p><span style=\"color: #000000;\">Os tanques de diesel podem ser amplamente utilizados na ind\u00fastria de energia el\u00e9trica, ind\u00fastria de transporte, produ\u00e7\u00e3o industrial, postos de gasolina e assim por diante.<\/span><\/p>\t\t\t\t\t\t\t\t<\/div>\n\t\t\t\t<\/div>\n\t\t\t\t\t<\/div>\n\t\t<\/div>\n\t\t\t\t<div class=\"elementor-column elementor-col-50 elementor-top-column elementor-element elementor-element-8824152\" data-id=\"8824152\" data-element_type=\"column\">\n\t\t\t<div class=\"elementor-widget-wrap elementor-element-populated\">\n\t\t\t\t\t\t<div class=\"elementor-element elementor-element-33f4dc0 elementor-align-left elementor-icon-list--layout-traditional elementor-list-item-link-full_width elementor-widget elementor-widget-icon-list\" data-id=\"33f4dc0\" data-element_type=\"widget\" data-widget_type=\"icon-list.default\">\n\t\t\t\t<div class=\"elementor-widget-container\">\n\t\t\t\t\t\t\t<ul class=\"elementor-icon-list-items\">\n\t\t\t\t\t\t\t<li class=\"elementor-icon-list-item\">\n\t\t\t\t\t\t\t\t\t\t\t<span class=\"elementor-icon-list-icon\">\n\t\t\t\t\t\t\t<i aria-hidden=\"true\" class=\"fas fa-location-arrow\"><\/i>\t\t\t\t\t\t<\/span>\n\t\t\t\t\t\t\t\t\t\t<span class=\"elementor-icon-list-text\">Sala 1924, Bloco D, Pra\u00e7a Wanda, cidade de Tangshan, China.<\/span>\n\t\t\t\t\t\t\t\t\t<\/li>\n\t\t\t\t\t\t\t\t<li class=\"elementor-icon-list-item\">\n\t\t\t\t\t\t\t\t\t\t\t<span class=\"elementor-icon-list-icon\">\n\t\t\t\t\t\t\t<i aria-hidden=\"true\" class=\"fas fa-business-time\"><\/i>\t\t\t\t\t\t<\/span>\n\t\t\t\t\t\t\t\t\t\t<span class=\"elementor-icon-list-text\">Seg-Sex: 8:00-17:30<\/span>\n\t\t\t\t\t\t\t\t\t<\/li>\n\t\t\t\t\t\t<\/ul>\n\t\t\t\t\t\t<\/div>\n\t\t\t\t<\/div>\n\t\t\t\t<div class=\"elementor-element elementor-element-812b741 elementor-share-buttons--view-icon elementor-share-buttons--skin-minimal elementor-share-buttons--shape-rounded elementor-share-buttons--align-left elementor-grid-0 elementor-share-buttons--color-official elementor-widget elementor-widget-share-buttons\" data-id=\"812b741\" data-element_type=\"widget\" data-widget_type=\"share-buttons.default\">\n\t\t\t\t<div class=\"elementor-widget-container\">\n\t\t\t\t\t\t\t<div class=\"elementor-grid\">\n\t\t\t\t\t\t\t\t<div class=\"elementor-grid-item\">\n\t\t\t\t\t\t<div\n\t\t\t\t\t\t\tclass=\"elementor-share-btn elementor-share-btn_facebook\"\n\t\t\t\t\t\t\trole=\"button\"\n\t\t\t\t\t\t\ttabindex=\"0\"\n\t\t\t\t\t\t\taria-label=\"Compartilhe no Facebook\"\n\t\t\t\t\t\t>\n\t\t\t\t\t\t\t\t\t\t\t\t\t\t\t<span class=\"elementor-share-btn__icon\">\n\t\t\t\t\t\t\t\t<i class=\"fab fa-facebook\" aria-hidden=\"true\"><\/i>\t\t\t\t\t\t\t<\/span>\n\t\t\t\t\t\t\t\t\t\t\t\t\t\t\t\t\t\t\t\t<\/div>\n\t\t\t\t\t<\/div>\n\t\t\t\t\t\t\t\t\t<div class=\"elementor-grid-item\">\n\t\t\t\t\t\t<div\n\t\t\t\t\t\t\tclass=\"elementor-share-btn elementor-share-btn_twitter\"\n\t\t\t\t\t\t\trole=\"button\"\n\t\t\t\t\t\t\ttabindex=\"0\"\n\t\t\t\t\t\t\taria-label=\"Compartilhe no Twitter\"\n\t\t\t\t\t\t>\n\t\t\t\t\t\t\t\t\t\t\t\t\t\t\t<span class=\"elementor-share-btn__icon\">\n\t\t\t\t\t\t\t\t<i class=\"fab fa-twitter\" aria-hidden=\"true\"><\/i>\t\t\t\t\t\t\t<\/span>\n\t\t\t\t\t\t\t\t\t\t\t\t\t\t\t\t\t\t\t\t<\/div>\n\t\t\t\t\t<\/div>\n\t\t\t\t\t\t\t\t\t<div class=\"elementor-grid-item\">\n\t\t\t\t\t\t<div\n\t\t\t\t\t\t\tclass=\"elementor-share-btn elementor-share-btn_linkedin\"\n\t\t\t\t\t\t\trole=\"button\"\n\t\t\t\t\t\t\ttabindex=\"0\"\n\t\t\t\t\t\t\taria-label=\"Compartilhe no LinkedIn\"\n\t\t\t\t\t\t>\n\t\t\t\t\t\t\t\t\t\t\t\t\t\t\t<span class=\"elementor-share-btn__icon\">\n\t\t\t\t\t\t\t\t<i class=\"fab fa-linkedin\" aria-hidden=\"true\"><\/i>\t\t\t\t\t\t\t<\/span>\n\t\t\t\t\t\t\t\t\t\t\t\t\t\t\t\t\t\t\t\t<\/div>\n\t\t\t\t\t<\/div>\n\t\t\t\t\t\t<\/div>\n\t\t\t\t\t\t<\/div>\n\t\t\t\t<\/div>\n\t\t\t\t\t<\/div>\n\t\t<\/div>\n\t\t\t\t\t<\/div>\n\t\t<\/section>\n\t\t\t\t<section class=\"elementor-section elementor-top-section elementor-element elementor-element-3da8117 elementor-section-boxed elementor-section-height-default elementor-section-height-default\" data-id=\"3da8117\" data-element_type=\"section\">\n\t\t\t\t\t\t<div class=\"elementor-container elementor-column-gap-default\">\n\t\t\t\t\t<div class=\"elementor-column elementor-col-100 elementor-top-column elementor-element elementor-element-b388bf4\" data-id=\"b388bf4\" data-element_type=\"column\">\n\t\t\t<div class=\"elementor-widget-wrap\">\n\t\t\t\t\t\t\t<\/div>\n\t\t<\/div>\n\t\t\t\t\t<\/div>\n\t\t<\/section>\n\t\t\t\t<section class=\"elementor-section elementor-top-section elementor-element elementor-element-93d84fb elementor-section-boxed elementor-section-height-default elementor-section-height-default\" data-id=\"93d84fb\" data-element_type=\"section\">\n\t\t\t\t\t\t<div class=\"elementor-container elementor-column-gap-default\">\n\t\t\t\t\t<div class=\"elementor-column elementor-col-100 elementor-top-column elementor-element elementor-element-528905b\" data-id=\"528905b\" data-element_type=\"column\">\n\t\t\t<div class=\"elementor-widget-wrap elementor-element-populated\">\n\t\t\t\t\t\t<div class=\"elementor-element elementor-element-a9a2f8c elementor-widget elementor-widget-text-editor\" data-id=\"a9a2f8c\" data-element_type=\"widget\" data-widget_type=\"text-editor.default\">\n\t\t\t\t<div class=\"elementor-widget-container\">\n\t\t\t\t\t\t\t\t\t<table style=\"border-collapse: collapse; width: 645px; height: 125px;\" border=\"0\" width=\"735\" cellspacing=\"0\" cellpadding=\"0\"><tbody><tr style=\"height: 25.00pt;\"><td class=\"et2\" style=\"height: 25pt; width: 243.75pt; text-align: center;\" width=\"325\" height=\"33\"><span style=\"color: #000000;\">Nome<\/span><\/td><td class=\"et2\" style=\"width: 153.75pt; text-align: center;\" width=\"205\"><span style=\"color: #000000;\">N\u00famero do modelo<\/span><\/td><td class=\"et2\" style=\"width: 153.75pt; text-align: center;\" width=\"205\"><span style=\"color: #000000;\">Volume (m\u00b3)<\/span><\/td><\/tr><tr style=\"height: 25.00pt;\"><td class=\"et2\" style=\"height: 25pt; text-align: center;\" height=\"33\"><span style=\"color: #000000;\">Tanque de diesel<\/span><\/td><td class=\"et2\" style=\"text-align: center;\"><span style=\"color: #000000;\">CYG<\/span><\/td><td class=\"et2\" style=\"text-align: center;\"><span style=\"color: #000000;\">20\/30\/40\/50<\/span><\/td><\/tr><tr style=\"height: 25.00pt;\"><td class=\"et2\" style=\"height: 25pt; text-align: center;\" height=\"33\"><span style=\"color: #000000;\">Tanque de gasolina<\/span><\/td><td class=\"et2\" style=\"text-align: center;\"><span style=\"color: #000000;\">QYG<\/span><\/td><td class=\"et2\" style=\"text-align: center;\"><span style=\"color: #000000;\">20\/40<\/span><\/td><\/tr><tr style=\"height: 25.00pt;\"><td class=\"et2\" style=\"height: 25pt; text-align: center;\" height=\"33\"><span style=\"color: #000000;\">Tanque de petr\u00f3leo<\/span><\/td><td class=\"et2\" style=\"text-align: center;\"><span style=\"color: #000000;\">CZG<\/span><\/td><td class=\"et2\" style=\"text-align: center;\"><span style=\"color: #000000;\">20\/40\/50<\/span><\/td><\/tr><tr style=\"height: 25.00pt;\"><td class=\"et2\" style=\"height: 25pt; text-align: center;\" height=\"33\"><span style=\"color: #000000;\">Tanque de feno<\/span><\/td><td class=\"et2\" style=\"text-align: center;\"><span style=\"color: #000000;\">GJG<\/span><\/td><td class=\"et2\" style=\"text-align: center;\"><span style=\"color: #000000;\">20+3\/20+4\/40+5<\/span><\/td><\/tr><\/tbody><\/table>\t\t\t\t\t\t\t\t<\/div>\n\t\t\t\t<\/div>\n\t\t\t\t\t<\/div>\n\t\t<\/div>\n\t\t\t\t\t<\/div>\n\t\t<\/section>\n\t\t\t\t<\/div>","protected":false},"excerpt":{"rendered":"<p>&nbsp; &nbsp; &nbsp; Tanques de diesel s\u00e3o recipientes especializados para armazenar \u00f3leo diesel. Geralmente s\u00e3o feitos de metal, como a\u00e7o carbono, a\u00e7o inoxid\u00e1vel e outros. O a\u00e7o carbono possui alta resist\u00eancia e boa resist\u00eancia \u00e0 abras\u00e3o, suportando a press\u00e3o e o peso do \u00f3leo diesel, e seu custo \u00e9 relativamente baixo, [\u2026]<\/p>","protected":false},"author":1,"featured_media":0,"parent":0,"menu_order":0,"comment_status":"closed","ping_status":"closed","template":"","meta":{"_seopress_robots_primary_cat":"","_seopress_titles_title":"","_seopress_titles_desc":"","_seopress_robots_index":"","footnotes":""},"class_list":["post-11877","page","type-page","status-publish","hentry"],"yoast_head":"<!-- This site is optimized with the Yoast SEO plugin v25.1 - https:\/\/yoast.com\/wordpress\/plugins\/seo\/ -->\n<title>Diesel Fuel Tanks for Industrial Use | Solids Control World<\/title>\n<meta name=\"description\" content=\"Durable diesel tanks designed for safe fuel storage and easy handling, supporting efficient operations in drilling and industrial applications.\" \/>\n<meta name=\"robots\" content=\"index, follow, max-snippet:-1, max-image-preview:large, max-video-preview:-1\" \/>\n<link rel=\"canonical\" href=\"https:\/\/solidscontrolworld.com\/pt\/tanque-de-diesel\/\" \/>\n<meta property=\"og:locale\" content=\"pt_BR\" \/>\n<meta property=\"og:type\" content=\"article\" \/>\n<meta property=\"og:title\" content=\"Diesel Fuel Tanks for Industrial Use | Solids Control World\" \/>\n<meta property=\"og:description\" content=\"Durable diesel tanks designed for safe fuel storage and easy handling, supporting efficient operations in drilling and industrial applications.\" \/>\n<meta property=\"og:url\" content=\"https:\/\/solidscontrolworld.com\/pt\/tanque-de-diesel\/\" \/>\n<meta property=\"og:site_name\" content=\"Solids Control World\" \/>\n<meta property=\"article:modified_time\" content=\"2025-06-18T04:43:17+00:00\" \/>\n<meta name=\"twitter:card\" content=\"summary_large_image\" \/>\n<meta name=\"twitter:label1\" content=\"Est. tempo de leitura\" \/>\n\t<meta name=\"twitter:data1\" content=\"3 minutos\" \/>\n<!-- \/ Yoast SEO plugin. -->","yoast_head_json":{"title":"Tanques de Combust\u00edvel Diesel para Uso Industrial | Solids Control World","description":"Tanques de diesel dur\u00e1veis projetados para armazenamento seguro de combust\u00edvel e f\u00e1cil manuseio, proporcionando opera\u00e7\u00f5es eficientes em aplica\u00e7\u00f5es industriais e de perfura\u00e7\u00e3o.","robots":{"index":"index","follow":"follow","max-snippet":"max-snippet:-1","max-image-preview":"max-image-preview:large","max-video-preview":"max-video-preview:-1"},"canonical":"https:\/\/solidscontrolworld.com\/pt\/tanque-de-diesel\/","og_locale":"pt_BR","og_type":"article","og_title":"Diesel Fuel Tanks for Industrial Use | Solids Control World","og_description":"Durable diesel tanks designed for safe fuel storage and easy handling, supporting efficient operations in drilling and industrial applications.","og_url":"https:\/\/solidscontrolworld.com\/pt\/tanque-de-diesel\/","og_site_name":"Solids Control World","article_modified_time":"2025-06-18T04:43:17+00:00","twitter_card":"summary_large_image","twitter_misc":{"Est. tempo de leitura":"3 minutos"},"schema":{"@context":"https:\/\/schema.org","@graph":[{"@type":"WebPage","@id":"https:\/\/solidscontrolworld.com\/diesel-tank\/","url":"https:\/\/solidscontrolworld.com\/diesel-tank\/","name":"Tanques de Combust\u00edvel Diesel para Uso Industrial | Solids Control World","isPartOf":{"@id":"https:\/\/solidscontrolworld.com\/#website"},"datePublished":"2025-04-09T02:04:55+00:00","dateModified":"2025-06-18T04:43:17+00:00","description":"Tanques de diesel dur\u00e1veis projetados para armazenamento seguro de combust\u00edvel e f\u00e1cil manuseio, proporcionando opera\u00e7\u00f5es eficientes em aplica\u00e7\u00f5es industriais e de perfura\u00e7\u00e3o.","breadcrumb":{"@id":"https:\/\/solidscontrolworld.com\/diesel-tank\/#breadcrumb"},"inLanguage":"pt-BR","potentialAction":[{"@type":"ReadAction","target":["https:\/\/solidscontrolworld.com\/diesel-tank\/"]}]},{"@type":"BreadcrumbList","@id":"https:\/\/solidscontrolworld.com\/diesel-tank\/#breadcrumb","itemListElement":[{"@type":"ListItem","position":1,"name":"Home","item":"https:\/\/solidscontrolworld.com\/"},{"@type":"ListItem","position":2,"name":"Diesel Tank"}]},{"@type":"WebSite","@id":"https:\/\/solidscontrolworld.com\/#website","url":"https:\/\/solidscontrolworld.com\/","name":"Mundo de controle de s\u00f3lidos","description":"","publisher":{"@id":"https:\/\/solidscontrolworld.com\/#\/schema\/person\/2c126362537c0f0e6d4a8dfba9fc68b0"},"potentialAction":[{"@type":"SearchAction","target":{"@type":"EntryPoint","urlTemplate":"https:\/\/solidscontrolworld.com\/?s={search_term_string}"},"query-input":{"@type":"PropertyValueSpecification","valueRequired":true,"valueName":"search_term_string"}}],"inLanguage":"pt-BR"},{"@type":["Person","Organization"],"@id":"https:\/\/solidscontrolworld.com\/#\/schema\/person\/2c126362537c0f0e6d4a8dfba9fc68b0","name":"mundo de controle de s\u00f3lidos","logo":{"@id":"https:\/\/solidscontrolworld.com\/#\/schema\/person\/image\/"},"sameAs":["https:\/\/solidscontrolworld.com"]}]}},"_links":{"self":[{"href":"https:\/\/solidscontrolworld.com\/pt\/wp-json\/wp\/v2\/pages\/11877","targetHints":{"allow":["GET"]}}],"collection":[{"href":"https:\/\/solidscontrolworld.com\/pt\/wp-json\/wp\/v2\/pages"}],"about":[{"href":"https:\/\/solidscontrolworld.com\/pt\/wp-json\/wp\/v2\/types\/page"}],"author":[{"embeddable":true,"href":"https:\/\/solidscontrolworld.com\/pt\/wp-json\/wp\/v2\/users\/1"}],"replies":[{"embeddable":true,"href":"https:\/\/solidscontrolworld.com\/pt\/wp-json\/wp\/v2\/comments?post=11877"}],"version-history":[{"count":16,"href":"https:\/\/solidscontrolworld.com\/pt\/wp-json\/wp\/v2\/pages\/11877\/revisions"}],"predecessor-version":[{"id":12327,"href":"https:\/\/solidscontrolworld.com\/pt\/wp-json\/wp\/v2\/pages\/11877\/revisions\/12327"}],"wp:attachment":[{"href":"https:\/\/solidscontrolworld.com\/pt\/wp-json\/wp\/v2\/media?parent=11877"}],"curies":[{"name":"wp","href":"https:\/\/api.w.org\/{rel}","templated":true}]}}