{"id":2930,"date":"2021-05-20T15:07:52","date_gmt":"2021-05-20T15:07:52","guid":{"rendered":"https:\/\/solidscontrolworld.com\/?page_id=2930"},"modified":"2025-06-18T04:39:40","modified_gmt":"2025-06-18T04:39:40","slug":"sobre-o-fundador","status":"publish","type":"page","link":"https:\/\/solidscontrolworld.com\/pt\/sobre-o-fundador\/","title":{"rendered":"Sobre o Fundador"},"content":{"rendered":"<div data-elementor-type=\"wp-page\" data-elementor-id=\"2930\" class=\"elementor elementor-2930\">\n\t\t\t\t\t\t<section class=\"elementor-section elementor-top-section elementor-element elementor-element-c5a2a04 elementor-section-full_width elementor-section-height-min-height elementor-section-stretched elementor-section-height-default elementor-section-items-middle\" data-id=\"c5a2a04\" data-element_type=\"section\" data-settings=\"{&quot;stretch_section&quot;:&quot;section-stretched&quot;,&quot;background_background&quot;:&quot;classic&quot;}\">\n\t\t\t\t\t\t\t<div class=\"elementor-background-overlay\"><\/div>\n\t\t\t\t\t\t\t<div class=\"elementor-container elementor-column-gap-default\">\n\t\t\t\t\t<div class=\"elementor-column elementor-col-100 elementor-top-column elementor-element elementor-element-9b6e072\" data-id=\"9b6e072\" data-element_type=\"column\">\n\t\t\t<div class=\"elementor-widget-wrap elementor-element-populated\">\n\t\t\t\t\t\t<div class=\"elementor-element elementor-element-59d6e4e elementor-widget elementor-widget-heading\" data-id=\"59d6e4e\" data-element_type=\"widget\" data-widget_type=\"heading.default\">\n\t\t\t\t<div class=\"elementor-widget-container\">\n\t\t\t\t\t<h1 class=\"elementor-heading-title elementor-size-default\">Sobre o Fundador <\/h1>\t\t\t\t<\/div>\n\t\t\t\t<\/div>\n\t\t\t\t\t<\/div>\n\t\t<\/div>\n\t\t\t\t\t<\/div>\n\t\t<\/section>\n\t\t\t\t<section class=\"elementor-section elementor-top-section elementor-element elementor-element-8d813e6 elementor-section-boxed elementor-section-height-default elementor-section-height-default\" data-id=\"8d813e6\" data-element_type=\"section\">\n\t\t\t\t\t\t<div class=\"elementor-container elementor-column-gap-default\">\n\t\t\t\t\t<div class=\"elementor-column elementor-col-100 elementor-top-column elementor-element elementor-element-a69f1fc\" data-id=\"a69f1fc\" data-element_type=\"column\">\n\t\t\t<div class=\"elementor-widget-wrap elementor-element-populated\">\n\t\t\t\t\t\t<section class=\"elementor-section elementor-inner-section elementor-element elementor-element-67208b5 elementor-section-boxed elementor-section-height-default elementor-section-height-default\" data-id=\"67208b5\" data-element_type=\"section\">\n\t\t\t\t\t\t<div class=\"elementor-container elementor-column-gap-default\">\n\t\t\t\t\t<div class=\"elementor-column elementor-col-50 elementor-inner-column elementor-element elementor-element-adcfaaf\" data-id=\"adcfaaf\" data-element_type=\"column\">\n\t\t\t<div class=\"elementor-widget-wrap elementor-element-populated\">\n\t\t\t\t\t\t<div class=\"elementor-element elementor-element-e2bb502 elementor-widget elementor-widget-heading\" data-id=\"e2bb502\" data-element_type=\"widget\" data-widget_type=\"heading.default\">\n\t\t\t\t<div class=\"elementor-widget-container\">\n\t\t\t\t\t<h2 class=\"elementor-heading-title elementor-size-default\">Surui Wang<\/h2>\t\t\t\t<\/div>\n\t\t\t\t<\/div>\n\t\t\t\t<div class=\"elementor-element elementor-element-6d989f4 elementor-widget elementor-widget-heading\" data-id=\"6d989f4\" data-element_type=\"widget\" data-widget_type=\"heading.default\">\n\t\t\t\t<div class=\"elementor-widget-container\">\n\t\t\t\t\t<h2 class=\"elementor-heading-title elementor-size-default\">O fundador da Solids Control World.<\/h2>\t\t\t\t<\/div>\n\t\t\t\t<\/div>\n\t\t\t\t<div class=\"elementor-element elementor-element-50aabaa elementor-widget-divider--view-line elementor-widget elementor-widget-divider\" data-id=\"50aabaa\" data-element_type=\"widget\" data-widget_type=\"divider.default\">\n\t\t\t\t<div class=\"elementor-widget-container\">\n\t\t\t\t\t\t\t<div class=\"elementor-divider\">\n\t\t\t<span class=\"elementor-divider-separator\">\n\t\t\t\t\t\t<\/span>\n\t\t<\/div>\n\t\t\t\t\t\t<\/div>\n\t\t\t\t<\/div>\n\t\t\t\t<div class=\"elementor-element elementor-element-0118712 elementor-widget elementor-widget-text-editor\" data-id=\"0118712\" data-element_type=\"widget\" data-widget_type=\"text-editor.default\">\n\t\t\t\t<div class=\"elementor-widget-container\">\n\t\t\t\t\t\t\t\t\t<p>Sei que voc\u00ea tem muitas op\u00e7\u00f5es de quem lida com sistemas de controle de s\u00f3lidos de lama de perfura\u00e7\u00e3o, ent\u00e3o sei que preciso conquistar sua confian\u00e7a em cada publica\u00e7\u00e3o que fa\u00e7o. Se tiver curiosidade, aqui vai um pouco sobre mim. <br \/>Me formei em Estudos Internacionais e me formei na universidade em 2008. Depois dos estudos, meu primeiro emprego foi como assistente de gerente geral. A fun\u00e7\u00e3o era em uma cidade a cerca de 23 horas de trem da minha cidade natal, \u00e9 bem longe. <br \/>No in\u00edcio de 2009, surgiu uma grande oportunidade na minha cidade natal. Uma oportunidade de emprego como comerciante internacional na \u00e1rea de controle de s\u00f3lidos da GN. Quando comecei a trabalhar na GN, fui um dos tr\u00eas primeiros vendedores da empresa. Como equipe de vendas, realizamos nossa pr\u00f3pria pesquisa de mercado para determinar o que seria mais adequado para os mercados internacionais. Desenvolvemos uma rela\u00e7\u00e3o de confian\u00e7a com os clientes e obtivemos grande sucesso. <br \/>Resultado da r\u00e1pida expans\u00e3o da empresa desde ent\u00e3o, a empresa tornou-se um player dominante no cen\u00e1rio de controle de lama de perfura\u00e7\u00e3o de petr\u00f3leo na China. Como um dos primeiros funcion\u00e1rios da GN e um dos primeiros vendedores, foi uma honra fazer com que a GN se tornasse o sucesso que \u00e9 hoje, ao mesmo tempo em que eu tamb\u00e9m crescia.<br \/>Com o grande sucesso no crescimento da GN, o propriet\u00e1rio decidiu transferir a empresa para Dachang, na cidade de Langfang. Isso me levou a deixar a GN ap\u00f3s grande sucesso na fun\u00e7\u00e3o.<\/p>\t\t\t\t\t\t\t\t<\/div>\n\t\t\t\t<\/div>\n\t\t\t\t\t<\/div>\n\t\t<\/div>\n\t\t\t\t<div class=\"elementor-column elementor-col-50 elementor-inner-column elementor-element elementor-element-49cf850\" data-id=\"49cf850\" data-element_type=\"column\" data-settings=\"{&quot;background_background&quot;:&quot;classic&quot;}\">\n\t\t\t<div class=\"elementor-widget-wrap\">\n\t\t\t\t\t\t\t<\/div>\n\t\t<\/div>\n\t\t\t\t\t<\/div>\n\t\t<\/section>\n\t\t\t\t<div class=\"elementor-element elementor-element-0dc0824 elementor-widget elementor-widget-text-editor\" data-id=\"0dc0824\" data-element_type=\"widget\" data-widget_type=\"text-editor.default\">\n\t\t\t\t<div class=\"elementor-widget-container\">\n\t\t\t\t\t\t\t\t\t<p>Depois de deixar a GN, assumi um cargo diferente, que tamb\u00e9m lidava com uma linha de produtos semelhante. Com meus anos de experi\u00eancia e conhecimento profissional sobre produtos, fui rapidamente promovido a gerente de departamento. A natureza multifacetada dos cargos me permitiu estabelecer fortes relacionamentos com clientes em todo o mundo.<br>A China possui os maiores e melhores recursos de fabrica\u00e7\u00e3o do mundo, mas encontrar os fornecedores certos para a fabrica\u00e7\u00e3o de produtos de qualidade envolve muitas dificuldades e riscos potenciais. Por isso, v\u00e1rios contatos internacionais me pediram ajuda para encontrar fornecedores de produtos perif\u00e9ricos na \u00e1rea de petr\u00f3leo. Aprendi muito com esse processo e descobri como encontrar fornecedores de qualidade na China. Em 2016, com o incentivo de v\u00e1rios clientes, criei meu pr\u00f3prio neg\u00f3cio, a Solidscontrolworld; isso marcou o in\u00edcio de algo grande. Uma oportunidade, com grande apoio de v\u00e1rios clientes, para estabelecer um neg\u00f3cio de sucesso. Estou cheio de confian\u00e7a e esperan\u00e7a no futuro!<\/p>\t\t\t\t\t\t\t\t<\/div>\n\t\t\t\t<\/div>\n\t\t\t\t\t<\/div>\n\t\t<\/div>\n\t\t\t\t\t<\/div>\n\t\t<\/section>\n\t\t\t\t<\/div>","protected":false},"excerpt":{"rendered":"<p>Sobre o Fundador Surui Wang, fundador da Solids Control World. Sei que voc\u00ea tem muitas op\u00e7\u00f5es para quem trabalha com sistemas de controle de s\u00f3lidos de lama de perfura\u00e7\u00e3o, ent\u00e3o sei que preciso conquistar sua confian\u00e7a em cada publica\u00e7\u00e3o que fa\u00e7o. Se estiver curioso, aqui vai um pouco [\u2026]<\/p>","protected":false},"author":1,"featured_media":0,"parent":0,"menu_order":4,"comment_status":"closed","ping_status":"closed","template":"","meta":{"_seopress_robots_primary_cat":"","_seopress_titles_title":"","_seopress_titles_desc":"","_seopress_robots_index":"","footnotes":""},"class_list":["post-2930","page","type-page","status-publish","hentry"],"yoast_head":"<!-- This site is optimized with the Yoast SEO plugin v25.1 - https:\/\/yoast.com\/wordpress\/plugins\/seo\/ -->\n<title>About Founder | Meet Surui Wang of Solids Control World<\/title>\n<meta name=\"description\" content=\"With a focus on drilling mud systems, Surui Wang brings expertise and dedication to advancing solids control solutions in the energy sector.\" \/>\n<meta name=\"robots\" content=\"index, follow, max-snippet:-1, max-image-preview:large, max-video-preview:-1\" \/>\n<link rel=\"canonical\" href=\"https:\/\/solidscontrolworld.com\/pt\/sobre-o-fundador\/\" \/>\n<meta property=\"og:locale\" content=\"pt_BR\" \/>\n<meta property=\"og:type\" content=\"article\" \/>\n<meta property=\"og:title\" content=\"About Founder | Meet Surui Wang of Solids Control World\" \/>\n<meta property=\"og:description\" content=\"With a focus on drilling mud systems, Surui Wang brings expertise and dedication to advancing solids control solutions in the energy sector.\" \/>\n<meta property=\"og:url\" content=\"https:\/\/solidscontrolworld.com\/pt\/sobre-o-fundador\/\" \/>\n<meta property=\"og:site_name\" content=\"Solids Control World\" \/>\n<meta property=\"article:modified_time\" content=\"2025-06-18T04:39:40+00:00\" \/>\n<meta name=\"twitter:card\" content=\"summary_large_image\" \/>\n<meta name=\"twitter:label1\" content=\"Est. tempo de leitura\" \/>\n\t<meta name=\"twitter:data1\" content=\"2 minutos\" \/>\n<!-- \/ Yoast SEO plugin. -->","yoast_head_json":{"title":"Sobre o Fundador | Conhe\u00e7a Surui Wang da Solids Control World","description":"Com foco em sistemas de lama de perfura\u00e7\u00e3o, Surui Wang traz experi\u00eancia e dedica\u00e7\u00e3o para avan\u00e7ar solu\u00e7\u00f5es de controle de s\u00f3lidos no setor de energia.","robots":{"index":"index","follow":"follow","max-snippet":"max-snippet:-1","max-image-preview":"max-image-preview:large","max-video-preview":"max-video-preview:-1"},"canonical":"https:\/\/solidscontrolworld.com\/pt\/sobre-o-fundador\/","og_locale":"pt_BR","og_type":"article","og_title":"About Founder | Meet Surui Wang of Solids Control World","og_description":"With a focus on drilling mud systems, Surui Wang brings expertise and dedication to advancing solids control solutions in the energy sector.","og_url":"https:\/\/solidscontrolworld.com\/pt\/sobre-o-fundador\/","og_site_name":"Solids Control World","article_modified_time":"2025-06-18T04:39:40+00:00","twitter_card":"summary_large_image","twitter_misc":{"Est. tempo de leitura":"2 minutos"},"schema":{"@context":"https:\/\/schema.org","@graph":[{"@type":"WebPage","@id":"https:\/\/solidscontrolworld.com\/about-founder\/","url":"https:\/\/solidscontrolworld.com\/about-founder\/","name":"Sobre o Fundador | Conhe\u00e7a Surui Wang da Solids Control World","isPartOf":{"@id":"https:\/\/solidscontrolworld.com\/#website"},"datePublished":"2021-05-20T15:07:52+00:00","dateModified":"2025-06-18T04:39:40+00:00","description":"Com foco em sistemas de lama de perfura\u00e7\u00e3o, Surui Wang traz experi\u00eancia e dedica\u00e7\u00e3o para avan\u00e7ar solu\u00e7\u00f5es de controle de s\u00f3lidos no setor de energia.","breadcrumb":{"@id":"https:\/\/solidscontrolworld.com\/about-founder\/#breadcrumb"},"inLanguage":"pt-BR","potentialAction":[{"@type":"ReadAction","target":["https:\/\/solidscontrolworld.com\/about-founder\/"]}]},{"@type":"BreadcrumbList","@id":"https:\/\/solidscontrolworld.com\/about-founder\/#breadcrumb","itemListElement":[{"@type":"ListItem","position":1,"name":"Home","item":"https:\/\/solidscontrolworld.com\/"},{"@type":"ListItem","position":2,"name":"About Founder"}]},{"@type":"WebSite","@id":"https:\/\/solidscontrolworld.com\/#website","url":"https:\/\/solidscontrolworld.com\/","name":"Mundo de controle de s\u00f3lidos","description":"","publisher":{"@id":"https:\/\/solidscontrolworld.com\/#\/schema\/person\/2c126362537c0f0e6d4a8dfba9fc68b0"},"potentialAction":[{"@type":"SearchAction","target":{"@type":"EntryPoint","urlTemplate":"https:\/\/solidscontrolworld.com\/?s={search_term_string}"},"query-input":{"@type":"PropertyValueSpecification","valueRequired":true,"valueName":"search_term_string"}}],"inLanguage":"pt-BR"},{"@type":["Person","Organization"],"@id":"https:\/\/solidscontrolworld.com\/#\/schema\/person\/2c126362537c0f0e6d4a8dfba9fc68b0","name":"mundo de controle de s\u00f3lidos","logo":{"@id":"https:\/\/solidscontrolworld.com\/#\/schema\/person\/image\/"},"sameAs":["https:\/\/solidscontrolworld.com"]}]}},"_links":{"self":[{"href":"https:\/\/solidscontrolworld.com\/pt\/wp-json\/wp\/v2\/pages\/2930","targetHints":{"allow":["GET"]}}],"collection":[{"href":"https:\/\/solidscontrolworld.com\/pt\/wp-json\/wp\/v2\/pages"}],"about":[{"href":"https:\/\/solidscontrolworld.com\/pt\/wp-json\/wp\/v2\/types\/page"}],"author":[{"embeddable":true,"href":"https:\/\/solidscontrolworld.com\/pt\/wp-json\/wp\/v2\/users\/1"}],"replies":[{"embeddable":true,"href":"https:\/\/solidscontrolworld.com\/pt\/wp-json\/wp\/v2\/comments?post=2930"}],"version-history":[{"count":4,"href":"https:\/\/solidscontrolworld.com\/pt\/wp-json\/wp\/v2\/pages\/2930\/revisions"}],"predecessor-version":[{"id":12310,"href":"https:\/\/solidscontrolworld.com\/pt\/wp-json\/wp\/v2\/pages\/2930\/revisions\/12310"}],"wp:attachment":[{"href":"https:\/\/solidscontrolworld.com\/pt\/wp-json\/wp\/v2\/media?parent=2930"}],"curies":[{"name":"wp","href":"https:\/\/api.w.org\/{rel}","templated":true}]}}