{"id":3078,"date":"2021-05-27T11:38:08","date_gmt":"2021-05-27T11:38:08","guid":{"rendered":"https:\/\/solidscontrolworld.com\/?page_id=3078"},"modified":"2024-10-25T06:04:39","modified_gmt":"2024-10-25T06:04:39","slug":"equipamento-de-remediacao-de-solo","status":"publish","type":"page","link":"https:\/\/solidscontrolworld.com\/pt\/equipamento-de-remediacao-de-solo\/","title":{"rendered":"Equipamentos de remedia\u00e7\u00e3o de solo"},"content":{"rendered":"<div data-elementor-type=\"wp-page\" data-elementor-id=\"3078\" class=\"elementor elementor-3078\">\n\t\t\t\t\t\t<section class=\"elementor-section elementor-top-section elementor-element elementor-element-872adf3 elementor-section-full_width elementor-section-stretched elementor-section-height-default elementor-section-height-default\" data-id=\"872adf3\" data-element_type=\"section\" data-settings=\"{&quot;stretch_section&quot;:&quot;section-stretched&quot;,&quot;background_background&quot;:&quot;classic&quot;}\">\n\t\t\t\t\t\t<div class=\"elementor-container elementor-column-gap-default\">\n\t\t\t\t\t<div class=\"elementor-column elementor-col-100 elementor-top-column elementor-element elementor-element-eb46070\" data-id=\"eb46070\" data-element_type=\"column\">\n\t\t\t<div class=\"elementor-widget-wrap elementor-element-populated\">\n\t\t\t\t\t\t<div class=\"elementor-element elementor-element-b488a1b elementor-widget elementor-widget-heading\" data-id=\"b488a1b\" data-element_type=\"widget\" data-widget_type=\"heading.default\">\n\t\t\t\t<div class=\"elementor-widget-container\">\n\t\t\t\t\t<h1 class=\"elementor-heading-title elementor-size-default\">Equipamentos de remedia\u00e7\u00e3o de solo<\/h1>\t\t\t\t<\/div>\n\t\t\t\t<\/div>\n\t\t\t\t\t<\/div>\n\t\t<\/div>\n\t\t\t\t\t<\/div>\n\t\t<\/section>\n\t\t\t\t<section class=\"elementor-section elementor-top-section elementor-element elementor-element-075af1b elementor-section-boxed elementor-section-height-default elementor-section-height-default\" data-id=\"075af1b\" data-element_type=\"section\">\n\t\t\t\t\t\t<div class=\"elementor-container elementor-column-gap-default\">\n\t\t\t\t\t<div class=\"elementor-column elementor-col-50 elementor-top-column elementor-element elementor-element-7df593c\" data-id=\"7df593c\" data-element_type=\"column\">\n\t\t\t<div class=\"elementor-widget-wrap elementor-element-populated\">\n\t\t\t\t\t\t<div class=\"elementor-element elementor-element-55fc5cd elementor-widget elementor-widget-image\" data-id=\"55fc5cd\" data-element_type=\"widget\" data-widget_type=\"image.default\">\n\t\t\t\t<div class=\"elementor-widget-container\">\n\t\t\t\t\t\t\t\t\t\t\t\t\t\t\t<img fetchpriority=\"high\" decoding=\"async\" width=\"886\" height=\"419\" src=\"https:\/\/solidscontrolworld.com\/wp-content\/uploads\/2024\/02\/\u5fae\u4fe1\u56fe\u7247_20240222110849.png\" class=\"attachment-full size-full wp-image-10269\" alt=\"Equipamentos de remedia\u00e7\u00e3o de solo\" srcset=\"https:\/\/solidscontrolworld.com\/wp-content\/uploads\/2024\/02\/\u5fae\u4fe1\u56fe\u7247_20240222110849.png 886w, https:\/\/solidscontrolworld.com\/wp-content\/uploads\/2024\/02\/\u5fae\u4fe1\u56fe\u7247_20240222110849-300x142.png 300w, https:\/\/solidscontrolworld.com\/wp-content\/uploads\/2024\/02\/\u5fae\u4fe1\u56fe\u7247_20240222110849-768x363.png 768w, https:\/\/solidscontrolworld.com\/wp-content\/uploads\/2024\/02\/\u5fae\u4fe1\u56fe\u7247_20240222110849-600x284.png 600w\" sizes=\"(max-width: 886px) 100vw, 886px\" \/>\t\t\t\t\t\t\t\t\t\t\t\t\t\t\t<\/div>\n\t\t\t\t<\/div>\n\t\t\t\t<div class=\"elementor-element elementor-element-b5fa809 elementor-widget__width-initial elementor-widget elementor-widget-image-gallery\" data-id=\"b5fa809\" data-element_type=\"widget\" data-widget_type=\"image-gallery.default\">\n\t\t\t\t<div class=\"elementor-widget-container\">\n\t\t\t\t\t\t\t<div class=\"elementor-image-gallery\">\n\t\t\t\n\t\t<style type=\"text\/css\">\n\t\t\t#gallery-1 {\n\t\t\t\tmargin: auto;\n\t\t\t}\n\t\t\t#gallery-1 .gallery-item {\n\t\t\t\tfloat: right;\n\t\t\t\tmargin-top: 10px;\n\t\t\t\ttext-align: center;\n\t\t\t\twidth: 25%;\n\t\t\t}\n\t\t\t#gallery-1 img {\n\t\t\t\tborder: 2px solid #cfcfcf;\n\t\t\t}\n\t\t\t#gallery-1 .gallery-caption {\n\t\t\t\tmargin-left: 0;\n\t\t\t}\n\t\t\t\/* see gallery_shortcode() in wp-includes\/media.php *\/\n\t\t<\/style>\n\t\t<div id='gallery-1' class='gallery galleryid-3078 gallery-columns-4 gallery-size-thumbnail'><dl class='gallery-item'>\n\t\t\t<dt class='gallery-icon landscape'>\n\t\t\t\t<a data-elementor-open-lightbox=\"yes\" data-elementor-lightbox-slideshow=\"b5fa809\" data-elementor-lightbox-title=\"\u5fae\u4fe1\u56fe\u7247_20240222110852\" data-e-action-hash=\"#elementor-action%3Aaction%3Dlightbox%26settings%3DeyJpZCI6MTAyNzAsInVybCI6Imh0dHBzOlwvXC9zb2xpZHNjb250cm9sd29ybGQuY29tXC93cC1jb250ZW50XC91cGxvYWRzXC8yMDI0XC8wMlwvXHU1ZmFlXHU0ZmUxXHU1NmZlXHU3MjQ3XzIwMjQwMjIyMTEwODUyLnBuZyIsInNsaWRlc2hvdyI6ImI1ZmE4MDkifQ%3D%3D\" href='https:\/\/solidscontrolworld.com\/wp-content\/uploads\/2024\/02\/\u5fae\u4fe1\u56fe\u7247_20240222110852.png'><img decoding=\"async\" width=\"150\" height=\"150\" src=\"https:\/\/solidscontrolworld.com\/wp-content\/uploads\/2024\/02\/\u5fae\u4fe1\u56fe\u7247_20240222110852-150x150.png\" class=\"attachment-thumbnail size-thumbnail\" alt=\"\" srcset=\"https:\/\/solidscontrolworld.com\/wp-content\/uploads\/2024\/02\/\u5fae\u4fe1\u56fe\u7247_20240222110852-150x150.png 150w, https:\/\/solidscontrolworld.com\/wp-content\/uploads\/2024\/02\/\u5fae\u4fe1\u56fe\u7247_20240222110852-300x300.png 300w, https:\/\/solidscontrolworld.com\/wp-content\/uploads\/2024\/02\/\u5fae\u4fe1\u56fe\u7247_20240222110852-100x100.png 100w\" sizes=\"(max-width: 150px) 100vw, 150px\" \/><\/a>\n\t\t\t<\/dt><\/dl><dl class='gallery-item'>\n\t\t\t<dt class='gallery-icon landscape'>\n\t\t\t\t<a data-elementor-open-lightbox=\"yes\" data-elementor-lightbox-slideshow=\"b5fa809\" data-elementor-lightbox-title=\"\u5fae\u4fe1\u56fe\u7247_20240222110856\" data-e-action-hash=\"#elementor-action%3Aaction%3Dlightbox%26settings%3DeyJpZCI6MTAyNzIsInVybCI6Imh0dHBzOlwvXC9zb2xpZHNjb250cm9sd29ybGQuY29tXC93cC1jb250ZW50XC91cGxvYWRzXC8yMDI0XC8wMlwvXHU1ZmFlXHU0ZmUxXHU1NmZlXHU3MjQ3XzIwMjQwMjIyMTEwODU2LnBuZyIsInNsaWRlc2hvdyI6ImI1ZmE4MDkifQ%3D%3D\" href='https:\/\/solidscontrolworld.com\/wp-content\/uploads\/2024\/02\/\u5fae\u4fe1\u56fe\u7247_20240222110856.png'><img decoding=\"async\" width=\"150\" height=\"150\" src=\"https:\/\/solidscontrolworld.com\/wp-content\/uploads\/2024\/02\/\u5fae\u4fe1\u56fe\u7247_20240222110856-150x150.png\" class=\"attachment-thumbnail size-thumbnail\" alt=\"\" srcset=\"https:\/\/solidscontrolworld.com\/wp-content\/uploads\/2024\/02\/\u5fae\u4fe1\u56fe\u7247_20240222110856-150x150.png 150w, https:\/\/solidscontrolworld.com\/wp-content\/uploads\/2024\/02\/\u5fae\u4fe1\u56fe\u7247_20240222110856-300x300.png 300w, https:\/\/solidscontrolworld.com\/wp-content\/uploads\/2024\/02\/\u5fae\u4fe1\u56fe\u7247_20240222110856-100x100.png 100w\" sizes=\"(max-width: 150px) 100vw, 150px\" \/><\/a>\n\t\t\t<\/dt><\/dl><dl class='gallery-item'>\n\t\t\t<dt class='gallery-icon landscape'>\n\t\t\t\t<a data-elementor-open-lightbox=\"yes\" data-elementor-lightbox-slideshow=\"b5fa809\" data-elementor-lightbox-title=\"\u5fae\u4fe1\u56fe\u7247_20240222110859\" data-e-action-hash=\"#elementor-action%3Aaction%3Dlightbox%26settings%3DeyJpZCI6MTAyNzMsInVybCI6Imh0dHBzOlwvXC9zb2xpZHNjb250cm9sd29ybGQuY29tXC93cC1jb250ZW50XC91cGxvYWRzXC8yMDI0XC8wMlwvXHU1ZmFlXHU0ZmUxXHU1NmZlXHU3MjQ3XzIwMjQwMjIyMTEwODU5LnBuZyIsInNsaWRlc2hvdyI6ImI1ZmE4MDkifQ%3D%3D\" href='https:\/\/solidscontrolworld.com\/wp-content\/uploads\/2024\/02\/\u5fae\u4fe1\u56fe\u7247_20240222110859.png'><img loading=\"lazy\" decoding=\"async\" width=\"150\" height=\"150\" src=\"https:\/\/solidscontrolworld.com\/wp-content\/uploads\/2024\/02\/\u5fae\u4fe1\u56fe\u7247_20240222110859-150x150.png\" class=\"attachment-thumbnail size-thumbnail\" alt=\"\" srcset=\"https:\/\/solidscontrolworld.com\/wp-content\/uploads\/2024\/02\/\u5fae\u4fe1\u56fe\u7247_20240222110859-150x150.png 150w, https:\/\/solidscontrolworld.com\/wp-content\/uploads\/2024\/02\/\u5fae\u4fe1\u56fe\u7247_20240222110859-300x300.png 300w, https:\/\/solidscontrolworld.com\/wp-content\/uploads\/2024\/02\/\u5fae\u4fe1\u56fe\u7247_20240222110859-100x100.png 100w\" sizes=\"(max-width: 150px) 100vw, 150px\" \/><\/a>\n\t\t\t<\/dt><\/dl>\n\t\t\t<br style='clear: both' \/>\n\t\t<\/div>\n\t\t<\/div>\n\t\t\t\t\t\t<\/div>\n\t\t\t\t<\/div>\n\t\t\t\t\t<\/div>\n\t\t<\/div>\n\t\t\t\t<div class=\"elementor-column elementor-col-50 elementor-top-column elementor-element elementor-element-76f53c1\" data-id=\"76f53c1\" data-element_type=\"column\">\n\t\t\t<div class=\"elementor-widget-wrap elementor-element-populated\">\n\t\t\t\t\t\t<div class=\"elementor-element elementor-element-ec1ed56 elementor-widget elementor-widget-heading\" data-id=\"ec1ed56\" data-element_type=\"widget\" data-widget_type=\"heading.default\">\n\t\t\t\t<div class=\"elementor-widget-container\">\n\t\t\t\t\t<h3 class=\"elementor-heading-title elementor-size-default\"> Equipamentos de remedia\u00e7\u00e3o de solo<\/h3>\t\t\t\t<\/div>\n\t\t\t\t<\/div>\n\t\t\t\t<div class=\"elementor-element elementor-element-a7135dc elementor-widget elementor-widget-text-editor\" data-id=\"a7135dc\" data-element_type=\"widget\" data-widget_type=\"text-editor.default\">\n\t\t\t\t<div class=\"elementor-widget-container\">\n\t\t\t\t\t\t\t\t\t<h2><strong>Equipamentos de remedia\u00e7\u00e3o de solo<\/strong><\/h2>\t\t\t\t\t\t\t\t<\/div>\n\t\t\t\t<\/div>\n\t\t\t\t<div class=\"elementor-element elementor-element-5ee9f0d elementor-button-info elementor-align-justify elementor-widget elementor-widget-button\" data-id=\"5ee9f0d\" data-element_type=\"widget\" data-widget_type=\"button.default\">\n\t\t\t\t<div class=\"elementor-widget-container\">\n\t\t\t\t\t\t\t\t\t<div class=\"elementor-button-wrapper\">\n\t\t\t\t\t<a class=\"elementor-button elementor-button-link elementor-size-md\" href=\"https:\/\/solidscontrolworld.com\/pt\/contate-nos\/\">\n\t\t\t\t\t\t<span class=\"elementor-button-content-wrapper\">\n\t\t\t\t\t\t\t\t\t<span class=\"elementor-button-text\">INQUIRA<\/span>\n\t\t\t\t\t<\/span>\n\t\t\t\t\t<\/a>\n\t\t\t\t<\/div>\n\t\t\t\t\t\t\t\t<\/div>\n\t\t\t\t<\/div>\n\t\t\t\t<div class=\"elementor-element elementor-element-99f848a elementor-button-success elementor-align-justify elementor-widget elementor-widget-button\" data-id=\"99f848a\" data-element_type=\"widget\" data-widget_type=\"button.default\">\n\t\t\t\t<div class=\"elementor-widget-container\">\n\t\t\t\t\t\t\t\t\t<div class=\"elementor-button-wrapper\">\n\t\t\t\t\t<a class=\"elementor-button elementor-button-link elementor-size-md\" href=\"https:\/\/solidscontrolworld.com\/wp-content\/uploads\/2021\/05\/Brochure%E7%9A%84%E5%89%AF%E6%9C%AC.pdf\">\n\t\t\t\t\t\t<span class=\"elementor-button-content-wrapper\">\n\t\t\t\t\t\t\t\t\t<span class=\"elementor-button-text\">Folheto<\/span>\n\t\t\t\t\t<\/span>\n\t\t\t\t\t<\/a>\n\t\t\t\t<\/div>\n\t\t\t\t\t\t\t\t<\/div>\n\t\t\t\t<\/div>\n\t\t\t\t<div class=\"elementor-element elementor-element-8f7730a elementor-share-buttons--view-icon elementor-share-buttons--skin-minimal elementor-share-buttons--shape-rounded elementor-share-buttons--align-center elementor-grid-0 elementor-share-buttons--color-official elementor-widget elementor-widget-share-buttons\" data-id=\"8f7730a\" data-element_type=\"widget\" data-widget_type=\"share-buttons.default\">\n\t\t\t\t<div class=\"elementor-widget-container\">\n\t\t\t\t\t\t\t<div class=\"elementor-grid\">\n\t\t\t\t\t\t\t\t<div class=\"elementor-grid-item\">\n\t\t\t\t\t\t<div\n\t\t\t\t\t\t\tclass=\"elementor-share-btn elementor-share-btn_facebook\"\n\t\t\t\t\t\t\trole=\"button\"\n\t\t\t\t\t\t\ttabindex=\"0\"\n\t\t\t\t\t\t\taria-label=\"Compartilhe no Facebook\"\n\t\t\t\t\t\t>\n\t\t\t\t\t\t\t\t\t\t\t\t\t\t\t<span class=\"elementor-share-btn__icon\">\n\t\t\t\t\t\t\t\t<i class=\"fab fa-facebook\" aria-hidden=\"true\"><\/i>\t\t\t\t\t\t\t<\/span>\n\t\t\t\t\t\t\t\t\t\t\t\t\t\t\t\t\t\t\t\t<\/div>\n\t\t\t\t\t<\/div>\n\t\t\t\t\t\t\t\t\t<div class=\"elementor-grid-item\">\n\t\t\t\t\t\t<div\n\t\t\t\t\t\t\tclass=\"elementor-share-btn elementor-share-btn_twitter\"\n\t\t\t\t\t\t\trole=\"button\"\n\t\t\t\t\t\t\ttabindex=\"0\"\n\t\t\t\t\t\t\taria-label=\"Compartilhe no Twitter\"\n\t\t\t\t\t\t>\n\t\t\t\t\t\t\t\t\t\t\t\t\t\t\t<span class=\"elementor-share-btn__icon\">\n\t\t\t\t\t\t\t\t<i class=\"fab fa-twitter\" aria-hidden=\"true\"><\/i>\t\t\t\t\t\t\t<\/span>\n\t\t\t\t\t\t\t\t\t\t\t\t\t\t\t\t\t\t\t\t<\/div>\n\t\t\t\t\t<\/div>\n\t\t\t\t\t\t\t\t\t<div class=\"elementor-grid-item\">\n\t\t\t\t\t\t<div\n\t\t\t\t\t\t\tclass=\"elementor-share-btn elementor-share-btn_linkedin\"\n\t\t\t\t\t\t\trole=\"button\"\n\t\t\t\t\t\t\ttabindex=\"0\"\n\t\t\t\t\t\t\taria-label=\"Compartilhe no LinkedIn\"\n\t\t\t\t\t\t>\n\t\t\t\t\t\t\t\t\t\t\t\t\t\t\t<span class=\"elementor-share-btn__icon\">\n\t\t\t\t\t\t\t\t<i class=\"fab fa-linkedin\" aria-hidden=\"true\"><\/i>\t\t\t\t\t\t\t<\/span>\n\t\t\t\t\t\t\t\t\t\t\t\t\t\t\t\t\t\t\t\t<\/div>\n\t\t\t\t\t<\/div>\n\t\t\t\t\t\t<\/div>\n\t\t\t\t\t\t<\/div>\n\t\t\t\t<\/div>\n\t\t\t\t\t<\/div>\n\t\t<\/div>\n\t\t\t\t\t<\/div>\n\t\t<\/section>\n\t\t\t\t<section class=\"elementor-section elementor-top-section elementor-element elementor-element-66231ec elementor-section-boxed elementor-section-height-default elementor-section-height-default\" data-id=\"66231ec\" data-element_type=\"section\">\n\t\t\t\t\t\t<div class=\"elementor-container elementor-column-gap-default\">\n\t\t\t\t\t<div class=\"elementor-column elementor-col-100 elementor-top-column elementor-element elementor-element-d2c7a4e\" data-id=\"d2c7a4e\" data-element_type=\"column\">\n\t\t\t<div class=\"elementor-widget-wrap elementor-element-populated\">\n\t\t\t\t\t\t<div class=\"elementor-element elementor-element-ca286dc elementor-widget elementor-widget-text-editor\" data-id=\"ca286dc\" data-element_type=\"widget\" data-widget_type=\"text-editor.default\">\n\t\t\t\t<div class=\"elementor-widget-container\">\n\t\t\t\t\t\t\t\t\t<p><strong><b>Compreendendo a remedia\u00e7\u00e3o do solo:<\/b><\/strong><\/p><p><span title=\"equipamento de remedia\u00e7\u00e3o de solo\">Remedia\u00e7\u00e3o do solo<\/span> refere-se ao processo de restaura\u00e7\u00e3o de solo contaminado a um estado limpo e seguro. Isso envolve a remo\u00e7\u00e3o ou neutraliza\u00e7\u00e3o de poluentes, garantindo que o solo possa novamente sustentar o crescimento saud\u00e1vel das plantas e as fun\u00e7\u00f5es do ecossistema. A remedia\u00e7\u00e3o do solo \u00e9 essencial para a revitaliza\u00e7\u00e3o de brownfields, \u00e1reas industriais contaminadas e \u00e1reas afetadas por vazamentos de produtos qu\u00edmicos.<\/p><p><strong><b>O papel do equipamento de remedia\u00e7\u00e3o do solo:<\/b><\/strong><\/p><p>Os equipamentos de remedia\u00e7\u00e3o de solo abrangem uma gama de tecnologias e m\u00e1quinas projetadas para lidar com diferentes tipos de contamina\u00e7\u00e3o do solo. Aqui est\u00e3o alguns componentes principais:<\/p><p><strong><b>Escavadeiras e carregadeiras: <\/b><\/strong>Essas unidades de m\u00e1quinas pesadas s\u00e3o usadas para remover solo contaminado do local para tratamento ou descarte.<\/p><p><strong><b>Equipamentos para mistura e mistura de solo: <\/b><\/strong>Para tratar solo contaminado in situ (no local), s\u00e3o utilizados equipamentos como m\u00e1quinas de mistura de solo ou unidades de mistura de solo. Eles misturam o solo com aditivos como estabilizantes de solo ou agentes de biorremedia\u00e7\u00e3o para decompor ou imobilizar os contaminantes.<\/p><p><strong><b>Sistemas de Lavagem de Solo: <\/b><\/strong>Esses sistemas utilizam \u00e1gua ou outros solventes para remover contaminantes do solo. Posteriormente, o efluente \u00e9 tratado separadamente.<\/p><p><strong><b>Unidades de Tratamento T\u00e9rmico: <\/b><\/strong>Tecnologias como unidades de dessor\u00e7\u00e3o t\u00e9rmica e incineradores podem destruir termicamente ou volatilizar contaminantes, deixando solo limpo.<\/p><p><strong><b>Equipamentos de Biorremedia\u00e7\u00e3o:<\/b><\/strong>\u00a0A biorremedia\u00e7\u00e3o envolve o uso de microrganismos para degradar contaminantes. Os equipamentos para biorremedia\u00e7\u00e3o podem incluir sistemas de aera\u00e7\u00e3o, biorreatores e ferramentas de monitoramento.<\/p><p><strong><b>Sistemas de tratamento de \u00e1guas subterr\u00e2neas:<\/b><\/strong>\u00a0Nos casos em que a contamina\u00e7\u00e3o penetrou nas \u00e1guas subterr\u00e2neas, equipamentos especializados, como sistemas de bombeamento e tratamento, podem remediar o solo e as \u00e1guas subterr\u00e2neas simultaneamente.<\/p><p><strong><b>Benef\u00edcios do equipamento de remedia\u00e7\u00e3o do solo:<\/b><\/strong><\/p><p><strong><b>Prote\u00e7\u00e3o Ambiental: <\/b><\/strong>Equipamentos de remedia\u00e7\u00e3o de solo ajudam a proteger ecossistemas e evitar a dissemina\u00e7\u00e3o de contaminantes para outras \u00e1reas, protegendo fontes de \u00e1gua e a vida selvagem.<\/p><p><strong><b>Sa\u00fade e Seguran\u00e7a:<\/b><\/strong>\u00a0Ao limpar o solo contaminado, a remedia\u00e7\u00e3o do solo reduz os riscos \u00e0 sa\u00fade das comunidades e trabalhadores pr\u00f3ximos.<\/p><p><strong><b>Reutiliza\u00e7\u00e3o de propriedade: <\/b><\/strong>Terrenos recuperados se tornam adequados para reconstru\u00e7\u00e3o, reduzindo a demanda por novas terras e promovendo o uso sustent\u00e1vel da terra.<\/p><p><strong><b>Conformidade regulat\u00f3ria:<\/b><\/strong>\u00a0A conformidade com as regulamenta\u00e7\u00f5es ambientais \u00e9 crucial para evitar multas e responsabilidades legais.<\/p><p>Procurando resolver os desafios da contamina\u00e7\u00e3o do solo de forma eficaz e eficiente? N\u00e3o procure mais! <a href=\"https:\/\/solidscontrolworld.com\/pt\/\">Mundo de controle de s\u00f3lidos<\/a> \u00e9 o seu parceiro de confian\u00e7a para equipamentos de \u00faltima gera\u00e7\u00e3o para remedia\u00e7\u00e3o de solos e solu\u00e7\u00f5es personalizadas. Nossa equipe de especialistas est\u00e1 pronta para ajud\u00e1-lo a encontrar o equipamento e a estrat\u00e9gia perfeitos para restaurar a sa\u00fade ambiental. Entre em contato conosco hoje mesmo para embarcar em sua jornada rumo a um solo mais limpo e saud\u00e1vel e a um futuro mais sustent\u00e1vel.<\/p>\t\t\t\t\t\t\t\t<\/div>\n\t\t\t\t<\/div>\n\t\t\t\t\t<\/div>\n\t\t<\/div>\n\t\t\t\t\t<\/div>\n\t\t<\/section>\n\t\t\t\t<\/div>","protected":false},"excerpt":{"rendered":"<p>Equipamentos para Remedia\u00e7\u00e3o de Solo Equipamentos para Remedia\u00e7\u00e3o de Solo Equipamentos para Remedia\u00e7\u00e3o de Solo CONSULTE Brochura Compreendendo a Remedia\u00e7\u00e3o de Solo: A remedia\u00e7\u00e3o de solo refere-se ao processo de restaura\u00e7\u00e3o de solo contaminado a um estado limpo e seguro. Isso envolve a remo\u00e7\u00e3o ou neutraliza\u00e7\u00e3o de poluentes, garantindo que o solo possa novamente sustentar o crescimento saud\u00e1vel das plantas e o ecossistema [\u2026]<\/p>","protected":false},"author":1,"featured_media":1489,"parent":0,"menu_order":32,"comment_status":"closed","ping_status":"closed","template":"","meta":{"_seopress_robots_primary_cat":"","_seopress_titles_title":"","_seopress_titles_desc":"","_seopress_robots_index":"","footnotes":""},"class_list":["post-3078","page","type-page","status-publish","has-post-thumbnail","hentry"],"yoast_head":"<!-- This site is optimized with the Yoast SEO plugin v25.1 - https:\/\/yoast.com\/wordpress\/plugins\/seo\/ -->\n<title>Soil Remediation Equipment - Solids Control World<\/title>\n<meta name=\"description\" content=\"Find effective soil remediation equipment for removing contaminants and restoring land. Improve your environmental projects with reliable solutions tailored to your needs.\" \/>\n<meta name=\"robots\" content=\"index, follow, max-snippet:-1, max-image-preview:large, max-video-preview:-1\" \/>\n<link rel=\"canonical\" href=\"https:\/\/solidscontrolworld.com\/pt\/equipamento-de-remediacao-de-solo\/\" \/>\n<meta property=\"og:locale\" content=\"pt_BR\" \/>\n<meta property=\"og:type\" content=\"article\" \/>\n<meta property=\"og:title\" content=\"Soil Remediation Equipment - Solids Control World\" \/>\n<meta property=\"og:description\" content=\"Find effective soil remediation equipment for removing contaminants and restoring land. Improve your environmental projects with reliable solutions tailored to your needs.\" \/>\n<meta property=\"og:url\" content=\"https:\/\/solidscontrolworld.com\/pt\/equipamento-de-remediacao-de-solo\/\" \/>\n<meta property=\"og:site_name\" content=\"Solids Control World\" \/>\n<meta property=\"article:modified_time\" content=\"2024-10-25T06:04:39+00:00\" \/>\n<meta property=\"og:image\" content=\"https:\/\/solidscontrolworld.com\/wp-content\/uploads\/2021\/05\/\u56fe\u72479-300x193-145.jpg\" \/>\n\t<meta property=\"og:image:width\" content=\"300\" \/>\n\t<meta property=\"og:image:height\" content=\"193\" \/>\n\t<meta property=\"og:image:type\" content=\"image\/jpeg\" \/>\n<meta name=\"twitter:card\" content=\"summary_large_image\" \/>\n<meta name=\"twitter:label1\" content=\"Est. tempo de leitura\" \/>\n\t<meta name=\"twitter:data1\" content=\"3 minutos\" \/>\n<!-- \/ Yoast SEO plugin. -->","yoast_head_json":{"title":"Equipamentos para Remedia\u00e7\u00e3o de Solos - Solids Control World","description":"Encontre equipamentos eficazes de remedia\u00e7\u00e3o de solos para remover contaminantes e restaurar terrenos. Aprimore seus projetos ambientais com solu\u00e7\u00f5es confi\u00e1veis e personalizadas para atender \u00e0s suas necessidades.","robots":{"index":"index","follow":"follow","max-snippet":"max-snippet:-1","max-image-preview":"max-image-preview:large","max-video-preview":"max-video-preview:-1"},"canonical":"https:\/\/solidscontrolworld.com\/pt\/equipamento-de-remediacao-de-solo\/","og_locale":"pt_BR","og_type":"article","og_title":"Soil Remediation Equipment - Solids Control World","og_description":"Find effective soil remediation equipment for removing contaminants and restoring land. Improve your environmental projects with reliable solutions tailored to your needs.","og_url":"https:\/\/solidscontrolworld.com\/pt\/equipamento-de-remediacao-de-solo\/","og_site_name":"Solids Control World","article_modified_time":"2024-10-25T06:04:39+00:00","og_image":[{"width":300,"height":193,"url":"https:\/\/solidscontrolworld.com\/wp-content\/uploads\/2021\/05\/\u56fe\u72479-300x193-145.jpg","type":"image\/jpeg"}],"twitter_card":"summary_large_image","twitter_misc":{"Est. tempo de leitura":"3 minutos"},"schema":{"@context":"https:\/\/schema.org","@graph":[{"@type":"WebPage","@id":"https:\/\/solidscontrolworld.com\/soil-remediation-equipment\/","url":"https:\/\/solidscontrolworld.com\/soil-remediation-equipment\/","name":"Equipamentos para Remedia\u00e7\u00e3o de Solos - Solids Control World","isPartOf":{"@id":"https:\/\/solidscontrolworld.com\/#website"},"primaryImageOfPage":{"@id":"https:\/\/solidscontrolworld.com\/soil-remediation-equipment\/#primaryimage"},"image":{"@id":"https:\/\/solidscontrolworld.com\/soil-remediation-equipment\/#primaryimage"},"thumbnailUrl":"https:\/\/solidscontrolworld.com\/wp-content\/uploads\/2021\/05\/\u56fe\u72479-300x193-145.jpg","datePublished":"2021-05-27T11:38:08+00:00","dateModified":"2024-10-25T06:04:39+00:00","description":"Encontre equipamentos eficazes de remedia\u00e7\u00e3o de solos para remover contaminantes e restaurar terrenos. Aprimore seus projetos ambientais com solu\u00e7\u00f5es confi\u00e1veis e personalizadas para atender \u00e0s suas necessidades.","breadcrumb":{"@id":"https:\/\/solidscontrolworld.com\/soil-remediation-equipment\/#breadcrumb"},"inLanguage":"pt-BR","potentialAction":[{"@type":"ReadAction","target":["https:\/\/solidscontrolworld.com\/soil-remediation-equipment\/"]}]},{"@type":"ImageObject","inLanguage":"pt-BR","@id":"https:\/\/solidscontrolworld.com\/soil-remediation-equipment\/#primaryimage","url":"https:\/\/solidscontrolworld.com\/wp-content\/uploads\/2021\/05\/\u56fe\u72479-300x193-145.jpg","contentUrl":"https:\/\/solidscontrolworld.com\/wp-content\/uploads\/2021\/05\/\u56fe\u72479-300x193-145.jpg","width":300,"height":193},{"@type":"BreadcrumbList","@id":"https:\/\/solidscontrolworld.com\/soil-remediation-equipment\/#breadcrumb","itemListElement":[{"@type":"ListItem","position":1,"name":"Home","item":"https:\/\/solidscontrolworld.com\/"},{"@type":"ListItem","position":2,"name":"Soil Remediation Equipment"}]},{"@type":"WebSite","@id":"https:\/\/solidscontrolworld.com\/#website","url":"https:\/\/solidscontrolworld.com\/","name":"Mundo de controle de s\u00f3lidos","description":"","publisher":{"@id":"https:\/\/solidscontrolworld.com\/#\/schema\/person\/2c126362537c0f0e6d4a8dfba9fc68b0"},"potentialAction":[{"@type":"SearchAction","target":{"@type":"EntryPoint","urlTemplate":"https:\/\/solidscontrolworld.com\/?s={search_term_string}"},"query-input":{"@type":"PropertyValueSpecification","valueRequired":true,"valueName":"search_term_string"}}],"inLanguage":"pt-BR"},{"@type":["Person","Organization"],"@id":"https:\/\/solidscontrolworld.com\/#\/schema\/person\/2c126362537c0f0e6d4a8dfba9fc68b0","name":"mundo de controle de s\u00f3lidos","logo":{"@id":"https:\/\/solidscontrolworld.com\/#\/schema\/person\/image\/"},"sameAs":["https:\/\/solidscontrolworld.com"]}]}},"_links":{"self":[{"href":"https:\/\/solidscontrolworld.com\/pt\/wp-json\/wp\/v2\/pages\/3078","targetHints":{"allow":["GET"]}}],"collection":[{"href":"https:\/\/solidscontrolworld.com\/pt\/wp-json\/wp\/v2\/pages"}],"about":[{"href":"https:\/\/solidscontrolworld.com\/pt\/wp-json\/wp\/v2\/types\/page"}],"author":[{"embeddable":true,"href":"https:\/\/solidscontrolworld.com\/pt\/wp-json\/wp\/v2\/users\/1"}],"replies":[{"embeddable":true,"href":"https:\/\/solidscontrolworld.com\/pt\/wp-json\/wp\/v2\/comments?post=3078"}],"version-history":[{"count":8,"href":"https:\/\/solidscontrolworld.com\/pt\/wp-json\/wp\/v2\/pages\/3078\/revisions"}],"predecessor-version":[{"id":11240,"href":"https:\/\/solidscontrolworld.com\/pt\/wp-json\/wp\/v2\/pages\/3078\/revisions\/11240"}],"wp:featuredmedia":[{"embeddable":true,"href":"https:\/\/solidscontrolworld.com\/pt\/wp-json\/wp\/v2\/media\/1489"}],"wp:attachment":[{"href":"https:\/\/solidscontrolworld.com\/pt\/wp-json\/wp\/v2\/media?parent=3078"}],"curies":[{"name":"wp","href":"https:\/\/api.w.org\/{rel}","templated":true}]}}