{"id":3150,"date":"2021-05-31T15:07:19","date_gmt":"2021-05-31T15:07:19","guid":{"rendered":"https:\/\/solidscontrolworld.com\/?page_id=3150"},"modified":"2025-05-26T07:31:28","modified_gmt":"2025-05-26T07:31:28","slug":"estacao-de-tratamento-de-chorume","status":"publish","type":"page","link":"https:\/\/solidscontrolworld.com\/pt\/estacao-de-tratamento-de-chorume\/","title":{"rendered":"Esta\u00e7\u00e3o de tratamento de chorume"},"content":{"rendered":"<div data-elementor-type=\"wp-page\" data-elementor-id=\"3150\" class=\"elementor elementor-3150\">\n\t\t\t\t\t\t<section class=\"elementor-section elementor-top-section elementor-element elementor-element-3617680e elementor-section-full_width elementor-section-stretched elementor-section-height-default elementor-section-height-default\" data-id=\"3617680e\" data-element_type=\"section\" data-settings=\"{&quot;stretch_section&quot;:&quot;section-stretched&quot;,&quot;background_background&quot;:&quot;classic&quot;}\">\n\t\t\t\t\t\t<div class=\"elementor-container elementor-column-gap-default\">\n\t\t\t\t\t<div class=\"elementor-column elementor-col-100 elementor-top-column elementor-element elementor-element-6a000d83\" data-id=\"6a000d83\" data-element_type=\"column\">\n\t\t\t<div class=\"elementor-widget-wrap elementor-element-populated\">\n\t\t\t\t\t\t<div class=\"elementor-element elementor-element-1dec9f58 elementor-widget elementor-widget-heading\" data-id=\"1dec9f58\" data-element_type=\"widget\" data-widget_type=\"heading.default\">\n\t\t\t\t<div class=\"elementor-widget-container\">\n\t\t\t\t\t<h1 class=\"elementor-heading-title elementor-size-default\">Esta\u00e7\u00e3o de tratamento de chorume<\/h1>\t\t\t\t<\/div>\n\t\t\t\t<\/div>\n\t\t\t\t\t<\/div>\n\t\t<\/div>\n\t\t\t\t\t<\/div>\n\t\t<\/section>\n\t\t\t\t<section class=\"elementor-section elementor-top-section elementor-element elementor-element-1dc53eca elementor-section-boxed elementor-section-height-default elementor-section-height-default\" data-id=\"1dc53eca\" data-element_type=\"section\">\n\t\t\t\t\t\t<div class=\"elementor-container elementor-column-gap-default\">\n\t\t\t\t\t<div class=\"elementor-column elementor-col-50 elementor-top-column elementor-element elementor-element-104eb07f\" data-id=\"104eb07f\" data-element_type=\"column\">\n\t\t\t<div class=\"elementor-widget-wrap elementor-element-populated\">\n\t\t\t\t\t\t<div class=\"elementor-element elementor-element-6b1a070 elementor-widget elementor-widget-image\" data-id=\"6b1a070\" data-element_type=\"widget\" data-widget_type=\"image.default\">\n\t\t\t\t<div class=\"elementor-widget-container\">\n\t\t\t\t\t\t\t\t\t\t\t\t\t\t\t<img fetchpriority=\"high\" decoding=\"async\" width=\"300\" height=\"193\" src=\"https:\/\/solidscontrolworld.com\/wp-content\/uploads\/2024\/02\/\u56fe\u72479-300x193-1z-1.png\" class=\"attachment-full size-full wp-image-10262\" alt=\"Sistema de tratamento de chorume\" \/>\t\t\t\t\t\t\t\t\t\t\t\t\t\t\t<\/div>\n\t\t\t\t<\/div>\n\t\t\t\t<div class=\"elementor-element elementor-element-58d4c149 elementor-widget elementor-widget-image-gallery\" data-id=\"58d4c149\" data-element_type=\"widget\" data-widget_type=\"image-gallery.default\">\n\t\t\t\t<div class=\"elementor-widget-container\">\n\t\t\t\t\t\t\t<div class=\"elementor-image-gallery\">\n\t\t\t\n\t\t<style type=\"text\/css\">\n\t\t\t#gallery-1 {\n\t\t\t\tmargin: auto;\n\t\t\t}\n\t\t\t#gallery-1 .gallery-item {\n\t\t\t\tfloat: left;\n\t\t\t\tmargin-top: 10px;\n\t\t\t\ttext-align: center;\n\t\t\t\twidth: 25%;\n\t\t\t}\n\t\t\t#gallery-1 img {\n\t\t\t\tborder: 2px solid #cfcfcf;\n\t\t\t}\n\t\t\t#gallery-1 .gallery-caption {\n\t\t\t\tmargin-left: 0;\n\t\t\t}\n\t\t\t\/* see gallery_shortcode() in wp-includes\/media.php *\/\n\t\t<\/style>\n\t\t<div id='gallery-1' class='gallery galleryid-3150 gallery-columns-4 gallery-size-thumbnail'><dl class='gallery-item'>\n\t\t\t<dt class='gallery-icon landscape'>\n\t\t\t\t<a data-elementor-open-lightbox=\"yes\" data-elementor-lightbox-slideshow=\"58d4c149\" data-elementor-lightbox-title=\"\u5fae\u4fe1\u56fe\u7247_20240222102402\" data-e-action-hash=\"#elementor-action%3Aaction%3Dlightbox%26settings%3DeyJpZCI6MTAyNjMsInVybCI6Imh0dHBzOlwvXC9zb2xpZHNjb250cm9sd29ybGQuY29tXC93cC1jb250ZW50XC91cGxvYWRzXC8yMDI0XC8wMlwvXHU1ZmFlXHU0ZmUxXHU1NmZlXHU3MjQ3XzIwMjQwMjIyMTAyNDAyLTEucG5nIiwic2xpZGVzaG93IjoiNThkNGMxNDkifQ%3D%3D\" href='https:\/\/solidscontrolworld.com\/wp-content\/uploads\/2024\/02\/\u5fae\u4fe1\u56fe\u7247_20240222102402-1.png'><img decoding=\"async\" width=\"150\" height=\"150\" src=\"https:\/\/solidscontrolworld.com\/wp-content\/uploads\/2024\/02\/\u5fae\u4fe1\u56fe\u7247_20240222102402-1-150x150.png\" class=\"attachment-thumbnail size-thumbnail\" alt=\"\" srcset=\"https:\/\/solidscontrolworld.com\/wp-content\/uploads\/2024\/02\/\u5fae\u4fe1\u56fe\u7247_20240222102402-1-150x150.png 150w, https:\/\/solidscontrolworld.com\/wp-content\/uploads\/2024\/02\/\u5fae\u4fe1\u56fe\u7247_20240222102402-1-300x300.png 300w, https:\/\/solidscontrolworld.com\/wp-content\/uploads\/2024\/02\/\u5fae\u4fe1\u56fe\u7247_20240222102402-1-100x100.png 100w\" sizes=\"(max-width: 150px) 100vw, 150px\" \/><\/a>\n\t\t\t<\/dt><\/dl><dl class='gallery-item'>\n\t\t\t<dt class='gallery-icon landscape'>\n\t\t\t\t<a data-elementor-open-lightbox=\"yes\" data-elementor-lightbox-slideshow=\"58d4c149\" data-elementor-lightbox-title=\"993728315b5fb4990f5208941fa3df6f\" data-e-action-hash=\"#elementor-action%3Aaction%3Dlightbox%26settings%3DeyJpZCI6MTAyNTgsInVybCI6Imh0dHBzOlwvXC9zb2xpZHNjb250cm9sd29ybGQuY29tXC93cC1jb250ZW50XC91cGxvYWRzXC8yMDI0XC8wMlwvOTkzNzI4MzE1YjVmYjQ5OTBmNTIwODk0MWZhM2RmNmYucG5nIiwic2xpZGVzaG93IjoiNThkNGMxNDkifQ%3D%3D\" href='https:\/\/solidscontrolworld.com\/wp-content\/uploads\/2024\/02\/993728315b5fb4990f5208941fa3df6f.png'><img decoding=\"async\" width=\"150\" height=\"150\" src=\"https:\/\/solidscontrolworld.com\/wp-content\/uploads\/2024\/02\/993728315b5fb4990f5208941fa3df6f-150x150.png\" class=\"attachment-thumbnail size-thumbnail\" alt=\"\" srcset=\"https:\/\/solidscontrolworld.com\/wp-content\/uploads\/2024\/02\/993728315b5fb4990f5208941fa3df6f-150x150.png 150w, https:\/\/solidscontrolworld.com\/wp-content\/uploads\/2024\/02\/993728315b5fb4990f5208941fa3df6f-300x300.png 300w, https:\/\/solidscontrolworld.com\/wp-content\/uploads\/2024\/02\/993728315b5fb4990f5208941fa3df6f-100x100.png 100w\" sizes=\"(max-width: 150px) 100vw, 150px\" \/><\/a>\n\t\t\t<\/dt><\/dl><dl class='gallery-item'>\n\t\t\t<dt class='gallery-icon landscape'>\n\t\t\t\t<a data-elementor-open-lightbox=\"yes\" data-elementor-lightbox-slideshow=\"58d4c149\" data-elementor-lightbox-title=\"\u5fae\u4fe1\u56fe\u7247_20240222105331\" data-e-action-hash=\"#elementor-action%3Aaction%3Dlightbox%26settings%3DeyJpZCI6MTAyNjUsInVybCI6Imh0dHBzOlwvXC9zb2xpZHNjb250cm9sd29ybGQuY29tXC93cC1jb250ZW50XC91cGxvYWRzXC8yMDI0XC8wMlwvXHU1ZmFlXHU0ZmUxXHU1NmZlXHU3MjQ3XzIwMjQwMjIyMTA1MzMxLnBuZyIsInNsaWRlc2hvdyI6IjU4ZDRjMTQ5In0%3D\" href='https:\/\/solidscontrolworld.com\/wp-content\/uploads\/2024\/02\/\u5fae\u4fe1\u56fe\u7247_20240222105331.png'><img loading=\"lazy\" decoding=\"async\" width=\"150\" height=\"150\" src=\"https:\/\/solidscontrolworld.com\/wp-content\/uploads\/2024\/02\/\u5fae\u4fe1\u56fe\u7247_20240222105331-150x150.png\" class=\"attachment-thumbnail size-thumbnail\" alt=\"\" srcset=\"https:\/\/solidscontrolworld.com\/wp-content\/uploads\/2024\/02\/\u5fae\u4fe1\u56fe\u7247_20240222105331-150x150.png 150w, https:\/\/solidscontrolworld.com\/wp-content\/uploads\/2024\/02\/\u5fae\u4fe1\u56fe\u7247_20240222105331-300x300.png 300w, https:\/\/solidscontrolworld.com\/wp-content\/uploads\/2024\/02\/\u5fae\u4fe1\u56fe\u7247_20240222105331-100x100.png 100w\" sizes=\"(max-width: 150px) 100vw, 150px\" \/><\/a>\n\t\t\t<\/dt><\/dl>\n\t\t\t<br style='clear: both' \/>\n\t\t<\/div>\n\t\t<\/div>\n\t\t\t\t\t\t<\/div>\n\t\t\t\t<\/div>\n\t\t\t\t\t<\/div>\n\t\t<\/div>\n\t\t\t\t<div class=\"elementor-column elementor-col-50 elementor-top-column elementor-element elementor-element-1460f4b5\" data-id=\"1460f4b5\" data-element_type=\"column\">\n\t\t\t<div class=\"elementor-widget-wrap elementor-element-populated\">\n\t\t\t\t\t\t<div class=\"elementor-element elementor-element-df86a62 elementor-widget elementor-widget-heading\" data-id=\"df86a62\" data-element_type=\"widget\" data-widget_type=\"heading.default\">\n\t\t\t\t<div class=\"elementor-widget-container\">\n\t\t\t\t\t<h3 class=\"elementor-heading-title elementor-size-default\">Sistema de tratamento de chorume<\/h3>\t\t\t\t<\/div>\n\t\t\t\t<\/div>\n\t\t\t\t<div class=\"elementor-element elementor-element-3f070bfc elementor-widget elementor-widget-text-editor\" data-id=\"3f070bfc\" data-element_type=\"widget\" data-widget_type=\"text-editor.default\">\n\t\t\t\t<div class=\"elementor-widget-container\">\n\t\t\t\t\t\t\t\t\t<p><strong>Telefone: <\/strong>+86-13784677772<\/p><p><strong>Fax: <\/strong>+86-315-7651760<\/p><p><strong>Hor\u00e1rio de funcionamento:<\/strong><br \/>Seg-Sex: 8:00-17:30<\/p><p>Categoria:\u00a0<a href=\"https:\/\/solidscontrolworld.com\/pt\/equipamento-de-remediacao-de-solo\/\" rel=\"tag\">Esta\u00e7\u00e3o de tratamento de chorume<\/a><\/p>\t\t\t\t\t\t\t\t<\/div>\n\t\t\t\t<\/div>\n\t\t\t\t<div class=\"elementor-element elementor-element-4543f1ac elementor-button-info elementor-align-justify elementor-widget elementor-widget-button\" data-id=\"4543f1ac\" data-element_type=\"widget\" data-widget_type=\"button.default\">\n\t\t\t\t<div class=\"elementor-widget-container\">\n\t\t\t\t\t\t\t\t\t<div class=\"elementor-button-wrapper\">\n\t\t\t\t\t<a class=\"elementor-button elementor-button-link elementor-size-md\" href=\"https:\/\/solidscontrolworld.com\/pt\/contate-nos\/\">\n\t\t\t\t\t\t<span class=\"elementor-button-content-wrapper\">\n\t\t\t\t\t\t\t\t\t<span class=\"elementor-button-text\">INQUIRA<\/span>\n\t\t\t\t\t<\/span>\n\t\t\t\t\t<\/a>\n\t\t\t\t<\/div>\n\t\t\t\t\t\t\t\t<\/div>\n\t\t\t\t<\/div>\n\t\t\t\t<div class=\"elementor-element elementor-element-49888a96 elementor-button-success elementor-align-justify elementor-widget elementor-widget-button\" data-id=\"49888a96\" data-element_type=\"widget\" data-widget_type=\"button.default\">\n\t\t\t\t<div class=\"elementor-widget-container\">\n\t\t\t\t\t\t\t\t\t<div class=\"elementor-button-wrapper\">\n\t\t\t\t\t<a class=\"elementor-button elementor-button-link elementor-size-md\" href=\"https:\/\/solidscontrolworld.com\/wp-content\/uploads\/2021\/05\/Brochure%E7%9A%84%E5%89%AF%E6%9C%AC.pdf\">\n\t\t\t\t\t\t<span class=\"elementor-button-content-wrapper\">\n\t\t\t\t\t\t\t\t\t<span class=\"elementor-button-text\">Folheto<\/span>\n\t\t\t\t\t<\/span>\n\t\t\t\t\t<\/a>\n\t\t\t\t<\/div>\n\t\t\t\t\t\t\t\t<\/div>\n\t\t\t\t<\/div>\n\t\t\t\t<div class=\"elementor-element elementor-element-2a3eb4d6 elementor-share-buttons--view-icon elementor-share-buttons--skin-minimal elementor-share-buttons--shape-rounded elementor-share-buttons--align-center elementor-grid-0 elementor-share-buttons--color-official elementor-widget elementor-widget-share-buttons\" data-id=\"2a3eb4d6\" data-element_type=\"widget\" data-widget_type=\"share-buttons.default\">\n\t\t\t\t<div class=\"elementor-widget-container\">\n\t\t\t\t\t\t\t<div class=\"elementor-grid\">\n\t\t\t\t\t\t\t\t<div class=\"elementor-grid-item\">\n\t\t\t\t\t\t<div\n\t\t\t\t\t\t\tclass=\"elementor-share-btn elementor-share-btn_facebook\"\n\t\t\t\t\t\t\trole=\"button\"\n\t\t\t\t\t\t\ttabindex=\"0\"\n\t\t\t\t\t\t\taria-label=\"Compartilhe no Facebook\"\n\t\t\t\t\t\t>\n\t\t\t\t\t\t\t\t\t\t\t\t\t\t\t<span class=\"elementor-share-btn__icon\">\n\t\t\t\t\t\t\t\t<i class=\"fab fa-facebook\" aria-hidden=\"true\"><\/i>\t\t\t\t\t\t\t<\/span>\n\t\t\t\t\t\t\t\t\t\t\t\t\t\t\t\t\t\t\t\t<\/div>\n\t\t\t\t\t<\/div>\n\t\t\t\t\t\t\t\t\t<div class=\"elementor-grid-item\">\n\t\t\t\t\t\t<div\n\t\t\t\t\t\t\tclass=\"elementor-share-btn elementor-share-btn_twitter\"\n\t\t\t\t\t\t\trole=\"button\"\n\t\t\t\t\t\t\ttabindex=\"0\"\n\t\t\t\t\t\t\taria-label=\"Compartilhe no Twitter\"\n\t\t\t\t\t\t>\n\t\t\t\t\t\t\t\t\t\t\t\t\t\t\t<span class=\"elementor-share-btn__icon\">\n\t\t\t\t\t\t\t\t<i class=\"fab fa-twitter\" aria-hidden=\"true\"><\/i>\t\t\t\t\t\t\t<\/span>\n\t\t\t\t\t\t\t\t\t\t\t\t\t\t\t\t\t\t\t\t<\/div>\n\t\t\t\t\t<\/div>\n\t\t\t\t\t\t\t\t\t<div class=\"elementor-grid-item\">\n\t\t\t\t\t\t<div\n\t\t\t\t\t\t\tclass=\"elementor-share-btn elementor-share-btn_linkedin\"\n\t\t\t\t\t\t\trole=\"button\"\n\t\t\t\t\t\t\ttabindex=\"0\"\n\t\t\t\t\t\t\taria-label=\"Compartilhe no LinkedIn\"\n\t\t\t\t\t\t>\n\t\t\t\t\t\t\t\t\t\t\t\t\t\t\t<span class=\"elementor-share-btn__icon\">\n\t\t\t\t\t\t\t\t<i class=\"fab fa-linkedin\" aria-hidden=\"true\"><\/i>\t\t\t\t\t\t\t<\/span>\n\t\t\t\t\t\t\t\t\t\t\t\t\t\t\t\t\t\t\t\t<\/div>\n\t\t\t\t\t<\/div>\n\t\t\t\t\t\t<\/div>\n\t\t\t\t\t\t<\/div>\n\t\t\t\t<\/div>\n\t\t\t\t\t<\/div>\n\t\t<\/div>\n\t\t\t\t\t<\/div>\n\t\t<\/section>\n\t\t\t\t<section class=\"elementor-section elementor-top-section elementor-element elementor-element-93dc90b elementor-section-boxed elementor-section-height-default elementor-section-height-default\" data-id=\"93dc90b\" data-element_type=\"section\">\n\t\t\t\t\t\t<div class=\"elementor-container elementor-column-gap-default\">\n\t\t\t\t\t<div class=\"elementor-column elementor-col-100 elementor-top-column elementor-element elementor-element-501defc\" data-id=\"501defc\" data-element_type=\"column\">\n\t\t\t<div class=\"elementor-widget-wrap elementor-element-populated\">\n\t\t\t\t\t\t<div class=\"elementor-element elementor-element-4c0b697 elementor-widget elementor-widget-text-editor\" data-id=\"4c0b697\" data-element_type=\"widget\" data-widget_type=\"text-editor.default\">\n\t\t\t\t<div class=\"elementor-widget-container\">\n\t\t\t\t\t\t\t\t\t<p style=\"text-align: left;\">Minera\u00e7\u00e3o e Processamento de Minerais: <span title=\"sistema de separa\u00e7\u00e3o de lama\">Sistemas de tratamento de chorume<\/span> s\u00e3o amplamente utilizados na minera\u00e7\u00e3o para <span title=\"sistema de separa\u00e7\u00e3o de lama\">separar<\/span> minerais valiosos a partir de res\u00edduos na forma de rejeitos. Isso n\u00e3o apenas maximiza a recupera\u00e7\u00e3o de recursos, mas tamb\u00e9m minimiza o impacto ambiental das atividades de minera\u00e7\u00e3o.<\/p><p style=\"text-align: left;\">Ind\u00fastria de Petr\u00f3leo e G\u00e1s: As opera\u00e7\u00f5es de perfura\u00e7\u00e3o geram lamas de perfura\u00e7\u00e3o, que s\u00e3o lamas contendo diversos contaminantes. Os sistemas de tratamento de lama ajudam a remover os contaminantes, permitindo o descarte seguro ou a reutiliza\u00e7\u00e3o da lama. <a href=\"https:\/\/solidscontrolworld.com\/pt\/blog\/qual-e-o-papel-da-centrifuga-de-fluido-de-perfuracao-no-sistema-de-controle-de-solidos\/\"><strong>fluidos de perfura\u00e7\u00e3o<\/strong><\/a>.<\/p><p style=\"text-align: left;\">Tratamento de \u00e1guas residuais: em \u00e1guas municipais e industriais <a href=\"https:\/\/solidscontrolworld.com\/pt\/gestao-de-residuos-de-perfuracao\/\">esta\u00e7\u00f5es de tratamento de \u00e1guas residuais,<\/a> Os sistemas de tratamento de chorume desempenham um papel fundamental na separa\u00e7\u00e3o de s\u00f3lidos das \u00e1guas residuais antes do processamento posterior. Isso garante que apenas a \u00e1gua tratada seja descartada em corpos d&#039;\u00e1gua naturais.<\/p><p style=\"text-align: left;\">Constru\u00e7\u00e3o e constru\u00e7\u00e3o de t\u00faneis: em projetos de constru\u00e7\u00e3o e constru\u00e7\u00e3o de t\u00faneis, os sistemas de tratamento de chorume ajudam a gerenciar o processo de escava\u00e7\u00e3o de forma eficiente, separando part\u00edculas de solo e rocha dos fluidos de perfura\u00e7\u00e3o, reduzindo o desperd\u00edcio e o impacto ambiental.<\/p><p style=\"text-align: left;\">Vantagens dos sistemas de tratamento de chorume:<\/p><p style=\"text-align: left;\">Responsabilidade Ambiental: Os sistemas de tratamento de lodo s\u00e3o essenciais para reduzir o impacto ambiental de diversas ind\u00fastrias. Eles previnem a contamina\u00e7\u00e3o do solo e de fontes de \u00e1gua, removendo poluentes dos lodos.<\/p><p style=\"text-align: left;\">Recupera\u00e7\u00e3o de recursos: materiais valiosos podem ser recuperados dos s\u00f3lidos separados, reduzindo o desperd\u00edcio e aumentando a efici\u00eancia dos recursos.<\/p><p style=\"text-align: left;\">Redu\u00e7\u00e3o de custos: os sistemas de tratamento de chorume minimizam os custos de descarte de res\u00edduos e reduzem a necessidade de ingest\u00e3o de \u00e1gua doce, gerando benef\u00edcios econ\u00f4micos.<\/p><p style=\"text-align: left;\">Conformidade com as regulamenta\u00e7\u00f5es: Esses sistemas garantem que as ind\u00fastrias cumpram as regulamenta\u00e7\u00f5es ambientais e descarreguem \u00e1gua limpa ou s\u00f3lidos tratados de acordo com os requisitos legais.<\/p><p style=\"text-align: left;\">O Futuro dos Sistemas de Tratamento de Lama: \u00c0 medida que as ind\u00fastrias continuam a se concentrar em sustentabilidade e responsabilidade ambiental, os sistemas de tratamento de lama desempenhar\u00e3o um papel cada vez mais significativo. Avan\u00e7os em tecnologia, automa\u00e7\u00e3o e an\u00e1lise de dados est\u00e3o tornando esses sistemas mais eficientes e econ\u00f4micos. Al\u00e9m disso, pesquisas sobre m\u00e9todos e materiais de tratamento ecologicamente corretos aumentar\u00e3o ainda mais seus benef\u00edcios ambientais.<\/p><p style=\"text-align: left;\">Concluindo, os sistemas de tratamento de polpa s\u00e3o ferramentas essenciais para as ind\u00fastrias modernas. Contribuem para a prote\u00e7\u00e3o ambiental, recupera\u00e7\u00e3o de recursos, redu\u00e7\u00e3o de custos e conformidade regulat\u00f3ria. Com inova\u00e7\u00f5es cont\u00ednuas e um compromisso com a sustentabilidade, esses sistemas continuar\u00e3o sendo vitais para enfrentar os desafios do gerenciamento de polpas em diversos processos industriais. Somos um fabricante l\u00edder especializado em equipamentos para Sistemas de Tratamento de Polpa. Com nossa expertise e dedica\u00e7\u00e3o, oferecemos solu\u00e7\u00f5es abrangentes e personalizadas para suas necessidades. Convidamos nossos clientes a nos contatarem e se associarem para um sucesso excepcional em engenharia!<\/p><p style=\"text-align: left;\">\u00a0<\/p>\t\t\t\t\t\t\t\t<\/div>\n\t\t\t\t<\/div>\n\t\t\t\t\t<\/div>\n\t\t<\/div>\n\t\t\t\t\t<\/div>\n\t\t<\/section>\n\t\t\t\t<\/div>","protected":false},"excerpt":{"rendered":"<p>Esta\u00e7\u00e3o de tratamento de lodo Sistema de Tratamento de Lodo Tel.: +86-13784677772 Fax: +86-315-7651760 Hor\u00e1rio de funcionamento: Seg. a Sex.: 8h \u00e0s 17h30 Categoria: Esta\u00e7\u00e3o de tratamento de lodo CONSULTE o cat\u00e1logo Minera\u00e7\u00e3o e Processamento de Minerais: Os sistemas de tratamento de lodo s\u00e3o amplamente utilizados na minera\u00e7\u00e3o para separar minerais valiosos de materiais residuais na forma de rejeitos. Isso n\u00e3o apenas maximiza a recupera\u00e7\u00e3o de recursos, mas tamb\u00e9m [\u2026]<\/p>","protected":false},"author":1,"featured_media":1490,"parent":0,"menu_order":40,"comment_status":"closed","ping_status":"closed","template":"","meta":{"_seopress_robots_primary_cat":"","_seopress_titles_title":"","_seopress_titles_desc":"","_seopress_robots_index":"","footnotes":""},"class_list":["post-3150","page","type-page","status-publish","has-post-thumbnail","hentry"],"yoast_head":"<!-- This site is optimized with the Yoast SEO plugin v25.1 - https:\/\/yoast.com\/wordpress\/plugins\/seo\/ -->\n<title>Operations with Slurry Separation System | Solids Control World<\/title>\n<meta name=\"description\" content=\"Mud recycling system reclaims drilling fluids by removing solids, improving performance. Slurry separation system processes waste material for efficient reuse.\" \/>\n<meta name=\"robots\" content=\"index, follow, max-snippet:-1, max-image-preview:large, max-video-preview:-1\" \/>\n<link rel=\"canonical\" href=\"https:\/\/solidscontrolworld.com\/pt\/estacao-de-tratamento-de-chorume\/\" \/>\n<meta property=\"og:locale\" content=\"pt_BR\" \/>\n<meta property=\"og:type\" content=\"article\" \/>\n<meta property=\"og:title\" content=\"Operations with Slurry Separation System | Solids Control World\" \/>\n<meta property=\"og:description\" content=\"Mud recycling system reclaims drilling fluids by removing solids, improving performance. Slurry separation system processes waste material for efficient reuse.\" \/>\n<meta property=\"og:url\" content=\"https:\/\/solidscontrolworld.com\/pt\/estacao-de-tratamento-de-chorume\/\" \/>\n<meta property=\"og:site_name\" content=\"Solids Control World\" \/>\n<meta property=\"article:modified_time\" content=\"2025-05-26T07:31:28+00:00\" \/>\n<meta property=\"og:image\" content=\"http:\/\/solidscontrolworld.com\/wp-content\/uploads\/2021\/05\/\u56fe\u72479-300x193-1z.jpg\" \/>\n\t<meta property=\"og:image:width\" content=\"300\" \/>\n\t<meta property=\"og:image:height\" content=\"193\" \/>\n\t<meta property=\"og:image:type\" content=\"image\/jpeg\" \/>\n<meta name=\"twitter:card\" content=\"summary_large_image\" \/>\n<meta name=\"twitter:label1\" content=\"Est. tempo de leitura\" \/>\n\t<meta name=\"twitter:data1\" content=\"3 minutos\" \/>\n<!-- \/ Yoast SEO plugin. -->","yoast_head_json":{"title":"Opera\u00e7\u00f5es com Sistema de Separa\u00e7\u00e3o de Lama | Solids Control World","description":"O sistema de reciclagem de lama recupera fluidos de perfura\u00e7\u00e3o removendo s\u00f3lidos, melhorando o desempenho. O sistema de separa\u00e7\u00e3o de lama processa res\u00edduos para reutiliza\u00e7\u00e3o eficiente.","robots":{"index":"index","follow":"follow","max-snippet":"max-snippet:-1","max-image-preview":"max-image-preview:large","max-video-preview":"max-video-preview:-1"},"canonical":"https:\/\/solidscontrolworld.com\/pt\/estacao-de-tratamento-de-chorume\/","og_locale":"pt_BR","og_type":"article","og_title":"Operations with Slurry Separation System | Solids Control World","og_description":"Mud recycling system reclaims drilling fluids by removing solids, improving performance. Slurry separation system processes waste material for efficient reuse.","og_url":"https:\/\/solidscontrolworld.com\/pt\/estacao-de-tratamento-de-chorume\/","og_site_name":"Solids Control World","article_modified_time":"2025-05-26T07:31:28+00:00","og_image":[{"width":300,"height":193,"url":"http:\/\/solidscontrolworld.com\/wp-content\/uploads\/2021\/05\/\u56fe\u72479-300x193-1z.jpg","type":"image\/jpeg"}],"twitter_card":"summary_large_image","twitter_misc":{"Est. tempo de leitura":"3 minutos"},"schema":{"@context":"https:\/\/schema.org","@graph":[{"@type":"WebPage","@id":"https:\/\/solidscontrolworld.com\/slurry-treatment-plant\/","url":"https:\/\/solidscontrolworld.com\/slurry-treatment-plant\/","name":"Opera\u00e7\u00f5es com Sistema de Separa\u00e7\u00e3o de Lama | Solids Control World","isPartOf":{"@id":"https:\/\/solidscontrolworld.com\/#website"},"primaryImageOfPage":{"@id":"https:\/\/solidscontrolworld.com\/slurry-treatment-plant\/#primaryimage"},"image":{"@id":"https:\/\/solidscontrolworld.com\/slurry-treatment-plant\/#primaryimage"},"thumbnailUrl":"https:\/\/solidscontrolworld.com\/wp-content\/uploads\/2021\/05\/\u56fe\u72479-300x193-1z.jpg","datePublished":"2021-05-31T15:07:19+00:00","dateModified":"2025-05-26T07:31:28+00:00","description":"O sistema de reciclagem de lama recupera fluidos de perfura\u00e7\u00e3o removendo s\u00f3lidos, melhorando o desempenho. O sistema de separa\u00e7\u00e3o de lama processa res\u00edduos para reutiliza\u00e7\u00e3o eficiente.","breadcrumb":{"@id":"https:\/\/solidscontrolworld.com\/slurry-treatment-plant\/#breadcrumb"},"inLanguage":"pt-BR","potentialAction":[{"@type":"ReadAction","target":["https:\/\/solidscontrolworld.com\/slurry-treatment-plant\/"]}]},{"@type":"ImageObject","inLanguage":"pt-BR","@id":"https:\/\/solidscontrolworld.com\/slurry-treatment-plant\/#primaryimage","url":"https:\/\/solidscontrolworld.com\/wp-content\/uploads\/2021\/05\/\u56fe\u72479-300x193-1z.jpg","contentUrl":"https:\/\/solidscontrolworld.com\/wp-content\/uploads\/2021\/05\/\u56fe\u72479-300x193-1z.jpg","width":300,"height":193,"caption":"drilling waste management equipment supplier"},{"@type":"BreadcrumbList","@id":"https:\/\/solidscontrolworld.com\/slurry-treatment-plant\/#breadcrumb","itemListElement":[{"@type":"ListItem","position":1,"name":"Home","item":"https:\/\/solidscontrolworld.com\/"},{"@type":"ListItem","position":2,"name":"Slurry treatment plant"}]},{"@type":"WebSite","@id":"https:\/\/solidscontrolworld.com\/#website","url":"https:\/\/solidscontrolworld.com\/","name":"Mundo de controle de s\u00f3lidos","description":"","publisher":{"@id":"https:\/\/solidscontrolworld.com\/#\/schema\/person\/2c126362537c0f0e6d4a8dfba9fc68b0"},"potentialAction":[{"@type":"SearchAction","target":{"@type":"EntryPoint","urlTemplate":"https:\/\/solidscontrolworld.com\/?s={search_term_string}"},"query-input":{"@type":"PropertyValueSpecification","valueRequired":true,"valueName":"search_term_string"}}],"inLanguage":"pt-BR"},{"@type":["Person","Organization"],"@id":"https:\/\/solidscontrolworld.com\/#\/schema\/person\/2c126362537c0f0e6d4a8dfba9fc68b0","name":"mundo de controle de s\u00f3lidos","logo":{"@id":"https:\/\/solidscontrolworld.com\/#\/schema\/person\/image\/"},"sameAs":["https:\/\/solidscontrolworld.com"]}]}},"_links":{"self":[{"href":"https:\/\/solidscontrolworld.com\/pt\/wp-json\/wp\/v2\/pages\/3150","targetHints":{"allow":["GET"]}}],"collection":[{"href":"https:\/\/solidscontrolworld.com\/pt\/wp-json\/wp\/v2\/pages"}],"about":[{"href":"https:\/\/solidscontrolworld.com\/pt\/wp-json\/wp\/v2\/types\/page"}],"author":[{"embeddable":true,"href":"https:\/\/solidscontrolworld.com\/pt\/wp-json\/wp\/v2\/users\/1"}],"replies":[{"embeddable":true,"href":"https:\/\/solidscontrolworld.com\/pt\/wp-json\/wp\/v2\/comments?post=3150"}],"version-history":[{"count":11,"href":"https:\/\/solidscontrolworld.com\/pt\/wp-json\/wp\/v2\/pages\/3150\/revisions"}],"predecessor-version":[{"id":12298,"href":"https:\/\/solidscontrolworld.com\/pt\/wp-json\/wp\/v2\/pages\/3150\/revisions\/12298"}],"wp:featuredmedia":[{"embeddable":true,"href":"https:\/\/solidscontrolworld.com\/pt\/wp-json\/wp\/v2\/media\/1490"}],"wp:attachment":[{"href":"https:\/\/solidscontrolworld.com\/pt\/wp-json\/wp\/v2\/media?parent=3150"}],"curies":[{"name":"wp","href":"https:\/\/api.w.org\/{rel}","templated":true}]}}