{"id":3215,"date":"2021-05-31T16:11:04","date_gmt":"2021-05-31T16:11:04","guid":{"rendered":"https:\/\/solidscontrolworld.com\/?page_id=3215"},"modified":"2025-06-18T04:43:09","modified_gmt":"2025-06-18T04:43:09","slug":"peneira-vibratoria-com-estrutura-de-aco","status":"publish","type":"page","link":"https:\/\/solidscontrolworld.com\/pt\/peneira-vibratoria-com-estrutura-de-aco\/","title":{"rendered":"Tela vibrat\u00f3ria com estrutura de a\u00e7o"},"content":{"rendered":"<div data-elementor-type=\"wp-page\" data-elementor-id=\"3215\" class=\"elementor elementor-3215\">\n\t\t\t\t\t\t<section class=\"elementor-section elementor-top-section elementor-element elementor-element-13412146 elementor-section-full_width elementor-section-stretched elementor-section-height-default elementor-section-height-default\" data-id=\"13412146\" data-element_type=\"section\" data-settings=\"{&quot;stretch_section&quot;:&quot;section-stretched&quot;,&quot;background_background&quot;:&quot;classic&quot;}\">\n\t\t\t\t\t\t<div class=\"elementor-container elementor-column-gap-default\">\n\t\t\t\t\t<div class=\"elementor-column elementor-col-100 elementor-top-column elementor-element elementor-element-4c256b48\" data-id=\"4c256b48\" data-element_type=\"column\">\n\t\t\t<div class=\"elementor-widget-wrap elementor-element-populated\">\n\t\t\t\t\t\t<div class=\"elementor-element elementor-element-4039ea39 elementor-widget elementor-widget-heading\" data-id=\"4039ea39\" data-element_type=\"widget\" data-widget_type=\"heading.default\">\n\t\t\t\t<div class=\"elementor-widget-container\">\n\t\t\t\t\t<h1 class=\"elementor-heading-title elementor-size-default\">Tela vibrat\u00f3ria com estrutura de a\u00e7o<\/h1>\t\t\t\t<\/div>\n\t\t\t\t<\/div>\n\t\t\t\t\t<\/div>\n\t\t<\/div>\n\t\t\t\t\t<\/div>\n\t\t<\/section>\n\t\t\t\t<section class=\"elementor-section elementor-top-section elementor-element elementor-element-670bd27e elementor-section-boxed elementor-section-height-default elementor-section-height-default\" data-id=\"670bd27e\" data-element_type=\"section\">\n\t\t\t\t\t\t<div class=\"elementor-container elementor-column-gap-default\">\n\t\t\t\t\t<div class=\"elementor-column elementor-col-50 elementor-top-column elementor-element elementor-element-3e50a1b9\" data-id=\"3e50a1b9\" data-element_type=\"column\">\n\t\t\t<div class=\"elementor-widget-wrap elementor-element-populated\">\n\t\t\t\t\t\t<div class=\"elementor-element elementor-element-2cfe1f02 elementor-widget elementor-widget-image\" data-id=\"2cfe1f02\" data-element_type=\"widget\" data-widget_type=\"image.default\">\n\t\t\t\t<div class=\"elementor-widget-container\">\n\t\t\t\t\t\t\t\t\t\t\t\t\t\t\t<img fetchpriority=\"high\" decoding=\"async\" width=\"2560\" height=\"1920\" src=\"https:\/\/solidscontrolworld.com\/wp-content\/uploads\/2022\/06\/mi12-scaled.jpg\" class=\"attachment-full size-full wp-image-7562\" alt=\"Telas vibrat\u00f3rias para mangustos MI Swaco\" srcset=\"https:\/\/solidscontrolworld.com\/wp-content\/uploads\/2022\/06\/mi12-scaled.jpg 2560w, https:\/\/solidscontrolworld.com\/wp-content\/uploads\/2022\/06\/mi12-300x225.jpg 300w, https:\/\/solidscontrolworld.com\/wp-content\/uploads\/2022\/06\/mi12-1024x768.jpg 1024w, https:\/\/solidscontrolworld.com\/wp-content\/uploads\/2022\/06\/mi12-768x576.jpg 768w, https:\/\/solidscontrolworld.com\/wp-content\/uploads\/2022\/06\/mi12-1536x1152.jpg 1536w, https:\/\/solidscontrolworld.com\/wp-content\/uploads\/2022\/06\/mi12-2048x1536.jpg 2048w, https:\/\/solidscontrolworld.com\/wp-content\/uploads\/2022\/06\/mi12-600x450.jpg 600w\" sizes=\"(max-width: 2560px) 100vw, 2560px\" \/>\t\t\t\t\t\t\t\t\t\t\t\t\t\t\t<\/div>\n\t\t\t\t<\/div>\n\t\t\t\t\t<\/div>\n\t\t<\/div>\n\t\t\t\t<div class=\"elementor-column elementor-col-50 elementor-top-column elementor-element elementor-element-847a1a0\" data-id=\"847a1a0\" data-element_type=\"column\">\n\t\t\t<div class=\"elementor-widget-wrap elementor-element-populated\">\n\t\t\t\t\t\t<div class=\"elementor-element elementor-element-1d85fab elementor-widget elementor-widget-heading\" data-id=\"1d85fab\" data-element_type=\"widget\" data-widget_type=\"heading.default\">\n\t\t\t\t<div class=\"elementor-widget-container\">\n\t\t\t\t\t<h3 class=\"elementor-heading-title elementor-size-default\">Tela vibrat\u00f3ria com estrutura de a\u00e7o<\/h3>\t\t\t\t<\/div>\n\t\t\t\t<\/div>\n\t\t\t\t<div class=\"elementor-element elementor-element-39a7d555 elementor-widget elementor-widget-text-editor\" data-id=\"39a7d555\" data-element_type=\"widget\" data-widget_type=\"text-editor.default\">\n\t\t\t\t<div class=\"elementor-widget-container\">\n\t\t\t\t\t\t\t\t\t<p style=\"margin-bottom: 0in; line-height: normal; background-image: initial; background-position: initial; background-size: initial; background-repeat: initial; background-attachment: initial; background-origin: initial; background-clip: initial;\"><span style=\"color: #000000;\"><b><span style=\"font-size: 12pt;\">Tela vibrat\u00f3ria com estrutura de a\u00e7o<\/span><\/b><b><\/b><\/span><\/p><p><span style=\"color: #000000;\"><span style=\"font-family: Poppins; font-size: 0.9rem;\">A tela vibrat\u00f3ria de estrutura de a\u00e7o \u00e9 composta por duas ou tr\u00eas camadas de a\u00e7o inoxid\u00e1vel <span title=\"fabricante de tela vibrat\u00f3ria com estrutura de a\u00e7o\">malha de a\u00e7o<\/span>.<br \/><\/span><span style=\"font-family: Poppins; font-size: 0.9rem;\">A densidade dos estratos varia. O arranjo correto dessas camadas pode melhorar o desempenho da peneira. Uma peneira vibrat\u00f3ria com estrutura de a\u00e7o \u00e9 usada naturalmente para remover a fase s\u00f3lida e outros contaminantes da lama de perfura\u00e7\u00e3o. A estrutura da estrutura de poliuretano deste tipo de peneira vibrat\u00f3ria de xisto garante excelente resist\u00eancia \u00e0 abras\u00e3o e \u00e0 resist\u00eancia \u00e0 abras\u00e3o.\u00a0<\/span><\/span><\/p><p><span style=\"color: #000000;\">A peneira vibrat\u00f3ria de estrutura de a\u00e7o da Solids Control World \u00e9 comumente usada em peneiras vibrat\u00f3rias de xisto com equipamento de fixa\u00e7\u00e3o por cunha. A peneira vibrat\u00f3ria de estrutura de a\u00e7o \u00e9 feita de a\u00e7o quadrado de alta resist\u00eancia. <span title=\"fabricante de tela vibrat\u00f3ria com estrutura de a\u00e7o\">tubos de a\u00e7o<\/span> soldadas em uma estrutura de laje com m\u00faltiplas nervuras que \u00e9 forte e duradoura.<\/span><br \/><span style=\"color: #000000; font-family: Poppins; font-size: 0.9rem;\">Os n\u00fameros de malha das malhas de peneira fornecidas variam. O efeito da peneira pode ser substancialmente melhorado pela mistura cuidadosa e adequada das malhas de peneira.<\/span><\/p><p><span style=\"color: #000000; font-family: Poppins; font-size: 0.9rem;\">A malha da tela \u00e9 separada em v\u00e1rias pequenas malhas independentes para minimizar danos locais e crescimento excessivo. Al\u00e9m disso, borracha especial est\u00e1 dispon\u00edvel para reparar os danos, economizando tempo e dinheiro.<\/span><\/p>\t\t\t\t\t\t\t\t<\/div>\n\t\t\t\t<\/div>\n\t\t\t\t<div class=\"elementor-element elementor-element-77386399 elementor-button-info elementor-align-justify elementor-widget elementor-widget-button\" data-id=\"77386399\" data-element_type=\"widget\" data-widget_type=\"button.default\">\n\t\t\t\t<div class=\"elementor-widget-container\">\n\t\t\t\t\t\t\t\t\t<div class=\"elementor-button-wrapper\">\n\t\t\t\t\t<a class=\"elementor-button elementor-button-link elementor-size-md\" href=\"https:\/\/solidscontrolworld.com\/pt\/contate-nos\/\">\n\t\t\t\t\t\t<span class=\"elementor-button-content-wrapper\">\n\t\t\t\t\t\t\t\t\t<span class=\"elementor-button-text\">INQUIRA<\/span>\n\t\t\t\t\t<\/span>\n\t\t\t\t\t<\/a>\n\t\t\t\t<\/div>\n\t\t\t\t\t\t\t\t<\/div>\n\t\t\t\t<\/div>\n\t\t\t\t<div class=\"elementor-element elementor-element-1a80f8fe elementor-button-success elementor-align-justify elementor-widget elementor-widget-button\" data-id=\"1a80f8fe\" data-element_type=\"widget\" data-widget_type=\"button.default\">\n\t\t\t\t<div class=\"elementor-widget-container\">\n\t\t\t\t\t\t\t\t\t<div class=\"elementor-button-wrapper\">\n\t\t\t\t\t<a class=\"elementor-button elementor-button-link elementor-size-md\" href=\"https:\/\/solidscontrolworld.com\/wp-content\/uploads\/2021\/05\/Brochure%E7%9A%84%E5%89%AF%E6%9C%AC.pdf\">\n\t\t\t\t\t\t<span class=\"elementor-button-content-wrapper\">\n\t\t\t\t\t\t\t\t\t<span class=\"elementor-button-text\">Folheto<\/span>\n\t\t\t\t\t<\/span>\n\t\t\t\t\t<\/a>\n\t\t\t\t<\/div>\n\t\t\t\t\t\t\t\t<\/div>\n\t\t\t\t<\/div>\n\t\t\t\t<div class=\"elementor-element elementor-element-1920a067 elementor-share-buttons--view-icon elementor-share-buttons--skin-minimal elementor-share-buttons--shape-rounded elementor-share-buttons--align-center elementor-grid-0 elementor-share-buttons--color-official elementor-widget elementor-widget-share-buttons\" data-id=\"1920a067\" data-element_type=\"widget\" data-widget_type=\"share-buttons.default\">\n\t\t\t\t<div class=\"elementor-widget-container\">\n\t\t\t\t\t\t\t<div class=\"elementor-grid\">\n\t\t\t\t\t\t\t\t<div class=\"elementor-grid-item\">\n\t\t\t\t\t\t<div\n\t\t\t\t\t\t\tclass=\"elementor-share-btn elementor-share-btn_facebook\"\n\t\t\t\t\t\t\trole=\"button\"\n\t\t\t\t\t\t\ttabindex=\"0\"\n\t\t\t\t\t\t\taria-label=\"Compartilhe no Facebook\"\n\t\t\t\t\t\t>\n\t\t\t\t\t\t\t\t\t\t\t\t\t\t\t<span class=\"elementor-share-btn__icon\">\n\t\t\t\t\t\t\t\t<i class=\"fab fa-facebook\" aria-hidden=\"true\"><\/i>\t\t\t\t\t\t\t<\/span>\n\t\t\t\t\t\t\t\t\t\t\t\t\t\t\t\t\t\t\t\t<\/div>\n\t\t\t\t\t<\/div>\n\t\t\t\t\t\t\t\t\t<div class=\"elementor-grid-item\">\n\t\t\t\t\t\t<div\n\t\t\t\t\t\t\tclass=\"elementor-share-btn elementor-share-btn_twitter\"\n\t\t\t\t\t\t\trole=\"button\"\n\t\t\t\t\t\t\ttabindex=\"0\"\n\t\t\t\t\t\t\taria-label=\"Compartilhe no Twitter\"\n\t\t\t\t\t\t>\n\t\t\t\t\t\t\t\t\t\t\t\t\t\t\t<span class=\"elementor-share-btn__icon\">\n\t\t\t\t\t\t\t\t<i class=\"fab fa-twitter\" aria-hidden=\"true\"><\/i>\t\t\t\t\t\t\t<\/span>\n\t\t\t\t\t\t\t\t\t\t\t\t\t\t\t\t\t\t\t\t<\/div>\n\t\t\t\t\t<\/div>\n\t\t\t\t\t\t\t\t\t<div class=\"elementor-grid-item\">\n\t\t\t\t\t\t<div\n\t\t\t\t\t\t\tclass=\"elementor-share-btn elementor-share-btn_linkedin\"\n\t\t\t\t\t\t\trole=\"button\"\n\t\t\t\t\t\t\ttabindex=\"0\"\n\t\t\t\t\t\t\taria-label=\"Compartilhe no LinkedIn\"\n\t\t\t\t\t\t>\n\t\t\t\t\t\t\t\t\t\t\t\t\t\t\t<span class=\"elementor-share-btn__icon\">\n\t\t\t\t\t\t\t\t<i class=\"fab fa-linkedin\" aria-hidden=\"true\"><\/i>\t\t\t\t\t\t\t<\/span>\n\t\t\t\t\t\t\t\t\t\t\t\t\t\t\t\t\t\t\t\t<\/div>\n\t\t\t\t\t<\/div>\n\t\t\t\t\t\t<\/div>\n\t\t\t\t\t\t<\/div>\n\t\t\t\t<\/div>\n\t\t\t\t\t<\/div>\n\t\t<\/div>\n\t\t\t\t\t<\/div>\n\t\t<\/section>\n\t\t\t\t<section class=\"elementor-section elementor-top-section elementor-element elementor-element-104ddaa elementor-section-boxed elementor-section-height-default elementor-section-height-default\" data-id=\"104ddaa\" data-element_type=\"section\">\n\t\t\t\t\t\t<div class=\"elementor-container elementor-column-gap-default\">\n\t\t\t\t\t<div class=\"elementor-column elementor-col-100 elementor-top-column elementor-element elementor-element-74c131d\" data-id=\"74c131d\" data-element_type=\"column\">\n\t\t\t<div class=\"elementor-widget-wrap elementor-element-populated\">\n\t\t\t\t\t\t<div class=\"elementor-element elementor-element-144820a elementor-widget elementor-widget-text-editor\" data-id=\"144820a\" data-element_type=\"widget\" data-widget_type=\"text-editor.default\">\n\t\t\t\t<div class=\"elementor-widget-container\">\n\t\t\t\t\t\t\t\t\t<p><strong>Fabricante de tela vibrat\u00f3ria com estrutura de a\u00e7o de alta qualidade na China<\/strong><\/p><p>Telas com estrutura de a\u00e7o s\u00e3o comumente utilizadas em peneiras vibrat\u00f3rias de xisto equipadas com dispositivos de fixa\u00e7\u00e3o por cunha. As telas s\u00e3o feitas de tubos quadrados de a\u00e7o de alta resist\u00eancia soldados a uma estrutura multinervurada. S\u00e3o resistentes e confi\u00e1veis.<\/p><p>A Solids Control World, uma das melhores fabricantes de peneiras vibrat\u00f3rias com estrutura de a\u00e7o da China, oferece aos clientes peneiras vibrat\u00f3rias com estrutura de a\u00e7o de alta qualidade a pre\u00e7os competitivos e um servi\u00e7o p\u00f3s-venda confi\u00e1vel. Nossos produtos s\u00e3o reutiliz\u00e1veis, o que reduz os custos regulat\u00f3rios e de conformidade.<\/p><p>Oferecemos uma variedade de peneiras vibrat\u00f3rias de a\u00e7o de alta qualidade a pre\u00e7os acess\u00edveis. Tamb\u00e9m produzimos pain\u00e9is de peneira vibrat\u00f3ria para todos os modelos de peneira vibrat\u00f3ria de xisto. Nossos produtos para peneiras vibrat\u00f3rias de xisto s\u00e3o amplamente utilizados em campos de petr\u00f3leo, controle de areia, minas de carv\u00e3o e filtragem de l\u00edquidos e gases.<\/p>\t\t\t\t\t\t\t\t<\/div>\n\t\t\t\t<\/div>\n\t\t\t\t\t<\/div>\n\t\t<\/div>\n\t\t\t\t\t<\/div>\n\t\t<\/section>\n\t\t\t\t<\/div>","protected":false},"excerpt":{"rendered":"<p>Tela Vibrat\u00f3ria com Estrutura de A\u00e7o Tela Vibrat\u00f3ria com Estrutura de A\u00e7o Tela Vibrat\u00f3ria com Estrutura de A\u00e7o A Tela Vibrat\u00f3ria com Estrutura de A\u00e7o \u00e9 composta por duas ou tr\u00eas camadas de malha de a\u00e7o inoxid\u00e1vel. A densidade das camadas varia. O arranjo correto dessas camadas pode melhorar o desempenho da tela. Uma Tela Vibrat\u00f3ria com Estrutura de A\u00e7o \u00e9 naturalmente usada [\u2026]<\/p>","protected":false},"author":1,"featured_media":0,"parent":0,"menu_order":0,"comment_status":"closed","ping_status":"closed","template":"","meta":{"_seopress_robots_primary_cat":"","_seopress_titles_title":"Steel Frame Shaker Screen Manufacturer - Solids Control World","_seopress_titles_desc":"Buy our top quality manufactured  Steel Frame Shaker Screen online at Solids Control World. Find out more about our products.","_seopress_robots_index":"","footnotes":""},"class_list":["post-3215","page","type-page","status-publish","hentry"],"yoast_head":"<!-- This site is optimized with the Yoast SEO plugin v25.1 - https:\/\/yoast.com\/wordpress\/plugins\/seo\/ -->\n<title>High-Strength Steel Frame Shaker Screen | Solids Control World<\/title>\n<meta name=\"description\" content=\"Steel frame shaker screens built for high durability and efficient solids separation, enhancing drilling fluid quality and extending equipment lifespan.\" \/>\n<meta name=\"robots\" content=\"index, follow, max-snippet:-1, max-image-preview:large, max-video-preview:-1\" \/>\n<link rel=\"canonical\" href=\"https:\/\/solidscontrolworld.com\/pt\/peneira-vibratoria-com-estrutura-de-aco\/\" \/>\n<meta property=\"og:locale\" content=\"pt_BR\" \/>\n<meta property=\"og:type\" content=\"article\" \/>\n<meta property=\"og:title\" content=\"High-Strength Steel Frame Shaker Screen | Solids Control World\" \/>\n<meta property=\"og:description\" content=\"Steel frame shaker screens built for high durability and efficient solids separation, enhancing drilling fluid quality and extending equipment lifespan.\" \/>\n<meta property=\"og:url\" content=\"https:\/\/solidscontrolworld.com\/pt\/peneira-vibratoria-com-estrutura-de-aco\/\" \/>\n<meta property=\"og:site_name\" content=\"Solids Control World\" \/>\n<meta property=\"article:modified_time\" content=\"2025-06-18T04:43:09+00:00\" \/>\n<meta property=\"og:image\" content=\"https:\/\/solidscontrolworld.com\/wp-content\/uploads\/2022\/06\/mi12-scaled.jpg\" \/>\n<meta name=\"twitter:card\" content=\"summary_large_image\" \/>\n<meta name=\"twitter:label1\" content=\"Est. tempo de leitura\" \/>\n\t<meta name=\"twitter:data1\" content=\"2 minutos\" \/>\n<!-- \/ Yoast SEO plugin. -->","yoast_head_json":{"title":"Tela vibrat\u00f3ria com estrutura de a\u00e7o de alta resist\u00eancia | Solids Control World","description":"Peneiras vibrat\u00f3rias com estrutura de a\u00e7o, constru\u00eddas para alta durabilidade e separa\u00e7\u00e3o eficiente de s\u00f3lidos, melhorando a qualidade do fluido de perfura\u00e7\u00e3o e prolongando a vida \u00fatil do equipamento.","robots":{"index":"index","follow":"follow","max-snippet":"max-snippet:-1","max-image-preview":"max-image-preview:large","max-video-preview":"max-video-preview:-1"},"canonical":"https:\/\/solidscontrolworld.com\/pt\/peneira-vibratoria-com-estrutura-de-aco\/","og_locale":"pt_BR","og_type":"article","og_title":"High-Strength Steel Frame Shaker Screen | Solids Control World","og_description":"Steel frame shaker screens built for high durability and efficient solids separation, enhancing drilling fluid quality and extending equipment lifespan.","og_url":"https:\/\/solidscontrolworld.com\/pt\/peneira-vibratoria-com-estrutura-de-aco\/","og_site_name":"Solids Control World","article_modified_time":"2025-06-18T04:43:09+00:00","og_image":[{"url":"https:\/\/solidscontrolworld.com\/wp-content\/uploads\/2022\/06\/mi12-scaled.jpg","type":"","width":"","height":""}],"twitter_card":"summary_large_image","twitter_misc":{"Est. tempo de leitura":"2 minutos"},"schema":{"@context":"https:\/\/schema.org","@graph":[{"@type":"WebPage","@id":"https:\/\/solidscontrolworld.com\/steel-frame-shaker-screen\/","url":"https:\/\/solidscontrolworld.com\/steel-frame-shaker-screen\/","name":"Tela vibrat\u00f3ria com estrutura de a\u00e7o de alta resist\u00eancia | Solids Control World","isPartOf":{"@id":"https:\/\/solidscontrolworld.com\/#website"},"primaryImageOfPage":{"@id":"https:\/\/solidscontrolworld.com\/steel-frame-shaker-screen\/#primaryimage"},"image":{"@id":"https:\/\/solidscontrolworld.com\/steel-frame-shaker-screen\/#primaryimage"},"thumbnailUrl":"https:\/\/solidscontrolworld.com\/wp-content\/uploads\/2022\/06\/mi12-scaled.jpg","datePublished":"2021-05-31T16:11:04+00:00","dateModified":"2025-06-18T04:43:09+00:00","description":"Peneiras vibrat\u00f3rias com estrutura de a\u00e7o, constru\u00eddas para alta durabilidade e separa\u00e7\u00e3o eficiente de s\u00f3lidos, melhorando a qualidade do fluido de perfura\u00e7\u00e3o e prolongando a vida \u00fatil do equipamento.","breadcrumb":{"@id":"https:\/\/solidscontrolworld.com\/steel-frame-shaker-screen\/#breadcrumb"},"inLanguage":"pt-BR","potentialAction":[{"@type":"ReadAction","target":["https:\/\/solidscontrolworld.com\/steel-frame-shaker-screen\/"]}]},{"@type":"ImageObject","inLanguage":"pt-BR","@id":"https:\/\/solidscontrolworld.com\/steel-frame-shaker-screen\/#primaryimage","url":"https:\/\/solidscontrolworld.com\/wp-content\/uploads\/2022\/06\/mi12-scaled.jpg","contentUrl":"https:\/\/solidscontrolworld.com\/wp-content\/uploads\/2022\/06\/mi12-scaled.jpg"},{"@type":"BreadcrumbList","@id":"https:\/\/solidscontrolworld.com\/steel-frame-shaker-screen\/#breadcrumb","itemListElement":[{"@type":"ListItem","position":1,"name":"Home","item":"https:\/\/solidscontrolworld.com\/"},{"@type":"ListItem","position":2,"name":"Steel Frame Shaker Screen"}]},{"@type":"WebSite","@id":"https:\/\/solidscontrolworld.com\/#website","url":"https:\/\/solidscontrolworld.com\/","name":"Mundo de controle de s\u00f3lidos","description":"","publisher":{"@id":"https:\/\/solidscontrolworld.com\/#\/schema\/person\/2c126362537c0f0e6d4a8dfba9fc68b0"},"potentialAction":[{"@type":"SearchAction","target":{"@type":"EntryPoint","urlTemplate":"https:\/\/solidscontrolworld.com\/?s={search_term_string}"},"query-input":{"@type":"PropertyValueSpecification","valueRequired":true,"valueName":"search_term_string"}}],"inLanguage":"pt-BR"},{"@type":["Person","Organization"],"@id":"https:\/\/solidscontrolworld.com\/#\/schema\/person\/2c126362537c0f0e6d4a8dfba9fc68b0","name":"mundo de controle de s\u00f3lidos","logo":{"@id":"https:\/\/solidscontrolworld.com\/#\/schema\/person\/image\/"},"sameAs":["https:\/\/solidscontrolworld.com"]}]}},"_links":{"self":[{"href":"https:\/\/solidscontrolworld.com\/pt\/wp-json\/wp\/v2\/pages\/3215","targetHints":{"allow":["GET"]}}],"collection":[{"href":"https:\/\/solidscontrolworld.com\/pt\/wp-json\/wp\/v2\/pages"}],"about":[{"href":"https:\/\/solidscontrolworld.com\/pt\/wp-json\/wp\/v2\/types\/page"}],"author":[{"embeddable":true,"href":"https:\/\/solidscontrolworld.com\/pt\/wp-json\/wp\/v2\/users\/1"}],"replies":[{"embeddable":true,"href":"https:\/\/solidscontrolworld.com\/pt\/wp-json\/wp\/v2\/comments?post=3215"}],"version-history":[{"count":1,"href":"https:\/\/solidscontrolworld.com\/pt\/wp-json\/wp\/v2\/pages\/3215\/revisions"}],"predecessor-version":[{"id":10969,"href":"https:\/\/solidscontrolworld.com\/pt\/wp-json\/wp\/v2\/pages\/3215\/revisions\/10969"}],"wp:attachment":[{"href":"https:\/\/solidscontrolworld.com\/pt\/wp-json\/wp\/v2\/media?parent=3215"}],"curies":[{"name":"wp","href":"https:\/\/api.w.org\/{rel}","templated":true}]}}