{"id":3312,"date":"2021-05-31T17:18:02","date_gmt":"2021-05-31T17:18:02","guid":{"rendered":"https:\/\/solidscontrolworld.com\/?page_id=3312"},"modified":"2024-09-06T07:44:56","modified_gmt":"2024-09-06T07:44:56","slug":"telas-vibratorias","status":"publish","type":"page","link":"https:\/\/solidscontrolworld.com\/pt\/telas-vibratorias\/","title":{"rendered":"Telas Shaker"},"content":{"rendered":"<div data-elementor-type=\"wp-page\" data-elementor-id=\"3312\" class=\"elementor elementor-3312\">\n\t\t\t\t\t\t<section class=\"elementor-section elementor-top-section elementor-element elementor-element-d6b0c0f elementor-section-boxed elementor-section-height-default elementor-section-height-default\" data-id=\"d6b0c0f\" data-element_type=\"section\">\n\t\t\t\t\t\t<div class=\"elementor-container elementor-column-gap-default\">\n\t\t\t\t\t<div class=\"elementor-column elementor-col-100 elementor-top-column elementor-element elementor-element-7d26115\" data-id=\"7d26115\" data-element_type=\"column\">\n\t\t\t<div class=\"elementor-widget-wrap elementor-element-populated\">\n\t\t\t\t\t\t<div class=\"elementor-element elementor-element-9799727 elementor-widget elementor-widget-heading\" data-id=\"9799727\" data-element_type=\"widget\" data-widget_type=\"heading.default\">\n\t\t\t\t<div class=\"elementor-widget-container\">\n\t\t\t\t\t<h1 class=\"elementor-heading-title elementor-size-default\">Categoria: Telas vibrat\u00f3rias<\/h1>\t\t\t\t<\/div>\n\t\t\t\t<\/div>\n\t\t\t\t\t<\/div>\n\t\t<\/div>\n\t\t\t\t\t<\/div>\n\t\t<\/section>\n\t\t\t\t<section class=\"elementor-section elementor-top-section elementor-element elementor-element-537b30f elementor-section-boxed elementor-section-height-default elementor-section-height-default\" data-id=\"537b30f\" data-element_type=\"section\">\n\t\t\t\t\t\t<div class=\"elementor-container elementor-column-gap-default\">\n\t\t\t\t\t<div class=\"elementor-column elementor-col-20 elementor-top-column elementor-element elementor-element-04c80a6\" data-id=\"04c80a6\" data-element_type=\"column\">\n\t\t\t<div class=\"elementor-widget-wrap elementor-element-populated\">\n\t\t\t\t\t\t<div class=\"elementor-element elementor-element-70e9c28 elementor-widget elementor-widget-image\" data-id=\"70e9c28\" data-element_type=\"widget\" data-widget_type=\"image.default\">\n\t\t\t\t<div class=\"elementor-widget-container\">\n\t\t\t\t\t\t\t\t\t\t\t\t\t\t\t\t<a href=\"https:\/\/solidscontrolworld.com\/pt\/tela-de-vibracao-de-substituicao-para-agitador-de-xisto-derrick\/\">\n\t\t\t\t\t\t\t<img fetchpriority=\"high\" decoding=\"async\" width=\"1024\" height=\"765\" src=\"https:\/\/solidscontrolworld.com\/wp-content\/uploads\/2023\/02\/WechatIMG22410-1024x765.png\" class=\"attachment-large size-large wp-image-8386\" alt=\"fabricante profissional de telas vibrat\u00f3rias\" srcset=\"https:\/\/solidscontrolworld.com\/wp-content\/uploads\/2023\/02\/WechatIMG22410-1024x765.png 1024w, https:\/\/solidscontrolworld.com\/wp-content\/uploads\/2023\/02\/WechatIMG22410-300x224.png 300w, https:\/\/solidscontrolworld.com\/wp-content\/uploads\/2023\/02\/WechatIMG22410-768x574.png 768w, https:\/\/solidscontrolworld.com\/wp-content\/uploads\/2023\/02\/WechatIMG22410-600x448.png 600w, https:\/\/solidscontrolworld.com\/wp-content\/uploads\/2023\/02\/WechatIMG22410.png 1321w\" sizes=\"(max-width: 1024px) 100vw, 1024px\" \/>\t\t\t\t\t\t\t\t<\/a>\n\t\t\t\t\t\t\t\t\t\t\t\t\t\t\t<\/div>\n\t\t\t\t<\/div>\n\t\t\t\t<div class=\"elementor-element elementor-element-620ea66 elementor-widget elementor-widget-heading\" data-id=\"620ea66\" data-element_type=\"widget\" data-widget_type=\"heading.default\">\n\t\t\t\t<div class=\"elementor-widget-container\">\n\t\t\t\t\t<h5 class=\"elementor-heading-title elementor-size-default\">Telas vibrat\u00f3rias de substitui\u00e7\u00e3o para Derrick<\/h5>\t\t\t\t<\/div>\n\t\t\t\t<\/div>\n\t\t\t\t<div class=\"elementor-element elementor-element-74758cd elementor-align-center elementor-widget elementor-widget-button\" data-id=\"74758cd\" data-element_type=\"widget\" data-widget_type=\"button.default\">\n\t\t\t\t<div class=\"elementor-widget-container\">\n\t\t\t\t\t\t\t\t\t<div class=\"elementor-button-wrapper\">\n\t\t\t\t\t<a class=\"elementor-button elementor-button-link elementor-size-sm\" href=\"https:\/\/solidscontrolworld.com\/pt\/tela-de-vibracao-de-substituicao-para-agitador-de-xisto-derrick\/\">\n\t\t\t\t\t\t<span class=\"elementor-button-content-wrapper\">\n\t\t\t\t\t\t\t\t\t<span class=\"elementor-button-text\">Ler mais<\/span>\n\t\t\t\t\t<\/span>\n\t\t\t\t\t<\/a>\n\t\t\t\t<\/div>\n\t\t\t\t\t\t\t\t<\/div>\n\t\t\t\t<\/div>\n\t\t\t\t\t<\/div>\n\t\t<\/div>\n\t\t\t\t<div class=\"elementor-column elementor-col-20 elementor-top-column elementor-element elementor-element-0d62a5c\" data-id=\"0d62a5c\" data-element_type=\"column\">\n\t\t\t<div class=\"elementor-widget-wrap elementor-element-populated\">\n\t\t\t\t\t\t<div class=\"elementor-element elementor-element-1eddb11 elementor-widget elementor-widget-image\" data-id=\"1eddb11\" data-element_type=\"widget\" data-widget_type=\"image.default\">\n\t\t\t\t<div class=\"elementor-widget-container\">\n\t\t\t\t\t\t\t\t\t\t\t\t\t\t\t\t<a href=\"https:\/\/solidscontrolworld.com\/pt\/tela-de-substituicao-para-mi-swaco\/\">\n\t\t\t\t\t\t\t<img decoding=\"async\" width=\"1024\" height=\"755\" src=\"https:\/\/solidscontrolworld.com\/wp-content\/uploads\/2023\/02\/WechatIMG22480-1024x755.png\" class=\"attachment-large size-large wp-image-8410\" alt=\"fabricante profissional de telas vibrat\u00f3rias\" srcset=\"https:\/\/solidscontrolworld.com\/wp-content\/uploads\/2023\/02\/WechatIMG22480-1024x755.png 1024w, https:\/\/solidscontrolworld.com\/wp-content\/uploads\/2023\/02\/WechatIMG22480-300x221.png 300w, https:\/\/solidscontrolworld.com\/wp-content\/uploads\/2023\/02\/WechatIMG22480-768x566.png 768w, https:\/\/solidscontrolworld.com\/wp-content\/uploads\/2023\/02\/WechatIMG22480-600x442.png 600w, https:\/\/solidscontrolworld.com\/wp-content\/uploads\/2023\/02\/WechatIMG22480.png 1319w\" sizes=\"(max-width: 1024px) 100vw, 1024px\" \/>\t\t\t\t\t\t\t\t<\/a>\n\t\t\t\t\t\t\t\t\t\t\t\t\t\t\t<\/div>\n\t\t\t\t<\/div>\n\t\t\t\t<div class=\"elementor-element elementor-element-3047044 elementor-widget elementor-widget-heading\" data-id=\"3047044\" data-element_type=\"widget\" data-widget_type=\"heading.default\">\n\t\t\t\t<div class=\"elementor-widget-container\">\n\t\t\t\t\t<h5 class=\"elementor-heading-title elementor-size-default\">Telas vibrat\u00f3rias de substitui\u00e7\u00e3o para MI-Swaco\n<\/h5>\t\t\t\t<\/div>\n\t\t\t\t<\/div>\n\t\t\t\t<div class=\"elementor-element elementor-element-3f1fa02 elementor-align-center elementor-widget elementor-widget-button\" data-id=\"3f1fa02\" data-element_type=\"widget\" data-widget_type=\"button.default\">\n\t\t\t\t<div class=\"elementor-widget-container\">\n\t\t\t\t\t\t\t\t\t<div class=\"elementor-button-wrapper\">\n\t\t\t\t\t<a class=\"elementor-button elementor-button-link elementor-size-sm\" href=\"https:\/\/solidscontrolworld.com\/pt\/tela-de-substituicao-para-mi-swaco\/\">\n\t\t\t\t\t\t<span class=\"elementor-button-content-wrapper\">\n\t\t\t\t\t\t\t\t\t<span class=\"elementor-button-text\">Ler mais<\/span>\n\t\t\t\t\t<\/span>\n\t\t\t\t\t<\/a>\n\t\t\t\t<\/div>\n\t\t\t\t\t\t\t\t<\/div>\n\t\t\t\t<\/div>\n\t\t\t\t\t<\/div>\n\t\t<\/div>\n\t\t\t\t<div class=\"elementor-column elementor-col-20 elementor-top-column elementor-element elementor-element-13e2088\" data-id=\"13e2088\" data-element_type=\"column\">\n\t\t\t<div class=\"elementor-widget-wrap elementor-element-populated\">\n\t\t\t\t\t\t<div class=\"elementor-element elementor-element-7c41cac elementor-widget elementor-widget-image\" data-id=\"7c41cac\" data-element_type=\"widget\" data-widget_type=\"image.default\">\n\t\t\t\t<div class=\"elementor-widget-container\">\n\t\t\t\t\t\t\t\t\t\t\t\t\t\t\t\t<a href=\"https:\/\/solidscontrolworld.com\/pt\/tela-de-substituicao-para-brandt\/\">\n\t\t\t\t\t\t\t<img decoding=\"async\" width=\"1024\" height=\"768\" src=\"https:\/\/solidscontrolworld.com\/wp-content\/uploads\/2023\/02\/WechatIMG22501-1024x768.png\" class=\"attachment-large size-large wp-image-8405\" alt=\"Telas de estrutura de a\u00e7o Brandt King Cobra\" srcset=\"https:\/\/solidscontrolworld.com\/wp-content\/uploads\/2023\/02\/WechatIMG22501-1024x768.png 1024w, https:\/\/solidscontrolworld.com\/wp-content\/uploads\/2023\/02\/WechatIMG22501-300x225.png 300w, https:\/\/solidscontrolworld.com\/wp-content\/uploads\/2023\/02\/WechatIMG22501-768x576.png 768w, https:\/\/solidscontrolworld.com\/wp-content\/uploads\/2023\/02\/WechatIMG22501-600x450.png 600w, https:\/\/solidscontrolworld.com\/wp-content\/uploads\/2023\/02\/WechatIMG22501.png 1317w\" sizes=\"(max-width: 1024px) 100vw, 1024px\" \/>\t\t\t\t\t\t\t\t<\/a>\n\t\t\t\t\t\t\t\t\t\t\t\t\t\t\t<\/div>\n\t\t\t\t<\/div>\n\t\t\t\t<div class=\"elementor-element elementor-element-7f805e3 elementor-widget elementor-widget-heading\" data-id=\"7f805e3\" data-element_type=\"widget\" data-widget_type=\"heading.default\">\n\t\t\t\t<div class=\"elementor-widget-container\">\n\t\t\t\t\t<h5 class=\"elementor-heading-title elementor-size-default\">Telas Shaker de substitui\u00e7\u00e3o para Brandt<\/h5>\t\t\t\t<\/div>\n\t\t\t\t<\/div>\n\t\t\t\t<div class=\"elementor-element elementor-element-0807865 elementor-align-center elementor-widget elementor-widget-button\" data-id=\"0807865\" data-element_type=\"widget\" data-widget_type=\"button.default\">\n\t\t\t\t<div class=\"elementor-widget-container\">\n\t\t\t\t\t\t\t\t\t<div class=\"elementor-button-wrapper\">\n\t\t\t\t\t<a class=\"elementor-button elementor-button-link elementor-size-sm\" href=\"https:\/\/solidscontrolworld.com\/pt\/tela-de-substituicao-para-brandt\/\">\n\t\t\t\t\t\t<span class=\"elementor-button-content-wrapper\">\n\t\t\t\t\t\t\t\t\t<span class=\"elementor-button-text\">Ler mais<\/span>\n\t\t\t\t\t<\/span>\n\t\t\t\t\t<\/a>\n\t\t\t\t<\/div>\n\t\t\t\t\t\t\t\t<\/div>\n\t\t\t\t<\/div>\n\t\t\t\t\t<\/div>\n\t\t<\/div>\n\t\t\t\t<div class=\"elementor-column elementor-col-20 elementor-top-column elementor-element elementor-element-4557a98\" data-id=\"4557a98\" data-element_type=\"column\">\n\t\t\t<div class=\"elementor-widget-wrap elementor-element-populated\">\n\t\t\t\t\t\t<div class=\"elementor-element elementor-element-7c558d6 elementor-widget elementor-widget-image\" data-id=\"7c558d6\" data-element_type=\"widget\" data-widget_type=\"image.default\">\n\t\t\t\t<div class=\"elementor-widget-container\">\n\t\t\t\t\t\t\t\t\t\t\t\t\t\t\t\t<a href=\"https:\/\/solidscontrolworld.com\/pt\/peneira-vibratoria-com-estrutura-de-aco\/\">\n\t\t\t\t\t\t\t<img loading=\"lazy\" decoding=\"async\" width=\"1024\" height=\"768\" src=\"https:\/\/solidscontrolworld.com\/wp-content\/uploads\/2023\/02\/WechatIMG22473-1024x768.jpeg\" class=\"attachment-large size-large wp-image-8411\" alt=\"fabricante profissional de telas vibrat\u00f3rias\" srcset=\"https:\/\/solidscontrolworld.com\/wp-content\/uploads\/2023\/02\/WechatIMG22473-1024x768.jpeg 1024w, https:\/\/solidscontrolworld.com\/wp-content\/uploads\/2023\/02\/WechatIMG22473-300x225.jpeg 300w, https:\/\/solidscontrolworld.com\/wp-content\/uploads\/2023\/02\/WechatIMG22473-768x576.jpeg 768w, https:\/\/solidscontrolworld.com\/wp-content\/uploads\/2023\/02\/WechatIMG22473-1536x1152.jpeg 1536w, https:\/\/solidscontrolworld.com\/wp-content\/uploads\/2023\/02\/WechatIMG22473-2048x1536.jpeg 2048w, https:\/\/solidscontrolworld.com\/wp-content\/uploads\/2023\/02\/WechatIMG22473-600x450.jpeg 600w\" sizes=\"(max-width: 1024px) 100vw, 1024px\" \/>\t\t\t\t\t\t\t\t<\/a>\n\t\t\t\t\t\t\t\t\t\t\t\t\t\t\t<\/div>\n\t\t\t\t<\/div>\n\t\t\t\t<div class=\"elementor-element elementor-element-babaeb0 elementor-widget elementor-widget-heading\" data-id=\"babaeb0\" data-element_type=\"widget\" data-widget_type=\"heading.default\">\n\t\t\t\t<div class=\"elementor-widget-container\">\n\t\t\t\t\t<h5 class=\"elementor-heading-title elementor-size-default\">Tela vibrat\u00f3ria com estrutura de a\u00e7o<\/h5>\t\t\t\t<\/div>\n\t\t\t\t<\/div>\n\t\t\t\t<div class=\"elementor-element elementor-element-f98f6c1 elementor-align-center elementor-widget elementor-widget-button\" data-id=\"f98f6c1\" data-element_type=\"widget\" data-widget_type=\"button.default\">\n\t\t\t\t<div class=\"elementor-widget-container\">\n\t\t\t\t\t\t\t\t\t<div class=\"elementor-button-wrapper\">\n\t\t\t\t\t<a class=\"elementor-button elementor-button-link elementor-size-sm\" href=\"https:\/\/solidscontrolworld.com\/pt\/peneira-vibratoria-com-estrutura-de-aco\/\">\n\t\t\t\t\t\t<span class=\"elementor-button-content-wrapper\">\n\t\t\t\t\t\t\t\t\t<span class=\"elementor-button-text\">Ler mais<\/span>\n\t\t\t\t\t<\/span>\n\t\t\t\t\t<\/a>\n\t\t\t\t<\/div>\n\t\t\t\t\t\t\t\t<\/div>\n\t\t\t\t<\/div>\n\t\t\t\t\t<\/div>\n\t\t<\/div>\n\t\t\t\t<div class=\"elementor-column elementor-col-20 elementor-top-column elementor-element elementor-element-0d72e11\" data-id=\"0d72e11\" data-element_type=\"column\">\n\t\t\t<div class=\"elementor-widget-wrap elementor-element-populated\">\n\t\t\t\t\t\t<div class=\"elementor-element elementor-element-87bed0d elementor-widget elementor-widget-image\" data-id=\"87bed0d\" data-element_type=\"widget\" data-widget_type=\"image.default\">\n\t\t\t\t<div class=\"elementor-widget-container\">\n\t\t\t\t\t\t\t\t\t\t\t\t\t\t\t<img loading=\"lazy\" decoding=\"async\" width=\"1024\" height=\"768\" src=\"https:\/\/solidscontrolworld.com\/wp-content\/uploads\/2023\/03\/Shale-Shaker-Screens-2-1024x768-1.jpg\" class=\"attachment-large size-large wp-image-8684\" alt=\"fabricante de telas vibrat\u00f3rias de xisto de alta qualidade\" srcset=\"https:\/\/solidscontrolworld.com\/wp-content\/uploads\/2023\/03\/Shale-Shaker-Screens-2-1024x768-1.jpg 1024w, https:\/\/solidscontrolworld.com\/wp-content\/uploads\/2023\/03\/Shale-Shaker-Screens-2-1024x768-1-300x225.jpg 300w, https:\/\/solidscontrolworld.com\/wp-content\/uploads\/2023\/03\/Shale-Shaker-Screens-2-1024x768-1-768x576.jpg 768w, https:\/\/solidscontrolworld.com\/wp-content\/uploads\/2023\/03\/Shale-Shaker-Screens-2-1024x768-1-600x450.jpg 600w\" sizes=\"(max-width: 1024px) 100vw, 1024px\" \/>\t\t\t\t\t\t\t\t\t\t\t\t\t\t\t<\/div>\n\t\t\t\t<\/div>\n\t\t\t\t<div class=\"elementor-element elementor-element-e0dfa2d elementor-widget elementor-widget-heading\" data-id=\"e0dfa2d\" data-element_type=\"widget\" data-widget_type=\"heading.default\">\n\t\t\t\t<div class=\"elementor-widget-container\">\n\t\t\t\t\t<h5 class=\"elementor-heading-title elementor-size-default\">Tela plana com tira de gancho<\/h5>\t\t\t\t<\/div>\n\t\t\t\t<\/div>\n\t\t\t\t<div class=\"elementor-element elementor-element-d4d4d56 elementor-align-center elementor-widget elementor-widget-button\" data-id=\"d4d4d56\" data-element_type=\"widget\" data-widget_type=\"button.default\">\n\t\t\t\t<div class=\"elementor-widget-container\">\n\t\t\t\t\t\t\t\t\t<div class=\"elementor-button-wrapper\">\n\t\t\t\t\t<a class=\"elementor-button elementor-size-sm\" role=\"button\">\n\t\t\t\t\t\t<span class=\"elementor-button-content-wrapper\">\n\t\t\t\t\t\t\t\t\t<span class=\"elementor-button-text\">Ler mais<\/span>\n\t\t\t\t\t<\/span>\n\t\t\t\t\t<\/a>\n\t\t\t\t<\/div>\n\t\t\t\t\t\t\t\t<\/div>\n\t\t\t\t<\/div>\n\t\t\t\t\t<\/div>\n\t\t<\/div>\n\t\t\t\t\t<\/div>\n\t\t<\/section>\n\t\t\t\t<section class=\"elementor-section elementor-top-section elementor-element elementor-element-573eb7e elementor-section-boxed elementor-section-height-default elementor-section-height-default\" data-id=\"573eb7e\" data-element_type=\"section\">\n\t\t\t\t\t\t<div class=\"elementor-container elementor-column-gap-default\">\n\t\t\t\t\t<div class=\"elementor-column elementor-col-100 elementor-top-column elementor-element elementor-element-857fe6b\" data-id=\"857fe6b\" data-element_type=\"column\">\n\t\t\t<div class=\"elementor-widget-wrap elementor-element-populated\">\n\t\t\t\t\t\t<div class=\"elementor-element elementor-element-1cce004 elementor-widget elementor-widget-text-editor\" data-id=\"1cce004\" data-element_type=\"widget\" data-widget_type=\"text-editor.default\">\n\t\t\t\t<div class=\"elementor-widget-container\">\n\t\t\t\t\t\t\t\t\t<p><strong>Fornecedor confi\u00e1vel de telas vibrat\u00f3rias na China&nbsp;<\/strong><\/p>\n<p>Somos profissionais em telas vibrat\u00f3rias <span title=\"fabricante de telas vibrat\u00f3rias de xisto de alta qualidade\">Fabricante<\/span> na China; constru\u00edmos la\u00e7os de longo prazo com nossos clientes e estamos comprometidos em fornecer-lhes uma ampla sele\u00e7\u00e3o de peneiras vibrat\u00f3rias. Somos uma empresa de confian\u00e7a <span title=\"Telas Shaker para Venda\">Suprimento de tela vibrat\u00f3ria<\/span> A empresa conta com uma equipe excepcional, excelente desempenho, produtos e servi\u00e7os de primeira linha e um comprometimento jovial adequado, todos amplamente considerados pela sociedade e valorizados por consumidores e trabalhadores. Nossa organiza\u00e7\u00e3o pratica pr\u00e1ticas comerciais seguras, aliadas \u00e0 verdade e \u00e0 honestidade, para construir relacionamentos de longo prazo com nossos consumidores. Como uma empresa confi\u00e1vel <span title=\"fabricante profissional de telas vibrat\u00f3rias\">Tela Shaker<\/span> Fornecedor na China, nos diferenciamos dos demais por demonstrar responsabilidade, transpar\u00eancia e tomada de decis\u00f5es.<\/p>\t\t\t\t\t\t\t\t<\/div>\n\t\t\t\t<\/div>\n\t\t\t\t\t<\/div>\n\t\t<\/div>\n\t\t\t\t\t<\/div>\n\t\t<\/section>\n\t\t\t\t<\/div>","protected":false},"excerpt":{"rendered":"<p>Categoria: Telas vibrat\u00f3rias Telas vibrat\u00f3rias de reposi\u00e7\u00e3o para Derrick Leia mais Telas vibrat\u00f3rias de reposi\u00e7\u00e3o para MI-Swaco Leia mais Telas vibrat\u00f3rias de reposi\u00e7\u00e3o para Brandt Leia mais Tela vibrat\u00f3ria com estrutura de a\u00e7o Leia mais Tela plana com tira de gancho Leia mais Fornecedor confi\u00e1vel de tela vibrat\u00f3ria na China Somos fabricantes profissionais de telas vibrat\u00f3rias na China; n\u00f3s [\u2026]<\/p>","protected":false},"author":1,"featured_media":0,"parent":0,"menu_order":39,"comment_status":"closed","ping_status":"closed","template":"","meta":{"_seopress_robots_primary_cat":"","_seopress_titles_title":"Professional Shaker Screens Manufacturer | Reliable Shaker Screen Supply Company in China | Solids Control World","_seopress_titles_desc":"Buy  high quality  shaker screens such as  composite  material shaker, Corrugated, Hook Strip Flat Screen and Steel Frame Shale Shaker online at Solids Control World. Visit Now.","_seopress_robots_index":"","footnotes":""},"class_list":["post-3312","page","type-page","status-publish","hentry"],"yoast_head":"<!-- This site is optimized with the Yoast SEO plugin v25.1 - https:\/\/yoast.com\/wordpress\/plugins\/seo\/ -->\n<title>Shaker Screen Supplier Company in China - Professional Shaker Screen Manufacturer - Shaker Screens for Sale - Solids Control World<\/title>\n<meta name=\"description\" content=\"We are trusted shaker screen manufacturers in China, offering a range of high-quality screens with a commitment to reliability and long-term client relationships\" \/>\n<meta name=\"robots\" content=\"index, follow, max-snippet:-1, max-image-preview:large, max-video-preview:-1\" \/>\n<link rel=\"canonical\" href=\"https:\/\/solidscontrolworld.com\/pt\/telas-vibratorias\/\" \/>\n<meta property=\"og:locale\" content=\"pt_BR\" \/>\n<meta property=\"og:type\" content=\"article\" \/>\n<meta property=\"og:title\" content=\"Shaker Screen Supplier Company in China - Professional Shaker Screen Manufacturer - Shaker Screens for Sale - Solids Control World\" \/>\n<meta property=\"og:description\" content=\"We are trusted shaker screen manufacturers in China, offering a range of high-quality screens with a commitment to reliability and long-term client relationships\" \/>\n<meta property=\"og:url\" content=\"https:\/\/solidscontrolworld.com\/pt\/telas-vibratorias\/\" \/>\n<meta property=\"og:site_name\" content=\"Solids Control World\" \/>\n<meta property=\"article:modified_time\" content=\"2024-09-06T07:44:56+00:00\" \/>\n<meta property=\"og:image\" content=\"https:\/\/solidscontrolworld.com\/wp-content\/uploads\/2023\/02\/WechatIMG22410-1024x765.png\" \/>\n<meta name=\"twitter:card\" content=\"summary_large_image\" \/>\n<meta name=\"twitter:label1\" content=\"Est. tempo de leitura\" \/>\n\t<meta name=\"twitter:data1\" content=\"2 minutos\" \/>\n<!-- \/ Yoast SEO plugin. -->","yoast_head_json":{"title":"Fornecedor de telas vibrat\u00f3rias na China - Fabricante profissional de telas vibrat\u00f3rias - Telas vibrat\u00f3rias \u00e0 venda - Solids Control World","description":"Somos fabricantes confi\u00e1veis de telas vibrat\u00f3rias na China, oferecendo uma variedade de telas de alta qualidade com um compromisso com a confiabilidade e relacionamentos de longo prazo com os clientes","robots":{"index":"index","follow":"follow","max-snippet":"max-snippet:-1","max-image-preview":"max-image-preview:large","max-video-preview":"max-video-preview:-1"},"canonical":"https:\/\/solidscontrolworld.com\/pt\/telas-vibratorias\/","og_locale":"pt_BR","og_type":"article","og_title":"Shaker Screen Supplier Company in China - Professional Shaker Screen Manufacturer - Shaker Screens for Sale - Solids Control World","og_description":"We are trusted shaker screen manufacturers in China, offering a range of high-quality screens with a commitment to reliability and long-term client relationships","og_url":"https:\/\/solidscontrolworld.com\/pt\/telas-vibratorias\/","og_site_name":"Solids Control World","article_modified_time":"2024-09-06T07:44:56+00:00","og_image":[{"url":"https:\/\/solidscontrolworld.com\/wp-content\/uploads\/2023\/02\/WechatIMG22410-1024x765.png","type":"","width":"","height":""}],"twitter_card":"summary_large_image","twitter_misc":{"Est. tempo de leitura":"2 minutos"},"schema":{"@context":"https:\/\/schema.org","@graph":[{"@type":"WebPage","@id":"https:\/\/solidscontrolworld.com\/shaker-screens\/","url":"https:\/\/solidscontrolworld.com\/shaker-screens\/","name":"Fornecedor de telas vibrat\u00f3rias na China - Fabricante profissional de telas vibrat\u00f3rias - Telas vibrat\u00f3rias \u00e0 venda - Solids Control World","isPartOf":{"@id":"https:\/\/solidscontrolworld.com\/#website"},"primaryImageOfPage":{"@id":"https:\/\/solidscontrolworld.com\/shaker-screens\/#primaryimage"},"image":{"@id":"https:\/\/solidscontrolworld.com\/shaker-screens\/#primaryimage"},"thumbnailUrl":"https:\/\/solidscontrolworld.com\/wp-content\/uploads\/2023\/02\/WechatIMG22410-1024x765.png","datePublished":"2021-05-31T17:18:02+00:00","dateModified":"2024-09-06T07:44:56+00:00","description":"Somos fabricantes confi\u00e1veis de telas vibrat\u00f3rias na China, oferecendo uma variedade de telas de alta qualidade com um compromisso com a confiabilidade e relacionamentos de longo prazo com os clientes","breadcrumb":{"@id":"https:\/\/solidscontrolworld.com\/shaker-screens\/#breadcrumb"},"inLanguage":"pt-BR","potentialAction":[{"@type":"ReadAction","target":["https:\/\/solidscontrolworld.com\/shaker-screens\/"]}]},{"@type":"ImageObject","inLanguage":"pt-BR","@id":"https:\/\/solidscontrolworld.com\/shaker-screens\/#primaryimage","url":"https:\/\/solidscontrolworld.com\/wp-content\/uploads\/2023\/02\/WechatIMG22410-1024x765.png","contentUrl":"https:\/\/solidscontrolworld.com\/wp-content\/uploads\/2023\/02\/WechatIMG22410-1024x765.png"},{"@type":"BreadcrumbList","@id":"https:\/\/solidscontrolworld.com\/shaker-screens\/#breadcrumb","itemListElement":[{"@type":"ListItem","position":1,"name":"Home","item":"https:\/\/solidscontrolworld.com\/"},{"@type":"ListItem","position":2,"name":"Shaker screens"}]},{"@type":"WebSite","@id":"https:\/\/solidscontrolworld.com\/#website","url":"https:\/\/solidscontrolworld.com\/","name":"Mundo de controle de s\u00f3lidos","description":"","publisher":{"@id":"https:\/\/solidscontrolworld.com\/#\/schema\/person\/2c126362537c0f0e6d4a8dfba9fc68b0"},"potentialAction":[{"@type":"SearchAction","target":{"@type":"EntryPoint","urlTemplate":"https:\/\/solidscontrolworld.com\/?s={search_term_string}"},"query-input":{"@type":"PropertyValueSpecification","valueRequired":true,"valueName":"search_term_string"}}],"inLanguage":"pt-BR"},{"@type":["Person","Organization"],"@id":"https:\/\/solidscontrolworld.com\/#\/schema\/person\/2c126362537c0f0e6d4a8dfba9fc68b0","name":"mundo de controle de s\u00f3lidos","logo":{"@id":"https:\/\/solidscontrolworld.com\/#\/schema\/person\/image\/"},"sameAs":["https:\/\/solidscontrolworld.com"]}]}},"_links":{"self":[{"href":"https:\/\/solidscontrolworld.com\/pt\/wp-json\/wp\/v2\/pages\/3312","targetHints":{"allow":["GET"]}}],"collection":[{"href":"https:\/\/solidscontrolworld.com\/pt\/wp-json\/wp\/v2\/pages"}],"about":[{"href":"https:\/\/solidscontrolworld.com\/pt\/wp-json\/wp\/v2\/types\/page"}],"author":[{"embeddable":true,"href":"https:\/\/solidscontrolworld.com\/pt\/wp-json\/wp\/v2\/users\/1"}],"replies":[{"embeddable":true,"href":"https:\/\/solidscontrolworld.com\/pt\/wp-json\/wp\/v2\/comments?post=3312"}],"version-history":[{"count":4,"href":"https:\/\/solidscontrolworld.com\/pt\/wp-json\/wp\/v2\/pages\/3312\/revisions"}],"predecessor-version":[{"id":10978,"href":"https:\/\/solidscontrolworld.com\/pt\/wp-json\/wp\/v2\/pages\/3312\/revisions\/10978"}],"wp:attachment":[{"href":"https:\/\/solidscontrolworld.com\/pt\/wp-json\/wp\/v2\/media?parent=3312"}],"curies":[{"name":"wp","href":"https:\/\/api.w.org\/{rel}","templated":true}]}}