{"id":3324,"date":"2021-05-31T17:20:15","date_gmt":"2021-05-31T17:20:15","guid":{"rendered":"https:\/\/solidscontrolworld.com\/?page_id=3324"},"modified":"2025-06-18T04:39:47","modified_gmt":"2025-06-18T04:39:47","slug":"dispositivo-de-ignicao-de-sinalizador","status":"publish","type":"page","link":"https:\/\/solidscontrolworld.com\/pt\/dispositivo-de-ignicao-de-sinalizador\/","title":{"rendered":"Dispositivo de igni\u00e7\u00e3o de chama"},"content":{"rendered":"<div data-elementor-type=\"wp-page\" data-elementor-id=\"3324\" class=\"elementor elementor-3324\">\n\t\t\t\t\t\t<section class=\"elementor-section elementor-top-section elementor-element elementor-element-731c056a elementor-section-full_width elementor-section-height-min-height elementor-section-stretched elementor-section-height-default elementor-section-items-middle\" data-id=\"731c056a\" data-element_type=\"section\" data-settings=\"{&quot;stretch_section&quot;:&quot;section-stretched&quot;,&quot;background_background&quot;:&quot;classic&quot;}\">\n\t\t\t\t\t\t\t<div class=\"elementor-background-overlay\"><\/div>\n\t\t\t\t\t\t\t<div class=\"elementor-container elementor-column-gap-default\">\n\t\t\t\t\t<div class=\"elementor-column elementor-col-100 elementor-top-column elementor-element elementor-element-64004e19\" data-id=\"64004e19\" data-element_type=\"column\">\n\t\t\t<div class=\"elementor-widget-wrap elementor-element-populated\">\n\t\t\t\t\t\t\t<\/div>\n\t\t<\/div>\n\t\t\t\t\t<\/div>\n\t\t<\/section>\n\t\t\t\t<section class=\"elementor-section elementor-top-section elementor-element elementor-element-71ea2a1c elementor-section-boxed elementor-section-height-default elementor-section-height-default\" data-id=\"71ea2a1c\" data-element_type=\"section\">\n\t\t\t\t\t\t<div class=\"elementor-container elementor-column-gap-default\">\n\t\t\t\t\t<div class=\"elementor-column elementor-col-33 elementor-top-column elementor-element elementor-element-290e1043\" data-id=\"290e1043\" data-element_type=\"column\">\n\t\t\t<div class=\"elementor-widget-wrap elementor-element-populated\">\n\t\t\t\t\t\t<div class=\"elementor-element elementor-element-38f26444 elementor-widget elementor-widget-image\" data-id=\"38f26444\" data-element_type=\"widget\" data-widget_type=\"image.default\">\n\t\t\t\t<div class=\"elementor-widget-container\">\n\t\t\t\t\t\t\t\t\t\t\t\t\t\t\t<img decoding=\"async\" src=\"https:\/\/solidscontrolworld.com\/wp-content\/uploads\/2021\/05\/%E7%A8%BF%E5%AE%9A%E8%AE%BE%E8%AE%A1-1.png\" title=\"\" alt=\"Dispositivo de igni\u00e7\u00e3o de chama\" loading=\"lazy\" \/>\t\t\t\t\t\t\t\t\t\t\t\t\t\t\t<\/div>\n\t\t\t\t<\/div>\n\t\t\t\t<div class=\"elementor-element elementor-element-1812a6e1 elementor-arrows-position-inside elementor-pagination-position-outside elementor-widget elementor-widget-image-carousel\" data-id=\"1812a6e1\" data-element_type=\"widget\" data-settings=\"{&quot;navigation&quot;:&quot;both&quot;,&quot;autoplay&quot;:&quot;yes&quot;,&quot;pause_on_hover&quot;:&quot;yes&quot;,&quot;pause_on_interaction&quot;:&quot;yes&quot;,&quot;autoplay_speed&quot;:5000,&quot;infinite&quot;:&quot;yes&quot;,&quot;speed&quot;:500}\" data-widget_type=\"image-carousel.default\">\n\t\t\t\t<div class=\"elementor-widget-container\">\n\t\t\t\t\t\t\t<div class=\"elementor-image-carousel-wrapper swiper\" role=\"region\" aria-roledescription=\"carousel\" aria-label=\"Carrossel de imagens\" dir=\"ltr\">\n\t\t\t<div class=\"elementor-image-carousel swiper-wrapper\" aria-live=\"off\">\n\t\t\t\t\t\t\t\t<div class=\"swiper-slide\" role=\"group\" aria-roledescription=\"slide\" aria-label=\"1 de 3\" data-no-translation-aria-label=\"\"><a data-elementor-open-lightbox=\"yes\" data-elementor-lightbox-slideshow=\"1812a6e1\" data-elementor-lightbox-title=\"Flare ignitor\" data-e-action-hash=\"#elementor-action%3Aaction%3Dlightbox%26settings%3DeyJpZCI6MTAxNzcsInVybCI6Imh0dHBzOlwvXC9zb2xpZHNjb250cm9sd29ybGQuY29tXC93cC1jb250ZW50XC91cGxvYWRzXC8yMDI0XC8wMlwvRmxhcmUtaWduaXRvci5wbmciLCJzbGlkZXNob3ciOiIxODEyYTZlMSJ9\" href=\"https:\/\/solidscontrolworld.com\/wp-content\/uploads\/2024\/02\/Flare-ignitor.png\"><figure class=\"swiper-slide-inner\"><img decoding=\"async\" class=\"swiper-slide-image\" src=\"https:\/\/solidscontrolworld.com\/wp-content\/uploads\/2024\/02\/Flare-ignitor-150x150.png\" alt=\"Ignitor de chama\" \/><\/figure><\/a><\/div><div class=\"swiper-slide\" role=\"group\" aria-roledescription=\"slide\" aria-label=\"2 de 3\" data-no-translation-aria-label=\"\"><a data-elementor-open-lightbox=\"yes\" data-elementor-lightbox-slideshow=\"1812a6e1\" data-elementor-lightbox-title=\"\u5fae\u4fe1\u56fe\u7247_20240221152512\" data-e-action-hash=\"#elementor-action%3Aaction%3Dlightbox%26settings%3DeyJpZCI6MTAxNzgsInVybCI6Imh0dHBzOlwvXC9zb2xpZHNjb250cm9sd29ybGQuY29tXC93cC1jb250ZW50XC91cGxvYWRzXC8yMDI0XC8wMlwvXHU1ZmFlXHU0ZmUxXHU1NmZlXHU3MjQ3XzIwMjQwMjIxMTUyNTEyLnBuZyIsInNsaWRlc2hvdyI6IjE4MTJhNmUxIn0%3D\" href=\"https:\/\/solidscontrolworld.com\/wp-content\/uploads\/2024\/02\/\u5fae\u4fe1\u56fe\u7247_20240221152512.png\"><figure class=\"swiper-slide-inner\"><img decoding=\"async\" class=\"swiper-slide-image\" src=\"https:\/\/solidscontrolworld.com\/wp-content\/uploads\/2024\/02\/\u5fae\u4fe1\u56fe\u7247_20240221152512-150x150.png\" alt=\"\u5fae\u4fe1\u56fe\u7247_20240221152512\" \/><\/figure><\/a><\/div><div class=\"swiper-slide\" role=\"group\" aria-roledescription=\"slide\" aria-label=\"3 de 3\" data-no-translation-aria-label=\"\"><a data-elementor-open-lightbox=\"yes\" data-elementor-lightbox-slideshow=\"1812a6e1\" data-elementor-lightbox-title=\"\u5fae\u4fe1\u56fe\u7247_20240221152303\" data-e-action-hash=\"#elementor-action%3Aaction%3Dlightbox%26settings%3DeyJpZCI6MTAxNzksInVybCI6Imh0dHBzOlwvXC9zb2xpZHNjb250cm9sd29ybGQuY29tXC93cC1jb250ZW50XC91cGxvYWRzXC8yMDI0XC8wMlwvXHU1ZmFlXHU0ZmUxXHU1NmZlXHU3MjQ3XzIwMjQwMjIxMTUyMzAzLnBuZyIsInNsaWRlc2hvdyI6IjE4MTJhNmUxIn0%3D\" href=\"https:\/\/solidscontrolworld.com\/wp-content\/uploads\/2024\/02\/\u5fae\u4fe1\u56fe\u7247_20240221152303.png\"><figure class=\"swiper-slide-inner\"><img decoding=\"async\" class=\"swiper-slide-image\" src=\"https:\/\/solidscontrolworld.com\/wp-content\/uploads\/2024\/02\/\u5fae\u4fe1\u56fe\u7247_20240221152303-150x150.png\" alt=\"\u5fae\u4fe1\u56fe\u7247_20240221152303\" \/><\/figure><\/a><\/div>\t\t\t<\/div>\n\t\t\t\t\t\t\t\t\t\t\t\t<div class=\"elementor-swiper-button elementor-swiper-button-prev\" role=\"button\" tabindex=\"0\">\n\t\t\t\t\t\t<i aria-hidden=\"true\" class=\"eicon-chevron-left\"><\/i>\t\t\t\t\t<\/div>\n\t\t\t\t\t<div class=\"elementor-swiper-button elementor-swiper-button-next\" role=\"button\" tabindex=\"0\">\n\t\t\t\t\t\t<i aria-hidden=\"true\" class=\"eicon-chevron-right\"><\/i>\t\t\t\t\t<\/div>\n\t\t\t\t\n\t\t\t\t\t\t\t\t\t<div class=\"swiper-pagination\"><\/div>\n\t\t\t\t\t\t\t\t\t<\/div>\n\t\t\t\t\t\t<\/div>\n\t\t\t\t<\/div>\n\t\t\t\t\t<\/div>\n\t\t<\/div>\n\t\t\t\t<div class=\"elementor-column elementor-col-33 elementor-top-column elementor-element elementor-element-288497a7\" data-id=\"288497a7\" data-element_type=\"column\">\n\t\t\t<div class=\"elementor-widget-wrap elementor-element-populated\">\n\t\t\t\t\t\t<div class=\"elementor-element elementor-element-1d1f773a elementor-widget elementor-widget-heading\" data-id=\"1d1f773a\" data-element_type=\"widget\" data-widget_type=\"heading.default\">\n\t\t\t\t<div class=\"elementor-widget-container\">\n\t\t\t\t\t<h2 class=\"elementor-heading-title elementor-size-default\">Dispositivo de igni\u00e7\u00e3o de chama\n<\/h2>\t\t\t\t<\/div>\n\t\t\t\t<\/div>\n\t\t\t\t<div class=\"elementor-element elementor-element-6c4f6d41 elementor-widget elementor-widget-text-editor\" data-id=\"6c4f6d41\" data-element_type=\"widget\" data-widget_type=\"text-editor.default\">\n\t\t\t\t<div class=\"elementor-widget-container\">\n\t\t\t\t\t\t\t\t\t<p>Um dispositivo de igni\u00e7\u00e3o por chama \u00e9 uma ferramenta \u00fatil para acender o g\u00e1s desperdi\u00e7ado na ind\u00fastria de petr\u00f3leo e g\u00e1s. Esta ferramenta \u00e9 usada para queimar gases venenosos ou nocivos por meio de um acendedor, o que garante a seguran\u00e7a do meio ambiente e elimina a amea\u00e7a.<\/p>\t\t\t\t\t\t\t\t<\/div>\n\t\t\t\t<\/div>\n\t\t\t\t<div class=\"elementor-element elementor-element-4793d481 elementor-widget elementor-widget-text-editor\" data-id=\"4793d481\" data-element_type=\"widget\" data-widget_type=\"text-editor.default\">\n\t\t\t\t<div class=\"elementor-widget-container\">\n\t\t\t\t\t\t\t\t\tCategoria:\u00a0<a href=\"https:\/\/solidscontrolworld.com\/pt\/equipamentos-de-controle-de-solidos\/\" rel=\"tag\">Controle de S\u00f3lidos<\/a>\t\t\t\t\t\t\t\t<\/div>\n\t\t\t\t<\/div>\n\t\t\t\t\t<\/div>\n\t\t<\/div>\n\t\t\t\t<div class=\"elementor-column elementor-col-33 elementor-top-column elementor-element elementor-element-5f093e48\" data-id=\"5f093e48\" data-element_type=\"column\">\n\t\t\t<div class=\"elementor-widget-wrap elementor-element-populated\">\n\t\t\t\t\t\t<div class=\"elementor-element elementor-element-321d2fcd elementor-icon-list--layout-traditional elementor-list-item-link-full_width elementor-widget elementor-widget-icon-list\" data-id=\"321d2fcd\" data-element_type=\"widget\" data-widget_type=\"icon-list.default\">\n\t\t\t\t<div class=\"elementor-widget-container\">\n\t\t\t\t\t\t\t<ul class=\"elementor-icon-list-items\">\n\t\t\t\t\t\t\t<li class=\"elementor-icon-list-item\">\n\t\t\t\t\t\t\t\t\t\t\t<span class=\"elementor-icon-list-icon\">\n\t\t\t\t\t\t\t<i aria-hidden=\"true\" class=\"fas fa-envelope-open\"><\/i>\t\t\t\t\t\t<\/span>\n\t\t\t\t\t\t\t\t\t\t<span class=\"elementor-icon-list-text\">info@solidscontrolworld.com<\/span>\n\t\t\t\t\t\t\t\t\t<\/li>\n\t\t\t\t\t\t\t\t<li class=\"elementor-icon-list-item\">\n\t\t\t\t\t\t\t\t\t\t\t<span class=\"elementor-icon-list-icon\">\n\t\t\t\t\t\t\t<i aria-hidden=\"true\" class=\"fas fa-phone-volume\"><\/i>\t\t\t\t\t\t<\/span>\n\t\t\t\t\t\t\t\t\t\t<span class=\"elementor-icon-list-text\">+8613784677772<\/span>\n\t\t\t\t\t\t\t\t\t<\/li>\n\t\t\t\t\t\t\t\t<li class=\"elementor-icon-list-item\">\n\t\t\t\t\t\t\t\t\t\t\t<span class=\"elementor-icon-list-icon\">\n\t\t\t\t\t\t\t<i aria-hidden=\"true\" class=\"fas fa-fax\"><\/i>\t\t\t\t\t\t<\/span>\n\t\t\t\t\t\t\t\t\t\t<span class=\"elementor-icon-list-text\">86-315-7651760<\/span>\n\t\t\t\t\t\t\t\t\t<\/li>\n\t\t\t\t\t\t<\/ul>\n\t\t\t\t\t\t<\/div>\n\t\t\t\t<\/div>\n\t\t\t\t\t<\/div>\n\t\t<\/div>\n\t\t\t\t\t<\/div>\n\t\t<\/section>\n\t\t\t\t<section class=\"elementor-section elementor-top-section elementor-element elementor-element-2d450c05 elementor-section-boxed elementor-section-height-default elementor-section-height-default\" data-id=\"2d450c05\" data-element_type=\"section\">\n\t\t\t\t\t\t<div class=\"elementor-container elementor-column-gap-default\">\n\t\t\t\t\t<div class=\"elementor-column elementor-col-50 elementor-top-column elementor-element elementor-element-5f416e56\" data-id=\"5f416e56\" data-element_type=\"column\">\n\t\t\t<div class=\"elementor-widget-wrap elementor-element-populated\">\n\t\t\t\t\t\t<div class=\"elementor-element elementor-element-44497833 elementor-widget elementor-widget-text-editor\" data-id=\"44497833\" data-element_type=\"widget\" data-widget_type=\"text-editor.default\">\n\t\t\t\t<div class=\"elementor-widget-container\">\n\t\t\t\t\t\t\t\t\t<section class=\"elementor-section elementor-top-section elementor-element elementor-element-5f25161 elementor-section-boxed elementor-section-height-default elementor-section-height-default\" data-id=\"5f25161\" data-element_type=\"section\"><div class=\"elementor-container elementor-column-gap-default\"><div class=\"elementor-row\"><div class=\"elementor-column elementor-col-100 elementor-top-column elementor-element elementor-element-6999059\" data-id=\"6999059\" data-element_type=\"column\"><div class=\"elementor-column-wrap elementor-element-populated\"><div class=\"elementor-widget-wrap\"><div class=\"elementor-element elementor-element-b6046b0 elementor-widget elementor-widget-text-editor\" data-id=\"b6046b0\" data-element_type=\"widget\" data-widget_type=\"text-editor.default\"><div class=\"elementor-widget-container\"><div class=\"elementor-text-editor elementor-clearfix\"><p><span style=\"color: #000000;\">O Dispositivo de Igni\u00e7\u00e3o de Flare, ou Ignitor de Flare, como \u00e9 comumente chamado, \u00e9 um componente crucial no processo de controle de s\u00f3lidos. Este equipamento de controle de s\u00f3lidos \u00e9 usado para descartar o g\u00e1s residual da refinaria de petr\u00f3leo. O Dispositivo de Igni\u00e7\u00e3o de Flare queima o g\u00e1s nocivo e garante um ambiente seguro e protegido. A igni\u00e7\u00e3o \u00e9 controlada por meio de um painel de controle localizado na base do dispositivo, na tubula\u00e7\u00e3o. H\u00e1 um pequeno tanque presente no Dispositivo de Igni\u00e7\u00e3o de Flare, cuja finalidade \u00e9 armazenar g\u00e1s natural. Este g\u00e1s natural \u00e9 essencial, pois \u00e9 usado para igni\u00e7\u00e3o.<\/span><\/p><p><span style=\"color: #000000;\">O Dispositivo de Igni\u00e7\u00e3o por Flare \u00e9 utilizado em conjunto com o Separador de G\u00e1s de Lama. Juntos, eles processam o g\u00e1s combust\u00edvel presente no local de perfura\u00e7\u00e3o. O g\u00e1s separado pelo Separador de G\u00e1s de Lama \u00e9 conduzido para fora pela sa\u00edda de g\u00e1s presente naquele dispositivo e, em seguida, tratado com o Dispositivo de Igni\u00e7\u00e3o por Flare. Por raz\u00f5es de seguran\u00e7a, uma mangueira \u00e9 utilizada para garantir que a dist\u00e2ncia entre o Dispositivo de Igni\u00e7\u00e3o por Flare e o local de perfura\u00e7\u00e3o seja de pelo menos 50 metros.<\/span><\/p><p><span style=\"color: #000000;\"><strong>Principais caracter\u00edsticas do dispositivo de igni\u00e7\u00e3o de chama<\/strong><\/span><\/p><ul><li><span style=\"color: #000000;\">Pequeno painel de controle<\/span><\/li><li><span style=\"color: #000000;\">Tanque para armazenamento<\/span><\/li><li><span style=\"color: #000000;\">Mangueira<\/span><\/li><\/ul><\/div><\/div><\/div><\/div><\/div><\/div><\/div><\/div><\/section>\t\t\t\t\t\t\t\t<\/div>\n\t\t\t\t<\/div>\n\t\t\t\t<div class=\"elementor-element elementor-element-73fa7778 elementor-widget elementor-widget-html\" data-id=\"73fa7778\" data-element_type=\"widget\" data-widget_type=\"html.default\">\n\t\t\t\t<div class=\"elementor-widget-container\">\n\t\t\t\t\t<table class=\"aligncenter\">\r\n<tbody>\r\n<tr class=\"thhh\">\r\n<th width=\"285\">Modelo<\/th>\r\n<th width=\"250\">ABYD 2 0 3<\/th>\r\n<\/tr>\r\n<tr>\r\n<td width=\"285\">Di\u00e2metro do queimador<\/td>\r\n<td width=\"250\">DN 2 0 0 mm<\/td>\r\n<\/tr>\r\n<tr>\r\n<td width=\"285\">Altura do queimador<\/td>\r\n<td width=\"250\">3 metros<\/td>\r\n<\/tr>\r\n<tr>\r\n<td width=\"285\">Tens\u00e3o de igni\u00e7\u00e3o e<\/td>\r\n<td width=\"250\">1 6 kV<\/td>\r\n<\/tr>\r\n<tr>\r\n<td width=\"285\"><strong>\u00a0<\/strong>\r\n\r\nFrequ\u00eancia de igni\u00e7\u00e3o<\/td>\r\n<td width=\"250\"><strong>\u00a0<\/strong>\r\n\r\n1 0 0 ~ 1 0 0 0 vezes \/ min em<\/td>\r\n<\/tr>\r\n<\/tbody>\r\n<\/table>\t\t\t\t<\/div>\n\t\t\t\t<\/div>\n\t\t\t\t\t<\/div>\n\t\t<\/div>\n\t\t\t\t<div class=\"elementor-column elementor-col-50 elementor-top-column elementor-element elementor-element-54e8cbe7\" data-id=\"54e8cbe7\" data-element_type=\"column\">\n\t\t\t<div class=\"elementor-widget-wrap elementor-element-populated\">\n\t\t\t\t\t\t<div class=\"elementor-element elementor-element-5bb00dfc elementor-align-left elementor-icon-list--layout-traditional elementor-list-item-link-full_width elementor-widget elementor-widget-icon-list\" data-id=\"5bb00dfc\" data-element_type=\"widget\" data-widget_type=\"icon-list.default\">\n\t\t\t\t<div class=\"elementor-widget-container\">\n\t\t\t\t\t\t\t<ul class=\"elementor-icon-list-items\">\n\t\t\t\t\t\t\t<li class=\"elementor-icon-list-item\">\n\t\t\t\t\t\t\t\t\t\t\t<span class=\"elementor-icon-list-icon\">\n\t\t\t\t\t\t\t<i aria-hidden=\"true\" class=\"fas fa-location-arrow\"><\/i>\t\t\t\t\t\t<\/span>\n\t\t\t\t\t\t\t\t\t\t<span class=\"elementor-icon-list-text\">Sala 1924, Bloco D, Pra\u00e7a Wanda, cidade de Tangshan, China.<\/span>\n\t\t\t\t\t\t\t\t\t<\/li>\n\t\t\t\t\t\t\t\t<li class=\"elementor-icon-list-item\">\n\t\t\t\t\t\t\t\t\t\t\t<span class=\"elementor-icon-list-icon\">\n\t\t\t\t\t\t\t<i aria-hidden=\"true\" class=\"fas fa-business-time\"><\/i>\t\t\t\t\t\t<\/span>\n\t\t\t\t\t\t\t\t\t\t<span class=\"elementor-icon-list-text\">Seg-Sex: 8:00-17:30<\/span>\n\t\t\t\t\t\t\t\t\t<\/li>\n\t\t\t\t\t\t<\/ul>\n\t\t\t\t\t\t<\/div>\n\t\t\t\t<\/div>\n\t\t\t\t<div class=\"elementor-element elementor-element-2fcaddaa elementor-share-buttons--view-icon elementor-share-buttons--skin-minimal elementor-share-buttons--shape-rounded elementor-share-buttons--align-left elementor-grid-0 elementor-share-buttons--color-official elementor-widget elementor-widget-share-buttons\" data-id=\"2fcaddaa\" data-element_type=\"widget\" data-widget_type=\"share-buttons.default\">\n\t\t\t\t<div class=\"elementor-widget-container\">\n\t\t\t\t\t\t\t<div class=\"elementor-grid\">\n\t\t\t\t\t\t\t\t<div class=\"elementor-grid-item\">\n\t\t\t\t\t\t<div\n\t\t\t\t\t\t\tclass=\"elementor-share-btn elementor-share-btn_facebook\"\n\t\t\t\t\t\t\trole=\"button\"\n\t\t\t\t\t\t\ttabindex=\"0\"\n\t\t\t\t\t\t\taria-label=\"Compartilhe no Facebook\"\n\t\t\t\t\t\t>\n\t\t\t\t\t\t\t\t\t\t\t\t\t\t\t<span class=\"elementor-share-btn__icon\">\n\t\t\t\t\t\t\t\t<i class=\"fab fa-facebook\" aria-hidden=\"true\"><\/i>\t\t\t\t\t\t\t<\/span>\n\t\t\t\t\t\t\t\t\t\t\t\t\t\t\t\t\t\t\t\t<\/div>\n\t\t\t\t\t<\/div>\n\t\t\t\t\t\t\t\t\t<div class=\"elementor-grid-item\">\n\t\t\t\t\t\t<div\n\t\t\t\t\t\t\tclass=\"elementor-share-btn elementor-share-btn_twitter\"\n\t\t\t\t\t\t\trole=\"button\"\n\t\t\t\t\t\t\ttabindex=\"0\"\n\t\t\t\t\t\t\taria-label=\"Compartilhe no Twitter\"\n\t\t\t\t\t\t>\n\t\t\t\t\t\t\t\t\t\t\t\t\t\t\t<span class=\"elementor-share-btn__icon\">\n\t\t\t\t\t\t\t\t<i class=\"fab fa-twitter\" aria-hidden=\"true\"><\/i>\t\t\t\t\t\t\t<\/span>\n\t\t\t\t\t\t\t\t\t\t\t\t\t\t\t\t\t\t\t\t<\/div>\n\t\t\t\t\t<\/div>\n\t\t\t\t\t\t\t\t\t<div class=\"elementor-grid-item\">\n\t\t\t\t\t\t<div\n\t\t\t\t\t\t\tclass=\"elementor-share-btn elementor-share-btn_linkedin\"\n\t\t\t\t\t\t\trole=\"button\"\n\t\t\t\t\t\t\ttabindex=\"0\"\n\t\t\t\t\t\t\taria-label=\"Compartilhe no LinkedIn\"\n\t\t\t\t\t\t>\n\t\t\t\t\t\t\t\t\t\t\t\t\t\t\t<span class=\"elementor-share-btn__icon\">\n\t\t\t\t\t\t\t\t<i class=\"fab fa-linkedin\" aria-hidden=\"true\"><\/i>\t\t\t\t\t\t\t<\/span>\n\t\t\t\t\t\t\t\t\t\t\t\t\t\t\t\t\t\t\t\t<\/div>\n\t\t\t\t\t<\/div>\n\t\t\t\t\t\t<\/div>\n\t\t\t\t\t\t<\/div>\n\t\t\t\t<\/div>\n\t\t\t\t\t<\/div>\n\t\t<\/div>\n\t\t\t\t\t<\/div>\n\t\t<\/section>\n\t\t\t\t<\/div>","protected":false},"excerpt":{"rendered":"<p>&nbsp; &nbsp; &nbsp; Dispositivo de igni\u00e7\u00e3o por chama. Um dispositivo de igni\u00e7\u00e3o por chama \u00e9 uma ferramenta \u00fatil para acender o g\u00e1s desperdi\u00e7ado na ind\u00fastria de petr\u00f3leo e g\u00e1s. Esta ferramenta \u00e9 usada para queimar gases venenosos ou nocivos por meio de um acendedor, o que garantir\u00e1 a seguran\u00e7a do meio ambiente e eliminar\u00e1 [\u2026]<\/p>","protected":false},"author":1,"featured_media":0,"parent":0,"menu_order":17,"comment_status":"closed","ping_status":"closed","template":"","meta":{"_seopress_robots_primary_cat":"","_seopress_titles_title":"","_seopress_titles_desc":"","_seopress_robots_index":"","footnotes":""},"class_list":["post-3324","page","type-page","status-publish","hentry"],"yoast_head":"<!-- This site is optimized with the Yoast SEO plugin v25.1 - https:\/\/yoast.com\/wordpress\/plugins\/seo\/ -->\n<title>Flare Ignition System for Drilling Sites | Solids control world<\/title>\n<meta name=\"description\" content=\"Ignites hazardous gases during drilling, supporting safety and meeting environmental standards in oilfield gas disposal applications.\" \/>\n<meta name=\"robots\" content=\"index, follow, max-snippet:-1, max-image-preview:large, max-video-preview:-1\" \/>\n<link rel=\"canonical\" href=\"https:\/\/solidscontrolworld.com\/pt\/dispositivo-de-ignicao-de-sinalizador\/\" \/>\n<meta property=\"og:locale\" content=\"pt_BR\" \/>\n<meta property=\"og:type\" content=\"article\" \/>\n<meta property=\"og:title\" content=\"Flare Ignition System for Drilling Sites | Solids control world\" \/>\n<meta property=\"og:description\" content=\"Ignites hazardous gases during drilling, supporting safety and meeting environmental standards in oilfield gas disposal applications.\" \/>\n<meta property=\"og:url\" content=\"https:\/\/solidscontrolworld.com\/pt\/dispositivo-de-ignicao-de-sinalizador\/\" \/>\n<meta property=\"og:site_name\" content=\"Solids Control World\" \/>\n<meta property=\"article:modified_time\" content=\"2025-06-18T04:39:47+00:00\" \/>\n<meta property=\"og:image\" content=\"https:\/\/solidscontrolworld.com\/wp-content\/uploads\/2021\/05\/%E7%A8%BF%E5%AE%9A%E8%AE%BE%E8%AE%A1-1.png\" \/>\n<meta name=\"twitter:card\" content=\"summary_large_image\" \/>\n<meta name=\"twitter:label1\" content=\"Est. tempo de leitura\" \/>\n\t<meta name=\"twitter:data1\" content=\"3 minutos\" \/>\n<!-- \/ Yoast SEO plugin. -->","yoast_head_json":{"title":"Sistema de Igni\u00e7\u00e3o de Flare para Locais de Perfura\u00e7\u00e3o | Mundo do Controle de S\u00f3lidos","description":"Inflama gases perigosos durante a perfura\u00e7\u00e3o, aumentando a seguran\u00e7a e atendendo aos padr\u00f5es ambientais em aplica\u00e7\u00f5es de descarte de g\u00e1s em campos petrol\u00edferos.","robots":{"index":"index","follow":"follow","max-snippet":"max-snippet:-1","max-image-preview":"max-image-preview:large","max-video-preview":"max-video-preview:-1"},"canonical":"https:\/\/solidscontrolworld.com\/pt\/dispositivo-de-ignicao-de-sinalizador\/","og_locale":"pt_BR","og_type":"article","og_title":"Flare Ignition System for Drilling Sites | Solids control world","og_description":"Ignites hazardous gases during drilling, supporting safety and meeting environmental standards in oilfield gas disposal applications.","og_url":"https:\/\/solidscontrolworld.com\/pt\/dispositivo-de-ignicao-de-sinalizador\/","og_site_name":"Solids Control World","article_modified_time":"2025-06-18T04:39:47+00:00","og_image":[{"url":"https:\/\/solidscontrolworld.com\/wp-content\/uploads\/2021\/05\/%E7%A8%BF%E5%AE%9A%E8%AE%BE%E8%AE%A1-1.png","type":"","width":"","height":""}],"twitter_card":"summary_large_image","twitter_misc":{"Est. tempo de leitura":"3 minutos"},"schema":{"@context":"https:\/\/schema.org","@graph":[{"@type":"WebPage","@id":"https:\/\/solidscontrolworld.com\/flare-ignition-device\/","url":"https:\/\/solidscontrolworld.com\/flare-ignition-device\/","name":"Sistema de Igni\u00e7\u00e3o de Flare para Locais de Perfura\u00e7\u00e3o | Mundo do Controle de S\u00f3lidos","isPartOf":{"@id":"https:\/\/solidscontrolworld.com\/#website"},"primaryImageOfPage":{"@id":"https:\/\/solidscontrolworld.com\/flare-ignition-device\/#primaryimage"},"image":{"@id":"https:\/\/solidscontrolworld.com\/flare-ignition-device\/#primaryimage"},"thumbnailUrl":"https:\/\/solidscontrolworld.com\/wp-content\/uploads\/2021\/05\/%E7%A8%BF%E5%AE%9A%E8%AE%BE%E8%AE%A1-1.png","datePublished":"2021-05-31T17:20:15+00:00","dateModified":"2025-06-18T04:39:47+00:00","description":"Inflama gases perigosos durante a perfura\u00e7\u00e3o, aumentando a seguran\u00e7a e atendendo aos padr\u00f5es ambientais em aplica\u00e7\u00f5es de descarte de g\u00e1s em campos petrol\u00edferos.","breadcrumb":{"@id":"https:\/\/solidscontrolworld.com\/flare-ignition-device\/#breadcrumb"},"inLanguage":"pt-BR","potentialAction":[{"@type":"ReadAction","target":["https:\/\/solidscontrolworld.com\/flare-ignition-device\/"]}]},{"@type":"ImageObject","inLanguage":"pt-BR","@id":"https:\/\/solidscontrolworld.com\/flare-ignition-device\/#primaryimage","url":"https:\/\/solidscontrolworld.com\/wp-content\/uploads\/2021\/05\/%E7%A8%BF%E5%AE%9A%E8%AE%BE%E8%AE%A1-1.png","contentUrl":"https:\/\/solidscontrolworld.com\/wp-content\/uploads\/2021\/05\/%E7%A8%BF%E5%AE%9A%E8%AE%BE%E8%AE%A1-1.png"},{"@type":"BreadcrumbList","@id":"https:\/\/solidscontrolworld.com\/flare-ignition-device\/#breadcrumb","itemListElement":[{"@type":"ListItem","position":1,"name":"Home","item":"https:\/\/solidscontrolworld.com\/"},{"@type":"ListItem","position":2,"name":"Flare ignition device"}]},{"@type":"WebSite","@id":"https:\/\/solidscontrolworld.com\/#website","url":"https:\/\/solidscontrolworld.com\/","name":"Mundo de controle de s\u00f3lidos","description":"","publisher":{"@id":"https:\/\/solidscontrolworld.com\/#\/schema\/person\/2c126362537c0f0e6d4a8dfba9fc68b0"},"potentialAction":[{"@type":"SearchAction","target":{"@type":"EntryPoint","urlTemplate":"https:\/\/solidscontrolworld.com\/?s={search_term_string}"},"query-input":{"@type":"PropertyValueSpecification","valueRequired":true,"valueName":"search_term_string"}}],"inLanguage":"pt-BR"},{"@type":["Person","Organization"],"@id":"https:\/\/solidscontrolworld.com\/#\/schema\/person\/2c126362537c0f0e6d4a8dfba9fc68b0","name":"mundo de controle de s\u00f3lidos","logo":{"@id":"https:\/\/solidscontrolworld.com\/#\/schema\/person\/image\/"},"sameAs":["https:\/\/solidscontrolworld.com"]}]}},"_links":{"self":[{"href":"https:\/\/solidscontrolworld.com\/pt\/wp-json\/wp\/v2\/pages\/3324","targetHints":{"allow":["GET"]}}],"collection":[{"href":"https:\/\/solidscontrolworld.com\/pt\/wp-json\/wp\/v2\/pages"}],"about":[{"href":"https:\/\/solidscontrolworld.com\/pt\/wp-json\/wp\/v2\/types\/page"}],"author":[{"embeddable":true,"href":"https:\/\/solidscontrolworld.com\/pt\/wp-json\/wp\/v2\/users\/1"}],"replies":[{"embeddable":true,"href":"https:\/\/solidscontrolworld.com\/pt\/wp-json\/wp\/v2\/comments?post=3324"}],"version-history":[{"count":2,"href":"https:\/\/solidscontrolworld.com\/pt\/wp-json\/wp\/v2\/pages\/3324\/revisions"}],"predecessor-version":[{"id":12311,"href":"https:\/\/solidscontrolworld.com\/pt\/wp-json\/wp\/v2\/pages\/3324\/revisions\/12311"}],"wp:attachment":[{"href":"https:\/\/solidscontrolworld.com\/pt\/wp-json\/wp\/v2\/media?parent=3324"}],"curies":[{"name":"wp","href":"https:\/\/api.w.org\/{rel}","templated":true}]}}