{"id":3414,"date":"2021-06-05T06:25:32","date_gmt":"2021-06-05T06:25:32","guid":{"rendered":"https:\/\/solidscontrolworld.com\/?page_id=3414"},"modified":"2025-06-18T04:43:25","modified_gmt":"2025-06-18T04:43:25","slug":"bomba-de-parafuso","status":"publish","type":"page","link":"https:\/\/solidscontrolworld.com\/pt\/bomba-de-parafuso\/","title":{"rendered":"Bomba de parafuso"},"content":{"rendered":"<div data-elementor-type=\"wp-page\" data-elementor-id=\"3414\" class=\"elementor elementor-3414\">\n\t\t\t\t\t\t<section class=\"elementor-section elementor-top-section elementor-element elementor-element-24c34cdb elementor-section-full_width elementor-section-height-min-height elementor-section-stretched elementor-section-height-default elementor-section-items-middle\" data-id=\"24c34cdb\" data-element_type=\"section\" data-settings=\"{&quot;stretch_section&quot;:&quot;section-stretched&quot;,&quot;background_background&quot;:&quot;classic&quot;}\">\n\t\t\t\t\t\t\t<div class=\"elementor-background-overlay\"><\/div>\n\t\t\t\t\t\t\t<div class=\"elementor-container elementor-column-gap-default\">\n\t\t\t\t\t<div class=\"elementor-column elementor-col-100 elementor-top-column elementor-element elementor-element-880d525\" data-id=\"880d525\" data-element_type=\"column\">\n\t\t\t<div class=\"elementor-widget-wrap elementor-element-populated\">\n\t\t\t\t\t\t\t<\/div>\n\t\t<\/div>\n\t\t\t\t\t<\/div>\n\t\t<\/section>\n\t\t\t\t<section class=\"elementor-section elementor-top-section elementor-element elementor-element-6b962eb elementor-section-boxed elementor-section-height-default elementor-section-height-default\" data-id=\"6b962eb\" data-element_type=\"section\">\n\t\t\t\t\t\t<div class=\"elementor-container elementor-column-gap-default\">\n\t\t\t\t\t<div class=\"elementor-column elementor-col-33 elementor-top-column elementor-element elementor-element-21815583\" data-id=\"21815583\" data-element_type=\"column\">\n\t\t\t<div class=\"elementor-widget-wrap elementor-element-populated\">\n\t\t\t\t\t\t<div class=\"elementor-element elementor-element-363d8af1 elementor-widget elementor-widget-image\" data-id=\"363d8af1\" data-element_type=\"widget\" data-widget_type=\"image.default\">\n\t\t\t\t<div class=\"elementor-widget-container\">\n\t\t\t\t\t\t\t\t\t\t\t\t\t\t\t<img fetchpriority=\"high\" decoding=\"async\" width=\"874\" height=\"450\" src=\"https:\/\/solidscontrolworld.com\/wp-content\/uploads\/2024\/02\/\u5fae\u4fe1\u56fe\u7247_20240221165406.png\" class=\"attachment-full size-full wp-image-10225\" alt=\"\" srcset=\"https:\/\/solidscontrolworld.com\/wp-content\/uploads\/2024\/02\/\u5fae\u4fe1\u56fe\u7247_20240221165406.png 874w, https:\/\/solidscontrolworld.com\/wp-content\/uploads\/2024\/02\/\u5fae\u4fe1\u56fe\u7247_20240221165406-300x154.png 300w, https:\/\/solidscontrolworld.com\/wp-content\/uploads\/2024\/02\/\u5fae\u4fe1\u56fe\u7247_20240221165406-768x395.png 768w, https:\/\/solidscontrolworld.com\/wp-content\/uploads\/2024\/02\/\u5fae\u4fe1\u56fe\u7247_20240221165406-600x309.png 600w\" sizes=\"(max-width: 874px) 100vw, 874px\" \/>\t\t\t\t\t\t\t\t\t\t\t\t\t\t\t<\/div>\n\t\t\t\t<\/div>\n\t\t\t\t<div class=\"elementor-element elementor-element-44a0b15 elementor-arrows-position-inside elementor-pagination-position-outside elementor-widget elementor-widget-image-carousel\" data-id=\"44a0b15\" data-element_type=\"widget\" data-settings=\"{&quot;navigation&quot;:&quot;both&quot;,&quot;autoplay&quot;:&quot;yes&quot;,&quot;pause_on_hover&quot;:&quot;yes&quot;,&quot;pause_on_interaction&quot;:&quot;yes&quot;,&quot;autoplay_speed&quot;:5000,&quot;infinite&quot;:&quot;yes&quot;,&quot;speed&quot;:500}\" data-widget_type=\"image-carousel.default\">\n\t\t\t\t<div class=\"elementor-widget-container\">\n\t\t\t\t\t\t\t<div class=\"elementor-image-carousel-wrapper swiper\" role=\"region\" aria-roledescription=\"carousel\" aria-label=\"Carrossel de imagens\" dir=\"ltr\">\n\t\t\t<div class=\"elementor-image-carousel swiper-wrapper\" aria-live=\"off\">\n\t\t\t\t\t\t\t\t<div class=\"swiper-slide\" role=\"group\" aria-roledescription=\"slide\" aria-label=\"1 de 3\"><a data-elementor-open-lightbox=\"yes\" data-elementor-lightbox-slideshow=\"44a0b15\" data-elementor-lightbox-title=\"\u5fae\u4fe1\u56fe\u7247_20240221165351\" data-e-action-hash=\"#elementor-action%3Aaction%3Dlightbox%26settings%3DeyJpZCI6MTAyMjEsInVybCI6Imh0dHBzOlwvXC9zb2xpZHNjb250cm9sd29ybGQuY29tXC93cC1jb250ZW50XC91cGxvYWRzXC8yMDI0XC8wMlwvXHU1ZmFlXHU0ZmUxXHU1NmZlXHU3MjQ3XzIwMjQwMjIxMTY1MzUxLmpwZyIsInNsaWRlc2hvdyI6IjQ0YTBiMTUifQ%3D%3D\" href=\"https:\/\/solidscontrolworld.com\/wp-content\/uploads\/2024\/02\/\u5fae\u4fe1\u56fe\u7247_20240221165351.jpg\"><figure class=\"swiper-slide-inner\"><img decoding=\"async\" class=\"swiper-slide-image\" src=\"https:\/\/solidscontrolworld.com\/wp-content\/uploads\/2024\/02\/\u5fae\u4fe1\u56fe\u7247_20240221165351-150x150.jpg\" alt=\"\u5fae\u4fe1\u56fe\u7247_20240221165351\" \/><\/figure><\/a><\/div><div class=\"swiper-slide\" role=\"group\" aria-roledescription=\"slide\" aria-label=\"2 de 3\"><a data-elementor-open-lightbox=\"yes\" data-elementor-lightbox-slideshow=\"44a0b15\" data-elementor-lightbox-title=\"\u5fae\u4fe1\u56fe\u7247_20240221165359\" data-e-action-hash=\"#elementor-action%3Aaction%3Dlightbox%26settings%3DeyJpZCI6MTAyMjQsInVybCI6Imh0dHBzOlwvXC9zb2xpZHNjb250cm9sd29ybGQuY29tXC93cC1jb250ZW50XC91cGxvYWRzXC8yMDI0XC8wMlwvXHU1ZmFlXHU0ZmUxXHU1NmZlXHU3MjQ3XzIwMjQwMjIxMTY1MzU5LnBuZyIsInNsaWRlc2hvdyI6IjQ0YTBiMTUifQ%3D%3D\" href=\"https:\/\/solidscontrolworld.com\/wp-content\/uploads\/2024\/02\/\u5fae\u4fe1\u56fe\u7247_20240221165359.png\"><figure class=\"swiper-slide-inner\"><img decoding=\"async\" class=\"swiper-slide-image\" src=\"https:\/\/solidscontrolworld.com\/wp-content\/uploads\/2024\/02\/\u5fae\u4fe1\u56fe\u7247_20240221165359-150x150.png\" alt=\"\u5fae\u4fe1\u56fe\u7247_20240221165359\" \/><\/figure><\/a><\/div><div class=\"swiper-slide\" role=\"group\" aria-roledescription=\"slide\" aria-label=\"3 de 3\"><a data-elementor-open-lightbox=\"yes\" data-elementor-lightbox-slideshow=\"44a0b15\" data-elementor-lightbox-title=\"\u5fae\u4fe1\u56fe\u7247_20240221165356\" data-e-action-hash=\"#elementor-action%3Aaction%3Dlightbox%26settings%3DeyJpZCI6MTAyMjMsInVybCI6Imh0dHBzOlwvXC9zb2xpZHNjb250cm9sd29ybGQuY29tXC93cC1jb250ZW50XC91cGxvYWRzXC8yMDI0XC8wMlwvXHU1ZmFlXHU0ZmUxXHU1NmZlXHU3MjQ3XzIwMjQwMjIxMTY1MzU2LmpwZyIsInNsaWRlc2hvdyI6IjQ0YTBiMTUifQ%3D%3D\" href=\"https:\/\/solidscontrolworld.com\/wp-content\/uploads\/2024\/02\/\u5fae\u4fe1\u56fe\u7247_20240221165356.jpg\"><figure class=\"swiper-slide-inner\"><img decoding=\"async\" class=\"swiper-slide-image\" src=\"https:\/\/solidscontrolworld.com\/wp-content\/uploads\/2024\/02\/\u5fae\u4fe1\u56fe\u7247_20240221165356-150x150.jpg\" alt=\"\u5fae\u4fe1\u56fe\u7247_20240221165356\" \/><\/figure><\/a><\/div>\t\t\t<\/div>\n\t\t\t\t\t\t\t\t\t\t\t\t<div class=\"elementor-swiper-button elementor-swiper-button-prev\" role=\"button\" tabindex=\"0\">\n\t\t\t\t\t\t<i aria-hidden=\"true\" class=\"eicon-chevron-left\"><\/i>\t\t\t\t\t<\/div>\n\t\t\t\t\t<div class=\"elementor-swiper-button elementor-swiper-button-next\" role=\"button\" tabindex=\"0\">\n\t\t\t\t\t\t<i aria-hidden=\"true\" class=\"eicon-chevron-right\"><\/i>\t\t\t\t\t<\/div>\n\t\t\t\t\n\t\t\t\t\t\t\t\t\t<div class=\"swiper-pagination\"><\/div>\n\t\t\t\t\t\t\t\t\t<\/div>\n\t\t\t\t\t\t<\/div>\n\t\t\t\t<\/div>\n\t\t\t\t\t<\/div>\n\t\t<\/div>\n\t\t\t\t<div class=\"elementor-column elementor-col-33 elementor-top-column elementor-element elementor-element-47e1427a\" data-id=\"47e1427a\" data-element_type=\"column\">\n\t\t\t<div class=\"elementor-widget-wrap elementor-element-populated\">\n\t\t\t\t\t\t<div class=\"elementor-element elementor-element-31992bda elementor-widget elementor-widget-text-editor\" data-id=\"31992bda\" data-element_type=\"widget\" data-widget_type=\"text-editor.default\">\n\t\t\t\t<div class=\"elementor-widget-container\">\n\t\t\t\t\t\t\t\t\t<p>A bomba de parafuso \u00e9 utilizada para fins industriais. Ela \u00e9 ben\u00e9fica ao permitir o movimento de fluidos e s\u00f3lidos ao longo do eixo do parafuso. Uma bomba de parafuso tamb\u00e9m \u00e9 chamada de bomba de parafuso d&#039;\u00e1gua. Ela utiliza uma ou mais habilidades para mover o fluido ao longo do eixo do parafuso nos m\u00e9todos de fabrica\u00e7\u00e3o e industriais.<\/p>\t\t\t\t\t\t\t\t<\/div>\n\t\t\t\t<\/div>\n\t\t\t\t<div class=\"elementor-element elementor-element-6e4ccec2 elementor-widget elementor-widget-text-editor\" data-id=\"6e4ccec2\" data-element_type=\"widget\" data-widget_type=\"text-editor.default\">\n\t\t\t\t<div class=\"elementor-widget-container\">\n\t\t\t\t\t\t\t\t\tCategoria:\u00a0<a href=\"https:\/\/solidscontrolworld.com\/pt\/equipamentos-de-controle-de-solidos\/\" rel=\"tag\">Controle de S\u00f3lidos<\/a>\t\t\t\t\t\t\t\t<\/div>\n\t\t\t\t<\/div>\n\t\t\t\t\t<\/div>\n\t\t<\/div>\n\t\t\t\t<div class=\"elementor-column elementor-col-33 elementor-top-column elementor-element elementor-element-7a786bc3\" data-id=\"7a786bc3\" data-element_type=\"column\">\n\t\t\t<div class=\"elementor-widget-wrap elementor-element-populated\">\n\t\t\t\t\t\t<div class=\"elementor-element elementor-element-37246b8f elementor-icon-list--layout-traditional elementor-list-item-link-full_width elementor-widget elementor-widget-icon-list\" data-id=\"37246b8f\" data-element_type=\"widget\" data-widget_type=\"icon-list.default\">\n\t\t\t\t<div class=\"elementor-widget-container\">\n\t\t\t\t\t\t\t<ul class=\"elementor-icon-list-items\">\n\t\t\t\t\t\t\t<li class=\"elementor-icon-list-item\">\n\t\t\t\t\t\t\t\t\t\t\t<span class=\"elementor-icon-list-icon\">\n\t\t\t\t\t\t\t<i aria-hidden=\"true\" class=\"fas fa-envelope-open\"><\/i>\t\t\t\t\t\t<\/span>\n\t\t\t\t\t\t\t\t\t\t<span class=\"elementor-icon-list-text\">info@solidscontrolworld.com<\/span>\n\t\t\t\t\t\t\t\t\t<\/li>\n\t\t\t\t\t\t\t\t<li class=\"elementor-icon-list-item\">\n\t\t\t\t\t\t\t\t\t\t\t<span class=\"elementor-icon-list-icon\">\n\t\t\t\t\t\t\t<i aria-hidden=\"true\" class=\"fas fa-phone-volume\"><\/i>\t\t\t\t\t\t<\/span>\n\t\t\t\t\t\t\t\t\t\t<span class=\"elementor-icon-list-text\">+8613784677772<\/span>\n\t\t\t\t\t\t\t\t\t<\/li>\n\t\t\t\t\t\t\t\t<li class=\"elementor-icon-list-item\">\n\t\t\t\t\t\t\t\t\t\t\t<span class=\"elementor-icon-list-icon\">\n\t\t\t\t\t\t\t<i aria-hidden=\"true\" class=\"fas fa-fax\"><\/i>\t\t\t\t\t\t<\/span>\n\t\t\t\t\t\t\t\t\t\t<span class=\"elementor-icon-list-text\">86-315-7651760<\/span>\n\t\t\t\t\t\t\t\t\t<\/li>\n\t\t\t\t\t\t<\/ul>\n\t\t\t\t\t\t<\/div>\n\t\t\t\t<\/div>\n\t\t\t\t\t<\/div>\n\t\t<\/div>\n\t\t\t\t\t<\/div>\n\t\t<\/section>\n\t\t\t\t<section class=\"elementor-section elementor-top-section elementor-element elementor-element-33abdfd5 elementor-section-boxed elementor-section-height-default elementor-section-height-default\" data-id=\"33abdfd5\" data-element_type=\"section\">\n\t\t\t\t\t\t<div class=\"elementor-container elementor-column-gap-default\">\n\t\t\t\t\t<div class=\"elementor-column elementor-col-50 elementor-top-column elementor-element elementor-element-37be3642\" data-id=\"37be3642\" data-element_type=\"column\">\n\t\t\t<div class=\"elementor-widget-wrap elementor-element-populated\">\n\t\t\t\t\t\t<div class=\"elementor-element elementor-element-48eb241f elementor-widget elementor-widget-text-editor\" data-id=\"48eb241f\" data-element_type=\"widget\" data-widget_type=\"text-editor.default\">\n\t\t\t\t<div class=\"elementor-widget-container\">\n\t\t\t\t\t\t\t\t\t<section class=\"elementor-section elementor-top-section elementor-element elementor-element-5f25161 elementor-section-boxed elementor-section-height-default elementor-section-height-default\" data-id=\"5f25161\" data-element_type=\"section\"><div class=\"elementor-container elementor-column-gap-default\"><div class=\"elementor-row\"><div class=\"elementor-column elementor-col-100 elementor-top-column elementor-element elementor-element-6999059\" data-id=\"6999059\" data-element_type=\"column\"><div class=\"elementor-column-wrap elementor-element-populated\"><div class=\"elementor-widget-wrap\"><div class=\"elementor-element elementor-element-b6046b0 elementor-widget elementor-widget-text-editor\" data-id=\"b6046b0\" data-element_type=\"widget\" data-widget_type=\"text-editor.default\"><div class=\"elementor-widget-container\"><div class=\"elementor-text-editor elementor-clearfix\"><p><span style=\"color: #000000;\">Uma bomba de parafuso \u00e9 um equipamento essencial utilizado para alimentar a polpa no sistema de limpeza de lama. Ela alimenta a polpa com precis\u00e3o para a centr\u00edfuga decantadora durante o processo de limpeza e reciclagem da polpa. A bomba de parafuso possui forte adaptabilidade a fluxos m\u00e9dios e suaves. Ela tamb\u00e9m apresenta leve flutua\u00e7\u00e3o de press\u00e3o e alta capacidade de suc\u00e7\u00e3o, permitindo a transfer\u00eancia de polpa com alto teor de s\u00f3lidos para o tratamento. O rotor e o estator possuem designs exclusivos que permitem uma baixa vaz\u00e3o interna da bomba, proporcionando uma press\u00e3o mais est\u00e1vel.<\/span><\/p><p><span style=\"color: #000000;\">O parafuso e o corpo s\u00e3o feitos de a\u00e7o inoxid\u00e1vel, que naturalmente \u00e9 resistente \u00e0 corros\u00e3o e aumenta a vida \u00fatil da bomba de parafuso. A bomba de parafuso n\u00e3o possui muitas pe\u00e7as no equipamento, o que garante baixo risco de danos e baixa necessidade de manuten\u00e7\u00e3o. Possui uma estrutura compacta, ocupando menos espa\u00e7o do que o padr\u00e3o em sistemas de limpeza de lama. Confira as principais caracter\u00edsticas e compre uma bomba de parafuso.<\/span><\/p><p><span style=\"color: #000000;\"><strong>Principais caracter\u00edsticas da bomba de parafuso<\/strong><\/span><\/p><ul><li><span style=\"color: #000000;\">Parafuso de a\u00e7o inoxid\u00e1vel<\/span><\/li><li><span style=\"color: #000000;\">Corpo de a\u00e7o inoxid\u00e1vel<\/span><\/li><li><span style=\"color: #000000;\">Bombear<\/span><\/li><li><span style=\"color: #000000;\">Dispositivo de energia<\/span><\/li><li><span style=\"color: #000000;\">Cano<\/span><\/li><li><span style=\"color: #000000;\">Rotor<\/span><\/li><li><span style=\"color: #000000;\">Estator<\/span><\/li><\/ul><\/div><\/div><\/div><\/div><\/div><\/div><\/div><\/div><\/section>\t\t\t\t\t\t\t\t<\/div>\n\t\t\t\t<\/div>\n\t\t\t\t<div class=\"elementor-element elementor-element-23291ce elementor-widget elementor-widget-html\" data-id=\"23291ce\" data-element_type=\"widget\" data-widget_type=\"html.default\">\n\t\t\t\t<div class=\"elementor-widget-container\">\n\t\t\t\t\t<table class=\"aligncenter\">\r\n<tbody>\r\n<tr class=\"thhh\">\r\n<th width=\"149\">Modelo<\/th>\r\n<th width=\"149\">Capacidade<\/th>\r\n<th width=\"149\">Press\u00e3o<\/th>\r\n<th width=\"149\">Velocidade m\u00e1xima<\/th>\r\n<th width=\"149\">Poder<\/th>\r\n<th width=\"149\">Entrada<\/th>\r\n<th width=\"149\">Tomada<\/th>\r\n<\/tr>\r\n<tr>\r\n<td width=\"149\">ABG7 0 1<\/td>\r\n<td width=\"149\">4 4 m\u00b3 \/ h<\/td>\r\n<td width=\"149\">0,3 Mpa<\/td>\r\n<td width=\"149\">7 2 0 RPM<\/td>\r\n<td width=\"149\">1 1 kW<\/td>\r\n<td width=\"149\">1 5 0 mil\u00edmetros<\/td>\r\n<td width=\"149\">1 2 5 mil\u00edmetros<\/td>\r\n<\/tr>\r\n<tr>\r\n<td width=\"149\">ABG8 5 1<\/td>\r\n<td width=\"149\">5 5 m\u00b3 \/ h<\/td>\r\n<td width=\"149\">0,3 Mpa<\/td>\r\n<td width=\"149\">7 2 0 RPM<\/td>\r\n<td width=\"149\">1 5 kW<\/td>\r\n<td width=\"149\">1 5 0 mil\u00edmetros<\/td>\r\n<td width=\"149\">1 5 0 mil\u00edmetros<\/td>\r\n<\/tr>\r\n<tr>\r\n<td width=\"149\">ABG8 5 1<\/td>\r\n<td width=\"149\">5 5 m\u00b3 \/ h<\/td>\r\n<td width=\"149\">0,3 Mpa<\/td>\r\n<td width=\"149\">5 5 0 RPM<\/td>\r\n<td width=\"149\">1 5 kW<\/td>\r\n<td width=\"149\">1 5 0 mil\u00edmetros<\/td>\r\n<td width=\"149\">1 2 5 mil\u00edmetros<\/td>\r\n<\/tr>\r\n<tr>\r\n<td width=\"149\">ABG1 0 5 1<\/td>\r\n<td width=\"149\">6 5 m\u00b3 \/ h<\/td>\r\n<td width=\"149\">0,3 Mpa<\/td>\r\n<td width=\"149\">3 8 0 RPM<\/td>\r\n<td width=\"149\">1 8 ,5 kW<\/td>\r\n<td width=\"149\">2 0 0 mil\u00edmetros<\/td>\r\n<td width=\"149\">1 5 0 mil\u00edmetros<\/td>\r\n<\/tr>\r\n<tr>\r\n<td width=\"149\">ABG1 0 5 1<\/td>\r\n<td width=\"149\">8 7 m\u00b3\/h<\/td>\r\n<td width=\"149\">0,3 Mpa<\/td>\r\n<td width=\"149\">5 0 0 RPM<\/td>\r\n<td width=\"149\">2 2 kW<\/td>\r\n<td width=\"149\">2 0 0 mil\u00edmetros<\/td>\r\n<td width=\"149\">1 5 0 mil\u00edmetros<\/td>\r\n<\/tr>\r\n<\/tbody>\r\n<\/table>\t\t\t\t<\/div>\n\t\t\t\t<\/div>\n\t\t\t\t\t<\/div>\n\t\t<\/div>\n\t\t\t\t<div class=\"elementor-column elementor-col-50 elementor-top-column elementor-element elementor-element-6272d90a\" data-id=\"6272d90a\" data-element_type=\"column\">\n\t\t\t<div class=\"elementor-widget-wrap elementor-element-populated\">\n\t\t\t\t\t\t<div class=\"elementor-element elementor-element-20d7405a elementor-align-left elementor-icon-list--layout-traditional elementor-list-item-link-full_width elementor-widget elementor-widget-icon-list\" data-id=\"20d7405a\" data-element_type=\"widget\" data-widget_type=\"icon-list.default\">\n\t\t\t\t<div class=\"elementor-widget-container\">\n\t\t\t\t\t\t\t<ul class=\"elementor-icon-list-items\">\n\t\t\t\t\t\t\t<li class=\"elementor-icon-list-item\">\n\t\t\t\t\t\t\t\t\t\t\t<span class=\"elementor-icon-list-icon\">\n\t\t\t\t\t\t\t<i aria-hidden=\"true\" class=\"fas fa-location-arrow\"><\/i>\t\t\t\t\t\t<\/span>\n\t\t\t\t\t\t\t\t\t\t<span class=\"elementor-icon-list-text\">Sala 1924, Bloco D, Pra\u00e7a Wanda, cidade de Tangshan, China.<\/span>\n\t\t\t\t\t\t\t\t\t<\/li>\n\t\t\t\t\t\t\t\t<li class=\"elementor-icon-list-item\">\n\t\t\t\t\t\t\t\t\t\t\t<span class=\"elementor-icon-list-icon\">\n\t\t\t\t\t\t\t<i aria-hidden=\"true\" class=\"fas fa-business-time\"><\/i>\t\t\t\t\t\t<\/span>\n\t\t\t\t\t\t\t\t\t\t<span class=\"elementor-icon-list-text\">Seg-Sex: 8:00-17:30<\/span>\n\t\t\t\t\t\t\t\t\t<\/li>\n\t\t\t\t\t\t<\/ul>\n\t\t\t\t\t\t<\/div>\n\t\t\t\t<\/div>\n\t\t\t\t<div class=\"elementor-element elementor-element-327e61b5 elementor-share-buttons--view-icon elementor-share-buttons--skin-minimal elementor-share-buttons--shape-rounded elementor-share-buttons--align-left elementor-grid-0 elementor-share-buttons--color-official elementor-widget elementor-widget-share-buttons\" data-id=\"327e61b5\" data-element_type=\"widget\" data-widget_type=\"share-buttons.default\">\n\t\t\t\t<div class=\"elementor-widget-container\">\n\t\t\t\t\t\t\t<div class=\"elementor-grid\">\n\t\t\t\t\t\t\t\t<div class=\"elementor-grid-item\">\n\t\t\t\t\t\t<div\n\t\t\t\t\t\t\tclass=\"elementor-share-btn elementor-share-btn_facebook\"\n\t\t\t\t\t\t\trole=\"button\"\n\t\t\t\t\t\t\ttabindex=\"0\"\n\t\t\t\t\t\t\taria-label=\"Compartilhe no Facebook\"\n\t\t\t\t\t\t>\n\t\t\t\t\t\t\t\t\t\t\t\t\t\t\t<span class=\"elementor-share-btn__icon\">\n\t\t\t\t\t\t\t\t<i class=\"fab fa-facebook\" aria-hidden=\"true\"><\/i>\t\t\t\t\t\t\t<\/span>\n\t\t\t\t\t\t\t\t\t\t\t\t\t\t\t\t\t\t\t\t<\/div>\n\t\t\t\t\t<\/div>\n\t\t\t\t\t\t\t\t\t<div class=\"elementor-grid-item\">\n\t\t\t\t\t\t<div\n\t\t\t\t\t\t\tclass=\"elementor-share-btn elementor-share-btn_twitter\"\n\t\t\t\t\t\t\trole=\"button\"\n\t\t\t\t\t\t\ttabindex=\"0\"\n\t\t\t\t\t\t\taria-label=\"Compartilhe no Twitter\"\n\t\t\t\t\t\t>\n\t\t\t\t\t\t\t\t\t\t\t\t\t\t\t<span class=\"elementor-share-btn__icon\">\n\t\t\t\t\t\t\t\t<i class=\"fab fa-twitter\" aria-hidden=\"true\"><\/i>\t\t\t\t\t\t\t<\/span>\n\t\t\t\t\t\t\t\t\t\t\t\t\t\t\t\t\t\t\t\t<\/div>\n\t\t\t\t\t<\/div>\n\t\t\t\t\t\t\t\t\t<div class=\"elementor-grid-item\">\n\t\t\t\t\t\t<div\n\t\t\t\t\t\t\tclass=\"elementor-share-btn elementor-share-btn_linkedin\"\n\t\t\t\t\t\t\trole=\"button\"\n\t\t\t\t\t\t\ttabindex=\"0\"\n\t\t\t\t\t\t\taria-label=\"Compartilhe no LinkedIn\"\n\t\t\t\t\t\t>\n\t\t\t\t\t\t\t\t\t\t\t\t\t\t\t<span class=\"elementor-share-btn__icon\">\n\t\t\t\t\t\t\t\t<i class=\"fab fa-linkedin\" aria-hidden=\"true\"><\/i>\t\t\t\t\t\t\t<\/span>\n\t\t\t\t\t\t\t\t\t\t\t\t\t\t\t\t\t\t\t\t<\/div>\n\t\t\t\t\t<\/div>\n\t\t\t\t\t\t<\/div>\n\t\t\t\t\t\t<\/div>\n\t\t\t\t<\/div>\n\t\t\t\t\t<\/div>\n\t\t<\/div>\n\t\t\t\t\t<\/div>\n\t\t<\/section>\n\t\t\t\t<\/div>","protected":false},"excerpt":{"rendered":"<p>&nbsp; &nbsp; &nbsp; A bomba de parafuso \u00e9 utilizada para fins industriais. Ela \u00e9 ben\u00e9fica ao permitir o movimento de fluidos e s\u00f3lidos ao longo do eixo do parafuso. Uma bomba de parafuso tamb\u00e9m \u00e9 chamada de bomba de \u00e1gua. Ela utiliza uma ou v\u00e1rias habilidades para mover o fluido ao longo do eixo do parafuso [\u2026]<\/p>","protected":false},"author":1,"featured_media":0,"parent":0,"menu_order":20,"comment_status":"closed","ping_status":"closed","template":"","meta":{"_seopress_robots_primary_cat":"","_seopress_titles_title":"","_seopress_titles_desc":"","_seopress_robots_index":"","footnotes":""},"class_list":["post-3414","page","type-page","status-publish","hentry"],"yoast_head":"<!-- This site is optimized with the Yoast SEO plugin v25.1 - https:\/\/yoast.com\/wordpress\/plugins\/seo\/ -->\n<title>Stainless Steel Screw Pumps | Solids Control World<\/title>\n<meta name=\"description\" content=\"Improve your process with a durable stainless steel screw pump designed for efficient, reliable fluid transfer and smooth slurry handling.\" \/>\n<meta name=\"robots\" content=\"index, follow, max-snippet:-1, max-image-preview:large, max-video-preview:-1\" \/>\n<link rel=\"canonical\" href=\"https:\/\/solidscontrolworld.com\/pt\/bomba-de-parafuso\/\" \/>\n<meta property=\"og:locale\" content=\"pt_BR\" \/>\n<meta property=\"og:type\" content=\"article\" \/>\n<meta property=\"og:title\" content=\"Stainless Steel Screw Pumps | Solids Control World\" \/>\n<meta property=\"og:description\" content=\"Improve your process with a durable stainless steel screw pump designed for efficient, reliable fluid transfer and smooth slurry handling.\" \/>\n<meta property=\"og:url\" content=\"https:\/\/solidscontrolworld.com\/pt\/bomba-de-parafuso\/\" \/>\n<meta property=\"og:site_name\" content=\"Solids Control World\" \/>\n<meta property=\"article:modified_time\" content=\"2025-06-18T04:43:25+00:00\" \/>\n<meta name=\"twitter:card\" content=\"summary_large_image\" \/>\n<meta name=\"twitter:label1\" content=\"Est. tempo de leitura\" \/>\n\t<meta name=\"twitter:data1\" content=\"3 minutos\" \/>\n<!-- \/ Yoast SEO plugin. -->","yoast_head_json":{"title":"Bombas de parafuso de a\u00e7o inoxid\u00e1vel | Solids Control World","description":"Melhore seu processo com uma bomba de parafuso de a\u00e7o inoxid\u00e1vel dur\u00e1vel, projetada para transfer\u00eancia de fluidos eficiente e confi\u00e1vel, al\u00e9m de manuseio suave de polpa.","robots":{"index":"index","follow":"follow","max-snippet":"max-snippet:-1","max-image-preview":"max-image-preview:large","max-video-preview":"max-video-preview:-1"},"canonical":"https:\/\/solidscontrolworld.com\/pt\/bomba-de-parafuso\/","og_locale":"pt_BR","og_type":"article","og_title":"Stainless Steel Screw Pumps | Solids Control World","og_description":"Improve your process with a durable stainless steel screw pump designed for efficient, reliable fluid transfer and smooth slurry handling.","og_url":"https:\/\/solidscontrolworld.com\/pt\/bomba-de-parafuso\/","og_site_name":"Solids Control World","article_modified_time":"2025-06-18T04:43:25+00:00","twitter_card":"summary_large_image","twitter_misc":{"Est. tempo de leitura":"3 minutos"},"schema":{"@context":"https:\/\/schema.org","@graph":[{"@type":"WebPage","@id":"https:\/\/solidscontrolworld.com\/screw-pump\/","url":"https:\/\/solidscontrolworld.com\/screw-pump\/","name":"Bombas de parafuso de a\u00e7o inoxid\u00e1vel | Solids Control World","isPartOf":{"@id":"https:\/\/solidscontrolworld.com\/#website"},"datePublished":"2021-06-05T06:25:32+00:00","dateModified":"2025-06-18T04:43:25+00:00","description":"Melhore seu processo com uma bomba de parafuso de a\u00e7o inoxid\u00e1vel dur\u00e1vel, projetada para transfer\u00eancia de fluidos eficiente e confi\u00e1vel, al\u00e9m de manuseio suave de polpa.","breadcrumb":{"@id":"https:\/\/solidscontrolworld.com\/screw-pump\/#breadcrumb"},"inLanguage":"pt-BR","potentialAction":[{"@type":"ReadAction","target":["https:\/\/solidscontrolworld.com\/screw-pump\/"]}]},{"@type":"BreadcrumbList","@id":"https:\/\/solidscontrolworld.com\/screw-pump\/#breadcrumb","itemListElement":[{"@type":"ListItem","position":1,"name":"Home","item":"https:\/\/solidscontrolworld.com\/"},{"@type":"ListItem","position":2,"name":"Screw pump"}]},{"@type":"WebSite","@id":"https:\/\/solidscontrolworld.com\/#website","url":"https:\/\/solidscontrolworld.com\/","name":"Mundo de controle de s\u00f3lidos","description":"","publisher":{"@id":"https:\/\/solidscontrolworld.com\/#\/schema\/person\/2c126362537c0f0e6d4a8dfba9fc68b0"},"potentialAction":[{"@type":"SearchAction","target":{"@type":"EntryPoint","urlTemplate":"https:\/\/solidscontrolworld.com\/?s={search_term_string}"},"query-input":{"@type":"PropertyValueSpecification","valueRequired":true,"valueName":"search_term_string"}}],"inLanguage":"pt-BR"},{"@type":["Person","Organization"],"@id":"https:\/\/solidscontrolworld.com\/#\/schema\/person\/2c126362537c0f0e6d4a8dfba9fc68b0","name":"mundo de controle de s\u00f3lidos","logo":{"@id":"https:\/\/solidscontrolworld.com\/#\/schema\/person\/image\/"},"sameAs":["https:\/\/solidscontrolworld.com"]}]}},"_links":{"self":[{"href":"https:\/\/solidscontrolworld.com\/pt\/wp-json\/wp\/v2\/pages\/3414","targetHints":{"allow":["GET"]}}],"collection":[{"href":"https:\/\/solidscontrolworld.com\/pt\/wp-json\/wp\/v2\/pages"}],"about":[{"href":"https:\/\/solidscontrolworld.com\/pt\/wp-json\/wp\/v2\/types\/page"}],"author":[{"embeddable":true,"href":"https:\/\/solidscontrolworld.com\/pt\/wp-json\/wp\/v2\/users\/1"}],"replies":[{"embeddable":true,"href":"https:\/\/solidscontrolworld.com\/pt\/wp-json\/wp\/v2\/comments?post=3414"}],"version-history":[{"count":2,"href":"https:\/\/solidscontrolworld.com\/pt\/wp-json\/wp\/v2\/pages\/3414\/revisions"}],"predecessor-version":[{"id":12328,"href":"https:\/\/solidscontrolworld.com\/pt\/wp-json\/wp\/v2\/pages\/3414\/revisions\/12328"}],"wp:attachment":[{"href":"https:\/\/solidscontrolworld.com\/pt\/wp-json\/wp\/v2\/media?parent=3414"}],"curies":[{"name":"wp","href":"https:\/\/api.w.org\/{rel}","templated":true}]}}