{"id":3447,"date":"2021-06-05T06:47:03","date_gmt":"2021-06-05T06:47:03","guid":{"rendered":"https:\/\/solidscontrolworld.com\/?page_id=3447"},"modified":"2024-09-06T07:24:37","modified_gmt":"2024-09-06T07:24:37","slug":"desgaseificador-a-vacuo","status":"publish","type":"page","link":"https:\/\/solidscontrolworld.com\/pt\/desgaseificador-a-vacuo\/","title":{"rendered":"Desgaseificador a v\u00e1cuo"},"content":{"rendered":"<div data-elementor-type=\"wp-page\" data-elementor-id=\"3447\" class=\"elementor elementor-3447\">\n\t\t\t\t\t\t<section class=\"elementor-section elementor-top-section elementor-element elementor-element-62832fc2 elementor-section-full_width elementor-section-height-min-height elementor-section-stretched elementor-section-height-default elementor-section-items-middle\" data-id=\"62832fc2\" data-element_type=\"section\" data-settings=\"{&quot;stretch_section&quot;:&quot;section-stretched&quot;,&quot;background_background&quot;:&quot;classic&quot;}\">\n\t\t\t\t\t\t\t<div class=\"elementor-background-overlay\"><\/div>\n\t\t\t\t\t\t\t<div class=\"elementor-container elementor-column-gap-default\">\n\t\t\t\t\t<div class=\"elementor-column elementor-col-100 elementor-top-column elementor-element elementor-element-269a717c\" data-id=\"269a717c\" data-element_type=\"column\">\n\t\t\t<div class=\"elementor-widget-wrap elementor-element-populated\">\n\t\t\t\t\t\t\t<\/div>\n\t\t<\/div>\n\t\t\t\t\t<\/div>\n\t\t<\/section>\n\t\t\t\t<section class=\"elementor-section elementor-top-section elementor-element elementor-element-3250f428 elementor-section-boxed elementor-section-height-default elementor-section-height-default\" data-id=\"3250f428\" data-element_type=\"section\">\n\t\t\t\t\t\t<div class=\"elementor-container elementor-column-gap-default\">\n\t\t\t\t\t<div class=\"elementor-column elementor-col-33 elementor-top-column elementor-element elementor-element-6b8e334f\" data-id=\"6b8e334f\" data-element_type=\"column\">\n\t\t\t<div class=\"elementor-widget-wrap elementor-element-populated\">\n\t\t\t\t\t\t<div class=\"elementor-element elementor-element-3a7df47a elementor-widget elementor-widget-image\" data-id=\"3a7df47a\" data-element_type=\"widget\" data-widget_type=\"image.default\">\n\t\t\t\t<div class=\"elementor-widget-container\">\n\t\t\t\t\t\t\t\t\t\t\t\t\t\t\t<img fetchpriority=\"high\" decoding=\"async\" width=\"700\" height=\"450\" src=\"https:\/\/solidscontrolworld.com\/wp-content\/uploads\/2023\/07\/2a8ace877c9ed357978afb10d783189.jpg\" class=\"attachment-full size-full wp-image-9562\" alt=\"\" srcset=\"https:\/\/solidscontrolworld.com\/wp-content\/uploads\/2023\/07\/2a8ace877c9ed357978afb10d783189.jpg 700w, https:\/\/solidscontrolworld.com\/wp-content\/uploads\/2023\/07\/2a8ace877c9ed357978afb10d783189-300x193.jpg 300w, https:\/\/solidscontrolworld.com\/wp-content\/uploads\/2023\/07\/2a8ace877c9ed357978afb10d783189-600x386.jpg 600w\" sizes=\"(max-width: 700px) 100vw, 700px\" \/>\t\t\t\t\t\t\t\t\t\t\t\t\t\t\t<\/div>\n\t\t\t\t<\/div>\n\t\t\t\t<div class=\"elementor-element elementor-element-2717423 elementor-arrows-position-inside elementor-pagination-position-outside elementor-widget elementor-widget-image-carousel\" data-id=\"2717423\" data-element_type=\"widget\" data-settings=\"{&quot;navigation&quot;:&quot;both&quot;,&quot;autoplay&quot;:&quot;yes&quot;,&quot;pause_on_hover&quot;:&quot;yes&quot;,&quot;pause_on_interaction&quot;:&quot;yes&quot;,&quot;autoplay_speed&quot;:5000,&quot;infinite&quot;:&quot;yes&quot;,&quot;speed&quot;:500}\" data-widget_type=\"image-carousel.default\">\n\t\t\t\t<div class=\"elementor-widget-container\">\n\t\t\t\t\t\t\t<div class=\"elementor-image-carousel-wrapper swiper\" role=\"region\" aria-roledescription=\"carousel\" aria-label=\"Carrossel de Imagens\" dir=\"ltr\">\n\t\t\t<div class=\"elementor-image-carousel swiper-wrapper\" aria-live=\"off\">\n\t\t\t\t\t\t\t\t<div class=\"swiper-slide\" role=\"group\" aria-roledescription=\"slide\" aria-label=\"1 de 3\" data-no-translation-aria-label=\"\"><a data-elementor-open-lightbox=\"yes\" data-elementor-lightbox-slideshow=\"2717423\" data-elementor-lightbox-title=\"\u5fae\u4fe1\u56fe\u7247_20240221132040\" data-e-action-hash=\"#elementor-action%3Aaction%3Dlightbox%26settings%3DeyJpZCI6MTAxMzMsInVybCI6Imh0dHBzOlwvXC9zb2xpZHNjb250cm9sd29ybGQuY29tXC93cC1jb250ZW50XC91cGxvYWRzXC8yMDI0XC8wMlwvXHU1ZmFlXHU0ZmUxXHU1NmZlXHU3MjQ3XzIwMjQwMjIxMTMyMDQwLnBuZyIsInNsaWRlc2hvdyI6IjI3MTc0MjMifQ%3D%3D\" href=\"https:\/\/solidscontrolworld.com\/wp-content\/uploads\/2024\/02\/\u5fae\u4fe1\u56fe\u7247_20240221132040.png\"><figure class=\"swiper-slide-inner\"><img decoding=\"async\" class=\"swiper-slide-image\" src=\"https:\/\/solidscontrolworld.com\/wp-content\/uploads\/2024\/02\/\u5fae\u4fe1\u56fe\u7247_20240221132040-150x150.png\" alt=\"\u5fae\u4fe1\u56fe\u7247_20240221132040\" \/><\/figure><\/a><\/div><div class=\"swiper-slide\" role=\"group\" aria-roledescription=\"slide\" aria-label=\"2 de 3\" data-no-translation-aria-label=\"\"><a data-elementor-open-lightbox=\"yes\" data-elementor-lightbox-slideshow=\"2717423\" data-elementor-lightbox-title=\"\u5fae\u4fe1\u56fe\u7247_20240221132047\" data-e-action-hash=\"#elementor-action%3Aaction%3Dlightbox%26settings%3DeyJpZCI6MTAxMzQsInVybCI6Imh0dHBzOlwvXC9zb2xpZHNjb250cm9sd29ybGQuY29tXC93cC1jb250ZW50XC91cGxvYWRzXC8yMDI0XC8wMlwvXHU1ZmFlXHU0ZmUxXHU1NmZlXHU3MjQ3XzIwMjQwMjIxMTMyMDQ3LnBuZyIsInNsaWRlc2hvdyI6IjI3MTc0MjMifQ%3D%3D\" href=\"https:\/\/solidscontrolworld.com\/wp-content\/uploads\/2024\/02\/\u5fae\u4fe1\u56fe\u7247_20240221132047.png\"><figure class=\"swiper-slide-inner\"><img decoding=\"async\" class=\"swiper-slide-image\" src=\"https:\/\/solidscontrolworld.com\/wp-content\/uploads\/2024\/02\/\u5fae\u4fe1\u56fe\u7247_20240221132047-150x150.png\" alt=\"\u5fae\u4fe1\u56fe\u7247_20240221132047\" \/><\/figure><\/a><\/div><div class=\"swiper-slide\" role=\"group\" aria-roledescription=\"slide\" aria-label=\"3 de 3\" data-no-translation-aria-label=\"\"><a data-elementor-open-lightbox=\"yes\" data-elementor-lightbox-slideshow=\"2717423\" data-elementor-lightbox-title=\"\u5fae\u4fe1\u56fe\u7247_20240221132051\" data-e-action-hash=\"#elementor-action%3Aaction%3Dlightbox%26settings%3DeyJpZCI6MTAxMzUsInVybCI6Imh0dHBzOlwvXC9zb2xpZHNjb250cm9sd29ybGQuY29tXC93cC1jb250ZW50XC91cGxvYWRzXC8yMDI0XC8wMlwvXHU1ZmFlXHU0ZmUxXHU1NmZlXHU3MjQ3XzIwMjQwMjIxMTMyMDUxLnBuZyIsInNsaWRlc2hvdyI6IjI3MTc0MjMifQ%3D%3D\" href=\"https:\/\/solidscontrolworld.com\/wp-content\/uploads\/2024\/02\/\u5fae\u4fe1\u56fe\u7247_20240221132051.png\"><figure class=\"swiper-slide-inner\"><img decoding=\"async\" class=\"swiper-slide-image\" src=\"https:\/\/solidscontrolworld.com\/wp-content\/uploads\/2024\/02\/\u5fae\u4fe1\u56fe\u7247_20240221132051-150x150.png\" alt=\"\u5fae\u4fe1\u56fe\u7247_20240221132051\" \/><\/figure><\/a><\/div>\t\t\t<\/div>\n\t\t\t\t\t\t\t\t\t\t\t\t<div class=\"elementor-swiper-button elementor-swiper-button-prev\" role=\"button\" tabindex=\"0\">\n\t\t\t\t\t\t<i aria-hidden=\"true\" class=\"eicon-chevron-left\"><\/i>\t\t\t\t\t<\/div>\n\t\t\t\t\t<div class=\"elementor-swiper-button elementor-swiper-button-next\" role=\"button\" tabindex=\"0\">\n\t\t\t\t\t\t<i aria-hidden=\"true\" class=\"eicon-chevron-right\"><\/i>\t\t\t\t\t<\/div>\n\t\t\t\t\n\t\t\t\t\t\t\t\t\t<div class=\"swiper-pagination\"><\/div>\n\t\t\t\t\t\t\t\t\t<\/div>\n\t\t\t\t\t\t<\/div>\n\t\t\t\t<\/div>\n\t\t\t\t\t<\/div>\n\t\t<\/div>\n\t\t\t\t<div class=\"elementor-column elementor-col-33 elementor-top-column elementor-element elementor-element-7b502ccf\" data-id=\"7b502ccf\" data-element_type=\"column\">\n\t\t\t<div class=\"elementor-widget-wrap elementor-element-populated\">\n\t\t\t\t\t\t<div class=\"elementor-element elementor-element-51e5d520 elementor-widget elementor-widget-heading\" data-id=\"51e5d520\" data-element_type=\"widget\" data-widget_type=\"heading.default\">\n\t\t\t\t<div class=\"elementor-widget-container\">\n\t\t\t\t\t<h2 class=\"elementor-heading-title elementor-size-default\">Desgaseificador a v\u00e1cuo<\/h2>\t\t\t\t<\/div>\n\t\t\t\t<\/div>\n\t\t\t\t<div class=\"elementor-element elementor-element-28ce95c2 elementor-widget elementor-widget-text-editor\" data-id=\"28ce95c2\" data-element_type=\"widget\" data-widget_type=\"text-editor.default\">\n\t\t\t\t<div class=\"elementor-widget-container\">\n\t\t\t\t\t\t\t\t\t<p>Ao diminuir a press\u00e3o dentro de um recipiente contendo uma solu\u00e7\u00e3o l\u00edquida, a desgaseifica\u00e7\u00e3o a v\u00e1cuo remove os gases dissolvidos da solu\u00e7\u00e3o.<\/p>\t\t\t\t\t\t\t\t<\/div>\n\t\t\t\t<\/div>\n\t\t\t\t<div class=\"elementor-element elementor-element-2491872e elementor-widget elementor-widget-text-editor\" data-id=\"2491872e\" data-element_type=\"widget\" data-widget_type=\"text-editor.default\">\n\t\t\t\t<div class=\"elementor-widget-container\">\n\t\t\t\t\t\t\t\t\tCategoria:\u00a0<a href=\"https:\/\/solidscontrolworld.com\/pt\/equipamentos-de-controle-de-solidos\/\" rel=\"tag\">Controle de S\u00f3lidos<\/a>\t\t\t\t\t\t\t\t<\/div>\n\t\t\t\t<\/div>\n\t\t\t\t\t<\/div>\n\t\t<\/div>\n\t\t\t\t<div class=\"elementor-column elementor-col-33 elementor-top-column elementor-element elementor-element-68927703\" data-id=\"68927703\" data-element_type=\"column\">\n\t\t\t<div class=\"elementor-widget-wrap elementor-element-populated\">\n\t\t\t\t\t\t<div class=\"elementor-element elementor-element-4062f013 elementor-icon-list--layout-traditional elementor-list-item-link-full_width elementor-widget elementor-widget-icon-list\" data-id=\"4062f013\" data-element_type=\"widget\" data-widget_type=\"icon-list.default\">\n\t\t\t\t<div class=\"elementor-widget-container\">\n\t\t\t\t\t\t\t<ul class=\"elementor-icon-list-items\">\n\t\t\t\t\t\t\t<li class=\"elementor-icon-list-item\">\n\t\t\t\t\t\t\t\t\t\t\t<span class=\"elementor-icon-list-icon\">\n\t\t\t\t\t\t\t<i aria-hidden=\"true\" class=\"fas fa-envelope-open\"><\/i>\t\t\t\t\t\t<\/span>\n\t\t\t\t\t\t\t\t\t\t<span class=\"elementor-icon-list-text\">info@solidscontrolworld.com<\/span>\n\t\t\t\t\t\t\t\t\t<\/li>\n\t\t\t\t\t\t\t\t<li class=\"elementor-icon-list-item\">\n\t\t\t\t\t\t\t\t\t\t\t<span class=\"elementor-icon-list-icon\">\n\t\t\t\t\t\t\t<i aria-hidden=\"true\" class=\"fas fa-phone-volume\"><\/i>\t\t\t\t\t\t<\/span>\n\t\t\t\t\t\t\t\t\t\t<span class=\"elementor-icon-list-text\">+8613784677772<\/span>\n\t\t\t\t\t\t\t\t\t<\/li>\n\t\t\t\t\t\t\t\t<li class=\"elementor-icon-list-item\">\n\t\t\t\t\t\t\t\t\t\t\t<span class=\"elementor-icon-list-icon\">\n\t\t\t\t\t\t\t<i aria-hidden=\"true\" class=\"fas fa-fax\"><\/i>\t\t\t\t\t\t<\/span>\n\t\t\t\t\t\t\t\t\t\t<span class=\"elementor-icon-list-text\">86-315-7651760<\/span>\n\t\t\t\t\t\t\t\t\t<\/li>\n\t\t\t\t\t\t<\/ul>\n\t\t\t\t\t\t<\/div>\n\t\t\t\t<\/div>\n\t\t\t\t\t<\/div>\n\t\t<\/div>\n\t\t\t\t\t<\/div>\n\t\t<\/section>\n\t\t\t\t<section class=\"elementor-section elementor-top-section elementor-element elementor-element-7607cebd elementor-section-boxed elementor-section-height-default elementor-section-height-default\" data-id=\"7607cebd\" data-element_type=\"section\">\n\t\t\t\t\t\t<div class=\"elementor-container elementor-column-gap-default\">\n\t\t\t\t\t<div class=\"elementor-column elementor-col-50 elementor-top-column elementor-element elementor-element-1d84afc3\" data-id=\"1d84afc3\" data-element_type=\"column\">\n\t\t\t<div class=\"elementor-widget-wrap elementor-element-populated\">\n\t\t\t\t\t\t<div class=\"elementor-element elementor-element-35722d1d elementor-widget elementor-widget-text-editor\" data-id=\"35722d1d\" data-element_type=\"widget\" data-widget_type=\"text-editor.default\">\n\t\t\t\t<div class=\"elementor-widget-container\">\n\t\t\t\t\t\t\t\t\t<p><span style=\"color: #000000;\">Ao reduzir a press\u00e3o dentro de um recipiente contendo uma solu\u00e7\u00e3o l\u00edquida, a desgaseifica\u00e7\u00e3o a v\u00e1cuo remove os gases dissolvidos da solu\u00e7\u00e3o. Nas ind\u00fastrias automotiva, aeroespacial e ferrovi\u00e1ria, a desgaseifica\u00e7\u00e3o a v\u00e1cuo \u00e9 a \u00fanica maneira de produzir certos tipos de a\u00e7o.<\/span><\/p><p><span style=\"color: #000000;\">Os desgaseificadores a v\u00e1cuo removem ou separam gases mistos e dissolvidos de solu\u00e7\u00f5es l\u00edquidas, reduzindo a press\u00e3o inerente ao recipiente onde os l\u00edquidos\/fluidos s\u00e3o armazenados. Ajudam a remover o g\u00e1s contido em um fluido de perfura\u00e7\u00e3o. \u00c9 tamb\u00e9m o m\u00e9todo de limpeza e purifica\u00e7\u00e3o de segundo n\u00edvel em equipamentos de controle, eliminando bolhas e bolsas de l\u00edquido aprisionadas.<\/span><\/p><p><span style=\"color: #000000;\">Os desgaseificadores a v\u00e1cuo s\u00e3o<\/span><\/p><p><span style=\"color: #000000;\">Principais caracter\u00edsticas de um desgaseificador a v\u00e1cuo<\/span><\/p><ul><li><p><span style=\"color: #000000;\">C\u00e2maras de desgaseifica\u00e7\u00e3o<\/span><\/p><\/li><li><p><span style=\"color: #000000;\">Condensadores<\/span><\/p><\/li><li><p><span style=\"color: #000000;\">Controle de temperatura<\/span><\/p><\/li><li><p><span style=\"color: #000000;\">Bomba de v\u00e1cuo<\/span><\/p><\/li><li><p><span style=\"color: #000000;\">Bomba Turbo<\/span><\/p><\/li><\/ul>\t\t\t\t\t\t\t\t<\/div>\n\t\t\t\t<\/div>\n\t\t\t\t<div class=\"elementor-element elementor-element-5c05aa90 elementor-widget elementor-widget-html\" data-id=\"5c05aa90\" data-element_type=\"widget\" data-widget_type=\"html.default\">\n\t\t\t\t<div class=\"elementor-widget-container\">\n\t\t\t\t\t<table class=\"aligncenter\">\r\n<tbody>\r\n<tr class=\"thhh\">\r\n<th width=\"146\"><b>Modelo<\/b><\/th>\r\n<th width=\"174\"><b>AABZCQ240\r\n<\/b><\/th>\r\n<th width=\"173\"><b>ABZCQ270\r\n<\/b><\/th>\r\n<th width=\"187\"><b>ABZCQ300\r\n<\/b><\/th>\r\n<th width=\"188\"><b>ABZCQ360<\/b><\/th>\r\n<\/tr>\r\n<tr>\r\n<td width=\"191\">Di\u00e2metro principal<\/td>\r\n<td width=\"214\">7 0 0 mil\u00edmetros<\/td>\r\n<td width=\"215\">8 0 0 mil\u00edmetros<\/td>\r\n<td width=\"215\">9 0 0 mil\u00edmetros<\/td>\r\n<td width=\"215\">1 0 0 0 mil\u00edmetros<\/td>\r\n<\/tr>\r\n<tr>\r\n<td width=\"191\">Capacidade<\/td>\r\n<td width=\"214\">\u2264 2 4 0 m 3 \/ h<\/td>\r\n<td width=\"215\">\u2264 2 7 0 m 3 \/ h<\/td>\r\n<td width=\"215\">\u2264 0 0 m 3 \/ h<\/td>\r\n<td width=\"215\">\u2264 3 6 0 m 3 \/ h<\/td>\r\n<\/tr>\r\n<tr>\r\n<td width=\"191\">V\u00e1cuo<\/td>\r\n<td width=\"214\">0 .0 3 0 - 0 .0 5 0 Mp a<\/td>\r\n<td width=\"215\">0 ,0 3 0 ~ 0 ,0 5 0 Mp a<\/td>\r\n<td width=\"215\">0 ,0 3 0 ~ 0 ,0 5 0 Mp a<\/td>\r\n<td width=\"215\">0 ,0 4 0 ~ 0 ,0 6 5 Mp a<\/td>\r\n<\/tr>\r\n<tr>\r\n<td width=\"191\">Raz\u00e3o<\/td>\r\n<td width=\"214\">1 .6 8<\/td>\r\n<td width=\"215\">1 .6 8<\/td>\r\n<td width=\"215\">1 .6 8<\/td>\r\n<td width=\"215\">1 .7 2<\/td>\r\n<\/tr>\r\n<tr>\r\n<td width=\"191\">Efici\u00eancia<\/td>\r\n<td width=\"214\">\u2265 9 5 %<\/td>\r\n<td width=\"215\">\u2265 9 5 %<\/td>\r\n<td width=\"215\">\u2265 9 5 %<\/td>\r\n<td width=\"215\">\u2265 9 5 %<\/td>\r\n<\/tr>\r\n<tr>\r\n<td width=\"191\">Pot\u00eancia do motor<\/td>\r\n<td width=\"214\">1 5 kW<\/td>\r\n<td width=\"215\">2 2 kW<\/td>\r\n<td width=\"215\">3 0 kW<\/td>\r\n<td width=\"215\">3 7 kW<\/td>\r\n<\/tr>\r\n<tr>\r\n<td width=\"191\">Poder de v\u00e1cuo<\/td>\r\n<td width=\"214\">2,2 kW<\/td>\r\n<td width=\"215\">3 kW<\/td>\r\n<td width=\"215\">7,5 kW<\/td>\r\n<td width=\"215\">7,5 kW<\/td>\r\n<\/tr>\r\n<tr>\r\n<td width=\"191\">Velocidade rotativa<\/td>\r\n<td width=\"214\">8 7 0 r\/ m em<\/td>\r\n<td width=\"215\">8 7 0 r\/ m em<\/td>\r\n<td width=\"215\">8 7 0 r\/ m em<\/td>\r\n<td width=\"215\">8 8 0 r\/ m em<\/td>\r\n<\/tr>\r\n<tr>\r\n<td width=\"191\">Dimens\u00e3o<\/td>\r\n<td width=\"214\">1 8 2 0 x1 0 2 5 x1 5 0 0<\/td>\r\n<td width=\"215\">2 0 0 0 x1 0 0 0 x1 6 7 0<\/td>\r\n<td width=\"215\">2 4 0 0 x1 2 0 0 x1 8 5 0<\/td>\r\n<td width=\"215\">2 4 0 0 x1 5 0 0 x1 8 5 0<\/td>\r\n<\/tr>\r\n<tr>\r\n<td width=\"191\">Peso<\/td>\r\n<td width=\"214\">1 0 0 0 kg<\/td>\r\n<td width=\"215\">1 3 5 0 kg<\/td>\r\n<td width=\"215\">1 7 2 0 kg<\/td>\r\n<td width=\"215\">1 8 0 0 kg<\/td>\r\n<\/tr>\r\n<tr>\r\n<td width=\"191\">Aprova\u00e7\u00f5es<\/td>\r\n<td colspan=\"4\" width=\"858\">UL\/ ATEX\/ BV\/ IADC\/ J AS - ANZ ISO 9 0 0 1 :2 0 1 5 \/ CE<\/td>\r\n<\/tr>\r\n<\/tbody>\r\n<\/table>\t\t\t\t<\/div>\n\t\t\t\t<\/div>\n\t\t\t\t\t<\/div>\n\t\t<\/div>\n\t\t\t\t<div class=\"elementor-column elementor-col-50 elementor-top-column elementor-element elementor-element-67ad8265\" data-id=\"67ad8265\" data-element_type=\"column\">\n\t\t\t<div class=\"elementor-widget-wrap elementor-element-populated\">\n\t\t\t\t\t\t<div class=\"elementor-element elementor-element-c82232a elementor-align-left elementor-icon-list--layout-traditional elementor-list-item-link-full_width elementor-widget elementor-widget-icon-list\" data-id=\"c82232a\" data-element_type=\"widget\" data-widget_type=\"icon-list.default\">\n\t\t\t\t<div class=\"elementor-widget-container\">\n\t\t\t\t\t\t\t<ul class=\"elementor-icon-list-items\">\n\t\t\t\t\t\t\t<li class=\"elementor-icon-list-item\">\n\t\t\t\t\t\t\t\t\t\t\t<span class=\"elementor-icon-list-icon\">\n\t\t\t\t\t\t\t<i aria-hidden=\"true\" class=\"fas fa-location-arrow\"><\/i>\t\t\t\t\t\t<\/span>\n\t\t\t\t\t\t\t\t\t\t<span class=\"elementor-icon-list-text\">Sala 1924, Bloco D, Pra\u00e7a Wanda, cidade de Tangshan, China.<\/span>\n\t\t\t\t\t\t\t\t\t<\/li>\n\t\t\t\t\t\t\t\t<li class=\"elementor-icon-list-item\">\n\t\t\t\t\t\t\t\t\t\t\t<span class=\"elementor-icon-list-icon\">\n\t\t\t\t\t\t\t<i aria-hidden=\"true\" class=\"fas fa-business-time\"><\/i>\t\t\t\t\t\t<\/span>\n\t\t\t\t\t\t\t\t\t\t<span class=\"elementor-icon-list-text\">Seg-Sex: 8:00-17:30<\/span>\n\t\t\t\t\t\t\t\t\t<\/li>\n\t\t\t\t\t\t<\/ul>\n\t\t\t\t\t\t<\/div>\n\t\t\t\t<\/div>\n\t\t\t\t<div class=\"elementor-element elementor-element-435d1d53 elementor-share-buttons--view-icon elementor-share-buttons--skin-minimal elementor-share-buttons--shape-rounded elementor-share-buttons--align-left elementor-grid-0 elementor-share-buttons--color-official elementor-widget elementor-widget-share-buttons\" data-id=\"435d1d53\" data-element_type=\"widget\" data-widget_type=\"share-buttons.default\">\n\t\t\t\t<div class=\"elementor-widget-container\">\n\t\t\t\t\t\t\t<div class=\"elementor-grid\">\n\t\t\t\t\t\t\t\t<div class=\"elementor-grid-item\">\n\t\t\t\t\t\t<div\n\t\t\t\t\t\t\tclass=\"elementor-share-btn elementor-share-btn_facebook\"\n\t\t\t\t\t\t\trole=\"button\"\n\t\t\t\t\t\t\ttabindex=\"0\"\n\t\t\t\t\t\t\taria-label=\"Compartilhe no Facebook\"\n\t\t\t\t\t\t>\n\t\t\t\t\t\t\t\t\t\t\t\t\t\t\t<span class=\"elementor-share-btn__icon\">\n\t\t\t\t\t\t\t\t<i class=\"fab fa-facebook\" aria-hidden=\"true\"><\/i>\t\t\t\t\t\t\t<\/span>\n\t\t\t\t\t\t\t\t\t\t\t\t\t\t\t\t\t\t\t\t<\/div>\n\t\t\t\t\t<\/div>\n\t\t\t\t\t\t\t\t\t<div class=\"elementor-grid-item\">\n\t\t\t\t\t\t<div\n\t\t\t\t\t\t\tclass=\"elementor-share-btn elementor-share-btn_twitter\"\n\t\t\t\t\t\t\trole=\"button\"\n\t\t\t\t\t\t\ttabindex=\"0\"\n\t\t\t\t\t\t\taria-label=\"Compartilhe no Twitter\"\n\t\t\t\t\t\t>\n\t\t\t\t\t\t\t\t\t\t\t\t\t\t\t<span class=\"elementor-share-btn__icon\">\n\t\t\t\t\t\t\t\t<i class=\"fab fa-twitter\" aria-hidden=\"true\"><\/i>\t\t\t\t\t\t\t<\/span>\n\t\t\t\t\t\t\t\t\t\t\t\t\t\t\t\t\t\t\t\t<\/div>\n\t\t\t\t\t<\/div>\n\t\t\t\t\t\t\t\t\t<div class=\"elementor-grid-item\">\n\t\t\t\t\t\t<div\n\t\t\t\t\t\t\tclass=\"elementor-share-btn elementor-share-btn_linkedin\"\n\t\t\t\t\t\t\trole=\"button\"\n\t\t\t\t\t\t\ttabindex=\"0\"\n\t\t\t\t\t\t\taria-label=\"Compartilhe no LinkedIn\"\n\t\t\t\t\t\t>\n\t\t\t\t\t\t\t\t\t\t\t\t\t\t\t<span class=\"elementor-share-btn__icon\">\n\t\t\t\t\t\t\t\t<i class=\"fab fa-linkedin\" aria-hidden=\"true\"><\/i>\t\t\t\t\t\t\t<\/span>\n\t\t\t\t\t\t\t\t\t\t\t\t\t\t\t\t\t\t\t\t<\/div>\n\t\t\t\t\t<\/div>\n\t\t\t\t\t\t<\/div>\n\t\t\t\t\t\t<\/div>\n\t\t\t\t<\/div>\n\t\t\t\t\t<\/div>\n\t\t<\/div>\n\t\t\t\t\t<\/div>\n\t\t<\/section>\n\t\t\t\t<\/div>","protected":false},"excerpt":{"rendered":"<p>&nbsp; &nbsp; &nbsp; Desgaseificador a V\u00e1cuo: Ao reduzir a press\u00e3o dentro de um recipiente contendo uma solu\u00e7\u00e3o l\u00edquida, a desgaseifica\u00e7\u00e3o a v\u00e1cuo remove os gases dissolvidos da solu\u00e7\u00e3o. Contato Baixar Brochura Categoria: Controle de S\u00f3lidos Contato info@solidscontrolworld.com +8613784677772 86-315-7651760: Ao reduzir a press\u00e3o dentro de um recipiente contendo uma solu\u00e7\u00e3o l\u00edquida, a desgaseifica\u00e7\u00e3o a v\u00e1cuo remove os gases dissolvidos da solu\u00e7\u00e3o.<\/p>","protected":false},"author":1,"featured_media":0,"parent":0,"menu_order":13,"comment_status":"closed","ping_status":"closed","template":"","meta":{"_seopress_robots_primary_cat":"","_seopress_titles_title":"","_seopress_titles_desc":"","_seopress_robots_index":"","footnotes":""},"class_list":["post-3447","page","type-page","status-publish","hentry"],"yoast_head":"<!-- This site is optimized with the Yoast SEO plugin v25.1 - https:\/\/yoast.com\/wordpress\/plugins\/seo\/ -->\n<title>Efficient Vacuum Degasser for Purification | Solids Control World<\/title>\n<meta name=\"description\" content=\"Discover how vacuum degassers efficiently remove dissolved gases from liquid solutions, improving steel production, fluid purification, and overall process efficiency.\" \/>\n<meta name=\"robots\" content=\"index, follow, max-snippet:-1, max-image-preview:large, max-video-preview:-1\" \/>\n<link rel=\"canonical\" href=\"https:\/\/solidscontrolworld.com\/pt\/desgaseificador-a-vacuo\/\" \/>\n<meta property=\"og:locale\" content=\"pt_BR\" \/>\n<meta property=\"og:type\" content=\"article\" \/>\n<meta property=\"og:title\" content=\"Efficient Vacuum Degasser for Purification | Solids Control World\" \/>\n<meta property=\"og:description\" content=\"Discover how vacuum degassers efficiently remove dissolved gases from liquid solutions, improving steel production, fluid purification, and overall process efficiency.\" \/>\n<meta property=\"og:url\" content=\"https:\/\/solidscontrolworld.com\/pt\/desgaseificador-a-vacuo\/\" \/>\n<meta property=\"og:site_name\" content=\"Solids Control World\" \/>\n<meta property=\"article:modified_time\" content=\"2024-09-06T07:24:37+00:00\" \/>\n<meta property=\"og:image\" content=\"https:\/\/solidscontrolworld.com\/wp-content\/uploads\/2023\/07\/2a8ace877c9ed357978afb10d783189.jpg\" \/>\n<meta name=\"twitter:card\" content=\"summary_large_image\" \/>\n<meta name=\"twitter:label1\" content=\"Est. tempo de leitura\" \/>\n\t<meta name=\"twitter:data1\" content=\"3 minutos\" \/>\n<!-- \/ Yoast SEO plugin. -->","yoast_head_json":{"title":"Desgaseificador a V\u00e1cuo Eficiente para Purifica\u00e7\u00e3o | Solids Control World","description":"Descubra como os desgaseificadores a v\u00e1cuo removem com efici\u00eancia gases dissolvidos de solu\u00e7\u00f5es l\u00edquidas, melhorando a produ\u00e7\u00e3o de a\u00e7o, a purifica\u00e7\u00e3o de fluidos e a efici\u00eancia geral do processo.","robots":{"index":"index","follow":"follow","max-snippet":"max-snippet:-1","max-image-preview":"max-image-preview:large","max-video-preview":"max-video-preview:-1"},"canonical":"https:\/\/solidscontrolworld.com\/pt\/desgaseificador-a-vacuo\/","og_locale":"pt_BR","og_type":"article","og_title":"Efficient Vacuum Degasser for Purification | Solids Control World","og_description":"Discover how vacuum degassers efficiently remove dissolved gases from liquid solutions, improving steel production, fluid purification, and overall process efficiency.","og_url":"https:\/\/solidscontrolworld.com\/pt\/desgaseificador-a-vacuo\/","og_site_name":"Solids Control World","article_modified_time":"2024-09-06T07:24:37+00:00","og_image":[{"url":"https:\/\/solidscontrolworld.com\/wp-content\/uploads\/2023\/07\/2a8ace877c9ed357978afb10d783189.jpg","type":"","width":"","height":""}],"twitter_card":"summary_large_image","twitter_misc":{"Est. tempo de leitura":"3 minutos"},"schema":{"@context":"https:\/\/schema.org","@graph":[{"@type":"WebPage","@id":"https:\/\/solidscontrolworld.com\/vacuum-degasser\/","url":"https:\/\/solidscontrolworld.com\/vacuum-degasser\/","name":"Desgaseificador a V\u00e1cuo Eficiente para Purifica\u00e7\u00e3o | Solids Control World","isPartOf":{"@id":"https:\/\/solidscontrolworld.com\/#website"},"primaryImageOfPage":{"@id":"https:\/\/solidscontrolworld.com\/vacuum-degasser\/#primaryimage"},"image":{"@id":"https:\/\/solidscontrolworld.com\/vacuum-degasser\/#primaryimage"},"thumbnailUrl":"https:\/\/solidscontrolworld.com\/wp-content\/uploads\/2023\/07\/2a8ace877c9ed357978afb10d783189.jpg","datePublished":"2021-06-05T06:47:03+00:00","dateModified":"2024-09-06T07:24:37+00:00","description":"Descubra como os desgaseificadores a v\u00e1cuo removem com efici\u00eancia gases dissolvidos de solu\u00e7\u00f5es l\u00edquidas, melhorando a produ\u00e7\u00e3o de a\u00e7o, a purifica\u00e7\u00e3o de fluidos e a efici\u00eancia geral do processo.","breadcrumb":{"@id":"https:\/\/solidscontrolworld.com\/vacuum-degasser\/#breadcrumb"},"inLanguage":"pt-BR","potentialAction":[{"@type":"ReadAction","target":["https:\/\/solidscontrolworld.com\/vacuum-degasser\/"]}]},{"@type":"ImageObject","inLanguage":"pt-BR","@id":"https:\/\/solidscontrolworld.com\/vacuum-degasser\/#primaryimage","url":"https:\/\/solidscontrolworld.com\/wp-content\/uploads\/2023\/07\/2a8ace877c9ed357978afb10d783189.jpg","contentUrl":"https:\/\/solidscontrolworld.com\/wp-content\/uploads\/2023\/07\/2a8ace877c9ed357978afb10d783189.jpg"},{"@type":"BreadcrumbList","@id":"https:\/\/solidscontrolworld.com\/vacuum-degasser\/#breadcrumb","itemListElement":[{"@type":"ListItem","position":1,"name":"Home","item":"https:\/\/solidscontrolworld.com\/"},{"@type":"ListItem","position":2,"name":"Vacuum degasser"}]},{"@type":"WebSite","@id":"https:\/\/solidscontrolworld.com\/#website","url":"https:\/\/solidscontrolworld.com\/","name":"Mundo de controle de s\u00f3lidos","description":"","publisher":{"@id":"https:\/\/solidscontrolworld.com\/#\/schema\/person\/2c126362537c0f0e6d4a8dfba9fc68b0"},"potentialAction":[{"@type":"SearchAction","target":{"@type":"EntryPoint","urlTemplate":"https:\/\/solidscontrolworld.com\/?s={search_term_string}"},"query-input":{"@type":"PropertyValueSpecification","valueRequired":true,"valueName":"search_term_string"}}],"inLanguage":"pt-BR"},{"@type":["Person","Organization"],"@id":"https:\/\/solidscontrolworld.com\/#\/schema\/person\/2c126362537c0f0e6d4a8dfba9fc68b0","name":"mundo de controle de s\u00f3lidos","logo":{"@id":"https:\/\/solidscontrolworld.com\/#\/schema\/person\/image\/"},"sameAs":["https:\/\/solidscontrolworld.com"]}]}},"_links":{"self":[{"href":"https:\/\/solidscontrolworld.com\/pt\/wp-json\/wp\/v2\/pages\/3447","targetHints":{"allow":["GET"]}}],"collection":[{"href":"https:\/\/solidscontrolworld.com\/pt\/wp-json\/wp\/v2\/pages"}],"about":[{"href":"https:\/\/solidscontrolworld.com\/pt\/wp-json\/wp\/v2\/types\/page"}],"author":[{"embeddable":true,"href":"https:\/\/solidscontrolworld.com\/pt\/wp-json\/wp\/v2\/users\/1"}],"replies":[{"embeddable":true,"href":"https:\/\/solidscontrolworld.com\/pt\/wp-json\/wp\/v2\/comments?post=3447"}],"version-history":[{"count":2,"href":"https:\/\/solidscontrolworld.com\/pt\/wp-json\/wp\/v2\/pages\/3447\/revisions"}],"predecessor-version":[{"id":11453,"href":"https:\/\/solidscontrolworld.com\/pt\/wp-json\/wp\/v2\/pages\/3447\/revisions\/11453"}],"wp:attachment":[{"href":"https:\/\/solidscontrolworld.com\/pt\/wp-json\/wp\/v2\/media?parent=3447"}],"curies":[{"name":"wp","href":"https:\/\/api.w.org\/{rel}","templated":true}]}}