{"id":395,"date":"2020-11-27T10:25:26","date_gmt":"2020-11-27T10:25:26","guid":{"rendered":"https:\/\/nauthemes.com\/wp\/kriate\/?page_id=395"},"modified":"2025-06-18T04:42:58","modified_gmt":"2025-06-18T04:42:58","slug":"nossos-servicos","status":"publish","type":"page","link":"https:\/\/solidscontrolworld.com\/pt\/nossos-servicos\/","title":{"rendered":"Nossos Servi\u00e7os"},"content":{"rendered":"<div data-elementor-type=\"wp-page\" data-elementor-id=\"395\" class=\"elementor elementor-395\">\n\t\t\t\t\t\t<section class=\"elementor-section elementor-top-section elementor-element elementor-element-1db0226 elementor-section-full_width elementor-section-stretched elementor-section-height-default elementor-section-height-default\" data-id=\"1db0226\" data-element_type=\"section\" data-settings=\"{&quot;stretch_section&quot;:&quot;section-stretched&quot;}\">\n\t\t\t\t\t\t<div class=\"elementor-container elementor-column-gap-default\">\n\t\t\t\t\t<div class=\"elementor-column elementor-col-100 elementor-top-column elementor-element elementor-element-fd80e97\" data-id=\"fd80e97\" data-element_type=\"column\" data-settings=\"{&quot;background_background&quot;:&quot;classic&quot;}\">\n\t\t\t<div class=\"elementor-widget-wrap elementor-element-populated\">\n\t\t\t\t\t\t<div class=\"elementor-element elementor-element-482c53a elementor-widget elementor-widget-image\" data-id=\"482c53a\" data-element_type=\"widget\" data-widget_type=\"image.default\">\n\t\t\t\t<div class=\"elementor-widget-container\">\n\t\t\t\t\t\t\t\t\t\t\t\t\t\t\t<img fetchpriority=\"high\" decoding=\"async\" width=\"1024\" height=\"316\" src=\"https:\/\/solidscontrolworld.com\/wp-content\/uploads\/2021\/05\/service-Converted-1024x316.png\" class=\"attachment-large size-large wp-image-2749\" alt=\"\" srcset=\"https:\/\/solidscontrolworld.com\/wp-content\/uploads\/2021\/05\/service-Converted-1024x316.png 1024w, https:\/\/solidscontrolworld.com\/wp-content\/uploads\/2021\/05\/service-Converted-300x92.png 300w, https:\/\/solidscontrolworld.com\/wp-content\/uploads\/2021\/05\/service-Converted-768x237.png 768w, https:\/\/solidscontrolworld.com\/wp-content\/uploads\/2021\/05\/service-Converted-1536x474.png 1536w, https:\/\/solidscontrolworld.com\/wp-content\/uploads\/2021\/05\/service-Converted-2048x631.png 2048w, https:\/\/solidscontrolworld.com\/wp-content\/uploads\/2021\/05\/service-Converted-600x185.png 600w\" sizes=\"(max-width: 1024px) 100vw, 1024px\" \/>\t\t\t\t\t\t\t\t\t\t\t\t\t\t\t<\/div>\n\t\t\t\t<\/div>\n\t\t\t\t<div class=\"elementor-element elementor-element-dc1df06 elementor-widget elementor-widget-heading\" data-id=\"dc1df06\" data-element_type=\"widget\" data-widget_type=\"heading.default\">\n\t\t\t\t<div class=\"elementor-widget-container\">\n\t\t\t\t\t<h2 class=\"elementor-heading-title elementor-size-default\">Servi\u00e7os de pr\u00e9-venda<\/h2>\t\t\t\t<\/div>\n\t\t\t\t<\/div>\n\t\t\t\t<div class=\"elementor-element elementor-element-70e5977 elementor-widget elementor-widget-text-editor\" data-id=\"70e5977\" data-element_type=\"widget\" data-widget_type=\"text-editor.default\">\n\t\t\t\t<div class=\"elementor-widget-container\">\n\t\t\t\t\t\t\t\t\t<p>Sabemos que decidir qual equipamento de perfura\u00e7\u00e3o \u00e9 o melhor para o seu projeto \u00e9 uma das decis\u00f5es mais importantes que sua empresa tomar\u00e1. Voc\u00ea precisa de confian\u00e7a para fazer escolhas sem riscos e garantir que seu projeto de perfura\u00e7\u00e3o seja conclu\u00eddo com sucesso, dentro do prazo e do or\u00e7amento.<\/p><p>Antes de usar nossos produtos, oferecemos um servi\u00e7o de consultoria gratuito para ajudar voc\u00ea a decidir:<\/p><p>1\u3001Qual equipamento \u00e9 mais adequado ao seu projeto e<\/p><p>2\u3001Qual equipamento \u00e9 mais econ\u00f4mico para seu projeto.<\/p><p>Al\u00e9m disso, oferecemos uma proposta de alta qualidade e pre\u00e7o competitivo para cada cliente.<\/p>\t\t\t\t\t\t\t\t<\/div>\n\t\t\t\t<\/div>\n\t\t\t\t<div class=\"elementor-element elementor-element-4637b3d elementor-widget elementor-widget-heading\" data-id=\"4637b3d\" data-element_type=\"widget\" data-widget_type=\"heading.default\">\n\t\t\t\t<div class=\"elementor-widget-container\">\n\t\t\t\t\t<h2 class=\"elementor-heading-title elementor-size-default\">Servi\u00e7os de Projetos Atuais<\/h2>\t\t\t\t<\/div>\n\t\t\t\t<\/div>\n\t\t\t\t<div class=\"elementor-element elementor-element-485c90f elementor-widget elementor-widget-text-editor\" data-id=\"485c90f\" data-element_type=\"widget\" data-widget_type=\"text-editor.default\">\n\t\t\t\t<div class=\"elementor-widget-container\">\n\t\t\t\t\t\t\t\t\t<p>Depois de decidir qual equipamento \u00e9 perfeito para seu projeto, oferecemos uma variedade de servi\u00e7os para ajudar voc\u00ea a instalar, usar e manter nossos equipamentos:<\/p><p>1. Fornecemos documenta\u00e7\u00e3o detalhada de assist\u00eancia ao usu\u00e1rio para cada equipamento para garantir que eles sejam usados corretamente, eficientemente e com seguran\u00e7a.<\/p><p>2. Tamb\u00e9m podemos fornecer procedimentos espec\u00edficos do cliente para ajud\u00e1-lo a instalar e operar nosso equipamento, se necess\u00e1rio.<\/p><p>3\u3001Atribu\u00edmos um contato pessoal de contato com o cliente para ajudar cada cliente a receber, instalar e usar nossos equipamentos com sucesso.<\/p>\t\t\t\t\t\t\t\t<\/div>\n\t\t\t\t<\/div>\n\t\t\t\t<div class=\"elementor-element elementor-element-24c8185 elementor-widget elementor-widget-heading\" data-id=\"24c8185\" data-element_type=\"widget\" data-widget_type=\"heading.default\">\n\t\t\t\t<div class=\"elementor-widget-container\">\n\t\t\t\t\t<h2 class=\"elementor-heading-title elementor-size-default\">Servi\u00e7os p\u00f3s-venda<\/h2>\t\t\t\t<\/div>\n\t\t\t\t<\/div>\n\t\t\t\t<div class=\"elementor-element elementor-element-4215945 elementor-widget elementor-widget-text-editor\" data-id=\"4215945\" data-element_type=\"widget\" data-widget_type=\"text-editor.default\">\n\t\t\t\t<div class=\"elementor-widget-container\">\n\t\t\t\t\t\t\t\t\t<p>Tamb\u00e9m inclu\u00edmos esses servi\u00e7os p\u00f3s-venda para ajudar a manter nossos equipamentos e dar suporte ao seu projeto.<\/p><p>1\u3001Garantia de 1 ano em todos os nossos equipamentos e servi\u00e7o gratuito para o primeiro comissionamento e treinamento.<\/p><p>2\u3001Servi\u00e7o de suporte t\u00e9cnico telef\u00f4nico gratuito 24 horas por dia. Voc\u00ea tamb\u00e9m pode entrar em contato com nossa equipe de suporte atrav\u00e9s do nosso site (incluindo 12 horas de consultoria online gratuita) ou nos enviar um e-mail para receber suporte online.<\/p><p>Suporte t\u00e9cnico. Garantimos que entraremos em contato com voc\u00ea o mais breve poss\u00edvel e ajudaremos voc\u00ea a resolver qualquer problema assim que recebermos sua solicita\u00e7\u00e3o de suporte t\u00e9cnico ou relat\u00f3rio de defeito.<\/p><p>3\u3001Pe\u00e7as de reposi\u00e7\u00e3o e manuten\u00e7\u00e3o de todos os equipamentos listados s\u00e3o v\u00e1lidas por 10 anos.<\/p>\t\t\t\t\t\t\t\t<\/div>\n\t\t\t\t<\/div>\n\t\t\t\t<div class=\"elementor-element elementor-element-0a9278c elementor-widget elementor-widget-heading\" data-id=\"0a9278c\" data-element_type=\"widget\" data-widget_type=\"heading.default\">\n\t\t\t\t<div class=\"elementor-widget-container\">\n\t\t\t\t\t<h2 class=\"elementor-heading-title elementor-size-default\">Satisfa\u00e7\u00e3o do cliente<\/h2>\t\t\t\t<\/div>\n\t\t\t\t<\/div>\n\t\t\t\t<div class=\"elementor-element elementor-element-aa6150e elementor-widget elementor-widget-text-editor\" data-id=\"aa6150e\" data-element_type=\"widget\" data-widget_type=\"text-editor.default\">\n\t\t\t\t<div class=\"elementor-widget-container\">\n\t\t\t\t\t\t\t\t\t<p>Se, a qualquer momento, voc\u00ea n\u00e3o estiver satisfeito com nosso servi\u00e7o, sinta-se \u00e0 vontade para nos enviar um e-mail para surui@solidscontrolworld.com. Prometemos lidar com qualquer reclama\u00e7\u00e3o o mais r\u00e1pido poss\u00edvel e lhe dar uma solu\u00e7\u00e3o satisfat\u00f3ria.<\/p>\t\t\t\t\t\t\t\t<\/div>\n\t\t\t\t<\/div>\n\t\t\t\t\t<\/div>\n\t\t<\/div>\n\t\t\t\t\t<\/div>\n\t\t<\/section>\n\t\t\t\t<\/div>","protected":false},"excerpt":{"rendered":"<p>Servi\u00e7os de Pr\u00e9-Venda Sabemos que decidir qual equipamento de perfura\u00e7\u00e3o \u00e9 o melhor para o seu projeto \u00e9 uma das decis\u00f5es mais importantes que sua empresa tomar\u00e1. Voc\u00ea precisa de confian\u00e7a para fazer escolhas sem riscos e garantir que seu projeto de perfura\u00e7\u00e3o seja conclu\u00eddo com sucesso, dentro do prazo e do or\u00e7amento. [\u2026]<\/p>","protected":false},"author":1,"featured_media":0,"parent":0,"menu_order":2,"comment_status":"closed","ping_status":"closed","template":"","meta":{"_seopress_robots_primary_cat":"","_seopress_titles_title":"","_seopress_titles_desc":"","_seopress_robots_index":"","footnotes":""},"class_list":["post-395","page","type-page","status-publish","hentry"],"yoast_head":"<!-- This site is optimized with the Yoast SEO plugin v25.1 - https:\/\/yoast.com\/wordpress\/plugins\/seo\/ -->\n<title>Solids Control Equipment Services | Solids Control World<\/title>\n<meta name=\"description\" content=\"Professional services for installation, maintenance, and support of solids control equipment to ensure optimal drilling operation performance.\" \/>\n<meta name=\"robots\" content=\"index, follow, max-snippet:-1, max-image-preview:large, max-video-preview:-1\" \/>\n<link rel=\"canonical\" href=\"https:\/\/solidscontrolworld.com\/pt\/nossos-servicos\/\" \/>\n<meta property=\"og:locale\" content=\"pt_BR\" \/>\n<meta property=\"og:type\" content=\"article\" \/>\n<meta property=\"og:title\" content=\"Solids Control Equipment Services | Solids Control World\" \/>\n<meta property=\"og:description\" content=\"Professional services for installation, maintenance, and support of solids control equipment to ensure optimal drilling operation performance.\" \/>\n<meta property=\"og:url\" content=\"https:\/\/solidscontrolworld.com\/pt\/nossos-servicos\/\" \/>\n<meta property=\"og:site_name\" content=\"Solids Control World\" \/>\n<meta property=\"article:modified_time\" content=\"2025-06-18T04:42:58+00:00\" \/>\n<meta property=\"og:image\" content=\"https:\/\/solidscontrolworld.com\/wp-content\/uploads\/2021\/05\/service-Converted-1024x316.png\" \/>\n<meta name=\"twitter:card\" content=\"summary_large_image\" \/>\n<meta name=\"twitter:label1\" content=\"Est. tempo de leitura\" \/>\n\t<meta name=\"twitter:data1\" content=\"2 minutos\" \/>\n<!-- \/ Yoast SEO plugin. -->","yoast_head_json":{"title":"Servi\u00e7os de Equipamentos para Controle de S\u00f3lidos | Solids Control World","description":"Servi\u00e7os profissionais para instala\u00e7\u00e3o, manuten\u00e7\u00e3o e suporte de equipamentos de controle de s\u00f3lidos para garantir o desempenho ideal da opera\u00e7\u00e3o de perfura\u00e7\u00e3o.","robots":{"index":"index","follow":"follow","max-snippet":"max-snippet:-1","max-image-preview":"max-image-preview:large","max-video-preview":"max-video-preview:-1"},"canonical":"https:\/\/solidscontrolworld.com\/pt\/nossos-servicos\/","og_locale":"pt_BR","og_type":"article","og_title":"Solids Control Equipment Services | Solids Control World","og_description":"Professional services for installation, maintenance, and support of solids control equipment to ensure optimal drilling operation performance.","og_url":"https:\/\/solidscontrolworld.com\/pt\/nossos-servicos\/","og_site_name":"Solids Control World","article_modified_time":"2025-06-18T04:42:58+00:00","og_image":[{"url":"https:\/\/solidscontrolworld.com\/wp-content\/uploads\/2021\/05\/service-Converted-1024x316.png","type":"","width":"","height":""}],"twitter_card":"summary_large_image","twitter_misc":{"Est. tempo de leitura":"2 minutos"},"schema":{"@context":"https:\/\/schema.org","@graph":[{"@type":"WebPage","@id":"https:\/\/solidscontrolworld.com\/our-services\/","url":"https:\/\/solidscontrolworld.com\/our-services\/","name":"Servi\u00e7os de Equipamentos para Controle de S\u00f3lidos | Solids Control World","isPartOf":{"@id":"https:\/\/solidscontrolworld.com\/#website"},"primaryImageOfPage":{"@id":"https:\/\/solidscontrolworld.com\/our-services\/#primaryimage"},"image":{"@id":"https:\/\/solidscontrolworld.com\/our-services\/#primaryimage"},"thumbnailUrl":"https:\/\/solidscontrolworld.com\/wp-content\/uploads\/2021\/05\/service-Converted-1024x316.png","datePublished":"2020-11-27T10:25:26+00:00","dateModified":"2025-06-18T04:42:58+00:00","description":"Servi\u00e7os profissionais para instala\u00e7\u00e3o, manuten\u00e7\u00e3o e suporte de equipamentos de controle de s\u00f3lidos para garantir o desempenho ideal da opera\u00e7\u00e3o de perfura\u00e7\u00e3o.","breadcrumb":{"@id":"https:\/\/solidscontrolworld.com\/our-services\/#breadcrumb"},"inLanguage":"pt-BR","potentialAction":[{"@type":"ReadAction","target":["https:\/\/solidscontrolworld.com\/our-services\/"]}]},{"@type":"ImageObject","inLanguage":"pt-BR","@id":"https:\/\/solidscontrolworld.com\/our-services\/#primaryimage","url":"https:\/\/solidscontrolworld.com\/wp-content\/uploads\/2021\/05\/service-Converted-1024x316.png","contentUrl":"https:\/\/solidscontrolworld.com\/wp-content\/uploads\/2021\/05\/service-Converted-1024x316.png"},{"@type":"BreadcrumbList","@id":"https:\/\/solidscontrolworld.com\/our-services\/#breadcrumb","itemListElement":[{"@type":"ListItem","position":1,"name":"Home","item":"https:\/\/solidscontrolworld.com\/"},{"@type":"ListItem","position":2,"name":"Our Services"}]},{"@type":"WebSite","@id":"https:\/\/solidscontrolworld.com\/#website","url":"https:\/\/solidscontrolworld.com\/","name":"Mundo de controle de s\u00f3lidos","description":"","publisher":{"@id":"https:\/\/solidscontrolworld.com\/#\/schema\/person\/2c126362537c0f0e6d4a8dfba9fc68b0"},"potentialAction":[{"@type":"SearchAction","target":{"@type":"EntryPoint","urlTemplate":"https:\/\/solidscontrolworld.com\/?s={search_term_string}"},"query-input":{"@type":"PropertyValueSpecification","valueRequired":true,"valueName":"search_term_string"}}],"inLanguage":"pt-BR"},{"@type":["Person","Organization"],"@id":"https:\/\/solidscontrolworld.com\/#\/schema\/person\/2c126362537c0f0e6d4a8dfba9fc68b0","name":"mundo de controle de s\u00f3lidos","logo":{"@id":"https:\/\/solidscontrolworld.com\/#\/schema\/person\/image\/"},"sameAs":["https:\/\/solidscontrolworld.com"]}]}},"_links":{"self":[{"href":"https:\/\/solidscontrolworld.com\/pt\/wp-json\/wp\/v2\/pages\/395","targetHints":{"allow":["GET"]}}],"collection":[{"href":"https:\/\/solidscontrolworld.com\/pt\/wp-json\/wp\/v2\/pages"}],"about":[{"href":"https:\/\/solidscontrolworld.com\/pt\/wp-json\/wp\/v2\/types\/page"}],"author":[{"embeddable":true,"href":"https:\/\/solidscontrolworld.com\/pt\/wp-json\/wp\/v2\/users\/1"}],"replies":[{"embeddable":true,"href":"https:\/\/solidscontrolworld.com\/pt\/wp-json\/wp\/v2\/comments?post=395"}],"version-history":[{"count":1,"href":"https:\/\/solidscontrolworld.com\/pt\/wp-json\/wp\/v2\/pages\/395\/revisions"}],"predecessor-version":[{"id":10968,"href":"https:\/\/solidscontrolworld.com\/pt\/wp-json\/wp\/v2\/pages\/395\/revisions\/10968"}],"wp:attachment":[{"href":"https:\/\/solidscontrolworld.com\/pt\/wp-json\/wp\/v2\/media?parent=395"}],"curies":[{"name":"wp","href":"https:\/\/api.w.org\/{rel}","templated":true}]}}