{"id":1387,"date":"2021-05-05T13:41:18","date_gmt":"2021-05-05T13:41:18","guid":{"rendered":"https:\/\/solidscontrolworld.com\/?post_type=product&#038;p=1387"},"modified":"2021-05-05T13:41:19","modified_gmt":"2021-05-05T13:41:19","slug":"agitador-de-xisto","status":"publish","type":"product","link":"https:\/\/solidscontrolworld.com\/pt\/product\/agitador-de-xisto\/","title":{"rendered":"Agitador de xisto"},"content":{"rendered":"<div class=\"flex_column av_one_full  flex_column_div av-zero-column-padding first  avia-builder-el-1  el_after_av_image  el_before_av_one_full\">\n<section class=\"av_textblock_section\">\n<div class=\"avia_textblock\">\n<table border=\"0\" width=\"1167\" cellspacing=\"0\" cellpadding=\"0\">\n<tbody>\n<tr>\n<td class=\"kso0\" width=\"161\">Modelo<\/td>\n<td class=\"kso1\" width=\"192\">ABZS104<\/td>\n<td class=\"kso2\" width=\"191\">ABZS103<\/td>\n<td class=\"kso3\" width=\"206\">ABZS70-3P<\/td>\n<td class=\"kso4\" width=\"207\">ABZS103K<\/td>\n<td class=\"kso5\" width=\"208\">ABZS85-2P<\/td>\n<\/tr>\n<tr>\n<td class=\"kso6\" width=\"161\">Capacidade<\/td>\n<td class=\"kso7\" width=\"192\">\u2264150m3\/h (660GPM)<\/td>\n<td class=\"kso8\" width=\"191\">\u2264120m3\/h (528GPM)<\/td>\n<td class=\"kso9\" width=\"206\">\u2264120m3\/h (528GPM)<\/td>\n<td class=\"kso10\" width=\"207\">\u2264120m3\/h (528GPM)<\/td>\n<td class=\"kso11\" width=\"208\">\u226480m3\/h (352GPM)<\/td>\n<\/tr>\n<tr>\n<td class=\"kso12\" width=\"161\">Sa\u00edda nominal dos motores<\/td>\n<td class=\"kso13\" width=\"192\">1.865kw (2,5cv) x2 (Martin)<\/td>\n<td class=\"kso14\" width=\"191\">1,5 kW (2,0 cv) x 2 (OLI)<\/td>\n<td class=\"kso15\" width=\"206\">1,72 kW (2,3 cv) x2 (OLI)<\/td>\n<td class=\"kso16\" width=\"207\">1,5 kW (2,0 cv) x2 (OLI)<\/td>\n<td class=\"kso17\" width=\"208\">1,0 kW (1,35 cv) x2 (OLI)<\/td>\n<\/tr>\n<tr>\n<td class=\"kso18\" width=\"161\">For\u00e7a de sa\u00edda<\/td>\n<td class=\"kso19\" width=\"192\">\u22648,5Gs<\/td>\n<td class=\"kso20\" width=\"191\">\u22648,0 Gs<\/td>\n<td class=\"kso21\" width=\"206\">\u22647,5 Gs<\/td>\n<td class=\"kso22\" width=\"207\">\u22648,0 Gs<\/td>\n<td class=\"kso23\" width=\"208\">\u22647,0 Gs<\/td>\n<\/tr>\n<tr>\n<td class=\"kso24\" width=\"161\">Temperatura de opera\u00e7\u00e3o<\/td>\n<td class=\"kso25\" width=\"192\">30\u00b0C (86\u00b0F)<\/td>\n<td class=\"kso26\" width=\"191\">30\u00b0C (86\u00b0F)<\/td>\n<td class=\"kso27\" width=\"206\">30\u00b0C (86\u00b0F)<\/td>\n<td class=\"kso28\" width=\"207\">30\u00b0C (86\u00b0F)<\/td>\n<td class=\"kso29\" width=\"208\">30\u00b0C (86\u00b0F)<\/td>\n<\/tr>\n<tr>\n<td class=\"kso30\" width=\"161\">Faixa de design<\/td>\n<td class=\"kso31\" width=\"192\">-40-50\u00b0C (-40-122\u00b0F)<\/td>\n<td class=\"kso32\" width=\"191\">-40-50\u00b0C (-40-122\u00b0F)<\/td>\n<td class=\"kso33\" width=\"206\">-40-50\u00b0C (-40-122\u00b0F)<\/td>\n<td class=\"kso34\" width=\"207\">-40-50\u00b0C (-40-122\u00b0F)<\/td>\n<td class=\"kso35\" width=\"208\">-40-50\u00b0C (-40-122\u00b0F)<\/td>\n<\/tr>\n<tr>\n<td class=\"kso36\" width=\"161\">Data do ru\u00eddo<\/td>\n<td class=\"kso37\" width=\"192\">75-85 dBA<\/td>\n<td class=\"kso38\" width=\"191\">75-85 dBA<\/td>\n<td class=\"kso39\" width=\"206\">75-85 dBA<\/td>\n<td class=\"kso40\" width=\"207\">75-85 dBA<\/td>\n<td class=\"kso41\" width=\"208\">75-85 dBA<\/td>\n<\/tr>\n<tr>\n<td class=\"kso42\" width=\"161\">Ajuste do conv\u00e9s<\/td>\n<td class=\"kso43\" width=\"192\">-1 \u00b0~+5\u00b0<\/td>\n<td class=\"kso44\" width=\"191\">-1 \u00b0~+5\u00b0<\/td>\n<td class=\"kso45\" width=\"206\">-1 \u00b0~+5\u00b0<\/td>\n<td class=\"kso46\" width=\"207\">-1 \u00b0~+5\u00b0<\/td>\n<td class=\"kso47\" width=\"208\">-1 \u00b0~+3\u00b0<\/td>\n<\/tr>\n<tr>\n<td class=\"kso48\" width=\"161\">Material da tela<\/td>\n<td class=\"kso49\" width=\"192\">Estrutura composta\/estrutura met\u00e1lica<\/td>\n<td class=\"kso50\" width=\"191\">Estrutura composta\/estrutura met\u00e1lica<\/td>\n<td class=\"kso51\" width=\"206\">Estrutura de metal<\/td>\n<td class=\"kso52\" width=\"207\">A\u00e7o inoxid\u00e1vel\/poliuretano<\/td>\n<td class=\"kso53\" width=\"208\">Estrutura de metal<\/td>\n<\/tr>\n<tr>\n<td class=\"kso54\" width=\"161\">Tamanho da tela<\/td>\n<td class=\"kso55\" width=\"192\">585\u00d71165 mm<\/td>\n<td class=\"kso56\" width=\"191\">585\u00d71165 mm<\/td>\n<td class=\"kso57\" width=\"206\">700\u00d71250 mm<\/td>\n<td class=\"kso58\" width=\"207\">585\u00d71165 mm<\/td>\n<td class=\"kso59\" width=\"208\">850\u00d71250 mm<\/td>\n<\/tr>\n<tr>\n<td class=\"kso60\" width=\"161\">Qtd. de tela<\/td>\n<td class=\"kso61\" width=\"192\">4 pe\u00e7as<\/td>\n<td class=\"kso62\" width=\"191\">3 pe\u00e7as<\/td>\n<td class=\"kso63\" width=\"206\">3 pe\u00e7as<\/td>\n<td class=\"kso64\" width=\"207\">3 pe\u00e7as<\/td>\n<td class=\"kso65\" width=\"208\">2 pe\u00e7as<\/td>\n<\/tr>\n<tr>\n<td class=\"kso66\" width=\"161\">\u00c1rea de filtragem<\/td>\n<td class=\"kso67\" width=\"192\">2,73 m\u00b2 (30 p\u00e9s\u00b2)<\/td>\n<td class=\"kso68\" width=\"191\">2,1 m\u00b2 (23,5 p\u00e9s\u00b2)<\/td>\n<td class=\"kso69\" width=\"206\">2,63 m\u00b2 (29,2 p\u00e9s\u00b2)<\/td>\n<td class=\"kso70\" width=\"207\">2,1 m\u00b2 (29,2 p\u00e9s\u00b2)<\/td>\n<td class=\"kso71\" width=\"208\">2,1 m\u00b2 (23,5 p\u00e9s\u00b2)<\/td>\n<\/tr>\n<tr>\n<td class=\"kso72\" width=\"161\">Peso<\/td>\n<td class=\"kso73\" width=\"192\">1480 kg<\/td>\n<td class=\"kso74\" width=\"191\">1320 kg<\/td>\n<td class=\"kso75\" width=\"206\">1400 kg<\/td>\n<td class=\"kso76\" width=\"207\">1395 kg<\/td>\n<td class=\"kso77\" width=\"208\">1250 kg<\/td>\n<\/tr>\n<tr>\n<td class=\"kso78\" width=\"161\">Dimens\u00e3o<\/td>\n<td class=\"kso79\" width=\"192\">2950x1690x1420<\/td>\n<td class=\"kso80\" width=\"191\">2370X1690X1420<\/td>\n<td class=\"kso81\" width=\"206\">2870x1772x1400<\/td>\n<td class=\"kso82\" width=\"207\">2370x1690x1420<\/td>\n<td class=\"kso83\" width=\"208\">2440x1772x1400<\/td>\n<\/tr>\n<tr>\n<td class=\"kso84\" width=\"161\">Tens\u00e3o<\/td>\n<td class=\"kso85\" colspan=\"5\" width=\"1006\">220-240 V\/ 50 Hz, 380-415 V\/ 50 Hz, 440-480 V\/ 60 Hz, 575-600 V\/ 60 Hz<\/td>\n<\/tr>\n<tr>\n<td class=\"kso90\" width=\"161\">Aprova\u00e7\u00f5es<\/td>\n<td class=\"kso91\" colspan=\"5\" width=\"1006\">UL\/ATEX\/BV\/IADC\/JAS-ANZ ISO 9001:2015\/CE<\/td>\n<\/tr>\n<tr>\n<td class=\"kso96\" width=\"161\">Observa\u00e7\u00e3o<\/td>\n<td class=\"kso97\" colspan=\"5\" width=\"1006\">Condi\u00e7\u00f5es de teste para estes par\u00e2metros: Densidade da lama: 1,2 g\/cm3, Viscosidade da lama: 45s, Peneira: 40 mesh<\/td>\n<\/tr>\n<\/tbody>\n<\/table>\n<\/div>\n<\/section>\n<\/div>\n<div class=\"flex_column av_one_full  flex_column_div av-zero-column-padding first  avia-builder-el-3  el_after_av_one_full  el_before_av_textblock  column-top-margin\">\n<section class=\"av_textblock_section\">\n<div class=\"avia_textblock\">\n<table border=\"0\" width=\"1165\" cellspacing=\"0\" cellpadding=\"0\">\n<tbody>\n<tr>\n<td class=\"kso0\" width=\"173\">Modelo<\/td>\n<td class=\"kso1\" width=\"176\">ABZS75-2P<\/td>\n<td class=\"kso2\" width=\"197\">ABZS206<\/td>\n<td class=\"kso3\" width=\"195\">ABZS208<\/td>\n<td class=\"kso4\" width=\"215\">ABZS102D<\/td>\n<td class=\"kso5\" width=\"206\">ABZS103D<\/td>\n<\/tr>\n<tr>\n<td class=\"kso6\" width=\"173\">Capacidade<\/td>\n<td class=\"kso7\" width=\"176\">\u226445m3\/h (198GPM)<\/td>\n<td class=\"kso8\" width=\"197\">\u2264120m3\/h (660GPM)<\/td>\n<td class=\"kso9\" width=\"195\">\u2264150m3\/h (792GPM)<\/td>\n<td class=\"kso10\" width=\"215\">\u226460-150m3\/h (264-660GPM)<\/td>\n<td class=\"kso11\" width=\"206\">\u2264120-300m3\/h (528-1320GPM)<\/td>\n<\/tr>\n<tr>\n<td class=\"kso12\" width=\"173\">Sa\u00edda nominal dos motores<\/td>\n<td class=\"kso13\" width=\"176\">0,45 kW (0,6 cv) x2 (OLI)<\/td>\n<td class=\"kso14\" width=\"197\">1,72 kW (2,3 cv) x2 (OLI)<\/td>\n<td class=\"kso15\" width=\"195\">1,94 kW (2,6 cv) x2 (Martin)<\/td>\n<td class=\"kso16\" width=\"215\">0,75 kW (1 cv) x 2 (OLI)<\/td>\n<td class=\"kso17\" width=\"206\">1,5 kW (2,0 cv) x2 (OLI)<\/td>\n<\/tr>\n<tr>\n<td class=\"kso18\" width=\"173\">For\u00e7a de sa\u00edda<\/td>\n<td class=\"kso19\" width=\"176\">\u22647,0 Gs<\/td>\n<td class=\"kso20\" width=\"197\">\u22648,0 Gs<\/td>\n<td class=\"kso21\" width=\"195\">\u22648,5 Gs<\/td>\n<td class=\"kso22\" width=\"215\">\u22647,5 Gs<\/td>\n<td class=\"kso23\" width=\"206\">\u22648,0 Gs<\/td>\n<\/tr>\n<tr>\n<td class=\"kso24\" width=\"173\">Temperatura de opera\u00e7\u00e3o<\/td>\n<td class=\"kso25\" width=\"176\">30\u00b0C (86\u00b0F)<\/td>\n<td class=\"kso26\" width=\"197\">30\u00b0C (86\u00b0F)<\/td>\n<td class=\"kso27\" width=\"195\">30\u00b0C (86\u00b0F)<\/td>\n<td class=\"kso28\" width=\"215\">30\u00b0C (86\u00b0F)<\/td>\n<td class=\"kso29\" width=\"206\">30\u00b0C (86\u00b0F)<\/td>\n<\/tr>\n<tr>\n<td class=\"kso30\" width=\"173\">Faixa de design<\/td>\n<td class=\"kso31\" width=\"176\">-40-50\u00b0C (-40-122\u00b0F)<\/td>\n<td class=\"kso32\" width=\"197\">-40-50\u00b0C (-40-122\u00b0F)<\/td>\n<td class=\"kso33\" width=\"195\">-40-50\u00b0C (-40-122\u00b0F)<\/td>\n<td class=\"kso34\" width=\"215\">-40-50\u00b0C (-40-122\u00b0F)<\/td>\n<td class=\"kso35\" width=\"206\">-40-50\u00b0C (-40-122\u00b0F)<\/td>\n<\/tr>\n<tr>\n<td class=\"kso36\" width=\"173\">Data do ru\u00eddo<\/td>\n<td class=\"kso37\" width=\"176\">75-85 dBA<\/td>\n<td class=\"kso38\" width=\"197\">75-85 dBA<\/td>\n<td class=\"kso39\" width=\"195\">75-85 dBA<\/td>\n<td class=\"kso40\" width=\"215\">75-85 dBA<\/td>\n<td class=\"kso41\" width=\"206\">75-85 dBA<\/td>\n<\/tr>\n<tr>\n<td class=\"kso42\" width=\"173\">Ajuste do conv\u00e9s<\/td>\n<td class=\"kso43\" width=\"176\">N \/ D<\/td>\n<td class=\"kso44\" width=\"197\">-1 \u00b0~+5\u00b0<\/td>\n<td class=\"kso45\" width=\"195\">-1 \u00b0~+5\u00b0<\/td>\n<td class=\"kso46\" width=\"215\">N \/ D<\/td>\n<td class=\"kso47\" width=\"206\">-1 \u00b0~+5\u00b0<\/td>\n<\/tr>\n<tr>\n<td class=\"kso48\" width=\"173\">Material da tela<\/td>\n<td class=\"kso49\" width=\"176\">Estrutura de metal<\/td>\n<td class=\"kso50\" width=\"197\">Estrutura composta\/estrutura met\u00e1lica<\/td>\n<td class=\"kso51\" width=\"195\">Estrutura composta\/estrutura met\u00e1lica<\/td>\n<td class=\"kso52\" width=\"215\">A\u00e7o inoxid\u00e1vel<\/td>\n<td class=\"kso53\" width=\"206\">A\u00e7o inoxid\u00e1vel<\/td>\n<\/tr>\n<tr>\n<td class=\"kso54\" width=\"173\">Tamanho da tela<\/td>\n<td class=\"kso55\" width=\"176\">750\u00d7900 mm<\/td>\n<td class=\"kso56\" width=\"197\">585\u00d71165 mm<\/td>\n<td class=\"kso57\" width=\"195\">585\u00d71165 mm<\/td>\n<td class=\"kso58\" width=\"215\">750\u00d7900 mm<\/td>\n<td class=\"kso59\" width=\"206\">630\u00d71165 mm<\/td>\n<\/tr>\n<tr>\n<td class=\"kso60\" width=\"173\">Qtd. de tela<\/td>\n<td class=\"kso61\" width=\"176\">2 pe\u00e7as<\/td>\n<td class=\"kso62\" width=\"197\">6 pe\u00e7as (deck duplo)<\/td>\n<td class=\"kso63\" width=\"195\">8 pe\u00e7as (de dois andares)<\/td>\n<td class=\"kso64\" width=\"215\">2 pe\u00e7as<\/td>\n<td class=\"kso65\" width=\"206\">3 pe\u00e7as<\/td>\n<\/tr>\n<tr>\n<td class=\"kso66\" width=\"173\">\u00c1rea de filtragem<\/td>\n<td class=\"kso67\" width=\"176\">1,35 m\u00b2 (15 p\u00e9s\u00b2)<\/td>\n<td class=\"kso68\" width=\"197\">4,2 m\u00b2 (47,0 p\u00e9s\u00b2)<\/td>\n<td class=\"kso69\" width=\"195\">5,46 m\u00b2 (58,4 p\u00e9s\u00b2)<\/td>\n<td class=\"kso70\" width=\"215\">1,35 m\u00b2 (15 p\u00e9s\u00b2)<\/td>\n<td class=\"kso71\" width=\"206\">2,2 m\u00b2 (24,6 p\u00e9s\u00b2)<\/td>\n<\/tr>\n<tr>\n<td class=\"kso72\" width=\"173\">Peso<\/td>\n<td class=\"kso73\" width=\"176\">780 kg<\/td>\n<td class=\"kso74\" width=\"197\">1800 kg<\/td>\n<td class=\"kso75\" width=\"195\">2000 kg<\/td>\n<td class=\"kso76\" width=\"215\">760 kg<\/td>\n<td class=\"kso77\" width=\"206\">1600 kg<\/td>\n<\/tr>\n<tr>\n<td class=\"kso78\" width=\"173\">Dimens\u00e3o<\/td>\n<td class=\"kso79\" width=\"176\">1970x1326x996<\/td>\n<td class=\"kso80\" width=\"197\">2370x1700x1500<\/td>\n<td class=\"kso81\" width=\"195\">2950x1690x1500<\/td>\n<td class=\"kso82\" width=\"215\">1650x1430x1040<\/td>\n<td class=\"kso83\" width=\"206\">2027X1685X1611<\/td>\n<\/tr>\n<tr>\n<td class=\"kso84\" width=\"173\">Tens\u00e3o<\/td>\n<td class=\"kso85\" colspan=\"5\" width=\"991\">220-240 V\/ 50 Hz, 380-415 V\/ 50 Hz, 440-480 V\/ 60 Hz, 575-600 V\/ 60 Hz<\/td>\n<\/tr>\n<tr>\n<td class=\"kso90\" width=\"173\">Aprova\u00e7\u00f5es<\/td>\n<td class=\"kso91\" colspan=\"5\" width=\"991\">UL\/ATEX\/BV\/IADC\/JAS-ANZ ISO 9001:2015\/CE<\/td>\n<\/tr>\n<tr>\n<td class=\"kso96\" width=\"173\">Observa\u00e7\u00e3o<\/td>\n<td class=\"kso97\" colspan=\"5\" width=\"991\">Condi\u00e7\u00f5es de teste para estes par\u00e2metros: Densidade da lama: 1,2 g\/cm3, Viscosidade da lama: 45s, Peneira: 40 mesh<\/td>\n<\/tr>\n<\/tbody>\n<\/table>\n<\/div>\n<\/section>\n<\/div>\n<section class=\"av_textblock_section\">\n<div class=\"avia_textblock\">\n<h2>AGITADOR DE XISTO DA SOLIDS CONTROL WORLD<\/h2>\n<p>Um agitador de xisto \u00e9 um componente importante do equipamento de perfura\u00e7\u00e3o. Normalmente, \u00e9 uma peneira m\u00f3vel que separa part\u00edculas s\u00f3lidas da lama e do carv\u00e3o. Os agitadores de xisto s\u00e3o amplamente utilizados em ind\u00fastrias de perfura\u00e7\u00e3o de grande porte. Em resumo, um agitador de xisto \u00e9 usado para filtrar o fluido de perfura\u00e7\u00e3o de diferentes tipos de polpas e outros materiais s\u00f3lidos.<\/p>\n<p>Hoje vamos falar sobre perfuratrizes de xisto do mundo do controle s\u00f3lido e como voc\u00ea pode us\u00e1-las para melhorar sua experi\u00eancia de perfura\u00e7\u00e3o.<\/p>\n<h2>CARACTER\u00cdSTICAS DO SHALE SHAKER<\/h2>\n<p>Os agitadores de xisto apresentam muitas caracter\u00edsticas importantes no mundo do controle de s\u00f3lidos. Algumas delas s\u00e3o mencionadas abaixo.<\/p>\n<h3>Capacidade Suficiente<\/h3>\n<p>Este agitador de xisto est\u00e1 dispon\u00edvel em diferentes modelos, cada um com sua capacidade. Normalmente, essas capacidades variam de 198 GPM a 660 GPM.<\/p>\n<h3>Manuseio de peso<\/h3>\n<p>Este agitador de xisto suporta pesos de perfura\u00e7\u00e3o extremos, que variam de 760 a 2.000 kg. Isso o torna adequado para lidar com processos de perfura\u00e7\u00e3o pesados de forma mais eficiente.<\/p>\n<h3>For\u00e7a de sa\u00edda<\/h3>\n<p>Este agitador de xisto possui diferentes tipos de for\u00e7as de sa\u00edda, que dependem dos diferentes tipos de modelos em que \u00e9 fornecido. Essas for\u00e7as de sa\u00edda variam de \u22647,0 a \u22648,5 Gs.<\/p>\n<h3>Benef\u00edcios do Shale Shaker<\/h3>\n<p>Existem in\u00fameros benef\u00edcios do agitador de xisto no mundo do controle de s\u00f3lidos. Alguns dos mais importantes est\u00e3o listados abaixo.<\/p>\n<h3>Dur\u00e1vel<\/h3>\n<p>A tela desses agitadores de xisto \u00e9 feita de metal e a\u00e7o, o que os torna dur\u00e1veis e duradouros. Devido \u00e0 sua extrema durabilidade, os usu\u00e1rios podem extrair mais fluido de perfura\u00e7\u00e3o de uma s\u00f3 vez.<\/p>\n<h3>\u00a0Vers\u00e1til<\/h3>\n<p>Este agitador de xisto est\u00e1 dispon\u00edvel em diversos modelos, cada um com sua pr\u00f3pria configura\u00e7\u00e3o de ajuste de deck. Essas configura\u00e7\u00f5es variam de -1\u00b0 a +3\u00b0 a -1\u00b0 a +5\u00b0. Isso oferece versatilidade e o usu\u00e1rio pode ajustar o deck de acordo com sua prefer\u00eancia e conforto.<\/p>\n<h3>Filtragem precisa<\/h3>\n<p>Este agitador de xisto oferece diversos tipos de \u00e1reas de filtragem, com tamanhos que variam de 1,35 m\u00b2 (15 p\u00e9s\u00b2) a 2,73 m\u00b2 (30 p\u00e9s\u00b2). \u00c1reas de filtragem como esta garantem que a filtragem do fluido de perfura\u00e7\u00e3o seja feita de forma precisa. Tamb\u00e9m garantem que o corte seja feito de forma muito mais fina e eficaz.<\/p>\n<h3>Ajuste perfeito<\/h3>\n<p>Este agitador de xisto possui diferentes tamanhos de tela, que variam de 585 x 1165 mm a 850 x 1250 mm. Dimens\u00f5es de tela como essas o tornam perfeito para ser instalado em diferentes modelos de agitadores de xisto.<\/p>\n<h3>Conclus\u00e3o<\/h3>\n<p>Se voc\u00ea quer melhorar sua experi\u00eancia em perfura\u00e7\u00e3o de petr\u00f3leo, carv\u00e3o e g\u00e1s, ent\u00e3o n\u00e3o deixe de conferir o agitador de xisto da Solids Control World.<\/p>\n<p>Confira tamb\u00e9m\u00a0<a href=\"https:\/\/solidscontrolworld.com\/pt\/desilter\/\">Desilter<\/a>\u00a0da nossa loja.<\/p>\n<\/div>\n<\/section>","protected":false},"excerpt":{"rendered":"<h3 class=\"widgettitle\">ESCRIT\u00d3RIO<\/h3>\n<div class=\"textwidget\">\n<p><strong>Endere\u00e7o:<\/strong><\/p>\n<p>Sala 1924, Bloco D, Pra\u00e7a Wanda, cidade de Tangshan, China.<\/p>\n<p><strong>Contato<\/strong><\/p>\n<p>info@solidscontrolworld.com<\/p>\n<p><strong>Telefone:<\/strong><\/p>\n<p>+86-18034158133<\/p>\n<p><strong>Fax:<\/strong><\/p>\n<p>+86-315-7651760<\/p>\n<p>Site: www.solidscontrolworld.com<\/p>\n<p><strong>Hor\u00e1rio de funcionamento:<\/strong><br \/>\nSeg-Sex: 8:00-17:30<\/p>\n<\/div>","protected":false},"featured_media":1388,"comment_status":"open","ping_status":"closed","template":"","meta":{"_seopress_robots_primary_cat":"","_seopress_titles_title":"","_seopress_titles_desc":"","_seopress_robots_index":""},"product_brand":[],"product_cat":[57],"product_tag":[],"class_list":{"0":"post-1387","1":"product","2":"type-product","3":"status-publish","4":"has-post-thumbnail","6":"product_cat-solids-control-equipments","8":"first","9":"instock","10":"shipping-taxable","11":"product-type-simple"},"yoast_head":"<!-- This site is optimized with the Yoast SEO plugin v25.1 - https:\/\/yoast.com\/wordpress\/plugins\/seo\/ -->\n<title>Shale shaker - Solids Control World<\/title>\n<meta name=\"robots\" content=\"index, follow, max-snippet:-1, max-image-preview:large, max-video-preview:-1\" \/>\n<link rel=\"canonical\" href=\"https:\/\/solidscontrolworld.com\/pt\/product\/agitador-de-xisto\/\" \/>\n<meta property=\"og:locale\" content=\"pt_BR\" \/>\n<meta property=\"og:type\" content=\"article\" \/>\n<meta property=\"og:title\" content=\"Shale shaker - Solids Control World\" \/>\n<meta property=\"og:description\" content=\"OFFICE   Address:  Room 1924 ,Block D ,Wanda plaza, Tangshan city,\u00a0 China.  Contact  info@solidscontrolworld.com  Tel:  +86-18034158133  Fax:  +86-315-7651760  Website:www.solidscontrolworld.com  Opening Hours: Mon-Fri: 8:00-17:30\" \/>\n<meta property=\"og:url\" content=\"https:\/\/solidscontrolworld.com\/pt\/product\/agitador-de-xisto\/\" \/>\n<meta property=\"og:site_name\" content=\"Solids Control World\" \/>\n<meta property=\"article:modified_time\" content=\"2021-05-05T13:41:19+00:00\" \/>\n<meta property=\"og:image\" content=\"https:\/\/solidscontrolworld.com\/wp-content\/uploads\/2021\/05\/shale-shaker-300x300-1.jpg\" \/>\n\t<meta property=\"og:image:width\" content=\"300\" \/>\n\t<meta property=\"og:image:height\" content=\"300\" \/>\n\t<meta property=\"og:image:type\" content=\"image\/jpeg\" \/>\n<meta name=\"twitter:card\" content=\"summary_large_image\" \/>\n<meta name=\"twitter:label1\" content=\"Est. tempo de leitura\" \/>\n\t<meta name=\"twitter:data1\" content=\"4 minutos\" \/>\n<!-- \/ Yoast SEO plugin. -->","yoast_head_json":{"title":"Agitador de xisto - Solids Control World","robots":{"index":"index","follow":"follow","max-snippet":"max-snippet:-1","max-image-preview":"max-image-preview:large","max-video-preview":"max-video-preview:-1"},"canonical":"https:\/\/solidscontrolworld.com\/pt\/product\/agitador-de-xisto\/","og_locale":"pt_BR","og_type":"article","og_title":"Shale shaker - Solids Control World","og_description":"OFFICE   Address:  Room 1924 ,Block D ,Wanda plaza, Tangshan city,\u00a0 China.  Contact  info@solidscontrolworld.com  Tel:  +86-18034158133  Fax:  +86-315-7651760  Website:www.solidscontrolworld.com  Opening Hours: Mon-Fri: 8:00-17:30","og_url":"https:\/\/solidscontrolworld.com\/pt\/product\/agitador-de-xisto\/","og_site_name":"Solids Control World","article_modified_time":"2021-05-05T13:41:19+00:00","og_image":[{"width":300,"height":300,"url":"https:\/\/solidscontrolworld.com\/wp-content\/uploads\/2021\/05\/shale-shaker-300x300-1.jpg","type":"image\/jpeg"}],"twitter_card":"summary_large_image","twitter_misc":{"Est. tempo de leitura":"4 minutos"},"schema":{"@context":"https:\/\/schema.org","@graph":[{"@type":"WebPage","@id":"https:\/\/solidscontrolworld.com\/product\/shale-shaker\/","url":"https:\/\/solidscontrolworld.com\/product\/shale-shaker\/","name":"Agitador de xisto - Solids Control World","isPartOf":{"@id":"https:\/\/solidscontrolworld.com\/#website"},"primaryImageOfPage":{"@id":"https:\/\/solidscontrolworld.com\/product\/shale-shaker\/#primaryimage"},"image":{"@id":"https:\/\/solidscontrolworld.com\/product\/shale-shaker\/#primaryimage"},"thumbnailUrl":"https:\/\/solidscontrolworld.com\/wp-content\/uploads\/2021\/05\/shale-shaker-300x300-1.jpg","datePublished":"2021-05-05T13:41:18+00:00","dateModified":"2021-05-05T13:41:19+00:00","breadcrumb":{"@id":"https:\/\/solidscontrolworld.com\/product\/shale-shaker\/#breadcrumb"},"inLanguage":"pt-BR","potentialAction":[{"@type":"ReadAction","target":["https:\/\/solidscontrolworld.com\/product\/shale-shaker\/"]}]},{"@type":"ImageObject","inLanguage":"pt-BR","@id":"https:\/\/solidscontrolworld.com\/product\/shale-shaker\/#primaryimage","url":"https:\/\/solidscontrolworld.com\/wp-content\/uploads\/2021\/05\/shale-shaker-300x300-1.jpg","contentUrl":"https:\/\/solidscontrolworld.com\/wp-content\/uploads\/2021\/05\/shale-shaker-300x300-1.jpg","width":300,"height":300,"caption":"solids control equipment manufacturer"},{"@type":"BreadcrumbList","@id":"https:\/\/solidscontrolworld.com\/product\/shale-shaker\/#breadcrumb","itemListElement":[{"@type":"ListItem","position":1,"name":"Home","item":"https:\/\/solidscontrolworld.com\/"},{"@type":"ListItem","position":2,"name":"Products","item":"https:\/\/solidscontrolworld.com\/shop\/"},{"@type":"ListItem","position":3,"name":"Shale shaker"}]},{"@type":"WebSite","@id":"https:\/\/solidscontrolworld.com\/#website","url":"https:\/\/solidscontrolworld.com\/","name":"Mundo de controle de s\u00f3lidos","description":"","publisher":{"@id":"https:\/\/solidscontrolworld.com\/#\/schema\/person\/2c126362537c0f0e6d4a8dfba9fc68b0"},"potentialAction":[{"@type":"SearchAction","target":{"@type":"EntryPoint","urlTemplate":"https:\/\/solidscontrolworld.com\/?s={search_term_string}"},"query-input":{"@type":"PropertyValueSpecification","valueRequired":true,"valueName":"search_term_string"}}],"inLanguage":"pt-BR"},{"@type":["Person","Organization"],"@id":"https:\/\/solidscontrolworld.com\/#\/schema\/person\/2c126362537c0f0e6d4a8dfba9fc68b0","name":"mundo de controle de s\u00f3lidos","logo":{"@id":"https:\/\/solidscontrolworld.com\/#\/schema\/person\/image\/"},"sameAs":["https:\/\/solidscontrolworld.com"]}]}},"_links":{"self":[{"href":"https:\/\/solidscontrolworld.com\/pt\/wp-json\/wp\/v2\/product\/1387","targetHints":{"allow":["GET"]}}],"collection":[{"href":"https:\/\/solidscontrolworld.com\/pt\/wp-json\/wp\/v2\/product"}],"about":[{"href":"https:\/\/solidscontrolworld.com\/pt\/wp-json\/wp\/v2\/types\/product"}],"replies":[{"embeddable":true,"href":"https:\/\/solidscontrolworld.com\/pt\/wp-json\/wp\/v2\/comments?post=1387"}],"version-history":[{"count":0,"href":"https:\/\/solidscontrolworld.com\/pt\/wp-json\/wp\/v2\/product\/1387\/revisions"}],"wp:featuredmedia":[{"embeddable":true,"href":"https:\/\/solidscontrolworld.com\/pt\/wp-json\/wp\/v2\/media\/1388"}],"wp:attachment":[{"href":"https:\/\/solidscontrolworld.com\/pt\/wp-json\/wp\/v2\/media?parent=1387"}],"wp:term":[{"taxonomy":"product_brand","embeddable":true,"href":"https:\/\/solidscontrolworld.com\/pt\/wp-json\/wp\/v2\/product_brand?post=1387"},{"taxonomy":"product_cat","embeddable":true,"href":"https:\/\/solidscontrolworld.com\/pt\/wp-json\/wp\/v2\/product_cat?post=1387"},{"taxonomy":"product_tag","embeddable":true,"href":"https:\/\/solidscontrolworld.com\/pt\/wp-json\/wp\/v2\/product_tag?post=1387"}],"curies":[{"name":"wp","href":"https:\/\/api.w.org\/{rel}","templated":true}]}}