{"id":1392,"date":"2021-05-05T13:50:25","date_gmt":"2021-05-05T13:50:25","guid":{"rendered":"https:\/\/solidscontrolworld.com\/?post_type=product&#038;p=1392"},"modified":"2025-12-02T09:25:59","modified_gmt":"2025-12-02T09:25:59","slug":"desgaseificador-a-vacuo","status":"publish","type":"product","link":"https:\/\/solidscontrolworld.com\/pt\/product\/desgaseificador-a-vacuo\/","title":{"rendered":"Desgaseificador a v\u00e1cuo"},"content":{"rendered":"<table border=\"0\" width=\"708\" cellspacing=\"0\" cellpadding=\"0\">\n<tbody>\n<tr>\n<td class=\"kso0\" width=\"129\">Modelo<\/td>\n<td class=\"kso1\" width=\"144\">ABZCQ240<\/td>\n<td class=\"kso2\" width=\"144\">ABZCQ270<\/td>\n<td class=\"kso3\" width=\"144\">ABZCQ300<\/td>\n<td class=\"kso4\" width=\"144\">ABZCQ360<\/td>\n<\/tr>\n<tr>\n<td class=\"kso5\" width=\"129\">Di\u00e2metro principal<\/td>\n<td class=\"kso6\" width=\"144\">700 mm<\/td>\n<td class=\"kso7\" width=\"144\">800 mm<\/td>\n<td class=\"kso8\" width=\"144\">900 mm<\/td>\n<td class=\"kso9\" width=\"144\">1000 mm<\/td>\n<\/tr>\n<tr>\n<td class=\"kso10\" width=\"129\">Capacidade<\/td>\n<td class=\"kso11\" width=\"144\">\u2264240m3\/h<\/td>\n<td class=\"kso12\" width=\"144\">\u2264270m3\/h<\/td>\n<td class=\"kso13\" width=\"144\">\u226400m3\/h<\/td>\n<td class=\"kso14\" width=\"144\">\u2264360m3\/h<\/td>\n<\/tr>\n<tr>\n<td class=\"kso15\" width=\"129\">V\u00e1cuo<\/td>\n<td class=\"kso16\" width=\"144\">0,030-0,050 Mpa<\/td>\n<td class=\"kso17\" width=\"144\">0,030~0,050 Mpa<\/td>\n<td class=\"kso18\" width=\"144\">0,030~0,050 Mpa<\/td>\n<td class=\"kso19\" width=\"144\">0,040~0,065 Mpa<\/td>\n<\/tr>\n<tr>\n<td class=\"kso20\" width=\"129\">Raz\u00e3o<\/td>\n<td class=\"kso21\" width=\"144\">1.68<\/td>\n<td class=\"kso22\" width=\"144\">1.68<\/td>\n<td class=\"kso23\" width=\"144\">1.68<\/td>\n<td class=\"kso24\" width=\"144\">1.72<\/td>\n<\/tr>\n<tr>\n<td class=\"kso25\" width=\"129\">Efici\u00eancia<\/td>\n<td class=\"kso26\" width=\"144\">\u226595%<\/td>\n<td class=\"kso27\" width=\"144\">\u226595%<\/td>\n<td class=\"kso28\" width=\"144\">\u226595%<\/td>\n<td class=\"kso29\" width=\"144\">\u226595%<\/td>\n<\/tr>\n<tr>\n<td class=\"kso30\" width=\"129\">Pot\u00eancia do motor<\/td>\n<td class=\"kso31\" width=\"144\">15 kW<\/td>\n<td class=\"kso32\" width=\"144\">22 kW<\/td>\n<td class=\"kso33\" width=\"144\">30 kW<\/td>\n<td class=\"kso34\" width=\"144\">37 kW<\/td>\n<\/tr>\n<tr>\n<td class=\"kso35\" width=\"129\">Poder de v\u00e1cuo<\/td>\n<td class=\"kso36\" width=\"144\">2,2 kW<\/td>\n<td class=\"kso37\" width=\"144\">3 kW<\/td>\n<td class=\"kso38\" width=\"144\">7,5 kW<\/td>\n<td class=\"kso39\" width=\"144\">7,5 kW<\/td>\n<\/tr>\n<tr>\n<td class=\"kso40\" width=\"129\">Velocidade rotativa<\/td>\n<td class=\"kso41\" width=\"144\">870 rpm<\/td>\n<td class=\"kso42\" width=\"144\">870 rpm<\/td>\n<td class=\"kso43\" width=\"144\">870 rpm<\/td>\n<td class=\"kso44\" width=\"144\">880 rpm<\/td>\n<\/tr>\n<tr>\n<td class=\"kso45\" width=\"129\">Dimens\u00e3o<\/td>\n<td class=\"kso46\" width=\"144\">1820x1025x1500<\/td>\n<td class=\"kso47\" width=\"144\">2000x1000x1670<\/td>\n<td class=\"kso48\" width=\"144\">2400x1200x1850<\/td>\n<td class=\"kso49\" width=\"144\">2400x1500x1850<\/td>\n<\/tr>\n<tr>\n<td class=\"kso50\" width=\"129\">Peso<\/td>\n<td class=\"kso51\" width=\"144\">1000 kg<\/td>\n<td class=\"kso52\" width=\"144\">1350 kg<\/td>\n<td class=\"kso53\" width=\"144\">1720 kg<\/td>\n<td class=\"kso54\" width=\"144\">1800 kg<\/td>\n<\/tr>\n<tr>\n<td class=\"kso55\" width=\"129\">Aprova\u00e7\u00f5es<\/td>\n<td class=\"kso56\" colspan=\"4\" width=\"579\">UL\/ATEX\/BV\/IADC\/JAS-ANZ ISO 9001:2015\/CE<\/td>\n<\/tr>\n<\/tbody>\n<\/table>\n<p>&nbsp;<\/p>\n<p>&nbsp;<\/p>\n<h3>Mantenha a lama de perfura\u00e7\u00e3o limpa e segura.<\/h3>\n<p>Um desgaseificador a v\u00e1cuo \u00e9 um equipamento fundamental para o controle de s\u00f3lidos. Ele remove gases perigosos aprisionados no fluido de perfura\u00e7\u00e3o, ou &quot;lama&quot;. Esses gases podem causar influxos ou at\u00e9 mesmo explos\u00f5es. O mecanismo de a\u00e7\u00e3o consiste na cria\u00e7\u00e3o de um forte v\u00e1cuo dentro do tanque. Esse v\u00e1cuo faz com que os gases nocivos saiam da lama, tornando o processo de perfura\u00e7\u00e3o muito mais seguro para todos os trabalhadores da plataforma.<\/p>\n<h4>Como funciona a desgaseifica\u00e7\u00e3o a v\u00e1cuo<\/h4>\n<p>O processo \u00e9 simples, por\u00e9m eficaz. A lama flui para o tanque de desgaseifica\u00e7\u00e3o. Um forte v\u00e1cuo reduz a press\u00e3o interna. Isso faz com que os gases aprisionados, como metano ou sulfeto de hidrog\u00eanio, se separem do l\u00edquido. Eles borbulham e escapam. A lama limpa e desgaseificada \u00e9 ent\u00e3o bombeada de volta para o sistema, pronta para ser reutilizada. Este \u00e9 o princ\u00edpio b\u00e1sico da desgaseifica\u00e7\u00e3o a v\u00e1cuo.<\/p>\n<h4>Uma m\u00e1quina confi\u00e1vel para sua plataforma de perfura\u00e7\u00e3o.<\/h4>\n<p>Nosso desgaseificador a v\u00e1cuo \u00e9 robusto e ideal para uso em campo. Fabricado de acordo com os rigorosos padr\u00f5es da API, priorizamos um design simples e dur\u00e1vel. Isso significa que ele funciona quando voc\u00ea precisa e \u00e9 f\u00e1cil de consertar. Tamb\u00e9m constru\u00edmos unidades personalizadas para se adequarem \u00e0 sua configura\u00e7\u00e3o e espa\u00e7o espec\u00edficos.<\/p>\n<p>Na Solids Control World, constru\u00edmos equipamentos robustos e confi\u00e1veis para sua equipe. H\u00e1 mais de 13 anos, somos um parceiro de confian\u00e7a em locais de perfura\u00e7\u00e3o no mundo todo. Voc\u00ea pode contar conosco.<\/p>","protected":false},"excerpt":{"rendered":"<h3 class=\"widgettitle\">ESCRIT\u00d3RIO<\/h3>\n<div class=\"textwidget\">\n<p><strong>Endere\u00e7o<\/strong><br \/>\n10800 West Pico Boulevard<br \/>\nLos Angeles, EUA<\/p>\n<p><strong>Contato<\/strong><br \/>\noffice@en-co.com<br \/>\n555-3587 347<\/p>\n<p><strong>Hor\u00e1rio de funcionamento:<\/strong><br \/>\nSeg-Sex: 8:00-19:00<br \/>\nS\u00e1b: 8:00-14:00<br \/>\nEnt\u00e3o: fechado<\/p>\n<\/div>","protected":false},"featured_media":1393,"comment_status":"open","ping_status":"closed","template":"","meta":{"_seopress_robots_primary_cat":"none","_seopress_titles_title":"","_seopress_titles_desc":"","_seopress_robots_index":""},"product_brand":[],"product_cat":[57],"product_tag":[],"class_list":{"0":"post-1392","1":"product","2":"type-product","3":"status-publish","4":"has-post-thumbnail","6":"product_cat-solids-control-equipments","8":"first","9":"instock","10":"shipping-taxable","11":"product-type-simple"},"yoast_head":"<!-- This site is optimized with the Yoast SEO plugin v25.1 - https:\/\/yoast.com\/wordpress\/plugins\/seo\/ -->\n<title>Vacuum Degasser for Drilling | Solids Control World<\/title>\n<meta name=\"description\" content=\"Solids Control World supplies vacuum degassers to remove gases from drilling mud, ensuring safer operations with high efficiency and reliable performance.\" \/>\n<meta name=\"robots\" content=\"index, follow, max-snippet:-1, max-image-preview:large, max-video-preview:-1\" \/>\n<link rel=\"canonical\" href=\"https:\/\/solidscontrolworld.com\/pt\/product\/desgaseificador-a-vacuo\/\" \/>\n<meta property=\"og:locale\" content=\"pt_BR\" \/>\n<meta property=\"og:type\" content=\"article\" \/>\n<meta property=\"og:title\" content=\"Vacuum Degasser for Drilling | Solids Control World\" \/>\n<meta property=\"og:description\" content=\"Solids Control World supplies vacuum degassers to remove gases from drilling mud, ensuring safer operations with high efficiency and reliable performance.\" \/>\n<meta property=\"og:url\" content=\"https:\/\/solidscontrolworld.com\/pt\/product\/desgaseificador-a-vacuo\/\" \/>\n<meta property=\"og:site_name\" content=\"Solids Control World\" \/>\n<meta property=\"article:modified_time\" content=\"2025-12-02T09:25:59+00:00\" \/>\n<meta property=\"og:image\" content=\"http:\/\/solidscontrolworld.com\/wp-content\/uploads\/2021\/05\/vacuum-degasser5-1-300x192-1.jpg\" \/>\n\t<meta property=\"og:image:width\" content=\"300\" \/>\n\t<meta property=\"og:image:height\" content=\"192\" \/>\n\t<meta property=\"og:image:type\" content=\"image\/jpeg\" \/>\n<meta name=\"twitter:card\" content=\"summary_large_image\" \/>\n<meta name=\"twitter:label1\" content=\"Est. tempo de leitura\" \/>\n\t<meta name=\"twitter:data1\" content=\"2 minutos\" \/>\n<!-- \/ Yoast SEO plugin. -->","yoast_head_json":{"title":"Desgaseificador a V\u00e1cuo para Perfura\u00e7\u00e3o | Solids Control World","description":"A Solids Control World fornece desgaseificadores a v\u00e1cuo para remover gases da lama de perfura\u00e7\u00e3o, garantindo opera\u00e7\u00f5es mais seguras com alta efici\u00eancia e desempenho confi\u00e1vel.","robots":{"index":"index","follow":"follow","max-snippet":"max-snippet:-1","max-image-preview":"max-image-preview:large","max-video-preview":"max-video-preview:-1"},"canonical":"https:\/\/solidscontrolworld.com\/pt\/product\/desgaseificador-a-vacuo\/","og_locale":"pt_BR","og_type":"article","og_title":"Vacuum Degasser for Drilling | Solids Control World","og_description":"Solids Control World supplies vacuum degassers to remove gases from drilling mud, ensuring safer operations with high efficiency and reliable performance.","og_url":"https:\/\/solidscontrolworld.com\/pt\/product\/desgaseificador-a-vacuo\/","og_site_name":"Solids Control World","article_modified_time":"2025-12-02T09:25:59+00:00","og_image":[{"width":300,"height":192,"url":"http:\/\/solidscontrolworld.com\/wp-content\/uploads\/2021\/05\/vacuum-degasser5-1-300x192-1.jpg","type":"image\/jpeg"}],"twitter_card":"summary_large_image","twitter_misc":{"Est. tempo de leitura":"2 minutos"},"schema":{"@context":"https:\/\/schema.org","@graph":[{"@type":"WebPage","@id":"https:\/\/solidscontrolworld.com\/product\/vacuum-degasser\/","url":"https:\/\/solidscontrolworld.com\/product\/vacuum-degasser\/","name":"Desgaseificador a V\u00e1cuo para Perfura\u00e7\u00e3o | Solids Control World","isPartOf":{"@id":"https:\/\/solidscontrolworld.com\/#website"},"primaryImageOfPage":{"@id":"https:\/\/solidscontrolworld.com\/product\/vacuum-degasser\/#primaryimage"},"image":{"@id":"https:\/\/solidscontrolworld.com\/product\/vacuum-degasser\/#primaryimage"},"thumbnailUrl":"https:\/\/solidscontrolworld.com\/wp-content\/uploads\/2021\/05\/vacuum-degasser5-1-300x192-1.jpg","datePublished":"2021-05-05T13:50:25+00:00","dateModified":"2025-12-02T09:25:59+00:00","description":"A Solids Control World fornece desgaseificadores a v\u00e1cuo para remover gases da lama de perfura\u00e7\u00e3o, garantindo opera\u00e7\u00f5es mais seguras com alta efici\u00eancia e desempenho confi\u00e1vel.","breadcrumb":{"@id":"https:\/\/solidscontrolworld.com\/product\/vacuum-degasser\/#breadcrumb"},"inLanguage":"pt-BR","potentialAction":[{"@type":"ReadAction","target":["https:\/\/solidscontrolworld.com\/product\/vacuum-degasser\/"]}]},{"@type":"ImageObject","inLanguage":"pt-BR","@id":"https:\/\/solidscontrolworld.com\/product\/vacuum-degasser\/#primaryimage","url":"https:\/\/solidscontrolworld.com\/wp-content\/uploads\/2021\/05\/vacuum-degasser5-1-300x192-1.jpg","contentUrl":"https:\/\/solidscontrolworld.com\/wp-content\/uploads\/2021\/05\/vacuum-degasser5-1-300x192-1.jpg","width":300,"height":192,"caption":"solids control equipment manufacturer"},{"@type":"BreadcrumbList","@id":"https:\/\/solidscontrolworld.com\/product\/vacuum-degasser\/#breadcrumb","itemListElement":[{"@type":"ListItem","position":1,"name":"Home","item":"https:\/\/solidscontrolworld.com\/"},{"@type":"ListItem","position":2,"name":"Products","item":"https:\/\/solidscontrolworld.com\/shop\/"},{"@type":"ListItem","position":3,"name":"Vacuum degasser"}]},{"@type":"WebSite","@id":"https:\/\/solidscontrolworld.com\/#website","url":"https:\/\/solidscontrolworld.com\/","name":"Mundo de controle de s\u00f3lidos","description":"","publisher":{"@id":"https:\/\/solidscontrolworld.com\/#\/schema\/person\/2c126362537c0f0e6d4a8dfba9fc68b0"},"potentialAction":[{"@type":"SearchAction","target":{"@type":"EntryPoint","urlTemplate":"https:\/\/solidscontrolworld.com\/?s={search_term_string}"},"query-input":{"@type":"PropertyValueSpecification","valueRequired":true,"valueName":"search_term_string"}}],"inLanguage":"pt-BR"},{"@type":["Person","Organization"],"@id":"https:\/\/solidscontrolworld.com\/#\/schema\/person\/2c126362537c0f0e6d4a8dfba9fc68b0","name":"mundo de controle de s\u00f3lidos","logo":{"@id":"https:\/\/solidscontrolworld.com\/#\/schema\/person\/image\/"},"sameAs":["https:\/\/solidscontrolworld.com"]}]}},"_links":{"self":[{"href":"https:\/\/solidscontrolworld.com\/pt\/wp-json\/wp\/v2\/product\/1392","targetHints":{"allow":["GET"]}}],"collection":[{"href":"https:\/\/solidscontrolworld.com\/pt\/wp-json\/wp\/v2\/product"}],"about":[{"href":"https:\/\/solidscontrolworld.com\/pt\/wp-json\/wp\/v2\/types\/product"}],"replies":[{"embeddable":true,"href":"https:\/\/solidscontrolworld.com\/pt\/wp-json\/wp\/v2\/comments?post=1392"}],"version-history":[{"count":7,"href":"https:\/\/solidscontrolworld.com\/pt\/wp-json\/wp\/v2\/product\/1392\/revisions"}],"predecessor-version":[{"id":12402,"href":"https:\/\/solidscontrolworld.com\/pt\/wp-json\/wp\/v2\/product\/1392\/revisions\/12402"}],"wp:featuredmedia":[{"embeddable":true,"href":"https:\/\/solidscontrolworld.com\/pt\/wp-json\/wp\/v2\/media\/1393"}],"wp:attachment":[{"href":"https:\/\/solidscontrolworld.com\/pt\/wp-json\/wp\/v2\/media?parent=1392"}],"wp:term":[{"taxonomy":"product_brand","embeddable":true,"href":"https:\/\/solidscontrolworld.com\/pt\/wp-json\/wp\/v2\/product_brand?post=1392"},{"taxonomy":"product_cat","embeddable":true,"href":"https:\/\/solidscontrolworld.com\/pt\/wp-json\/wp\/v2\/product_cat?post=1392"},{"taxonomy":"product_tag","embeddable":true,"href":"https:\/\/solidscontrolworld.com\/pt\/wp-json\/wp\/v2\/product_tag?post=1392"}],"curies":[{"name":"wp","href":"https:\/\/api.w.org\/{rel}","templated":true}]}}