{"id":1394,"date":"2021-05-05T13:54:01","date_gmt":"2021-05-05T13:54:01","guid":{"rendered":"https:\/\/solidscontrolworld.com\/?post_type=product&#038;p=1394"},"modified":"2024-10-24T13:58:43","modified_gmt":"2024-10-24T13:58:43","slug":"limpador-de-lama","status":"publish","type":"product","link":"https:\/\/solidscontrolworld.com\/pt\/product\/limpador-de-lama\/","title":{"rendered":"Limpador de lama"},"content":{"rendered":"<div class=\"flex_column av_one_full flex_column_div av-zero-column-padding first avia-builder-el-3 el_after_av_one_full el_before_av_textblock column-top-margin\">\n<section class=\"av_textblock_section\">\n<div class=\"avia_textblock\">\n<table border=\"0\" width=\"1037\" cellspacing=\"0\" cellpadding=\"0\">\n<tbody>\n<tr>\n<td class=\"kso0\" width=\"239\">Modelo<\/td>\n<td class=\"kso1\" width=\"181\">ABZJ85-1S8N<\/td>\n<td class=\"kso2\" width=\"205\">ABZJ70-3S16N<\/td>\n<td class=\"kso3\" width=\"205\">ABZJ70-3S<\/td>\n<td class=\"kso4\" width=\"205\">ABZJ70-16N<\/td>\n<\/tr>\n<tr>\n<td class=\"kso5\" width=\"239\">Capacidade<\/td>\n<td class=\"kso6\" width=\"181\">120 m3\/h (528 GPM)<\/td>\n<td class=\"kso7\" width=\"205\">\u2264360m3\/h (1584GPM)<\/td>\n<td class=\"kso8\" width=\"205\">\u2264360m3\/h (1584GPM)<\/td>\n<td class=\"kso9\" width=\"205\">\u2264360m3\/h (1584GPM)<\/td>\n<\/tr>\n<tr>\n<td class=\"kso10\" width=\"239\">Shaker combinando<\/td>\n<td class=\"kso11\" width=\"181\">BWZS85-2P<\/td>\n<td class=\"kso12\" width=\"205\">BWZS70-3P<\/td>\n<td class=\"kso13\" width=\"205\">BWZS70-3P<\/td>\n<td class=\"kso14\" width=\"205\">BWZS70-3P<\/td>\n<\/tr>\n<tr>\n<td class=\"kso15\" width=\"239\">Hidraciclones D-SANDER<\/td>\n<td class=\"kso16\" width=\"181\">1\u00d710\u2032 (250 mm)<\/td>\n<td class=\"kso17\" width=\"205\">3\u00d710\u2033 (250 mm)<\/td>\n<td class=\"kso18\" width=\"205\">3\u00d710\u2033 (250 mm)<\/td>\n<td class=\"kso19\" width=\"205\">N \/ D<\/td>\n<\/tr>\n<tr>\n<td class=\"kso20\" width=\"239\">Hidraciclones D-SILTER<\/td>\n<td class=\"kso21\" width=\"181\">8\u00d74\u2033(100 mm)<\/td>\n<td class=\"kso22\" width=\"205\">16\u00d74\u2033 (100 mm)<\/td>\n<td class=\"kso23\" width=\"205\">N \/ D<\/td>\n<td class=\"kso24\" width=\"205\">16\u00d74\u2033 (100 mm)<\/td>\n<\/tr>\n<tr>\n<td class=\"kso25\" width=\"239\">Bomba de Combina\u00e7\u00e3o<\/td>\n<td class=\"kso26\" width=\"181\">30 kW (40 cv)<\/td>\n<td class=\"kso27\" width=\"205\">75 kW (100 cv)<\/td>\n<td class=\"kso28\" width=\"205\">75 kW (100 cv)<\/td>\n<td class=\"kso29\" width=\"205\">75 kW (100 cv)<\/td>\n<\/tr>\n<tr>\n<td class=\"kso30\" width=\"239\">Motores classificados<\/td>\n<td class=\"kso31\" width=\"181\">1,0 kW (1,35 cv)<\/td>\n<td class=\"kso32\" width=\"205\">1,5 kW (2,0 cv)<\/td>\n<td class=\"kso33\" width=\"205\">1,5 kW (2,0 cv)<\/td>\n<td class=\"kso34\" width=\"205\">1,5 kW (2,0 cv)<\/td>\n<\/tr>\n<tr>\n<td class=\"kso35\" width=\"239\">Sa\u00edda<\/td>\n<td class=\"kso36\" width=\"181\">x2 (OLI)<\/td>\n<td class=\"kso37\" width=\"205\">x2 (OLI)<\/td>\n<td class=\"kso38\" width=\"205\">x2(OLI)<\/td>\n<td class=\"kso39\" width=\"205\">x2 (OLI)<\/td>\n<\/tr>\n<tr>\n<td class=\"kso40\" width=\"239\">For\u00e7a de sa\u00edda<\/td>\n<td class=\"kso41\" width=\"181\">\u22647,0 Gs<\/td>\n<td class=\"kso42\" width=\"205\">\u22647,5 Gs<\/td>\n<td class=\"kso43\" width=\"205\">\u22647,5 Gs<\/td>\n<td class=\"kso44\" width=\"205\">\u22647,5 Gs<\/td>\n<\/tr>\n<tr>\n<td class=\"kso45\" width=\"239\">Temperatura de opera\u00e7\u00e3o<\/td>\n<td class=\"kso46\" width=\"181\">30\u00b0C (86\u00b0F)<\/td>\n<td class=\"kso47\" width=\"205\">30\u00b0C (86\u00b0F)<\/td>\n<td class=\"kso48\" width=\"205\">30\u00b0C (86\u00b0F)<\/td>\n<td class=\"kso49\" width=\"205\">30\u00b0C (86\u00b0F)<\/td>\n<\/tr>\n<tr>\n<td class=\"kso50\" rowspan=\"2\" width=\"239\" height=\"39\">Faixa de design<\/td>\n<td class=\"kso51\" width=\"181\">-40-50\u2103<\/td>\n<td class=\"kso52\" width=\"205\">-40-50\u2103<\/td>\n<td class=\"kso53\" width=\"205\">-40-50\u2103<\/td>\n<td class=\"kso54\" width=\"205\">-40-50\u2103<\/td>\n<\/tr>\n<tr>\n<td class=\"kso56\" width=\"181\">(-40-122\u00b0F)<\/td>\n<td class=\"kso57\" width=\"205\">(-40-122\u00b0F)<\/td>\n<td class=\"kso58\" width=\"205\">(-40-122\u00b0F)<\/td>\n<td class=\"kso59\" width=\"205\">(-40-122\u00b0F)<\/td>\n<\/tr>\n<tr>\n<td class=\"kso60\" width=\"239\">Data do ru\u00eddo<\/td>\n<td class=\"kso61\" width=\"181\">75-85 dBA<\/td>\n<td class=\"kso62\" width=\"205\">75-85 dBA<\/td>\n<td class=\"kso63\" width=\"205\">75-85 dBA<\/td>\n<td class=\"kso64\" width=\"205\">75-85 dBA<\/td>\n<\/tr>\n<tr>\n<td class=\"kso65\" width=\"239\">Ajuste do conv\u00e9s<\/td>\n<td class=\"kso66\" width=\"181\">-1\u00b0-+3\u00b0<\/td>\n<td class=\"kso67\" width=\"205\">-1\u00b0-+5\u00b0<\/td>\n<td class=\"kso68\" width=\"205\">-1\u00b0-+5\u00b0<\/td>\n<td class=\"kso69\" width=\"205\">-1\u00b0-+5\u00b0<\/td>\n<\/tr>\n<tr>\n<td class=\"kso70\" width=\"239\">Material da tela<\/td>\n<td class=\"kso71\" width=\"181\">Estrutura de metal<\/td>\n<td class=\"kso72\" width=\"205\">Estrutura de metal<\/td>\n<td class=\"kso73\" width=\"205\">Estrutura de metal<\/td>\n<td class=\"kso74\" width=\"205\">Estrutura de metal<\/td>\n<\/tr>\n<tr>\n<td class=\"kso75\" width=\"239\">Tamanho da tela<\/td>\n<td class=\"kso76\" width=\"181\">850\u00d71250 mm<\/td>\n<td class=\"kso77\" width=\"205\">700\u00d71250 mm<\/td>\n<td class=\"kso78\" width=\"205\">700\u00d71250 mm<\/td>\n<td class=\"kso79\" width=\"205\">700\u00d71250 mm<\/td>\n<\/tr>\n<tr>\n<td class=\"kso80\" width=\"239\">Qtd. de tela<\/td>\n<td class=\"kso81\" width=\"181\">2 pe\u00e7as<\/td>\n<td class=\"kso82\" width=\"205\">3 pe\u00e7as<\/td>\n<td class=\"kso83\" width=\"205\">3 pe\u00e7as<\/td>\n<td class=\"kso84\" width=\"205\">3 pe\u00e7as<\/td>\n<\/tr>\n<tr>\n<td class=\"kso85\" width=\"239\">\u00c1rea de filtragem<\/td>\n<td class=\"kso86\" width=\"181\">2,1 m\u00b2 (23,5 p\u00e9s\u00b2)<\/td>\n<td class=\"kso87\" width=\"205\">2,62 m\u00b2 (29,2 p\u00e9s\u00b2)<\/td>\n<td class=\"kso88\" width=\"205\">2,62 m\u00b2 (29,2 p\u00e9s\u00b2)<\/td>\n<td class=\"kso89\" width=\"205\">2,62 m\u00b2 (29,2 p\u00e9s\u00b2)<\/td>\n<\/tr>\n<tr>\n<td class=\"kso90\" width=\"239\">Tela de malha<\/td>\n<td class=\"kso91\" width=\"181\">API 120\/150\/175<\/td>\n<td class=\"kso92\" width=\"205\">API 120\/150\/175<\/td>\n<td class=\"kso93\" width=\"205\">API 120\/150\/175<\/td>\n<td class=\"kso94\" width=\"205\">API 120\/175\/200<\/td>\n<\/tr>\n<tr>\n<td class=\"kso95\" width=\"239\">Peso<\/td>\n<td class=\"kso96\" width=\"181\">1580 kg<\/td>\n<td class=\"kso97\" width=\"205\">2230 kg<\/td>\n<td class=\"kso98\" width=\"205\">2300 kg<\/td>\n<td class=\"kso99\" width=\"205\">2260 kg<\/td>\n<\/tr>\n<tr>\n<td class=\"kso100\" width=\"239\">Dimens\u00e3o<\/td>\n<td class=\"kso101\" width=\"181\">1975x1884x1585<\/td>\n<td class=\"kso102\" width=\"205\">2403x1965x2240<\/td>\n<td class=\"kso103\" width=\"205\">2540x1950x2250<\/td>\n<td class=\"kso104\" width=\"205\">2540x1950x2000<\/td>\n<\/tr>\n<tr>\n<td class=\"kso105\" width=\"239\">Tens\u00e3o<\/td>\n<td class=\"kso106\" colspan=\"4\" width=\"797\">220-240 V\/ 50 Hz, 380-415 V\/ 50 Hz, 440-480 V\/ 60 Hz, 575-600 V\/ 60 Hz<\/td>\n<\/tr>\n<tr>\n<td class=\"kso110\" width=\"239\">Aprova\u00e7\u00f5es<\/td>\n<td class=\"kso111\" colspan=\"4\" width=\"797\">UL\/ATEX\/BV\/IADC\/JAS-ANZ ISO 9001:2015\/CE<\/td>\n<\/tr>\n<tr>\n<td class=\"kso115\" width=\"239\">Observa\u00e7\u00e3o<\/td>\n<td class=\"kso116\" colspan=\"4\" width=\"797\">Hidracilcone D-SANDER de 10\u2033: 90-120 m3\/h (396-528 GPM) Hidracilcone D-SILTER de 4\u2033: 15-20 m3\/h (66-88 GPM)<\/td>\n<\/tr>\n<\/tbody>\n<\/table>\n<\/div>\n<\/section>\n<\/div>\n<section class=\"av_textblock_section\">\n<div class=\"avia_textblock\">\n<h2>LIMPADOR DE LAMA DA SOLIDS CONTROL WORLD<\/h2>\n<p>Um limpador de lama \u00e9 um dispositivo vers\u00e1til usado para separar grandes componentes s\u00f3lidos e outros materiais de polpa da lama perfurada. Neste artigo, falaremos sobre o limpador de lama da Solids Control World.<\/p>\n<h2>CARACTER\u00cdSTICAS DO LIMPADOR DE LAMA<\/h2>\n<p>O Limpador de Lama da Solids Control World oferece muitos recursos. Alguns dos mais importantes est\u00e3o destacados abaixo.<\/p>\n<h3>Faixa de Design Eficiente<\/h3>\n<p>Este limpador de lama est\u00e1 dispon\u00edvel em diferentes faixas de design. Normalmente, essas faixas ficam entre -40 e 50 \u00b0C. Faixas como essas tornam este limpador de lama mais eficiente e oferecem versatilidade em todas as situa\u00e7\u00f5es.<\/p>\n<h3>\u00a0Confi\u00e1vel<\/h3>\n<p>Os motores deste limpador de lama s\u00e3o de marca e aprovados pela UL\/ATEX\/BV\/IADC\/JAS-ANZ. Aprova\u00e7\u00f5es e certifica\u00e7\u00f5es de empresas de renome como estas tornam este limpador de lama uma escolha confi\u00e1vel.<\/p>\n<h3>\u00a0Tamanho de malha adequado<\/h3>\n<p>Este limpador de lama est\u00e1 dispon\u00edvel em diversos modelos, cada um com seu pr\u00f3prio tamanho de malha de tela. Essas malhas variam de API 120\/150\/175 a API 120\/175\/200. Esta \u00e9 uma das caracter\u00edsticas mais importantes deste limpador de lama, pois permite obter malhas muito mais finas e precisas. Al\u00e9m disso, essas contagens de malha ajudam a evitar a expans\u00e3o redundante e a quebra da tela. Tamanhos de malha como esses tamb\u00e9m permitem que o processo de perfura\u00e7\u00e3o e filtragem de lama seja realizado de forma mais eficaz e eficiente.<\/p>\n<h2>BENEF\u00cdCIOS DO LIMPADOR DE LAMA<\/h2>\n<p>H\u00e1 v\u00e1rios benef\u00edcios deste limpador da Solids Control World, dos quais alguns dos mais eficazes est\u00e3o listados abaixo.<\/p>\n<h3>Menos ru\u00eddo<\/h3>\n<p>O n\u00edvel de ru\u00eddo deste limpador varia de 75 a 85 dBA. Esta propriedade permite que ele perfure, misture e filtre o fluido de perfura\u00e7\u00e3o silenciosamente. Gra\u00e7as a isso, o processo \u00e9 realizado de forma conveniente, sem causar danos ou perturba\u00e7\u00f5es ao meio ambiente.<\/p>\n<h3>\u00a0Faixa de temperatura operacional perfeita<\/h3>\n<p>Este limpador opera dentro da temperatura de 30 \u00b0C (86 \u00b0F). Isso o torna seguro e desej\u00e1vel para uso. Al\u00e9m disso, essa temperatura \u00e9 perfeitamente alcan\u00e7\u00e1vel, independentemente do ambiente. Portanto, ao usar este limpador de lama, o processo de perfura\u00e7\u00e3o com lama n\u00e3o sofre atrasos.<\/p>\n<h3>\u00a0Bomba de Combina\u00e7\u00e3o<\/h3>\n<p>Este limpador est\u00e1 dispon\u00edvel em diferentes modelos e, com cada modelo, voc\u00ea recebe uma bomba correspondente. Isso permite que o processo de limpeza da lama seja feito de forma mais r\u00e1pida, eficiente e conveniente.<\/p>\n<h3>Conclus\u00e3o<\/h3>\n<p>Se voc\u00ea deseja praticidade e conforto em seus processos de limpeza, perfura\u00e7\u00e3o e filtragem de lama, n\u00e3o deixe de conferir o processo de limpeza de lama da Solids Control World. Confira tamb\u00e9m\u00a0<a href=\"https:\/\/solidscontrolworld.com\/pt\/desander\/\">Desander<\/a>\u00a0da nossa loja.<\/p>\n<\/div>\n<\/section>","protected":false},"excerpt":{"rendered":"<section id=\"text-2\" class=\"widget clearfix widget_text\">\n<h3 class=\"widgettitle\">ESCRIT\u00d3RIO<\/h3>\n<div class=\"textwidget\">\n<p><strong>Endere\u00e7o:<\/strong><\/p>\n<p>Sala 1924, Bloco D, Pra\u00e7a Wanda, cidade de Tangshan, China.<\/p>\n<p><strong>Contato<\/strong><\/p>\n<p>info@solidscontrolworld.com<\/p>\n<p><strong>Telefone:<\/strong><\/p>\n<p>+86-18034158133<\/p>\n<p><strong>Fax:<\/strong><\/p>\n<p>+86-315-7651760<\/p>\n<p>Site: www.solidscontrolworld.com<\/p>\n<p><strong>Hor\u00e1rio de funcionamento:<\/strong><br \/>\nSeg-Sex: 8:00-17:30<\/p>\n<\/div>\n<\/section>","protected":false},"featured_media":1395,"comment_status":"open","ping_status":"closed","template":"","meta":{"_seopress_robots_primary_cat":"none","_seopress_titles_title":"","_seopress_titles_desc":"","_seopress_robots_index":""},"product_brand":[],"product_cat":[57],"product_tag":[],"class_list":{"0":"post-1394","1":"product","2":"type-product","3":"status-publish","4":"has-post-thumbnail","6":"product_cat-solids-control-equipments","8":"first","9":"instock","10":"shipping-taxable","11":"product-type-simple"},"yoast_head":"<!-- This site is optimized with the Yoast SEO plugin v25.1 - https:\/\/yoast.com\/wordpress\/plugins\/seo\/ -->\n<title>Mud cleaner - Solids Control World<\/title>\n<meta name=\"robots\" content=\"index, follow, max-snippet:-1, max-image-preview:large, max-video-preview:-1\" \/>\n<link rel=\"canonical\" href=\"https:\/\/solidscontrolworld.com\/pt\/product\/limpador-de-lama\/\" \/>\n<meta property=\"og:locale\" content=\"pt_BR\" \/>\n<meta property=\"og:type\" content=\"article\" \/>\n<meta property=\"og:title\" content=\"Mud cleaner - Solids Control World\" \/>\n<meta property=\"og:description\" content=\"OFFICE   Address:  Room 1924 ,Block D ,Wanda plaza, Tangshan city,\u00a0 China.  Contact  info@solidscontrolworld.com  Tel:  +86-18034158133  Fax:  +86-315-7651760  Website:www.solidscontrolworld.com  Opening Hours: Mon-Fri: 8:00-17:30\" \/>\n<meta property=\"og:url\" content=\"https:\/\/solidscontrolworld.com\/pt\/product\/limpador-de-lama\/\" \/>\n<meta property=\"og:site_name\" content=\"Solids Control World\" \/>\n<meta property=\"article:modified_time\" content=\"2024-10-24T13:58:43+00:00\" \/>\n<meta property=\"og:image\" content=\"https:\/\/solidscontrolworld.com\/wp-content\/uploads\/2021\/05\/\u7a3f\u5b9a\u8bbe\u8ba1-17-1.png\" \/>\n\t<meta property=\"og:image:width\" content=\"292\" \/>\n\t<meta property=\"og:image:height\" content=\"200\" \/>\n\t<meta property=\"og:image:type\" content=\"image\/png\" \/>\n<meta name=\"twitter:card\" content=\"summary_large_image\" \/>\n<meta name=\"twitter:label1\" content=\"Est. tempo de leitura\" \/>\n\t<meta name=\"twitter:data1\" content=\"3 minutos\" \/>\n<!-- \/ Yoast SEO plugin. -->","yoast_head_json":{"title":"Limpador de lama - Solids Control World","robots":{"index":"index","follow":"follow","max-snippet":"max-snippet:-1","max-image-preview":"max-image-preview:large","max-video-preview":"max-video-preview:-1"},"canonical":"https:\/\/solidscontrolworld.com\/pt\/product\/limpador-de-lama\/","og_locale":"pt_BR","og_type":"article","og_title":"Mud cleaner - Solids Control World","og_description":"OFFICE   Address:  Room 1924 ,Block D ,Wanda plaza, Tangshan city,\u00a0 China.  Contact  info@solidscontrolworld.com  Tel:  +86-18034158133  Fax:  +86-315-7651760  Website:www.solidscontrolworld.com  Opening Hours: Mon-Fri: 8:00-17:30","og_url":"https:\/\/solidscontrolworld.com\/pt\/product\/limpador-de-lama\/","og_site_name":"Solids Control World","article_modified_time":"2024-10-24T13:58:43+00:00","og_image":[{"width":292,"height":200,"url":"https:\/\/solidscontrolworld.com\/wp-content\/uploads\/2021\/05\/\u7a3f\u5b9a\u8bbe\u8ba1-17-1.png","type":"image\/png"}],"twitter_card":"summary_large_image","twitter_misc":{"Est. tempo de leitura":"3 minutos"},"schema":{"@context":"https:\/\/schema.org","@graph":[{"@type":"WebPage","@id":"https:\/\/solidscontrolworld.com\/product\/mud-cleaner\/","url":"https:\/\/solidscontrolworld.com\/product\/mud-cleaner\/","name":"Limpador de lama - Solids Control World","isPartOf":{"@id":"https:\/\/solidscontrolworld.com\/#website"},"primaryImageOfPage":{"@id":"https:\/\/solidscontrolworld.com\/product\/mud-cleaner\/#primaryimage"},"image":{"@id":"https:\/\/solidscontrolworld.com\/product\/mud-cleaner\/#primaryimage"},"thumbnailUrl":"https:\/\/solidscontrolworld.com\/wp-content\/uploads\/2021\/05\/\u7a3f\u5b9a\u8bbe\u8ba1-17-1.png","datePublished":"2021-05-05T13:54:01+00:00","dateModified":"2024-10-24T13:58:43+00:00","breadcrumb":{"@id":"https:\/\/solidscontrolworld.com\/product\/mud-cleaner\/#breadcrumb"},"inLanguage":"pt-BR","potentialAction":[{"@type":"ReadAction","target":["https:\/\/solidscontrolworld.com\/product\/mud-cleaner\/"]}]},{"@type":"ImageObject","inLanguage":"pt-BR","@id":"https:\/\/solidscontrolworld.com\/product\/mud-cleaner\/#primaryimage","url":"https:\/\/solidscontrolworld.com\/wp-content\/uploads\/2021\/05\/\u7a3f\u5b9a\u8bbe\u8ba1-17-1.png","contentUrl":"https:\/\/solidscontrolworld.com\/wp-content\/uploads\/2021\/05\/\u7a3f\u5b9a\u8bbe\u8ba1-17-1.png","width":292,"height":200},{"@type":"BreadcrumbList","@id":"https:\/\/solidscontrolworld.com\/product\/mud-cleaner\/#breadcrumb","itemListElement":[{"@type":"ListItem","position":1,"name":"Home","item":"https:\/\/solidscontrolworld.com\/"},{"@type":"ListItem","position":2,"name":"Products","item":"https:\/\/solidscontrolworld.com\/shop\/"},{"@type":"ListItem","position":3,"name":"Mud cleaner"}]},{"@type":"WebSite","@id":"https:\/\/solidscontrolworld.com\/#website","url":"https:\/\/solidscontrolworld.com\/","name":"Mundo de controle de s\u00f3lidos","description":"","publisher":{"@id":"https:\/\/solidscontrolworld.com\/#\/schema\/person\/2c126362537c0f0e6d4a8dfba9fc68b0"},"potentialAction":[{"@type":"SearchAction","target":{"@type":"EntryPoint","urlTemplate":"https:\/\/solidscontrolworld.com\/?s={search_term_string}"},"query-input":{"@type":"PropertyValueSpecification","valueRequired":true,"valueName":"search_term_string"}}],"inLanguage":"pt-BR"},{"@type":["Person","Organization"],"@id":"https:\/\/solidscontrolworld.com\/#\/schema\/person\/2c126362537c0f0e6d4a8dfba9fc68b0","name":"mundo de controle de s\u00f3lidos","logo":{"@id":"https:\/\/solidscontrolworld.com\/#\/schema\/person\/image\/"},"sameAs":["https:\/\/solidscontrolworld.com"]}]}},"_links":{"self":[{"href":"https:\/\/solidscontrolworld.com\/pt\/wp-json\/wp\/v2\/product\/1394","targetHints":{"allow":["GET"]}}],"collection":[{"href":"https:\/\/solidscontrolworld.com\/pt\/wp-json\/wp\/v2\/product"}],"about":[{"href":"https:\/\/solidscontrolworld.com\/pt\/wp-json\/wp\/v2\/types\/product"}],"replies":[{"embeddable":true,"href":"https:\/\/solidscontrolworld.com\/pt\/wp-json\/wp\/v2\/comments?post=1394"}],"version-history":[{"count":1,"href":"https:\/\/solidscontrolworld.com\/pt\/wp-json\/wp\/v2\/product\/1394\/revisions"}],"predecessor-version":[{"id":11207,"href":"https:\/\/solidscontrolworld.com\/pt\/wp-json\/wp\/v2\/product\/1394\/revisions\/11207"}],"wp:featuredmedia":[{"embeddable":true,"href":"https:\/\/solidscontrolworld.com\/pt\/wp-json\/wp\/v2\/media\/1395"}],"wp:attachment":[{"href":"https:\/\/solidscontrolworld.com\/pt\/wp-json\/wp\/v2\/media?parent=1394"}],"wp:term":[{"taxonomy":"product_brand","embeddable":true,"href":"https:\/\/solidscontrolworld.com\/pt\/wp-json\/wp\/v2\/product_brand?post=1394"},{"taxonomy":"product_cat","embeddable":true,"href":"https:\/\/solidscontrolworld.com\/pt\/wp-json\/wp\/v2\/product_cat?post=1394"},{"taxonomy":"product_tag","embeddable":true,"href":"https:\/\/solidscontrolworld.com\/pt\/wp-json\/wp\/v2\/product_tag?post=1394"}],"curies":[{"name":"wp","href":"https:\/\/api.w.org\/{rel}","templated":true}]}}