{"id":1396,"date":"2021-05-05T13:57:10","date_gmt":"2021-05-05T13:57:10","guid":{"rendered":"https:\/\/solidscontrolworld.com\/?post_type=product&#038;p=1396"},"modified":"2022-08-24T04:55:25","modified_gmt":"2022-08-24T04:55:25","slug":"desander","status":"publish","type":"product","link":"https:\/\/solidscontrolworld.com\/pt\/product\/desander\/","title":{"rendered":"Desander"},"content":{"rendered":"<p>&nbsp;<\/p>\n<div class=\"post-entry post-entry-type-page post-entry-1531\">\n<div class=\"entry-content-wrapper clearfix\">\n<div class=\"flex_column av_one_full flex_column_div av-zero-column-padding first avia-builder-el-3 el_after_av_one_full el_before_av_textblock column-top-margin\">\n<section class=\"av_textblock_section\">\n<div class=\"avia_textblock\">\n<table border=\"0\" width=\"767\" cellspacing=\"0\" cellpadding=\"0\">\n<tbody>\n<tr>\n<td class=\"kso0\" width=\"169\">Modelo<\/td>\n<td class=\"kso1\" width=\"148\">ABZJ101-1S<\/td>\n<td class=\"kso2\" width=\"148\">ABZJ101-2S<\/td>\n<td class=\"kso3\" width=\"150\">ABCSQ250-1S<\/td>\n<td class=\"kso4\" width=\"150\">ABCSQ250-2S<\/td>\n<\/tr>\n<tr>\n<td class=\"kso5\" width=\"169\">Capacidade<\/td>\n<td class=\"kso6\" width=\"148\">\u2264120m3\/h (528GPM)<\/td>\n<td class=\"kso7\" width=\"148\">\u2264240m3\/h (1056GPM)<\/td>\n<td class=\"kso8\" width=\"150\">\u2264120m3\/h (528GPM)<\/td>\n<td class=\"kso9\" width=\"150\">\u2264240m3\/h (1056GPM)<\/td>\n<\/tr>\n<tr>\n<td class=\"kso10\" width=\"169\">Hidraciclones D-SANDER<\/td>\n<td class=\"kso11\" width=\"148\">1\u00d710\u2033 (250 mm)<\/td>\n<td class=\"kso12\" width=\"148\">2\u00d710\u2033 (250 mm)<\/td>\n<td class=\"kso13\" width=\"150\">1\u00d710\u2033 (250 mm)<\/td>\n<td class=\"kso14\" width=\"150\">2\u00d710\u2033 (250 mm)<\/td>\n<\/tr>\n<tr>\n<td class=\"kso15\" width=\"169\">Hidraciclones D-SILTER<\/td>\n<td class=\"kso16\" width=\"148\">N \/ D<\/td>\n<td class=\"kso17\" width=\"148\">N \/ D<\/td>\n<td class=\"kso18\" width=\"150\">N \/ D<\/td>\n<td class=\"kso19\" width=\"150\">N \/ D<\/td>\n<\/tr>\n<tr>\n<td class=\"kso20\" width=\"169\">Bomba de Combina\u00e7\u00e3o<\/td>\n<td class=\"kso21\" width=\"148\">30 kW (40 cv)<\/td>\n<td class=\"kso22\" width=\"148\">55 kW (73 cv)<\/td>\n<td class=\"kso23\" width=\"150\">30 kW (40 cv)<\/td>\n<td class=\"kso24\" width=\"150\">55 kW (73 cv)<\/td>\n<\/tr>\n<tr>\n<td class=\"kso25\" width=\"169\">Sa\u00edda nominal dos motores<\/td>\n<td class=\"kso26\" width=\"148\">0,4 kW (0,53 cv) x2 (OLI)<\/td>\n<td class=\"kso27\" width=\"148\">0,4 kW (0,53 cv) x2 (OLI)<\/td>\n<td class=\"kso28\" width=\"150\">0,4 kW (0,53 cv) X1 (OLI)<\/td>\n<td class=\"kso29\" width=\"150\">0,4 kW (0,53 cv) X1 (OLI)<\/td>\n<\/tr>\n<tr>\n<td class=\"kso30\" width=\"169\">For\u00e7a de sa\u00edda<\/td>\n<td class=\"kso31\" width=\"148\">\u22647,0 Gs<\/td>\n<td class=\"kso32\" width=\"148\">\u22647,0 Gs<\/td>\n<td class=\"kso33\" width=\"150\">\u22646,5 Gs<\/td>\n<td class=\"kso34\" width=\"150\">\u22646,5 Gs<\/td>\n<\/tr>\n<tr>\n<td class=\"kso35\" width=\"169\">Temperatura de opera\u00e7\u00e3o<\/td>\n<td class=\"kso36\" width=\"148\">30\u00b0C (86\u00b0F)<\/td>\n<td class=\"kso37\" width=\"148\">30\u00b0C (86\u00b0F)<\/td>\n<td class=\"kso38\" width=\"150\">30\u00b0C (86\u00b0F)<\/td>\n<td class=\"kso39\" width=\"150\">30\u00b0C (86\u00b0F)<\/td>\n<\/tr>\n<tr>\n<td class=\"kso40\" width=\"169\">Faixa de design<\/td>\n<td class=\"kso41\" width=\"148\">-40-50\u00b0C (-40-122\u00b0F)<\/td>\n<td class=\"kso42\" width=\"148\">-40-50\u00b0C (-40-122\u00b0F)<\/td>\n<td class=\"kso43\" width=\"150\">-40-50\u00b0C (-40-122\u00b0F)<\/td>\n<td class=\"kso44\" width=\"150\">-40-50\u00b0C (-40-122\u00b0F)<\/td>\n<\/tr>\n<tr>\n<td class=\"kso45\" width=\"169\">Dados de ru\u00eddo<\/td>\n<td class=\"kso46\" width=\"148\">75-85 dBA<\/td>\n<td class=\"kso47\" width=\"148\">75-85 dBA<\/td>\n<td class=\"kso48\" width=\"150\">75-85 dBA<\/td>\n<td class=\"kso49\" width=\"150\">75-85 dBA<\/td>\n<\/tr>\n<tr>\n<td class=\"kso50\" width=\"169\">Tamanho da tela<\/td>\n<td class=\"kso51\" width=\"148\">585\u00d71165 mm<\/td>\n<td class=\"kso52\" width=\"148\">585\u00d71165 mm<\/td>\n<td class=\"kso53\" width=\"150\">600X1600 mm<\/td>\n<td class=\"kso54\" width=\"150\">600X1600 mm<\/td>\n<\/tr>\n<tr>\n<td class=\"kso55\" width=\"169\">Qtd. de tela<\/td>\n<td class=\"kso56\" width=\"148\">1 pe\u00e7a<\/td>\n<td class=\"kso57\" width=\"148\">1 pe\u00e7a<\/td>\n<td class=\"kso58\" width=\"150\">1 pe\u00e7a<\/td>\n<td class=\"kso59\" width=\"150\">1 pe\u00e7a<\/td>\n<\/tr>\n<tr>\n<td class=\"kso60\" width=\"169\">\u00c1rea de filtragem<\/td>\n<td class=\"kso61\" width=\"148\">0,70 m\u00b2 (7,8 p\u00e9s\u00b2)<\/td>\n<td class=\"kso62\" width=\"148\">0,70 m\u00b2 (7,8 p\u00e9s\u00b2)<\/td>\n<td class=\"kso63\" width=\"150\">1 m2 (p\u00e9s quadrados)<\/td>\n<td class=\"kso64\" width=\"150\">1 m2 (p\u00e9s quadrados)<\/td>\n<\/tr>\n<tr>\n<td class=\"kso65\" width=\"169\">Tela de malha<\/td>\n<td class=\"kso66\" width=\"148\">API 120\/150\/175<\/td>\n<td class=\"kso67\" width=\"148\">API 120\/150\/175<\/td>\n<td class=\"kso68\" width=\"150\">API 120\/150\/175<\/td>\n<td class=\"kso69\" width=\"150\">API 120\/150\/175<\/td>\n<\/tr>\n<tr>\n<td class=\"kso70\" width=\"169\">Peso<\/td>\n<td class=\"kso71\" width=\"148\">750<\/td>\n<td class=\"kso72\" width=\"148\">950<\/td>\n<td class=\"kso73\" width=\"150\">750<\/td>\n<td class=\"kso74\" width=\"150\">780<\/td>\n<\/tr>\n<tr>\n<td class=\"kso75\" width=\"169\">Dimens\u00e3o<\/td>\n<td class=\"kso76\" width=\"148\">1465x1510x2390<\/td>\n<td class=\"kso77\" width=\"148\">1450x1390x2320<\/td>\n<td class=\"kso78\" width=\"150\">1465x1510x2390<\/td>\n<td class=\"kso79\" width=\"150\">1465x1510x2390<\/td>\n<\/tr>\n<tr>\n<td class=\"kso80\" width=\"169\">Tens\u00e3o<\/td>\n<td class=\"kso81\" colspan=\"4\" width=\"597\">220-240 V\/ 50 Hz, 380-415 V\/ 50 Hz, 440-480 V\/ 60 Hz, 575-600 V\/ 60 Hz<\/td>\n<\/tr>\n<tr>\n<td class=\"kso85\" width=\"169\">Aprova\u00e7\u00f5es<\/td>\n<td class=\"kso86\" colspan=\"4\" width=\"597\">UL\/ATEX\/BV\/IADC\/JAS-ANZ ISO 9001:2015<\/td>\n<\/tr>\n<\/tbody>\n<\/table>\n<\/div>\n<\/section>\n<\/div>\n<section class=\"av_textblock_section\">\n<div class=\"avia_textblock\">\n<h2>DESANDER<\/h2>\n<p>\u00c9 um equipamento utilizado para separar a areia e a fenda do fluido de perfura\u00e7\u00e3o. \u00c9 utilizado especialmente em obras de constru\u00e7\u00e3o civil. Geralmente, \u00e9 instalado pelos construtores na parte superior do tanque de lama para separar a areia e a fenda do fluido utilizado na perfura\u00e7\u00e3o.<\/p>\n<h2>RECURSOS PARA OBSERVAR:<\/h2>\n<p>O Desareador possui diversas caracter\u00edsticas que o tornam ben\u00e9fico para a constru\u00e7\u00e3o civil. Algumas das melhores caracter\u00edsticas do nosso desareador s\u00e3o apresentadas abaixo.<\/p>\n<p><strong>No total, existem quatro modelos de desareadores dispon\u00edveis para compra. Os modelos dispon\u00edveis s\u00e3o ABZJ101-1S, ABZJ101-2S, ABCSQ250-1S e ABCSQ250-2S.<\/strong><\/p>\n<p><strong>Possui capacidade maior para cada modelo, por\u00e9m varia. A capacidade dos modelos ABZJ101-1S e ABCSQ250-1S \u00e9 menor ou igual a 120 m\u00b3\/h (528 GPM).<\/strong><\/p>\n<p><strong>Possui uma enorme for\u00e7a de sa\u00edda que pode torn\u00e1-lo mais eficiente durante a constru\u00e7\u00e3o.\u00a0<\/strong><\/p>\n<p><strong>O tamanho da tela de cada modelo \u00e9 grande, em torno de 585\u00d71165 mm e 600\u00d71600 mm.\u00a0<\/strong><\/p>\n<p><strong>A quantidade de tela para todos os modelos de desareador \u00e9 de 1 pe\u00e7a.\u00a0<\/strong><\/p>\n<p><strong>Ele pode funcionar em tens\u00f5es moderadas e altas, dependendo do modelo que voc\u00ea estiver usando.\u00a0<\/strong><\/p>\n<p><strong>Este \u00e9 um produto aprovado que tornar\u00e1 nossa experi\u00eancia de constru\u00e7\u00e3o conveniente.\u00a0<\/strong><\/p>\n<p><strong>O peso m\u00ednimo do desander \u00e9 750 e o m\u00e1ximo \u00e9 950.\u00a0<\/strong><\/p>\n<p><strong>A temperatura na qual voc\u00ea deve operar \u00e9 30\u00b0C ou 86\u00b0F.\u00a0<\/strong><\/p>\n<p><strong>Ao utilizar o desaerador, voc\u00ea receber\u00e1 dados de ru\u00eddo de cerca de 75-85 dBA.<\/strong><\/p>\n<p><strong>Para cada um dos modelos, a faixa de projeto \u00e9 de -40-50\u00b0C.\u00a0<\/strong><\/p>\n<h2>BENEF\u00cdCIOS DE USAR NOSSO DESANDRO<\/h2>\n<p><strong>Ele n\u00e3o pesa muito, o que significa que ser\u00e1 pr\u00e1tico de usar.\u00a0<\/strong><\/p>\n<p><strong>Temos 4 modelos dispon\u00edveis que lhe d\u00e3o a liberdade de escolher o modelo da sua prefer\u00eancia.\u00a0<\/strong><\/p>\n<p><strong>A for\u00e7a de sa\u00edda \u00e9 melhor, permitindo que voc\u00ea conclua seu trabalho de constru\u00e7\u00e3o em menos tempo e com qualidade.\u00a0<\/strong><\/p>\n<p><strong>Os dados de ru\u00eddo s\u00e3o mantidos dentro do intervalo; isso significa que n\u00e3o causar\u00e3o polui\u00e7\u00e3o sonora excessiva.\u00a0<\/strong><\/p>\n<p><strong>Para cada modelo, h\u00e1 uma bomba correspondente com grande efici\u00eancia para facilitar seu trabalho.\u00a0<\/strong><\/p>\n<p><strong>Ele pode trabalhar em tens\u00f5es baixas a altas, o que significa que voc\u00ea pode trabalhar em qualquer lugar com tens\u00e3o dispon\u00edvel.\u00a0<\/strong><\/p>\n<p><strong>O desareador que fornecemos \u00e9 aprovado, o que significa que \u00e9 muito eficiente e tem uma das melhores qualidades.\u00a0<\/strong><\/p>\n<h3>Considera\u00e7\u00f5es finais<\/h3>\n<p>Oferecemos 4 modelos diferentes de desareadores, que prometem qualidade e os melhores recursos. Voc\u00ea pode escolher o desareador de sua prefer\u00eancia, analisando suas caracter\u00edsticas e benef\u00edcios de acordo com suas necessidades.<\/p>\n<p>Confira\u00a0<a href=\"https:\/\/solidscontrolworld.com\/pt\/centrifuga-decantadora\/\">Decantador<\/a> da nossa loja.<\/p>\n<\/div>\n<\/section>\n<\/div>\n<\/div>\n<aside class=\"sidebar sidebar_right alpha units\" role=\"complementary\">\n<div class=\"inner_sidebar extralight-border\">\n<section id=\"text-2\" class=\"widget clearfix widget_text\">\n<h3 class=\"widgettitle\">ESCRIT\u00d3RIO<\/h3>\n<div class=\"textwidget\">\n<p><strong>Endere\u00e7o:<\/strong><\/p>\n<p>Sala 1924, Bloco D, Pra\u00e7a Wanda, cidade de Tangshan, China.<\/p>\n<p><strong>Contato<\/strong><\/p>\n<p>info@solidscontrolworld.com<\/p>\n<p><strong>Telefone:<\/strong><\/p>\n<p>+86-18034158133<\/p>\n<p><strong>Fax:<\/strong><\/p>\n<p>+86-315-7651760<\/p>\n<p>Site: www.solidscontrolworld.com<\/p>\n<p><strong>Hor\u00e1rio de funcionamento:<\/strong><br \/>\nSeg-Sex: 8:00-17:30<\/p>\n<\/div>\n<\/section>\n<section id=\"listcategorypostswidget-2\" class=\"widget clearfix widget_listcategorypostswidget\">\n<h3 class=\"widgettitle\"><\/h3>\n<ul id=\"lcp_instance_listcategorypostswidget-2\" class=\"lcp_catlist\"><\/ul>\n<\/section>\n<section id=\"avia_partner_widget-2\" class=\"widget clearfix avia_partner_widget\"><\/section>\n<\/div>\n<\/aside>","protected":false},"excerpt":{"rendered":"<h3 class=\"widgettitle\">ESCRIT\u00d3RIO<\/h3>\n<div class=\"textwidget\">\n<p><strong>Endere\u00e7o:<\/strong><\/p>\n<p>Sala 1924, Bloco D, Pra\u00e7a Wanda, cidade de Tangshan, China.<\/p>\n<p><strong>Contato<\/strong><\/p>\n<p>info@solidscontrolworld.com<\/p>\n<p><strong>Telefone:<\/strong><\/p>\n<p>+86-18034158133<\/p>\n<p><strong>Fax:<\/strong><\/p>\n<p>+86-315-7651760<\/p>\n<p>Site: www.solidscontrolworld.com<\/p>\n<p><strong>Hor\u00e1rio de funcionamento:<\/strong><br \/>\nSeg-Sex: 8:00-17:30<\/p>\n<\/div>","protected":false},"featured_media":1397,"comment_status":"open","ping_status":"closed","template":"","meta":{"_seopress_robots_primary_cat":"none","_seopress_titles_title":"","_seopress_titles_desc":"","_seopress_robots_index":""},"product_brand":[],"product_cat":[57],"product_tag":[],"class_list":{"0":"post-1396","1":"product","2":"type-product","3":"status-publish","4":"has-post-thumbnail","6":"product_cat-solids-control-equipments","8":"first","9":"instock","10":"shipping-taxable","11":"product-type-simple"},"yoast_head":"<!-- This site is optimized with the Yoast SEO plugin v27.4 - https:\/\/yoast.com\/product\/yoast-seo-wordpress\/ -->\n<title>Desander - Solids Control World<\/title>\n<meta name=\"robots\" content=\"index, follow, max-snippet:-1, max-image-preview:large, max-video-preview:-1\" \/>\n<link rel=\"canonical\" href=\"https:\/\/solidscontrolworld.com\/pt\/product\/desander\/\" \/>\n<meta property=\"og:locale\" content=\"pt_BR\" \/>\n<meta property=\"og:type\" content=\"article\" \/>\n<meta property=\"og:title\" content=\"Desander - Solids Control World\" \/>\n<meta property=\"og:description\" content=\"OFFICE   Address:  Room 1924 ,Block D ,Wanda plaza, Tangshan city,\u00a0 China.  Contact  info@solidscontrolworld.com  Tel:  +86-18034158133  Fax:  +86-315-7651760  Website:www.solidscontrolworld.com  Opening Hours: Mon-Fri: 8:00-17:30\" \/>\n<meta property=\"og:url\" content=\"https:\/\/solidscontrolworld.com\/pt\/product\/desander\/\" \/>\n<meta property=\"og:site_name\" content=\"Solids Control World\" \/>\n<meta property=\"article:modified_time\" content=\"2022-08-24T04:55:25+00:00\" \/>\n<meta property=\"og:image\" content=\"https:\/\/solidscontrolworld.com\/wp-content\/uploads\/2021\/05\/\u7a3f\u5b9a\u8bbe\u8ba1-20-1-300x193-1.png\" \/>\n\t<meta property=\"og:image:width\" content=\"300\" \/>\n\t<meta property=\"og:image:height\" content=\"193\" \/>\n\t<meta property=\"og:image:type\" content=\"image\/png\" \/>\n<meta name=\"twitter:card\" content=\"summary_large_image\" \/>\n<meta name=\"twitter:label1\" content=\"Est. tempo de leitura\" \/>\n\t<meta name=\"twitter:data1\" content=\"3 minutos\" \/>\n<!-- \/ Yoast SEO plugin. -->","yoast_head_json":{"title":"Desander - Mundo de Controle de S\u00f3lidos","robots":{"index":"index","follow":"follow","max-snippet":"max-snippet:-1","max-image-preview":"max-image-preview:large","max-video-preview":"max-video-preview:-1"},"canonical":"https:\/\/solidscontrolworld.com\/pt\/product\/desander\/","og_locale":"pt_BR","og_type":"article","og_title":"Desander - Solids Control World","og_description":"OFFICE   Address:  Room 1924 ,Block D ,Wanda plaza, Tangshan city,\u00a0 China.  Contact  info@solidscontrolworld.com  Tel:  +86-18034158133  Fax:  +86-315-7651760  Website:www.solidscontrolworld.com  Opening Hours: Mon-Fri: 8:00-17:30","og_url":"https:\/\/solidscontrolworld.com\/pt\/product\/desander\/","og_site_name":"Solids Control World","article_modified_time":"2022-08-24T04:55:25+00:00","og_image":[{"width":300,"height":193,"url":"https:\/\/solidscontrolworld.com\/wp-content\/uploads\/2021\/05\/\u7a3f\u5b9a\u8bbe\u8ba1-20-1-300x193-1.png","type":"image\/png"}],"twitter_card":"summary_large_image","twitter_misc":{"Est. tempo de leitura":"3 minutos"},"schema":{"@context":"https:\/\/schema.org","@graph":[{"@type":"WebPage","@id":"https:\/\/solidscontrolworld.com\/product\/desander\/","url":"https:\/\/solidscontrolworld.com\/product\/desander\/","name":"Desander - Mundo de Controle de S\u00f3lidos","isPartOf":{"@id":"https:\/\/solidscontrolworld.com\/#website"},"primaryImageOfPage":{"@id":"https:\/\/solidscontrolworld.com\/product\/desander\/#primaryimage"},"image":{"@id":"https:\/\/solidscontrolworld.com\/product\/desander\/#primaryimage"},"thumbnailUrl":"https:\/\/solidscontrolworld.com\/wp-content\/uploads\/2021\/05\/\u7a3f\u5b9a\u8bbe\u8ba1-20-1-300x193-1.png","datePublished":"2021-05-05T13:57:10+00:00","dateModified":"2022-08-24T04:55:25+00:00","breadcrumb":{"@id":"https:\/\/solidscontrolworld.com\/product\/desander\/#breadcrumb"},"inLanguage":"pt-BR","potentialAction":[{"@type":"ReadAction","target":["https:\/\/solidscontrolworld.com\/product\/desander\/"]}]},{"@type":"ImageObject","inLanguage":"pt-BR","@id":"https:\/\/solidscontrolworld.com\/product\/desander\/#primaryimage","url":"https:\/\/solidscontrolworld.com\/wp-content\/uploads\/2021\/05\/\u7a3f\u5b9a\u8bbe\u8ba1-20-1-300x193-1.png","contentUrl":"https:\/\/solidscontrolworld.com\/wp-content\/uploads\/2021\/05\/\u7a3f\u5b9a\u8bbe\u8ba1-20-1-300x193-1.png","width":300,"height":193},{"@type":"BreadcrumbList","@id":"https:\/\/solidscontrolworld.com\/product\/desander\/#breadcrumb","itemListElement":[{"@type":"ListItem","position":1,"name":"Home","item":"https:\/\/solidscontrolworld.com\/"},{"@type":"ListItem","position":2,"name":"Products","item":"https:\/\/solidscontrolworld.com\/shop\/"},{"@type":"ListItem","position":3,"name":"Desander"}]},{"@type":"WebSite","@id":"https:\/\/solidscontrolworld.com\/#website","url":"https:\/\/solidscontrolworld.com\/","name":"Mundo de controle de s\u00f3lidos","description":"","publisher":{"@id":"https:\/\/solidscontrolworld.com\/#\/schema\/person\/2c126362537c0f0e6d4a8dfba9fc68b0"},"potentialAction":[{"@type":"SearchAction","target":{"@type":"EntryPoint","urlTemplate":"https:\/\/solidscontrolworld.com\/?s={search_term_string}"},"query-input":{"@type":"PropertyValueSpecification","valueRequired":true,"valueName":"search_term_string"}}],"inLanguage":"pt-BR"},{"@type":["Person","Organization"],"@id":"https:\/\/solidscontrolworld.com\/#\/schema\/person\/2c126362537c0f0e6d4a8dfba9fc68b0","name":"mundo de controle de s\u00f3lidos","logo":{"@id":"https:\/\/solidscontrolworld.com\/#\/schema\/person\/image\/"},"sameAs":["https:\/\/solidscontrolworld.com"]}]}},"_links":{"self":[{"href":"https:\/\/solidscontrolworld.com\/pt\/wp-json\/wp\/v2\/product\/1396","targetHints":{"allow":["GET"]}}],"collection":[{"href":"https:\/\/solidscontrolworld.com\/pt\/wp-json\/wp\/v2\/product"}],"about":[{"href":"https:\/\/solidscontrolworld.com\/pt\/wp-json\/wp\/v2\/types\/product"}],"replies":[{"embeddable":true,"href":"https:\/\/solidscontrolworld.com\/pt\/wp-json\/wp\/v2\/comments?post=1396"}],"version-history":[{"count":0,"href":"https:\/\/solidscontrolworld.com\/pt\/wp-json\/wp\/v2\/product\/1396\/revisions"}],"wp:featuredmedia":[{"embeddable":true,"href":"https:\/\/solidscontrolworld.com\/pt\/wp-json\/wp\/v2\/media\/1397"}],"wp:attachment":[{"href":"https:\/\/solidscontrolworld.com\/pt\/wp-json\/wp\/v2\/media?parent=1396"}],"wp:term":[{"taxonomy":"product_brand","embeddable":true,"href":"https:\/\/solidscontrolworld.com\/pt\/wp-json\/wp\/v2\/product_brand?post=1396"},{"taxonomy":"product_cat","embeddable":true,"href":"https:\/\/solidscontrolworld.com\/pt\/wp-json\/wp\/v2\/product_cat?post=1396"},{"taxonomy":"product_tag","embeddable":true,"href":"https:\/\/solidscontrolworld.com\/pt\/wp-json\/wp\/v2\/product_tag?post=1396"}],"curies":[{"name":"wp","href":"https:\/\/api.w.org\/{rel}","templated":true}]}}