{"id":1398,"date":"2021-05-05T13:59:37","date_gmt":"2021-05-05T13:59:37","guid":{"rendered":"https:\/\/solidscontrolworld.com\/?post_type=product&#038;p=1398"},"modified":"2022-08-24T05:02:37","modified_gmt":"2022-08-24T05:02:37","slug":"desilter","status":"publish","type":"product","link":"https:\/\/solidscontrolworld.com\/pt\/product\/desilter\/","title":{"rendered":"Desilter"},"content":{"rendered":"<div class=\"flex_column av_one_full flex_column_div av-zero-column-padding first avia-builder-el-3 el_after_av_one_full el_before_av_textblock column-top-margin\">\n<section class=\"av_textblock_section\">\n<div class=\"avia_textblock\">\n<table border=\"0\" width=\"730\" cellspacing=\"0\" cellpadding=\"0\">\n<tbody>\n<tr>\n<td class=\"kso0\" width=\"135\">Modelo<\/td>\n<td class=\"kso1\" width=\"144\">ABZJ101-8N<\/td>\n<td class=\"kso2\" width=\"152\">ABZJ101-12N<\/td>\n<td class=\"kso3\" width=\"146\">ABCNQ100-8N<\/td>\n<td class=\"kso4\" width=\"151\">ABCNQ100-12N<\/td>\n<\/tr>\n<tr>\n<td class=\"kso5\" width=\"135\">Capacidade<\/td>\n<td class=\"kso6\" width=\"144\">120 m3\/h (528 GPM)<\/td>\n<td class=\"kso7\" width=\"152\">240 m3\/h (1056 GPM)<\/td>\n<td class=\"kso8\" width=\"146\">120 m3\/h (528 GPM)<\/td>\n<td class=\"kso9\" width=\"151\">240 m3\/h (1056 GPM)<\/td>\n<\/tr>\n<tr>\n<td class=\"kso10\" width=\"135\">D-SANDER<\/td>\n<td class=\"kso11\" width=\"144\">N \/ D<\/td>\n<td class=\"kso12\" width=\"152\">N \/ D<\/td>\n<td class=\"kso13\" width=\"146\">N \/ D<\/td>\n<td class=\"kso14\" width=\"151\">N \/ D<\/td>\n<\/tr>\n<tr>\n<td class=\"kso15\" width=\"135\">D-SILTER<\/td>\n<td class=\"kso16\" width=\"144\">8\u00d74\u2033 (100 mm)<\/td>\n<td class=\"kso17\" width=\"152\">12\u00d74\u2033 (100 mm)<\/td>\n<td class=\"kso18\" width=\"146\">8\u00d74\u2033 (100 mm)<\/td>\n<td class=\"kso19\" width=\"151\">12\u00d74\u2033 (100 mm)<\/td>\n<\/tr>\n<tr>\n<td class=\"kso20\" width=\"135\">Bomba de Combina\u00e7\u00e3o<\/td>\n<td class=\"kso21\" width=\"144\">30 kW<\/td>\n<td class=\"kso22\" width=\"152\">55 kW<\/td>\n<td class=\"kso23\" width=\"146\">30 kW<\/td>\n<td class=\"kso24\" width=\"151\">55 kW<\/td>\n<\/tr>\n<tr>\n<td class=\"kso25\" width=\"135\">Sa\u00edda nominal dos motores<\/td>\n<td class=\"kso26\" width=\"144\">0,4 kW (0,53 cv) x2 (OLI)<\/td>\n<td class=\"kso27\" width=\"152\">00,4 kW (0,53 cv) x2 (OLI)<\/td>\n<td class=\"kso28\" width=\"146\">0,4 kW (0,53 cv) X1 (OLI)<\/td>\n<td class=\"kso29\" width=\"151\">0,4 kW (0,53 cv) X1 (OLI))<\/td>\n<\/tr>\n<tr>\n<td class=\"kso30\" width=\"135\">For\u00e7a de sa\u00edda<\/td>\n<td class=\"kso31\" width=\"144\">\u22647,0 Gs<\/td>\n<td class=\"kso32\" width=\"152\">\u22647,0 Gs<\/td>\n<td class=\"kso33\" width=\"146\">\u22646,5 Gs<\/td>\n<td class=\"kso34\" width=\"151\">\u22646,5 Gs<\/td>\n<\/tr>\n<tr>\n<td class=\"kso35\" width=\"135\">Operacional<\/td>\n<td class=\"kso36\" width=\"144\">30\u00b0C (86\u00b0F)<\/td>\n<td class=\"kso37\" width=\"152\">30\u00b0C (86\u00b0F)<\/td>\n<td class=\"kso38\" width=\"146\">30\u00b0C (86\u00b0F)<\/td>\n<td class=\"kso39\" width=\"151\">30\u00b0C (86\u00b0F)<\/td>\n<\/tr>\n<tr>\n<td class=\"kso40\" width=\"135\">Faixa de design<\/td>\n<td class=\"kso41\" width=\"144\">-40-50\u00b0C (-40-122\u00b0F)<\/td>\n<td class=\"kso42\" width=\"152\">-40-50\u00b0C (-40-122\u00b0F)<\/td>\n<td class=\"kso43\" width=\"146\">-40-50\u00b0C (-40-122\u00b0F)<\/td>\n<td class=\"kso44\" width=\"151\">-40-50\u00b0C (-40-122\u00b0F)<\/td>\n<\/tr>\n<tr>\n<td class=\"kso45\" width=\"135\">Dados de ru\u00eddo<\/td>\n<td class=\"kso46\" width=\"144\">75-85 dBA<\/td>\n<td class=\"kso47\" width=\"152\">75-85 dBA<\/td>\n<td class=\"kso48\" width=\"146\">75-85 dBA<\/td>\n<td class=\"kso49\" width=\"151\">75-85 dBA<\/td>\n<\/tr>\n<tr>\n<td class=\"kso50\" width=\"135\">Tamanho da tela<\/td>\n<td class=\"kso51\" width=\"144\">585\u00d71165 mm<\/td>\n<td class=\"kso52\" width=\"152\">585\u00d71165 mm<\/td>\n<td class=\"kso53\" width=\"146\">600X1600 mm<\/td>\n<td class=\"kso54\" width=\"151\">600X1600 mm<\/td>\n<\/tr>\n<tr>\n<td class=\"kso55\" width=\"135\">Qtd. de tela<\/td>\n<td class=\"kso56\" width=\"144\">1 pe\u00e7a<\/td>\n<td class=\"kso57\" width=\"152\">1 pe\u00e7a<\/td>\n<td class=\"kso58\" width=\"146\">1 pe\u00e7a<\/td>\n<td class=\"kso59\" width=\"151\">1 pe\u00e7a<\/td>\n<\/tr>\n<tr>\n<td class=\"kso60\" width=\"135\">\u00c1rea de filtragem<\/td>\n<td class=\"kso61\" width=\"144\">0,70 m\u00b2 (7,8 p\u00e9s\u00b2)<\/td>\n<td class=\"kso62\" width=\"152\">0,70 m\u00b2 (7,8 p\u00e9s\u00b2)<\/td>\n<td class=\"kso63\" width=\"146\">1 m2 (p\u00e9s quadrados)<\/td>\n<td class=\"kso64\" width=\"151\">1 m2 (p\u00e9s quadrados)<\/td>\n<\/tr>\n<tr>\n<td class=\"kso65\" width=\"135\">Tela de malha<\/td>\n<td class=\"kso66\" width=\"144\">API 150\/175<\/td>\n<td class=\"kso67\" width=\"152\">API 150\/175<\/td>\n<td class=\"kso68\" width=\"146\">API 150\/175<\/td>\n<td class=\"kso69\" width=\"151\">API 150\/175<\/td>\n<\/tr>\n<tr>\n<td class=\"kso70\" width=\"135\">Peso<\/td>\n<td class=\"kso71\" width=\"144\">660<\/td>\n<td class=\"kso72\" width=\"152\">900<\/td>\n<td class=\"kso73\" width=\"146\">660<\/td>\n<td class=\"kso74\" width=\"151\">700<\/td>\n<\/tr>\n<tr>\n<td class=\"kso75\" width=\"135\">Dimens\u00e3o<\/td>\n<td class=\"kso76\" width=\"144\">1450x1390x1810<\/td>\n<td class=\"kso77\" width=\"152\">1450x1390x1810<\/td>\n<td class=\"kso78\" width=\"146\">1465x1550x1960<\/td>\n<td class=\"kso79\" width=\"151\">1465x1550x1960<\/td>\n<\/tr>\n<tr>\n<td class=\"kso80\" width=\"135\">Tens\u00e3o<\/td>\n<td class=\"kso81\" colspan=\"4\" width=\"594\">220-240 V\/ 50 Hz, 380-415 V\/ 50 Hz, 440-480 V\/ 60 Hz, 575-600 V\/ 60 Hz<\/td>\n<\/tr>\n<tr>\n<td class=\"kso85\" width=\"135\">Aprova\u00e7\u00f5es<\/td>\n<td class=\"kso86\" colspan=\"4\" width=\"594\">UL\/ATEX\/BV\/IADC\/JAS-ANZ ISO 9001:2015<\/td>\n<\/tr>\n<\/tbody>\n<\/table>\n<\/div>\n<\/section>\n<\/div>\n<section class=\"av_textblock_section\">\n<div class=\"avia_textblock\">\n<h2>DESILTER<\/h2>\n<p>Pessoas ligadas \u00e0 constru\u00e7\u00e3o civil ou que trabalham em ind\u00fastrias devem conhecer a import\u00e2ncia do dessiltador. O dessiltador \u00e9 um hidrociclone usado para separar as part\u00edculas de areia umas das outras.<\/p>\n<h2>CARACTER\u00cdSTICAS DO DESILTER<\/h2>\n<p>Existem v\u00e1rios recursos que voc\u00ea pode obter com nosso fabricante Desilters. Vamos dar uma olhada em alguns dos recursos mais importantes.<\/p>\n<h3>Variedade de modelos<\/h3>\n<p>Voc\u00ea pode adquirir diversos modelos de dessiltadores conosco. Oferecemos quatro modelos importantes para quem busca excel\u00eancia em seu trabalho industrial. Voc\u00ea pode comprar de acordo com suas necessidades e requisitos, dependendo do local de trabalho e tamb\u00e9m do tipo de areia utilizada.<\/p>\n<h3>Capacidade e for\u00e7a de sa\u00edda<\/h3>\n<p>Um desiltador de grande capacidade \u00e9 considerado o melhor. Cada um dos nossos modelos oferece uma grande capacidade, o que torna o seu trabalho pr\u00e1tico e f\u00e1cil. O rendimento \u00e9 excelente em todos os modelos, o que permite separar perfeitamente todas as part\u00edculas de areia.<\/p>\n<h3>Peso do desilter<\/h3>\n<p>Cada modelo tem um peso diferente, mas s\u00e3o mais leves em compara\u00e7\u00e3o com outros dessiltadores. O peso menor os torna muito pr\u00e1ticos de manusear. Voc\u00ea pode us\u00e1-los facilmente em qualquer lugar e tamb\u00e9m carreg\u00e1-los com voc\u00ea.<\/p>\n<h3>Bomba correspondente<\/h3>\n<p>\u00c9 essencial ter uma bomba perfeitamente adequada para uma dessiltadora. Oferecemos bombas de 30 kW em dois modelos da nossa dessiltadora. No entanto, os outros dois modelos v\u00eam com uma bomba de 55 kW.<\/p>\n<h3>Dados de ru\u00eddo<\/h3>\n<p>Os dados de ru\u00eddo para cada desiltador s\u00e3o de 75 a 85 dBA, o que n\u00e3o causar\u00e1 muita polui\u00e7\u00e3o sonora. Tamb\u00e9m ser\u00e1 f\u00e1cil trabalhar enquanto o desiltador estiver em opera\u00e7\u00e3o.<\/p>\n<h3>Benef\u00edcios do Desilter:<\/h3>\n<p>H\u00e1 muitos benef\u00edcios em usar um desilter, especialmente se voc\u00ea trabalha em uma ind\u00fastria. Alguns dos benef\u00edcios que voc\u00ea pode obter ao usar nosso desilter fabricado est\u00e3o descritos abaixo.<\/p>\n<p>Eles s\u00e3o muito acess\u00edveis; voc\u00ea pode obt\u00ea-los por um pre\u00e7o acess\u00edvel.<\/p>\n<p><strong>Nossos desiltadores fornecer\u00e3o servi\u00e7os de n\u00edvel de excel\u00eancia.\u00a0<\/strong><\/p>\n<p><strong>Eles s\u00e3o especialmente projetados para canteiros de obras e industriais<\/strong><\/p>\n<p><strong>Eles ajudar\u00e3o voc\u00ea a separar part\u00edculas de areia pequenas e grandes de forma muito eficaz.<\/strong><\/p>\n<p><strong>Eles t\u00eam menos dados de ru\u00eddo comparativamente, o que \u00e9 saud\u00e1vel para o meio ambiente<\/strong><\/p>\n<p><strong>Voc\u00ea obter\u00e1 uma grande for\u00e7a de sa\u00edda ao usar nossos desilters.\u00a0<\/strong><\/p>\n<h2>\u00a0CONCLUS\u00c3O<\/h2>\n<p>Fabricamos os melhores dessiltadores, especialmente projetados para empresas industriais e de constru\u00e7\u00e3o. Algumas das caracter\u00edsticas e benef\u00edcios mais importantes do nosso produto est\u00e3o descritos acima.<\/p>\n<\/div>\n<\/section>","protected":false},"excerpt":{"rendered":"<section id=\"text-2\" class=\"widget clearfix widget_text\">\n<h3 class=\"widgettitle\">ESCRIT\u00d3RIO<\/h3>\n<div class=\"textwidget\">\n<p><strong>Endere\u00e7o:<\/strong><\/p>\n<p>Sala 1924, Bloco D, Pra\u00e7a Wanda, cidade de Tangshan, China.<\/p>\n<p><strong>Contato<\/strong><\/p>\n<p>info@solidscontrolworld.com<\/p>\n<p><strong>Telefone:<\/strong><\/p>\n<p>+86-18034158133<\/p>\n<p><strong>Fax:<\/strong><\/p>\n<p>+86-315-7651760<\/p>\n<p>Site: www.solidscontrolworld.com<\/p>\n<p><strong>Hor\u00e1rio de funcionamento:<\/strong><br \/>\nSeg-Sex: 8:00-17:30<\/p>\n<\/div>\n<\/section>","protected":false},"featured_media":1399,"comment_status":"open","ping_status":"closed","template":"","meta":{"_seopress_robots_primary_cat":"none","_seopress_titles_title":"","_seopress_titles_desc":"","_seopress_robots_index":""},"product_brand":[],"product_cat":[57],"product_tag":[],"class_list":{"0":"post-1398","1":"product","2":"type-product","3":"status-publish","4":"has-post-thumbnail","6":"product_cat-solids-control-equipments","8":"first","9":"instock","10":"shipping-taxable","11":"product-type-simple"},"yoast_head":"<!-- This site is optimized with the Yoast SEO plugin v25.1 - https:\/\/yoast.com\/wordpress\/plugins\/seo\/ -->\n<title>Desilter - Solids Control World<\/title>\n<meta name=\"robots\" content=\"index, follow, max-snippet:-1, max-image-preview:large, max-video-preview:-1\" \/>\n<link rel=\"canonical\" href=\"https:\/\/solidscontrolworld.com\/pt\/product\/desilter\/\" \/>\n<meta property=\"og:locale\" content=\"pt_BR\" \/>\n<meta property=\"og:type\" content=\"article\" \/>\n<meta property=\"og:title\" content=\"Desilter - Solids Control World\" \/>\n<meta property=\"og:description\" content=\"OFFICE   Address:  Room 1924 ,Block D ,Wanda plaza, Tangshan city,\u00a0 China.  Contact  info@solidscontrolworld.com  Tel:  +86-18034158133  Fax:  +86-315-7651760  Website:www.solidscontrolworld.com  Opening Hours: Mon-Fri: 8:00-17:30\" \/>\n<meta property=\"og:url\" content=\"https:\/\/solidscontrolworld.com\/pt\/product\/desilter\/\" \/>\n<meta property=\"og:site_name\" content=\"Solids Control World\" \/>\n<meta property=\"article:modified_time\" content=\"2022-08-24T05:02:37+00:00\" \/>\n<meta property=\"og:image\" content=\"https:\/\/solidscontrolworld.com\/wp-content\/uploads\/2021\/05\/desilter-300x300-1.jpg\" \/>\n\t<meta property=\"og:image:width\" content=\"300\" \/>\n\t<meta property=\"og:image:height\" content=\"300\" \/>\n\t<meta property=\"og:image:type\" content=\"image\/jpeg\" \/>\n<meta name=\"twitter:card\" content=\"summary_large_image\" \/>\n<meta name=\"twitter:label1\" content=\"Est. tempo de leitura\" \/>\n\t<meta name=\"twitter:data1\" content=\"3 minutos\" \/>\n<!-- \/ Yoast SEO plugin. -->","yoast_head_json":{"title":"Desilter - Controle de S\u00f3lidos do Mundo","robots":{"index":"index","follow":"follow","max-snippet":"max-snippet:-1","max-image-preview":"max-image-preview:large","max-video-preview":"max-video-preview:-1"},"canonical":"https:\/\/solidscontrolworld.com\/pt\/product\/desilter\/","og_locale":"pt_BR","og_type":"article","og_title":"Desilter - Solids Control World","og_description":"OFFICE   Address:  Room 1924 ,Block D ,Wanda plaza, Tangshan city,\u00a0 China.  Contact  info@solidscontrolworld.com  Tel:  +86-18034158133  Fax:  +86-315-7651760  Website:www.solidscontrolworld.com  Opening Hours: Mon-Fri: 8:00-17:30","og_url":"https:\/\/solidscontrolworld.com\/pt\/product\/desilter\/","og_site_name":"Solids Control World","article_modified_time":"2022-08-24T05:02:37+00:00","og_image":[{"width":300,"height":300,"url":"https:\/\/solidscontrolworld.com\/wp-content\/uploads\/2021\/05\/desilter-300x300-1.jpg","type":"image\/jpeg"}],"twitter_card":"summary_large_image","twitter_misc":{"Est. tempo de leitura":"3 minutos"},"schema":{"@context":"https:\/\/schema.org","@graph":[{"@type":"WebPage","@id":"https:\/\/solidscontrolworld.com\/product\/desilter\/","url":"https:\/\/solidscontrolworld.com\/product\/desilter\/","name":"Desilter - Controle de S\u00f3lidos do Mundo","isPartOf":{"@id":"https:\/\/solidscontrolworld.com\/#website"},"primaryImageOfPage":{"@id":"https:\/\/solidscontrolworld.com\/product\/desilter\/#primaryimage"},"image":{"@id":"https:\/\/solidscontrolworld.com\/product\/desilter\/#primaryimage"},"thumbnailUrl":"https:\/\/solidscontrolworld.com\/wp-content\/uploads\/2021\/05\/desilter-300x300-1.jpg","datePublished":"2021-05-05T13:59:37+00:00","dateModified":"2022-08-24T05:02:37+00:00","breadcrumb":{"@id":"https:\/\/solidscontrolworld.com\/product\/desilter\/#breadcrumb"},"inLanguage":"pt-BR","potentialAction":[{"@type":"ReadAction","target":["https:\/\/solidscontrolworld.com\/product\/desilter\/"]}]},{"@type":"ImageObject","inLanguage":"pt-BR","@id":"https:\/\/solidscontrolworld.com\/product\/desilter\/#primaryimage","url":"https:\/\/solidscontrolworld.com\/wp-content\/uploads\/2021\/05\/desilter-300x300-1.jpg","contentUrl":"https:\/\/solidscontrolworld.com\/wp-content\/uploads\/2021\/05\/desilter-300x300-1.jpg","width":300,"height":300,"caption":"solids control equipment manufacturer"},{"@type":"BreadcrumbList","@id":"https:\/\/solidscontrolworld.com\/product\/desilter\/#breadcrumb","itemListElement":[{"@type":"ListItem","position":1,"name":"Home","item":"https:\/\/solidscontrolworld.com\/"},{"@type":"ListItem","position":2,"name":"Products","item":"https:\/\/solidscontrolworld.com\/shop\/"},{"@type":"ListItem","position":3,"name":"Desilter"}]},{"@type":"WebSite","@id":"https:\/\/solidscontrolworld.com\/#website","url":"https:\/\/solidscontrolworld.com\/","name":"Mundo de controle de s\u00f3lidos","description":"","publisher":{"@id":"https:\/\/solidscontrolworld.com\/#\/schema\/person\/2c126362537c0f0e6d4a8dfba9fc68b0"},"potentialAction":[{"@type":"SearchAction","target":{"@type":"EntryPoint","urlTemplate":"https:\/\/solidscontrolworld.com\/?s={search_term_string}"},"query-input":{"@type":"PropertyValueSpecification","valueRequired":true,"valueName":"search_term_string"}}],"inLanguage":"pt-BR"},{"@type":["Person","Organization"],"@id":"https:\/\/solidscontrolworld.com\/#\/schema\/person\/2c126362537c0f0e6d4a8dfba9fc68b0","name":"mundo de controle de s\u00f3lidos","logo":{"@id":"https:\/\/solidscontrolworld.com\/#\/schema\/person\/image\/"},"sameAs":["https:\/\/solidscontrolworld.com"]}]}},"_links":{"self":[{"href":"https:\/\/solidscontrolworld.com\/pt\/wp-json\/wp\/v2\/product\/1398","targetHints":{"allow":["GET"]}}],"collection":[{"href":"https:\/\/solidscontrolworld.com\/pt\/wp-json\/wp\/v2\/product"}],"about":[{"href":"https:\/\/solidscontrolworld.com\/pt\/wp-json\/wp\/v2\/types\/product"}],"replies":[{"embeddable":true,"href":"https:\/\/solidscontrolworld.com\/pt\/wp-json\/wp\/v2\/comments?post=1398"}],"version-history":[{"count":0,"href":"https:\/\/solidscontrolworld.com\/pt\/wp-json\/wp\/v2\/product\/1398\/revisions"}],"wp:featuredmedia":[{"embeddable":true,"href":"https:\/\/solidscontrolworld.com\/pt\/wp-json\/wp\/v2\/media\/1399"}],"wp:attachment":[{"href":"https:\/\/solidscontrolworld.com\/pt\/wp-json\/wp\/v2\/media?parent=1398"}],"wp:term":[{"taxonomy":"product_brand","embeddable":true,"href":"https:\/\/solidscontrolworld.com\/pt\/wp-json\/wp\/v2\/product_brand?post=1398"},{"taxonomy":"product_cat","embeddable":true,"href":"https:\/\/solidscontrolworld.com\/pt\/wp-json\/wp\/v2\/product_cat?post=1398"},{"taxonomy":"product_tag","embeddable":true,"href":"https:\/\/solidscontrolworld.com\/pt\/wp-json\/wp\/v2\/product_tag?post=1398"}],"curies":[{"name":"wp","href":"https:\/\/api.w.org\/{rel}","templated":true}]}}